{"id":1683,"date":"2018-01-28T21:43:29","date_gmt":"2018-01-28T21:43:29","guid":{"rendered":"http:\/\/saludyvidastore.com\/product\/vita-candy-multivitamino-para-ninos\/"},"modified":"2018-07-13T23:58:54","modified_gmt":"2018-07-13T23:58:54","slug":"vita-candy-multivitamino-para-ninos","status":"publish","type":"product","link":"https:\/\/saludyvidastore.com\/en\/product\/vita-candy-multivitamino-para-ninos\/","title":{"rendered":"Vita Candy Multivitamino Para Ni\u00f1os"},"content":{"rendered":"<div id=\"content\" style=\"padding-top: 15px; padding-right: 0px; padding-bottom: 0px; padding-left: 0px; margin: 0px;\">\n<div class=\"left\" style=\"padding: 0px; margin: 0px;\">\n<div id=\"post-737\" class=\"post-737 post type-post status-publish format-standard hentry category-productos tag-sistema-inmunologico tag-vitaminas single-post\" style=\"padding: 0px; margin: 0px;\">\n<div class=\"entry\" style=\"padding-top: 0px; padding-right: 240px; padding-bottom: 0px; padding-left: 200px; margin: 0px;\">\n<p style=\"margin-top: 0px; margin-right: 0px; margin-bottom: 20px; margin-left: 0px; padding: 0px;\">&nbsp;<\/p>\n<p><span style=\"font-size: 18pt; color: #ff0000;\">Vita Candy Multivitaminico Para Ni\u00f1os<\/span><\/p>\n<p><span style=\"font-size: 14pt;\"><\/span><br \/><span style=\"font-size: 14pt;\">Multivitam\u00ednico especializado para ni\u00f1os, contiene las vitaminas y minerales necesarios para complementar una sana nutrici\u00f3n, ayudando a fortalecer las defensas, favorecer el crecimiento y la recuperaci\u00f3n de tejidos, as\u00ed como la liberaci\u00f3n de energ\u00eda necesaria para ejercer las actividades diarias propias de la infancia.<\/span><\/p>\n<p><span style=\"font-size: 14pt; color: #00ff00;\">Beneficios:<\/span><\/p>\n<p><span style=\"font-size: 14pt;\">Aporta las vitaminas necesarias para el adecuado crecimiento y desarrollo en los ni\u00f1os.<\/span><br \/><span style=\"font-size: 14pt;\">Mejora la circulaci\u00f3n sangu\u00ednea en los ni\u00f1os.<\/span><br \/><span style=\"font-size: 14pt;\">Incrementa la funci\u00f3n cerebral de los ni\u00f1os mejorando as\u00ed la capacidad de memoria y concentraci\u00f3n.<\/span><br \/><span style=\"font-size: 14pt;\">Complementa la dieta aportando los nutrientes necesarios en ni\u00f1os inapetentes.<\/span><br \/><span style=\"font-size: 14pt;\">Presentaci\u00f3n:<\/span><\/p>\n<p><span style=\"font-size: 14pt;\">90 Ositos de Goma.<\/span><\/p>\n<\/div>\n<\/div>\n<\/div>\n<\/div>\n","protected":false},"excerpt":{"rendered":"<p>Multivitam\u00ednico especializado para ni\u00f1os, contiene las vitaminas y minerales necesarios para complementar una sana nutrici\u00f3n, ayudando a fortalecer las defensas, favorecer el crecimiento y la recuperaci\u00f3n de tejidos, as\u00ed como la liberaci\u00f3n de energ\u00eda necesaria para ejercer las actividades diarias propias de la infancia.<\/p>\n","protected":false},"featured_media":535,"comment_status":"open","ping_status":"closed","template":"","meta":[],"product_cat":[34],"product_tag":[],"acf":[],"yoast_head":"<!-- This site is optimized with the Yoast SEO plugin v18.5.1 - https:\/\/yoast.com\/wordpress\/plugins\/seo\/ -->\n<title>Vita Candy Multivitamino Para Ni\u00f1os - Salud y Vida Store<\/title>\n<meta name=\"robots\" content=\"index, follow, max-snippet:-1, max-image-preview:large, max-video-preview:-1\" \/>\n<link rel=\"canonical\" href=\"https:\/\/saludyvidastore.com\/en\/product\/vita-candy-multivitamino-para-ninos\/\" \/>\n<meta property=\"og:locale\" content=\"en_US\" \/>\n<meta property=\"og:type\" content=\"article\" \/>\n<meta property=\"og:title\" content=\"Vita Candy Multivitamino Para Ni\u00f1os - Salud y Vida Store\" \/>\n<meta property=\"og:description\" content=\"Multivitam\u00ednico especializado para ni\u00f1os, contiene las vitaminas y minerales necesarios para complementar una sana nutrici\u00f3n, ayudando a fortalecer las defensas, favorecer el crecimiento y la recuperaci\u00f3n de tejidos, as\u00ed como la liberaci\u00f3n de energ\u00eda necesaria para ejercer las actividades diarias propias de la infancia.\" \/>\n<meta property=\"og:url\" content=\"https:\/\/saludyvidastore.com\/en\/product\/vita-candy-multivitamino-para-ninos\/\" \/>\n<meta property=\"og:site_name\" content=\"Salud y Vida Store\" \/>\n<meta property=\"article:publisher\" content=\"https:\/\/www.facebook.com\/ArmoniaNaturalDietShop\/\" \/>\n<meta property=\"article:modified_time\" content=\"2018-07-13T23:58:54+00:00\" \/>\n<meta property=\"og:image\" content=\"https:\/\/saludyvidastore.com\/wp-content\/uploads\/2018\/02\/vita-candy-multivitamino-para-ninos_191.jpg\" \/>\n\t<meta property=\"og:image:width\" content=\"200\" \/>\n\t<meta property=\"og:image:height\" content=\"200\" \/>\n\t<meta property=\"og:image:type\" content=\"image\/jpeg\" \/>\n<meta name=\"twitter:card\" content=\"summary_large_image\" \/>\n<meta name=\"twitter:label1\" content=\"Est. reading time\" \/>\n\t<meta name=\"twitter:data1\" content=\"1 minute\" \/>\n<script type=\"application\/ld+json\" class=\"yoast-schema-graph\">{\"@context\":\"https:\/\/schema.org\",\"@graph\":[{\"@type\":\"WebSite\",\"@id\":\"https:\/\/saludyvidastore.com\/#website\",\"url\":\"https:\/\/saludyvidastore.com\/\",\"name\":\"Salud y Vida Store\",\"description\":\"Otro sitio realizado con WordPress\",\"potentialAction\":[{\"@type\":\"SearchAction\",\"target\":{\"@type\":\"EntryPoint\",\"urlTemplate\":\"https:\/\/saludyvidastore.com\/?s={search_term_string}\"},\"query-input\":\"required name=search_term_string\"}],\"inLanguage\":\"en-US\"},{\"@type\":\"ImageObject\",\"@id\":\"https:\/\/saludyvidastore.com\/en\/product\/vita-candy-multivitamino-para-ninos\/#primaryimage\",\"inLanguage\":\"en-US\",\"url\":\"https:\/\/saludyvidastore.com\/wp-content\/uploads\/2018\/02\/vita-candy-multivitamino-para-ninos_191.jpg\",\"contentUrl\":\"https:\/\/saludyvidastore.com\/wp-content\/uploads\/2018\/02\/vita-candy-multivitamino-para-ninos_191.jpg\",\"width\":200,\"height\":200},{\"@type\":\"WebPage\",\"@id\":\"https:\/\/saludyvidastore.com\/en\/product\/vita-candy-multivitamino-para-ninos\/#webpage\",\"url\":\"https:\/\/saludyvidastore.com\/en\/product\/vita-candy-multivitamino-para-ninos\/\",\"name\":\"Vita Candy Multivitamino Para Ni\u00f1os - Salud y Vida Store\",\"isPartOf\":{\"@id\":\"https:\/\/saludyvidastore.com\/#website\"},\"primaryImageOfPage\":{\"@id\":\"https:\/\/saludyvidastore.com\/en\/product\/vita-candy-multivitamino-para-ninos\/#primaryimage\"},\"datePublished\":\"2018-01-28T21:43:29+00:00\",\"dateModified\":\"2018-07-13T23:58:54+00:00\",\"breadcrumb\":{\"@id\":\"https:\/\/saludyvidastore.com\/en\/product\/vita-candy-multivitamino-para-ninos\/#breadcrumb\"},\"inLanguage\":\"en-US\",\"potentialAction\":[{\"@type\":\"ReadAction\",\"target\":[\"https:\/\/saludyvidastore.com\/en\/product\/vita-candy-multivitamino-para-ninos\/\"]}]},{\"@type\":\"BreadcrumbList\",\"@id\":\"https:\/\/saludyvidastore.com\/en\/product\/vita-candy-multivitamino-para-ninos\/#breadcrumb\",\"itemListElement\":[{\"@type\":\"ListItem\",\"position\":1,\"name\":\"Portada\",\"item\":\"https:\/\/saludyvidastore.com\/en\/\"},{\"@type\":\"ListItem\",\"position\":2,\"name\":\"Tienda\",\"item\":\"https:\/\/saludyvidastore.com\/tienda\/\"},{\"@type\":\"ListItem\",\"position\":3,\"name\":\"Vita Candy Multivitamino Para Ni\u00f1os\"}]}]}<\/script>\n<!-- \/ Yoast SEO plugin. -->","yoast_head_json":{"title":"Vita Candy Multivitamino Para Ni\u00f1os - Salud y Vida Store","robots":{"index":"index","follow":"follow","max-snippet":"max-snippet:-1","max-image-preview":"max-image-preview:large","max-video-preview":"max-video-preview:-1"},"canonical":"https:\/\/saludyvidastore.com\/en\/product\/vita-candy-multivitamino-para-ninos\/","og_locale":"en_US","og_type":"article","og_title":"Vita Candy Multivitamino Para Ni\u00f1os - Salud y Vida Store","og_description":"Multivitam\u00ednico especializado para ni\u00f1os, contiene las vitaminas y minerales necesarios para complementar una sana nutrici\u00f3n, ayudando a fortalecer las defensas, favorecer el crecimiento y la recuperaci\u00f3n de tejidos, as\u00ed como la liberaci\u00f3n de energ\u00eda necesaria para ejercer las actividades diarias propias de la infancia.","og_url":"https:\/\/saludyvidastore.com\/en\/product\/vita-candy-multivitamino-para-ninos\/","og_site_name":"Salud y Vida Store","article_publisher":"https:\/\/www.facebook.com\/ArmoniaNaturalDietShop\/","article_modified_time":"2018-07-13T23:58:54+00:00","og_image":[{"width":200,"height":200,"url":"https:\/\/saludyvidastore.com\/wp-content\/uploads\/2018\/02\/vita-candy-multivitamino-para-ninos_191.jpg","type":"image\/jpeg"}],"twitter_card":"summary_large_image","twitter_misc":{"Est. reading time":"1 minute"},"schema":{"@context":"https:\/\/schema.org","@graph":[{"@type":"WebSite","@id":"https:\/\/saludyvidastore.com\/#website","url":"https:\/\/saludyvidastore.com\/","name":"Salud y Vida Store","description":"Otro sitio realizado con WordPress","potentialAction":[{"@type":"SearchAction","target":{"@type":"EntryPoint","urlTemplate":"https:\/\/saludyvidastore.com\/?s={search_term_string}"},"query-input":"required name=search_term_string"}],"inLanguage":"en-US"},{"@type":"ImageObject","@id":"https:\/\/saludyvidastore.com\/en\/product\/vita-candy-multivitamino-para-ninos\/#primaryimage","inLanguage":"en-US","url":"https:\/\/saludyvidastore.com\/wp-content\/uploads\/2018\/02\/vita-candy-multivitamino-para-ninos_191.jpg","contentUrl":"https:\/\/saludyvidastore.com\/wp-content\/uploads\/2018\/02\/vita-candy-multivitamino-para-ninos_191.jpg","width":200,"height":200},{"@type":"WebPage","@id":"https:\/\/saludyvidastore.com\/en\/product\/vita-candy-multivitamino-para-ninos\/#webpage","url":"https:\/\/saludyvidastore.com\/en\/product\/vita-candy-multivitamino-para-ninos\/","name":"Vita Candy Multivitamino Para Ni\u00f1os - Salud y Vida Store","isPartOf":{"@id":"https:\/\/saludyvidastore.com\/#website"},"primaryImageOfPage":{"@id":"https:\/\/saludyvidastore.com\/en\/product\/vita-candy-multivitamino-para-ninos\/#primaryimage"},"datePublished":"2018-01-28T21:43:29+00:00","dateModified":"2018-07-13T23:58:54+00:00","breadcrumb":{"@id":"https:\/\/saludyvidastore.com\/en\/product\/vita-candy-multivitamino-para-ninos\/#breadcrumb"},"inLanguage":"en-US","potentialAction":[{"@type":"ReadAction","target":["https:\/\/saludyvidastore.com\/en\/product\/vita-candy-multivitamino-para-ninos\/"]}]},{"@type":"BreadcrumbList","@id":"https:\/\/saludyvidastore.com\/en\/product\/vita-candy-multivitamino-para-ninos\/#breadcrumb","itemListElement":[{"@type":"ListItem","position":1,"name":"Portada","item":"https:\/\/saludyvidastore.com\/en\/"},{"@type":"ListItem","position":2,"name":"Tienda","item":"https:\/\/saludyvidastore.com\/tienda\/"},{"@type":"ListItem","position":3,"name":"Vita Candy Multivitamino Para Ni\u00f1os"}]}]}},"_links":{"self":[{"href":"https:\/\/saludyvidastore.com\/en\/wp-json\/wp\/v2\/product\/1683"}],"collection":[{"href":"https:\/\/saludyvidastore.com\/en\/wp-json\/wp\/v2\/product"}],"about":[{"href":"https:\/\/saludyvidastore.com\/en\/wp-json\/wp\/v2\/types\/product"}],"replies":[{"embeddable":true,"href":"https:\/\/saludyvidastore.com\/en\/wp-json\/wp\/v2\/comments?post=1683"}],"wp:featuredmedia":[{"embeddable":true,"href":"https:\/\/saludyvidastore.com\/en\/wp-json\/wp\/v2\/media\/535"}],"wp:attachment":[{"href":"https:\/\/saludyvidastore.com\/en\/wp-json\/wp\/v2\/media?parent=1683"}],"wp:term":[{"taxonomy":"product_cat","embeddable":true,"href":"https:\/\/saludyvidastore.com\/en\/wp-json\/wp\/v2\/product_cat?post=1683"},{"taxonomy":"product_tag","embeddable":true,"href":"https:\/\/saludyvidastore.com\/en\/wp-json\/wp\/v2\/product_tag?post=1683"}],"curies":[{"name":"wp","href":"https:\/\/api.w.org\/{rel}","templated":true}]}}