{"id":1691,"date":"2018-01-28T21:43:26","date_gmt":"2018-01-28T21:43:26","guid":{"rendered":"http:\/\/saludyvidastore.com\/product\/tribulus-750-by-metrx\/"},"modified":"2021-09-02T13:49:19","modified_gmt":"2021-09-02T13:49:19","slug":"tribulus-750-by-metrx","status":"publish","type":"product","link":"https:\/\/saludyvidastore.com\/en\/product\/tribulus-750-by-metrx\/","title":{"rendered":"TRIBULUS 750"},"content":{"rendered":"<h1 style=\"text-align: center;\"><strong>TRIBULUS 750<\/strong><\/h1>\n<p>&nbsp;<\/p>\n<p>&nbsp;<\/p>\n<p style=\"margin: 5pt 0cm; line-height: normal;\"><span style=\"font-family: verdana,geneva; background: white none repeat scroll 0% 0%; color: #000000; font-size: 14pt;\">TRIBULUS 750 es un potente estimulador de la <a href=\"\/?p=1704\">testosterona<\/a> libre de <a href=\"https:\/\/ast.wikipedia.org\/wiki\/Esteroide\">esteroides<\/a> que ayuda a los hombres a aumentar sus niveles de testosterona sin problemas.<\/span><\/p>\n<p style=\"margin: 5pt 0cm; line-height: normal;\"><span style=\"font-family: verdana,geneva; background: white none repeat scroll 0% 0%; color: #000000; font-size: 14pt;\">Se construye alrededor de su ingrediente principal, Tribulus Terrestris, que se considera una manera segura y natural de elevar los niveles de testosterona. Tribulus Terrestris se ha utilizado en todo el mundo durante cientos de a\u00f1os, especialmente en el sub-contenido indio. Se ha construido una reputaci\u00f3n como una cura eficaz para el tratamiento de dolores de cabeza, mareos y disfunci\u00f3n sexual.<\/span><\/p>\n<p style=\"margin: 5pt 0cm; line-height: normal;\"><span style=\"font-size: 14pt; font-family: verdana,geneva; background: white none repeat scroll 0% 0%; color: #000000;\">Los usuarios experimentar\u00e1n un impulso instant\u00e1neo de energ\u00eda que ayudar\u00e1 a experimentar intensos entrenamientos en el gimnasio. Tribulus es tambi\u00e9n una eficaz ayuda al crecimiento muscular, lo que significa m\u00e1s masa en menos tiempo.<\/span><\/p>\n<h3><\/h3>\n<h3><\/h3>\n<h3><span id=\"Entorno-hormonal\" style=\"color: #000000; font-size: 14pt; font-family: verdana,geneva;\">Entorno hormonal<\/span><\/h3>\n<div class=\"checklist tie-list-shortcode\">\n<ul>\n<li><span style=\"color: #000000; font-size: 14pt; font-family: verdana,geneva;\">Puede optimizar los niveles hormonales de testosterona<\/span><\/li>\n<li><span style=\"color: #000000; font-size: 14pt; font-family: verdana,geneva;\">Afrodis\u00edaco natural, estimula la libido tanto en hombres como mujeres<\/span><\/li>\n<li><span style=\"color: #000000; font-size: 14pt; font-family: verdana,geneva;\">Ayuda en la fase de crecimiento muscular<\/span><\/li>\n<li><span style=\"color: #000000; font-size: 14pt; font-family: verdana,geneva;\">Ayuda en la disfunci\u00f3n er\u00e9ctil<\/span><\/li>\n<li><span style=\"color: #000000; font-size: 14pt; font-family: verdana,geneva;\">Incrementa la fertilidad, mejorando la producci\u00f3n de espermatozoides<\/span><\/li>\n<li><span style=\"color: #000000; font-size: 14pt; font-family: verdana,geneva;\">Incrementa la concentraci\u00f3n de hormonas femeninas relacionadas con la ovulaci\u00f3n<\/span><\/li>\n<li><span style=\"color: #000000; font-size: 14pt; font-family: verdana,geneva;\">Mitiga problemas relacionados con la menopausia<\/span><\/li>\n<\/ul>\n<\/div>\n<h3><\/h3>\n<h3><span id=\"Estados-de-animo\" style=\"color: #000000; font-size: 14pt; font-family: verdana,geneva;\">Estados de \u00e1nimo<\/span><\/h3>\n<div class=\"checklist tie-list-shortcode\">\n<ul>\n<li><span style=\"color: #000000; font-size: 14pt; font-family: verdana,geneva;\">Regula el sistema nervioso<\/span><\/li>\n<li><span style=\"color: #000000; font-size: 14pt; font-family: verdana,geneva;\">Promueve un mejor descanso nocturno y reduce el insomnio<\/span><\/li>\n<li><span style=\"color: #000000; font-size: 14pt; font-family: verdana,geneva;\">Interviene para calmar la ansiedad, irritabilidad y agitaci\u00f3n o nerviosismo<\/span><\/li>\n<li><span style=\"color: #000000; font-size: 14pt; font-family: verdana,geneva;\">Incide sobre la conducta, generando un mejor estado de humor<\/span><\/li>\n<li><span style=\"color: #000000; font-size: 14pt; font-family: verdana,geneva;\">Reduce s\u00edntomas leves depresivos<\/span><\/li>\n<\/ul>\n<\/div>\n<h3><span id=\"Sistema-cardiovascular\" style=\"color: #000000; font-size: 14pt; font-family: verdana,geneva;\">Sistema cardiovascular<\/span><\/h3>\n<div class=\"checklist tie-list-shortcode\">\n<ul>\n<li><span style=\"color: #000000; font-size: 14pt; font-family: verdana,geneva;\">Apoyo a la funci\u00f3n del m\u00fasculo card\u00edaco<\/span><\/li>\n<li><span style=\"color: #000000; font-size: 14pt; font-family: verdana,geneva;\">Reduce posibles problemas de coraz\u00f3n derivados de alta presi\u00f3n sangu\u00ednea<\/span><\/li>\n<li><span style=\"color: #000000; font-size: 14pt; font-family: verdana,geneva;\">Interviene para la reducci\u00f3n del colesterol LDL<\/span><\/li>\n<li><span style=\"color: #000000; font-size: 14pt; font-family: verdana,geneva;\">Mejora el riego sangu\u00edneo<\/span><\/li>\n<\/ul>\n<\/div>\n<h3><\/h3>\n<h3><span id=\"Sistema-inmunologico\" style=\"color: #000000; font-size: 14pt; font-family: verdana,geneva;\">Sistema inmunol\u00f3gico<\/span><\/h3>\n<div class=\"checklist tie-list-shortcode\">\n<ul>\n<li><span style=\"color: #000000; font-size: 14pt; font-family: verdana,geneva;\">Estimula y fortalece el sistema inmune<\/span><\/li>\n<li><span style=\"color: #000000; font-size: 14pt; font-family: verdana,geneva;\">Ayuda a combatir la fatiga cr\u00f3nica<\/span><\/li>\n<li><span style=\"color: #000000; font-size: 14pt; font-family: verdana,geneva;\">T\u00f3nico general<\/span><\/li>\n<li><span style=\"color: #000000; font-size: 14pt; font-family: verdana,geneva;\">Ayuda para casos de falta de energ\u00eda<\/span><\/li>\n<li><span style=\"color: #000000; font-size: 14pt; font-family: verdana,geneva;\">Puede prevenir sobre fen\u00f3menos que pudieran desencadenar en riesgos sobre fallo cardiovascular<\/span><\/li>\n<li><span style=\"color: #000000; font-size: 14pt; font-family: verdana,geneva;\">Ejerce funci\u00f3n de protecci\u00f3n hep\u00e1tica y renal<\/span><\/li>\n<li><span style=\"color: #000000; font-size: 14pt; font-family: verdana,geneva;\">Ejerce funci\u00f3n de protecci\u00f3n para la pr\u00f3stata y sistema urinario<\/span><\/li>\n<\/ul>\n<\/div>\n<h2><\/h2>\n<h2 style=\"text-align: center;\"><\/h2>\n<h2><span style=\"color: #000000; font-size: 14pt; font-family: verdana,geneva;\"><span style=\"background: white none repeat scroll 0% 0%;\"><br \/>\n<\/span>TRIBULUS 750 Ingredientes:<\/span><\/h2>\n<p><span style=\"font-family: verdana,geneva; font-size: 14pt; color: #000000;\">Los ingredientes principales (como se ha mencionado) son Tribulus Terrestris, Gelatina (no apta para los veganos), celulosa, s\u00edlice y estearato de magnesio vegetal. Los ingredientes como entidades individuales se consideran seguros para el consumo humano frecuente.<\/span><\/p>\n<p style=\"margin: 5pt 0cm; line-height: normal;\"><span style=\"font-size: 14pt; font-family: verdana,geneva; color: #df2732; background: white none repeat scroll 0% 0%;\">\u00a0<\/span><\/p>\n<pre id=\"tw-target-text\" class=\"tw-data-text tw-ta tw-text-small\" dir=\"ltr\" style=\"text-align: left; height: 120px;\" data-placeholder=\"Translation\" data-fulltext=\"\"><span lang=\"es\" style=\"font-size: 14pt; font-family: verdana,geneva;\">DIRECCIONES DEL PRODUCTO \/ INFORMACI\u00d3N ADICIONAL\r\nPara los hombres adultos, tomar una (1) c\u00e1psula hasta dos veces al d\u00eda, preferiblemente con una comida.<\/span><\/pre>\n","protected":false},"excerpt":{"rendered":"<p>Tribulus 750 es un potente estimulador de la testosterona libre de esteroides que ayuda a los hombres a aumentar sus niveles de testosterona sin problemas.<\/p>\n","protected":false},"featured_media":581,"comment_status":"open","ping_status":"closed","template":"","meta":[],"product_cat":[29],"product_tag":[],"acf":[],"yoast_head":"<!-- This site is optimized with the Yoast SEO plugin v18.5.1 - https:\/\/yoast.com\/wordpress\/plugins\/seo\/ -->\n<title>TRIBULUS 750 - Salud y Vida Store TRIBULUS 750<\/title>\n<meta name=\"description\" content=\"TRIBULUS 750 un estimulador de la testosterona libre de esteroides, ayuda a los hombres a aumentar sus niveles de testosterona sin problemas.\" \/>\n<meta name=\"robots\" content=\"index, follow, max-snippet:-1, max-image-preview:large, max-video-preview:-1\" \/>\n<link rel=\"canonical\" href=\"https:\/\/saludyvidastore.com\/en\/product\/tribulus-750-by-metrx\/\" \/>\n<meta property=\"og:locale\" content=\"en_US\" \/>\n<meta property=\"og:type\" content=\"article\" \/>\n<meta property=\"og:title\" content=\"TRIBULUS 750 - Salud y Vida Store TRIBULUS 750\" \/>\n<meta property=\"og:description\" content=\"TRIBULUS 750 un estimulador de la testosterona libre de esteroides, ayuda a los hombres a aumentar sus niveles de testosterona sin problemas.\" \/>\n<meta property=\"og:url\" content=\"https:\/\/saludyvidastore.com\/en\/product\/tribulus-750-by-metrx\/\" \/>\n<meta property=\"og:site_name\" content=\"Salud y Vida Store\" \/>\n<meta property=\"article:publisher\" content=\"https:\/\/www.facebook.com\/ArmoniaNaturalDietShop\/\" \/>\n<meta property=\"article:modified_time\" content=\"2021-09-02T13:49:19+00:00\" \/>\n<meta property=\"og:image\" content=\"https:\/\/saludyvidastore.com\/wp-content\/uploads\/2018\/02\/tribulus-750-by-metrx_939.jpg\" \/>\n\t<meta property=\"og:image:width\" content=\"1000\" \/>\n\t<meta property=\"og:image:height\" content=\"1000\" \/>\n\t<meta property=\"og:image:type\" content=\"image\/jpeg\" \/>\n<meta name=\"twitter:card\" content=\"summary_large_image\" \/>\n<meta name=\"twitter:label1\" content=\"Est. reading time\" \/>\n\t<meta name=\"twitter:data1\" content=\"2 minutes\" \/>\n<script type=\"application\/ld+json\" class=\"yoast-schema-graph\">{\"@context\":\"https:\/\/schema.org\",\"@graph\":[{\"@type\":\"WebSite\",\"@id\":\"https:\/\/saludyvidastore.com\/#website\",\"url\":\"https:\/\/saludyvidastore.com\/\",\"name\":\"Salud y Vida Store\",\"description\":\"Otro sitio realizado con WordPress\",\"potentialAction\":[{\"@type\":\"SearchAction\",\"target\":{\"@type\":\"EntryPoint\",\"urlTemplate\":\"https:\/\/saludyvidastore.com\/?s={search_term_string}\"},\"query-input\":\"required name=search_term_string\"}],\"inLanguage\":\"en-US\"},{\"@type\":\"ImageObject\",\"@id\":\"https:\/\/saludyvidastore.com\/en\/product\/tribulus-750-by-metrx\/#primaryimage\",\"inLanguage\":\"en-US\",\"url\":\"https:\/\/saludyvidastore.com\/wp-content\/uploads\/2018\/02\/tribulus-750-by-metrx_939.jpg\",\"contentUrl\":\"https:\/\/saludyvidastore.com\/wp-content\/uploads\/2018\/02\/tribulus-750-by-metrx_939.jpg\",\"width\":1000,\"height\":1000,\"caption\":\"TRIBULUS 750\"},{\"@type\":\"WebPage\",\"@id\":\"https:\/\/saludyvidastore.com\/en\/product\/tribulus-750-by-metrx\/#webpage\",\"url\":\"https:\/\/saludyvidastore.com\/en\/product\/tribulus-750-by-metrx\/\",\"name\":\"TRIBULUS 750 - Salud y Vida Store TRIBULUS 750\",\"isPartOf\":{\"@id\":\"https:\/\/saludyvidastore.com\/#website\"},\"primaryImageOfPage\":{\"@id\":\"https:\/\/saludyvidastore.com\/en\/product\/tribulus-750-by-metrx\/#primaryimage\"},\"datePublished\":\"2018-01-28T21:43:26+00:00\",\"dateModified\":\"2021-09-02T13:49:19+00:00\",\"description\":\"TRIBULUS 750 un estimulador de la testosterona libre de esteroides, ayuda a los hombres a aumentar sus niveles de testosterona sin problemas.\",\"breadcrumb\":{\"@id\":\"https:\/\/saludyvidastore.com\/en\/product\/tribulus-750-by-metrx\/#breadcrumb\"},\"inLanguage\":\"en-US\",\"potentialAction\":[{\"@type\":\"ReadAction\",\"target\":[\"https:\/\/saludyvidastore.com\/en\/product\/tribulus-750-by-metrx\/\"]}]},{\"@type\":\"BreadcrumbList\",\"@id\":\"https:\/\/saludyvidastore.com\/en\/product\/tribulus-750-by-metrx\/#breadcrumb\",\"itemListElement\":[{\"@type\":\"ListItem\",\"position\":1,\"name\":\"Portada\",\"item\":\"https:\/\/saludyvidastore.com\/en\/\"},{\"@type\":\"ListItem\",\"position\":2,\"name\":\"Tienda\",\"item\":\"https:\/\/saludyvidastore.com\/tienda\/\"},{\"@type\":\"ListItem\",\"position\":3,\"name\":\"TRIBULUS 750\"}]}]}<\/script>\n<!-- \/ Yoast SEO plugin. -->","yoast_head_json":{"title":"TRIBULUS 750 - Salud y Vida Store TRIBULUS 750","description":"TRIBULUS 750 un estimulador de la testosterona libre de esteroides, ayuda a los hombres a aumentar sus niveles de testosterona sin problemas.","robots":{"index":"index","follow":"follow","max-snippet":"max-snippet:-1","max-image-preview":"max-image-preview:large","max-video-preview":"max-video-preview:-1"},"canonical":"https:\/\/saludyvidastore.com\/en\/product\/tribulus-750-by-metrx\/","og_locale":"en_US","og_type":"article","og_title":"TRIBULUS 750 - Salud y Vida Store TRIBULUS 750","og_description":"TRIBULUS 750 un estimulador de la testosterona libre de esteroides, ayuda a los hombres a aumentar sus niveles de testosterona sin problemas.","og_url":"https:\/\/saludyvidastore.com\/en\/product\/tribulus-750-by-metrx\/","og_site_name":"Salud y Vida Store","article_publisher":"https:\/\/www.facebook.com\/ArmoniaNaturalDietShop\/","article_modified_time":"2021-09-02T13:49:19+00:00","og_image":[{"width":1000,"height":1000,"url":"https:\/\/saludyvidastore.com\/wp-content\/uploads\/2018\/02\/tribulus-750-by-metrx_939.jpg","type":"image\/jpeg"}],"twitter_card":"summary_large_image","twitter_misc":{"Est. reading time":"2 minutes"},"schema":{"@context":"https:\/\/schema.org","@graph":[{"@type":"WebSite","@id":"https:\/\/saludyvidastore.com\/#website","url":"https:\/\/saludyvidastore.com\/","name":"Salud y Vida Store","description":"Otro sitio realizado con WordPress","potentialAction":[{"@type":"SearchAction","target":{"@type":"EntryPoint","urlTemplate":"https:\/\/saludyvidastore.com\/?s={search_term_string}"},"query-input":"required name=search_term_string"}],"inLanguage":"en-US"},{"@type":"ImageObject","@id":"https:\/\/saludyvidastore.com\/en\/product\/tribulus-750-by-metrx\/#primaryimage","inLanguage":"en-US","url":"https:\/\/saludyvidastore.com\/wp-content\/uploads\/2018\/02\/tribulus-750-by-metrx_939.jpg","contentUrl":"https:\/\/saludyvidastore.com\/wp-content\/uploads\/2018\/02\/tribulus-750-by-metrx_939.jpg","width":1000,"height":1000,"caption":"TRIBULUS 750"},{"@type":"WebPage","@id":"https:\/\/saludyvidastore.com\/en\/product\/tribulus-750-by-metrx\/#webpage","url":"https:\/\/saludyvidastore.com\/en\/product\/tribulus-750-by-metrx\/","name":"TRIBULUS 750 - Salud y Vida Store TRIBULUS 750","isPartOf":{"@id":"https:\/\/saludyvidastore.com\/#website"},"primaryImageOfPage":{"@id":"https:\/\/saludyvidastore.com\/en\/product\/tribulus-750-by-metrx\/#primaryimage"},"datePublished":"2018-01-28T21:43:26+00:00","dateModified":"2021-09-02T13:49:19+00:00","description":"TRIBULUS 750 un estimulador de la testosterona libre de esteroides, ayuda a los hombres a aumentar sus niveles de testosterona sin problemas.","breadcrumb":{"@id":"https:\/\/saludyvidastore.com\/en\/product\/tribulus-750-by-metrx\/#breadcrumb"},"inLanguage":"en-US","potentialAction":[{"@type":"ReadAction","target":["https:\/\/saludyvidastore.com\/en\/product\/tribulus-750-by-metrx\/"]}]},{"@type":"BreadcrumbList","@id":"https:\/\/saludyvidastore.com\/en\/product\/tribulus-750-by-metrx\/#breadcrumb","itemListElement":[{"@type":"ListItem","position":1,"name":"Portada","item":"https:\/\/saludyvidastore.com\/en\/"},{"@type":"ListItem","position":2,"name":"Tienda","item":"https:\/\/saludyvidastore.com\/tienda\/"},{"@type":"ListItem","position":3,"name":"TRIBULUS 750"}]}]}},"_links":{"self":[{"href":"https:\/\/saludyvidastore.com\/en\/wp-json\/wp\/v2\/product\/1691"}],"collection":[{"href":"https:\/\/saludyvidastore.com\/en\/wp-json\/wp\/v2\/product"}],"about":[{"href":"https:\/\/saludyvidastore.com\/en\/wp-json\/wp\/v2\/types\/product"}],"replies":[{"embeddable":true,"href":"https:\/\/saludyvidastore.com\/en\/wp-json\/wp\/v2\/comments?post=1691"}],"wp:featuredmedia":[{"embeddable":true,"href":"https:\/\/saludyvidastore.com\/en\/wp-json\/wp\/v2\/media\/581"}],"wp:attachment":[{"href":"https:\/\/saludyvidastore.com\/en\/wp-json\/wp\/v2\/media?parent=1691"}],"wp:term":[{"taxonomy":"product_cat","embeddable":true,"href":"https:\/\/saludyvidastore.com\/en\/wp-json\/wp\/v2\/product_cat?post=1691"},{"taxonomy":"product_tag","embeddable":true,"href":"https:\/\/saludyvidastore.com\/en\/wp-json\/wp\/v2\/product_tag?post=1691"}],"curies":[{"name":"wp","href":"https:\/\/api.w.org\/{rel}","templated":true}]}}