{"id":1692,"date":"2018-01-28T21:43:26","date_gmt":"2018-01-28T21:43:26","guid":{"rendered":"http:\/\/saludyvidastore.com\/product\/tribux-750mg-x120caps\/"},"modified":"2018-07-13T23:57:51","modified_gmt":"2018-07-13T23:57:51","slug":"tribux-750mg-x120caps","status":"publish","type":"product","link":"https:\/\/saludyvidastore.com\/en\/product\/tribux-750mg-x120caps\/","title":{"rendered":"TRIBUX 750MG X120CAPS"},"content":{"rendered":"<p><img style=\"margin: 0px; padding: 0px; vertical-align: top; max-width: 100%; height: auto; color: #333333; font-family: Raleway; font-size: 13px; line-height: 20px;\" title=\"tribux action pro\" src=\"http:\/\/www.miproteina.com.co\/media\/wysiwyg\/descripciones\/tribux.jpg\" alt=\"tribux action pro\" \/><\/p>\n<h3 style=\"margin: 0px 0px 5px; padding: 0px; font-family: Raleway; line-height: 1.35; color: #333333; font-size: 16px;\"><span style=\"margin: 0px; padding: 0px; font-family: arial, helvetica, sans-serif;\">TRIBUX<\/span><\/h3>\n<p style=\"margin: 0px 0px 10px; padding: 0px; color: #333333; font-family: Raleway; font-size: 13px; line-height: 20px;\">Este suplemento, es el proceso inicia en la pituitaria (gl\u00e1ndula ubicada en la base del cr\u00e1neo), haciendo que libere la hormona luteinizante (LT) (lutropina), causando en el hombre una regulada secreci\u00f3n de Testosterona, actuando en las c\u00e9lulas de los test\u00edculos y en la mujer controla la maduraci\u00f3n de la ovulaci\u00f3n y la secreci\u00f3n de Progesterona. TRIBUX de Action Pro combina el tribulus con Horny Goat weed, logrando potenciar mejores resultados en el incremento de masa muscular.<\/p>\n<p style=\"margin: 0px 0px 10px; padding: 0px; color: #333333; font-family: Raleway; font-size: 13px; line-height: 20px;\">Horny Goat Weed: (Hierba de la cabra Caliente) Incrementador de testosterona, que potencia las sensaciones f\u00edsicas. &nbsp; &nbsp; &nbsp; &nbsp; &nbsp; &nbsp; &nbsp; &nbsp; &nbsp; &nbsp; &nbsp; &nbsp; &nbsp; &nbsp; &nbsp; &nbsp; &nbsp;<\/p>\n<p style=\"margin: 0px 0px 10px; padding: 0px; color: #333333; font-family: Raleway; font-size: 13px; line-height: 20px;\">Caracter\u00edsticas&nbsp;<strong style=\"margin: 0px; padding: 0px;\"><em style=\"margin: 0px; padding: 0px;\">TRIBUX<\/em><\/strong>:<\/p>\n<ul style=\"margin: 0px; padding: 0px; list-style-position: outside; list-style-image: initial; color: #333333; font-family: Raleway; font-size: 13px; line-height: 20px;\">\n<li style=\"margin: 0px; padding: 0px; list-style: none;\">Ayuda a desarrollar una masa muscular magra.<\/li>\n<li style=\"margin: 0px; padding: 0px; list-style: none;\">Aumenta la fortaleza de las erecciones y la producci\u00f3n de espermatozoides.<\/li>\n<li style=\"margin: 0px; padding: 0px; list-style: none;\">Ayuda a aumentar el impulso sexual.<\/li>\n<li style=\"margin: 0px; padding: 0px; list-style: none;\">En los deportistas aumenta la fuerza y la resistencia.<\/li>\n<\/ul>\n<p style=\"margin: 0px 0px 10px; padding: 0px; color: #333333; font-family: Raleway; font-size: 13px; line-height: 20px;\"><strong style=\"margin: 0px; padding: 0px;\">COMO TOMAR:<\/strong><br style=\"margin: 0px; padding: 0px;\" \/>La dosis regular es de 750 mg. Al d\u00eda una hora antes del entrenamiento.<br style=\"margin: 0px; padding: 0px;\" \/>&nbsp;<br style=\"margin: 0px; padding: 0px;\" \/><strong style=\"margin: 0px; padding: 0px;\">PRESENTACION:<\/strong><br style=\"margin: 0px; padding: 0px;\" \/>120 Capsulas.&nbsp;<\/p>\n","protected":false},"excerpt":{"rendered":"<p>TRIBUX de Action Pro<\/p>\n<p>TRIBUX de Action Pro combina el tribulus con Horny Goat weed , logrando potenciar mejores resultados en el incremento de masa muscular.<\/p>\n<p>Suplemento de origen herbal. En la ingesta de este suplemento, el proceso inicia en la pituitaria (gl\u00e1ndula ubicada en la base del cr\u00e1neo), haciendo que libere la hormona luteinizante (LT) (lutropina), causando en el hombre una regulada secreci\u00f3n de Testosterona, actuando en las c\u00e9lulas de los test\u00edculos y en la mujer controla la maduraci\u00f3n de la ovulaci\u00f3n y la secreci\u00f3n de Progesterona.<\/p>\n","protected":false},"featured_media":587,"comment_status":"open","ping_status":"closed","template":"","meta":[],"product_cat":[29],"product_tag":[],"acf":[],"yoast_head":"<!-- This site is optimized with the Yoast SEO plugin v18.5.1 - https:\/\/yoast.com\/wordpress\/plugins\/seo\/ -->\n<title>TRIBUX 750MG X120CAPS - Salud y Vida Store<\/title>\n<meta name=\"robots\" content=\"index, follow, max-snippet:-1, max-image-preview:large, max-video-preview:-1\" \/>\n<link rel=\"canonical\" href=\"https:\/\/saludyvidastore.com\/en\/product\/tribux-750mg-x120caps\/\" \/>\n<meta property=\"og:locale\" content=\"en_US\" \/>\n<meta property=\"og:type\" content=\"article\" \/>\n<meta property=\"og:title\" content=\"TRIBUX 750MG X120CAPS - Salud y Vida Store\" \/>\n<meta property=\"og:description\" content=\"TRIBUX de Action Pro  TRIBUX de Action Pro combina el tribulus con Horny Goat weed , logrando potenciar mejores resultados en el incremento de masa muscular.  Suplemento de origen herbal. En la ingesta de este suplemento, el proceso inicia en la pituitaria (gl\u00e1ndula ubicada en la base del cr\u00e1neo), haciendo que libere la hormona luteinizante (LT) (lutropina), causando en el hombre una regulada secreci\u00f3n de Testosterona, actuando en las c\u00e9lulas de los test\u00edculos y en la mujer controla la maduraci\u00f3n de la ovulaci\u00f3n y la secreci\u00f3n de Progesterona.\" \/>\n<meta property=\"og:url\" content=\"https:\/\/saludyvidastore.com\/en\/product\/tribux-750mg-x120caps\/\" \/>\n<meta property=\"og:site_name\" content=\"Salud y Vida Store\" \/>\n<meta property=\"article:publisher\" content=\"https:\/\/www.facebook.com\/ArmoniaNaturalDietShop\/\" \/>\n<meta property=\"article:modified_time\" content=\"2018-07-13T23:57:51+00:00\" \/>\n<meta property=\"og:image\" content=\"https:\/\/saludyvidastore.com\/wp-content\/uploads\/2018\/02\/tribux-750mg-x120caps_721.jpg\" \/>\n\t<meta property=\"og:image:width\" content=\"500\" \/>\n\t<meta property=\"og:image:height\" content=\"500\" \/>\n\t<meta property=\"og:image:type\" content=\"image\/jpeg\" \/>\n<meta name=\"twitter:card\" content=\"summary_large_image\" \/>\n<meta name=\"twitter:label1\" content=\"Est. reading time\" \/>\n\t<meta name=\"twitter:data1\" content=\"1 minute\" \/>\n<script type=\"application\/ld+json\" class=\"yoast-schema-graph\">{\"@context\":\"https:\/\/schema.org\",\"@graph\":[{\"@type\":\"WebSite\",\"@id\":\"https:\/\/saludyvidastore.com\/#website\",\"url\":\"https:\/\/saludyvidastore.com\/\",\"name\":\"Salud y Vida Store\",\"description\":\"Otro sitio realizado con WordPress\",\"potentialAction\":[{\"@type\":\"SearchAction\",\"target\":{\"@type\":\"EntryPoint\",\"urlTemplate\":\"https:\/\/saludyvidastore.com\/?s={search_term_string}\"},\"query-input\":\"required name=search_term_string\"}],\"inLanguage\":\"en-US\"},{\"@type\":\"ImageObject\",\"@id\":\"https:\/\/saludyvidastore.com\/en\/product\/tribux-750mg-x120caps\/#primaryimage\",\"inLanguage\":\"en-US\",\"url\":\"https:\/\/saludyvidastore.com\/wp-content\/uploads\/2018\/02\/tribux-750mg-x120caps_721.jpg\",\"contentUrl\":\"https:\/\/saludyvidastore.com\/wp-content\/uploads\/2018\/02\/tribux-750mg-x120caps_721.jpg\",\"width\":500,\"height\":500},{\"@type\":\"WebPage\",\"@id\":\"https:\/\/saludyvidastore.com\/en\/product\/tribux-750mg-x120caps\/#webpage\",\"url\":\"https:\/\/saludyvidastore.com\/en\/product\/tribux-750mg-x120caps\/\",\"name\":\"TRIBUX 750MG X120CAPS - Salud y Vida Store\",\"isPartOf\":{\"@id\":\"https:\/\/saludyvidastore.com\/#website\"},\"primaryImageOfPage\":{\"@id\":\"https:\/\/saludyvidastore.com\/en\/product\/tribux-750mg-x120caps\/#primaryimage\"},\"datePublished\":\"2018-01-28T21:43:26+00:00\",\"dateModified\":\"2018-07-13T23:57:51+00:00\",\"breadcrumb\":{\"@id\":\"https:\/\/saludyvidastore.com\/en\/product\/tribux-750mg-x120caps\/#breadcrumb\"},\"inLanguage\":\"en-US\",\"potentialAction\":[{\"@type\":\"ReadAction\",\"target\":[\"https:\/\/saludyvidastore.com\/en\/product\/tribux-750mg-x120caps\/\"]}]},{\"@type\":\"BreadcrumbList\",\"@id\":\"https:\/\/saludyvidastore.com\/en\/product\/tribux-750mg-x120caps\/#breadcrumb\",\"itemListElement\":[{\"@type\":\"ListItem\",\"position\":1,\"name\":\"Portada\",\"item\":\"https:\/\/saludyvidastore.com\/en\/\"},{\"@type\":\"ListItem\",\"position\":2,\"name\":\"Tienda\",\"item\":\"https:\/\/saludyvidastore.com\/tienda\/\"},{\"@type\":\"ListItem\",\"position\":3,\"name\":\"TRIBUX 750MG X120CAPS\"}]}]}<\/script>\n<!-- \/ Yoast SEO plugin. -->","yoast_head_json":{"title":"TRIBUX 750MG X120CAPS - Salud y Vida Store","robots":{"index":"index","follow":"follow","max-snippet":"max-snippet:-1","max-image-preview":"max-image-preview:large","max-video-preview":"max-video-preview:-1"},"canonical":"https:\/\/saludyvidastore.com\/en\/product\/tribux-750mg-x120caps\/","og_locale":"en_US","og_type":"article","og_title":"TRIBUX 750MG X120CAPS - Salud y Vida Store","og_description":"TRIBUX de Action Pro  TRIBUX de Action Pro combina el tribulus con Horny Goat weed , logrando potenciar mejores resultados en el incremento de masa muscular.  Suplemento de origen herbal. En la ingesta de este suplemento, el proceso inicia en la pituitaria (gl\u00e1ndula ubicada en la base del cr\u00e1neo), haciendo que libere la hormona luteinizante (LT) (lutropina), causando en el hombre una regulada secreci\u00f3n de Testosterona, actuando en las c\u00e9lulas de los test\u00edculos y en la mujer controla la maduraci\u00f3n de la ovulaci\u00f3n y la secreci\u00f3n de Progesterona.","og_url":"https:\/\/saludyvidastore.com\/en\/product\/tribux-750mg-x120caps\/","og_site_name":"Salud y Vida Store","article_publisher":"https:\/\/www.facebook.com\/ArmoniaNaturalDietShop\/","article_modified_time":"2018-07-13T23:57:51+00:00","og_image":[{"width":500,"height":500,"url":"https:\/\/saludyvidastore.com\/wp-content\/uploads\/2018\/02\/tribux-750mg-x120caps_721.jpg","type":"image\/jpeg"}],"twitter_card":"summary_large_image","twitter_misc":{"Est. reading time":"1 minute"},"schema":{"@context":"https:\/\/schema.org","@graph":[{"@type":"WebSite","@id":"https:\/\/saludyvidastore.com\/#website","url":"https:\/\/saludyvidastore.com\/","name":"Salud y Vida Store","description":"Otro sitio realizado con WordPress","potentialAction":[{"@type":"SearchAction","target":{"@type":"EntryPoint","urlTemplate":"https:\/\/saludyvidastore.com\/?s={search_term_string}"},"query-input":"required name=search_term_string"}],"inLanguage":"en-US"},{"@type":"ImageObject","@id":"https:\/\/saludyvidastore.com\/en\/product\/tribux-750mg-x120caps\/#primaryimage","inLanguage":"en-US","url":"https:\/\/saludyvidastore.com\/wp-content\/uploads\/2018\/02\/tribux-750mg-x120caps_721.jpg","contentUrl":"https:\/\/saludyvidastore.com\/wp-content\/uploads\/2018\/02\/tribux-750mg-x120caps_721.jpg","width":500,"height":500},{"@type":"WebPage","@id":"https:\/\/saludyvidastore.com\/en\/product\/tribux-750mg-x120caps\/#webpage","url":"https:\/\/saludyvidastore.com\/en\/product\/tribux-750mg-x120caps\/","name":"TRIBUX 750MG X120CAPS - Salud y Vida Store","isPartOf":{"@id":"https:\/\/saludyvidastore.com\/#website"},"primaryImageOfPage":{"@id":"https:\/\/saludyvidastore.com\/en\/product\/tribux-750mg-x120caps\/#primaryimage"},"datePublished":"2018-01-28T21:43:26+00:00","dateModified":"2018-07-13T23:57:51+00:00","breadcrumb":{"@id":"https:\/\/saludyvidastore.com\/en\/product\/tribux-750mg-x120caps\/#breadcrumb"},"inLanguage":"en-US","potentialAction":[{"@type":"ReadAction","target":["https:\/\/saludyvidastore.com\/en\/product\/tribux-750mg-x120caps\/"]}]},{"@type":"BreadcrumbList","@id":"https:\/\/saludyvidastore.com\/en\/product\/tribux-750mg-x120caps\/#breadcrumb","itemListElement":[{"@type":"ListItem","position":1,"name":"Portada","item":"https:\/\/saludyvidastore.com\/en\/"},{"@type":"ListItem","position":2,"name":"Tienda","item":"https:\/\/saludyvidastore.com\/tienda\/"},{"@type":"ListItem","position":3,"name":"TRIBUX 750MG X120CAPS"}]}]}},"_links":{"self":[{"href":"https:\/\/saludyvidastore.com\/en\/wp-json\/wp\/v2\/product\/1692"}],"collection":[{"href":"https:\/\/saludyvidastore.com\/en\/wp-json\/wp\/v2\/product"}],"about":[{"href":"https:\/\/saludyvidastore.com\/en\/wp-json\/wp\/v2\/types\/product"}],"replies":[{"embeddable":true,"href":"https:\/\/saludyvidastore.com\/en\/wp-json\/wp\/v2\/comments?post=1692"}],"wp:featuredmedia":[{"embeddable":true,"href":"https:\/\/saludyvidastore.com\/en\/wp-json\/wp\/v2\/media\/587"}],"wp:attachment":[{"href":"https:\/\/saludyvidastore.com\/en\/wp-json\/wp\/v2\/media?parent=1692"}],"wp:term":[{"taxonomy":"product_cat","embeddable":true,"href":"https:\/\/saludyvidastore.com\/en\/wp-json\/wp\/v2\/product_cat?post=1692"},{"taxonomy":"product_tag","embeddable":true,"href":"https:\/\/saludyvidastore.com\/en\/wp-json\/wp\/v2\/product_tag?post=1692"}],"curies":[{"name":"wp","href":"https:\/\/api.w.org\/{rel}","templated":true}]}}