{"id":1693,"date":"2018-01-28T21:43:26","date_gmt":"2018-01-28T21:43:26","guid":{"rendered":"http:\/\/saludyvidastore.com\/product\/triple-strength-glucosamine-90-cap\/"},"modified":"2018-07-13T23:57:58","modified_gmt":"2018-07-13T23:57:58","slug":"triple-strength-glucosamine-90-cap","status":"publish","type":"product","link":"https:\/\/saludyvidastore.com\/en\/product\/triple-strength-glucosamine-90-cap\/","title":{"rendered":"Triple Strength Glucosamine 90 cap"},"content":{"rendered":"<p>Lubrica las articulaciones para mejorar la flexibilidad**<\/p>\n<p>Fortalece el tejido conectivo en y alrededor de las articulaciones**<\/p>\n<p>Rejuvenece el cart\u00edlago para contribuir con la salud de las articulaciones**<\/p>\n<p>Contiene glucosamina, condroitina y MSM, que trabajan sin\u00e9rgicamente para mejorar los beneficios de cada uno en el cuerpo**<\/p>\n<p>\u00a1Glucosamina, condroitina y MSM de triple potencia es el alivio para las articulaciones m\u00e1s potente hasta ahora! S\u00f3lo dos comprimidos por d\u00eda le aportar\u00e1n protecci\u00f3n de triple potencia con 1500 mg de glucosamina y 1700 mg de nuestra combinaci\u00f3n patentada para nutrir las articulaciones.<\/p>\n<p>** Si busca revitalizar sus articulaciones y cart\u00edlagos, estas comprimidos de triple potencia le har\u00e1n sentir que sus articulaciones est\u00e1n lubricadas y rejuvenecidas.** Incluso pueden ayudarle a calmar el estr\u00e9s ocasional producido por el ejercicio o la actividad f\u00edsica.** Glucosamina, condroitina y MSM de triple potencia es perfecto para cualquiera que necesite un respaldo nutricional adicional para sus cart\u00edlagos y articulaciones.**<\/p>\n<p><img loading=\"lazy\" src=\"images\/infoglucosamine.jpg\" alt=\"infoglucosamine\" width=\"493\" height=\"370\" \/><\/p>\n<p><strong>Indicaciones:<\/strong> Adultos, tomar dos (2) capsulas por d\u00eda, preferiblemente con una comida.<\/p>\n<p><strong>Otros ingredientes<\/strong>: celulosa vegetal, crospovidona, s\u00edlice. Contiene &lt;2% de: colorante caramelo natural, color de di\u00f3xido de titanio, estearato de magnesio vegetal. Contiene ingredientes derivados de mariscos (cangrejo, camar\u00f3n, langosta, cigala).<\/p>\n<p><strong>ADVERTENCIA:<\/strong> Si est\u00e1 embarazada, en per\u00edodo de lactancia o tomando alg\u00fan medicamento, consulte con su m\u00e9dico antes de usar este producto. Suspenda su uso y consulte a su m\u00e9dico si se produce alguna reacci\u00f3n adversa. No se recomienda para menores de 18 a\u00f1os.<\/p>\n","protected":false},"excerpt":{"rendered":"<p>Lubrica las articulaciones para mejorar la flexibilidad**<\/p>\n<p>Fortalece el tejido conectivo en y alrededor de las articulaciones**<\/p>\n<p>Rejuvenece el cart\u00edlago para contribuir con la salud de las articulaciones**<\/p>\n<p>Contiene glucosamina, condroitina y MSM, que trabajan sin\u00e9rgicamente para mejorar los beneficios de cada uno en el cuerpo**<\/p>\n<p>\u00a1Glucosamina, condroitina y MSM de triple potencia es el alivio para las articulaciones [&#8230;]<\/p>\n","protected":false},"featured_media":591,"comment_status":"open","ping_status":"closed","template":"","meta":[],"product_cat":[34],"product_tag":[],"acf":[],"yoast_head":"<!-- This site is optimized with the Yoast SEO plugin v18.5.1 - https:\/\/yoast.com\/wordpress\/plugins\/seo\/ -->\n<title>Triple Strength Glucosamine 90 cap - Salud y Vida Store<\/title>\n<meta name=\"robots\" content=\"index, follow, max-snippet:-1, max-image-preview:large, max-video-preview:-1\" \/>\n<link rel=\"canonical\" href=\"https:\/\/saludyvidastore.com\/en\/product\/triple-strength-glucosamine-90-cap\/\" \/>\n<meta property=\"og:locale\" content=\"en_US\" \/>\n<meta property=\"og:type\" content=\"article\" \/>\n<meta property=\"og:title\" content=\"Triple Strength Glucosamine 90 cap - Salud y Vida Store\" \/>\n<meta property=\"og:description\" content=\"Lubrica las articulaciones para mejorar la flexibilidad** Fortalece el tejido conectivo en y alrededor de las articulaciones** Rejuvenece el cart\u00edlago para contribuir con la salud de las articulaciones** Contiene glucosamina, condroitina y MSM, que trabajan sin\u00e9rgicamente para mejorar los beneficios de cada uno en el cuerpo** \u00a1Glucosamina, condroitina y MSM de triple potencia es el alivio para las articulaciones [...]\" \/>\n<meta property=\"og:url\" content=\"https:\/\/saludyvidastore.com\/en\/product\/triple-strength-glucosamine-90-cap\/\" \/>\n<meta property=\"og:site_name\" content=\"Salud y Vida Store\" \/>\n<meta property=\"article:publisher\" content=\"https:\/\/www.facebook.com\/ArmoniaNaturalDietShop\/\" \/>\n<meta property=\"article:modified_time\" content=\"2018-07-13T23:57:58+00:00\" \/>\n<meta property=\"og:image\" content=\"https:\/\/saludyvidastore.com\/wp-content\/uploads\/2018\/02\/triple-strength-glucosamine-90-cap_171.jpg\" \/>\n\t<meta property=\"og:image:width\" content=\"256\" \/>\n\t<meta property=\"og:image:height\" content=\"286\" \/>\n\t<meta property=\"og:image:type\" content=\"image\/jpeg\" \/>\n<meta name=\"twitter:card\" content=\"summary_large_image\" \/>\n<meta name=\"twitter:label1\" content=\"Est. reading time\" \/>\n\t<meta name=\"twitter:data1\" content=\"1 minute\" \/>\n<script type=\"application\/ld+json\" class=\"yoast-schema-graph\">{\"@context\":\"https:\/\/schema.org\",\"@graph\":[{\"@type\":\"WebSite\",\"@id\":\"https:\/\/saludyvidastore.com\/#website\",\"url\":\"https:\/\/saludyvidastore.com\/\",\"name\":\"Salud y Vida Store\",\"description\":\"Otro sitio realizado con WordPress\",\"potentialAction\":[{\"@type\":\"SearchAction\",\"target\":{\"@type\":\"EntryPoint\",\"urlTemplate\":\"https:\/\/saludyvidastore.com\/?s={search_term_string}\"},\"query-input\":\"required name=search_term_string\"}],\"inLanguage\":\"en-US\"},{\"@type\":\"ImageObject\",\"@id\":\"https:\/\/saludyvidastore.com\/en\/product\/triple-strength-glucosamine-90-cap\/#primaryimage\",\"inLanguage\":\"en-US\",\"url\":\"https:\/\/saludyvidastore.com\/wp-content\/uploads\/2018\/02\/triple-strength-glucosamine-90-cap_171.jpg\",\"contentUrl\":\"https:\/\/saludyvidastore.com\/wp-content\/uploads\/2018\/02\/triple-strength-glucosamine-90-cap_171.jpg\",\"width\":256,\"height\":286},{\"@type\":\"WebPage\",\"@id\":\"https:\/\/saludyvidastore.com\/en\/product\/triple-strength-glucosamine-90-cap\/#webpage\",\"url\":\"https:\/\/saludyvidastore.com\/en\/product\/triple-strength-glucosamine-90-cap\/\",\"name\":\"Triple Strength Glucosamine 90 cap - Salud y Vida Store\",\"isPartOf\":{\"@id\":\"https:\/\/saludyvidastore.com\/#website\"},\"primaryImageOfPage\":{\"@id\":\"https:\/\/saludyvidastore.com\/en\/product\/triple-strength-glucosamine-90-cap\/#primaryimage\"},\"datePublished\":\"2018-01-28T21:43:26+00:00\",\"dateModified\":\"2018-07-13T23:57:58+00:00\",\"breadcrumb\":{\"@id\":\"https:\/\/saludyvidastore.com\/en\/product\/triple-strength-glucosamine-90-cap\/#breadcrumb\"},\"inLanguage\":\"en-US\",\"potentialAction\":[{\"@type\":\"ReadAction\",\"target\":[\"https:\/\/saludyvidastore.com\/en\/product\/triple-strength-glucosamine-90-cap\/\"]}]},{\"@type\":\"BreadcrumbList\",\"@id\":\"https:\/\/saludyvidastore.com\/en\/product\/triple-strength-glucosamine-90-cap\/#breadcrumb\",\"itemListElement\":[{\"@type\":\"ListItem\",\"position\":1,\"name\":\"Portada\",\"item\":\"https:\/\/saludyvidastore.com\/en\/\"},{\"@type\":\"ListItem\",\"position\":2,\"name\":\"Tienda\",\"item\":\"https:\/\/saludyvidastore.com\/tienda\/\"},{\"@type\":\"ListItem\",\"position\":3,\"name\":\"Triple Strength Glucosamine 90 cap\"}]}]}<\/script>\n<!-- \/ Yoast SEO plugin. -->","yoast_head_json":{"title":"Triple Strength Glucosamine 90 cap - Salud y Vida Store","robots":{"index":"index","follow":"follow","max-snippet":"max-snippet:-1","max-image-preview":"max-image-preview:large","max-video-preview":"max-video-preview:-1"},"canonical":"https:\/\/saludyvidastore.com\/en\/product\/triple-strength-glucosamine-90-cap\/","og_locale":"en_US","og_type":"article","og_title":"Triple Strength Glucosamine 90 cap - Salud y Vida Store","og_description":"Lubrica las articulaciones para mejorar la flexibilidad** Fortalece el tejido conectivo en y alrededor de las articulaciones** Rejuvenece el cart\u00edlago para contribuir con la salud de las articulaciones** Contiene glucosamina, condroitina y MSM, que trabajan sin\u00e9rgicamente para mejorar los beneficios de cada uno en el cuerpo** \u00a1Glucosamina, condroitina y MSM de triple potencia es el alivio para las articulaciones [...]","og_url":"https:\/\/saludyvidastore.com\/en\/product\/triple-strength-glucosamine-90-cap\/","og_site_name":"Salud y Vida Store","article_publisher":"https:\/\/www.facebook.com\/ArmoniaNaturalDietShop\/","article_modified_time":"2018-07-13T23:57:58+00:00","og_image":[{"width":256,"height":286,"url":"https:\/\/saludyvidastore.com\/wp-content\/uploads\/2018\/02\/triple-strength-glucosamine-90-cap_171.jpg","type":"image\/jpeg"}],"twitter_card":"summary_large_image","twitter_misc":{"Est. reading time":"1 minute"},"schema":{"@context":"https:\/\/schema.org","@graph":[{"@type":"WebSite","@id":"https:\/\/saludyvidastore.com\/#website","url":"https:\/\/saludyvidastore.com\/","name":"Salud y Vida Store","description":"Otro sitio realizado con WordPress","potentialAction":[{"@type":"SearchAction","target":{"@type":"EntryPoint","urlTemplate":"https:\/\/saludyvidastore.com\/?s={search_term_string}"},"query-input":"required name=search_term_string"}],"inLanguage":"en-US"},{"@type":"ImageObject","@id":"https:\/\/saludyvidastore.com\/en\/product\/triple-strength-glucosamine-90-cap\/#primaryimage","inLanguage":"en-US","url":"https:\/\/saludyvidastore.com\/wp-content\/uploads\/2018\/02\/triple-strength-glucosamine-90-cap_171.jpg","contentUrl":"https:\/\/saludyvidastore.com\/wp-content\/uploads\/2018\/02\/triple-strength-glucosamine-90-cap_171.jpg","width":256,"height":286},{"@type":"WebPage","@id":"https:\/\/saludyvidastore.com\/en\/product\/triple-strength-glucosamine-90-cap\/#webpage","url":"https:\/\/saludyvidastore.com\/en\/product\/triple-strength-glucosamine-90-cap\/","name":"Triple Strength Glucosamine 90 cap - Salud y Vida Store","isPartOf":{"@id":"https:\/\/saludyvidastore.com\/#website"},"primaryImageOfPage":{"@id":"https:\/\/saludyvidastore.com\/en\/product\/triple-strength-glucosamine-90-cap\/#primaryimage"},"datePublished":"2018-01-28T21:43:26+00:00","dateModified":"2018-07-13T23:57:58+00:00","breadcrumb":{"@id":"https:\/\/saludyvidastore.com\/en\/product\/triple-strength-glucosamine-90-cap\/#breadcrumb"},"inLanguage":"en-US","potentialAction":[{"@type":"ReadAction","target":["https:\/\/saludyvidastore.com\/en\/product\/triple-strength-glucosamine-90-cap\/"]}]},{"@type":"BreadcrumbList","@id":"https:\/\/saludyvidastore.com\/en\/product\/triple-strength-glucosamine-90-cap\/#breadcrumb","itemListElement":[{"@type":"ListItem","position":1,"name":"Portada","item":"https:\/\/saludyvidastore.com\/en\/"},{"@type":"ListItem","position":2,"name":"Tienda","item":"https:\/\/saludyvidastore.com\/tienda\/"},{"@type":"ListItem","position":3,"name":"Triple Strength Glucosamine 90 cap"}]}]}},"_links":{"self":[{"href":"https:\/\/saludyvidastore.com\/en\/wp-json\/wp\/v2\/product\/1693"}],"collection":[{"href":"https:\/\/saludyvidastore.com\/en\/wp-json\/wp\/v2\/product"}],"about":[{"href":"https:\/\/saludyvidastore.com\/en\/wp-json\/wp\/v2\/types\/product"}],"replies":[{"embeddable":true,"href":"https:\/\/saludyvidastore.com\/en\/wp-json\/wp\/v2\/comments?post=1693"}],"wp:featuredmedia":[{"embeddable":true,"href":"https:\/\/saludyvidastore.com\/en\/wp-json\/wp\/v2\/media\/591"}],"wp:attachment":[{"href":"https:\/\/saludyvidastore.com\/en\/wp-json\/wp\/v2\/media?parent=1693"}],"wp:term":[{"taxonomy":"product_cat","embeddable":true,"href":"https:\/\/saludyvidastore.com\/en\/wp-json\/wp\/v2\/product_cat?post=1693"},{"taxonomy":"product_tag","embeddable":true,"href":"https:\/\/saludyvidastore.com\/en\/wp-json\/wp\/v2\/product_tag?post=1693"}],"curies":[{"name":"wp","href":"https:\/\/api.w.org\/{rel}","templated":true}]}}