{"id":1702,"date":"2018-01-28T21:43:24","date_gmt":"2018-01-28T21:43:24","guid":{"rendered":"http:\/\/saludyvidastore.com\/product\/titan-plus-2lbs-fresavainilla\/"},"modified":"2021-04-22T15:32:57","modified_gmt":"2021-04-22T15:32:57","slug":"titan-plus-2lbs-fresavainilla","status":"publish","type":"product","link":"https:\/\/saludyvidastore.com\/en\/product\/titan-plus-2lbs-fresavainilla\/","title":{"rendered":"TITAN PLUS 2LBS FRESA,VAINILLA"},"content":{"rendered":"<h1 class=\"title text-m text-normal\">&nbsp;<\/h1>\n<h1 class=\"title text-m text-normal\"><span style=\"font-size: 36pt;\"><span class=\"text-xxl\" style=\"font-family: impact,chicago;\"><span style=\"color: #ff6600;\"><img src=\"images\/titan2.png\" alt=\"titan2.png\" \/><\/span><\/span><\/span><\/h1>\n<h1 class=\"title text-m text-normal\"><span style=\"font-size: 36pt;\"><span class=\"text-xxl\" style=\"font-family: impact,chicago;\"><span style=\"color: #ff6600;\"><\/span><\/span><span class=\"text-xxl\" style=\"font-family: impact,chicago;\"><span style=\"color: #ff6600;\">Tit\u00e1n Plus<\/span><\/span><span class=\"text-xxl\" style=\"font-family: impact,chicago;\"><span style=\"color: #ff6600;\"> <\/span> <\/span><\/span><\/h1>\n<p style=\"text-align: left;\"><span style=\"font-size: 18pt; font-family: helvetica;\">Proteina \/ desarrollo muscular magra<\/span><\/p>\n<ul style=\"text-align: left;\">\n<li><span style=\"font-size: 18pt; font-family: helvetica;\">Ayuda al aumento de peso, masa y volumen muscular.<\/span><\/li>\n<li><span style=\"font-size: 18pt; font-family: helvetica;\">Contiene fibra prebi\u00f3tica que mejora la digesti\u00f3n.<\/span><\/li>\n<li><span style=\"font-size: 18pt; font-family: helvetica;\">Libre de azucar<\/span><\/li>\n<li><span style=\"font-size: 18pt; font-family: helvetica;\">Con vitaminas y minerales.<\/span><\/li>\n<li><span style=\"font-size: 18pt; font-family: helvetica;\">Aumenta el rendimiento durante la actividad f\u00edsica.<img src=\"images\/titan1.png\" alt=\"titan1.png\" \/><\/span><\/li>\n<\/ul>\n<p><span style=\"font-size: 18pt; font-family: helvetica;\"><strong>Se debe tomar:<\/strong><\/span><\/p>\n<p><span style=\"font-size: 18pt; font-family: helvetica;\">De 1 a 2 servicios al d\u00eda como complemento de la dieta y el entrenamiento.<\/span><\/p>\n<p style=\"text-align: left;\"><span style=\"font-size: 18pt; font-family: helvetica;\"><strong>Indicaciones:<\/strong><\/span><\/p>\n<p style=\"text-align: left;\"><span style=\"font-size: 18pt; font-family: helvetica;\">Personas con deficiencias nutricionales, personas delgadas, con bajo de peso, personas con un ritmo de entrenamiento cuyo fin es aumento de peso y masa muscular.<\/span><\/p>\n<p style=\"text-align: left;\"><span style=\"font-size: 18pt; font-family: helvetica;\"><strong>Propiedades:<\/strong><\/span><\/p>\n<p style=\"text-align: left;\"><span style=\"font-size: 18pt; font-family: helvetica;\">Alimento en polvo a base de carbohidratos de mejor calidad, prote\u00edna de suero, soya y caseinato con fibra prebi\u00f3tica endulzado con sucrasola.<\/span><\/p>\n<p>&nbsp;<\/p>\n","protected":false},"excerpt":{"rendered":"<p>TITAN PLUS es una prote\u00edna dise\u00f1ada espec\u00edficamente para aquellas personas delgadas o que esten buscando ganar masa muscular para resaltar su apariencia f\u00edsica. Contiene prote\u00edna de suero de leche, prote\u00edna de soya y caseinato de calcio, mezcla perfecta para conseguir m\u00e1s y mejores resultados.<\/p>\n","protected":false},"featured_media":637,"comment_status":"open","ping_status":"closed","template":"","meta":[],"product_cat":[43,42,40,29,34],"product_tag":[],"acf":[],"yoast_head":"<!-- This site is optimized with the Yoast SEO plugin v18.5.1 - https:\/\/yoast.com\/wordpress\/plugins\/seo\/ -->\n<title>TITAN PLUS 2LBS FRESA,VAINILLA - Salud y Vida Store<\/title>\n<meta name=\"robots\" content=\"index, follow, max-snippet:-1, max-image-preview:large, max-video-preview:-1\" \/>\n<link rel=\"canonical\" href=\"https:\/\/saludyvidastore.com\/en\/product\/titan-plus-2lbs-fresavainilla\/\" \/>\n<meta property=\"og:locale\" content=\"en_US\" \/>\n<meta property=\"og:type\" content=\"article\" \/>\n<meta property=\"og:title\" content=\"TITAN PLUS 2LBS FRESA,VAINILLA - Salud y Vida Store\" \/>\n<meta property=\"og:description\" content=\"TITAN PLUS es una prote\u00edna dise\u00f1ada espec\u00edficamente para aquellas personas delgadas o que esten buscando ganar masa muscular para resaltar su apariencia f\u00edsica. Contiene prote\u00edna de suero de leche, prote\u00edna de soya y caseinato de calcio, mezcla perfecta para conseguir m\u00e1s y mejores resultados.\" \/>\n<meta property=\"og:url\" content=\"https:\/\/saludyvidastore.com\/en\/product\/titan-plus-2lbs-fresavainilla\/\" \/>\n<meta property=\"og:site_name\" content=\"Salud y Vida Store\" \/>\n<meta property=\"article:publisher\" content=\"https:\/\/www.facebook.com\/ArmoniaNaturalDietShop\/\" \/>\n<meta property=\"article:modified_time\" content=\"2021-04-22T15:32:57+00:00\" \/>\n<meta property=\"og:image\" content=\"https:\/\/saludyvidastore.com\/wp-content\/uploads\/2018\/02\/titan-plus-2lbs-fresavainilla_667.png\" \/>\n\t<meta property=\"og:image:width\" content=\"720\" \/>\n\t<meta property=\"og:image:height\" content=\"720\" \/>\n\t<meta property=\"og:image:type\" content=\"image\/png\" \/>\n<meta name=\"twitter:card\" content=\"summary_large_image\" \/>\n<meta name=\"twitter:label1\" content=\"Est. reading time\" \/>\n\t<meta name=\"twitter:data1\" content=\"1 minute\" \/>\n<script type=\"application\/ld+json\" class=\"yoast-schema-graph\">{\"@context\":\"https:\/\/schema.org\",\"@graph\":[{\"@type\":\"WebSite\",\"@id\":\"https:\/\/saludyvidastore.com\/#website\",\"url\":\"https:\/\/saludyvidastore.com\/\",\"name\":\"Salud y Vida Store\",\"description\":\"Otro sitio realizado con WordPress\",\"potentialAction\":[{\"@type\":\"SearchAction\",\"target\":{\"@type\":\"EntryPoint\",\"urlTemplate\":\"https:\/\/saludyvidastore.com\/?s={search_term_string}\"},\"query-input\":\"required name=search_term_string\"}],\"inLanguage\":\"en-US\"},{\"@type\":\"ImageObject\",\"@id\":\"https:\/\/saludyvidastore.com\/en\/product\/titan-plus-2lbs-fresavainilla\/#primaryimage\",\"inLanguage\":\"en-US\",\"url\":\"https:\/\/saludyvidastore.com\/wp-content\/uploads\/2018\/02\/titan-plus-2lbs-fresavainilla_667.png\",\"contentUrl\":\"https:\/\/saludyvidastore.com\/wp-content\/uploads\/2018\/02\/titan-plus-2lbs-fresavainilla_667.png\",\"width\":720,\"height\":720},{\"@type\":\"WebPage\",\"@id\":\"https:\/\/saludyvidastore.com\/en\/product\/titan-plus-2lbs-fresavainilla\/#webpage\",\"url\":\"https:\/\/saludyvidastore.com\/en\/product\/titan-plus-2lbs-fresavainilla\/\",\"name\":\"TITAN PLUS 2LBS FRESA,VAINILLA - Salud y Vida Store\",\"isPartOf\":{\"@id\":\"https:\/\/saludyvidastore.com\/#website\"},\"primaryImageOfPage\":{\"@id\":\"https:\/\/saludyvidastore.com\/en\/product\/titan-plus-2lbs-fresavainilla\/#primaryimage\"},\"datePublished\":\"2018-01-28T21:43:24+00:00\",\"dateModified\":\"2021-04-22T15:32:57+00:00\",\"breadcrumb\":{\"@id\":\"https:\/\/saludyvidastore.com\/en\/product\/titan-plus-2lbs-fresavainilla\/#breadcrumb\"},\"inLanguage\":\"en-US\",\"potentialAction\":[{\"@type\":\"ReadAction\",\"target\":[\"https:\/\/saludyvidastore.com\/en\/product\/titan-plus-2lbs-fresavainilla\/\"]}]},{\"@type\":\"BreadcrumbList\",\"@id\":\"https:\/\/saludyvidastore.com\/en\/product\/titan-plus-2lbs-fresavainilla\/#breadcrumb\",\"itemListElement\":[{\"@type\":\"ListItem\",\"position\":1,\"name\":\"Portada\",\"item\":\"https:\/\/saludyvidastore.com\/en\/\"},{\"@type\":\"ListItem\",\"position\":2,\"name\":\"Tienda\",\"item\":\"https:\/\/saludyvidastore.com\/tienda\/\"},{\"@type\":\"ListItem\",\"position\":3,\"name\":\"TITAN PLUS 2LBS FRESA,VAINILLA\"}]}]}<\/script>\n<!-- \/ Yoast SEO plugin. -->","yoast_head_json":{"title":"TITAN PLUS 2LBS FRESA,VAINILLA - Salud y Vida Store","robots":{"index":"index","follow":"follow","max-snippet":"max-snippet:-1","max-image-preview":"max-image-preview:large","max-video-preview":"max-video-preview:-1"},"canonical":"https:\/\/saludyvidastore.com\/en\/product\/titan-plus-2lbs-fresavainilla\/","og_locale":"en_US","og_type":"article","og_title":"TITAN PLUS 2LBS FRESA,VAINILLA - Salud y Vida Store","og_description":"TITAN PLUS es una prote\u00edna dise\u00f1ada espec\u00edficamente para aquellas personas delgadas o que esten buscando ganar masa muscular para resaltar su apariencia f\u00edsica. Contiene prote\u00edna de suero de leche, prote\u00edna de soya y caseinato de calcio, mezcla perfecta para conseguir m\u00e1s y mejores resultados.","og_url":"https:\/\/saludyvidastore.com\/en\/product\/titan-plus-2lbs-fresavainilla\/","og_site_name":"Salud y Vida Store","article_publisher":"https:\/\/www.facebook.com\/ArmoniaNaturalDietShop\/","article_modified_time":"2021-04-22T15:32:57+00:00","og_image":[{"width":720,"height":720,"url":"https:\/\/saludyvidastore.com\/wp-content\/uploads\/2018\/02\/titan-plus-2lbs-fresavainilla_667.png","type":"image\/png"}],"twitter_card":"summary_large_image","twitter_misc":{"Est. reading time":"1 minute"},"schema":{"@context":"https:\/\/schema.org","@graph":[{"@type":"WebSite","@id":"https:\/\/saludyvidastore.com\/#website","url":"https:\/\/saludyvidastore.com\/","name":"Salud y Vida Store","description":"Otro sitio realizado con WordPress","potentialAction":[{"@type":"SearchAction","target":{"@type":"EntryPoint","urlTemplate":"https:\/\/saludyvidastore.com\/?s={search_term_string}"},"query-input":"required name=search_term_string"}],"inLanguage":"en-US"},{"@type":"ImageObject","@id":"https:\/\/saludyvidastore.com\/en\/product\/titan-plus-2lbs-fresavainilla\/#primaryimage","inLanguage":"en-US","url":"https:\/\/saludyvidastore.com\/wp-content\/uploads\/2018\/02\/titan-plus-2lbs-fresavainilla_667.png","contentUrl":"https:\/\/saludyvidastore.com\/wp-content\/uploads\/2018\/02\/titan-plus-2lbs-fresavainilla_667.png","width":720,"height":720},{"@type":"WebPage","@id":"https:\/\/saludyvidastore.com\/en\/product\/titan-plus-2lbs-fresavainilla\/#webpage","url":"https:\/\/saludyvidastore.com\/en\/product\/titan-plus-2lbs-fresavainilla\/","name":"TITAN PLUS 2LBS FRESA,VAINILLA - Salud y Vida Store","isPartOf":{"@id":"https:\/\/saludyvidastore.com\/#website"},"primaryImageOfPage":{"@id":"https:\/\/saludyvidastore.com\/en\/product\/titan-plus-2lbs-fresavainilla\/#primaryimage"},"datePublished":"2018-01-28T21:43:24+00:00","dateModified":"2021-04-22T15:32:57+00:00","breadcrumb":{"@id":"https:\/\/saludyvidastore.com\/en\/product\/titan-plus-2lbs-fresavainilla\/#breadcrumb"},"inLanguage":"en-US","potentialAction":[{"@type":"ReadAction","target":["https:\/\/saludyvidastore.com\/en\/product\/titan-plus-2lbs-fresavainilla\/"]}]},{"@type":"BreadcrumbList","@id":"https:\/\/saludyvidastore.com\/en\/product\/titan-plus-2lbs-fresavainilla\/#breadcrumb","itemListElement":[{"@type":"ListItem","position":1,"name":"Portada","item":"https:\/\/saludyvidastore.com\/en\/"},{"@type":"ListItem","position":2,"name":"Tienda","item":"https:\/\/saludyvidastore.com\/tienda\/"},{"@type":"ListItem","position":3,"name":"TITAN PLUS 2LBS FRESA,VAINILLA"}]}]}},"_links":{"self":[{"href":"https:\/\/saludyvidastore.com\/en\/wp-json\/wp\/v2\/product\/1702"}],"collection":[{"href":"https:\/\/saludyvidastore.com\/en\/wp-json\/wp\/v2\/product"}],"about":[{"href":"https:\/\/saludyvidastore.com\/en\/wp-json\/wp\/v2\/types\/product"}],"replies":[{"embeddable":true,"href":"https:\/\/saludyvidastore.com\/en\/wp-json\/wp\/v2\/comments?post=1702"}],"wp:featuredmedia":[{"embeddable":true,"href":"https:\/\/saludyvidastore.com\/en\/wp-json\/wp\/v2\/media\/637"}],"wp:attachment":[{"href":"https:\/\/saludyvidastore.com\/en\/wp-json\/wp\/v2\/media?parent=1702"}],"wp:term":[{"taxonomy":"product_cat","embeddable":true,"href":"https:\/\/saludyvidastore.com\/en\/wp-json\/wp\/v2\/product_cat?post=1702"},{"taxonomy":"product_tag","embeddable":true,"href":"https:\/\/saludyvidastore.com\/en\/wp-json\/wp\/v2\/product_tag?post=1702"}],"curies":[{"name":"wp","href":"https:\/\/api.w.org\/{rel}","templated":true}]}}