{"id":1712,"date":"2018-01-28T21:43:20","date_gmt":"2018-01-28T21:43:20","guid":{"rendered":"http:\/\/saludyvidastore.com\/product\/super-advance-whey-protein-isolate-2lbs-vainilla-creme\/"},"modified":"2023-08-12T18:38:24","modified_gmt":"2023-08-12T18:38:24","slug":"super-advance-whey-protein-isolate-2lbs-vainilla-creme","status":"publish","type":"product","link":"https:\/\/saludyvidastore.com\/en\/product\/super-advance-whey-protein-isolate-2lbs-vainilla-creme\/","title":{"rendered":"Super Advance Whey Protein Isolate 2Lbs Vainilla Creme"},"content":{"rendered":"<p style=\"text-align: center;\"><span style=\"font-size: 36pt;\">SUPER ADVANCE<\/span><\/p>\n<p style=\"text-align: center;\"><span style=\"font-size: 36pt; color: #00ff00;\">WHEY PROTEIN<\/span><\/p>\n<p style=\"text-align: center;\"><span style=\"font-size: 36pt;\">ISOLATE\u00a0<\/span><\/p>\n<p style=\"text-align: justify;\"><span style=\"font-size: 10pt;\"><span style=\"font-size: 14pt;\">Si usted est\u00e1 listo para tomar el entrenamiento y la nutrici\u00f3n a un nivel superior, entonces usted necesita una fuente de prote\u00ednas de primera clase para ayudar a llegar all\u00ed. Perfecto para cualquiera que quiera obtener m\u00e1s de su suplemento de prote\u00ednas, S\u00faper Avance Whey Isolate es una prote\u00edna de ultra alta calidad dise\u00f1ado para proporcionar apoyo m\u00e1ximo de la masa muscular, la fuerza y la recuperaci\u00f3n del ejercicio.<\/span><\/span><\/p>\n<p><span style=\"font-size: 18pt; color: #00ff00;\">Que es lo que hace s\u00faper Advance Whey Protein \u00a0valga \u00a0la pena ? :<\/span><\/p>\n<p><span style=\"font-size: 14pt; color: #0000ff;\">* 30 gramos de prote\u00edna por cucharada con s\u00f3lo un gramo de carbohidratos.<\/span><\/p>\n<p><span style=\"font-size: 14pt; color: #0000ff;\">\u00a0<\/span><\/p>\n<p><span style=\"font-size: 14pt; color: #0000ff;\">*Super Advance Whey Protein Isolate contiene prote\u00ednas que se procesa mediante microfiltraci\u00f3n para asegurar un suero aislado que contiene lactosa y grasa m\u00ednima. Estos procesos de aislamiento \u00a0separan la prote\u00edna valiosa a partir de materiales que no son prote\u00ednas que producen un aislado de suero de leche altamente purificado.<\/span><\/p>\n<p>&nbsp;<\/p>\n<p><span style=\"font-size: 14pt; color: #0000ff;\">*Estado de los procesos de fabricaci\u00f3n de arte se utilizan para conservar los activos de p\u00e9ptidos de prote\u00edna de suero de leche y microfracciones-algunos otros m\u00e9todos de procesamiento de suero eliminar glicomacrop\u00e9ptidos, que son un componente importante de prote\u00ednas.<\/span><\/p>\n<p><span style=\"color: #0000ff;\">\u00a0<\/span><\/p>\n<p><span style=\"font-size: 14pt; color: #0000ff;\">*Advance Whey Proteina Isolate \u00a0mejora a\u00fan m\u00e1s la capacidad de mezcla y dispersi\u00f3n en l\u00edquido.<\/span><\/p>\n<p><span style=\"color: #0000ff;\">\u00a0<\/span><\/p>\n<p><span style=\"font-size: 14pt; color: #0000ff;\">*Entrega un aislado de prote\u00edna de suero de leche de alta calidad con un perfil de amino\u00e1cidos \u00a0alto por gramo.<\/span><\/p>\n<p><span style=\"color: #0000ff;\">\u00a0<\/span><\/p>\n<p><span style=\"font-size: 14pt; color: #0000ff;\">*Mejorado con los amino\u00e1cidos de forma libre adicionales para trabajar sin\u00e9rgicamente con alta concentraci\u00f3n de suero de aislado de amino\u00e1cidos.<\/span><\/p>\n<p><span style=\"color: #0000ff;\">\u00a0<\/span><\/p>\n<p><span style=\"font-size: 14pt; color: #0000ff;\">* 2 cucharadas contienen m\u00e1s de 9 gramos de los siguientes amino\u00e1cidos de cadena ramificada de prote\u00edna que normalmente proporciona: <\/span><\/p>\n<p><span style=\"font-size: 14pt; color: #0000ff;\">1)Isoleucina \u00a0 2.58g<\/span><br \/>\n<span style=\"font-size: 14pt; color: #0000ff;\">2)Leucina \u00a0 \u00a0 \u00a04.27g<\/span><br \/>\n<span style=\"font-size: 14pt; color: #0000ff;\">3)Valina \u00a0 \u00a0 \u00a0 \u00a02,28g<\/span><\/p>\n<p>&nbsp;<\/p>\n<p>&nbsp;<\/p>\n<p><span style=\"font-size: 14pt; color: #0000ff;\">*La Prote\u00edna de Suero ha sido invocada por a\u00f1os por los atletas, Fisiculturistas y cualquiera que quiera entrar en su mejor forma. S\u00faper Avance Whey Isolate proporciona todos los beneficios del suero, es conocido y m\u00e1s cuidadosamente quitando m\u00e1s de la grasa y la lactosa que no es necesario. Al ayudar a aumentar r\u00e1pidamente la s\u00edntesis de prote\u00ednas, mientras que la reducci\u00f3n de la degradaci\u00f3n de prote\u00ednas, S\u00faper Avance Whey Isolate ayuda a sacar el m\u00e1ximo provecho de su entrenamiento para que no pierda su trabajo duro dentro y fuera del gimnasio.<\/span><\/p>\n<p>&nbsp;<\/p>\n<p><span style=\"font-size: 14pt; color: #0000ff;\">*Uso en conjunci\u00f3n con un intenso programa de ejercicio diario y una dieta equilibrada que incluye una adecuada ingesta cal\u00f3rica.<\/span><\/p>\n<p>&nbsp;<\/p>\n<p><span style=\"font-size: 14pt; color: #0000ff;\"><span style=\"color: #993366;\">Instrucciones De Consumo :<\/span> <span style=\"color: #339966;\">Para adultos, a\u00f1adir una (1) cucharada (34g) de 6-8 onzas de agua o su bebida favorita. Para los atletas serios y fisiculturistas deben consumir 1 a 3 \u00a0servicios de proteina durante el dia, antes y \u00a0despu\u00e9s del ejercicio<\/span><\/span><\/p>\n<p>&nbsp;<\/p>\n<p>&nbsp;<\/p>\n<p>&nbsp;<\/p>\n<p>&nbsp;<\/p>\n<p style=\"text-align: center;\">\n","protected":false},"excerpt":{"rendered":"<p>Si usted est\u00e1 listo para tomar el entrenamiento y la nutrici\u00f3n a un nivel superior, entonces usted necesita una fuente de prote\u00ednas de primera clase para ayudar a llegar all\u00ed. Perfecto para cualquiera que quiera obtener m\u00e1s de su suplemento de prote\u00ednas, S\u00faper Avance Whey Isolate es una prote\u00edna de ultra alta calidad dise\u00f1ado para proporcionar apoyo m\u00e1ximo de la masa muscular, la fuerza y la recuperaci\u00f3n del ejercicio.<\/p>\n","protected":false},"featured_media":687,"comment_status":"open","ping_status":"closed","template":"","meta":[],"product_cat":[42,40,29],"product_tag":[],"acf":[],"yoast_head":"<!-- This site is optimized with the Yoast SEO plugin v18.5.1 - https:\/\/yoast.com\/wordpress\/plugins\/seo\/ -->\n<title>Super Advance Whey Protein Isolate 2Lbs Vainilla Creme - Salud y Vida Store<\/title>\n<meta name=\"robots\" content=\"index, follow, max-snippet:-1, max-image-preview:large, max-video-preview:-1\" \/>\n<link rel=\"canonical\" href=\"https:\/\/saludyvidastore.com\/en\/product\/super-advance-whey-protein-isolate-2lbs-vainilla-creme\/\" \/>\n<meta property=\"og:locale\" content=\"en_US\" \/>\n<meta property=\"og:type\" content=\"article\" \/>\n<meta property=\"og:title\" content=\"Super Advance Whey Protein Isolate 2Lbs Vainilla Creme - Salud y Vida Store\" \/>\n<meta property=\"og:description\" content=\"Si usted est\u00e1 listo para tomar el entrenamiento y la nutrici\u00f3n a un nivel superior, entonces usted necesita una fuente de prote\u00ednas de primera clase para ayudar a llegar all\u00ed. Perfecto para cualquiera que quiera obtener m\u00e1s de su suplemento de prote\u00ednas, S\u00faper Avance Whey Isolate es una prote\u00edna de ultra alta calidad dise\u00f1ado para proporcionar apoyo m\u00e1ximo de la masa muscular, la fuerza y la recuperaci\u00f3n del ejercicio.\" \/>\n<meta property=\"og:url\" content=\"https:\/\/saludyvidastore.com\/en\/product\/super-advance-whey-protein-isolate-2lbs-vainilla-creme\/\" \/>\n<meta property=\"og:site_name\" content=\"Salud y Vida Store\" \/>\n<meta property=\"article:publisher\" content=\"https:\/\/www.facebook.com\/ArmoniaNaturalDietShop\/\" \/>\n<meta property=\"article:modified_time\" content=\"2023-08-12T18:38:24+00:00\" \/>\n<meta property=\"og:image\" content=\"https:\/\/saludyvidastore.com\/wp-content\/uploads\/2018\/02\/super-advance-whey-protein-isolate-2lbs-vainilla-creme_369-scaled.jpg\" \/>\n\t<meta property=\"og:image:width\" content=\"1542\" \/>\n\t<meta property=\"og:image:height\" content=\"2560\" \/>\n\t<meta property=\"og:image:type\" content=\"image\/jpeg\" \/>\n<meta name=\"twitter:card\" content=\"summary_large_image\" \/>\n<meta name=\"twitter:label1\" content=\"Est. reading time\" \/>\n\t<meta name=\"twitter:data1\" content=\"2 minutes\" \/>\n<script type=\"application\/ld+json\" class=\"yoast-schema-graph\">{\"@context\":\"https:\/\/schema.org\",\"@graph\":[{\"@type\":\"WebSite\",\"@id\":\"https:\/\/saludyvidastore.com\/#website\",\"url\":\"https:\/\/saludyvidastore.com\/\",\"name\":\"Salud y Vida Store\",\"description\":\"Otro sitio realizado con WordPress\",\"potentialAction\":[{\"@type\":\"SearchAction\",\"target\":{\"@type\":\"EntryPoint\",\"urlTemplate\":\"https:\/\/saludyvidastore.com\/?s={search_term_string}\"},\"query-input\":\"required name=search_term_string\"}],\"inLanguage\":\"en-US\"},{\"@type\":\"ImageObject\",\"@id\":\"https:\/\/saludyvidastore.com\/en\/product\/super-advance-whey-protein-isolate-2lbs-vainilla-creme\/#primaryimage\",\"inLanguage\":\"en-US\",\"url\":\"https:\/\/saludyvidastore.com\/wp-content\/uploads\/2018\/02\/super-advance-whey-protein-isolate-2lbs-vainilla-creme_369-scaled.jpg\",\"contentUrl\":\"https:\/\/saludyvidastore.com\/wp-content\/uploads\/2018\/02\/super-advance-whey-protein-isolate-2lbs-vainilla-creme_369-scaled.jpg\",\"width\":1542,\"height\":2560},{\"@type\":\"WebPage\",\"@id\":\"https:\/\/saludyvidastore.com\/en\/product\/super-advance-whey-protein-isolate-2lbs-vainilla-creme\/#webpage\",\"url\":\"https:\/\/saludyvidastore.com\/en\/product\/super-advance-whey-protein-isolate-2lbs-vainilla-creme\/\",\"name\":\"Super Advance Whey Protein Isolate 2Lbs Vainilla Creme - Salud y Vida Store\",\"isPartOf\":{\"@id\":\"https:\/\/saludyvidastore.com\/#website\"},\"primaryImageOfPage\":{\"@id\":\"https:\/\/saludyvidastore.com\/en\/product\/super-advance-whey-protein-isolate-2lbs-vainilla-creme\/#primaryimage\"},\"datePublished\":\"2018-01-28T21:43:20+00:00\",\"dateModified\":\"2023-08-12T18:38:24+00:00\",\"breadcrumb\":{\"@id\":\"https:\/\/saludyvidastore.com\/en\/product\/super-advance-whey-protein-isolate-2lbs-vainilla-creme\/#breadcrumb\"},\"inLanguage\":\"en-US\",\"potentialAction\":[{\"@type\":\"ReadAction\",\"target\":[\"https:\/\/saludyvidastore.com\/en\/product\/super-advance-whey-protein-isolate-2lbs-vainilla-creme\/\"]}]},{\"@type\":\"BreadcrumbList\",\"@id\":\"https:\/\/saludyvidastore.com\/en\/product\/super-advance-whey-protein-isolate-2lbs-vainilla-creme\/#breadcrumb\",\"itemListElement\":[{\"@type\":\"ListItem\",\"position\":1,\"name\":\"Portada\",\"item\":\"https:\/\/saludyvidastore.com\/en\/\"},{\"@type\":\"ListItem\",\"position\":2,\"name\":\"Tienda\",\"item\":\"https:\/\/saludyvidastore.com\/tienda\/\"},{\"@type\":\"ListItem\",\"position\":3,\"name\":\"Super Advance Whey Protein Isolate 2Lbs Vainilla Creme\"}]}]}<\/script>\n<!-- \/ Yoast SEO plugin. -->","yoast_head_json":{"title":"Super Advance Whey Protein Isolate 2Lbs Vainilla Creme - Salud y Vida Store","robots":{"index":"index","follow":"follow","max-snippet":"max-snippet:-1","max-image-preview":"max-image-preview:large","max-video-preview":"max-video-preview:-1"},"canonical":"https:\/\/saludyvidastore.com\/en\/product\/super-advance-whey-protein-isolate-2lbs-vainilla-creme\/","og_locale":"en_US","og_type":"article","og_title":"Super Advance Whey Protein Isolate 2Lbs Vainilla Creme - Salud y Vida Store","og_description":"Si usted est\u00e1 listo para tomar el entrenamiento y la nutrici\u00f3n a un nivel superior, entonces usted necesita una fuente de prote\u00ednas de primera clase para ayudar a llegar all\u00ed. Perfecto para cualquiera que quiera obtener m\u00e1s de su suplemento de prote\u00ednas, S\u00faper Avance Whey Isolate es una prote\u00edna de ultra alta calidad dise\u00f1ado para proporcionar apoyo m\u00e1ximo de la masa muscular, la fuerza y la recuperaci\u00f3n del ejercicio.","og_url":"https:\/\/saludyvidastore.com\/en\/product\/super-advance-whey-protein-isolate-2lbs-vainilla-creme\/","og_site_name":"Salud y Vida Store","article_publisher":"https:\/\/www.facebook.com\/ArmoniaNaturalDietShop\/","article_modified_time":"2023-08-12T18:38:24+00:00","og_image":[{"width":1542,"height":2560,"url":"https:\/\/saludyvidastore.com\/wp-content\/uploads\/2018\/02\/super-advance-whey-protein-isolate-2lbs-vainilla-creme_369-scaled.jpg","type":"image\/jpeg"}],"twitter_card":"summary_large_image","twitter_misc":{"Est. reading time":"2 minutes"},"schema":{"@context":"https:\/\/schema.org","@graph":[{"@type":"WebSite","@id":"https:\/\/saludyvidastore.com\/#website","url":"https:\/\/saludyvidastore.com\/","name":"Salud y Vida Store","description":"Otro sitio realizado con WordPress","potentialAction":[{"@type":"SearchAction","target":{"@type":"EntryPoint","urlTemplate":"https:\/\/saludyvidastore.com\/?s={search_term_string}"},"query-input":"required name=search_term_string"}],"inLanguage":"en-US"},{"@type":"ImageObject","@id":"https:\/\/saludyvidastore.com\/en\/product\/super-advance-whey-protein-isolate-2lbs-vainilla-creme\/#primaryimage","inLanguage":"en-US","url":"https:\/\/saludyvidastore.com\/wp-content\/uploads\/2018\/02\/super-advance-whey-protein-isolate-2lbs-vainilla-creme_369-scaled.jpg","contentUrl":"https:\/\/saludyvidastore.com\/wp-content\/uploads\/2018\/02\/super-advance-whey-protein-isolate-2lbs-vainilla-creme_369-scaled.jpg","width":1542,"height":2560},{"@type":"WebPage","@id":"https:\/\/saludyvidastore.com\/en\/product\/super-advance-whey-protein-isolate-2lbs-vainilla-creme\/#webpage","url":"https:\/\/saludyvidastore.com\/en\/product\/super-advance-whey-protein-isolate-2lbs-vainilla-creme\/","name":"Super Advance Whey Protein Isolate 2Lbs Vainilla Creme - Salud y Vida Store","isPartOf":{"@id":"https:\/\/saludyvidastore.com\/#website"},"primaryImageOfPage":{"@id":"https:\/\/saludyvidastore.com\/en\/product\/super-advance-whey-protein-isolate-2lbs-vainilla-creme\/#primaryimage"},"datePublished":"2018-01-28T21:43:20+00:00","dateModified":"2023-08-12T18:38:24+00:00","breadcrumb":{"@id":"https:\/\/saludyvidastore.com\/en\/product\/super-advance-whey-protein-isolate-2lbs-vainilla-creme\/#breadcrumb"},"inLanguage":"en-US","potentialAction":[{"@type":"ReadAction","target":["https:\/\/saludyvidastore.com\/en\/product\/super-advance-whey-protein-isolate-2lbs-vainilla-creme\/"]}]},{"@type":"BreadcrumbList","@id":"https:\/\/saludyvidastore.com\/en\/product\/super-advance-whey-protein-isolate-2lbs-vainilla-creme\/#breadcrumb","itemListElement":[{"@type":"ListItem","position":1,"name":"Portada","item":"https:\/\/saludyvidastore.com\/en\/"},{"@type":"ListItem","position":2,"name":"Tienda","item":"https:\/\/saludyvidastore.com\/tienda\/"},{"@type":"ListItem","position":3,"name":"Super Advance Whey Protein Isolate 2Lbs Vainilla Creme"}]}]}},"_links":{"self":[{"href":"https:\/\/saludyvidastore.com\/en\/wp-json\/wp\/v2\/product\/1712"}],"collection":[{"href":"https:\/\/saludyvidastore.com\/en\/wp-json\/wp\/v2\/product"}],"about":[{"href":"https:\/\/saludyvidastore.com\/en\/wp-json\/wp\/v2\/types\/product"}],"replies":[{"embeddable":true,"href":"https:\/\/saludyvidastore.com\/en\/wp-json\/wp\/v2\/comments?post=1712"}],"wp:featuredmedia":[{"embeddable":true,"href":"https:\/\/saludyvidastore.com\/en\/wp-json\/wp\/v2\/media\/687"}],"wp:attachment":[{"href":"https:\/\/saludyvidastore.com\/en\/wp-json\/wp\/v2\/media?parent=1712"}],"wp:term":[{"taxonomy":"product_cat","embeddable":true,"href":"https:\/\/saludyvidastore.com\/en\/wp-json\/wp\/v2\/product_cat?post=1712"},{"taxonomy":"product_tag","embeddable":true,"href":"https:\/\/saludyvidastore.com\/en\/wp-json\/wp\/v2\/product_tag?post=1712"}],"curies":[{"name":"wp","href":"https:\/\/api.w.org\/{rel}","templated":true}]}}