{"id":1714,"date":"2018-01-28T21:43:20","date_gmt":"2018-01-28T21:43:20","guid":{"rendered":"http:\/\/saludyvidastore.com\/product\/syntha-6-5lbs-bsn\/"},"modified":"2022-03-24T21:21:03","modified_gmt":"2022-03-24T21:21:03","slug":"syntha-6-5lbs-bsn","status":"publish","type":"product","link":"https:\/\/saludyvidastore.com\/en\/product\/syntha-6-5lbs-bsn\/","title":{"rendered":"SYNTHA-6  BSN 5LBS"},"content":{"rendered":"\r\n<p>SYNTHA 6 es una las proteinas m\u00e1s populares y efectivas de BSN. Es un suplemento de nutritivo y multifuncional, ya que incluye amino\u00e1cidos esenciales, \u00e1cidos grasos esenciales y una buena fuente de fibra.<\/p>\r\n\r\n\r\n\r\n<p>SYNTHA 6 contiene 22 g de prote\u00edna por porci\u00f3n y es nuestra prote\u00edna de mejor sabor en el mercado.<\/p>\r\n\r\n\r\n\r\n<p>Esta prote\u00edna es referencia para cualquier r\u00e9gimen de nutrici\u00f3n o ejercicio porque est\u00e1 dise\u00f1ada para adaptarse a una variedad de estilos de vida y planes de dieta. El alto nivel de prote\u00edna de calidad se combina con el gusto, gracias a nuestra exclusiva tecnolog\u00eda de sabor.<\/p>\r\n\r\n\r\n\r\n<p>&nbsp;<\/p>\r\n","protected":false},"excerpt":{"rendered":"<p>SYNTHA 6 es una las proteinas m\u00e1s populares y efectivas de BSN. Es un suplemento de nutritivo y multifuncional, ya que incluye amino\u00e1cidos esenciales, \u00e1cidos grasos esenciales y una buena fuente de fibra.<\/p>\n<p>SYNTHA 6 contiene 22 g de prote\u00edna por porci\u00f3n y es nuestra prote\u00edna de mejor sabor en el mercado.<\/p>\n<p>Esta prote\u00edna es referencia para [&#8230;]<\/p>\n","protected":false},"featured_media":2951,"comment_status":"open","ping_status":"closed","template":"","meta":[],"product_cat":[40,29],"product_tag":[],"acf":[],"yoast_head":"<!-- This site is optimized with the Yoast SEO plugin v18.5.1 - https:\/\/yoast.com\/wordpress\/plugins\/seo\/ -->\n<title>SYNTHA-6 BSN 5LBS - Salud y Vida Store<\/title>\n<meta name=\"robots\" content=\"index, follow, max-snippet:-1, max-image-preview:large, max-video-preview:-1\" \/>\n<link rel=\"canonical\" href=\"https:\/\/saludyvidastore.com\/product\/syntha-6-5lbs-bsn\/\" \/>\n<meta property=\"og:locale\" content=\"en_US\" \/>\n<meta property=\"og:type\" content=\"article\" \/>\n<meta property=\"og:title\" content=\"SYNTHA-6 BSN 5LBS - Salud y Vida Store\" \/>\n<meta property=\"og:description\" content=\"SYNTHA 6 es una las proteinas m\u00e1s populares y efectivas de BSN. Es un suplemento de nutritivo y multifuncional, ya que incluye amino\u00e1cidos esenciales, \u00e1cidos grasos esenciales y una buena fuente de fibra.    SYNTHA 6 contiene 22 g de prote\u00edna por porci\u00f3n y es nuestra prote\u00edna de mejor sabor en el mercado.    Esta prote\u00edna es referencia para [...]\" \/>\n<meta property=\"og:url\" content=\"https:\/\/saludyvidastore.com\/product\/syntha-6-5lbs-bsn\/\" \/>\n<meta property=\"og:site_name\" content=\"Salud y Vida Store\" \/>\n<meta property=\"article:publisher\" content=\"https:\/\/www.facebook.com\/ArmoniaNaturalDietShop\/\" \/>\n<meta property=\"article:modified_time\" content=\"2022-03-24T21:21:03+00:00\" \/>\n<meta property=\"og:image\" content=\"https:\/\/saludyvidastore.com\/wp-content\/uploads\/2018\/01\/syntha6-containers.png\" \/>\n\t<meta property=\"og:image:width\" content=\"541\" \/>\n\t<meta property=\"og:image:height\" content=\"392\" \/>\n\t<meta property=\"og:image:type\" content=\"image\/png\" \/>\n<meta name=\"twitter:card\" content=\"summary_large_image\" \/>\n<meta name=\"twitter:label1\" content=\"Est. reading time\" \/>\n\t<meta name=\"twitter:data1\" content=\"1 minute\" \/>\n<script type=\"application\/ld+json\" class=\"yoast-schema-graph\">{\"@context\":\"https:\/\/schema.org\",\"@graph\":[{\"@type\":\"WebSite\",\"@id\":\"https:\/\/saludyvidastore.com\/#website\",\"url\":\"https:\/\/saludyvidastore.com\/\",\"name\":\"Salud y Vida Store\",\"description\":\"Otro sitio realizado con WordPress\",\"potentialAction\":[{\"@type\":\"SearchAction\",\"target\":{\"@type\":\"EntryPoint\",\"urlTemplate\":\"https:\/\/saludyvidastore.com\/?s={search_term_string}\"},\"query-input\":\"required name=search_term_string\"}],\"inLanguage\":\"en-US\"},{\"@type\":\"ImageObject\",\"@id\":\"https:\/\/saludyvidastore.com\/product\/syntha-6-5lbs-bsn\/#primaryimage\",\"inLanguage\":\"en-US\",\"url\":\"https:\/\/saludyvidastore.com\/wp-content\/uploads\/2018\/01\/syntha6-containers.png\",\"contentUrl\":\"https:\/\/saludyvidastore.com\/wp-content\/uploads\/2018\/01\/syntha6-containers.png\",\"width\":541,\"height\":392},{\"@type\":\"WebPage\",\"@id\":\"https:\/\/saludyvidastore.com\/product\/syntha-6-5lbs-bsn\/#webpage\",\"url\":\"https:\/\/saludyvidastore.com\/product\/syntha-6-5lbs-bsn\/\",\"name\":\"SYNTHA-6 BSN 5LBS - Salud y Vida Store\",\"isPartOf\":{\"@id\":\"https:\/\/saludyvidastore.com\/#website\"},\"primaryImageOfPage\":{\"@id\":\"https:\/\/saludyvidastore.com\/product\/syntha-6-5lbs-bsn\/#primaryimage\"},\"datePublished\":\"2018-01-28T21:43:20+00:00\",\"dateModified\":\"2022-03-24T21:21:03+00:00\",\"breadcrumb\":{\"@id\":\"https:\/\/saludyvidastore.com\/product\/syntha-6-5lbs-bsn\/#breadcrumb\"},\"inLanguage\":\"en-US\",\"potentialAction\":[{\"@type\":\"ReadAction\",\"target\":[\"https:\/\/saludyvidastore.com\/product\/syntha-6-5lbs-bsn\/\"]}]},{\"@type\":\"BreadcrumbList\",\"@id\":\"https:\/\/saludyvidastore.com\/product\/syntha-6-5lbs-bsn\/#breadcrumb\",\"itemListElement\":[{\"@type\":\"ListItem\",\"position\":1,\"name\":\"Portada\",\"item\":\"https:\/\/saludyvidastore.com\/en\/\"},{\"@type\":\"ListItem\",\"position\":2,\"name\":\"Tienda\",\"item\":\"https:\/\/saludyvidastore.com\/tienda\/\"},{\"@type\":\"ListItem\",\"position\":3,\"name\":\"SYNTHA-6 BSN 5LBS\"}]}]}<\/script>\n<!-- \/ Yoast SEO plugin. -->","yoast_head_json":{"title":"SYNTHA-6 BSN 5LBS - Salud y Vida Store","robots":{"index":"index","follow":"follow","max-snippet":"max-snippet:-1","max-image-preview":"max-image-preview:large","max-video-preview":"max-video-preview:-1"},"canonical":"https:\/\/saludyvidastore.com\/product\/syntha-6-5lbs-bsn\/","og_locale":"en_US","og_type":"article","og_title":"SYNTHA-6 BSN 5LBS - Salud y Vida Store","og_description":"SYNTHA 6 es una las proteinas m\u00e1s populares y efectivas de BSN. Es un suplemento de nutritivo y multifuncional, ya que incluye amino\u00e1cidos esenciales, \u00e1cidos grasos esenciales y una buena fuente de fibra.    SYNTHA 6 contiene 22 g de prote\u00edna por porci\u00f3n y es nuestra prote\u00edna de mejor sabor en el mercado.    Esta prote\u00edna es referencia para [...]","og_url":"https:\/\/saludyvidastore.com\/product\/syntha-6-5lbs-bsn\/","og_site_name":"Salud y Vida Store","article_publisher":"https:\/\/www.facebook.com\/ArmoniaNaturalDietShop\/","article_modified_time":"2022-03-24T21:21:03+00:00","og_image":[{"width":541,"height":392,"url":"https:\/\/saludyvidastore.com\/wp-content\/uploads\/2018\/01\/syntha6-containers.png","type":"image\/png"}],"twitter_card":"summary_large_image","twitter_misc":{"Est. reading time":"1 minute"},"schema":{"@context":"https:\/\/schema.org","@graph":[{"@type":"WebSite","@id":"https:\/\/saludyvidastore.com\/#website","url":"https:\/\/saludyvidastore.com\/","name":"Salud y Vida Store","description":"Otro sitio realizado con WordPress","potentialAction":[{"@type":"SearchAction","target":{"@type":"EntryPoint","urlTemplate":"https:\/\/saludyvidastore.com\/?s={search_term_string}"},"query-input":"required name=search_term_string"}],"inLanguage":"en-US"},{"@type":"ImageObject","@id":"https:\/\/saludyvidastore.com\/product\/syntha-6-5lbs-bsn\/#primaryimage","inLanguage":"en-US","url":"https:\/\/saludyvidastore.com\/wp-content\/uploads\/2018\/01\/syntha6-containers.png","contentUrl":"https:\/\/saludyvidastore.com\/wp-content\/uploads\/2018\/01\/syntha6-containers.png","width":541,"height":392},{"@type":"WebPage","@id":"https:\/\/saludyvidastore.com\/product\/syntha-6-5lbs-bsn\/#webpage","url":"https:\/\/saludyvidastore.com\/product\/syntha-6-5lbs-bsn\/","name":"SYNTHA-6 BSN 5LBS - Salud y Vida Store","isPartOf":{"@id":"https:\/\/saludyvidastore.com\/#website"},"primaryImageOfPage":{"@id":"https:\/\/saludyvidastore.com\/product\/syntha-6-5lbs-bsn\/#primaryimage"},"datePublished":"2018-01-28T21:43:20+00:00","dateModified":"2022-03-24T21:21:03+00:00","breadcrumb":{"@id":"https:\/\/saludyvidastore.com\/product\/syntha-6-5lbs-bsn\/#breadcrumb"},"inLanguage":"en-US","potentialAction":[{"@type":"ReadAction","target":["https:\/\/saludyvidastore.com\/product\/syntha-6-5lbs-bsn\/"]}]},{"@type":"BreadcrumbList","@id":"https:\/\/saludyvidastore.com\/product\/syntha-6-5lbs-bsn\/#breadcrumb","itemListElement":[{"@type":"ListItem","position":1,"name":"Portada","item":"https:\/\/saludyvidastore.com\/en\/"},{"@type":"ListItem","position":2,"name":"Tienda","item":"https:\/\/saludyvidastore.com\/tienda\/"},{"@type":"ListItem","position":3,"name":"SYNTHA-6 BSN 5LBS"}]}]}},"_links":{"self":[{"href":"https:\/\/saludyvidastore.com\/en\/wp-json\/wp\/v2\/product\/1714"}],"collection":[{"href":"https:\/\/saludyvidastore.com\/en\/wp-json\/wp\/v2\/product"}],"about":[{"href":"https:\/\/saludyvidastore.com\/en\/wp-json\/wp\/v2\/types\/product"}],"replies":[{"embeddable":true,"href":"https:\/\/saludyvidastore.com\/en\/wp-json\/wp\/v2\/comments?post=1714"}],"wp:featuredmedia":[{"embeddable":true,"href":"https:\/\/saludyvidastore.com\/en\/wp-json\/wp\/v2\/media\/2951"}],"wp:attachment":[{"href":"https:\/\/saludyvidastore.com\/en\/wp-json\/wp\/v2\/media?parent=1714"}],"wp:term":[{"taxonomy":"product_cat","embeddable":true,"href":"https:\/\/saludyvidastore.com\/en\/wp-json\/wp\/v2\/product_cat?post=1714"},{"taxonomy":"product_tag","embeddable":true,"href":"https:\/\/saludyvidastore.com\/en\/wp-json\/wp\/v2\/product_tag?post=1714"}],"curies":[{"name":"wp","href":"https:\/\/api.w.org\/{rel}","templated":true}]}}