{"id":1716,"date":"2018-01-28T21:43:18","date_gmt":"2018-01-28T21:43:18","guid":{"rendered":"http:\/\/saludyvidastore.com\/product\/rapidly-slimming-30-capsulas\/"},"modified":"2018-01-28T21:43:18","modified_gmt":"2018-01-28T21:43:18","slug":"rapidly-slimming-30-capsulas","status":"publish","type":"product","link":"https:\/\/saludyvidastore.com\/en\/product\/rapidly-slimming-30-capsulas\/","title":{"rendered":"Rapidly Slimming 30 Capsulas"},"content":{"rendered":"<div dir=\"ltr\" style=\"line-height: 21px;\"><span class=\"ecxApple-style-span\" style=\"line-height: 21px; font-family: 'Franklin Gothic Medium';\"><span class=\"ecx\" style=\"line-height: normal; font-size: small;\"><span class=\"ecxApple-style-span\" style=\"line-height: 11px; border-collapse: collapse;\"><span class=\"ecx\" style=\"line-height: normal; color: #008a17;\"><span style=\"font-size: 18pt;\">Abdomen Plano con Rapidly Slimming ORIGINAL Frutas y Plantas<\/span><br style=\"line-height: 20px;\" \/><\/span><br style=\"line-height: 20px;\" \/><span style=\"font-size: 12pt;\">Este producto posee un factor activo biol\u00f3gico concentrado para la quema de grasa, extra\u00eddo de una mezcla natural de frutas enfocada en acelerar la descomposici\u00f3n en el intestino de la grasa en los alimentos, mejora la actividad de la ATP (Sustancia que sintetiza elementos y almacena energ\u00eda), descomponer los hidratos de carbono, acelera el metabolismo de la grasa corporal, reducir la eliminaci\u00f3n de toxinas y grasa.\u00a0<\/span><br style=\"line-height: 20px;\" \/><span style=\"font-size: 12pt;\">\u00a0<\/span><br style=\"line-height: 20px;\" \/><span style=\"font-size: 12pt;\">P\u00e9rdida localizada de peso\u00a0<\/span><br style=\"line-height: 20px;\" \/><span style=\"font-size: 12pt;\">Principalmente elimina grasa localizada en el abdomen, brazos, muslos, caderas.\u00a0<\/span><br style=\"line-height: 20px;\" \/><span style=\"font-size: 12pt;\">Elimina el efecto de piel de naranja despu\u00e9s de la reducci\u00f3n, logrando una piel tonificada y libre de pliegues. Pruebas Cl\u00ednicas indicaron que se puede lograr una reducci\u00f3n de peso 6-10 lbs durante 30 d\u00edas seguidos uso.\u00a0<\/span><br style=\"line-height: 20px;\" \/><br style=\"line-height: 20px;\" \/><\/span><\/span><\/span><span class=\"ecxApple-style-span\" style=\"line-height: 21px; font-family: 'Franklin Gothic Medium';\"><span class=\"ecx\" style=\"line-height: normal; font-size: small;\"><span class=\"ecxApple-style-span\" style=\"line-height: 11px; border-collapse: collapse;\"><span class=\"ecx\" style=\"line-height: normal; color: #8c0095; font-size: 14pt;\">La f\u00f3rmula es segura y no tiene efectos secundarios.\u00a0<\/span><br style=\"line-height: 20px;\" \/><br style=\"line-height: 20px;\" \/><span class=\"Apple-style-span\" style=\"font-family: Verdana, Arial, Helvetica, sans-serif; font-size: 11px; line-height: 21px; border-collapse: separate;\"><span class=\"Apple-style-span\" style=\"border-collapse: collapse; color: #696969; font-family: 'Franklin Gothic Medium'; line-height: 11px; font-size: small;\">\u00a0<\/span><\/span><\/span><\/span><\/span><\/div>\n<div dir=\"ltr\" style=\"line-height: 21px;\"><span class=\"ecxApple-style-span\" style=\"line-height: 11px; font-family: 'Franklin Gothic Medium'; border-collapse: collapse; font-size: 14pt;\"><span class=\"ecx\" style=\"line-height: normal; color: #008a17;\">Ingredientes\u00a0<\/span><\/span><\/div>\n<div dir=\"ltr\" style=\"line-height: 21px;\">\n<p><span class=\"ecxApple-style-span\" style=\"line-height: 21px; font-family: 'Franklin Gothic Medium';\"><span class=\"ecx\" style=\"line-height: normal; font-size: small;\"><span class=\"ecxApple-style-span\" style=\"line-height: 11px; border-collapse: collapse;\"><span class=\"ecx\" style=\"line-height: normal; color: #008a17; font-size: 12pt;\">Haw, lim\u00f3n, kiwi, Noli, konjac, qanoderma l\u00facido, vitaminas y minerales\u00a0<\/span><br style=\"line-height: 20px;\" \/><br style=\"line-height: 20px;\" \/><span class=\"ecx\" style=\"line-height: normal; color: #8c0095;\"><span style=\"font-size: 14pt;\">Funciones\u00a0<\/span><br style=\"line-height: 20px;\" \/><span style=\"font-size: 12pt;\">Adelgazar, regular el nivel de grasa en la sangre, eliminaci\u00f3n de toxinas, Proporcionar firmeza y tonicidad a la piel.\u00a0<\/span><\/span><br style=\"line-height: 20px;\" \/><br style=\"line-height: 20px;\" \/><span class=\"ecx\" style=\"line-height: normal; color: #8c0095;\"><span style=\"font-size: 14pt;\">Dirigido a<\/span><br style=\"line-height: 20px;\" \/><span style=\"font-size: 12pt;\">Personas con obesidad m\u00f3rbida; personas con repetidos fracasos en la p\u00e9rdida de peso. Hombres y Mujeres.\u00a0<\/span><br style=\"line-height: 20px;\" \/><span style=\"font-size: 12pt;\">\u00a0<\/span><\/span><br style=\"line-height: 20px;\" \/><span class=\"ecx\" style=\"line-height: normal; color: #ac193d; font-size: 12pt;\">No es recomendado en\u00a0<br style=\"line-height: 20px;\" \/>Ni\u00f1os, mujeres embarazadas, enfermedades del coraz\u00f3n, hipertensi\u00f3n y diabetes.\u00a0<\/span><br style=\"line-height: 20px;\" \/><br style=\"line-height: 20px;\" \/><span style=\"font-size: 14pt;\">Dosis\u00a0<\/span><br style=\"line-height: 20px;\" \/><span style=\"font-size: 12pt;\">Una vez al d\u00eda, una c\u00e1psula media hora antes del desayuno con agua o jugo \u00a0sin az\u00facar<\/span><br style=\"line-height: 20px;\" \/><br style=\"line-height: 20px;\" \/><span style=\"font-size: 14pt;\">Presentaci\u00f3n<\/span>\u00a0<br style=\"line-height: 20px;\" \/><span style=\"font-size: 12pt;\">350mg * 30Capsulas (10 c\u00e1psulas por caja; contiene 3 cajas en el interior)<\/span><\/span><\/span><\/span><\/p>\n<div style=\"line-height: 21px;\"><span class=\"ecxApple-style-span\" style=\"line-height: 21px; color: #2a2a2a; font-family: 'Franklin Gothic Medium';\"><span class=\"ecx\" style=\"line-height: normal; font-size: small;\"><span class=\"ecxApple-style-span\" style=\"line-height: 11px; color: #696969; border-collapse: collapse;\">\u00a0<\/span><\/span><\/span><\/div>\n<div style=\"line-height: 21px;\"><span class=\"ecxApple-style-span\" style=\"line-height: 21px; color: #2a2a2a; font-family: 'Franklin Gothic Medium';\"><span class=\"ecx\" style=\"line-height: normal; font-size: small;\"><span class=\"ecxApple-style-span\" style=\"line-height: 11px; color: #696969; border-collapse: collapse;\">\u00a0<\/span><\/span><\/span><\/div>\n<div style=\"line-height: 21px;\"><span class=\"ecxApple-style-span\" style=\"line-height: 21px; color: #333333; font-family: Arial, Helvetica, 'Nimbus Sans L', sans-serif;\"><img style=\"line-height: 21px; vertical-align: middle; background-color: transparent; border-width: 0px; padding: 0px;\" src=\"https:\/\/col126.mail.live.com\/Handlers\/ImageProxy.mvc?bicild=&amp;canary=1zO8RbjHG9%2fg4AeCWyl8a6AVBNdLd4fEsLV%2fRBFQXV0%3d0&amp;url=http%3a%2f%2fi1118.photobucket.com%2falbums%2fk614%2flomejorparati%2fDiapositiva1-38.jpg\" alt=\"\" width=\"800\" \/><br style=\"line-height: 21px;\" \/><img style=\"line-height: 21px; vertical-align: middle; background-color: transparent; border-width: 0px; padding: 0px;\" src=\"https:\/\/col126.mail.live.com\/Handlers\/ImageProxy.mvc?bicild=&amp;canary=1zO8RbjHG9%2fg4AeCWyl8a6AVBNdLd4fEsLV%2fRBFQXV0%3d0&amp;url=http%3a%2f%2fi1118.photobucket.com%2falbums%2fk614%2flomejorparati%2fDiapositiva2-41.jpg\" alt=\"\" width=\"800\" \/><\/span><\/div>\n<div><span class=\"ecxApple-style-span\" style=\"line-height: 21px; color: #333333; font-family: Arial, Helvetica, 'Nimbus Sans L', sans-serif;\">\u00a0<\/span><\/div>\n<\/div>\n","protected":false},"excerpt":{"rendered":"<p>Este producto posee un factor activo biol\u00f3gico concentrado para la quema de grasa, extra\u00eddo de una mezcla natural de frutas enfocada en acelerar la descomposici\u00f3n en el intestino de la grasa en los alimentos, mejora la actividad de la ATP (Sustancia que sintetiza elementos y almacena energ\u00eda), descomponer los hidratos de carbono, acelera el metabolismo de la grasa corporal, reducir la eliminaci\u00f3n de toxinas y grasa.<\/p>\n","protected":false},"featured_media":707,"comment_status":"open","ping_status":"closed","template":"","meta":[],"product_cat":[31],"product_tag":[],"acf":[],"yoast_head":"<!-- This site is optimized with the Yoast SEO plugin v18.5.1 - https:\/\/yoast.com\/wordpress\/plugins\/seo\/ -->\n<title>Rapidly Slimming 30 Capsulas - Salud y Vida Store<\/title>\n<meta name=\"robots\" content=\"index, follow, max-snippet:-1, max-image-preview:large, max-video-preview:-1\" \/>\n<link rel=\"canonical\" href=\"https:\/\/saludyvidastore.com\/en\/product\/rapidly-slimming-30-capsulas\/\" \/>\n<meta property=\"og:locale\" content=\"en_US\" \/>\n<meta property=\"og:type\" content=\"article\" \/>\n<meta property=\"og:title\" content=\"Rapidly Slimming 30 Capsulas - Salud y Vida Store\" \/>\n<meta property=\"og:description\" content=\"Este producto posee un factor activo biol\u00f3gico concentrado para la quema de grasa, extra\u00eddo de una mezcla natural de frutas enfocada en acelerar la descomposici\u00f3n en el intestino de la grasa en los alimentos, mejora la actividad de la ATP (Sustancia que sintetiza elementos y almacena energ\u00eda), descomponer los hidratos de carbono, acelera el metabolismo de la grasa corporal, reducir la eliminaci\u00f3n de toxinas y grasa.\" \/>\n<meta property=\"og:url\" content=\"https:\/\/saludyvidastore.com\/en\/product\/rapidly-slimming-30-capsulas\/\" \/>\n<meta property=\"og:site_name\" content=\"Salud y Vida Store\" \/>\n<meta property=\"article:publisher\" content=\"https:\/\/www.facebook.com\/ArmoniaNaturalDietShop\/\" \/>\n<meta property=\"og:image\" content=\"https:\/\/saludyvidastore.com\/wp-content\/uploads\/2018\/02\/rapidly-slimming-30-capsulas_130-scaled.jpg\" \/>\n\t<meta property=\"og:image:width\" content=\"2023\" \/>\n\t<meta property=\"og:image:height\" content=\"2560\" \/>\n\t<meta property=\"og:image:type\" content=\"image\/jpeg\" \/>\n<meta name=\"twitter:card\" content=\"summary_large_image\" \/>\n<meta name=\"twitter:label1\" content=\"Est. reading time\" \/>\n\t<meta name=\"twitter:data1\" content=\"1 minute\" \/>\n<script type=\"application\/ld+json\" class=\"yoast-schema-graph\">{\"@context\":\"https:\/\/schema.org\",\"@graph\":[{\"@type\":\"WebSite\",\"@id\":\"https:\/\/saludyvidastore.com\/#website\",\"url\":\"https:\/\/saludyvidastore.com\/\",\"name\":\"Salud y Vida Store\",\"description\":\"Otro sitio realizado con WordPress\",\"potentialAction\":[{\"@type\":\"SearchAction\",\"target\":{\"@type\":\"EntryPoint\",\"urlTemplate\":\"https:\/\/saludyvidastore.com\/?s={search_term_string}\"},\"query-input\":\"required name=search_term_string\"}],\"inLanguage\":\"en-US\"},{\"@type\":\"ImageObject\",\"@id\":\"https:\/\/saludyvidastore.com\/en\/product\/rapidly-slimming-30-capsulas\/#primaryimage\",\"inLanguage\":\"en-US\",\"url\":\"https:\/\/saludyvidastore.com\/wp-content\/uploads\/2018\/02\/rapidly-slimming-30-capsulas_130-scaled.jpg\",\"contentUrl\":\"https:\/\/saludyvidastore.com\/wp-content\/uploads\/2018\/02\/rapidly-slimming-30-capsulas_130-scaled.jpg\",\"width\":2023,\"height\":2560},{\"@type\":\"WebPage\",\"@id\":\"https:\/\/saludyvidastore.com\/en\/product\/rapidly-slimming-30-capsulas\/#webpage\",\"url\":\"https:\/\/saludyvidastore.com\/en\/product\/rapidly-slimming-30-capsulas\/\",\"name\":\"Rapidly Slimming 30 Capsulas - Salud y Vida Store\",\"isPartOf\":{\"@id\":\"https:\/\/saludyvidastore.com\/#website\"},\"primaryImageOfPage\":{\"@id\":\"https:\/\/saludyvidastore.com\/en\/product\/rapidly-slimming-30-capsulas\/#primaryimage\"},\"datePublished\":\"2018-01-28T21:43:18+00:00\",\"dateModified\":\"2018-01-28T21:43:18+00:00\",\"breadcrumb\":{\"@id\":\"https:\/\/saludyvidastore.com\/en\/product\/rapidly-slimming-30-capsulas\/#breadcrumb\"},\"inLanguage\":\"en-US\",\"potentialAction\":[{\"@type\":\"ReadAction\",\"target\":[\"https:\/\/saludyvidastore.com\/en\/product\/rapidly-slimming-30-capsulas\/\"]}]},{\"@type\":\"BreadcrumbList\",\"@id\":\"https:\/\/saludyvidastore.com\/en\/product\/rapidly-slimming-30-capsulas\/#breadcrumb\",\"itemListElement\":[{\"@type\":\"ListItem\",\"position\":1,\"name\":\"Portada\",\"item\":\"https:\/\/saludyvidastore.com\/en\/\"},{\"@type\":\"ListItem\",\"position\":2,\"name\":\"Tienda\",\"item\":\"https:\/\/saludyvidastore.com\/tienda\/\"},{\"@type\":\"ListItem\",\"position\":3,\"name\":\"Rapidly Slimming 30 Capsulas\"}]}]}<\/script>\n<!-- \/ Yoast SEO plugin. -->","yoast_head_json":{"title":"Rapidly Slimming 30 Capsulas - Salud y Vida Store","robots":{"index":"index","follow":"follow","max-snippet":"max-snippet:-1","max-image-preview":"max-image-preview:large","max-video-preview":"max-video-preview:-1"},"canonical":"https:\/\/saludyvidastore.com\/en\/product\/rapidly-slimming-30-capsulas\/","og_locale":"en_US","og_type":"article","og_title":"Rapidly Slimming 30 Capsulas - Salud y Vida Store","og_description":"Este producto posee un factor activo biol\u00f3gico concentrado para la quema de grasa, extra\u00eddo de una mezcla natural de frutas enfocada en acelerar la descomposici\u00f3n en el intestino de la grasa en los alimentos, mejora la actividad de la ATP (Sustancia que sintetiza elementos y almacena energ\u00eda), descomponer los hidratos de carbono, acelera el metabolismo de la grasa corporal, reducir la eliminaci\u00f3n de toxinas y grasa.","og_url":"https:\/\/saludyvidastore.com\/en\/product\/rapidly-slimming-30-capsulas\/","og_site_name":"Salud y Vida Store","article_publisher":"https:\/\/www.facebook.com\/ArmoniaNaturalDietShop\/","og_image":[{"width":2023,"height":2560,"url":"https:\/\/saludyvidastore.com\/wp-content\/uploads\/2018\/02\/rapidly-slimming-30-capsulas_130-scaled.jpg","type":"image\/jpeg"}],"twitter_card":"summary_large_image","twitter_misc":{"Est. reading time":"1 minute"},"schema":{"@context":"https:\/\/schema.org","@graph":[{"@type":"WebSite","@id":"https:\/\/saludyvidastore.com\/#website","url":"https:\/\/saludyvidastore.com\/","name":"Salud y Vida Store","description":"Otro sitio realizado con WordPress","potentialAction":[{"@type":"SearchAction","target":{"@type":"EntryPoint","urlTemplate":"https:\/\/saludyvidastore.com\/?s={search_term_string}"},"query-input":"required name=search_term_string"}],"inLanguage":"en-US"},{"@type":"ImageObject","@id":"https:\/\/saludyvidastore.com\/en\/product\/rapidly-slimming-30-capsulas\/#primaryimage","inLanguage":"en-US","url":"https:\/\/saludyvidastore.com\/wp-content\/uploads\/2018\/02\/rapidly-slimming-30-capsulas_130-scaled.jpg","contentUrl":"https:\/\/saludyvidastore.com\/wp-content\/uploads\/2018\/02\/rapidly-slimming-30-capsulas_130-scaled.jpg","width":2023,"height":2560},{"@type":"WebPage","@id":"https:\/\/saludyvidastore.com\/en\/product\/rapidly-slimming-30-capsulas\/#webpage","url":"https:\/\/saludyvidastore.com\/en\/product\/rapidly-slimming-30-capsulas\/","name":"Rapidly Slimming 30 Capsulas - Salud y Vida Store","isPartOf":{"@id":"https:\/\/saludyvidastore.com\/#website"},"primaryImageOfPage":{"@id":"https:\/\/saludyvidastore.com\/en\/product\/rapidly-slimming-30-capsulas\/#primaryimage"},"datePublished":"2018-01-28T21:43:18+00:00","dateModified":"2018-01-28T21:43:18+00:00","breadcrumb":{"@id":"https:\/\/saludyvidastore.com\/en\/product\/rapidly-slimming-30-capsulas\/#breadcrumb"},"inLanguage":"en-US","potentialAction":[{"@type":"ReadAction","target":["https:\/\/saludyvidastore.com\/en\/product\/rapidly-slimming-30-capsulas\/"]}]},{"@type":"BreadcrumbList","@id":"https:\/\/saludyvidastore.com\/en\/product\/rapidly-slimming-30-capsulas\/#breadcrumb","itemListElement":[{"@type":"ListItem","position":1,"name":"Portada","item":"https:\/\/saludyvidastore.com\/en\/"},{"@type":"ListItem","position":2,"name":"Tienda","item":"https:\/\/saludyvidastore.com\/tienda\/"},{"@type":"ListItem","position":3,"name":"Rapidly Slimming 30 Capsulas"}]}]}},"_links":{"self":[{"href":"https:\/\/saludyvidastore.com\/en\/wp-json\/wp\/v2\/product\/1716"}],"collection":[{"href":"https:\/\/saludyvidastore.com\/en\/wp-json\/wp\/v2\/product"}],"about":[{"href":"https:\/\/saludyvidastore.com\/en\/wp-json\/wp\/v2\/types\/product"}],"replies":[{"embeddable":true,"href":"https:\/\/saludyvidastore.com\/en\/wp-json\/wp\/v2\/comments?post=1716"}],"wp:featuredmedia":[{"embeddable":true,"href":"https:\/\/saludyvidastore.com\/en\/wp-json\/wp\/v2\/media\/707"}],"wp:attachment":[{"href":"https:\/\/saludyvidastore.com\/en\/wp-json\/wp\/v2\/media?parent=1716"}],"wp:term":[{"taxonomy":"product_cat","embeddable":true,"href":"https:\/\/saludyvidastore.com\/en\/wp-json\/wp\/v2\/product_cat?post=1716"},{"taxonomy":"product_tag","embeddable":true,"href":"https:\/\/saludyvidastore.com\/en\/wp-json\/wp\/v2\/product_tag?post=1716"}],"curies":[{"name":"wp","href":"https:\/\/api.w.org\/{rel}","templated":true}]}}