{"id":1717,"date":"2018-01-28T21:43:18","date_gmt":"2018-01-28T21:43:18","guid":{"rendered":"http:\/\/saludyvidastore.com\/product\/raspberry-ketones-cetonas-de-frambuesa-100mg-x-120-capsulas\/"},"modified":"2021-11-05T15:11:01","modified_gmt":"2021-11-05T15:11:01","slug":"raspberry-ketones-cetonas-de-frambuesa-100mg-x-120-capsulas","status":"publish","type":"product","link":"https:\/\/saludyvidastore.com\/en\/product\/raspberry-ketones-cetonas-de-frambuesa-100mg-x-120-capsulas\/","title":{"rendered":"Raspberry Ketones &#8220;Cetonas de frambuesa&#8221;"},"content":{"rendered":"<p style=\"vertical-align: baseline; text-align: center; padding: 0px; margin: 0.5em 0px 0.5em 0px; border: 3px initial initial;\"><span style=\"vertical-align: baseline; font-size: large; padding: 0px; margin: 0px; border: 0px initial initial;\"><em style=\"vertical-align: baseline; padding: 0px; margin: 0px; border: 0px initial initial;\"><strong style=\"vertical-align: baseline; padding: 0px; margin: 0px; border: 0px initial initial;\"><span style=\"vertical-align: baseline; color: #800000; padding: 0px; margin: 0px; border: 0px initial initial;\">Raspberry Ketones Puritans 100mg X 120 Capsulas, Quema Grasa Y Baja De Peso<\/span><\/strong><\/em><\/span><\/p>\n<p style=\"vertical-align: baseline; text-align: center; padding: 0px; margin: 0.5em 0px 0.5em 0px; border: 3px initial initial;\"><span style=\"vertical-align: baseline; font-size: large; padding: 0px; margin: 0px; border: 0px initial initial;\"><em style=\"vertical-align: baseline; padding: 0px; margin: 0px; border: 0px initial initial;\"><strong style=\"vertical-align: baseline; padding: 0px; margin: 0px; border: 0px initial initial;\"><span style=\"vertical-align: baseline; color: #800000; padding: 0px; margin: 0px; border: 0px initial initial;\"><strong style=\"vertical-align: baseline; padding: 0px; margin: 0px; border: 0px initial initial;\"><i style=\"vertical-align: baseline; padding: 0px; margin: 0px; border: 0px initial initial;\"><strong style=\"vertical-align: baseline; padding: 0px; margin: 0px; border: 0px initial initial;\"><i style=\"vertical-align: baseline; padding: 0px; margin: 0px; border: 0px initial initial;\">\u00a1Porque la Belleza duradera proviene del interior!<\/i><\/strong><\/i><\/strong><\/span><\/strong><\/em><\/span><\/p>\n<p style=\"vertical-align: baseline; text-align: center; padding: 0px; margin: 0.5em 0px 0.5em 0px; border: 3px initial initial;\"><em style=\"vertical-align: baseline; padding: 0px; margin: 0px; border: 0px initial initial;\"><span style=\"vertical-align: baseline; color: #800000; padding: 0px; margin: 0px; border: 0px initial initial;\"><strong style=\"vertical-align: baseline; padding: 0px; margin: 0px; border: 0px initial initial;\"><span style=\"vertical-align: baseline; font-size: medium; padding: 0px; margin: 0px; border: 0px initial initial;\">Raspberry Ketones &#8220;Cetonas de frambuesa&#8221;\u00a0 I<\/span><\/strong><span style=\"vertical-align: baseline; font-size: medium; padding: 0px; margin: 0px; border: 0px initial initial;\">nvestigaciones han demostrado que la\u00a0<strong style=\"vertical-align: baseline; padding: 0px; margin: 0px; border: 0px initial initial;\">cetona de frambuesa<\/strong>\u00a0ayuda a perder peso, sobre todo si se combina con ejercicio regular y una dieta bien equilibrada de alimentos sanos y enteros.<\/span><\/span><\/em><\/p>\n<p style=\"vertical-align: baseline; text-align: center; padding: 0px; margin: 0.5em 0px 0.5em 0px; border: 3px initial initial;\"><em style=\"vertical-align: baseline; padding: 0px; margin: 0px; border: 0px initial initial;\"><span style=\"vertical-align: baseline; font-size: medium; color: #800000; padding: 0px; margin: 0px; border: 0px initial initial;\">Cetona de frambuesa es el compuesto responsable del delicioso aroma de las \u00a0frambuesas rojas, este compuesto ayuda con la perdida de peso, mediante la producci\u00f3n de\u00a0<a href=\"https:\/\/www.elsevier.es\/es-revista-medicina-clinica-2-articulo-adiponectina-un-nuevo-nexo-entre-13072576\">adiponectina<\/a>\u00a0, una prote\u00edna utilizada por el cuerpo para regular el metabolismo. incluyendo la regulaci\u00f3n de la glucosa y el catabolismo de \u00e1cidos grasos, de esta forma ayuda a su cuerpo a quemar grasa m\u00e1s r\u00e1pido.\u00a0La dosis recomendada es de\u00a0\u00a0100 mg por d\u00eda.\u00a0\u00a0Para obtener los mismos beneficios de la fruta entera, usted tendr\u00eda que consumir 90 libras de frambuesas.<\/span><\/em><\/p>\n<p style=\"vertical-align: baseline; text-align: center; padding: 0px; margin: 0.5em 0px 0.5em 0px; border: 3px initial initial;\"><em style=\"vertical-align: baseline; font-size: large; padding: 0px; margin: 0px; border: 0px initial initial;\"><span style=\"vertical-align: baseline; color: #800000; padding: 0px; margin: 0px; border: 0px initial initial;\"><em style=\"vertical-align: baseline; padding: 0px; margin: 0px; border: 0px initial initial;\"><strong style=\"vertical-align: baseline; padding: 0px; margin: 0px; border: 0px initial initial;\">Raspberry Ketones Puritans 100mg<\/strong><\/em><\/span><\/em><\/p>\n<p style=\"vertical-align: baseline; text-align: center; padding: 0px; margin: 0.5em 0px 0.5em 0px; border: 3px initial initial;\"><em style=\"vertical-align: baseline; font-size: large; padding: 0px; margin: 0px; border: 0px initial initial;\"><span style=\"vertical-align: baseline; color: #800000; padding: 0px; margin: 0px; border: 0px initial initial;\"><em style=\"vertical-align: baseline; padding: 0px; margin: 0px; border: 0px initial initial;\"><strong style=\"vertical-align: baseline; padding: 0px; margin: 0px; border: 0px initial initial;\">*Tomar 1 Capsula Diaria con el Desayuno.<\/strong><\/em><\/span><\/em><\/p>\n<p style=\"vertical-align: baseline; text-align: center; padding: 0px; margin: 0.5em 0px 0.5em 0px; border: 3px initial initial;\"><em style=\"vertical-align: baseline; font-size: large; padding: 0px; margin: 0px; border: 0px initial initial;\"><span style=\"vertical-align: baseline; color: #800000; padding: 0px; margin: 0px; border: 0px initial initial;\"><em style=\"vertical-align: baseline; padding: 0px; margin: 0px; border: 0px initial initial;\"><strong style=\"vertical-align: baseline; padding: 0px; margin: 0px; border: 0px initial initial;\">\u00a0<\/strong><\/em><\/span><\/em><\/p>\n<table style=\"vertical-align: baseline; border-collapse: collapse; font-size: 13px; padding: 0px; margin: 0px; border: 0px initial initial;\" border=\"0\" cellspacing=\"0\" cellpadding=\"0\" align=\"center\" bgcolor=\"#f5f4e7\">\n<tbody style=\"vertical-align: middle; padding: 0px; margin: 0px; border: 0px initial initial;\">\n<tr style=\"vertical-align: baseline; padding: 0px; margin: 0px; border: 0px initial initial;\">\n<td style=\"vertical-align: middle; padding: 0px; margin: 0px; border: 0px initial initial;\">\n<table style=\"vertical-align: baseline; border-collapse: collapse; font-size: 13px; line-height: normal; padding: 0px; margin: 0px; border: 0px initial initial;\" border=\"0\" cellspacing=\"0\" cellpadding=\"0\">\n<tbody style=\"vertical-align: middle; padding: 0px; margin: 0px; border: 0px initial initial;\">\n<tr style=\"vertical-align: baseline; padding: 0px; margin: 0px; border: 0px initial initial;\">\n<td style=\"vertical-align: middle; padding: 0px; margin: 0px; border: 0px initial initial;\" bgcolor=\"#fefefe\" width=\"580\">\n<p style=\"vertical-align: baseline; line-height: normal; text-align: left; padding: 0px; margin: 0.5em 0px 0.5em 0px; border: 3px initial initial;\" align=\"center\"><span style=\"vertical-align: baseline; line-height: normal; color: #800000; font-size: large; padding: 0px; margin: 0px; border: 0px initial initial;\"><strong style=\"vertical-align: baseline; line-height: normal; padding: 0px; margin: 0px; border: 0px initial initial;\"><i style=\"vertical-align: baseline; padding: 0px; margin: 0px; border: 0px initial initial;\">Producto directamente importado de USA , excelente calidad, tenemos el mejor precio del mercado.<\/i><\/strong><\/span><\/p>\n<\/td>\n<\/tr>\n<\/tbody>\n<\/table>\n<\/td>\n<\/tr>\n<\/tbody>\n<\/table>\n<h2 style=\"vertical-align: baseline; font-weight: bold; font-size: 1.5em; padding: 0px; margin: 0.83em 0px 0.83em 0px; border: 0px initial initial;\"><\/h2>\n<h2 style=\"vertical-align: baseline; font-weight: bold; font-size: 1.5em; padding: 0px; margin: 0.83em 0px 0.83em 0px; border: 0px initial initial;\">\u00bfPor qu\u00e9\u00a0<span style=\"vertical-align: baseline; padding: 0px; margin: 0px; border: 0px initial initial;\">Raspberry Ketone es<\/span>\u00a0tan eficaz?<\/h2>\n<p style=\"vertical-align: baseline; padding: 0px; margin: 0.5em 0px 0.5em 0px; border: 3px initial initial;\"><span style=\"font-size: 12pt;\">Raspberry Ketones &#8220;Cetonas de frambuesa&#8221;\u00a0 Raspberry Ketone tienen fuerte relaci\u00f3n con los tejidos de grasa en el cuerpo, y es que parece ser eficaz en la asistencia para ayudar a generar la quema de grasa, adem\u00e1s de la p\u00e9rdida de grasa entera dentro de nuestros cuerpos.<\/span><\/p>\n<p style=\"vertical-align: baseline; padding: 0px; margin: 0.5em 0px 0.5em 0px; border: 3px initial initial;\"><span style=\"font-size: 12pt;\">Las frambuesas est\u00e1n llenos de fibra y la fibra ayuda a mantener la sensaci\u00f3n de saciedad durante m\u00e1s tiempo y le ayuda a sucumbir a los antojos.<\/span><\/p>\n<p style=\"vertical-align: baseline; padding: 0px; margin: 0.5em 0px 0.5em 0px; border: 3px initial initial;\"><span style=\"font-size: 12pt;\">Tambi\u00e9n son una buena <a href=\"\/?p=7552\">fuente<\/a> de manganeso, que es conocido para impulsar el metabolismo. Esto a su vez\u00a0<strong style=\"vertical-align: baseline; padding: 0px; margin: 0px; border: 0px initial initial;\">ayuda a quemar grasa,<\/strong>\u00a0por lo que las frambuesas son considerados como un alimento de gran perdida de peso.<\/span><\/p>\n<p style=\"vertical-align: baseline; padding: 0px; margin: 0.5em 0px 0.5em 0px; border: 3px initial initial;\"><strong style=\"vertical-align: baseline; padding: 0px; margin: 0px; border: 0px initial initial;\"><img loading=\"lazy\" class=\"src-lazy-load\" style=\"vertical-align: middle; padding: 0px; margin: 0px; border: 0px initial initial;\" src=\"https:\/\/raspberryketone-portugal.com\/wp-content\/uploads\/2012\/12\/Raspberry-Ketone-Belly-Fat-Busting-Supplement.jpg\" alt=\"raspb\" width=\"260\" height=\"267\" \/><br \/>\n<\/strong><\/p>\n<p>&nbsp;<\/p>\n<p>&nbsp;<\/p>\n","protected":false},"excerpt":{"rendered":"<p>Beneficios de la Cetona de Frambuesa :<br \/>\nPuede ayudarle a bajar 5 libras por semana.<br \/>\nImpulso enorme dentro de su tasa metab\u00f3lica.<br \/>\nSe puede hacer m\u00e1s fuerte su sistema inmunol\u00f3gico.<br \/>\nPurifica el sistema que viene de compuestos t\u00f3xicos y tambi\u00e9n aumenta los movimientos intestinales.<br \/>\nImpulso enorme en los niveles de su energ\u00eda.<br \/>\nMejora la circulaci\u00f3n de la sangre.<br \/>\nLe ayuda a obtener una limpieza completa de su cuerpo.<\/p>\n","protected":false},"featured_media":715,"comment_status":"open","ping_status":"closed","template":"","meta":[],"product_cat":[49,47,31,29],"product_tag":[],"acf":[],"yoast_head":"<!-- This site is optimized with the Yoast SEO plugin v18.5.1 - https:\/\/yoast.com\/wordpress\/plugins\/seo\/ -->\n<title>Raspberry Ketones &quot;Cetonas de frambuesa&quot; - Salud y Vida Store<\/title>\n<meta name=\"description\" content=\"Raspberry Ketones &quot;Cetonas de frambuesa&quot; la\u00a0cetona de frambuesa\u00a0ayuda a perder peso, sobre todo si se combina con ejercicio regular.\" \/>\n<meta name=\"robots\" content=\"index, follow, max-snippet:-1, max-image-preview:large, max-video-preview:-1\" \/>\n<link rel=\"canonical\" href=\"https:\/\/saludyvidastore.com\/en\/product\/raspberry-ketones-cetonas-de-frambuesa-100mg-x-120-capsulas\/\" \/>\n<meta property=\"og:locale\" content=\"en_US\" \/>\n<meta property=\"og:type\" content=\"article\" \/>\n<meta property=\"og:title\" content=\"Raspberry Ketones &quot;Cetonas de frambuesa&quot; - Salud y Vida Store\" \/>\n<meta property=\"og:description\" content=\"Raspberry Ketones &quot;Cetonas de frambuesa&quot; la\u00a0cetona de frambuesa\u00a0ayuda a perder peso, sobre todo si se combina con ejercicio regular.\" \/>\n<meta property=\"og:url\" content=\"https:\/\/saludyvidastore.com\/en\/product\/raspberry-ketones-cetonas-de-frambuesa-100mg-x-120-capsulas\/\" \/>\n<meta property=\"og:site_name\" content=\"Salud y Vida Store\" \/>\n<meta property=\"article:publisher\" content=\"https:\/\/www.facebook.com\/ArmoniaNaturalDietShop\/\" \/>\n<meta property=\"article:modified_time\" content=\"2021-11-05T15:11:01+00:00\" \/>\n<meta property=\"og:image\" content=\"https:\/\/saludyvidastore.com\/wp-content\/uploads\/2018\/02\/raspberry-ketones-cetonas-de-frambuesa-100mg-x-120-capsulas_316.jpg\" \/>\n\t<meta property=\"og:image:width\" content=\"208\" \/>\n\t<meta property=\"og:image:height\" content=\"400\" \/>\n\t<meta property=\"og:image:type\" content=\"image\/jpeg\" \/>\n<meta name=\"twitter:card\" content=\"summary_large_image\" \/>\n<meta name=\"twitter:label1\" content=\"Est. reading time\" \/>\n\t<meta name=\"twitter:data1\" content=\"1 minute\" \/>\n<script type=\"application\/ld+json\" class=\"yoast-schema-graph\">{\"@context\":\"https:\/\/schema.org\",\"@graph\":[{\"@type\":\"WebSite\",\"@id\":\"https:\/\/saludyvidastore.com\/#website\",\"url\":\"https:\/\/saludyvidastore.com\/\",\"name\":\"Salud y Vida Store\",\"description\":\"Otro sitio realizado con WordPress\",\"potentialAction\":[{\"@type\":\"SearchAction\",\"target\":{\"@type\":\"EntryPoint\",\"urlTemplate\":\"https:\/\/saludyvidastore.com\/?s={search_term_string}\"},\"query-input\":\"required name=search_term_string\"}],\"inLanguage\":\"en-US\"},{\"@type\":\"ImageObject\",\"@id\":\"https:\/\/saludyvidastore.com\/en\/product\/raspberry-ketones-cetonas-de-frambuesa-100mg-x-120-capsulas\/#primaryimage\",\"inLanguage\":\"en-US\",\"url\":\"https:\/\/saludyvidastore.com\/wp-content\/uploads\/2018\/02\/raspberry-ketones-cetonas-de-frambuesa-100mg-x-120-capsulas_316.jpg\",\"contentUrl\":\"https:\/\/saludyvidastore.com\/wp-content\/uploads\/2018\/02\/raspberry-ketones-cetonas-de-frambuesa-100mg-x-120-capsulas_316.jpg\",\"width\":208,\"height\":400,\"caption\":\"Raspberry Ketones \\\"Cetonas de frambuesa\\\"\"},{\"@type\":\"WebPage\",\"@id\":\"https:\/\/saludyvidastore.com\/en\/product\/raspberry-ketones-cetonas-de-frambuesa-100mg-x-120-capsulas\/#webpage\",\"url\":\"https:\/\/saludyvidastore.com\/en\/product\/raspberry-ketones-cetonas-de-frambuesa-100mg-x-120-capsulas\/\",\"name\":\"Raspberry Ketones \\\"Cetonas de frambuesa\\\" - Salud y Vida Store\",\"isPartOf\":{\"@id\":\"https:\/\/saludyvidastore.com\/#website\"},\"primaryImageOfPage\":{\"@id\":\"https:\/\/saludyvidastore.com\/en\/product\/raspberry-ketones-cetonas-de-frambuesa-100mg-x-120-capsulas\/#primaryimage\"},\"datePublished\":\"2018-01-28T21:43:18+00:00\",\"dateModified\":\"2021-11-05T15:11:01+00:00\",\"description\":\"Raspberry Ketones \\\"Cetonas de frambuesa\\\" la\u00a0cetona de frambuesa\u00a0ayuda a perder peso, sobre todo si se combina con ejercicio regular.\",\"breadcrumb\":{\"@id\":\"https:\/\/saludyvidastore.com\/en\/product\/raspberry-ketones-cetonas-de-frambuesa-100mg-x-120-capsulas\/#breadcrumb\"},\"inLanguage\":\"en-US\",\"potentialAction\":[{\"@type\":\"ReadAction\",\"target\":[\"https:\/\/saludyvidastore.com\/en\/product\/raspberry-ketones-cetonas-de-frambuesa-100mg-x-120-capsulas\/\"]}]},{\"@type\":\"BreadcrumbList\",\"@id\":\"https:\/\/saludyvidastore.com\/en\/product\/raspberry-ketones-cetonas-de-frambuesa-100mg-x-120-capsulas\/#breadcrumb\",\"itemListElement\":[{\"@type\":\"ListItem\",\"position\":1,\"name\":\"Portada\",\"item\":\"https:\/\/saludyvidastore.com\/en\/\"},{\"@type\":\"ListItem\",\"position\":2,\"name\":\"Tienda\",\"item\":\"https:\/\/saludyvidastore.com\/tienda\/\"},{\"@type\":\"ListItem\",\"position\":3,\"name\":\"Raspberry Ketones &#8220;Cetonas de frambuesa&#8221;\"}]}]}<\/script>\n<!-- \/ Yoast SEO plugin. -->","yoast_head_json":{"title":"Raspberry Ketones \"Cetonas de frambuesa\" - Salud y Vida Store","description":"Raspberry Ketones \"Cetonas de frambuesa\" la\u00a0cetona de frambuesa\u00a0ayuda a perder peso, sobre todo si se combina con ejercicio regular.","robots":{"index":"index","follow":"follow","max-snippet":"max-snippet:-1","max-image-preview":"max-image-preview:large","max-video-preview":"max-video-preview:-1"},"canonical":"https:\/\/saludyvidastore.com\/en\/product\/raspberry-ketones-cetonas-de-frambuesa-100mg-x-120-capsulas\/","og_locale":"en_US","og_type":"article","og_title":"Raspberry Ketones \"Cetonas de frambuesa\" - Salud y Vida Store","og_description":"Raspberry Ketones \"Cetonas de frambuesa\" la\u00a0cetona de frambuesa\u00a0ayuda a perder peso, sobre todo si se combina con ejercicio regular.","og_url":"https:\/\/saludyvidastore.com\/en\/product\/raspberry-ketones-cetonas-de-frambuesa-100mg-x-120-capsulas\/","og_site_name":"Salud y Vida Store","article_publisher":"https:\/\/www.facebook.com\/ArmoniaNaturalDietShop\/","article_modified_time":"2021-11-05T15:11:01+00:00","og_image":[{"width":208,"height":400,"url":"https:\/\/saludyvidastore.com\/wp-content\/uploads\/2018\/02\/raspberry-ketones-cetonas-de-frambuesa-100mg-x-120-capsulas_316.jpg","type":"image\/jpeg"}],"twitter_card":"summary_large_image","twitter_misc":{"Est. reading time":"1 minute"},"schema":{"@context":"https:\/\/schema.org","@graph":[{"@type":"WebSite","@id":"https:\/\/saludyvidastore.com\/#website","url":"https:\/\/saludyvidastore.com\/","name":"Salud y Vida Store","description":"Otro sitio realizado con WordPress","potentialAction":[{"@type":"SearchAction","target":{"@type":"EntryPoint","urlTemplate":"https:\/\/saludyvidastore.com\/?s={search_term_string}"},"query-input":"required name=search_term_string"}],"inLanguage":"en-US"},{"@type":"ImageObject","@id":"https:\/\/saludyvidastore.com\/en\/product\/raspberry-ketones-cetonas-de-frambuesa-100mg-x-120-capsulas\/#primaryimage","inLanguage":"en-US","url":"https:\/\/saludyvidastore.com\/wp-content\/uploads\/2018\/02\/raspberry-ketones-cetonas-de-frambuesa-100mg-x-120-capsulas_316.jpg","contentUrl":"https:\/\/saludyvidastore.com\/wp-content\/uploads\/2018\/02\/raspberry-ketones-cetonas-de-frambuesa-100mg-x-120-capsulas_316.jpg","width":208,"height":400,"caption":"Raspberry Ketones \"Cetonas de frambuesa\""},{"@type":"WebPage","@id":"https:\/\/saludyvidastore.com\/en\/product\/raspberry-ketones-cetonas-de-frambuesa-100mg-x-120-capsulas\/#webpage","url":"https:\/\/saludyvidastore.com\/en\/product\/raspberry-ketones-cetonas-de-frambuesa-100mg-x-120-capsulas\/","name":"Raspberry Ketones \"Cetonas de frambuesa\" - Salud y Vida Store","isPartOf":{"@id":"https:\/\/saludyvidastore.com\/#website"},"primaryImageOfPage":{"@id":"https:\/\/saludyvidastore.com\/en\/product\/raspberry-ketones-cetonas-de-frambuesa-100mg-x-120-capsulas\/#primaryimage"},"datePublished":"2018-01-28T21:43:18+00:00","dateModified":"2021-11-05T15:11:01+00:00","description":"Raspberry Ketones \"Cetonas de frambuesa\" la\u00a0cetona de frambuesa\u00a0ayuda a perder peso, sobre todo si se combina con ejercicio regular.","breadcrumb":{"@id":"https:\/\/saludyvidastore.com\/en\/product\/raspberry-ketones-cetonas-de-frambuesa-100mg-x-120-capsulas\/#breadcrumb"},"inLanguage":"en-US","potentialAction":[{"@type":"ReadAction","target":["https:\/\/saludyvidastore.com\/en\/product\/raspberry-ketones-cetonas-de-frambuesa-100mg-x-120-capsulas\/"]}]},{"@type":"BreadcrumbList","@id":"https:\/\/saludyvidastore.com\/en\/product\/raspberry-ketones-cetonas-de-frambuesa-100mg-x-120-capsulas\/#breadcrumb","itemListElement":[{"@type":"ListItem","position":1,"name":"Portada","item":"https:\/\/saludyvidastore.com\/en\/"},{"@type":"ListItem","position":2,"name":"Tienda","item":"https:\/\/saludyvidastore.com\/tienda\/"},{"@type":"ListItem","position":3,"name":"Raspberry Ketones &#8220;Cetonas de frambuesa&#8221;"}]}]}},"_links":{"self":[{"href":"https:\/\/saludyvidastore.com\/en\/wp-json\/wp\/v2\/product\/1717"}],"collection":[{"href":"https:\/\/saludyvidastore.com\/en\/wp-json\/wp\/v2\/product"}],"about":[{"href":"https:\/\/saludyvidastore.com\/en\/wp-json\/wp\/v2\/types\/product"}],"replies":[{"embeddable":true,"href":"https:\/\/saludyvidastore.com\/en\/wp-json\/wp\/v2\/comments?post=1717"}],"wp:featuredmedia":[{"embeddable":true,"href":"https:\/\/saludyvidastore.com\/en\/wp-json\/wp\/v2\/media\/715"}],"wp:attachment":[{"href":"https:\/\/saludyvidastore.com\/en\/wp-json\/wp\/v2\/media?parent=1717"}],"wp:term":[{"taxonomy":"product_cat","embeddable":true,"href":"https:\/\/saludyvidastore.com\/en\/wp-json\/wp\/v2\/product_cat?post=1717"},{"taxonomy":"product_tag","embeddable":true,"href":"https:\/\/saludyvidastore.com\/en\/wp-json\/wp\/v2\/product_tag?post=1717"}],"curies":[{"name":"wp","href":"https:\/\/api.w.org\/{rel}","templated":true}]}}