{"id":1718,"date":"2018-01-28T21:43:18","date_gmt":"2018-01-28T21:43:18","guid":{"rendered":"http:\/\/saludyvidastore.com\/product\/silincode-sos-pulseras-con-codigo-qr\/"},"modified":"2018-01-28T21:43:18","modified_gmt":"2018-01-28T21:43:18","slug":"silincode-sos-pulseras-con-codigo-qr","status":"publish","type":"product","link":"https:\/\/saludyvidastore.com\/en\/product\/silincode-sos-pulseras-con-codigo-qr\/","title":{"rendered":"SILINCODE SOS Pulseras con c\u00f3digo QR"},"content":{"rendered":"<p><img style=\"margin-left: auto; margin-right: auto;\" src=\"images\/11091265_353408134870376_1985601185638900470_n.png\" alt=\"\" \/><\/p>\n<p>&nbsp;<\/p>\n<p><span style=\"font-family: verdana, geneva; font-size: 12pt;\"><span style=\"color: #141823; line-height: 18px;\">Silincode\u00ae nace en 2011 como respuesta a la necesidad de mostrar y compartir datos personales y de inter\u00e9s a trav\u00e9s de difer<\/span><span class=\"text_exposed_show\" style=\"color: #141823; line-height: 18px;\">entes soportes cotidianos, utilizando la tecnolog\u00eda de c\u00f3digos QR, y ofreciendo al usuario un servicio personalizado y exclusivo para la presentaci\u00f3n de sus datos a compartir.<\/span><\/span><\/p>\n<p><span style=\"font-family: verdana, geneva; font-size: 12pt;\">Un c\u00f3digo QR (Quick Response) es un c\u00f3digo gr\u00e1fico bidimensional que almacena informaci\u00f3n capaz de ser descifrada a trav\u00e9s de un dispositivo m\u00f3vil con el software o aplicaci\u00f3n necesaria.<\/span><\/p>\n<p><span style=\"font-family: verdana, geneva; font-size: 12pt;\">Los c\u00f3digos QR desarrollados por Silincode\u00ae redirigen autom\u00e1ticamente al perfil personalizado y exclusivo que el usuario haya asociado a dicho c\u00f3digo, permitiendo as\u00ed que cualquier persona con un dispositivo m\u00f3vil y la aplicaci\u00f3n adecuada pueda acceder a esta informaci\u00f3n escaneando el c\u00f3digo del producto.<\/span><\/p>\n<p>&nbsp;<\/p>\n<p>&nbsp;<\/p>\n","protected":false},"excerpt":{"rendered":"<p>SILINCODE SOS<\/p>\n<p>Nuestros dispositivos SOS permiten que en caso de emergencia cualquier persona pueda acceder a tu informaci\u00f3n escaneando el c\u00f3digo QR de tu producto.<\/p>\n<p>Al activar tu producto obtendr\u00e1s una direcci\u00f3n web personalizada que \u00fanicamente podr\u00e1s modificar a trav\u00e9s de tu usuario y contrase\u00f1a, desde cualquier lugar con conexi\u00f3n a internet.<\/p>\n<p>Este producto es \u00fatil para cualquier usuario, ya que en caso de accidente, desorientaci\u00f3n o p\u00e9rdida de consciencia, tanto los servicios de emergencia como las personas de tu alrededor podr\u00e1n acceder a tu informaci\u00f3n vital de manera r\u00e1pida evitando incidentes y ganando tiempo de asistencia.<\/p>\n","protected":false},"featured_media":723,"comment_status":"open","ping_status":"closed","template":"","meta":[],"product_cat":[42],"product_tag":[],"acf":[],"yoast_head":"<!-- This site is optimized with the Yoast SEO plugin v18.5.1 - https:\/\/yoast.com\/wordpress\/plugins\/seo\/ -->\n<title>SILINCODE SOS Pulseras con c\u00f3digo QR - Salud y Vida Store<\/title>\n<meta name=\"robots\" content=\"index, follow, max-snippet:-1, max-image-preview:large, max-video-preview:-1\" \/>\n<link rel=\"canonical\" href=\"https:\/\/saludyvidastore.com\/en\/product\/silincode-sos-pulseras-con-codigo-qr\/\" \/>\n<meta property=\"og:locale\" content=\"en_US\" \/>\n<meta property=\"og:type\" content=\"article\" \/>\n<meta property=\"og:title\" content=\"SILINCODE SOS Pulseras con c\u00f3digo QR - Salud y Vida Store\" \/>\n<meta property=\"og:description\" content=\"SILINCODE SOS  Nuestros dispositivos SOS permiten que en caso de emergencia cualquier persona pueda acceder a tu informaci\u00f3n escaneando el c\u00f3digo QR de tu producto.  Al activar tu producto obtendr\u00e1s una direcci\u00f3n web personalizada que \u00fanicamente podr\u00e1s modificar a trav\u00e9s de tu usuario y contrase\u00f1a, desde cualquier lugar con conexi\u00f3n a internet.  Este producto es \u00fatil para cualquier usuario, ya que en caso de accidente, desorientaci\u00f3n o p\u00e9rdida de consciencia, tanto los servicios de emergencia como las personas de tu alrededor podr\u00e1n acceder a tu informaci\u00f3n vital de manera r\u00e1pida evitando incidentes y ganando tiempo de asistencia.\" \/>\n<meta property=\"og:url\" content=\"https:\/\/saludyvidastore.com\/en\/product\/silincode-sos-pulseras-con-codigo-qr\/\" \/>\n<meta property=\"og:site_name\" content=\"Salud y Vida Store\" \/>\n<meta property=\"article:publisher\" content=\"https:\/\/www.facebook.com\/ArmoniaNaturalDietShop\/\" \/>\n<meta property=\"og:image\" content=\"https:\/\/saludyvidastore.com\/wp-content\/uploads\/2018\/02\/silincode-sos-pulseras-con-codigo-qr_484.jpg\" \/>\n\t<meta property=\"og:image:width\" content=\"450\" \/>\n\t<meta property=\"og:image:height\" content=\"300\" \/>\n\t<meta property=\"og:image:type\" content=\"image\/jpeg\" \/>\n<meta name=\"twitter:card\" content=\"summary_large_image\" \/>\n<meta name=\"twitter:label1\" content=\"Est. reading time\" \/>\n\t<meta name=\"twitter:data1\" content=\"1 minute\" \/>\n<script type=\"application\/ld+json\" class=\"yoast-schema-graph\">{\"@context\":\"https:\/\/schema.org\",\"@graph\":[{\"@type\":\"WebSite\",\"@id\":\"https:\/\/saludyvidastore.com\/#website\",\"url\":\"https:\/\/saludyvidastore.com\/\",\"name\":\"Salud y Vida Store\",\"description\":\"Otro sitio realizado con WordPress\",\"potentialAction\":[{\"@type\":\"SearchAction\",\"target\":{\"@type\":\"EntryPoint\",\"urlTemplate\":\"https:\/\/saludyvidastore.com\/?s={search_term_string}\"},\"query-input\":\"required name=search_term_string\"}],\"inLanguage\":\"en-US\"},{\"@type\":\"ImageObject\",\"@id\":\"https:\/\/saludyvidastore.com\/en\/product\/silincode-sos-pulseras-con-codigo-qr\/#primaryimage\",\"inLanguage\":\"en-US\",\"url\":\"https:\/\/saludyvidastore.com\/wp-content\/uploads\/2018\/02\/silincode-sos-pulseras-con-codigo-qr_484.jpg\",\"contentUrl\":\"https:\/\/saludyvidastore.com\/wp-content\/uploads\/2018\/02\/silincode-sos-pulseras-con-codigo-qr_484.jpg\",\"width\":450,\"height\":300},{\"@type\":\"WebPage\",\"@id\":\"https:\/\/saludyvidastore.com\/en\/product\/silincode-sos-pulseras-con-codigo-qr\/#webpage\",\"url\":\"https:\/\/saludyvidastore.com\/en\/product\/silincode-sos-pulseras-con-codigo-qr\/\",\"name\":\"SILINCODE SOS Pulseras con c\u00f3digo QR - Salud y Vida Store\",\"isPartOf\":{\"@id\":\"https:\/\/saludyvidastore.com\/#website\"},\"primaryImageOfPage\":{\"@id\":\"https:\/\/saludyvidastore.com\/en\/product\/silincode-sos-pulseras-con-codigo-qr\/#primaryimage\"},\"datePublished\":\"2018-01-28T21:43:18+00:00\",\"dateModified\":\"2018-01-28T21:43:18+00:00\",\"breadcrumb\":{\"@id\":\"https:\/\/saludyvidastore.com\/en\/product\/silincode-sos-pulseras-con-codigo-qr\/#breadcrumb\"},\"inLanguage\":\"en-US\",\"potentialAction\":[{\"@type\":\"ReadAction\",\"target\":[\"https:\/\/saludyvidastore.com\/en\/product\/silincode-sos-pulseras-con-codigo-qr\/\"]}]},{\"@type\":\"BreadcrumbList\",\"@id\":\"https:\/\/saludyvidastore.com\/en\/product\/silincode-sos-pulseras-con-codigo-qr\/#breadcrumb\",\"itemListElement\":[{\"@type\":\"ListItem\",\"position\":1,\"name\":\"Portada\",\"item\":\"https:\/\/saludyvidastore.com\/en\/\"},{\"@type\":\"ListItem\",\"position\":2,\"name\":\"Tienda\",\"item\":\"https:\/\/saludyvidastore.com\/tienda\/\"},{\"@type\":\"ListItem\",\"position\":3,\"name\":\"SILINCODE SOS Pulseras con c\u00f3digo QR\"}]}]}<\/script>\n<!-- \/ Yoast SEO plugin. -->","yoast_head_json":{"title":"SILINCODE SOS Pulseras con c\u00f3digo QR - Salud y Vida Store","robots":{"index":"index","follow":"follow","max-snippet":"max-snippet:-1","max-image-preview":"max-image-preview:large","max-video-preview":"max-video-preview:-1"},"canonical":"https:\/\/saludyvidastore.com\/en\/product\/silincode-sos-pulseras-con-codigo-qr\/","og_locale":"en_US","og_type":"article","og_title":"SILINCODE SOS Pulseras con c\u00f3digo QR - Salud y Vida Store","og_description":"SILINCODE SOS  Nuestros dispositivos SOS permiten que en caso de emergencia cualquier persona pueda acceder a tu informaci\u00f3n escaneando el c\u00f3digo QR de tu producto.  Al activar tu producto obtendr\u00e1s una direcci\u00f3n web personalizada que \u00fanicamente podr\u00e1s modificar a trav\u00e9s de tu usuario y contrase\u00f1a, desde cualquier lugar con conexi\u00f3n a internet.  Este producto es \u00fatil para cualquier usuario, ya que en caso de accidente, desorientaci\u00f3n o p\u00e9rdida de consciencia, tanto los servicios de emergencia como las personas de tu alrededor podr\u00e1n acceder a tu informaci\u00f3n vital de manera r\u00e1pida evitando incidentes y ganando tiempo de asistencia.","og_url":"https:\/\/saludyvidastore.com\/en\/product\/silincode-sos-pulseras-con-codigo-qr\/","og_site_name":"Salud y Vida Store","article_publisher":"https:\/\/www.facebook.com\/ArmoniaNaturalDietShop\/","og_image":[{"width":450,"height":300,"url":"https:\/\/saludyvidastore.com\/wp-content\/uploads\/2018\/02\/silincode-sos-pulseras-con-codigo-qr_484.jpg","type":"image\/jpeg"}],"twitter_card":"summary_large_image","twitter_misc":{"Est. reading time":"1 minute"},"schema":{"@context":"https:\/\/schema.org","@graph":[{"@type":"WebSite","@id":"https:\/\/saludyvidastore.com\/#website","url":"https:\/\/saludyvidastore.com\/","name":"Salud y Vida Store","description":"Otro sitio realizado con WordPress","potentialAction":[{"@type":"SearchAction","target":{"@type":"EntryPoint","urlTemplate":"https:\/\/saludyvidastore.com\/?s={search_term_string}"},"query-input":"required name=search_term_string"}],"inLanguage":"en-US"},{"@type":"ImageObject","@id":"https:\/\/saludyvidastore.com\/en\/product\/silincode-sos-pulseras-con-codigo-qr\/#primaryimage","inLanguage":"en-US","url":"https:\/\/saludyvidastore.com\/wp-content\/uploads\/2018\/02\/silincode-sos-pulseras-con-codigo-qr_484.jpg","contentUrl":"https:\/\/saludyvidastore.com\/wp-content\/uploads\/2018\/02\/silincode-sos-pulseras-con-codigo-qr_484.jpg","width":450,"height":300},{"@type":"WebPage","@id":"https:\/\/saludyvidastore.com\/en\/product\/silincode-sos-pulseras-con-codigo-qr\/#webpage","url":"https:\/\/saludyvidastore.com\/en\/product\/silincode-sos-pulseras-con-codigo-qr\/","name":"SILINCODE SOS Pulseras con c\u00f3digo QR - Salud y Vida Store","isPartOf":{"@id":"https:\/\/saludyvidastore.com\/#website"},"primaryImageOfPage":{"@id":"https:\/\/saludyvidastore.com\/en\/product\/silincode-sos-pulseras-con-codigo-qr\/#primaryimage"},"datePublished":"2018-01-28T21:43:18+00:00","dateModified":"2018-01-28T21:43:18+00:00","breadcrumb":{"@id":"https:\/\/saludyvidastore.com\/en\/product\/silincode-sos-pulseras-con-codigo-qr\/#breadcrumb"},"inLanguage":"en-US","potentialAction":[{"@type":"ReadAction","target":["https:\/\/saludyvidastore.com\/en\/product\/silincode-sos-pulseras-con-codigo-qr\/"]}]},{"@type":"BreadcrumbList","@id":"https:\/\/saludyvidastore.com\/en\/product\/silincode-sos-pulseras-con-codigo-qr\/#breadcrumb","itemListElement":[{"@type":"ListItem","position":1,"name":"Portada","item":"https:\/\/saludyvidastore.com\/en\/"},{"@type":"ListItem","position":2,"name":"Tienda","item":"https:\/\/saludyvidastore.com\/tienda\/"},{"@type":"ListItem","position":3,"name":"SILINCODE SOS Pulseras con c\u00f3digo QR"}]}]}},"_links":{"self":[{"href":"https:\/\/saludyvidastore.com\/en\/wp-json\/wp\/v2\/product\/1718"}],"collection":[{"href":"https:\/\/saludyvidastore.com\/en\/wp-json\/wp\/v2\/product"}],"about":[{"href":"https:\/\/saludyvidastore.com\/en\/wp-json\/wp\/v2\/types\/product"}],"replies":[{"embeddable":true,"href":"https:\/\/saludyvidastore.com\/en\/wp-json\/wp\/v2\/comments?post=1718"}],"wp:featuredmedia":[{"embeddable":true,"href":"https:\/\/saludyvidastore.com\/en\/wp-json\/wp\/v2\/media\/723"}],"wp:attachment":[{"href":"https:\/\/saludyvidastore.com\/en\/wp-json\/wp\/v2\/media?parent=1718"}],"wp:term":[{"taxonomy":"product_cat","embeddable":true,"href":"https:\/\/saludyvidastore.com\/en\/wp-json\/wp\/v2\/product_cat?post=1718"},{"taxonomy":"product_tag","embeddable":true,"href":"https:\/\/saludyvidastore.com\/en\/wp-json\/wp\/v2\/product_tag?post=1718"}],"curies":[{"name":"wp","href":"https:\/\/api.w.org\/{rel}","templated":true}]}}