{"id":1726,"date":"2018-01-28T21:43:17","date_gmt":"2018-01-28T21:43:17","guid":{"rendered":"http:\/\/saludyvidastore.com\/product\/pure-cambogia-ultra-1600mg-y-60-de-hca-x-60-capsulas%e2%80%8f\/"},"modified":"2021-09-01T13:56:33","modified_gmt":"2021-09-01T13:56:33","slug":"pure-cambogia-ultra-1600mg-y-60-de-hca-x-60-capsulas%e2%80%8f","status":"publish","type":"product","link":"https:\/\/saludyvidastore.com\/en\/product\/pure-cambogia-ultra-1600mg-y-60-de-hca-x-60-capsulas%e2%80%8f\/","title":{"rendered":"Pure Cambogia Ultra"},"content":{"rendered":"<h1 style=\"text-align: center;\"><strong>Pure Cambogia Ultra<\/strong><\/h1>\n<p>&nbsp;<\/p>\n<p><span style=\"font-size: 14pt;\">Pure Cambogia Ultra es el nuevo producto de la p\u00e9rdida peso en el mercado con resultados probados que lo respalde!<\/span><\/p>\n<p>&nbsp;<\/p>\n<p><span style=\"font-size: 14pt;\"><a href=\"https:\/\/www.lafarmaciaonline.com\/es\/que-es-y-para-que-sirve-la-garcinia-cambogia\/blog\/2053\/\">Garcinia cambogia<\/a> es una fruta peque\u00f1a, con forma de calabaza, a veces llamado tamarindo. Aunque originaria de Indonesia, que tambi\u00e9n se cultiva en la India, el sudeste de Asia, y \u00c1frica occidental y central. Durante mucho tiempo se ha utilizado para la p\u00e9rdida de peso y para controlar el hambre.<\/span><\/p>\n<p>&nbsp;<\/p>\n<p><span style=\"font-size: 14pt;\">Esta planta dispone de uno de los suplementos a base de hierbas m\u00e1s barata en el mercado. El ingrediente de la c\u00e1scara de la fruta podr\u00eda acelerar sus esfuerzos para perder peso. El extracto natural se llama \u00e1cido hidroxic\u00edtrico (HCA), y los investigadores dicen que el HCA puede duplicar o triplicar la p\u00e9rdida de peso de una persona. El extracto de Garcinia cambogia HCA ayudas de suplementos en la p\u00e9rdida de peso haciendo dos cosas: que ayuda a <a href=\"\/?p=2879\">bloquear la grasa<\/a> y suprime el apetito.<\/span><\/p>\n<p>&nbsp;<\/p>\n<p><span style=\"font-size: 14pt;\">HCA bloquea la grasa inhibiendo una enzima clave que su cuerpo necesita para producir la grasa de los carbohidratos: citrato liasa. Por lo general, los hidratos de carbono o az\u00facares que no se usan inmediatamente o almacenadas en otras formas se convierten en grasas. Cuando HCA inhibe la citrato liasa, se detiene el proceso de toma de grasa y la producci\u00f3n de colesterol LDL (colesterol malo) y los triglic\u00e9ridos disminuyen. <\/span><\/p>\n<p>&nbsp;<\/p>\n<p><span style=\"font-size: 14pt;\">HCA tambi\u00e9n suprime el apetito mediante el aumento de los niveles de serotonina. La serotonina es un neurotransmisor en el cerebro que te hace sentir bien. Al aumentar los niveles de serotonina, HCA mejora el humor y suprime el impulso de reaccionar a las situaciones estresantes con los alimentos. Como usted come menos, su cuerpo detecta esto y libera la grasa almacenada en las c\u00e9lulas de grasa. Esta planta milagrosa es aclamado en la televisi\u00f3n nacional como el santo grial de los productos para bajar de peso.<\/span><\/p>\n<p><span style=\"color: #00ff00; font-size: 24pt;\"><br \/>\n<\/span><\/p>\n<p><span style=\"font-size: 14pt;\">Garcinia cambogia Es una fruta que combate activamente la grasa y suprime el apetito, est\u00e1 provocando grandes cambios a nivel mundial por sus propiedades las cuales facilitan el quemar grasas si hacer dietas.<\/span><\/p>\n<p>&nbsp;<\/p>\n<p><span style=\"font-size: 14pt;\">Es al menos dos veces m\u00e1s efectivo que cualquier otro producto similar en el mercado. Con los 1600mgs puros que contiene el producto, es la dosis \u00f3ptima y necesaria para lograr los m\u00e1ximos resultados. A diferencia de muchos productos de la competencia, s\u00f3lo utilizamos ingredientes de primera calidad con el porcentaje m\u00e1s alto de HCA.<\/span><\/p>\n<p>&nbsp;<\/p>\n<p><span style=\"font-size: 14pt;\">Contiene 1600mg y 60 % de HCA &#8211; m\u00e1s que cualquier otro producto en el mercado. \u00c1cido hidroxic\u00edtrico o HCA es el compuesto activo primario que se encuentra en la fruta y los estudios han demostrado contribuye a la p\u00e9rdida de grasa , suprime el apetito y mejora el bienestar general . HCA se encuentra en altas concentraciones en la corteza de la fruta y es la clave para conseguir resultados positivos.<\/span><\/p>\n<p><span style=\"color: #0000ff; font-size: 18pt;\">Caracteristicas:<\/span><\/p>\n<ul>\n<li><span style=\"font-size: 14pt;\">Mayor Supresor de Apetito<\/span><\/li>\n<li><span style=\"font-size: 14pt;\">El m\u00e1s fuerte quemador de grasa garantizado<\/span><\/li>\n<li><span style=\"font-size: 14pt;\">Control de antojos y ansiedad<\/span><\/li>\n<li><span style=\"font-size: 14pt;\">Aumenta los noveles de serotonina<\/span><\/li>\n<li><span style=\"font-size: 14pt;\">Reductor de la hormona del estres<\/span><\/li>\n<li><span style=\"font-size: 14pt;\">Promueve el proceso del metabolismo<\/span><\/li>\n<li><span style=\"font-size: 14pt;\">Regula la tentaci\u00f3n de comer<\/span><\/li>\n<li><span style=\"font-size: 14pt;\">Fabricado en USA<\/span><\/li>\n<li><span style=\"font-size: 14pt;\">Contiene 60% \u00e1cido hidroxic\u00edtrico (HCA)<\/span><\/li>\n<li><span style=\"font-size: 14pt;\">Inhibe la producci\u00f3n de grasa<\/span><\/li>\n<li><span style=\"font-size: 14pt;\">Pierda en promedio 3-7 Kilos sin dieta ni ejercicios<\/span><\/li>\n<li><span style=\"font-size: 14pt;\">Ver resultados r\u00e1pidamente<\/span><\/li>\n<li><span style=\"font-size: 14pt;\">Regula los antojos, el azucar<\/span><\/li>\n<li><span style=\"font-size: 14pt;\">Aumenta la energ\u00eda<\/span><\/li>\n<li><span style=\"font-size: 14pt;\">Suprime el apetito<\/span><\/li>\n<li><span style=\"font-size: 14pt;\">Disminucu\u00f3n del colesterol<\/span><\/li>\n<li><span style=\"font-size: 14pt;\">100% Natural<\/span><\/li>\n<li><span style=\"font-size: 14pt;\">Con potasio, cromo y calcio lo cual genera mayores resultados<\/span><\/li>\n<\/ul>\n<p>&nbsp;<\/p>\n<p><span style=\"color: #00ff00; font-size: 24pt;\">\u00bfC\u00f3mo se toma?<\/span><\/p>\n<p><span style=\"font-size: 14pt; color: #ff6600;\">La dosis recomendada es de 1 Capsula antes del Desayuno y 1 antes del Almuerzo .<\/span><\/p>\n<p>&nbsp;<\/p>\n<p><span style=\"font-size: 14pt;\">Importado por Armonia Natural Diet Shop<\/span><\/p>\n<p><span style=\"font-size: 14pt;\">Labotatorio Herbal Pharma Laboratories FL USA<\/span><\/p>\n<p><span style=\"font-size: 14pt; color: #008000;\">Ingredientes: Garcinia Cambogia (c\u00e1scara de la fruta) extracto (con un 60% HCA) 1600 mg, cromo 150 mg (porci\u00f3n tama\u00f1o 2 c\u00e1psulas).<\/span><\/p>\n","protected":false},"excerpt":{"rendered":"<p>Algunas Caracter\u00edsticas de la Pure Cambogia Ultra 1600 Mg:<\/p>\n<p>Mayor Supresor de Apetito<br \/>\nEl m\u00e1s fuerte quemador de grasa garantizado<br \/>\nControl de antojos y ansiedad<br \/>\nAumenta los noveles de serotonina<br \/>\nReductor de la hormona del estres<br \/>\nPromueve el proceso del metabolismo<br \/>\nRegula la tentaci\u00f3n de comer<br \/>\nFabricado en USA<br \/>\nContiene 60% \u00e1cido hidroxic\u00edtrico (HCA)<br \/>\nInhibe la producci\u00f3n de grasa<br \/>\nPierda en promedio 3-7 Kilos sin dieta ni ejercicios<br \/>\nVer resultados r\u00e1pidamente<br \/>\nRegula los antojos, el azucar<br \/>\nAumenta la energ\u00eda<br \/>\nSuprime el apetito<br \/>\nDisminucu\u00f3n del colesterol<br \/>\n100% Natural<br \/>\nCon potasio, cromo y calcio lo cual genera mayores resultados<\/p>\n","protected":false},"featured_media":749,"comment_status":"open","ping_status":"closed","template":"","meta":[],"product_cat":[49,47,31],"product_tag":[],"acf":[],"yoast_head":"<!-- This site is optimized with the Yoast SEO plugin v18.5.1 - https:\/\/yoast.com\/wordpress\/plugins\/seo\/ -->\n<title>Pure Cambogia Ultra - Salud y Vida Store .<\/title>\n<meta name=\"description\" content=\"Pure Cambogia Ultra combate activamente la grasa y suprime el apetito y por sus propiedades facilitan quemar grasas sin hacer dietas.\" \/>\n<meta name=\"robots\" content=\"index, follow, max-snippet:-1, max-image-preview:large, max-video-preview:-1\" \/>\n<link rel=\"canonical\" href=\"https:\/\/saludyvidastore.com\/en\/product\/pure-cambogia-ultra-1600mg-y-60-de-hca-x-60-capsulas\u200f\/\" \/>\n<meta property=\"og:locale\" content=\"en_US\" \/>\n<meta property=\"og:type\" content=\"article\" \/>\n<meta property=\"og:title\" content=\"Pure Cambogia Ultra - Salud y Vida Store .\" \/>\n<meta property=\"og:description\" content=\"Pure Cambogia Ultra combate activamente la grasa y suprime el apetito y por sus propiedades facilitan quemar grasas sin hacer dietas.\" \/>\n<meta property=\"og:url\" content=\"https:\/\/saludyvidastore.com\/en\/product\/pure-cambogia-ultra-1600mg-y-60-de-hca-x-60-capsulas\u200f\/\" \/>\n<meta property=\"og:site_name\" content=\"Salud y Vida Store\" \/>\n<meta property=\"article:publisher\" content=\"https:\/\/www.facebook.com\/ArmoniaNaturalDietShop\/\" \/>\n<meta property=\"article:modified_time\" content=\"2021-09-01T13:56:33+00:00\" \/>\n<meta property=\"og:image\" content=\"https:\/\/saludyvidastore.com\/wp-content\/uploads\/2018\/02\/pure-cambogia-ultra-1600mg-y-60-de-hca-x-60-capsulase2808f_375.jpg\" \/>\n\t<meta property=\"og:image:width\" content=\"173\" \/>\n\t<meta property=\"og:image:height\" content=\"291\" \/>\n\t<meta property=\"og:image:type\" content=\"image\/jpeg\" \/>\n<meta name=\"twitter:card\" content=\"summary_large_image\" \/>\n<meta name=\"twitter:label1\" content=\"Est. reading time\" \/>\n\t<meta name=\"twitter:data1\" content=\"3 minutes\" \/>\n<script type=\"application\/ld+json\" class=\"yoast-schema-graph\">{\"@context\":\"https:\/\/schema.org\",\"@graph\":[{\"@type\":\"WebSite\",\"@id\":\"https:\/\/saludyvidastore.com\/#website\",\"url\":\"https:\/\/saludyvidastore.com\/\",\"name\":\"Salud y Vida Store\",\"description\":\"Otro sitio realizado con WordPress\",\"potentialAction\":[{\"@type\":\"SearchAction\",\"target\":{\"@type\":\"EntryPoint\",\"urlTemplate\":\"https:\/\/saludyvidastore.com\/?s={search_term_string}\"},\"query-input\":\"required name=search_term_string\"}],\"inLanguage\":\"en-US\"},{\"@type\":\"ImageObject\",\"@id\":\"https:\/\/saludyvidastore.com\/en\/product\/pure-cambogia-ultra-1600mg-y-60-de-hca-x-60-capsulas%e2%80%8f\/#primaryimage\",\"inLanguage\":\"en-US\",\"url\":\"https:\/\/saludyvidastore.com\/wp-content\/uploads\/2018\/02\/pure-cambogia-ultra-1600mg-y-60-de-hca-x-60-capsulase2808f_375.jpg\",\"contentUrl\":\"https:\/\/saludyvidastore.com\/wp-content\/uploads\/2018\/02\/pure-cambogia-ultra-1600mg-y-60-de-hca-x-60-capsulase2808f_375.jpg\",\"width\":173,\"height\":291},{\"@type\":\"WebPage\",\"@id\":\"https:\/\/saludyvidastore.com\/en\/product\/pure-cambogia-ultra-1600mg-y-60-de-hca-x-60-capsulas%e2%80%8f\/#webpage\",\"url\":\"https:\/\/saludyvidastore.com\/en\/product\/pure-cambogia-ultra-1600mg-y-60-de-hca-x-60-capsulas%e2%80%8f\/\",\"name\":\"Pure Cambogia Ultra - Salud y Vida Store .\",\"isPartOf\":{\"@id\":\"https:\/\/saludyvidastore.com\/#website\"},\"primaryImageOfPage\":{\"@id\":\"https:\/\/saludyvidastore.com\/en\/product\/pure-cambogia-ultra-1600mg-y-60-de-hca-x-60-capsulas%e2%80%8f\/#primaryimage\"},\"datePublished\":\"2018-01-28T21:43:17+00:00\",\"dateModified\":\"2021-09-01T13:56:33+00:00\",\"description\":\"Pure Cambogia Ultra combate activamente la grasa y suprime el apetito y por sus propiedades facilitan quemar grasas sin hacer dietas.\",\"breadcrumb\":{\"@id\":\"https:\/\/saludyvidastore.com\/en\/product\/pure-cambogia-ultra-1600mg-y-60-de-hca-x-60-capsulas%e2%80%8f\/#breadcrumb\"},\"inLanguage\":\"en-US\",\"potentialAction\":[{\"@type\":\"ReadAction\",\"target\":[\"https:\/\/saludyvidastore.com\/en\/product\/pure-cambogia-ultra-1600mg-y-60-de-hca-x-60-capsulas%e2%80%8f\/\"]}]},{\"@type\":\"BreadcrumbList\",\"@id\":\"https:\/\/saludyvidastore.com\/en\/product\/pure-cambogia-ultra-1600mg-y-60-de-hca-x-60-capsulas%e2%80%8f\/#breadcrumb\",\"itemListElement\":[{\"@type\":\"ListItem\",\"position\":1,\"name\":\"Portada\",\"item\":\"https:\/\/saludyvidastore.com\/en\/\"},{\"@type\":\"ListItem\",\"position\":2,\"name\":\"Tienda\",\"item\":\"https:\/\/saludyvidastore.com\/tienda\/\"},{\"@type\":\"ListItem\",\"position\":3,\"name\":\"Pure Cambogia Ultra\"}]}]}<\/script>\n<!-- \/ Yoast SEO plugin. -->","yoast_head_json":{"title":"Pure Cambogia Ultra - Salud y Vida Store .","description":"Pure Cambogia Ultra combate activamente la grasa y suprime el apetito y por sus propiedades facilitan quemar grasas sin hacer dietas.","robots":{"index":"index","follow":"follow","max-snippet":"max-snippet:-1","max-image-preview":"max-image-preview:large","max-video-preview":"max-video-preview:-1"},"canonical":"https:\/\/saludyvidastore.com\/en\/product\/pure-cambogia-ultra-1600mg-y-60-de-hca-x-60-capsulas\u200f\/","og_locale":"en_US","og_type":"article","og_title":"Pure Cambogia Ultra - Salud y Vida Store .","og_description":"Pure Cambogia Ultra combate activamente la grasa y suprime el apetito y por sus propiedades facilitan quemar grasas sin hacer dietas.","og_url":"https:\/\/saludyvidastore.com\/en\/product\/pure-cambogia-ultra-1600mg-y-60-de-hca-x-60-capsulas\u200f\/","og_site_name":"Salud y Vida Store","article_publisher":"https:\/\/www.facebook.com\/ArmoniaNaturalDietShop\/","article_modified_time":"2021-09-01T13:56:33+00:00","og_image":[{"width":173,"height":291,"url":"https:\/\/saludyvidastore.com\/wp-content\/uploads\/2018\/02\/pure-cambogia-ultra-1600mg-y-60-de-hca-x-60-capsulase2808f_375.jpg","type":"image\/jpeg"}],"twitter_card":"summary_large_image","twitter_misc":{"Est. reading time":"3 minutes"},"schema":{"@context":"https:\/\/schema.org","@graph":[{"@type":"WebSite","@id":"https:\/\/saludyvidastore.com\/#website","url":"https:\/\/saludyvidastore.com\/","name":"Salud y Vida Store","description":"Otro sitio realizado con WordPress","potentialAction":[{"@type":"SearchAction","target":{"@type":"EntryPoint","urlTemplate":"https:\/\/saludyvidastore.com\/?s={search_term_string}"},"query-input":"required name=search_term_string"}],"inLanguage":"en-US"},{"@type":"ImageObject","@id":"https:\/\/saludyvidastore.com\/en\/product\/pure-cambogia-ultra-1600mg-y-60-de-hca-x-60-capsulas%e2%80%8f\/#primaryimage","inLanguage":"en-US","url":"https:\/\/saludyvidastore.com\/wp-content\/uploads\/2018\/02\/pure-cambogia-ultra-1600mg-y-60-de-hca-x-60-capsulase2808f_375.jpg","contentUrl":"https:\/\/saludyvidastore.com\/wp-content\/uploads\/2018\/02\/pure-cambogia-ultra-1600mg-y-60-de-hca-x-60-capsulase2808f_375.jpg","width":173,"height":291},{"@type":"WebPage","@id":"https:\/\/saludyvidastore.com\/en\/product\/pure-cambogia-ultra-1600mg-y-60-de-hca-x-60-capsulas%e2%80%8f\/#webpage","url":"https:\/\/saludyvidastore.com\/en\/product\/pure-cambogia-ultra-1600mg-y-60-de-hca-x-60-capsulas%e2%80%8f\/","name":"Pure Cambogia Ultra - Salud y Vida Store .","isPartOf":{"@id":"https:\/\/saludyvidastore.com\/#website"},"primaryImageOfPage":{"@id":"https:\/\/saludyvidastore.com\/en\/product\/pure-cambogia-ultra-1600mg-y-60-de-hca-x-60-capsulas%e2%80%8f\/#primaryimage"},"datePublished":"2018-01-28T21:43:17+00:00","dateModified":"2021-09-01T13:56:33+00:00","description":"Pure Cambogia Ultra combate activamente la grasa y suprime el apetito y por sus propiedades facilitan quemar grasas sin hacer dietas.","breadcrumb":{"@id":"https:\/\/saludyvidastore.com\/en\/product\/pure-cambogia-ultra-1600mg-y-60-de-hca-x-60-capsulas%e2%80%8f\/#breadcrumb"},"inLanguage":"en-US","potentialAction":[{"@type":"ReadAction","target":["https:\/\/saludyvidastore.com\/en\/product\/pure-cambogia-ultra-1600mg-y-60-de-hca-x-60-capsulas%e2%80%8f\/"]}]},{"@type":"BreadcrumbList","@id":"https:\/\/saludyvidastore.com\/en\/product\/pure-cambogia-ultra-1600mg-y-60-de-hca-x-60-capsulas%e2%80%8f\/#breadcrumb","itemListElement":[{"@type":"ListItem","position":1,"name":"Portada","item":"https:\/\/saludyvidastore.com\/en\/"},{"@type":"ListItem","position":2,"name":"Tienda","item":"https:\/\/saludyvidastore.com\/tienda\/"},{"@type":"ListItem","position":3,"name":"Pure Cambogia Ultra"}]}]}},"_links":{"self":[{"href":"https:\/\/saludyvidastore.com\/en\/wp-json\/wp\/v2\/product\/1726"}],"collection":[{"href":"https:\/\/saludyvidastore.com\/en\/wp-json\/wp\/v2\/product"}],"about":[{"href":"https:\/\/saludyvidastore.com\/en\/wp-json\/wp\/v2\/types\/product"}],"replies":[{"embeddable":true,"href":"https:\/\/saludyvidastore.com\/en\/wp-json\/wp\/v2\/comments?post=1726"}],"wp:featuredmedia":[{"embeddable":true,"href":"https:\/\/saludyvidastore.com\/en\/wp-json\/wp\/v2\/media\/749"}],"wp:attachment":[{"href":"https:\/\/saludyvidastore.com\/en\/wp-json\/wp\/v2\/media?parent=1726"}],"wp:term":[{"taxonomy":"product_cat","embeddable":true,"href":"https:\/\/saludyvidastore.com\/en\/wp-json\/wp\/v2\/product_cat?post=1726"},{"taxonomy":"product_tag","embeddable":true,"href":"https:\/\/saludyvidastore.com\/en\/wp-json\/wp\/v2\/product_tag?post=1726"}],"curies":[{"name":"wp","href":"https:\/\/api.w.org\/{rel}","templated":true}]}}