{"id":1728,"date":"2018-01-28T21:43:17","date_gmt":"2018-01-28T21:43:17","guid":{"rendered":"http:\/\/saludyvidastore.com\/product\/pure-life-cleanse-purifica-tu-cuerpo-limpiador-de-colon-x-60-capsulas\/"},"modified":"2024-02-05T20:33:39","modified_gmt":"2024-02-05T20:33:39","slug":"pure-life-cleanse-purifica-tu-cuerpo-limpiador-de-colon-x-60-capsulas","status":"publish","type":"product","link":"https:\/\/saludyvidastore.com\/en\/product\/pure-life-cleanse-purifica-tu-cuerpo-limpiador-de-colon-x-60-capsulas\/","title":{"rendered":"Pure Life Cleanse"},"content":{"rendered":"<h1 style=\"text-align: center;\"><span style=\"font-size: 24pt; color: #0000ff;\"><strong>Pure Life Cleans<\/strong> <\/span><\/h1>\n<p style=\"font-family: inherit; font-size: 16px; font-style: inherit; font-weight: inherit; vertical-align: baseline; padding: 0px; margin: 0px 0px 1.5em 0px; border: 0px initial initial;\" align=\"LEFT\"><span style=\"font-family: Arial, sans-serif; font-size: 16px; font-style: inherit; font-weight: inherit; vertical-align: baseline; padding: 0px; margin: 0px; border: 0px initial initial;\">Pure Life Cleanse Es un suplemento de limpieza de colon que ayuda al cuerpo a deshacerse de las toxinas que se almacenan durante m\u00e1s tiempo y que causan problemas de colon graves. La f\u00f3rmula es una mezcla de ingredientes saludables que el cuerpo ayudan a permanecer en\u00e9rgico y fresco durante todo el proceso de limpieza . Sin dolor y malestar, usted puede f\u00e1cilmente deshacerse de <a href=\"https:\/\/www.mayoclinic.org\/es-es\/diseases-conditions\/constipation\/symptoms-causes\/syc-20354253\">estre\u00f1imiento<\/a> y otros problemas .<\/span><\/p>\n<p style=\"font-family: inherit; font-size: 16px; font-style: inherit; font-weight: inherit; vertical-align: baseline; padding: 0px; margin: 0px 0px 1.5em 0px; border: 0px initial initial;\" align=\"LEFT\"><span style=\"font-family: Arial, sans-serif; font-style: inherit; font-weight: inherit; vertical-align: baseline; color: #0000ff; font-size: 18pt; padding: 0px; margin: 0px; border: 0px initial initial;\">C\u00f3mo me puede ayudar la limpieza de Colon?<\/span><\/p>\n<p style=\"font-family: inherit; font-size: 16px; font-style: inherit; font-weight: inherit; vertical-align: baseline; padding: 0px; margin: 0px 0px 1.5em 0px; border: 0px initial initial;\" align=\"LEFT\"><span style=\"font-family: Arial, sans-serif; font-size: 16px; font-style: inherit; font-weight: inherit; vertical-align: baseline; padding: 0px; margin: 0px; border: 0px initial initial;\">Este Producto ofrece una soluci\u00f3n completamente natural para quemar carbohidratos y metabolizar m\u00e1s r\u00e1pido las grasas en el cuerpo. Los ingredientes completamente naturales generan una reacci\u00f3n metab\u00f3lica al descomponer los carbohidratos en energ\u00eda. No solamente se hace esta reacci\u00f3n m\u00e1s r\u00e1pida, \u00a1tambi\u00e9n <a href=\"https:\/\/saludyvidastore.com\/en\/product\/vitafer-gold\/?removed_item=1\">aumenta la energ\u00eda<\/a> en el cuerpo lo cual le permite llevar un estilo de vida m\u00e1s activo y saludable!<\/span><\/p>\n<p style=\"font-family: inherit; font-size: 16px; font-style: inherit; font-weight: inherit; vertical-align: baseline; padding: 0px; margin: 0px 0px 1.5em 0px; border: 0px initial initial;\" align=\"LEFT\"><span style=\"font-family: Arial, sans-serif; font-style: inherit; font-weight: inherit; vertical-align: baseline; color: #0000ff; font-size: 24pt; padding: 0px; margin: 0px; border: 0px initial initial;\"><strong style=\"font-weight: bold;\">Ingredientes:<\/strong><\/span><\/p>\n<p style=\"line-height: 22px; font-family: inherit; font-size: 16px; font-style: inherit; font-weight: inherit; vertical-align: baseline; padding: 0px; margin: 0px 0px 1.35em 0px; border: 0px initial initial;\" align=\"LEFT\"><span style=\"line-height: 22px; font-family: Arial, sans-serif; font-size: 16px; font-style: inherit; font-weight: inherit; vertical-align: baseline; padding: 0px; border: 0px initial initial;\"><span class=\"ecx\" style=\"line-height: normal; color: #d24726;\">1 . Hoja De Papaya.<\/span><\/span><\/p>\n<p style=\"line-height: 22px; font-family: inherit; font-size: 16px; font-style: inherit; font-weight: inherit; vertical-align: baseline; padding: 0px; margin: 0px 0px 1.35em 0px; border: 0px initial initial;\" align=\"LEFT\"><span style=\"line-height: 22px; font-family: Arial, sans-serif; font-size: 16px; font-style: inherit; font-weight: inherit; vertical-align: baseline; padding: 0px; border: 0px initial initial;\"><span class=\"ecx\" style=\"line-height: normal; color: #d24726;\">2 . Semilla De Apio.<\/span><\/span><\/p>\n<p style=\"line-height: 22px; font-family: inherit; font-size: 16px; font-style: inherit; font-weight: inherit; vertical-align: baseline; padding: 0px; margin: 0px 0px 1.35em 0px; border: 0px initial initial;\" align=\"LEFT\"><span style=\"line-height: 22px; font-family: Arial, sans-serif; font-size: 16px; font-style: inherit; font-weight: inherit; vertical-align: baseline; padding: 0px; border: 0px initial initial;\"><span class=\"ecx\" style=\"line-height: normal; color: #d24726;\">3 . Hojas De Menta.<\/span><\/span><\/p>\n<p style=\"line-height: 22px; font-family: inherit; font-size: 16px; font-style: inherit; font-weight: inherit; vertical-align: baseline; padding: 0px; margin: 0px 0px 1.35em 0px; border: 0px initial initial;\" align=\"LEFT\"><span style=\"line-height: 22px; font-family: Arial, sans-serif; font-size: 16px; font-style: inherit; font-weight: inherit; vertical-align: baseline; padding: 0px; border: 0px initial initial;\"><span class=\"ecx\" style=\"line-height: normal; color: #d24726;\">4 . Raiz De Agracejo.<\/span><\/span><\/p>\n<p style=\"line-height: 22px; font-family: inherit; font-size: 16px; font-style: inherit; font-weight: inherit; vertical-align: baseline; padding: 0px; margin: 0px 0px 1.35em 0px; border: 0px initial initial;\" align=\"LEFT\"><span style=\"line-height: 22px; font-family: Arial, sans-serif; font-size: 16px; font-style: inherit; font-weight: inherit; vertical-align: baseline; padding: 0px; border: 0px initial initial;\"><span class=\"ecx\" style=\"line-height: normal; color: #d24726;\">5 . Raiz De Valeriana.<\/span><\/span><\/p>\n<p style=\"line-height: 22px; font-family: inherit; font-size: 16px; font-style: inherit; font-weight: inherit; vertical-align: baseline; padding: 0px; margin: 0px 0px 1.35em 0px; border: 0px initial initial;\" align=\"LEFT\"><span style=\"line-height: 22px; font-family: Arial, sans-serif; font-size: 16px; font-style: inherit; font-weight: inherit; vertical-align: baseline; padding: 0px; border: 0px initial initial;\"><span class=\"ecx\" style=\"line-height: normal; color: #d24726;\">6. \u00a0Bentonita.<\/span><\/span><\/p>\n<p style=\"line-height: 22px; font-family: inherit; font-size: 16px; font-style: inherit; font-weight: inherit; vertical-align: baseline; padding: 0px; margin: 0px 0px 1.35em 0px; border: 0px initial initial;\" align=\"LEFT\"><span style=\"line-height: 22px; font-family: Arial, sans-serif; font-size: 16px; font-style: inherit; font-weight: inherit; vertical-align: baseline; padding: 0px; border: 0px initial initial;\"><span class=\"ecx\" style=\"line-height: normal; color: #d24726;\">7. \u00a0Flor De La Pasion.<\/span><\/span><\/p>\n<p style=\"line-height: 22px; font-size: 16px; font-style: inherit; font-weight: inherit; vertical-align: baseline; padding: 0px; margin: 0px 0px 1.35em 0px; border: 0px initial initial;\" align=\"LEFT\"><span class=\"ecx\" style=\"line-height: normal; color: #d24726; font-family: Arial, sans-serif;\">8. Raiz De Echinacea Purpurea.<\/span><\/p>\n<div><span class=\"ecx\" style=\"line-height: normal; color: #d24726; font-family: Arial, sans-serif;\">\u00a0<\/span><\/div>\n<p><span style=\"font-size: 24pt; color: #0000ff;\">\u00bfComo Trabaja?<\/span><\/p>\n<p>&nbsp;<\/p>\n<p><strong>Pure Life Cleans es la<\/strong><span style=\"font-size: 18pt;\"> soluci\u00f3n que incluye los flavonoides que ayudan a uno para mantener un cuerpo sano en general por la limpieza de colon y el tratamiento de problemas de est\u00f3mago . Se mantiene el buen funcionamiento del sistema gastrointestinal mediante la gesti\u00f3n de los niveles de pH del est\u00f3mago . Mejora el sistema de digesti\u00f3n por el lavado de todas las toxinas y el exceso a fondo desde el interior . Mantiene sano el tracto digestivo e intestinal removiendo , gusanos y par\u00e1sitos acumulados a causa de falta de higiene , la alimentaci\u00f3n poco saludable.<\/span><\/p>\n<p>Dosis:<\/p>\n<p>Se toma 2 capsulas diarias, 40 min antes de comidas.<\/p>\n<p>&nbsp;<\/p>\n","protected":false},"excerpt":{"rendered":"<p>Pure Life ofrece una soluci\u00f3n completamente natural para quemar carbohidratos y metabolizar m\u00e1s r\u00e1pido las grasas en el cuerpo. Los ingredientes completamente naturales generan una reacci\u00f3n metab\u00f3lica al descomponer los carbohidratos en energ\u00eda. No solamente se hace esta reacci\u00f3n m\u00e1s r\u00e1pida, \u00a1tambi\u00e9n aumenta la energ\u00eda en el cuerpo lo cual le permite llevar un estilo de vida m\u00e1s activo y saludable!<\/p>\n","protected":false},"featured_media":8681,"comment_status":"open","ping_status":"closed","template":"","meta":[],"product_cat":[47,31,29],"product_tag":[],"acf":[],"yoast_head":"<!-- This site is optimized with the Yoast SEO plugin v18.5.1 - https:\/\/yoast.com\/wordpress\/plugins\/seo\/ -->\n<title>Pure Life Cleanse - Salud y Vida Store Pure Life Cleanse<\/title>\n<meta name=\"description\" content=\"Pure Life Cleanse limpia el colon y ayuda a deshacerse de las toxinas que se almacenan durante m\u00e1s tiempo y que causan problemas.\" \/>\n<meta name=\"robots\" content=\"index, follow, max-snippet:-1, max-image-preview:large, max-video-preview:-1\" \/>\n<link rel=\"canonical\" href=\"https:\/\/saludyvidastore.com\/en\/product\/pure-life-cleanse-purifica-tu-cuerpo-limpiador-de-colon-x-60-capsulas\/\" \/>\n<meta property=\"og:locale\" content=\"en_US\" \/>\n<meta property=\"og:type\" content=\"article\" \/>\n<meta property=\"og:title\" content=\"Pure Life Cleanse - Salud y Vida Store Pure Life Cleanse\" \/>\n<meta property=\"og:description\" content=\"Pure Life Cleanse limpia el colon y ayuda a deshacerse de las toxinas que se almacenan durante m\u00e1s tiempo y que causan problemas.\" \/>\n<meta property=\"og:url\" content=\"https:\/\/saludyvidastore.com\/en\/product\/pure-life-cleanse-purifica-tu-cuerpo-limpiador-de-colon-x-60-capsulas\/\" \/>\n<meta property=\"og:site_name\" content=\"Salud y Vida Store\" \/>\n<meta property=\"article:publisher\" content=\"https:\/\/www.facebook.com\/ArmoniaNaturalDietShop\/\" \/>\n<meta property=\"article:modified_time\" content=\"2024-02-05T20:33:39+00:00\" \/>\n<meta property=\"og:image\" content=\"https:\/\/saludyvidastore.com\/wp-content\/uploads\/2018\/01\/WhatsApp-Image-2023-02-10-at-2.29.00-PM-1.jpeg\" \/>\n\t<meta property=\"og:image:width\" content=\"1200\" \/>\n\t<meta property=\"og:image:height\" content=\"1600\" \/>\n\t<meta property=\"og:image:type\" content=\"image\/jpeg\" \/>\n<meta name=\"twitter:card\" content=\"summary_large_image\" \/>\n<meta name=\"twitter:label1\" content=\"Est. reading time\" \/>\n\t<meta name=\"twitter:data1\" content=\"2 minutes\" \/>\n<script type=\"application\/ld+json\" class=\"yoast-schema-graph\">{\"@context\":\"https:\/\/schema.org\",\"@graph\":[{\"@type\":\"WebSite\",\"@id\":\"https:\/\/saludyvidastore.com\/#website\",\"url\":\"https:\/\/saludyvidastore.com\/\",\"name\":\"Salud y Vida Store\",\"description\":\"Otro sitio realizado con WordPress\",\"potentialAction\":[{\"@type\":\"SearchAction\",\"target\":{\"@type\":\"EntryPoint\",\"urlTemplate\":\"https:\/\/saludyvidastore.com\/?s={search_term_string}\"},\"query-input\":\"required name=search_term_string\"}],\"inLanguage\":\"en-US\"},{\"@type\":\"ImageObject\",\"@id\":\"https:\/\/saludyvidastore.com\/en\/product\/pure-life-cleanse-purifica-tu-cuerpo-limpiador-de-colon-x-60-capsulas\/#primaryimage\",\"inLanguage\":\"en-US\",\"url\":\"https:\/\/saludyvidastore.com\/wp-content\/uploads\/2018\/01\/WhatsApp-Image-2023-02-10-at-2.29.00-PM-1.jpeg\",\"contentUrl\":\"https:\/\/saludyvidastore.com\/wp-content\/uploads\/2018\/01\/WhatsApp-Image-2023-02-10-at-2.29.00-PM-1.jpeg\",\"width\":1200,\"height\":1600,\"caption\":\"Pure Life Cleanse\"},{\"@type\":\"WebPage\",\"@id\":\"https:\/\/saludyvidastore.com\/en\/product\/pure-life-cleanse-purifica-tu-cuerpo-limpiador-de-colon-x-60-capsulas\/#webpage\",\"url\":\"https:\/\/saludyvidastore.com\/en\/product\/pure-life-cleanse-purifica-tu-cuerpo-limpiador-de-colon-x-60-capsulas\/\",\"name\":\"Pure Life Cleanse - Salud y Vida Store Pure Life Cleanse\",\"isPartOf\":{\"@id\":\"https:\/\/saludyvidastore.com\/#website\"},\"primaryImageOfPage\":{\"@id\":\"https:\/\/saludyvidastore.com\/en\/product\/pure-life-cleanse-purifica-tu-cuerpo-limpiador-de-colon-x-60-capsulas\/#primaryimage\"},\"datePublished\":\"2018-01-28T21:43:17+00:00\",\"dateModified\":\"2024-02-05T20:33:39+00:00\",\"description\":\"Pure Life Cleanse limpia el colon y ayuda a deshacerse de las toxinas que se almacenan durante m\u00e1s tiempo y que causan problemas.\",\"breadcrumb\":{\"@id\":\"https:\/\/saludyvidastore.com\/en\/product\/pure-life-cleanse-purifica-tu-cuerpo-limpiador-de-colon-x-60-capsulas\/#breadcrumb\"},\"inLanguage\":\"en-US\",\"potentialAction\":[{\"@type\":\"ReadAction\",\"target\":[\"https:\/\/saludyvidastore.com\/en\/product\/pure-life-cleanse-purifica-tu-cuerpo-limpiador-de-colon-x-60-capsulas\/\"]}]},{\"@type\":\"BreadcrumbList\",\"@id\":\"https:\/\/saludyvidastore.com\/en\/product\/pure-life-cleanse-purifica-tu-cuerpo-limpiador-de-colon-x-60-capsulas\/#breadcrumb\",\"itemListElement\":[{\"@type\":\"ListItem\",\"position\":1,\"name\":\"Portada\",\"item\":\"https:\/\/saludyvidastore.com\/en\/\"},{\"@type\":\"ListItem\",\"position\":2,\"name\":\"Tienda\",\"item\":\"https:\/\/saludyvidastore.com\/tienda\/\"},{\"@type\":\"ListItem\",\"position\":3,\"name\":\"Pure Life Cleanse\"}]}]}<\/script>\n<!-- \/ Yoast SEO plugin. -->","yoast_head_json":{"title":"Pure Life Cleanse - Salud y Vida Store Pure Life Cleanse","description":"Pure Life Cleanse limpia el colon y ayuda a deshacerse de las toxinas que se almacenan durante m\u00e1s tiempo y que causan problemas.","robots":{"index":"index","follow":"follow","max-snippet":"max-snippet:-1","max-image-preview":"max-image-preview:large","max-video-preview":"max-video-preview:-1"},"canonical":"https:\/\/saludyvidastore.com\/en\/product\/pure-life-cleanse-purifica-tu-cuerpo-limpiador-de-colon-x-60-capsulas\/","og_locale":"en_US","og_type":"article","og_title":"Pure Life Cleanse - Salud y Vida Store Pure Life Cleanse","og_description":"Pure Life Cleanse limpia el colon y ayuda a deshacerse de las toxinas que se almacenan durante m\u00e1s tiempo y que causan problemas.","og_url":"https:\/\/saludyvidastore.com\/en\/product\/pure-life-cleanse-purifica-tu-cuerpo-limpiador-de-colon-x-60-capsulas\/","og_site_name":"Salud y Vida Store","article_publisher":"https:\/\/www.facebook.com\/ArmoniaNaturalDietShop\/","article_modified_time":"2024-02-05T20:33:39+00:00","og_image":[{"width":1200,"height":1600,"url":"https:\/\/saludyvidastore.com\/wp-content\/uploads\/2018\/01\/WhatsApp-Image-2023-02-10-at-2.29.00-PM-1.jpeg","type":"image\/jpeg"}],"twitter_card":"summary_large_image","twitter_misc":{"Est. reading time":"2 minutes"},"schema":{"@context":"https:\/\/schema.org","@graph":[{"@type":"WebSite","@id":"https:\/\/saludyvidastore.com\/#website","url":"https:\/\/saludyvidastore.com\/","name":"Salud y Vida Store","description":"Otro sitio realizado con WordPress","potentialAction":[{"@type":"SearchAction","target":{"@type":"EntryPoint","urlTemplate":"https:\/\/saludyvidastore.com\/?s={search_term_string}"},"query-input":"required name=search_term_string"}],"inLanguage":"en-US"},{"@type":"ImageObject","@id":"https:\/\/saludyvidastore.com\/en\/product\/pure-life-cleanse-purifica-tu-cuerpo-limpiador-de-colon-x-60-capsulas\/#primaryimage","inLanguage":"en-US","url":"https:\/\/saludyvidastore.com\/wp-content\/uploads\/2018\/01\/WhatsApp-Image-2023-02-10-at-2.29.00-PM-1.jpeg","contentUrl":"https:\/\/saludyvidastore.com\/wp-content\/uploads\/2018\/01\/WhatsApp-Image-2023-02-10-at-2.29.00-PM-1.jpeg","width":1200,"height":1600,"caption":"Pure Life Cleanse"},{"@type":"WebPage","@id":"https:\/\/saludyvidastore.com\/en\/product\/pure-life-cleanse-purifica-tu-cuerpo-limpiador-de-colon-x-60-capsulas\/#webpage","url":"https:\/\/saludyvidastore.com\/en\/product\/pure-life-cleanse-purifica-tu-cuerpo-limpiador-de-colon-x-60-capsulas\/","name":"Pure Life Cleanse - Salud y Vida Store Pure Life Cleanse","isPartOf":{"@id":"https:\/\/saludyvidastore.com\/#website"},"primaryImageOfPage":{"@id":"https:\/\/saludyvidastore.com\/en\/product\/pure-life-cleanse-purifica-tu-cuerpo-limpiador-de-colon-x-60-capsulas\/#primaryimage"},"datePublished":"2018-01-28T21:43:17+00:00","dateModified":"2024-02-05T20:33:39+00:00","description":"Pure Life Cleanse limpia el colon y ayuda a deshacerse de las toxinas que se almacenan durante m\u00e1s tiempo y que causan problemas.","breadcrumb":{"@id":"https:\/\/saludyvidastore.com\/en\/product\/pure-life-cleanse-purifica-tu-cuerpo-limpiador-de-colon-x-60-capsulas\/#breadcrumb"},"inLanguage":"en-US","potentialAction":[{"@type":"ReadAction","target":["https:\/\/saludyvidastore.com\/en\/product\/pure-life-cleanse-purifica-tu-cuerpo-limpiador-de-colon-x-60-capsulas\/"]}]},{"@type":"BreadcrumbList","@id":"https:\/\/saludyvidastore.com\/en\/product\/pure-life-cleanse-purifica-tu-cuerpo-limpiador-de-colon-x-60-capsulas\/#breadcrumb","itemListElement":[{"@type":"ListItem","position":1,"name":"Portada","item":"https:\/\/saludyvidastore.com\/en\/"},{"@type":"ListItem","position":2,"name":"Tienda","item":"https:\/\/saludyvidastore.com\/tienda\/"},{"@type":"ListItem","position":3,"name":"Pure Life Cleanse"}]}]}},"_links":{"self":[{"href":"https:\/\/saludyvidastore.com\/en\/wp-json\/wp\/v2\/product\/1728"}],"collection":[{"href":"https:\/\/saludyvidastore.com\/en\/wp-json\/wp\/v2\/product"}],"about":[{"href":"https:\/\/saludyvidastore.com\/en\/wp-json\/wp\/v2\/types\/product"}],"replies":[{"embeddable":true,"href":"https:\/\/saludyvidastore.com\/en\/wp-json\/wp\/v2\/comments?post=1728"}],"wp:featuredmedia":[{"embeddable":true,"href":"https:\/\/saludyvidastore.com\/en\/wp-json\/wp\/v2\/media\/8681"}],"wp:attachment":[{"href":"https:\/\/saludyvidastore.com\/en\/wp-json\/wp\/v2\/media?parent=1728"}],"wp:term":[{"taxonomy":"product_cat","embeddable":true,"href":"https:\/\/saludyvidastore.com\/en\/wp-json\/wp\/v2\/product_cat?post=1728"},{"taxonomy":"product_tag","embeddable":true,"href":"https:\/\/saludyvidastore.com\/en\/wp-json\/wp\/v2\/product_tag?post=1728"}],"curies":[{"name":"wp","href":"https:\/\/api.w.org\/{rel}","templated":true}]}}