{"id":1731,"date":"2018-01-28T21:43:16","date_gmt":"2018-01-28T21:43:16","guid":{"rendered":"http:\/\/saludyvidastore.com\/product\/protein-cake-upntortas-de-proteina\/"},"modified":"2018-01-28T21:43:16","modified_gmt":"2018-01-28T21:43:16","slug":"protein-cake-upntortas-de-proteina","status":"publish","type":"product","link":"https:\/\/saludyvidastore.com\/en\/product\/protein-cake-upntortas-de-proteina\/","title":{"rendered":"PROTEIN CAKE UPN\/TORTAS DE PROTEINA"},"content":{"rendered":"<div style=\"color: #858585; font-family: Roboto, HelveticaNeue, 'Helvetica Neue', sans-serif; font-size: 14px;\">\n<h1 class=\"h2\" style=\"font-size: 1.333em; margin: 0px 0px 0.5em; line-height: 1.4; font-weight: 400; color: #2f2f2f; text-align: center;\"><strong><span style=\"font-size: 24pt;\">Protein Cake UPN Tortas de proteina<\/span><\/strong><\/h1>\n<p>&nbsp;<\/p>\n<hr style=\"clear: both; border-top-style: solid; border-top-color: #dedede; border-right-width: 0px; border-bottom-width: 0px; border-left-width: 0px; margin: 30px 0px; height: 0px;\" \/>\n<\/div>\n<div class=\"product-description rte\" style=\"margin-bottom: 15px; color: #858585; font-family: Roboto, HelveticaNeue, 'Helvetica Neue', sans-serif; font-size: 14px;\">\n<ul style=\"margin: 0px 0px 1em 20px; padding: 0px;\">\n<li style=\"margin-bottom: 0.4em;\">20 grs de prote\u00edna<\/li>\n<li style=\"margin-bottom: 0.4em;\">Solo adiciona agua y al microondas.<\/li>\n<li style=\"margin-bottom: 0.4em;\">F\u00e1cil y r\u00e1pida de hacer en tan solo 2 minutos en el microondas.<\/li>\n<li style=\"margin-bottom: 0.4em;\">Altamente nutritiva<\/li>\n<li style=\"margin-bottom: 0.4em;\">Baja en az\u00facares.<\/li>\n<li style=\"margin-bottom: 0.4em;\">Contiene\u00a012 sobres (tortas) y 2 moldes.<\/li>\n<\/ul>\n<p style=\"margin: 0px 0px 15px;\"><strong>PROTEIN CAKE<\/strong>\u00a0es una mezcla para preparar una deliciosa torta, rica en prote\u00ednas de suero l\u00e1cteo. Ideal para personas con poco tiempo para alimentarse, que desean tener una buena nutrici\u00f3n basada en un consumo apropiado de prote\u00ednas. Igualmente para deportistas, fisicoculturistas o atletas que desean incrementar su ingesta proteica y todo, gracias a su f\u00e1cil y deliciosa f\u00f3rmula.<\/p>\n<p style=\"margin: 0px 0px 15px;\">*Cada porci\u00f3n es de 70g c\/u.<\/p>\n<p style=\"margin: 0px 0px 15px;\">Este producto no pretende diagnosticar, tratar, curar o prevenir enfermedades. Guardar en un lugar fresco y seco, este producto es un suplemento alimenticio y no debe ser usado como sustituto de una dieta equilibrada.<\/p>\n<\/div>\n","protected":false},"excerpt":{"rendered":"<p>PROTEIN CAKE es una mezcla para preparar una deliciosa torta, rica en prote\u00ednas de suero l\u00e1cteo. Ideal para personas con poco tiempo para alimentarse, que desean tener una buena nutrici\u00f3n basada en un consumo apropiado de prote\u00ednas. Igualmente para deportistas, fisicoculturistas o atletas que desean incrementar su ingesta proteica y todo, gracias a su f\u00e1cil y deliciosa f\u00f3rmula.<\/p>\n","protected":false},"featured_media":791,"comment_status":"open","ping_status":"closed","template":"","meta":[],"product_cat":[40,29],"product_tag":[],"acf":[],"yoast_head":"<!-- This site is optimized with the Yoast SEO plugin v18.5.1 - https:\/\/yoast.com\/wordpress\/plugins\/seo\/ -->\n<title>PROTEIN CAKE UPN\/TORTAS DE PROTEINA - Salud y Vida Store<\/title>\n<meta name=\"robots\" content=\"index, follow, max-snippet:-1, max-image-preview:large, max-video-preview:-1\" \/>\n<link rel=\"canonical\" href=\"https:\/\/saludyvidastore.com\/en\/product\/protein-cake-upntortas-de-proteina\/\" \/>\n<meta property=\"og:locale\" content=\"en_US\" \/>\n<meta property=\"og:type\" content=\"article\" \/>\n<meta property=\"og:title\" content=\"PROTEIN CAKE UPN\/TORTAS DE PROTEINA - Salud y Vida Store\" \/>\n<meta property=\"og:description\" content=\"PROTEIN CAKE es una mezcla para preparar una deliciosa torta, rica en prote\u00ednas de suero l\u00e1cteo. Ideal para personas con poco tiempo para alimentarse, que desean tener una buena nutrici\u00f3n basada en un consumo apropiado de prote\u00ednas. Igualmente para deportistas, fisicoculturistas o atletas que desean incrementar su ingesta proteica y todo, gracias a su f\u00e1cil y deliciosa f\u00f3rmula.\" \/>\n<meta property=\"og:url\" content=\"https:\/\/saludyvidastore.com\/en\/product\/protein-cake-upntortas-de-proteina\/\" \/>\n<meta property=\"og:site_name\" content=\"Salud y Vida Store\" \/>\n<meta property=\"article:publisher\" content=\"https:\/\/www.facebook.com\/ArmoniaNaturalDietShop\/\" \/>\n<meta property=\"og:image\" content=\"https:\/\/saludyvidastore.com\/wp-content\/uploads\/2018\/02\/protein-cake-upntortas-de-proteina_1027.jpg\" \/>\n\t<meta property=\"og:image:width\" content=\"600\" \/>\n\t<meta property=\"og:image:height\" content=\"600\" \/>\n\t<meta property=\"og:image:type\" content=\"image\/jpeg\" \/>\n<meta name=\"twitter:card\" content=\"summary_large_image\" \/>\n<meta name=\"twitter:label1\" content=\"Est. reading time\" \/>\n\t<meta name=\"twitter:data1\" content=\"1 minute\" \/>\n<script type=\"application\/ld+json\" class=\"yoast-schema-graph\">{\"@context\":\"https:\/\/schema.org\",\"@graph\":[{\"@type\":\"WebSite\",\"@id\":\"https:\/\/saludyvidastore.com\/#website\",\"url\":\"https:\/\/saludyvidastore.com\/\",\"name\":\"Salud y Vida Store\",\"description\":\"Otro sitio realizado con WordPress\",\"potentialAction\":[{\"@type\":\"SearchAction\",\"target\":{\"@type\":\"EntryPoint\",\"urlTemplate\":\"https:\/\/saludyvidastore.com\/?s={search_term_string}\"},\"query-input\":\"required name=search_term_string\"}],\"inLanguage\":\"en-US\"},{\"@type\":\"ImageObject\",\"@id\":\"https:\/\/saludyvidastore.com\/en\/product\/protein-cake-upntortas-de-proteina\/#primaryimage\",\"inLanguage\":\"en-US\",\"url\":\"https:\/\/saludyvidastore.com\/wp-content\/uploads\/2018\/02\/protein-cake-upntortas-de-proteina_1027.jpg\",\"contentUrl\":\"https:\/\/saludyvidastore.com\/wp-content\/uploads\/2018\/02\/protein-cake-upntortas-de-proteina_1027.jpg\",\"width\":600,\"height\":600},{\"@type\":\"WebPage\",\"@id\":\"https:\/\/saludyvidastore.com\/en\/product\/protein-cake-upntortas-de-proteina\/#webpage\",\"url\":\"https:\/\/saludyvidastore.com\/en\/product\/protein-cake-upntortas-de-proteina\/\",\"name\":\"PROTEIN CAKE UPN\/TORTAS DE PROTEINA - Salud y Vida Store\",\"isPartOf\":{\"@id\":\"https:\/\/saludyvidastore.com\/#website\"},\"primaryImageOfPage\":{\"@id\":\"https:\/\/saludyvidastore.com\/en\/product\/protein-cake-upntortas-de-proteina\/#primaryimage\"},\"datePublished\":\"2018-01-28T21:43:16+00:00\",\"dateModified\":\"2018-01-28T21:43:16+00:00\",\"breadcrumb\":{\"@id\":\"https:\/\/saludyvidastore.com\/en\/product\/protein-cake-upntortas-de-proteina\/#breadcrumb\"},\"inLanguage\":\"en-US\",\"potentialAction\":[{\"@type\":\"ReadAction\",\"target\":[\"https:\/\/saludyvidastore.com\/en\/product\/protein-cake-upntortas-de-proteina\/\"]}]},{\"@type\":\"BreadcrumbList\",\"@id\":\"https:\/\/saludyvidastore.com\/en\/product\/protein-cake-upntortas-de-proteina\/#breadcrumb\",\"itemListElement\":[{\"@type\":\"ListItem\",\"position\":1,\"name\":\"Portada\",\"item\":\"https:\/\/saludyvidastore.com\/en\/\"},{\"@type\":\"ListItem\",\"position\":2,\"name\":\"Tienda\",\"item\":\"https:\/\/saludyvidastore.com\/tienda\/\"},{\"@type\":\"ListItem\",\"position\":3,\"name\":\"PROTEIN CAKE UPN\/TORTAS DE PROTEINA\"}]}]}<\/script>\n<!-- \/ Yoast SEO plugin. -->","yoast_head_json":{"title":"PROTEIN CAKE UPN\/TORTAS DE PROTEINA - Salud y Vida Store","robots":{"index":"index","follow":"follow","max-snippet":"max-snippet:-1","max-image-preview":"max-image-preview:large","max-video-preview":"max-video-preview:-1"},"canonical":"https:\/\/saludyvidastore.com\/en\/product\/protein-cake-upntortas-de-proteina\/","og_locale":"en_US","og_type":"article","og_title":"PROTEIN CAKE UPN\/TORTAS DE PROTEINA - Salud y Vida Store","og_description":"PROTEIN CAKE es una mezcla para preparar una deliciosa torta, rica en prote\u00ednas de suero l\u00e1cteo. Ideal para personas con poco tiempo para alimentarse, que desean tener una buena nutrici\u00f3n basada en un consumo apropiado de prote\u00ednas. Igualmente para deportistas, fisicoculturistas o atletas que desean incrementar su ingesta proteica y todo, gracias a su f\u00e1cil y deliciosa f\u00f3rmula.","og_url":"https:\/\/saludyvidastore.com\/en\/product\/protein-cake-upntortas-de-proteina\/","og_site_name":"Salud y Vida Store","article_publisher":"https:\/\/www.facebook.com\/ArmoniaNaturalDietShop\/","og_image":[{"width":600,"height":600,"url":"https:\/\/saludyvidastore.com\/wp-content\/uploads\/2018\/02\/protein-cake-upntortas-de-proteina_1027.jpg","type":"image\/jpeg"}],"twitter_card":"summary_large_image","twitter_misc":{"Est. reading time":"1 minute"},"schema":{"@context":"https:\/\/schema.org","@graph":[{"@type":"WebSite","@id":"https:\/\/saludyvidastore.com\/#website","url":"https:\/\/saludyvidastore.com\/","name":"Salud y Vida Store","description":"Otro sitio realizado con WordPress","potentialAction":[{"@type":"SearchAction","target":{"@type":"EntryPoint","urlTemplate":"https:\/\/saludyvidastore.com\/?s={search_term_string}"},"query-input":"required name=search_term_string"}],"inLanguage":"en-US"},{"@type":"ImageObject","@id":"https:\/\/saludyvidastore.com\/en\/product\/protein-cake-upntortas-de-proteina\/#primaryimage","inLanguage":"en-US","url":"https:\/\/saludyvidastore.com\/wp-content\/uploads\/2018\/02\/protein-cake-upntortas-de-proteina_1027.jpg","contentUrl":"https:\/\/saludyvidastore.com\/wp-content\/uploads\/2018\/02\/protein-cake-upntortas-de-proteina_1027.jpg","width":600,"height":600},{"@type":"WebPage","@id":"https:\/\/saludyvidastore.com\/en\/product\/protein-cake-upntortas-de-proteina\/#webpage","url":"https:\/\/saludyvidastore.com\/en\/product\/protein-cake-upntortas-de-proteina\/","name":"PROTEIN CAKE UPN\/TORTAS DE PROTEINA - Salud y Vida Store","isPartOf":{"@id":"https:\/\/saludyvidastore.com\/#website"},"primaryImageOfPage":{"@id":"https:\/\/saludyvidastore.com\/en\/product\/protein-cake-upntortas-de-proteina\/#primaryimage"},"datePublished":"2018-01-28T21:43:16+00:00","dateModified":"2018-01-28T21:43:16+00:00","breadcrumb":{"@id":"https:\/\/saludyvidastore.com\/en\/product\/protein-cake-upntortas-de-proteina\/#breadcrumb"},"inLanguage":"en-US","potentialAction":[{"@type":"ReadAction","target":["https:\/\/saludyvidastore.com\/en\/product\/protein-cake-upntortas-de-proteina\/"]}]},{"@type":"BreadcrumbList","@id":"https:\/\/saludyvidastore.com\/en\/product\/protein-cake-upntortas-de-proteina\/#breadcrumb","itemListElement":[{"@type":"ListItem","position":1,"name":"Portada","item":"https:\/\/saludyvidastore.com\/en\/"},{"@type":"ListItem","position":2,"name":"Tienda","item":"https:\/\/saludyvidastore.com\/tienda\/"},{"@type":"ListItem","position":3,"name":"PROTEIN CAKE UPN\/TORTAS DE PROTEINA"}]}]}},"_links":{"self":[{"href":"https:\/\/saludyvidastore.com\/en\/wp-json\/wp\/v2\/product\/1731"}],"collection":[{"href":"https:\/\/saludyvidastore.com\/en\/wp-json\/wp\/v2\/product"}],"about":[{"href":"https:\/\/saludyvidastore.com\/en\/wp-json\/wp\/v2\/types\/product"}],"replies":[{"embeddable":true,"href":"https:\/\/saludyvidastore.com\/en\/wp-json\/wp\/v2\/comments?post=1731"}],"wp:featuredmedia":[{"embeddable":true,"href":"https:\/\/saludyvidastore.com\/en\/wp-json\/wp\/v2\/media\/791"}],"wp:attachment":[{"href":"https:\/\/saludyvidastore.com\/en\/wp-json\/wp\/v2\/media?parent=1731"}],"wp:term":[{"taxonomy":"product_cat","embeddable":true,"href":"https:\/\/saludyvidastore.com\/en\/wp-json\/wp\/v2\/product_cat?post=1731"},{"taxonomy":"product_tag","embeddable":true,"href":"https:\/\/saludyvidastore.com\/en\/wp-json\/wp\/v2\/product_tag?post=1731"}],"curies":[{"name":"wp","href":"https:\/\/api.w.org\/{rel}","templated":true}]}}