{"id":1737,"date":"2018-01-28T21:43:13","date_gmt":"2018-01-28T21:43:13","guid":{"rendered":"http:\/\/saludyvidastore.com\/product\/omega-3-6-9-120-caps\/"},"modified":"2018-01-28T21:43:13","modified_gmt":"2018-01-28T21:43:13","slug":"omega-3-6-9-120-caps-%c2%a0-%c2%a0","status":"publish","type":"product","link":"https:\/\/saludyvidastore.com\/en\/product\/omega-3-6-9-120-caps-%c2%a0-%c2%a0\/","title":{"rendered":"Omega 3-6-9 120 caps \u00a0 \u00a0"},"content":{"rendered":"<p style=\"text-align: justify;\">&#8211; Promueve la salud card\u00edaca y cardiovascular<\/p>\n<p style=\"text-align: justify;\">&#8211; Contribuye con la funci\u00f3n celular y metab\u00f3lica<\/p>\n<p style=\"text-align: justify;\">&#8211; Mejorado con aceites de linaza, de pescado, de onagra y de borraja, y con vitamina E<\/p>\n<p style=\"text-align: justify;\">Omega 3-6-9 es una f\u00f3rmula integral reforzada con 3 tipos diferentes de \u00e1cidos grasos omega (omega-3, omega-6 y omega-9), que son las grasas &#8220;buenas&#8221;, importantes para la salud metab\u00f3lica y card\u00edaca. Los \u00e1cidos grasos, en especial los omega-3, pueden contribuir con la salud articular y de la piel. Adem\u00e1s de todas estas grasas buenas, Triple Omega 3-6-9 contiene una mezcla patentada de aceites esenciales que incluyen aceite de linaza org\u00e1nica y aceites de pescado, de onagra y de borraja, y es asimismo una fant\u00e1stica fuente <strong>de vitamina E. Omega 3-6-9 es una de las mejores opciones para respaldar el funcionamiento cardiovascular.<\/strong><\/p>\n<p style=\"text-align: justify;\"><strong>Indicaciones:<\/strong> Adultos, tomar tres (3) c\u00e1psulas blandas por d\u00eda, preferiblemente con las comidas.<\/p>\n<p><strong>Indicaciones:<\/strong> Adultos, tomar tres (3) c\u00e1psulas blandas por d\u00eda, preferiblemente con las comidas.<\/p>\n<p><strong>Otros ingredientes:<\/strong> gelatina, glicerina vegetal, tocoferoles naturales mixtos. Contiene ingredientes de pescado (anchoa, caballa, sardina). No Artificial Color, Flavor or Sweetener, No Preservatives, No Sugar, No Starch, No Milk, No Lactose, No Gluten, No Wheat, No Yeast,No Shellfish. Sin sodio.<\/p>\n<p><strong>ADVERTENCIA:<\/strong> Consulte a su m\u00e9dico antes de usar en caso de embarazo, lactancia o de estar tomando alg\u00fan medicamento o si planea someterse a alg\u00fan procedimiento m\u00e9dico. Suspenda su uso y consulte a su m\u00e9dico si se produce alguna reacci\u00f3n adversa. Mantener fuera del alcance de los ni\u00f1os. Guardar en un lugar fresco y seco.<\/p>\n<p style=\"text-align: justify;\">\n<p style=\"text-align: justify;\">\n","protected":false},"excerpt":{"rendered":"<p style=\"text-align: justify;\">&#8211; Promueve la salud card\u00edaca y cardiovascular<\/p>\n<p style=\"text-align: justify;\">&#8211; Contribuye con la funci\u00f3n celular y metab\u00f3lica<\/p>\n<p style=\"text-align: justify;\">&#8211; Mejorado con aceites de linaza, de pescado, de onagra y de borraja, y con vitamina E<\/p>\n<p style=\"text-align: justify;\">Omega 3-6-9 es una f\u00f3rmula integral reforzada con 3 tipos diferentes de \u00e1cidos grasos omega (omega-3, omega-6 y [&#8230;]<\/p>\n","protected":false},"featured_media":817,"comment_status":"open","ping_status":"closed","template":"","meta":[],"product_cat":[34],"product_tag":[],"acf":[],"yoast_head":"<!-- This site is optimized with the Yoast SEO plugin v18.5.1 - https:\/\/yoast.com\/wordpress\/plugins\/seo\/ -->\n<title>Omega 3-6-9 120 caps \u00a0 \u00a0 - Salud y Vida Store<\/title>\n<meta name=\"robots\" content=\"index, follow, max-snippet:-1, max-image-preview:large, max-video-preview:-1\" \/>\n<link rel=\"canonical\" href=\"https:\/\/saludyvidastore.com\/en\/product\/omega-3-6-9-120-caps-\u00a0-\u00a0\/\" \/>\n<meta property=\"og:locale\" content=\"en_US\" \/>\n<meta property=\"og:type\" content=\"article\" \/>\n<meta property=\"og:title\" content=\"Omega 3-6-9 120 caps \u00a0 \u00a0 - Salud y Vida Store\" \/>\n<meta property=\"og:description\" content=\"&#8211; Promueve la salud card\u00edaca y cardiovascular &#8211; Contribuye con la funci\u00f3n celular y metab\u00f3lica &#8211; Mejorado con aceites de linaza, de pescado, de onagra y de borraja, y con vitamina E Omega 3-6-9 es una f\u00f3rmula integral reforzada con 3 tipos diferentes de \u00e1cidos grasos omega (omega-3, omega-6 y [...]\" \/>\n<meta property=\"og:url\" content=\"https:\/\/saludyvidastore.com\/en\/product\/omega-3-6-9-120-caps-\u00a0-\u00a0\/\" \/>\n<meta property=\"og:site_name\" content=\"Salud y Vida Store\" \/>\n<meta property=\"article:publisher\" content=\"https:\/\/www.facebook.com\/ArmoniaNaturalDietShop\/\" \/>\n<meta property=\"og:image\" content=\"https:\/\/saludyvidastore.com\/wp-content\/uploads\/2018\/02\/omega-3-6-9-120-caps-c2a0-c2a0_181.jpg\" \/>\n\t<meta property=\"og:image:width\" content=\"256\" \/>\n\t<meta property=\"og:image:height\" content=\"286\" \/>\n\t<meta property=\"og:image:type\" content=\"image\/jpeg\" \/>\n<meta name=\"twitter:card\" content=\"summary_large_image\" \/>\n<meta name=\"twitter:label1\" content=\"Est. reading time\" \/>\n\t<meta name=\"twitter:data1\" content=\"1 minute\" \/>\n<script type=\"application\/ld+json\" class=\"yoast-schema-graph\">{\"@context\":\"https:\/\/schema.org\",\"@graph\":[{\"@type\":\"WebSite\",\"@id\":\"https:\/\/saludyvidastore.com\/#website\",\"url\":\"https:\/\/saludyvidastore.com\/\",\"name\":\"Salud y Vida Store\",\"description\":\"Otro sitio realizado con WordPress\",\"potentialAction\":[{\"@type\":\"SearchAction\",\"target\":{\"@type\":\"EntryPoint\",\"urlTemplate\":\"https:\/\/saludyvidastore.com\/?s={search_term_string}\"},\"query-input\":\"required name=search_term_string\"}],\"inLanguage\":\"en-US\"},{\"@type\":\"ImageObject\",\"@id\":\"https:\/\/saludyvidastore.com\/en\/product\/omega-3-6-9-120-caps-%c2%a0-%c2%a0\/#primaryimage\",\"inLanguage\":\"en-US\",\"url\":\"https:\/\/saludyvidastore.com\/wp-content\/uploads\/2018\/02\/omega-3-6-9-120-caps-c2a0-c2a0_181.jpg\",\"contentUrl\":\"https:\/\/saludyvidastore.com\/wp-content\/uploads\/2018\/02\/omega-3-6-9-120-caps-c2a0-c2a0_181.jpg\",\"width\":256,\"height\":286},{\"@type\":\"WebPage\",\"@id\":\"https:\/\/saludyvidastore.com\/en\/product\/omega-3-6-9-120-caps-%c2%a0-%c2%a0\/#webpage\",\"url\":\"https:\/\/saludyvidastore.com\/en\/product\/omega-3-6-9-120-caps-%c2%a0-%c2%a0\/\",\"name\":\"Omega 3-6-9 120 caps \u00a0 \u00a0 - Salud y Vida Store\",\"isPartOf\":{\"@id\":\"https:\/\/saludyvidastore.com\/#website\"},\"primaryImageOfPage\":{\"@id\":\"https:\/\/saludyvidastore.com\/en\/product\/omega-3-6-9-120-caps-%c2%a0-%c2%a0\/#primaryimage\"},\"datePublished\":\"2018-01-28T21:43:13+00:00\",\"dateModified\":\"2018-01-28T21:43:13+00:00\",\"breadcrumb\":{\"@id\":\"https:\/\/saludyvidastore.com\/en\/product\/omega-3-6-9-120-caps-%c2%a0-%c2%a0\/#breadcrumb\"},\"inLanguage\":\"en-US\",\"potentialAction\":[{\"@type\":\"ReadAction\",\"target\":[\"https:\/\/saludyvidastore.com\/en\/product\/omega-3-6-9-120-caps-%c2%a0-%c2%a0\/\"]}]},{\"@type\":\"BreadcrumbList\",\"@id\":\"https:\/\/saludyvidastore.com\/en\/product\/omega-3-6-9-120-caps-%c2%a0-%c2%a0\/#breadcrumb\",\"itemListElement\":[{\"@type\":\"ListItem\",\"position\":1,\"name\":\"Portada\",\"item\":\"https:\/\/saludyvidastore.com\/en\/\"},{\"@type\":\"ListItem\",\"position\":2,\"name\":\"Tienda\",\"item\":\"https:\/\/saludyvidastore.com\/tienda\/\"},{\"@type\":\"ListItem\",\"position\":3,\"name\":\"Omega 3-6-9 120 caps \u00a0 \u00a0\"}]}]}<\/script>\n<!-- \/ Yoast SEO plugin. -->","yoast_head_json":{"title":"Omega 3-6-9 120 caps \u00a0 \u00a0 - Salud y Vida Store","robots":{"index":"index","follow":"follow","max-snippet":"max-snippet:-1","max-image-preview":"max-image-preview:large","max-video-preview":"max-video-preview:-1"},"canonical":"https:\/\/saludyvidastore.com\/en\/product\/omega-3-6-9-120-caps-\u00a0-\u00a0\/","og_locale":"en_US","og_type":"article","og_title":"Omega 3-6-9 120 caps \u00a0 \u00a0 - Salud y Vida Store","og_description":"&#8211; Promueve la salud card\u00edaca y cardiovascular &#8211; Contribuye con la funci\u00f3n celular y metab\u00f3lica &#8211; Mejorado con aceites de linaza, de pescado, de onagra y de borraja, y con vitamina E Omega 3-6-9 es una f\u00f3rmula integral reforzada con 3 tipos diferentes de \u00e1cidos grasos omega (omega-3, omega-6 y [...]","og_url":"https:\/\/saludyvidastore.com\/en\/product\/omega-3-6-9-120-caps-\u00a0-\u00a0\/","og_site_name":"Salud y Vida Store","article_publisher":"https:\/\/www.facebook.com\/ArmoniaNaturalDietShop\/","og_image":[{"width":256,"height":286,"url":"https:\/\/saludyvidastore.com\/wp-content\/uploads\/2018\/02\/omega-3-6-9-120-caps-c2a0-c2a0_181.jpg","type":"image\/jpeg"}],"twitter_card":"summary_large_image","twitter_misc":{"Est. reading time":"1 minute"},"schema":{"@context":"https:\/\/schema.org","@graph":[{"@type":"WebSite","@id":"https:\/\/saludyvidastore.com\/#website","url":"https:\/\/saludyvidastore.com\/","name":"Salud y Vida Store","description":"Otro sitio realizado con WordPress","potentialAction":[{"@type":"SearchAction","target":{"@type":"EntryPoint","urlTemplate":"https:\/\/saludyvidastore.com\/?s={search_term_string}"},"query-input":"required name=search_term_string"}],"inLanguage":"en-US"},{"@type":"ImageObject","@id":"https:\/\/saludyvidastore.com\/en\/product\/omega-3-6-9-120-caps-%c2%a0-%c2%a0\/#primaryimage","inLanguage":"en-US","url":"https:\/\/saludyvidastore.com\/wp-content\/uploads\/2018\/02\/omega-3-6-9-120-caps-c2a0-c2a0_181.jpg","contentUrl":"https:\/\/saludyvidastore.com\/wp-content\/uploads\/2018\/02\/omega-3-6-9-120-caps-c2a0-c2a0_181.jpg","width":256,"height":286},{"@type":"WebPage","@id":"https:\/\/saludyvidastore.com\/en\/product\/omega-3-6-9-120-caps-%c2%a0-%c2%a0\/#webpage","url":"https:\/\/saludyvidastore.com\/en\/product\/omega-3-6-9-120-caps-%c2%a0-%c2%a0\/","name":"Omega 3-6-9 120 caps \u00a0 \u00a0 - Salud y Vida Store","isPartOf":{"@id":"https:\/\/saludyvidastore.com\/#website"},"primaryImageOfPage":{"@id":"https:\/\/saludyvidastore.com\/en\/product\/omega-3-6-9-120-caps-%c2%a0-%c2%a0\/#primaryimage"},"datePublished":"2018-01-28T21:43:13+00:00","dateModified":"2018-01-28T21:43:13+00:00","breadcrumb":{"@id":"https:\/\/saludyvidastore.com\/en\/product\/omega-3-6-9-120-caps-%c2%a0-%c2%a0\/#breadcrumb"},"inLanguage":"en-US","potentialAction":[{"@type":"ReadAction","target":["https:\/\/saludyvidastore.com\/en\/product\/omega-3-6-9-120-caps-%c2%a0-%c2%a0\/"]}]},{"@type":"BreadcrumbList","@id":"https:\/\/saludyvidastore.com\/en\/product\/omega-3-6-9-120-caps-%c2%a0-%c2%a0\/#breadcrumb","itemListElement":[{"@type":"ListItem","position":1,"name":"Portada","item":"https:\/\/saludyvidastore.com\/en\/"},{"@type":"ListItem","position":2,"name":"Tienda","item":"https:\/\/saludyvidastore.com\/tienda\/"},{"@type":"ListItem","position":3,"name":"Omega 3-6-9 120 caps \u00a0 \u00a0"}]}]}},"_links":{"self":[{"href":"https:\/\/saludyvidastore.com\/en\/wp-json\/wp\/v2\/product\/1737"}],"collection":[{"href":"https:\/\/saludyvidastore.com\/en\/wp-json\/wp\/v2\/product"}],"about":[{"href":"https:\/\/saludyvidastore.com\/en\/wp-json\/wp\/v2\/types\/product"}],"replies":[{"embeddable":true,"href":"https:\/\/saludyvidastore.com\/en\/wp-json\/wp\/v2\/comments?post=1737"}],"wp:featuredmedia":[{"embeddable":true,"href":"https:\/\/saludyvidastore.com\/en\/wp-json\/wp\/v2\/media\/817"}],"wp:attachment":[{"href":"https:\/\/saludyvidastore.com\/en\/wp-json\/wp\/v2\/media?parent=1737"}],"wp:term":[{"taxonomy":"product_cat","embeddable":true,"href":"https:\/\/saludyvidastore.com\/en\/wp-json\/wp\/v2\/product_cat?post=1737"},{"taxonomy":"product_tag","embeddable":true,"href":"https:\/\/saludyvidastore.com\/en\/wp-json\/wp\/v2\/product_tag?post=1737"}],"curies":[{"name":"wp","href":"https:\/\/api.w.org\/{rel}","templated":true}]}}