{"id":1740,"date":"2018-01-28T21:43:12","date_gmt":"2018-01-28T21:43:12","guid":{"rendered":"http:\/\/saludyvidastore.com\/product\/nitrotech-performance-series-4lbs-vainillacookies-creamchocolate\/"},"modified":"2022-03-24T19:51:21","modified_gmt":"2022-03-24T19:51:21","slug":"nitrotech-performance-series-4lbs","status":"publish","type":"product","link":"https:\/\/saludyvidastore.com\/en\/product\/nitrotech-performance-series-4lbs\/","title":{"rendered":"Nitrotech  Performance Series 4Lbs"},"content":{"rendered":"<p>&nbsp;<\/p>\n<p><span style=\"font-size: 10pt;\"> Nitrotech Performance Series 4Lbs Vainilla ,Cream,Chocolate ,es un producto elaborado a base de prote\u00edna de suero con una gran pureza, enriquecida con creatina y amino\u00e1cidos, para conseguir una f\u00f3rmula superior, perfecta para favorecer una<a href=\"http:\/\/centrodeportivomorales.com\/recuperacion-muscular-despues-del-ejercicio\/#:~:text=La%20recuperaci%C3%B3n%20muscular%20despu%C3%A9s%20del,fuerza%20para%20recuperar%20el%20cuerpo.\"> recuperaci\u00f3n<\/a> muscular \u00f3ptima despu\u00e9s del entrenamiento y apoyar ganancias m\u00e1ximas de fuerza y masa muscular.<\/span><\/p>\n<p><span style=\"font-size: 10pt;\">Nitrotech Performance Series 4Lbs Vainilla ,Cream,Chocolate ,est\u00e1 dise\u00f1ado para atletas que desean mejorar la fuerza y el rendimiento, ayud\u00e1ndose de un producto natural que combina prote\u00edna de alta calidad pero que no quieren un exceso de carbohidratos ni grasa.<\/span><\/p>\n<p><span style=\"font-size: 14pt; color: #0000ff;\">Nitro Tech Performance Series. Caracter\u00edsticas principales:<\/span><\/p>\n<p><span style=\"font-size: 10pt;\">140 kcal por dosis.*<\/span><br \/>\n<span style=\"font-size: 10pt;\">81 % de prote\u00edna por dosis.<\/span><br \/>\n<span style=\"font-size: 10pt;\">3 gramos de Creatina Monohidrato por dosis.<\/span><br \/>\n<span style=\"font-size: 10pt;\">4 gramos de L-Alanina, Glicina y Taurina.<\/span><br \/>\n<span style=\"font-size: 10pt;\">Libre de grasas trans.<\/span><br \/>\n<span style=\"font-size: 10pt;\">2 gramos de carbohidratos.<\/span><br \/>\n<span style=\"font-size: 10pt;\">Contiene 100 mg de enzimas digestivas por dosis.<\/span><br \/>\n<span style=\"font-size: 10pt;\">Enriquecida con Calcio y Sodio.<\/span><br \/>\n<span style=\"font-size: 10pt;\">1800\/907 g de producto en cada envase (49\/24 dosis).<\/span><br \/>\n<span style=\"font-size: 10pt;\">*36 gramos por dosis. La informaci\u00f3n nutricional puede variar ligeramente dependiendo del sabor.<\/span><\/p>\n<p><span style=\"color: #0000ff; font-size: 14pt;\">Nitro Tech Performance Series. Efectos principales:<\/span><\/p>\n<p><span style=\"font-size: 10pt;\">Favorece una r\u00e1pida recuperaci\u00f3n despu\u00e9s del entrenamiento, mejorando la fuerza y la potencia.<\/span><br \/>\n<span style=\"font-size: 10pt;\">Estimula la s\u00edntesis proteica, el desarrollo muscular y el anabolismo.<\/span><br \/>\n<span style=\"font-size: 10pt;\">Proporciona prote\u00ednas de alta calidad para mantener y desarrollar la<a href=\"\/?p=2406\"> musculatura<\/a>.<\/span><br \/>\n<span style=\"font-size: 10pt;\">Nitro Tech Performance Series. La ciencia detr\u00e1s:<\/span><\/p>\n<p><span style=\"font-size: 10pt;\">Nitro Tech Performance Series est\u00e1 elaborado principalmente por aislado de prote\u00edna de suero de leche y aislado de prote\u00edna de suero de leche hidrolizada, enriquecida con amino\u00e1cidos claves para la reparaci\u00f3n y crecimiento muscular, como son la L-alanina, glicina y taurina; amino\u00e1cidos que son r\u00e1pidamente digeridos y absorbidos por el torrente sangu\u00edneo y ayudan en la reparaci\u00f3n muscular. Es perfecta para tomar despu\u00e9s del entrenamiento, mejorando la r\u00e1pida entrega de amino\u00e1cidos y favoreciendo la reparaci\u00f3n muscular.<\/span><\/p>\n<p><span style=\"font-size: 10pt;\">En su elaboraci\u00f3n se ha utilizado una tecnolog\u00eda de filtraci\u00f3n multifase, que permite obtener menos grasa y menos lactosa, combinando prote\u00edna de suero aislada, hidrolizada y prote\u00edna concentrada obtenida por ultra filtraci\u00f3n, resultando una prote\u00edna de alta calidad con un bajo contenido en grasas y en carbohidratos que se absorbe r\u00e1pidamente para llegar a tus m\u00fasculos en menos tiempo.<\/span><\/p>\n<p><span style=\"font-size: 10pt;\">La L-Alanina se encuentra en grandes concentraciones en el plasma sangu\u00edneo y es fundamental que su disponibilidad sea buena para una correcta s\u00edntesis proteica y tambi\u00e9n mejora el almacenamiento del gluc\u00f3geno. Por su parte la taurina es capaz de estimular la entrada de nutrientes al interior de las c\u00e9lulas (especialmente carbohidratos y prote\u00ednas), incrementando las reservas de gluc\u00f3geno y reduciendo la glucosa sangu\u00ednea.<\/span><\/p>\n<p><span style=\"font-size: 10pt;\">Cada dosis de Nitro Tech Performance Series aporta 3 gramos de creatina monohidrato, la creatina produce mejoras en la fuerza y el rendimiento de modo general, contribuyendo a favorecer la consecuci\u00f3n de resultados.<\/span><\/p>\n<p><span style=\"font-size: 10pt;\">Por \u00faltimo, para favorecer un aprovechamiento m\u00e1ximo del producto, Nitro Tech Performance Series est\u00e1 enriquecida con enzimas digestivas, que favorecen una digesti\u00f3n y absorci\u00f3n m\u00e1xima de todos sus componentes.<\/span><\/p>\n<p><span style=\"font-size: 14pt; color: #0000ff;\">Nitro Tech Performance Series. Objetivos principales:<\/span><\/p>\n<p><span style=\"font-size: 10pt;\">Desarrollo muscular.<\/span><\/p>\n<p><span style=\"font-size: 10pt;\">Definici\u00f3n muscular.<\/span><\/p>\n<p><span style=\"font-size: 10pt;\">Recuperaci\u00f3n muscular.<\/span><\/p>\n<p><span style=\"font-size: 14pt; color: #ff00ff;\">\u00bfQui\u00e9n puede beneficiarse de Nitro Tech Performance Series?<\/span><\/p>\n<p><span style=\"font-size: 10pt;\">Deportistas de fuerza y potencia que deseen acelerar su recuperaci\u00f3n y aumentar la masa muscular de forma limpia.<\/span><br \/>\n<span style=\"font-size: 10pt;\">Nitro Tech Performance Series es perfecta tambi\u00e9n para deportistas que practiquen deportes de contacto, velocistas o todas aquellas disciplinas deportivas en las que las adaptaciones al entrenamiento de la fuerza sean importantes o haya esfuerzos deportivos repetidos breves y de alta intensidad como deportes de equipo.<\/span><br \/>\n<span style=\"font-size: 10pt;\">Deportistas que deseen combinar la toma de prote\u00ednas y creatina en un \u00fanico batido.<\/span><br \/>\n<span style=\"font-size: 10pt;\">Nitro Tech Performance Series. C\u00f3mo combinar:<\/span><\/p>\n<p><span style=\"font-size: 10pt;\">Nitro Tech Performance Series puede combinarse con una amplia variedad de productos. Aunque puede utilizarse en diferentes momentos de la temporada, es posible que si se desea el desarrollo r\u00e1pido de la masa muscular, haya que prestar especial atenci\u00f3n a la energ\u00eda de la dieta para permitir un correcto desarrollo de la musculatura, ya que hay que recordar que se trata de un producto muy limpio sin apenas grasas ni carbohidratos. Del mismo modo, cuando sea necesario recuperar de forma r\u00e1pida los dep\u00f3sitos de gluc\u00f3geno, deber\u00eda a\u00f1adirse una fuente de carbohidratos de calidad como la amilopectina.<\/span><\/p>\n<p><span style=\"font-size: 10pt;\">Otros ingredientes o productos que se pueden utilizar de forma efectiva junto a Nitro Tech Performance Series podr\u00eda ser un pre-entrenamiento, BCAAs antes y durante el entrenamiento o HMB. Los ingredientes o productos a seleccionar depender\u00e1n mucho de las necesidades y objetivos de cada deportista.<\/span><\/p>\n","protected":false},"excerpt":{"rendered":"<p>Nitro-Tech Performance Series de Muscletech es un suplemento a base de aislado de suero dise\u00f1ada con una f\u00f3rmula especial para construir m\u00fasculo magro libre de grasa. Nitro-Tech es el aliado perfecto para todos los atletas que est\u00e1n buscando m\u00e1s m\u00fasculo, m\u00e1s fuerza y mejor rendimiento. Contiene prote\u00ednas de origen principalmente de prote\u00edna de suero y tambi\u00e9n se ha mejorado con la forma m\u00e1s estudiada de la creatina para acelerar el aumento del m\u00fasculo y la fuerza.<\/p>\n","protected":false},"featured_media":829,"comment_status":"open","ping_status":"closed","template":"","meta":[],"product_cat":[40,29],"product_tag":[],"acf":[],"yoast_head":"<!-- This site is optimized with the Yoast SEO plugin v18.5.1 - https:\/\/yoast.com\/wordpress\/plugins\/seo\/ -->\n<title>Nitrotech Performance Series 4Lbs - Salud y Vida Store<\/title>\n<meta name=\"description\" content=\"Nitrotech Performance Series 4Lbs Vainilla ,Cream,Chocolate ,producto elaborado a base de prote\u00edna de suero con una gran pureza.\" \/>\n<meta name=\"robots\" content=\"index, follow, max-snippet:-1, max-image-preview:large, max-video-preview:-1\" \/>\n<link rel=\"canonical\" href=\"https:\/\/saludyvidastore.com\/en\/product\/nitrotech-performance-series-4lbs\/\" \/>\n<meta property=\"og:locale\" content=\"en_US\" \/>\n<meta property=\"og:type\" content=\"article\" \/>\n<meta property=\"og:title\" content=\"Nitrotech Performance Series 4Lbs - Salud y Vida Store\" \/>\n<meta property=\"og:description\" content=\"Nitrotech Performance Series 4Lbs Vainilla ,Cream,Chocolate ,producto elaborado a base de prote\u00edna de suero con una gran pureza.\" \/>\n<meta property=\"og:url\" content=\"https:\/\/saludyvidastore.com\/en\/product\/nitrotech-performance-series-4lbs\/\" \/>\n<meta property=\"og:site_name\" content=\"Salud y Vida Store\" \/>\n<meta property=\"article:publisher\" content=\"https:\/\/www.facebook.com\/ArmoniaNaturalDietShop\/\" \/>\n<meta property=\"article:modified_time\" content=\"2022-03-24T19:51:21+00:00\" \/>\n<meta property=\"og:image\" content=\"https:\/\/saludyvidastore.com\/wp-content\/uploads\/2018\/02\/nitrotech-performance-series-4lbs-vainillacookies-creamchocolate_255.jpg\" \/>\n\t<meta property=\"og:image:width\" content=\"300\" \/>\n\t<meta property=\"og:image:height\" content=\"300\" \/>\n\t<meta property=\"og:image:type\" content=\"image\/jpeg\" \/>\n<meta name=\"twitter:card\" content=\"summary_large_image\" \/>\n<meta name=\"twitter:label1\" content=\"Est. reading time\" \/>\n\t<meta name=\"twitter:data1\" content=\"4 minutes\" \/>\n<script type=\"application\/ld+json\" class=\"yoast-schema-graph\">{\"@context\":\"https:\/\/schema.org\",\"@graph\":[{\"@type\":\"WebSite\",\"@id\":\"https:\/\/saludyvidastore.com\/#website\",\"url\":\"https:\/\/saludyvidastore.com\/\",\"name\":\"Salud y Vida Store\",\"description\":\"Otro sitio realizado con WordPress\",\"potentialAction\":[{\"@type\":\"SearchAction\",\"target\":{\"@type\":\"EntryPoint\",\"urlTemplate\":\"https:\/\/saludyvidastore.com\/?s={search_term_string}\"},\"query-input\":\"required name=search_term_string\"}],\"inLanguage\":\"en-US\"},{\"@type\":\"ImageObject\",\"@id\":\"https:\/\/saludyvidastore.com\/en\/product\/nitrotech-performance-series-4lbs\/#primaryimage\",\"inLanguage\":\"en-US\",\"url\":\"https:\/\/saludyvidastore.com\/wp-content\/uploads\/2018\/02\/nitrotech-performance-series-4lbs-vainillacookies-creamchocolate_255.jpg\",\"contentUrl\":\"https:\/\/saludyvidastore.com\/wp-content\/uploads\/2018\/02\/nitrotech-performance-series-4lbs-vainillacookies-creamchocolate_255.jpg\",\"width\":300,\"height\":300,\"caption\":\"nitrotech 4 lbs\"},{\"@type\":\"WebPage\",\"@id\":\"https:\/\/saludyvidastore.com\/en\/product\/nitrotech-performance-series-4lbs\/#webpage\",\"url\":\"https:\/\/saludyvidastore.com\/en\/product\/nitrotech-performance-series-4lbs\/\",\"name\":\"Nitrotech Performance Series 4Lbs - Salud y Vida Store\",\"isPartOf\":{\"@id\":\"https:\/\/saludyvidastore.com\/#website\"},\"primaryImageOfPage\":{\"@id\":\"https:\/\/saludyvidastore.com\/en\/product\/nitrotech-performance-series-4lbs\/#primaryimage\"},\"datePublished\":\"2018-01-28T21:43:12+00:00\",\"dateModified\":\"2022-03-24T19:51:21+00:00\",\"description\":\"Nitrotech Performance Series 4Lbs Vainilla ,Cream,Chocolate ,producto elaborado a base de prote\u00edna de suero con una gran pureza.\",\"breadcrumb\":{\"@id\":\"https:\/\/saludyvidastore.com\/en\/product\/nitrotech-performance-series-4lbs\/#breadcrumb\"},\"inLanguage\":\"en-US\",\"potentialAction\":[{\"@type\":\"ReadAction\",\"target\":[\"https:\/\/saludyvidastore.com\/en\/product\/nitrotech-performance-series-4lbs\/\"]}]},{\"@type\":\"BreadcrumbList\",\"@id\":\"https:\/\/saludyvidastore.com\/en\/product\/nitrotech-performance-series-4lbs\/#breadcrumb\",\"itemListElement\":[{\"@type\":\"ListItem\",\"position\":1,\"name\":\"Portada\",\"item\":\"https:\/\/saludyvidastore.com\/en\/\"},{\"@type\":\"ListItem\",\"position\":2,\"name\":\"Tienda\",\"item\":\"https:\/\/saludyvidastore.com\/tienda\/\"},{\"@type\":\"ListItem\",\"position\":3,\"name\":\"Nitrotech Performance Series 4Lbs\"}]}]}<\/script>\n<!-- \/ Yoast SEO plugin. -->","yoast_head_json":{"title":"Nitrotech Performance Series 4Lbs - Salud y Vida Store","description":"Nitrotech Performance Series 4Lbs Vainilla ,Cream,Chocolate ,producto elaborado a base de prote\u00edna de suero con una gran pureza.","robots":{"index":"index","follow":"follow","max-snippet":"max-snippet:-1","max-image-preview":"max-image-preview:large","max-video-preview":"max-video-preview:-1"},"canonical":"https:\/\/saludyvidastore.com\/en\/product\/nitrotech-performance-series-4lbs\/","og_locale":"en_US","og_type":"article","og_title":"Nitrotech Performance Series 4Lbs - Salud y Vida Store","og_description":"Nitrotech Performance Series 4Lbs Vainilla ,Cream,Chocolate ,producto elaborado a base de prote\u00edna de suero con una gran pureza.","og_url":"https:\/\/saludyvidastore.com\/en\/product\/nitrotech-performance-series-4lbs\/","og_site_name":"Salud y Vida Store","article_publisher":"https:\/\/www.facebook.com\/ArmoniaNaturalDietShop\/","article_modified_time":"2022-03-24T19:51:21+00:00","og_image":[{"width":300,"height":300,"url":"https:\/\/saludyvidastore.com\/wp-content\/uploads\/2018\/02\/nitrotech-performance-series-4lbs-vainillacookies-creamchocolate_255.jpg","type":"image\/jpeg"}],"twitter_card":"summary_large_image","twitter_misc":{"Est. reading time":"4 minutes"},"schema":{"@context":"https:\/\/schema.org","@graph":[{"@type":"WebSite","@id":"https:\/\/saludyvidastore.com\/#website","url":"https:\/\/saludyvidastore.com\/","name":"Salud y Vida Store","description":"Otro sitio realizado con WordPress","potentialAction":[{"@type":"SearchAction","target":{"@type":"EntryPoint","urlTemplate":"https:\/\/saludyvidastore.com\/?s={search_term_string}"},"query-input":"required name=search_term_string"}],"inLanguage":"en-US"},{"@type":"ImageObject","@id":"https:\/\/saludyvidastore.com\/en\/product\/nitrotech-performance-series-4lbs\/#primaryimage","inLanguage":"en-US","url":"https:\/\/saludyvidastore.com\/wp-content\/uploads\/2018\/02\/nitrotech-performance-series-4lbs-vainillacookies-creamchocolate_255.jpg","contentUrl":"https:\/\/saludyvidastore.com\/wp-content\/uploads\/2018\/02\/nitrotech-performance-series-4lbs-vainillacookies-creamchocolate_255.jpg","width":300,"height":300,"caption":"nitrotech 4 lbs"},{"@type":"WebPage","@id":"https:\/\/saludyvidastore.com\/en\/product\/nitrotech-performance-series-4lbs\/#webpage","url":"https:\/\/saludyvidastore.com\/en\/product\/nitrotech-performance-series-4lbs\/","name":"Nitrotech Performance Series 4Lbs - Salud y Vida Store","isPartOf":{"@id":"https:\/\/saludyvidastore.com\/#website"},"primaryImageOfPage":{"@id":"https:\/\/saludyvidastore.com\/en\/product\/nitrotech-performance-series-4lbs\/#primaryimage"},"datePublished":"2018-01-28T21:43:12+00:00","dateModified":"2022-03-24T19:51:21+00:00","description":"Nitrotech Performance Series 4Lbs Vainilla ,Cream,Chocolate ,producto elaborado a base de prote\u00edna de suero con una gran pureza.","breadcrumb":{"@id":"https:\/\/saludyvidastore.com\/en\/product\/nitrotech-performance-series-4lbs\/#breadcrumb"},"inLanguage":"en-US","potentialAction":[{"@type":"ReadAction","target":["https:\/\/saludyvidastore.com\/en\/product\/nitrotech-performance-series-4lbs\/"]}]},{"@type":"BreadcrumbList","@id":"https:\/\/saludyvidastore.com\/en\/product\/nitrotech-performance-series-4lbs\/#breadcrumb","itemListElement":[{"@type":"ListItem","position":1,"name":"Portada","item":"https:\/\/saludyvidastore.com\/en\/"},{"@type":"ListItem","position":2,"name":"Tienda","item":"https:\/\/saludyvidastore.com\/tienda\/"},{"@type":"ListItem","position":3,"name":"Nitrotech Performance Series 4Lbs"}]}]}},"_links":{"self":[{"href":"https:\/\/saludyvidastore.com\/en\/wp-json\/wp\/v2\/product\/1740"}],"collection":[{"href":"https:\/\/saludyvidastore.com\/en\/wp-json\/wp\/v2\/product"}],"about":[{"href":"https:\/\/saludyvidastore.com\/en\/wp-json\/wp\/v2\/types\/product"}],"replies":[{"embeddable":true,"href":"https:\/\/saludyvidastore.com\/en\/wp-json\/wp\/v2\/comments?post=1740"}],"wp:featuredmedia":[{"embeddable":true,"href":"https:\/\/saludyvidastore.com\/en\/wp-json\/wp\/v2\/media\/829"}],"wp:attachment":[{"href":"https:\/\/saludyvidastore.com\/en\/wp-json\/wp\/v2\/media?parent=1740"}],"wp:term":[{"taxonomy":"product_cat","embeddable":true,"href":"https:\/\/saludyvidastore.com\/en\/wp-json\/wp\/v2\/product_cat?post=1740"},{"taxonomy":"product_tag","embeddable":true,"href":"https:\/\/saludyvidastore.com\/en\/wp-json\/wp\/v2\/product_tag?post=1740"}],"curies":[{"name":"wp","href":"https:\/\/api.w.org\/{rel}","templated":true}]}}