{"id":1741,"date":"2018-01-28T21:43:12","date_gmt":"2018-01-28T21:43:12","guid":{"rendered":"http:\/\/saludyvidastore.com\/product\/no-xplode-bsn-30-serv\/"},"modified":"2020-03-11T21:40:33","modified_gmt":"2020-03-11T21:40:33","slug":"no-xplode-bsn-30-serv","status":"publish","type":"product","link":"https:\/\/saludyvidastore.com\/en\/product\/no-xplode-bsn-30-serv\/","title":{"rendered":"NO XPLODE BSN 30 SERV."},"content":{"rendered":"<p><span style=\"font-size: 14pt; color: #ff0000;\">NO-XPLODE 3.0<\/span><\/p>\n<p>\u00a1<span style=\"font-size: 10pt;\">Enciende tus motores antes de cada entrenamiento!<\/span><\/p>\n<p><span style=\"font-size: 10pt;\">La f\u00f3rmula original de NO-Xplode de BSN ha sido reformulada para seguir siendo la mejor elecci\u00f3n para proveer energ\u00eda explosiva y resistencia extrema a cada uno de tus entrenamientos. Su nueva f\u00f3rmula proporciona niveles superiores de concentraci\u00f3n, fuerza muscular y potencia para alcanzar un rendimiento deportivo m\u00e1ximo.<\/span><\/p>\n<p><span style=\"font-size: 10pt;\">Entre sus ingredientes puedes encontrar altas cantidades de vitaminas, amino\u00e1cidos, creatina, beta-alanina, cafe\u00edna y antioxidantes.<\/span><\/p>\n<p><span style=\"color: #ff0000; font-size: 14pt;\">NO-Xplode. Caracter\u00edsticas principales:<\/span><\/p>\n<p><span style=\"font-size: 10pt;\">*65 kcal por dosis diaria.<\/span><br \/>\n<span style=\"font-size: 10pt;\">*300 mg de Cafe\u00edna por dosis diaria.<\/span><br \/>\n<span style=\"font-size: 10pt;\">*Altas cantidades de vitaminas.<\/span><br \/>\n<span style=\"font-size: 10pt;\">*11 gramos de amino\u00e1cidos por dosis diaria.<\/span><br \/>\n<span style=\"font-size: 10pt;\">*3 gramos de creatina por dosis diaria.<\/span><br \/>\n<span style=\"font-size: 10pt;\">*2.6 g de beta-alanina (Carnosyn\u00ae) por dosis diaria.<\/span><br \/>\n<span style=\"font-size: 10pt;\">*Con antioxidantes.<\/span><br \/>\n<span style=\"font-size: 10pt;\">*Sabor mejorado y disoluci\u00f3n superior.<\/span><br \/>\n<span style=\"font-size: 10pt;\">*Varios formatos: envase de 240 g\/600 g\/ 1 kg.<\/span><br \/>\n<span style=\"font-size: 10pt;\">* Dosis diaria: 40 gramos. La informaci\u00f3n nutricional puede variar ligeramente dependiendo del sabor.<\/span><\/p>\n<p><span style=\"color: #ff0000; font-size: 14pt;\"><span style=\"font-size: 10pt;\">NO-Xplode. Ef<\/span>ectos principales:<\/span><\/p>\n<p><span style=\"font-size: 10pt;\">Aumenta la energ\u00eda durante los entrenamientos.<\/span><br \/>\n<span style=\"font-size: 10pt;\">Contribuye a la metabolismo energ\u00e9tico normal.<\/span><br \/>\n<span style=\"font-size: 10pt;\">Mejora el rendimiento f\u00edsico en series sucesivas de ejercicios breves de alta intensidad.<\/span><br \/>\n<span style=\"font-size: 10pt;\">Mejora la concentraci\u00f3n y el rendimiento cognitivo durante el entrenamiento.<\/span><br \/>\n<span style=\"font-size: 10pt;\">Contribuye a reducir el cansancio y la fatiga.<\/span><br \/>\n<span style=\"font-size: 10pt;\">NO-Xplode. La ciencia detr\u00e1s:<\/span><\/p>\n<p><span style=\"font-size: 10pt;\">NO-Xplode se reinventa para seguir ofreci\u00e9ndote la mejor alternativa para incrementar tu concentraci\u00f3n, energ\u00eda y rendimiento durante tus entrenamientos. La f\u00f3rmula de NO-Xplode est\u00e1 compuesta por ingredientes de eficacia probada y cuya combinaci\u00f3n te ofrece la chispa que enciende tus motores:<\/span><\/p>\n<p><span style=\"font-size: 10pt;\">Vitaminas: proporciona vitaminas implicadas en el metabolismo energ\u00e9tico como la vitamina C (187% CDR), la vitamina B1 (319% CDR) o el \u00e1cido pantot\u00e9nico (178%). Estas vitaminas tambi\u00e9n contribuyen a reducir la fatiga y el cansancio. Otras vitaminas que se incluyen son por ejemplo la vitamina B12, la niacina o la vitamina D.<\/span><\/p>\n<p><span style=\"font-size: 10pt;\">Magnesio (66%): mineral implicado en la obtenci\u00f3n de energ\u00eda, funcionamiento de los m\u00fasculos y ayuda a disminuir el cansancio y la fatiga.<\/span><\/p>\n<p><span style=\"font-size: 10pt;\">Cafe\u00edna: estimulante que reduce la sensaci\u00f3n de cansancio y que adem\u00e1s promueve la obtenci\u00f3n de energ\u00eda a partir de las grasas. La cafe\u00edna mejora el rendimiento f\u00edsico y cognitivo durante la actividad f\u00edsica.<\/span><\/p>\n<p><span style=\"font-size: 10pt;\">Arginina: amino\u00e1cido precursor del \u00f3xido n\u00edtrico e involucrado en la s\u00edntesis de compuestos importantes como la hormona de crecimiento.<\/span><\/p>\n<p><span style=\"font-size: 10pt;\">Creatina: incrementa el almacenamiento energ\u00e9tico de los m\u00fasculos ayudando a incrementar el rendimiento, especialmente en actividades breves y sucesivas de alta intensidad.<\/span><\/p>\n<p><span style=\"font-size: 10pt;\">Beta-Alanina: amino\u00e1cido que forma parte del dip\u00e9ptido carnosina. La carnosina tiene la capacidad de neutralizar parte de la acidez generada durante la contracci\u00f3n muscular como consecuencia de la producci\u00f3n de \u00e1cido l\u00e1ctico lo que a su vez ayuda a atenuar la fatiga muscular.<\/span><\/p>\n<p><span style=\"font-size: 10pt;\">Antioxidantes: ayudan a neutralizar los efectos de los radicales libres y ayuda a reducir el da\u00f1o oxidativo. Son por ejemplo los bioflavonoides de pomelo, extracto de semilla de uva y extracto de grosella espinosa india.<\/span><\/p>\n<p><span style=\"font-size: 10pt;\">Otros ingredientes que puedes encontrar en NO-Xplode son amino\u00e1cidos como la lisina, glicina o taurina, as\u00ed como inositol, colina o extracto de pimienta negra para incrementar la efectividad del producto.<\/span><\/p>\n<p><span style=\"font-size: 10pt;\">NO-Xplode. Objetivos principales:<\/span><\/p>\n<p><span style=\"font-size: 10pt;\">Mejora del entrenamiento.<\/span><\/p>\n<p><span style=\"font-size: 10pt;\">Entrenamientos m\u00e1s Intensos.<\/span><\/p>\n<p><span style=\"font-size: 10pt;\">Combatir la Fatiga.<\/span><\/p>\n<p><span style=\"font-size: 10pt;\">Aumento de la Fuerza.<\/span><\/p>\n<p><span style=\"font-size: 14pt; color: #0000ff;\">\u00bfQui\u00e9n puede beneficiarse de NO-Xplode?<\/span><\/p>\n<p><span style=\"font-size: 10pt;\">Personas deportistas que deseen alcanzar el m\u00e1ximo rendimiento en sus entrenamientos como por ejemplo usuarios de gimnasio, practicantes de Fitness, artes marciales, practicantes de CrossFit\u00ae, etc.<\/span><br \/>\n<span style=\"font-size: 10pt;\">NO-Xplode. C\u00f3mo combinar:<\/span><\/p>\n<p><span style=\"font-size: 10pt;\">NO-Xplode est\u00e1 pensado para incrementar el rendimiento durante los entrenamientos, pero para promover las adaptaciones al entrenamiento es recomendable consumir un aporte adecuado de prote\u00ednas, haciendo especial hincapi\u00e9 en el momento post-entrenamiento. Los carbohidratos tambi\u00e9n son importantes a la hora de reponer los dep\u00f3sitos de gluc\u00f3geno gastados, especialmente si se va a entrenar varias veces al d\u00eda o en los d\u00edas consecutivos. De modo, que un batido recuperador con prote\u00ednas y carbohidratos ser\u00eda muy aconsejable una vez finalizado el entrenamiento.<\/span><\/p>\n<p><span style=\"font-size: 10pt;\">Si utilizas una sola dosis de NO-Xplode (20 g), esta proporciona 1.5 g de creatina, mientras que la dosis diaria recomendada de creatina es de 3-5 g, por lo que en este caso ser\u00eda recomendable a\u00f1adir 1.5-3.5 g de creatina al batido post-entrenamiento para alcanzar la dosis efectiva. Del mismo modo, la dosis diaria de beta-alanina es 4 gramos al d\u00eda, siempre repartida en diferentes momentos del d\u00eda, as\u00ed que tambi\u00e9n ser\u00eda apropiado a\u00f1adir entre 1.4 y 2.4 g en otros momentos del d\u00eda y aprovechar as\u00ed al m\u00e1ximo los ingredientes presentes en NO-Xplode.<\/span><\/p>\n<p><span style=\"font-size: 10pt;\">Otros ingredientes interesantes pueden ser BCAA antes y\/o durante el entrenamiento para proteger la musculatura del catabolismo muscular y adem\u00e1s para potenciar los procesos de recuperaci\u00f3n y remodelaci\u00f3n muscular una vez finalizado el entrenamiento (Amino X). Si el deporte es muy prolongado o muy extenuante tambi\u00e9n pueden a\u00f1adirse carbohidratos de f\u00e1cil asimilaci\u00f3n como las amilopectinas.<\/span><\/p>\n<p><span style=\"font-size: 10pt;\">Si se desea potenciar el desarrollo muscular puede a\u00f1adirse adem\u00e1s un producto que optimice la producci\u00f3n hormonal.<\/span><\/p>\n","protected":false},"excerpt":{"rendered":"<p>NO XPLODE el Pre-Entrenamiento original ha subido su nivel con su formula mejorada.<\/p>\n<p>275 mg de cafe\u00edna, 1,8 g de Beta-alanina y enfoque extremo. Prep\u00e1rate para entrenamientos mas intensos y dificiles. BSN\u00ae ha vuelto a encender N.O.-XPLODE\u00ae, el primer pre-entrenamiento completo que se lanz\u00f3 en 2004 y que ha estado ayudando a los atletas a romper barreras desde entonces. Ahora, con m\u00e1s energ\u00eda, m\u00e1s sensaci\u00f3n, m\u00e1s enfoque y un sabor incre\u00edble.<\/p>\n<p>Si est\u00e1 preparado para EMPUJAR con m\u00e1s fuerza y \u200b\u200bm\u00e1s tiempo que antes, N.O.-XPLODE\u00ae ayudar\u00e1 a llevar sus entrenamientos a nuevos niveles.<\/p>\n","protected":false},"featured_media":837,"comment_status":"open","ping_status":"closed","template":"","meta":[],"product_cat":[29],"product_tag":[],"acf":[],"yoast_head":"<!-- This site is optimized with the Yoast SEO plugin v18.5.1 - https:\/\/yoast.com\/wordpress\/plugins\/seo\/ -->\n<title>NO XPLODE BSN 30 SERV. - Salud y Vida Store<\/title>\n<meta name=\"robots\" content=\"index, follow, max-snippet:-1, max-image-preview:large, max-video-preview:-1\" \/>\n<link rel=\"canonical\" href=\"https:\/\/saludyvidastore.com\/en\/product\/no-xplode-bsn-30-serv\/\" \/>\n<meta property=\"og:locale\" content=\"en_US\" \/>\n<meta property=\"og:type\" content=\"article\" \/>\n<meta property=\"og:title\" content=\"NO XPLODE BSN 30 SERV. - Salud y Vida Store\" \/>\n<meta property=\"og:description\" content=\"NO XPLODE el Pre-Entrenamiento original ha subido su nivel con su formula mejorada.  275 mg de cafe\u00edna, 1,8 g de Beta-alanina y enfoque extremo. Prep\u00e1rate para entrenamientos mas intensos y dificiles. BSN\u00ae ha vuelto a encender N.O.-XPLODE\u00ae, el primer pre-entrenamiento completo que se lanz\u00f3 en 2004 y que ha estado ayudando a los atletas a romper barreras desde entonces. Ahora, con m\u00e1s energ\u00eda, m\u00e1s sensaci\u00f3n, m\u00e1s enfoque y un sabor incre\u00edble.  Si est\u00e1 preparado para EMPUJAR con m\u00e1s fuerza y \u200b\u200bm\u00e1s tiempo que antes, N.O.-XPLODE\u00ae ayudar\u00e1 a llevar sus entrenamientos a nuevos niveles.\" \/>\n<meta property=\"og:url\" content=\"https:\/\/saludyvidastore.com\/en\/product\/no-xplode-bsn-30-serv\/\" \/>\n<meta property=\"og:site_name\" content=\"Salud y Vida Store\" \/>\n<meta property=\"article:publisher\" content=\"https:\/\/www.facebook.com\/ArmoniaNaturalDietShop\/\" \/>\n<meta property=\"article:modified_time\" content=\"2020-03-11T21:40:33+00:00\" \/>\n<meta property=\"og:image\" content=\"https:\/\/saludyvidastore.com\/wp-content\/uploads\/2018\/02\/no-xplode-bsn-30-serv_953.jpg\" \/>\n\t<meta property=\"og:image:width\" content=\"900\" \/>\n\t<meta property=\"og:image:height\" content=\"1200\" \/>\n\t<meta property=\"og:image:type\" content=\"image\/jpeg\" \/>\n<meta name=\"twitter:card\" content=\"summary_large_image\" \/>\n<meta name=\"twitter:label1\" content=\"Est. reading time\" \/>\n\t<meta name=\"twitter:data1\" content=\"4 minutes\" \/>\n<script type=\"application\/ld+json\" class=\"yoast-schema-graph\">{\"@context\":\"https:\/\/schema.org\",\"@graph\":[{\"@type\":\"WebSite\",\"@id\":\"https:\/\/saludyvidastore.com\/#website\",\"url\":\"https:\/\/saludyvidastore.com\/\",\"name\":\"Salud y Vida Store\",\"description\":\"Otro sitio realizado con WordPress\",\"potentialAction\":[{\"@type\":\"SearchAction\",\"target\":{\"@type\":\"EntryPoint\",\"urlTemplate\":\"https:\/\/saludyvidastore.com\/?s={search_term_string}\"},\"query-input\":\"required name=search_term_string\"}],\"inLanguage\":\"en-US\"},{\"@type\":\"ImageObject\",\"@id\":\"https:\/\/saludyvidastore.com\/en\/product\/no-xplode-bsn-30-serv\/#primaryimage\",\"inLanguage\":\"en-US\",\"url\":\"https:\/\/saludyvidastore.com\/wp-content\/uploads\/2018\/02\/no-xplode-bsn-30-serv_953.jpg\",\"contentUrl\":\"https:\/\/saludyvidastore.com\/wp-content\/uploads\/2018\/02\/no-xplode-bsn-30-serv_953.jpg\",\"width\":900,\"height\":1200},{\"@type\":\"WebPage\",\"@id\":\"https:\/\/saludyvidastore.com\/en\/product\/no-xplode-bsn-30-serv\/#webpage\",\"url\":\"https:\/\/saludyvidastore.com\/en\/product\/no-xplode-bsn-30-serv\/\",\"name\":\"NO XPLODE BSN 30 SERV. - Salud y Vida Store\",\"isPartOf\":{\"@id\":\"https:\/\/saludyvidastore.com\/#website\"},\"primaryImageOfPage\":{\"@id\":\"https:\/\/saludyvidastore.com\/en\/product\/no-xplode-bsn-30-serv\/#primaryimage\"},\"datePublished\":\"2018-01-28T21:43:12+00:00\",\"dateModified\":\"2020-03-11T21:40:33+00:00\",\"breadcrumb\":{\"@id\":\"https:\/\/saludyvidastore.com\/en\/product\/no-xplode-bsn-30-serv\/#breadcrumb\"},\"inLanguage\":\"en-US\",\"potentialAction\":[{\"@type\":\"ReadAction\",\"target\":[\"https:\/\/saludyvidastore.com\/en\/product\/no-xplode-bsn-30-serv\/\"]}]},{\"@type\":\"BreadcrumbList\",\"@id\":\"https:\/\/saludyvidastore.com\/en\/product\/no-xplode-bsn-30-serv\/#breadcrumb\",\"itemListElement\":[{\"@type\":\"ListItem\",\"position\":1,\"name\":\"Portada\",\"item\":\"https:\/\/saludyvidastore.com\/en\/\"},{\"@type\":\"ListItem\",\"position\":2,\"name\":\"Tienda\",\"item\":\"https:\/\/saludyvidastore.com\/tienda\/\"},{\"@type\":\"ListItem\",\"position\":3,\"name\":\"NO XPLODE BSN 30 SERV.\"}]}]}<\/script>\n<!-- \/ Yoast SEO plugin. -->","yoast_head_json":{"title":"NO XPLODE BSN 30 SERV. - Salud y Vida Store","robots":{"index":"index","follow":"follow","max-snippet":"max-snippet:-1","max-image-preview":"max-image-preview:large","max-video-preview":"max-video-preview:-1"},"canonical":"https:\/\/saludyvidastore.com\/en\/product\/no-xplode-bsn-30-serv\/","og_locale":"en_US","og_type":"article","og_title":"NO XPLODE BSN 30 SERV. - Salud y Vida Store","og_description":"NO XPLODE el Pre-Entrenamiento original ha subido su nivel con su formula mejorada.  275 mg de cafe\u00edna, 1,8 g de Beta-alanina y enfoque extremo. Prep\u00e1rate para entrenamientos mas intensos y dificiles. BSN\u00ae ha vuelto a encender N.O.-XPLODE\u00ae, el primer pre-entrenamiento completo que se lanz\u00f3 en 2004 y que ha estado ayudando a los atletas a romper barreras desde entonces. Ahora, con m\u00e1s energ\u00eda, m\u00e1s sensaci\u00f3n, m\u00e1s enfoque y un sabor incre\u00edble.  Si est\u00e1 preparado para EMPUJAR con m\u00e1s fuerza y \u200b\u200bm\u00e1s tiempo que antes, N.O.-XPLODE\u00ae ayudar\u00e1 a llevar sus entrenamientos a nuevos niveles.","og_url":"https:\/\/saludyvidastore.com\/en\/product\/no-xplode-bsn-30-serv\/","og_site_name":"Salud y Vida Store","article_publisher":"https:\/\/www.facebook.com\/ArmoniaNaturalDietShop\/","article_modified_time":"2020-03-11T21:40:33+00:00","og_image":[{"width":900,"height":1200,"url":"https:\/\/saludyvidastore.com\/wp-content\/uploads\/2018\/02\/no-xplode-bsn-30-serv_953.jpg","type":"image\/jpeg"}],"twitter_card":"summary_large_image","twitter_misc":{"Est. reading time":"4 minutes"},"schema":{"@context":"https:\/\/schema.org","@graph":[{"@type":"WebSite","@id":"https:\/\/saludyvidastore.com\/#website","url":"https:\/\/saludyvidastore.com\/","name":"Salud y Vida Store","description":"Otro sitio realizado con WordPress","potentialAction":[{"@type":"SearchAction","target":{"@type":"EntryPoint","urlTemplate":"https:\/\/saludyvidastore.com\/?s={search_term_string}"},"query-input":"required name=search_term_string"}],"inLanguage":"en-US"},{"@type":"ImageObject","@id":"https:\/\/saludyvidastore.com\/en\/product\/no-xplode-bsn-30-serv\/#primaryimage","inLanguage":"en-US","url":"https:\/\/saludyvidastore.com\/wp-content\/uploads\/2018\/02\/no-xplode-bsn-30-serv_953.jpg","contentUrl":"https:\/\/saludyvidastore.com\/wp-content\/uploads\/2018\/02\/no-xplode-bsn-30-serv_953.jpg","width":900,"height":1200},{"@type":"WebPage","@id":"https:\/\/saludyvidastore.com\/en\/product\/no-xplode-bsn-30-serv\/#webpage","url":"https:\/\/saludyvidastore.com\/en\/product\/no-xplode-bsn-30-serv\/","name":"NO XPLODE BSN 30 SERV. - Salud y Vida Store","isPartOf":{"@id":"https:\/\/saludyvidastore.com\/#website"},"primaryImageOfPage":{"@id":"https:\/\/saludyvidastore.com\/en\/product\/no-xplode-bsn-30-serv\/#primaryimage"},"datePublished":"2018-01-28T21:43:12+00:00","dateModified":"2020-03-11T21:40:33+00:00","breadcrumb":{"@id":"https:\/\/saludyvidastore.com\/en\/product\/no-xplode-bsn-30-serv\/#breadcrumb"},"inLanguage":"en-US","potentialAction":[{"@type":"ReadAction","target":["https:\/\/saludyvidastore.com\/en\/product\/no-xplode-bsn-30-serv\/"]}]},{"@type":"BreadcrumbList","@id":"https:\/\/saludyvidastore.com\/en\/product\/no-xplode-bsn-30-serv\/#breadcrumb","itemListElement":[{"@type":"ListItem","position":1,"name":"Portada","item":"https:\/\/saludyvidastore.com\/en\/"},{"@type":"ListItem","position":2,"name":"Tienda","item":"https:\/\/saludyvidastore.com\/tienda\/"},{"@type":"ListItem","position":3,"name":"NO XPLODE BSN 30 SERV."}]}]}},"_links":{"self":[{"href":"https:\/\/saludyvidastore.com\/en\/wp-json\/wp\/v2\/product\/1741"}],"collection":[{"href":"https:\/\/saludyvidastore.com\/en\/wp-json\/wp\/v2\/product"}],"about":[{"href":"https:\/\/saludyvidastore.com\/en\/wp-json\/wp\/v2\/types\/product"}],"replies":[{"embeddable":true,"href":"https:\/\/saludyvidastore.com\/en\/wp-json\/wp\/v2\/comments?post=1741"}],"wp:featuredmedia":[{"embeddable":true,"href":"https:\/\/saludyvidastore.com\/en\/wp-json\/wp\/v2\/media\/837"}],"wp:attachment":[{"href":"https:\/\/saludyvidastore.com\/en\/wp-json\/wp\/v2\/media?parent=1741"}],"wp:term":[{"taxonomy":"product_cat","embeddable":true,"href":"https:\/\/saludyvidastore.com\/en\/wp-json\/wp\/v2\/product_cat?post=1741"},{"taxonomy":"product_tag","embeddable":true,"href":"https:\/\/saludyvidastore.com\/en\/wp-json\/wp\/v2\/product_tag?post=1741"}],"curies":[{"name":"wp","href":"https:\/\/api.w.org\/{rel}","templated":true}]}}