{"id":1742,"date":"2018-01-28T21:43:12","date_gmt":"2018-01-28T21:43:12","guid":{"rendered":"http:\/\/saludyvidastore.com\/product\/omega-3-fish-oil-1200mg\/"},"modified":"2021-04-27T15:59:21","modified_gmt":"2021-04-27T15:59:21","slug":"omega-3-fish-oil-1200mg","status":"publish","type":"product","link":"https:\/\/saludyvidastore.com\/en\/product\/omega-3-fish-oil-1200mg\/","title":{"rendered":"Omega 3 Fish oil 1200mg-Puritans Pride-"},"content":{"rendered":"<p>&nbsp;<\/p>\n<p>Omega 3 Fish oil 1200mg-Puritans Pride-. Los \u00e1cidos grasos <b>omega<\/b>&#8211;<b>3<\/b>\u00a0son un tipo de grasa poliinsaturada. Necesitamos estas grasas\u00a0<b>para<\/b>\u00a0fortalecer las neuronas y\u00a0<b>para<\/b>\u00a0otras funciones importantes. Estos \u00e1cidos ayudan a mantener el <a href=\"https:\/\/fundaciondelcorazon.com\/corazon-facil\/blog-impulso-vital\/3077-seis-rutinas-basicas-para-mantener-un-corazon-sano.html\">coraz\u00f3n sano<\/a> y protegido contra un accidente cerebrovascular.<\/p>\n<p>&nbsp;<\/p>\n<p>Los \u00e1cidos grasos\u00a0<b>Omega 3<\/b>\u00a0se utilizan junto con los cambios en el estilo de vida (dieta, p\u00e9rdida de peso, ejercicio) para reducir la cantidad de triglic\u00e9ridos (una sustancia parecida a la grasa) en la sangre de las personas que tienen niveles muy altos de triglic\u00e9ridos.<\/p>\n<p>&nbsp;<\/p>\n<p>Omega 3 Fish oil 1200mg-Puritans Pride-. El <a href=\"\/?p=2561\">consumo diario<\/a> de <b>omega 3<\/b>\u00a0contribuye a mantener los niveles normales de colesterol. La Fundaci\u00f3n Espa\u00f1ola del Coraz\u00f3n (FEC) afirma que el consumo de\u00a0<b>omega 3<\/b>\u00a0contribuye a mantener los niveles normales de colesterol.<\/p>\n<p>&nbsp;<\/p>\n<div class=\"co8aDb XcVN5d\" role=\"heading\" aria-level=\"3\"><b>Beneficios\u00a0de consumir\u00a0Omega 3<\/b><\/div>\n<div class=\"RqBzHd\">\n<ul class=\"i8Z77e\">\n<li class=\"TrT0Xe\">Antiinflamatorio.<\/li>\n<li class=\"TrT0Xe\">Prevenci\u00f3n del c\u00e1ncer.<\/li>\n<li class=\"TrT0Xe\">Efectos antidepresivos.<\/li>\n<li class=\"TrT0Xe\">Bajar ligeramente la presi\u00f3n arterial.<\/li>\n<li class=\"TrT0Xe\">Retardar la acumulaci\u00f3n de placas de colesterol en las arterias.<\/li>\n<li class=\"TrT0Xe\">Reducir los triglic\u00e9ridos.<\/li>\n<\/ul>\n<\/div>\n<p>&nbsp;<\/p>\n<p>&nbsp;<\/p>\n<p>Aporta 360 mg de omega 3 activos.<\/p>\n<p>Contribuye con la salud card\u00edaca.**<\/p>\n<p>Depurado para eliminar el mercurio.<\/p>\n<p>&nbsp;<\/p>\n<p>Sin colorantes, saborizantes o edulcorantes artificiales, conservantes, az\u00facar, almid\u00f3n, leche, lactosa, gluten, trigo, levadura, mariscos ni sodio<\/p>\n<p><strong><br \/>\nOtros ingredientes:<\/strong> gelatina, glicerina vegetal, tocoferoles naturales mixtos. Contiene ingredientes de pescado (anchoa, caballa, sardina).<strong>Indicaciones:<\/strong> Adultos, tomar una (1) c\u00e1psula tres veces por d\u00eda, preferiblemente con las comidas.<\/p>\n<p>&nbsp;<\/p>\n<p><strong>ADVERTENCIA:<\/strong> Consulte a su m\u00e9dico antes de usar en caso de embarazo, lactancia o de estar tomando alg\u00fan medicamento o si planea someterse a alg\u00fan procedimiento m\u00e9dico. Suspenda su uso y consulte a su m\u00e9dico si se produce alguna reacci\u00f3n adversa. Mantener fuera del alcance de los ni\u00f1os. Almacenar a temperatura ambiente. No usar si est\u00e1 roto o falta el precinto debajo de la tapa.<\/p>\n","protected":false},"excerpt":{"rendered":"<p>Este aceite de pescado Ester-Omega\u00ae aporta 360 mg del total de \u00e1cidos grasos omega 3, que incluyen los EPA, los DHA y otros \u00e1cidos grasos. Los \u00e1cidos grasos EPA y DHA contribuyen con la salud card\u00edaca.** Purificado para eliminar el mercurio. C\u00e1psulas de liberaci\u00f3n r\u00e1pida.<\/p>\n","protected":false},"featured_media":843,"comment_status":"open","ping_status":"closed","template":"","meta":[],"product_cat":[47,34],"product_tag":[],"acf":[],"yoast_head":"<!-- This site is optimized with the Yoast SEO plugin v18.5.1 - https:\/\/yoast.com\/wordpress\/plugins\/seo\/ -->\n<title>Omega 3 Fish oil 1200mg-Puritans Pride- Salud y Vida Store<\/title>\n<meta name=\"description\" content=\"Omega 3 Fish oil 1200mg,Omega 3 Fish oil 1200mg. El consumo diario de omega 3\u00a0contribuye a mantener los niveles normales de colesterol.\" \/>\n<meta name=\"robots\" content=\"index, follow, max-snippet:-1, max-image-preview:large, max-video-preview:-1\" \/>\n<link rel=\"canonical\" href=\"https:\/\/saludyvidastore.com\/en\/product\/omega-3-fish-oil-1200mg\/\" \/>\n<meta property=\"og:locale\" content=\"en_US\" \/>\n<meta property=\"og:type\" content=\"article\" \/>\n<meta property=\"og:title\" content=\"Omega 3 Fish oil 1200mg-Puritans Pride- Salud y Vida Store\" \/>\n<meta property=\"og:description\" content=\"Omega 3 Fish oil 1200mg,Omega 3 Fish oil 1200mg. El consumo diario de omega 3\u00a0contribuye a mantener los niveles normales de colesterol.\" \/>\n<meta property=\"og:url\" content=\"https:\/\/saludyvidastore.com\/en\/product\/omega-3-fish-oil-1200mg\/\" \/>\n<meta property=\"og:site_name\" content=\"Salud y Vida Store\" \/>\n<meta property=\"article:publisher\" content=\"https:\/\/www.facebook.com\/ArmoniaNaturalDietShop\/\" \/>\n<meta property=\"article:modified_time\" content=\"2021-04-27T15:59:21+00:00\" \/>\n<meta property=\"og:image\" content=\"https:\/\/saludyvidastore.com\/wp-content\/uploads\/2018\/02\/omega-3-fish-oil-1200mg_99.jpg\" \/>\n\t<meta property=\"og:image:width\" content=\"256\" \/>\n\t<meta property=\"og:image:height\" content=\"286\" \/>\n\t<meta property=\"og:image:type\" content=\"image\/jpeg\" \/>\n<meta name=\"twitter:card\" content=\"summary_large_image\" \/>\n<meta name=\"twitter:label1\" content=\"Est. reading time\" \/>\n\t<meta name=\"twitter:data1\" content=\"2 minutes\" \/>\n<script type=\"application\/ld+json\" class=\"yoast-schema-graph\">{\"@context\":\"https:\/\/schema.org\",\"@graph\":[{\"@type\":\"WebSite\",\"@id\":\"https:\/\/saludyvidastore.com\/#website\",\"url\":\"https:\/\/saludyvidastore.com\/\",\"name\":\"Salud y Vida Store\",\"description\":\"Otro sitio realizado con WordPress\",\"potentialAction\":[{\"@type\":\"SearchAction\",\"target\":{\"@type\":\"EntryPoint\",\"urlTemplate\":\"https:\/\/saludyvidastore.com\/?s={search_term_string}\"},\"query-input\":\"required name=search_term_string\"}],\"inLanguage\":\"en-US\"},{\"@type\":\"ImageObject\",\"@id\":\"https:\/\/saludyvidastore.com\/en\/product\/omega-3-fish-oil-1200mg\/#primaryimage\",\"inLanguage\":\"en-US\",\"url\":\"https:\/\/saludyvidastore.com\/wp-content\/uploads\/2018\/02\/omega-3-fish-oil-1200mg_99.jpg\",\"contentUrl\":\"https:\/\/saludyvidastore.com\/wp-content\/uploads\/2018\/02\/omega-3-fish-oil-1200mg_99.jpg\",\"width\":256,\"height\":286,\"caption\":\"Omega 3 Fish oil 1200mg\"},{\"@type\":\"WebPage\",\"@id\":\"https:\/\/saludyvidastore.com\/en\/product\/omega-3-fish-oil-1200mg\/#webpage\",\"url\":\"https:\/\/saludyvidastore.com\/en\/product\/omega-3-fish-oil-1200mg\/\",\"name\":\"Omega 3 Fish oil 1200mg-Puritans Pride- Salud y Vida Store\",\"isPartOf\":{\"@id\":\"https:\/\/saludyvidastore.com\/#website\"},\"primaryImageOfPage\":{\"@id\":\"https:\/\/saludyvidastore.com\/en\/product\/omega-3-fish-oil-1200mg\/#primaryimage\"},\"datePublished\":\"2018-01-28T21:43:12+00:00\",\"dateModified\":\"2021-04-27T15:59:21+00:00\",\"description\":\"Omega 3 Fish oil 1200mg,Omega 3 Fish oil 1200mg. El consumo diario de omega 3\u00a0contribuye a mantener los niveles normales de colesterol.\",\"breadcrumb\":{\"@id\":\"https:\/\/saludyvidastore.com\/en\/product\/omega-3-fish-oil-1200mg\/#breadcrumb\"},\"inLanguage\":\"en-US\",\"potentialAction\":[{\"@type\":\"ReadAction\",\"target\":[\"https:\/\/saludyvidastore.com\/en\/product\/omega-3-fish-oil-1200mg\/\"]}]},{\"@type\":\"BreadcrumbList\",\"@id\":\"https:\/\/saludyvidastore.com\/en\/product\/omega-3-fish-oil-1200mg\/#breadcrumb\",\"itemListElement\":[{\"@type\":\"ListItem\",\"position\":1,\"name\":\"Portada\",\"item\":\"https:\/\/saludyvidastore.com\/en\/\"},{\"@type\":\"ListItem\",\"position\":2,\"name\":\"Tienda\",\"item\":\"https:\/\/saludyvidastore.com\/tienda\/\"},{\"@type\":\"ListItem\",\"position\":3,\"name\":\"Omega 3 Fish oil 1200mg-Puritans Pride-\"}]}]}<\/script>\n<!-- \/ Yoast SEO plugin. -->","yoast_head_json":{"title":"Omega 3 Fish oil 1200mg-Puritans Pride- Salud y Vida Store","description":"Omega 3 Fish oil 1200mg,Omega 3 Fish oil 1200mg. El consumo diario de omega 3\u00a0contribuye a mantener los niveles normales de colesterol.","robots":{"index":"index","follow":"follow","max-snippet":"max-snippet:-1","max-image-preview":"max-image-preview:large","max-video-preview":"max-video-preview:-1"},"canonical":"https:\/\/saludyvidastore.com\/en\/product\/omega-3-fish-oil-1200mg\/","og_locale":"en_US","og_type":"article","og_title":"Omega 3 Fish oil 1200mg-Puritans Pride- Salud y Vida Store","og_description":"Omega 3 Fish oil 1200mg,Omega 3 Fish oil 1200mg. El consumo diario de omega 3\u00a0contribuye a mantener los niveles normales de colesterol.","og_url":"https:\/\/saludyvidastore.com\/en\/product\/omega-3-fish-oil-1200mg\/","og_site_name":"Salud y Vida Store","article_publisher":"https:\/\/www.facebook.com\/ArmoniaNaturalDietShop\/","article_modified_time":"2021-04-27T15:59:21+00:00","og_image":[{"width":256,"height":286,"url":"https:\/\/saludyvidastore.com\/wp-content\/uploads\/2018\/02\/omega-3-fish-oil-1200mg_99.jpg","type":"image\/jpeg"}],"twitter_card":"summary_large_image","twitter_misc":{"Est. reading time":"2 minutes"},"schema":{"@context":"https:\/\/schema.org","@graph":[{"@type":"WebSite","@id":"https:\/\/saludyvidastore.com\/#website","url":"https:\/\/saludyvidastore.com\/","name":"Salud y Vida Store","description":"Otro sitio realizado con WordPress","potentialAction":[{"@type":"SearchAction","target":{"@type":"EntryPoint","urlTemplate":"https:\/\/saludyvidastore.com\/?s={search_term_string}"},"query-input":"required name=search_term_string"}],"inLanguage":"en-US"},{"@type":"ImageObject","@id":"https:\/\/saludyvidastore.com\/en\/product\/omega-3-fish-oil-1200mg\/#primaryimage","inLanguage":"en-US","url":"https:\/\/saludyvidastore.com\/wp-content\/uploads\/2018\/02\/omega-3-fish-oil-1200mg_99.jpg","contentUrl":"https:\/\/saludyvidastore.com\/wp-content\/uploads\/2018\/02\/omega-3-fish-oil-1200mg_99.jpg","width":256,"height":286,"caption":"Omega 3 Fish oil 1200mg"},{"@type":"WebPage","@id":"https:\/\/saludyvidastore.com\/en\/product\/omega-3-fish-oil-1200mg\/#webpage","url":"https:\/\/saludyvidastore.com\/en\/product\/omega-3-fish-oil-1200mg\/","name":"Omega 3 Fish oil 1200mg-Puritans Pride- Salud y Vida Store","isPartOf":{"@id":"https:\/\/saludyvidastore.com\/#website"},"primaryImageOfPage":{"@id":"https:\/\/saludyvidastore.com\/en\/product\/omega-3-fish-oil-1200mg\/#primaryimage"},"datePublished":"2018-01-28T21:43:12+00:00","dateModified":"2021-04-27T15:59:21+00:00","description":"Omega 3 Fish oil 1200mg,Omega 3 Fish oil 1200mg. El consumo diario de omega 3\u00a0contribuye a mantener los niveles normales de colesterol.","breadcrumb":{"@id":"https:\/\/saludyvidastore.com\/en\/product\/omega-3-fish-oil-1200mg\/#breadcrumb"},"inLanguage":"en-US","potentialAction":[{"@type":"ReadAction","target":["https:\/\/saludyvidastore.com\/en\/product\/omega-3-fish-oil-1200mg\/"]}]},{"@type":"BreadcrumbList","@id":"https:\/\/saludyvidastore.com\/en\/product\/omega-3-fish-oil-1200mg\/#breadcrumb","itemListElement":[{"@type":"ListItem","position":1,"name":"Portada","item":"https:\/\/saludyvidastore.com\/en\/"},{"@type":"ListItem","position":2,"name":"Tienda","item":"https:\/\/saludyvidastore.com\/tienda\/"},{"@type":"ListItem","position":3,"name":"Omega 3 Fish oil 1200mg-Puritans Pride-"}]}]}},"_links":{"self":[{"href":"https:\/\/saludyvidastore.com\/en\/wp-json\/wp\/v2\/product\/1742"}],"collection":[{"href":"https:\/\/saludyvidastore.com\/en\/wp-json\/wp\/v2\/product"}],"about":[{"href":"https:\/\/saludyvidastore.com\/en\/wp-json\/wp\/v2\/types\/product"}],"replies":[{"embeddable":true,"href":"https:\/\/saludyvidastore.com\/en\/wp-json\/wp\/v2\/comments?post=1742"}],"wp:featuredmedia":[{"embeddable":true,"href":"https:\/\/saludyvidastore.com\/en\/wp-json\/wp\/v2\/media\/843"}],"wp:attachment":[{"href":"https:\/\/saludyvidastore.com\/en\/wp-json\/wp\/v2\/media?parent=1742"}],"wp:term":[{"taxonomy":"product_cat","embeddable":true,"href":"https:\/\/saludyvidastore.com\/en\/wp-json\/wp\/v2\/product_cat?post=1742"},{"taxonomy":"product_tag","embeddable":true,"href":"https:\/\/saludyvidastore.com\/en\/wp-json\/wp\/v2\/product_tag?post=1742"}],"curies":[{"name":"wp","href":"https:\/\/api.w.org\/{rel}","templated":true}]}}