{"id":1743,"date":"2018-01-28T21:43:11","date_gmt":"2018-01-28T21:43:11","guid":{"rendered":"http:\/\/saludyvidastore.com\/product\/nitro-ss-megaplex\/"},"modified":"2018-01-28T21:43:11","modified_gmt":"2018-01-28T21:43:11","slug":"nitro-ss-megaplex","status":"publish","type":"product","link":"https:\/\/saludyvidastore.com\/en\/product\/nitro-ss-megaplex\/","title":{"rendered":"NITRO SS MEGAPLEX"},"content":{"rendered":"<div>\n<div>\n<p style=\"text-align: justify;\"><span style=\"font-family: tahoma, arial, helvetica, sans-serif; font-size: 14pt;\"><span style=\"text-decoration: underline;\"><span style=\"color: #808080;\"><strong>NITRO SS<\/strong><\/span><\/span> es la f\u00f3rmula pre-entrenamiento m\u00e1s poderosa del mercado, ideal para deportistas que desean destacarse y tener un desempe\u00f1o f\u00edsico superior r\u00e1pidamente.<\/span><\/p>\n<p style=\"text-align: justify;\"><span style=\"font-family: tahoma, arial, helvetica, sans-serif; font-size: 14pt;\"><span style=\"text-decoration: underline;\"><strong>C\u00f3mo funciona<\/strong><\/span> <span style=\"color: #808080;\"><strong>NITRO SS<\/strong><\/span>: La mezcla de ingredientes de \u00faltima generaci\u00f3n de NITRO SS provee elementos para un mayor transporte de ox\u00edgeno y nutrientes a las c\u00e9lulas (vaso dilataci\u00f3n), lipol\u00edticos como una fuente alterna de energ\u00eda, estimulaci\u00f3n para un entreno m\u00e1s intenso, menor acidez l\u00e1ctica, diferentes tipos de carbohidratos para un mayor tiempo de actividad, hidrataci\u00f3n f\u00edsica superior y en general efectos positivos en el desempe\u00f1o f\u00edsico que son apreciables desde su primera dosis.<\/span><\/p>\n<p><span style=\"font-family: tahoma, arial, helvetica, sans-serif; font-size: 14pt;\"><strong><img loading=\"lazy\" style=\"margin-left: auto; margin-right: auto;\" src=\"images\/NITROSS.png\" alt=\"NITROSS.png\" width=\"258\" height=\"280\" \/><\/strong><\/span><\/p>\n<p style=\"text-align: justify;\"><span style=\"font-family: tahoma, arial, helvetica, sans-serif; font-size: 14pt;\"><strong><span style=\"text-decoration: underline;\">Consumo sugerido<\/span>:<\/strong> Mezclar 70g de <span style=\"text-decoration: underline;\"><span style=\"color: #808080;\"><strong>NITRO SS<\/strong><\/span><\/span> (2 medidas\/ cucharadas) en 625ml de agua. Consuma la mitad, antes de la actividad y la otra mitad, durante la primera media hora del entrenamiento. Incluye medidor (cuchara dosificadora).<\/span><\/p>\n<p style=\"text-align: justify;\"><span style=\"font-family: tahoma, arial, helvetica, sans-serif; font-size: 14pt;\"><span style=\"text-decoration: underline;\"><strong>Almacenamiento<\/strong><\/span>: Almacenar en un lugar fresco y seco.<\/span><\/p>\n<p style=\"text-align: justify;\"><span style=\"font-family: tahoma, arial, helvetica, sans-serif; font-size: 14pt;\"><strong><span style=\"text-decoration: underline;\">Preparaci\u00f3n<\/span>:<\/strong> \u00danicamente antes de consumirlo.<strong><br \/>\n<\/strong><\/span><\/p>\n<p style=\"text-align: justify;\"><span style=\"font-family: tahoma, arial, helvetica, sans-serif; font-size: 14pt;\"><span style=\"text-decoration: underline;\"><strong>Advertencia<\/strong><\/span> <strong><span style=\"color: #808080;\">NITRO SS <\/span>:<\/strong> no trata, no previene y tampoco cura ninguna enfermedad. Es un producto dise\u00f1ado para adultos deportistas. NITRO SS no contiene componentes que establezcan un resultado anal\u00edtico del control de dopaje como positivo. No es recomendado para personas sensibles a la cafe\u00edna y no se recomienda el uso de bebidas energizantes con bebidas alcoh\u00f3licas.<\/span><\/p>\n<p style=\"text-align: justify;\"><span style=\"font-family: tahoma, arial, helvetica, sans-serif; font-size: 14pt;\">Contiene 32mg de cafe\u00edna \/ 100ml. El l\u00edmite m\u00e1ximo aceptable de consumo de cafe\u00edna al d\u00eda es de 240mg.<\/span><\/p>\n<\/div>\n<\/div>\n","protected":false},"excerpt":{"rendered":"<p>NITRO SS es la f\u00f3rmula pre-entrenamiento m\u00e1s poderosa del mercado, ideal para deportistas que desean destacarse y tener un desempe\u00f1o f\u00edsico superior r\u00e1pidamente.<\/p>\n","protected":false},"featured_media":845,"comment_status":"open","ping_status":"closed","template":"","meta":[],"product_cat":[29],"product_tag":[],"acf":[],"yoast_head":"<!-- This site is optimized with the Yoast SEO plugin v18.5.1 - https:\/\/yoast.com\/wordpress\/plugins\/seo\/ -->\n<title>NITRO SS MEGAPLEX - Salud y Vida Store<\/title>\n<meta name=\"robots\" content=\"index, follow, max-snippet:-1, max-image-preview:large, max-video-preview:-1\" \/>\n<link rel=\"canonical\" href=\"https:\/\/saludyvidastore.com\/en\/product\/nitro-ss-megaplex\/\" \/>\n<meta property=\"og:locale\" content=\"en_US\" \/>\n<meta property=\"og:type\" content=\"article\" \/>\n<meta property=\"og:title\" content=\"NITRO SS MEGAPLEX - Salud y Vida Store\" \/>\n<meta property=\"og:description\" content=\"NITRO SS es la f\u00f3rmula pre-entrenamiento m\u00e1s poderosa del mercado, ideal para deportistas que desean destacarse y tener un desempe\u00f1o f\u00edsico superior r\u00e1pidamente.\" \/>\n<meta property=\"og:url\" content=\"https:\/\/saludyvidastore.com\/en\/product\/nitro-ss-megaplex\/\" \/>\n<meta property=\"og:site_name\" content=\"Salud y Vida Store\" \/>\n<meta property=\"article:publisher\" content=\"https:\/\/www.facebook.com\/ArmoniaNaturalDietShop\/\" \/>\n<meta property=\"og:image\" content=\"https:\/\/saludyvidastore.com\/wp-content\/uploads\/2018\/02\/nitro-ss-megaplex_1020.png\" \/>\n\t<meta property=\"og:image:width\" content=\"600\" \/>\n\t<meta property=\"og:image:height\" content=\"650\" \/>\n\t<meta property=\"og:image:type\" content=\"image\/png\" \/>\n<meta name=\"twitter:card\" content=\"summary_large_image\" \/>\n<meta name=\"twitter:label1\" content=\"Est. reading time\" \/>\n\t<meta name=\"twitter:data1\" content=\"1 minute\" \/>\n<script type=\"application\/ld+json\" class=\"yoast-schema-graph\">{\"@context\":\"https:\/\/schema.org\",\"@graph\":[{\"@type\":\"WebSite\",\"@id\":\"https:\/\/saludyvidastore.com\/#website\",\"url\":\"https:\/\/saludyvidastore.com\/\",\"name\":\"Salud y Vida Store\",\"description\":\"Otro sitio realizado con WordPress\",\"potentialAction\":[{\"@type\":\"SearchAction\",\"target\":{\"@type\":\"EntryPoint\",\"urlTemplate\":\"https:\/\/saludyvidastore.com\/?s={search_term_string}\"},\"query-input\":\"required name=search_term_string\"}],\"inLanguage\":\"en-US\"},{\"@type\":\"ImageObject\",\"@id\":\"https:\/\/saludyvidastore.com\/en\/product\/nitro-ss-megaplex\/#primaryimage\",\"inLanguage\":\"en-US\",\"url\":\"https:\/\/saludyvidastore.com\/wp-content\/uploads\/2018\/02\/nitro-ss-megaplex_1020.png\",\"contentUrl\":\"https:\/\/saludyvidastore.com\/wp-content\/uploads\/2018\/02\/nitro-ss-megaplex_1020.png\",\"width\":600,\"height\":650},{\"@type\":\"WebPage\",\"@id\":\"https:\/\/saludyvidastore.com\/en\/product\/nitro-ss-megaplex\/#webpage\",\"url\":\"https:\/\/saludyvidastore.com\/en\/product\/nitro-ss-megaplex\/\",\"name\":\"NITRO SS MEGAPLEX - Salud y Vida Store\",\"isPartOf\":{\"@id\":\"https:\/\/saludyvidastore.com\/#website\"},\"primaryImageOfPage\":{\"@id\":\"https:\/\/saludyvidastore.com\/en\/product\/nitro-ss-megaplex\/#primaryimage\"},\"datePublished\":\"2018-01-28T21:43:11+00:00\",\"dateModified\":\"2018-01-28T21:43:11+00:00\",\"breadcrumb\":{\"@id\":\"https:\/\/saludyvidastore.com\/en\/product\/nitro-ss-megaplex\/#breadcrumb\"},\"inLanguage\":\"en-US\",\"potentialAction\":[{\"@type\":\"ReadAction\",\"target\":[\"https:\/\/saludyvidastore.com\/en\/product\/nitro-ss-megaplex\/\"]}]},{\"@type\":\"BreadcrumbList\",\"@id\":\"https:\/\/saludyvidastore.com\/en\/product\/nitro-ss-megaplex\/#breadcrumb\",\"itemListElement\":[{\"@type\":\"ListItem\",\"position\":1,\"name\":\"Portada\",\"item\":\"https:\/\/saludyvidastore.com\/en\/\"},{\"@type\":\"ListItem\",\"position\":2,\"name\":\"Tienda\",\"item\":\"https:\/\/saludyvidastore.com\/tienda\/\"},{\"@type\":\"ListItem\",\"position\":3,\"name\":\"NITRO SS MEGAPLEX\"}]}]}<\/script>\n<!-- \/ Yoast SEO plugin. -->","yoast_head_json":{"title":"NITRO SS MEGAPLEX - Salud y Vida Store","robots":{"index":"index","follow":"follow","max-snippet":"max-snippet:-1","max-image-preview":"max-image-preview:large","max-video-preview":"max-video-preview:-1"},"canonical":"https:\/\/saludyvidastore.com\/en\/product\/nitro-ss-megaplex\/","og_locale":"en_US","og_type":"article","og_title":"NITRO SS MEGAPLEX - Salud y Vida Store","og_description":"NITRO SS es la f\u00f3rmula pre-entrenamiento m\u00e1s poderosa del mercado, ideal para deportistas que desean destacarse y tener un desempe\u00f1o f\u00edsico superior r\u00e1pidamente.","og_url":"https:\/\/saludyvidastore.com\/en\/product\/nitro-ss-megaplex\/","og_site_name":"Salud y Vida Store","article_publisher":"https:\/\/www.facebook.com\/ArmoniaNaturalDietShop\/","og_image":[{"width":600,"height":650,"url":"https:\/\/saludyvidastore.com\/wp-content\/uploads\/2018\/02\/nitro-ss-megaplex_1020.png","type":"image\/png"}],"twitter_card":"summary_large_image","twitter_misc":{"Est. reading time":"1 minute"},"schema":{"@context":"https:\/\/schema.org","@graph":[{"@type":"WebSite","@id":"https:\/\/saludyvidastore.com\/#website","url":"https:\/\/saludyvidastore.com\/","name":"Salud y Vida Store","description":"Otro sitio realizado con WordPress","potentialAction":[{"@type":"SearchAction","target":{"@type":"EntryPoint","urlTemplate":"https:\/\/saludyvidastore.com\/?s={search_term_string}"},"query-input":"required name=search_term_string"}],"inLanguage":"en-US"},{"@type":"ImageObject","@id":"https:\/\/saludyvidastore.com\/en\/product\/nitro-ss-megaplex\/#primaryimage","inLanguage":"en-US","url":"https:\/\/saludyvidastore.com\/wp-content\/uploads\/2018\/02\/nitro-ss-megaplex_1020.png","contentUrl":"https:\/\/saludyvidastore.com\/wp-content\/uploads\/2018\/02\/nitro-ss-megaplex_1020.png","width":600,"height":650},{"@type":"WebPage","@id":"https:\/\/saludyvidastore.com\/en\/product\/nitro-ss-megaplex\/#webpage","url":"https:\/\/saludyvidastore.com\/en\/product\/nitro-ss-megaplex\/","name":"NITRO SS MEGAPLEX - Salud y Vida Store","isPartOf":{"@id":"https:\/\/saludyvidastore.com\/#website"},"primaryImageOfPage":{"@id":"https:\/\/saludyvidastore.com\/en\/product\/nitro-ss-megaplex\/#primaryimage"},"datePublished":"2018-01-28T21:43:11+00:00","dateModified":"2018-01-28T21:43:11+00:00","breadcrumb":{"@id":"https:\/\/saludyvidastore.com\/en\/product\/nitro-ss-megaplex\/#breadcrumb"},"inLanguage":"en-US","potentialAction":[{"@type":"ReadAction","target":["https:\/\/saludyvidastore.com\/en\/product\/nitro-ss-megaplex\/"]}]},{"@type":"BreadcrumbList","@id":"https:\/\/saludyvidastore.com\/en\/product\/nitro-ss-megaplex\/#breadcrumb","itemListElement":[{"@type":"ListItem","position":1,"name":"Portada","item":"https:\/\/saludyvidastore.com\/en\/"},{"@type":"ListItem","position":2,"name":"Tienda","item":"https:\/\/saludyvidastore.com\/tienda\/"},{"@type":"ListItem","position":3,"name":"NITRO SS MEGAPLEX"}]}]}},"_links":{"self":[{"href":"https:\/\/saludyvidastore.com\/en\/wp-json\/wp\/v2\/product\/1743"}],"collection":[{"href":"https:\/\/saludyvidastore.com\/en\/wp-json\/wp\/v2\/product"}],"about":[{"href":"https:\/\/saludyvidastore.com\/en\/wp-json\/wp\/v2\/types\/product"}],"replies":[{"embeddable":true,"href":"https:\/\/saludyvidastore.com\/en\/wp-json\/wp\/v2\/comments?post=1743"}],"wp:featuredmedia":[{"embeddable":true,"href":"https:\/\/saludyvidastore.com\/en\/wp-json\/wp\/v2\/media\/845"}],"wp:attachment":[{"href":"https:\/\/saludyvidastore.com\/en\/wp-json\/wp\/v2\/media?parent=1743"}],"wp:term":[{"taxonomy":"product_cat","embeddable":true,"href":"https:\/\/saludyvidastore.com\/en\/wp-json\/wp\/v2\/product_cat?post=1743"},{"taxonomy":"product_tag","embeddable":true,"href":"https:\/\/saludyvidastore.com\/en\/wp-json\/wp\/v2\/product_tag?post=1743"}],"curies":[{"name":"wp","href":"https:\/\/api.w.org\/{rel}","templated":true}]}}