{"id":1751,"date":"2018-01-28T21:43:11","date_gmt":"2018-01-28T21:43:11","guid":{"rendered":"http:\/\/saludyvidastore.com\/product\/nitro-tech-performance-2lbs-vainillastrawberrycookies-cream\/"},"modified":"2021-10-01T22:41:21","modified_gmt":"2021-10-01T22:41:21","slug":"nitro-tech-performance-2lbs-vainillastrawberrycookies-cream","status":"publish","type":"product","link":"https:\/\/saludyvidastore.com\/en\/product\/nitro-tech-performance-2lbs-vainillastrawberrycookies-cream\/","title":{"rendered":"NITRO-TECH PERFORMANCE 2Lbs"},"content":{"rendered":"<p>NITRO-TECH PERFORMANCE 2Lbs es una f\u00f3rmula cient\u00edficamente desarrollada de aislado de suero y un constructor muscular dise\u00f1ado para todos los atletas que est\u00e1n buscando conseguir m\u00e1s m\u00fasculo, m\u00e1s fuerza y mejor rendimiento. <strong>Nitro-Tech<\/strong> contiene prote\u00ednas de origen principalmente del suero y tambi\u00e9n se ha mejorado con la forma m\u00e1s estudiada de la creatina para m\u00e1s r\u00e1pidas ganancias en masa y y fuerza muscular.<\/p>\n<p style=\"vertical-align: baseline; padding: 0px; margin: 0.5em 0px 0.5em 0px; border: 3px initial initial;\"><span style=\"vertical-align: baseline; font-size: medium; padding: 0px; margin: 0px; border: 0px initial initial;\"><strong style=\"vertical-align: baseline; padding: 0px; margin: 0px; border: 0px initial initial;\">NITRO-TECH PERFORMANCE 2Lbs\u00a0<\/strong>\u00a0contiene prote\u00ednas de origen principalmente de prote\u00edna de suero -. una de las m\u00e1s limpias y m\u00e1s puras fuentes de <a href=\"https:\/\/cuidateplus.marca.com\/alimentacion\/diccionario\/proteinas.html\">prote\u00ednas<\/a> disponibles para los atletas. Otros suplementos de prote\u00edna de suero de leche pueden tener s\u00f3lo unos pocos gramos de esta prote\u00edna altamente biodisponible y de f\u00e1cil digesti\u00f3n.<\/span><\/p>\n<p style=\"vertical-align: baseline; padding: 0px; margin: 0.5em 0px 0.5em 0px; border: 3px initial initial;\"><span style=\"vertical-align: baseline; font-size: medium; padding: 0px; margin: 0px; border: 0px initial initial;\">NITRO-TECH \u00ae tambi\u00e9n se ha mejorado con m\u00e1s creatina para apoyar avances m\u00e1s r\u00e1pidos en los m\u00fasculos y la fuerza.<\/span><\/p>\n<p style=\"vertical-align: baseline; padding: 0px; margin: 0.5em 0px 0.5em 0px; border: 3px initial initial;\"><span style=\"vertical-align: baseline; font-size: medium; padding: 0px; margin: 0px; border: 0px initial initial;\"><strong style=\"vertical-align: baseline; padding: 0px; margin: 0px; border: 0px initial initial;\">MEJORES RESULTADOS QUE LA PROTEINA DE SUERO NORMAL.<\/strong><\/span><\/p>\n<p style=\"vertical-align: baseline; padding: 0px; margin: 0.5em 0px 0.5em 0px; border: 3px initial initial;\"><span style=\"vertical-align: baseline; font-size: medium; padding: 0px; margin: 0px; border: 0px initial initial;\">La investigaci\u00f3n realizada y publicada en una revista cient\u00edfica muestra que los sujetos que utilizaron la f\u00f3rmula b\u00e1sica en NITRO-TECH \u00ae Performance Series gan\u00f3 8.8 libras kg aprox de\u00a0 masa muscular limpia en seis semanas en comparaci\u00f3n con los sujetos que utilizan la prote\u00edna de suero normal, que gan\u00f3 1,8kg.<\/span><\/p>\n<p style=\"vertical-align: baseline; padding: 0px; margin: 0.5em 0px 0.5em 0px; border: 3px initial initial;\"><span style=\"vertical-align: baseline; font-size: medium; padding: 0px; margin: 0px; border: 0px initial initial;\">RAPIDA ABSORCI\u00d3N AMINOACIDOS POST-ENTRENAMIENTO.<\/span><\/p>\n<p style=\"vertical-align: baseline; padding: 0px; margin: 0.5em 0px 0.5em 0px; border: 3px initial initial;\"><span style=\"vertical-align: baseline; font-size: medium; padding: 0px; margin: 0px; border: 0px initial initial;\">Adem\u00e1s de sus ingredientes principales musclebuilding, NITRO-TECH \u00ae es la primera prote\u00edna que contienen las tres claves de forma libre amino\u00e1cidos (alanina, glicina y taurina) y est\u00e1 dise\u00f1ado para proporcionar los amino\u00e1cidos esenciales y proteinogenic (Construcci\u00f3n de la prote\u00edna) que son r\u00e1pidamente digeridos y absorbidos por el torrente sangu\u00edneo para la recuperaci\u00f3n de fibras musculares y asi promover el crecimiento muscular.<\/span><\/p>\n<ul style=\"vertical-align: baseline; list-style-type: disc; padding: 0px; margin: 1em 0px 1em 0px; border: 0px initial initial;\">\n<li style=\"vertical-align: baseline; padding: 0px; margin: 0px; border: 0px initial initial;\">\n<div style=\"vertical-align: baseline; padding: 0px; margin: 0px; border: 0px initial initial;\"><span style=\"vertical-align: baseline; font-size: medium; padding: 0px; margin: 0px; border: 0px initial initial;\">La alanina es el 2\u00ba amino\u00e1cido m\u00e1s ampliamente utilizado en la s\u00edntesis de prote\u00ednas despu\u00e9s de leucina y es el \u00e1cido amino primario para la producci\u00f3n de glucosa utilizable durante el entrenamiento intenso. Los expertos creen que la suplementaci\u00f3n con alanina despu\u00e9s del ejercicio puede ayudar a combatir la degradaci\u00f3n muscular y promover la s\u00edntesis de prote\u00ednas.<\/span><\/div>\n<\/li>\n<li style=\"vertical-align: baseline; padding: 0px; margin: 0px; border: 0px initial initial;\">\n<div style=\"vertical-align: baseline; padding: 0px; margin: 0px; border: 0px initial initial;\"><span style=\"vertical-align: baseline; font-size: medium; padding: 0px; margin: 0px; border: 0px initial initial;\">La glicina es un amino\u00e1cido que se ha sugerido que desempe\u00f1a un papel en la formaci\u00f3n de muchos otros compuestos biol\u00f3gicos en el cuerpo, tales como prote\u00ednas y creatina, e incluso soporta voluminizaci\u00f3n celular. *<\/span><\/div>\n<\/li>\n<li style=\"vertical-align: baseline; padding: 0px; margin: 0px; border: 0px initial initial;\">\n<div style=\"vertical-align: baseline; padding: 0px; margin: 0px; border: 0px initial initial;\"><span style=\"vertical-align: baseline; font-size: medium; padding: 0px; margin: 0px; border: 0px initial initial;\">La taurina es el segundo amino\u00e1cido m\u00e1s abundante en el <a href=\"\/?p=2560\">m\u00fasculo<\/a> y ayuda a la voluminizaci\u00f3n celular.<\/span><\/div>\n<\/li>\n<\/ul>\n<div style=\"vertical-align: baseline; text-align: center; padding: 0px; margin: 0px; border: 0px initial initial;\"><\/div>\n<div style=\"vertical-align: baseline; text-align: center; padding: 0px; margin: 0px; border: 0px initial initial;\"><span style=\"vertical-align: baseline; font-size: xx-large; color: #ff0000; padding: 0px; margin: 0px; border: 0px initial initial;\"><strong style=\"vertical-align: baseline; padding: 0px; margin: 0px; border: 0px initial initial;\"><span style=\"vertical-align: baseline; color: #000000; padding: 0px; margin: 0px; border: 0px initial initial;\"><em style=\"vertical-align: baseline; padding: 0px; margin: 0px; border: 0px initial initial;\">Disponible Tambien<\/em><\/span>\u00a0<em style=\"vertical-align: baseline; padding: 0px; margin: 0px; border: 0px initial initial;\">En tama\u00f1o de 4 libras<\/em><\/strong><\/span><\/div>\n<div style=\"vertical-align: baseline; text-align: center; padding: 0px; margin: 0px; border: 0px initial initial;\"><\/div>\n<div style=\"vertical-align: baseline; text-align: center; padding: 0px; margin: 0px; border: 0px initial initial;\"><span style=\"vertical-align: baseline; font-size: x-large; color: #0000ff; padding: 0px; margin: 0px; border: 0px initial initial;\"><strong style=\"vertical-align: baseline; padding: 0px; margin: 0px; border: 0px initial initial;\">INGREDIENTES:<\/strong><\/span><\/div>\n<div style=\"vertical-align: baseline; padding: 0px; margin: 0px; border: 0px initial initial;\"><strong style=\"vertical-align: baseline; padding: 0px; margin: 0px; border: 0px initial initial;\"><span style=\"vertical-align: baseline; padding: 0px; margin: 0px; border: 0px initial initial;\"><img class=\"src-lazy-load\" style=\"vertical-align: middle; padding: 0px; margin: 0px auto 0px auto; border: 0px initial initial;\" src=\"https:\/\/assets.bodybuilding.com\/store\/deploy\/images\/brands\/muscletech\/nitro-tech\/art_nitrotech_nutritional_facts.gif\" alt=\"Prote\u00ednas 30 g, 0 g de grasas trans, 1-2g carbohidratos, creatina 3G, 4G alanina \/ glicina \/ taurina, enzimas digestivas 100mg\" \/><\/span><\/strong><\/div>\n<div style=\"vertical-align: baseline; padding: 0px; margin: 0px; border: 0px initial initial;\"><\/div>\n","protected":false},"excerpt":{"rendered":"<p>Nitro-Tech Performance Series de Muscletech es un suplemento a base de aislado de suero dise\u00f1ada con una f\u00f3rmula especial para construir m\u00fasculo magro libre de grasa. Nitro-Tech es el aliado perfecto para todos los atletas que est\u00e1n buscando m\u00e1s m\u00fasculo, m\u00e1s fuerza y mejor rendimiento. Contiene prote\u00ednas de origen principalmente de prote\u00edna de suero y tambi\u00e9n se ha mejorado con la forma m\u00e1s estudiada de la creatina para acelerar el aumento del m\u00fasculo y la fuerza.<\/p>\n","protected":false},"featured_media":855,"comment_status":"open","ping_status":"closed","template":"","meta":[],"product_cat":[40,29],"product_tag":[],"acf":[],"yoast_head":"<!-- This site is optimized with the Yoast SEO plugin v18.5.1 - https:\/\/yoast.com\/wordpress\/plugins\/seo\/ -->\n<title>NITRO-TECH PERFORMANCE 2Lbs - Salud y Vida Store<\/title>\n<meta name=\"description\" content=\"NITRO-TECH PERFORMANCE 2Lbs contiene prote\u00ednas de origen principalmente de prote\u00edna de suero, una de las m\u00e1s limpias y m\u00e1s puras fuentes de prote\u00ednas.\" \/>\n<meta name=\"robots\" content=\"index, follow, max-snippet:-1, max-image-preview:large, max-video-preview:-1\" \/>\n<link rel=\"canonical\" href=\"https:\/\/saludyvidastore.com\/en\/product\/nitro-tech-performance-2lbs-vainillastrawberrycookies-cream\/\" \/>\n<meta property=\"og:locale\" content=\"en_US\" \/>\n<meta property=\"og:type\" content=\"article\" \/>\n<meta property=\"og:title\" content=\"NITRO-TECH PERFORMANCE 2Lbs - Salud y Vida Store\" \/>\n<meta property=\"og:description\" content=\"NITRO-TECH PERFORMANCE 2Lbs contiene prote\u00ednas de origen principalmente de prote\u00edna de suero, una de las m\u00e1s limpias y m\u00e1s puras fuentes de prote\u00ednas.\" \/>\n<meta property=\"og:url\" content=\"https:\/\/saludyvidastore.com\/en\/product\/nitro-tech-performance-2lbs-vainillastrawberrycookies-cream\/\" \/>\n<meta property=\"og:site_name\" content=\"Salud y Vida Store\" \/>\n<meta property=\"article:publisher\" content=\"https:\/\/www.facebook.com\/ArmoniaNaturalDietShop\/\" \/>\n<meta property=\"article:modified_time\" content=\"2021-10-01T22:41:21+00:00\" \/>\n<meta property=\"og:image\" content=\"https:\/\/saludyvidastore.com\/wp-content\/uploads\/2018\/02\/nitro-tech-performance-2lbs-vainillastrawberrycookies-cream_259.jpg\" \/>\n\t<meta property=\"og:image:width\" content=\"500\" \/>\n\t<meta property=\"og:image:height\" content=\"500\" \/>\n\t<meta property=\"og:image:type\" content=\"image\/jpeg\" \/>\n<meta name=\"twitter:card\" content=\"summary_large_image\" \/>\n<meta name=\"twitter:label1\" content=\"Est. reading time\" \/>\n\t<meta name=\"twitter:data1\" content=\"2 minutes\" \/>\n<script type=\"application\/ld+json\" class=\"yoast-schema-graph\">{\"@context\":\"https:\/\/schema.org\",\"@graph\":[{\"@type\":\"WebSite\",\"@id\":\"https:\/\/saludyvidastore.com\/#website\",\"url\":\"https:\/\/saludyvidastore.com\/\",\"name\":\"Salud y Vida Store\",\"description\":\"Otro sitio realizado con WordPress\",\"potentialAction\":[{\"@type\":\"SearchAction\",\"target\":{\"@type\":\"EntryPoint\",\"urlTemplate\":\"https:\/\/saludyvidastore.com\/?s={search_term_string}\"},\"query-input\":\"required name=search_term_string\"}],\"inLanguage\":\"en-US\"},{\"@type\":\"ImageObject\",\"@id\":\"https:\/\/saludyvidastore.com\/en\/product\/nitro-tech-performance-2lbs-vainillastrawberrycookies-cream\/#primaryimage\",\"inLanguage\":\"en-US\",\"url\":\"https:\/\/saludyvidastore.com\/wp-content\/uploads\/2018\/02\/nitro-tech-performance-2lbs-vainillastrawberrycookies-cream_259.jpg\",\"contentUrl\":\"https:\/\/saludyvidastore.com\/wp-content\/uploads\/2018\/02\/nitro-tech-performance-2lbs-vainillastrawberrycookies-cream_259.jpg\",\"width\":500,\"height\":500,\"caption\":\"nitrotech 2lbs\"},{\"@type\":\"WebPage\",\"@id\":\"https:\/\/saludyvidastore.com\/en\/product\/nitro-tech-performance-2lbs-vainillastrawberrycookies-cream\/#webpage\",\"url\":\"https:\/\/saludyvidastore.com\/en\/product\/nitro-tech-performance-2lbs-vainillastrawberrycookies-cream\/\",\"name\":\"NITRO-TECH PERFORMANCE 2Lbs - Salud y Vida Store\",\"isPartOf\":{\"@id\":\"https:\/\/saludyvidastore.com\/#website\"},\"primaryImageOfPage\":{\"@id\":\"https:\/\/saludyvidastore.com\/en\/product\/nitro-tech-performance-2lbs-vainillastrawberrycookies-cream\/#primaryimage\"},\"datePublished\":\"2018-01-28T21:43:11+00:00\",\"dateModified\":\"2021-10-01T22:41:21+00:00\",\"description\":\"NITRO-TECH PERFORMANCE 2Lbs contiene prote\u00ednas de origen principalmente de prote\u00edna de suero, una de las m\u00e1s limpias y m\u00e1s puras fuentes de prote\u00ednas.\",\"breadcrumb\":{\"@id\":\"https:\/\/saludyvidastore.com\/en\/product\/nitro-tech-performance-2lbs-vainillastrawberrycookies-cream\/#breadcrumb\"},\"inLanguage\":\"en-US\",\"potentialAction\":[{\"@type\":\"ReadAction\",\"target\":[\"https:\/\/saludyvidastore.com\/en\/product\/nitro-tech-performance-2lbs-vainillastrawberrycookies-cream\/\"]}]},{\"@type\":\"BreadcrumbList\",\"@id\":\"https:\/\/saludyvidastore.com\/en\/product\/nitro-tech-performance-2lbs-vainillastrawberrycookies-cream\/#breadcrumb\",\"itemListElement\":[{\"@type\":\"ListItem\",\"position\":1,\"name\":\"Portada\",\"item\":\"https:\/\/saludyvidastore.com\/en\/\"},{\"@type\":\"ListItem\",\"position\":2,\"name\":\"Tienda\",\"item\":\"https:\/\/saludyvidastore.com\/tienda\/\"},{\"@type\":\"ListItem\",\"position\":3,\"name\":\"NITRO-TECH PERFORMANCE 2Lbs\"}]}]}<\/script>\n<!-- \/ Yoast SEO plugin. -->","yoast_head_json":{"title":"NITRO-TECH PERFORMANCE 2Lbs - Salud y Vida Store","description":"NITRO-TECH PERFORMANCE 2Lbs contiene prote\u00ednas de origen principalmente de prote\u00edna de suero, una de las m\u00e1s limpias y m\u00e1s puras fuentes de prote\u00ednas.","robots":{"index":"index","follow":"follow","max-snippet":"max-snippet:-1","max-image-preview":"max-image-preview:large","max-video-preview":"max-video-preview:-1"},"canonical":"https:\/\/saludyvidastore.com\/en\/product\/nitro-tech-performance-2lbs-vainillastrawberrycookies-cream\/","og_locale":"en_US","og_type":"article","og_title":"NITRO-TECH PERFORMANCE 2Lbs - Salud y Vida Store","og_description":"NITRO-TECH PERFORMANCE 2Lbs contiene prote\u00ednas de origen principalmente de prote\u00edna de suero, una de las m\u00e1s limpias y m\u00e1s puras fuentes de prote\u00ednas.","og_url":"https:\/\/saludyvidastore.com\/en\/product\/nitro-tech-performance-2lbs-vainillastrawberrycookies-cream\/","og_site_name":"Salud y Vida Store","article_publisher":"https:\/\/www.facebook.com\/ArmoniaNaturalDietShop\/","article_modified_time":"2021-10-01T22:41:21+00:00","og_image":[{"width":500,"height":500,"url":"https:\/\/saludyvidastore.com\/wp-content\/uploads\/2018\/02\/nitro-tech-performance-2lbs-vainillastrawberrycookies-cream_259.jpg","type":"image\/jpeg"}],"twitter_card":"summary_large_image","twitter_misc":{"Est. reading time":"2 minutes"},"schema":{"@context":"https:\/\/schema.org","@graph":[{"@type":"WebSite","@id":"https:\/\/saludyvidastore.com\/#website","url":"https:\/\/saludyvidastore.com\/","name":"Salud y Vida Store","description":"Otro sitio realizado con WordPress","potentialAction":[{"@type":"SearchAction","target":{"@type":"EntryPoint","urlTemplate":"https:\/\/saludyvidastore.com\/?s={search_term_string}"},"query-input":"required name=search_term_string"}],"inLanguage":"en-US"},{"@type":"ImageObject","@id":"https:\/\/saludyvidastore.com\/en\/product\/nitro-tech-performance-2lbs-vainillastrawberrycookies-cream\/#primaryimage","inLanguage":"en-US","url":"https:\/\/saludyvidastore.com\/wp-content\/uploads\/2018\/02\/nitro-tech-performance-2lbs-vainillastrawberrycookies-cream_259.jpg","contentUrl":"https:\/\/saludyvidastore.com\/wp-content\/uploads\/2018\/02\/nitro-tech-performance-2lbs-vainillastrawberrycookies-cream_259.jpg","width":500,"height":500,"caption":"nitrotech 2lbs"},{"@type":"WebPage","@id":"https:\/\/saludyvidastore.com\/en\/product\/nitro-tech-performance-2lbs-vainillastrawberrycookies-cream\/#webpage","url":"https:\/\/saludyvidastore.com\/en\/product\/nitro-tech-performance-2lbs-vainillastrawberrycookies-cream\/","name":"NITRO-TECH PERFORMANCE 2Lbs - Salud y Vida Store","isPartOf":{"@id":"https:\/\/saludyvidastore.com\/#website"},"primaryImageOfPage":{"@id":"https:\/\/saludyvidastore.com\/en\/product\/nitro-tech-performance-2lbs-vainillastrawberrycookies-cream\/#primaryimage"},"datePublished":"2018-01-28T21:43:11+00:00","dateModified":"2021-10-01T22:41:21+00:00","description":"NITRO-TECH PERFORMANCE 2Lbs contiene prote\u00ednas de origen principalmente de prote\u00edna de suero, una de las m\u00e1s limpias y m\u00e1s puras fuentes de prote\u00ednas.","breadcrumb":{"@id":"https:\/\/saludyvidastore.com\/en\/product\/nitro-tech-performance-2lbs-vainillastrawberrycookies-cream\/#breadcrumb"},"inLanguage":"en-US","potentialAction":[{"@type":"ReadAction","target":["https:\/\/saludyvidastore.com\/en\/product\/nitro-tech-performance-2lbs-vainillastrawberrycookies-cream\/"]}]},{"@type":"BreadcrumbList","@id":"https:\/\/saludyvidastore.com\/en\/product\/nitro-tech-performance-2lbs-vainillastrawberrycookies-cream\/#breadcrumb","itemListElement":[{"@type":"ListItem","position":1,"name":"Portada","item":"https:\/\/saludyvidastore.com\/en\/"},{"@type":"ListItem","position":2,"name":"Tienda","item":"https:\/\/saludyvidastore.com\/tienda\/"},{"@type":"ListItem","position":3,"name":"NITRO-TECH PERFORMANCE 2Lbs"}]}]}},"_links":{"self":[{"href":"https:\/\/saludyvidastore.com\/en\/wp-json\/wp\/v2\/product\/1751"}],"collection":[{"href":"https:\/\/saludyvidastore.com\/en\/wp-json\/wp\/v2\/product"}],"about":[{"href":"https:\/\/saludyvidastore.com\/en\/wp-json\/wp\/v2\/types\/product"}],"replies":[{"embeddable":true,"href":"https:\/\/saludyvidastore.com\/en\/wp-json\/wp\/v2\/comments?post=1751"}],"wp:featuredmedia":[{"embeddable":true,"href":"https:\/\/saludyvidastore.com\/en\/wp-json\/wp\/v2\/media\/855"}],"wp:attachment":[{"href":"https:\/\/saludyvidastore.com\/en\/wp-json\/wp\/v2\/media?parent=1751"}],"wp:term":[{"taxonomy":"product_cat","embeddable":true,"href":"https:\/\/saludyvidastore.com\/en\/wp-json\/wp\/v2\/product_cat?post=1751"},{"taxonomy":"product_tag","embeddable":true,"href":"https:\/\/saludyvidastore.com\/en\/wp-json\/wp\/v2\/product_tag?post=1751"}],"curies":[{"name":"wp","href":"https:\/\/api.w.org\/{rel}","templated":true}]}}