{"id":1752,"date":"2018-01-28T21:43:10","date_gmt":"2018-01-28T21:43:10","guid":{"rendered":"http:\/\/saludyvidastore.com\/product\/muscle-peak-x3lbs\/"},"modified":"2019-03-21T15:19:21","modified_gmt":"2019-03-21T15:19:21","slug":"muscle-peak-action-pro-3-libras","status":"publish","type":"product","link":"https:\/\/saludyvidastore.com\/en\/product\/muscle-peak-action-pro-3-libras\/","title":{"rendered":"Mucle Peak Action Pro 3LBS"},"content":{"rendered":"<h1 style=\"text-align: center;\"><span style=\"font-family: 'arial black', sans-serif; color: #ff0000;\">MUSCLE PEAK-ACTION PRO 3 LIBRAS\u00a0<\/span><\/h1>\n<p>&nbsp;<\/p>\n<p>Muscle Peak ganador de masa logrado a partir de prote\u00edna de suero de leche concentrada y aislada junto con caseinato. Contiene creatina fosfato, carbohidratos complejos, p\u00e9ptidos de glutamina, BCAA y NATRAMUNE. M\u00e1xima f\u00f3rmula para crecimiento y desarrollo muscular.<\/p>\n<p>&nbsp;<\/p>\n<p>&nbsp;<\/p>\n<p>Muscle Peak Incluye en su composici\u00f3n NATRAMUNETM (patente PDS-2865), ingrediente natural, que estimula y mejora la respuesta del sistema inmunol\u00f3gico, fortaleciendo la resistencia y manteniendo bienestar en el organismo.<\/p>\n<p>&nbsp;<\/p>\n<p>Muscle Peak, es una prote\u00edna hipercal\u00f3rica dise\u00f1ada para quienes desean aumentar de peso y de masa muscular o que dentro de su plan de entrenamiento est\u00e9 en fase de aumento de volumen.<\/p>\n<p>&nbsp;<\/p>\n<p>&nbsp;<\/p>\n<p>Adem\u00e1s con 60 gramos de prote\u00edna de alta calidad y 740 calor\u00edas, Muscle Peak es una f\u00f3rmula mejorada con componentes probados para un r\u00e1pido aumento de peso y masa muscular.<\/p>\n<p>&nbsp;<\/p>\n<p>&nbsp;<\/p>\n<p>Asimismo, Muscle Peak, contiene prote\u00edna de suero l\u00e1cteo, concentrada y aislada junto con Caseinato de Calcio m\u00e1s carbohidratos complejos y fosfato de creatina, glutamina y BCAAs lo que la hace una f\u00f3rmula especial para crecimiento y desarrollo muscular.<\/p>\n<p>Beneficios:<\/p>\n<p>&nbsp;<\/p>\n<p>Posee la mejor mezcla de prote\u00ednas (concentrado y aislado de prote\u00edna de suero de leche, caseinato de calcio) para un aporte proteico constante.<\/p>\n<p>&nbsp;<\/p>\n<p>*Tambi\u00e9n, contiene una mezcla de carbohidratos de r\u00e1pida absorci\u00f3n para un aporte continuo de energ\u00eda, y evitar la acumulaci\u00f3n de grasa.<\/p>\n<p>&nbsp;<\/p>\n<p>*Del mismo modo, esta adicionada con creatina fosfato para mayor energ\u00eda muscular.<\/p>\n<p>&nbsp;<\/p>\n<p>*Adicionada con glutamina para maximizar el crecimiento y recuperaci\u00f3n muscular.<\/p>\n<p>&nbsp;<\/p>\n<p>*Contiene Natramune que aumenta la acci\u00f3n inmunol\u00f3gica.<\/p>\n<p>&nbsp;<\/p>\n<p>*Potencia el anabolismo y frena el catabolismo muscular.<\/p>\n<p>&nbsp;<\/p>\n<p><span style=\"color: #ff00ff;\"><strong>Uso sugerido<\/strong>:<\/span><\/p>\n<p>&nbsp;<\/p>\n<p>Mezclar un servicio (3 medidas) de Muscle Peak en un vaso de agua o leche descremada, idealmente despu\u00e9s de los entrenamientos. Tambi\u00e9n puede tomarse antes de los entrenamientos para conseguir el aporte de carbohidratos necesarios (como fuente de energ\u00eda) para un entrenamiento intenso.<\/p>\n","protected":false},"excerpt":{"rendered":"<p>Muscle Peak, es una prote\u00edna hipercal\u00f3rica dise\u00f1ada para quienes desean aumentar de peso y de masa muscular o que dentro de su plan de entrenamiento est\u00e9 en fase de aumento de volumen.<\/p>\n<p>Asimismo, Muscle Peak, contiene prote\u00edna de suero l\u00e1cteo, concentrada y aislada junto con Caseinato de Calcio m\u00e1s carbohidratos complejos y fosfato de creatina, glutamina y BCAAs lo que la hace una f\u00f3rmula especial para crecimiento y desarrollo muscular.<\/p>\n","protected":false},"featured_media":865,"comment_status":"open","ping_status":"closed","template":"","meta":[],"product_cat":[40,29],"product_tag":[],"acf":[],"yoast_head":"<!-- This site is optimized with the Yoast SEO plugin v18.5.1 - https:\/\/yoast.com\/wordpress\/plugins\/seo\/ -->\n<title>Mucle Peak Action Pro 3LBS - Salud y Vida Store<\/title>\n<meta name=\"description\" content=\"Muscle Peak, es una prote\u00edna hipercal\u00f3rica dise\u00f1ada para quienes desean aumentar de peso y de masa muscular dentro de su plan de entrenamiento.\" \/>\n<meta name=\"robots\" content=\"index, follow, max-snippet:-1, max-image-preview:large, max-video-preview:-1\" \/>\n<link rel=\"canonical\" href=\"https:\/\/saludyvidastore.com\/en\/product\/muscle-peak-action-pro-3-libras\/\" \/>\n<meta property=\"og:locale\" content=\"en_US\" \/>\n<meta property=\"og:type\" content=\"article\" \/>\n<meta property=\"og:title\" content=\"Mucle Peak Action Pro 3LBS - Salud y Vida Store\" \/>\n<meta property=\"og:description\" content=\"Muscle Peak, es una prote\u00edna hipercal\u00f3rica dise\u00f1ada para quienes desean aumentar de peso y de masa muscular dentro de su plan de entrenamiento.\" \/>\n<meta property=\"og:url\" content=\"https:\/\/saludyvidastore.com\/en\/product\/muscle-peak-action-pro-3-libras\/\" \/>\n<meta property=\"og:site_name\" content=\"Salud y Vida Store\" \/>\n<meta property=\"article:publisher\" content=\"https:\/\/www.facebook.com\/ArmoniaNaturalDietShop\/\" \/>\n<meta property=\"article:modified_time\" content=\"2019-03-21T15:19:21+00:00\" \/>\n<meta property=\"og:image\" content=\"https:\/\/saludyvidastore.com\/wp-content\/uploads\/2018\/02\/muscle-peak-x3lbs_705.jpg\" \/>\n\t<meta property=\"og:image:width\" content=\"1000\" \/>\n\t<meta property=\"og:image:height\" content=\"1000\" \/>\n\t<meta property=\"og:image:type\" content=\"image\/jpeg\" \/>\n<meta name=\"twitter:card\" content=\"summary_large_image\" \/>\n<meta name=\"twitter:label1\" content=\"Est. reading time\" \/>\n\t<meta name=\"twitter:data1\" content=\"2 minutes\" \/>\n<script type=\"application\/ld+json\" class=\"yoast-schema-graph\">{\"@context\":\"https:\/\/schema.org\",\"@graph\":[{\"@type\":\"WebSite\",\"@id\":\"https:\/\/saludyvidastore.com\/#website\",\"url\":\"https:\/\/saludyvidastore.com\/\",\"name\":\"Salud y Vida Store\",\"description\":\"Otro sitio realizado con WordPress\",\"potentialAction\":[{\"@type\":\"SearchAction\",\"target\":{\"@type\":\"EntryPoint\",\"urlTemplate\":\"https:\/\/saludyvidastore.com\/?s={search_term_string}\"},\"query-input\":\"required name=search_term_string\"}],\"inLanguage\":\"en-US\"},{\"@type\":\"ImageObject\",\"@id\":\"https:\/\/saludyvidastore.com\/en\/product\/muscle-peak-action-pro-3-libras\/#primaryimage\",\"inLanguage\":\"en-US\",\"url\":\"https:\/\/saludyvidastore.com\/wp-content\/uploads\/2018\/02\/muscle-peak-x3lbs_705.jpg\",\"contentUrl\":\"https:\/\/saludyvidastore.com\/wp-content\/uploads\/2018\/02\/muscle-peak-x3lbs_705.jpg\",\"width\":1000,\"height\":1000},{\"@type\":\"WebPage\",\"@id\":\"https:\/\/saludyvidastore.com\/en\/product\/muscle-peak-action-pro-3-libras\/#webpage\",\"url\":\"https:\/\/saludyvidastore.com\/en\/product\/muscle-peak-action-pro-3-libras\/\",\"name\":\"Mucle Peak Action Pro 3LBS - Salud y Vida Store\",\"isPartOf\":{\"@id\":\"https:\/\/saludyvidastore.com\/#website\"},\"primaryImageOfPage\":{\"@id\":\"https:\/\/saludyvidastore.com\/en\/product\/muscle-peak-action-pro-3-libras\/#primaryimage\"},\"datePublished\":\"2018-01-28T21:43:10+00:00\",\"dateModified\":\"2019-03-21T15:19:21+00:00\",\"description\":\"Muscle Peak, es una prote\u00edna hipercal\u00f3rica dise\u00f1ada para quienes desean aumentar de peso y de masa muscular dentro de su plan de entrenamiento.\",\"breadcrumb\":{\"@id\":\"https:\/\/saludyvidastore.com\/en\/product\/muscle-peak-action-pro-3-libras\/#breadcrumb\"},\"inLanguage\":\"en-US\",\"potentialAction\":[{\"@type\":\"ReadAction\",\"target\":[\"https:\/\/saludyvidastore.com\/en\/product\/muscle-peak-action-pro-3-libras\/\"]}]},{\"@type\":\"BreadcrumbList\",\"@id\":\"https:\/\/saludyvidastore.com\/en\/product\/muscle-peak-action-pro-3-libras\/#breadcrumb\",\"itemListElement\":[{\"@type\":\"ListItem\",\"position\":1,\"name\":\"Portada\",\"item\":\"https:\/\/saludyvidastore.com\/en\/\"},{\"@type\":\"ListItem\",\"position\":2,\"name\":\"Tienda\",\"item\":\"https:\/\/saludyvidastore.com\/tienda\/\"},{\"@type\":\"ListItem\",\"position\":3,\"name\":\"Mucle Peak Action Pro 3LBS\"}]}]}<\/script>\n<!-- \/ Yoast SEO plugin. -->","yoast_head_json":{"title":"Mucle Peak Action Pro 3LBS - Salud y Vida Store","description":"Muscle Peak, es una prote\u00edna hipercal\u00f3rica dise\u00f1ada para quienes desean aumentar de peso y de masa muscular dentro de su plan de entrenamiento.","robots":{"index":"index","follow":"follow","max-snippet":"max-snippet:-1","max-image-preview":"max-image-preview:large","max-video-preview":"max-video-preview:-1"},"canonical":"https:\/\/saludyvidastore.com\/en\/product\/muscle-peak-action-pro-3-libras\/","og_locale":"en_US","og_type":"article","og_title":"Mucle Peak Action Pro 3LBS - Salud y Vida Store","og_description":"Muscle Peak, es una prote\u00edna hipercal\u00f3rica dise\u00f1ada para quienes desean aumentar de peso y de masa muscular dentro de su plan de entrenamiento.","og_url":"https:\/\/saludyvidastore.com\/en\/product\/muscle-peak-action-pro-3-libras\/","og_site_name":"Salud y Vida Store","article_publisher":"https:\/\/www.facebook.com\/ArmoniaNaturalDietShop\/","article_modified_time":"2019-03-21T15:19:21+00:00","og_image":[{"width":1000,"height":1000,"url":"https:\/\/saludyvidastore.com\/wp-content\/uploads\/2018\/02\/muscle-peak-x3lbs_705.jpg","type":"image\/jpeg"}],"twitter_card":"summary_large_image","twitter_misc":{"Est. reading time":"2 minutes"},"schema":{"@context":"https:\/\/schema.org","@graph":[{"@type":"WebSite","@id":"https:\/\/saludyvidastore.com\/#website","url":"https:\/\/saludyvidastore.com\/","name":"Salud y Vida Store","description":"Otro sitio realizado con WordPress","potentialAction":[{"@type":"SearchAction","target":{"@type":"EntryPoint","urlTemplate":"https:\/\/saludyvidastore.com\/?s={search_term_string}"},"query-input":"required name=search_term_string"}],"inLanguage":"en-US"},{"@type":"ImageObject","@id":"https:\/\/saludyvidastore.com\/en\/product\/muscle-peak-action-pro-3-libras\/#primaryimage","inLanguage":"en-US","url":"https:\/\/saludyvidastore.com\/wp-content\/uploads\/2018\/02\/muscle-peak-x3lbs_705.jpg","contentUrl":"https:\/\/saludyvidastore.com\/wp-content\/uploads\/2018\/02\/muscle-peak-x3lbs_705.jpg","width":1000,"height":1000},{"@type":"WebPage","@id":"https:\/\/saludyvidastore.com\/en\/product\/muscle-peak-action-pro-3-libras\/#webpage","url":"https:\/\/saludyvidastore.com\/en\/product\/muscle-peak-action-pro-3-libras\/","name":"Mucle Peak Action Pro 3LBS - Salud y Vida Store","isPartOf":{"@id":"https:\/\/saludyvidastore.com\/#website"},"primaryImageOfPage":{"@id":"https:\/\/saludyvidastore.com\/en\/product\/muscle-peak-action-pro-3-libras\/#primaryimage"},"datePublished":"2018-01-28T21:43:10+00:00","dateModified":"2019-03-21T15:19:21+00:00","description":"Muscle Peak, es una prote\u00edna hipercal\u00f3rica dise\u00f1ada para quienes desean aumentar de peso y de masa muscular dentro de su plan de entrenamiento.","breadcrumb":{"@id":"https:\/\/saludyvidastore.com\/en\/product\/muscle-peak-action-pro-3-libras\/#breadcrumb"},"inLanguage":"en-US","potentialAction":[{"@type":"ReadAction","target":["https:\/\/saludyvidastore.com\/en\/product\/muscle-peak-action-pro-3-libras\/"]}]},{"@type":"BreadcrumbList","@id":"https:\/\/saludyvidastore.com\/en\/product\/muscle-peak-action-pro-3-libras\/#breadcrumb","itemListElement":[{"@type":"ListItem","position":1,"name":"Portada","item":"https:\/\/saludyvidastore.com\/en\/"},{"@type":"ListItem","position":2,"name":"Tienda","item":"https:\/\/saludyvidastore.com\/tienda\/"},{"@type":"ListItem","position":3,"name":"Mucle Peak Action Pro 3LBS"}]}]}},"_links":{"self":[{"href":"https:\/\/saludyvidastore.com\/en\/wp-json\/wp\/v2\/product\/1752"}],"collection":[{"href":"https:\/\/saludyvidastore.com\/en\/wp-json\/wp\/v2\/product"}],"about":[{"href":"https:\/\/saludyvidastore.com\/en\/wp-json\/wp\/v2\/types\/product"}],"replies":[{"embeddable":true,"href":"https:\/\/saludyvidastore.com\/en\/wp-json\/wp\/v2\/comments?post=1752"}],"wp:featuredmedia":[{"embeddable":true,"href":"https:\/\/saludyvidastore.com\/en\/wp-json\/wp\/v2\/media\/865"}],"wp:attachment":[{"href":"https:\/\/saludyvidastore.com\/en\/wp-json\/wp\/v2\/media?parent=1752"}],"wp:term":[{"taxonomy":"product_cat","embeddable":true,"href":"https:\/\/saludyvidastore.com\/en\/wp-json\/wp\/v2\/product_cat?post=1752"},{"taxonomy":"product_tag","embeddable":true,"href":"https:\/\/saludyvidastore.com\/en\/wp-json\/wp\/v2\/product_tag?post=1752"}],"curies":[{"name":"wp","href":"https:\/\/api.w.org\/{rel}","templated":true}]}}