{"id":1754,"date":"2018-01-28T21:43:10","date_gmt":"2018-01-28T21:43:10","guid":{"rendered":"http:\/\/saludyvidastore.com\/product\/nitric-max-muscle\/"},"modified":"2018-01-28T21:43:10","modified_gmt":"2018-01-28T21:43:10","slug":"nitric-max-muscle","status":"publish","type":"product","link":"https:\/\/saludyvidastore.com\/en\/product\/nitric-max-muscle\/","title":{"rendered":"Nitric Max Muscle"},"content":{"rendered":"<p style=\"text-align: justify;\"><span style=\"font-family: helvetica; font-size: 18pt;\">La mezcla de componentes en este nuevo producto enriquecer\u00e1 su r\u00e9gimen de fortalecimiento y resistencia para obtener resultados inmejorables. Dise\u00f1ado para aumentar r\u00e1pidamente la masa muscular y aumentar la resistencia,\u00a0<strong style=\"font-size: 14pt;\">Nitric Max Muscle<\/strong>\u00a0es un complejo antioxidante con nutrientes naturales y cient\u00edficamente mejorados que proporcionan lo necesario para transformar su cuerpo.<\/span><\/p>\n<ul>\n<li><span lang=\"es\" style=\"font-size: 18pt; font-family: helvetica;\">Ayuda al crecimiento de las c\u00e9lulas musculares.<\/span><\/li>\n<li><span lang=\"es\" style=\"font-size: 18pt; font-family: helvetica;\">Sintetiza Prote\u00ednas.<\/span><\/li>\n<li><span lang=\"es\" style=\"font-size: 18pt; font-family: helvetica;\">Regula los niveles de sal.<\/span><\/li>\n<li><span lang=\"es\" style=\"font-size: 18pt; font-family: helvetica;\">Elimina las toxinas.<\/span><\/li>\n<\/ul>\n<p style=\"text-align: center;\"><span lang=\"es\" style=\"font-size: 18pt; font-family: helvetica;\"><img loading=\"lazy\" src=\"images\/nitric-max-muscle1.png\" alt=\"nitric-max-muscle1.png\" width=\"263\" height=\"282\" \/><\/span><\/p>\n<p><span lang=\"es\" style=\"font-size: 18pt; font-family: helvetica;\"><strong>EL NITRIC MAX MUSCLE ES UN HEMODILATADOR DE H\u00cdPER-AUMENTO<\/strong>\u00a0que se ha formulado para acelerar la recuperaci\u00f3n y aumentar los niveles en el cuerpo de \u00d3xido N\u00edtrico (N.O.) para obtener los resultados de un atleta de alto calibre.\u00a0<span class=\"orange\">Observe c\u00f3mo aumenta el tama\u00f1o de sus m\u00fasculos y tambi\u00e9n c\u00f3mo su fuerza aumenta!<\/span>\u00a0Resistencia, rendimiento, capacidad de carga, y una definicion formado por una vascularidad de argenina ondean a trav\u00e9s de su piel.<\/span><\/p>\n<div><span style=\"font-size: 18pt; font-family: helvetica;\"><em><strong>Ingredientes<\/strong>\u00a0<\/em><\/span><\/div>\n<ul>\n<li><span style=\"font-size: 18pt; font-family: helvetica;\">A-AKG (argenina alpha-ketoglumerada)<\/span><\/li>\n<li><span style=\"font-size: 18pt; font-family: helvetica;\">A-KIC (argenina ketoisocaporate)<\/span><\/li>\n<li><span style=\"font-size: 18pt; font-family: helvetica;\">OKG (omithina alpha ketoglumerada)<\/span><\/li>\n<li><span style=\"font-size: 18pt; font-family: helvetica;\">GKG (glutamina alpha- ketoglumerada)<\/span><\/li>\n<\/ul>\n<pre class=\"tw-data-text tw-ta tw-text-small\" style=\"height: 72px;\"><span lang=\"es\" style=\"font-size: 14pt;\"><span style=\"font-family: helvetica; font-size: 18pt;\"><strong>Uso sugerido<\/strong>: Como suplemento diet\u00e9tico tomar tres c\u00e1psulas antes de hacer ejercicio<\/span><\/span><\/pre>\n<p><img style=\"margin-left: auto; margin-right: auto;\" src=\"images\/nitric-max-muscle2.jpeg\" alt=\"nitric-max-muscle2.jpeg\" \/><\/p>\n<p><span lang=\"es\" style=\"font-size: 14pt;\">\u00a0<\/span><\/p>\n","protected":false},"excerpt":{"rendered":"<p>La mezcla de componentes en este nuevo producto enriquecer\u00e1 su r\u00e9gimen de fortalecimiento y resistencia para obtener resultados inmejorables. Dise\u00f1ado para aumentar r\u00e1pidamente la masa muscular y aumentar la resistencia, Nitric Max Muscle es un complejo antioxidante con nutrientes naturales y cient\u00edficamente mejorados que proporcionan lo necesario para transformar su cuerpo.<\/p>\n","protected":false},"featured_media":877,"comment_status":"open","ping_status":"closed","template":"","meta":[],"product_cat":[29],"product_tag":[],"acf":[],"yoast_head":"<!-- This site is optimized with the Yoast SEO plugin v18.5.1 - https:\/\/yoast.com\/wordpress\/plugins\/seo\/ -->\n<title>Nitric Max Muscle - Salud y Vida Store<\/title>\n<meta name=\"robots\" content=\"index, follow, max-snippet:-1, max-image-preview:large, max-video-preview:-1\" \/>\n<link rel=\"canonical\" href=\"https:\/\/saludyvidastore.com\/en\/product\/nitric-max-muscle\/\" \/>\n<meta property=\"og:locale\" content=\"en_US\" \/>\n<meta property=\"og:type\" content=\"article\" \/>\n<meta property=\"og:title\" content=\"Nitric Max Muscle - Salud y Vida Store\" \/>\n<meta property=\"og:description\" content=\"La mezcla de componentes en este nuevo producto enriquecer\u00e1 su r\u00e9gimen de fortalecimiento y resistencia para obtener resultados inmejorables. Dise\u00f1ado para aumentar r\u00e1pidamente la masa muscular y aumentar la resistencia, Nitric Max Muscle es un complejo antioxidante con nutrientes naturales y cient\u00edficamente mejorados que proporcionan lo necesario para transformar su cuerpo.\" \/>\n<meta property=\"og:url\" content=\"https:\/\/saludyvidastore.com\/en\/product\/nitric-max-muscle\/\" \/>\n<meta property=\"og:site_name\" content=\"Salud y Vida Store\" \/>\n<meta property=\"article:publisher\" content=\"https:\/\/www.facebook.com\/ArmoniaNaturalDietShop\/\" \/>\n<meta property=\"og:image\" content=\"https:\/\/saludyvidastore.com\/wp-content\/uploads\/2018\/02\/nitric-max-muscle_897.png\" \/>\n\t<meta property=\"og:image:width\" content=\"125\" \/>\n\t<meta property=\"og:image:height\" content=\"257\" \/>\n\t<meta property=\"og:image:type\" content=\"image\/png\" \/>\n<meta name=\"twitter:card\" content=\"summary_large_image\" \/>\n<meta name=\"twitter:label1\" content=\"Est. reading time\" \/>\n\t<meta name=\"twitter:data1\" content=\"1 minute\" \/>\n<script type=\"application\/ld+json\" class=\"yoast-schema-graph\">{\"@context\":\"https:\/\/schema.org\",\"@graph\":[{\"@type\":\"WebSite\",\"@id\":\"https:\/\/saludyvidastore.com\/#website\",\"url\":\"https:\/\/saludyvidastore.com\/\",\"name\":\"Salud y Vida Store\",\"description\":\"Otro sitio realizado con WordPress\",\"potentialAction\":[{\"@type\":\"SearchAction\",\"target\":{\"@type\":\"EntryPoint\",\"urlTemplate\":\"https:\/\/saludyvidastore.com\/?s={search_term_string}\"},\"query-input\":\"required name=search_term_string\"}],\"inLanguage\":\"en-US\"},{\"@type\":\"ImageObject\",\"@id\":\"https:\/\/saludyvidastore.com\/en\/product\/nitric-max-muscle\/#primaryimage\",\"inLanguage\":\"en-US\",\"url\":\"https:\/\/saludyvidastore.com\/wp-content\/uploads\/2018\/02\/nitric-max-muscle_897.png\",\"contentUrl\":\"https:\/\/saludyvidastore.com\/wp-content\/uploads\/2018\/02\/nitric-max-muscle_897.png\",\"width\":125,\"height\":257},{\"@type\":\"WebPage\",\"@id\":\"https:\/\/saludyvidastore.com\/en\/product\/nitric-max-muscle\/#webpage\",\"url\":\"https:\/\/saludyvidastore.com\/en\/product\/nitric-max-muscle\/\",\"name\":\"Nitric Max Muscle - Salud y Vida Store\",\"isPartOf\":{\"@id\":\"https:\/\/saludyvidastore.com\/#website\"},\"primaryImageOfPage\":{\"@id\":\"https:\/\/saludyvidastore.com\/en\/product\/nitric-max-muscle\/#primaryimage\"},\"datePublished\":\"2018-01-28T21:43:10+00:00\",\"dateModified\":\"2018-01-28T21:43:10+00:00\",\"breadcrumb\":{\"@id\":\"https:\/\/saludyvidastore.com\/en\/product\/nitric-max-muscle\/#breadcrumb\"},\"inLanguage\":\"en-US\",\"potentialAction\":[{\"@type\":\"ReadAction\",\"target\":[\"https:\/\/saludyvidastore.com\/en\/product\/nitric-max-muscle\/\"]}]},{\"@type\":\"BreadcrumbList\",\"@id\":\"https:\/\/saludyvidastore.com\/en\/product\/nitric-max-muscle\/#breadcrumb\",\"itemListElement\":[{\"@type\":\"ListItem\",\"position\":1,\"name\":\"Portada\",\"item\":\"https:\/\/saludyvidastore.com\/en\/\"},{\"@type\":\"ListItem\",\"position\":2,\"name\":\"Tienda\",\"item\":\"https:\/\/saludyvidastore.com\/tienda\/\"},{\"@type\":\"ListItem\",\"position\":3,\"name\":\"Nitric Max Muscle\"}]}]}<\/script>\n<!-- \/ Yoast SEO plugin. -->","yoast_head_json":{"title":"Nitric Max Muscle - Salud y Vida Store","robots":{"index":"index","follow":"follow","max-snippet":"max-snippet:-1","max-image-preview":"max-image-preview:large","max-video-preview":"max-video-preview:-1"},"canonical":"https:\/\/saludyvidastore.com\/en\/product\/nitric-max-muscle\/","og_locale":"en_US","og_type":"article","og_title":"Nitric Max Muscle - Salud y Vida Store","og_description":"La mezcla de componentes en este nuevo producto enriquecer\u00e1 su r\u00e9gimen de fortalecimiento y resistencia para obtener resultados inmejorables. Dise\u00f1ado para aumentar r\u00e1pidamente la masa muscular y aumentar la resistencia, Nitric Max Muscle es un complejo antioxidante con nutrientes naturales y cient\u00edficamente mejorados que proporcionan lo necesario para transformar su cuerpo.","og_url":"https:\/\/saludyvidastore.com\/en\/product\/nitric-max-muscle\/","og_site_name":"Salud y Vida Store","article_publisher":"https:\/\/www.facebook.com\/ArmoniaNaturalDietShop\/","og_image":[{"width":125,"height":257,"url":"https:\/\/saludyvidastore.com\/wp-content\/uploads\/2018\/02\/nitric-max-muscle_897.png","type":"image\/png"}],"twitter_card":"summary_large_image","twitter_misc":{"Est. reading time":"1 minute"},"schema":{"@context":"https:\/\/schema.org","@graph":[{"@type":"WebSite","@id":"https:\/\/saludyvidastore.com\/#website","url":"https:\/\/saludyvidastore.com\/","name":"Salud y Vida Store","description":"Otro sitio realizado con WordPress","potentialAction":[{"@type":"SearchAction","target":{"@type":"EntryPoint","urlTemplate":"https:\/\/saludyvidastore.com\/?s={search_term_string}"},"query-input":"required name=search_term_string"}],"inLanguage":"en-US"},{"@type":"ImageObject","@id":"https:\/\/saludyvidastore.com\/en\/product\/nitric-max-muscle\/#primaryimage","inLanguage":"en-US","url":"https:\/\/saludyvidastore.com\/wp-content\/uploads\/2018\/02\/nitric-max-muscle_897.png","contentUrl":"https:\/\/saludyvidastore.com\/wp-content\/uploads\/2018\/02\/nitric-max-muscle_897.png","width":125,"height":257},{"@type":"WebPage","@id":"https:\/\/saludyvidastore.com\/en\/product\/nitric-max-muscle\/#webpage","url":"https:\/\/saludyvidastore.com\/en\/product\/nitric-max-muscle\/","name":"Nitric Max Muscle - Salud y Vida Store","isPartOf":{"@id":"https:\/\/saludyvidastore.com\/#website"},"primaryImageOfPage":{"@id":"https:\/\/saludyvidastore.com\/en\/product\/nitric-max-muscle\/#primaryimage"},"datePublished":"2018-01-28T21:43:10+00:00","dateModified":"2018-01-28T21:43:10+00:00","breadcrumb":{"@id":"https:\/\/saludyvidastore.com\/en\/product\/nitric-max-muscle\/#breadcrumb"},"inLanguage":"en-US","potentialAction":[{"@type":"ReadAction","target":["https:\/\/saludyvidastore.com\/en\/product\/nitric-max-muscle\/"]}]},{"@type":"BreadcrumbList","@id":"https:\/\/saludyvidastore.com\/en\/product\/nitric-max-muscle\/#breadcrumb","itemListElement":[{"@type":"ListItem","position":1,"name":"Portada","item":"https:\/\/saludyvidastore.com\/en\/"},{"@type":"ListItem","position":2,"name":"Tienda","item":"https:\/\/saludyvidastore.com\/tienda\/"},{"@type":"ListItem","position":3,"name":"Nitric Max Muscle"}]}]}},"_links":{"self":[{"href":"https:\/\/saludyvidastore.com\/en\/wp-json\/wp\/v2\/product\/1754"}],"collection":[{"href":"https:\/\/saludyvidastore.com\/en\/wp-json\/wp\/v2\/product"}],"about":[{"href":"https:\/\/saludyvidastore.com\/en\/wp-json\/wp\/v2\/types\/product"}],"replies":[{"embeddable":true,"href":"https:\/\/saludyvidastore.com\/en\/wp-json\/wp\/v2\/comments?post=1754"}],"wp:featuredmedia":[{"embeddable":true,"href":"https:\/\/saludyvidastore.com\/en\/wp-json\/wp\/v2\/media\/877"}],"wp:attachment":[{"href":"https:\/\/saludyvidastore.com\/en\/wp-json\/wp\/v2\/media?parent=1754"}],"wp:term":[{"taxonomy":"product_cat","embeddable":true,"href":"https:\/\/saludyvidastore.com\/en\/wp-json\/wp\/v2\/product_cat?post=1754"},{"taxonomy":"product_tag","embeddable":true,"href":"https:\/\/saludyvidastore.com\/en\/wp-json\/wp\/v2\/product_tag?post=1754"}],"curies":[{"name":"wp","href":"https:\/\/api.w.org\/{rel}","templated":true}]}}