{"id":1756,"date":"2018-01-28T21:43:09","date_gmt":"2018-01-28T21:43:09","guid":{"rendered":"http:\/\/saludyvidastore.com\/product\/moringa-pulverizada-x-100g\/"},"modified":"2018-08-31T16:19:41","modified_gmt":"2018-08-31T16:19:41","slug":"moringa-pulverizada-x-100g","status":"publish","type":"product","link":"https:\/\/saludyvidastore.com\/en\/product\/moringa-pulverizada-x-100g\/","title":{"rendered":"MORINGA PULVERIZADA X 100G"},"content":{"rendered":"<p>Los beneficios de la MORINGA EN POLVO son innumerables, actuando en todo el organismo y regulando todo aquello que funcione mal. En definitiva, podemos concluir diciendo que la Moringa es un gran complemento nutricional y tambi\u00e9n una fuente de salud y juventud para aquellos que consumen diariamente esta entre otras\u00a0excelentes plantas medicinales.<\/p>\n<p>&nbsp;<\/p>\n<p>la MORINGA EN POLVO tiene gran poder antioxidante, sirve para la diabetes, el asma, el colesterol, cura las heridas y proteger los tejidos, puede mitigar o aliviar dolores, para \u00falceras de est\u00f3mago y acidez, para la hipertensi\u00f3n, tiene efecto antiinflamatorio, protege el h\u00edgado, el extracto inhibe la proliferaci\u00f3n de c\u00e9lulas cancerosas, ayuda a cuidar la vista y puede prevenir da\u00f1os degenerativos, ayuda al sistema inmunol\u00f3gico, ayuda al sistema nervioso.<\/p>\n<p>&nbsp;<\/p>\n<p>Los <strong>beneficios comprobados<\/strong> de la MORINGA EN POLVO para la salud no son pocos:<\/p>\n<p>&nbsp;<\/p>\n<h3>1. Es rica en nutrientes<\/h3>\n<p>&nbsp;<\/p>\n<p>Una taza con unos 20 gramos de hojas frescas aporta el 20% de las necesidades diarias de <strong>vitamina B6,<\/strong> el 12% del hierro y de las vitaminas C y B2, y el 8% del magnesio.<\/p>\n<p>De la moringa tambi\u00e9n se aprovechan las vainas adem\u00e1s de las hojas. Las vainas aportan casi el triple de <strong>vitamina C<\/strong>.<\/p>\n<h3>2. Posee compuestos antioxidantes<\/h3>\n<p>&nbsp;<\/p>\n<p>Basta una cucharadita de polvo de hoja para elevar los niveles de antioxidantes en sangre, gracias al contenido en <strong>quercitina y \u00e1cido clorog\u00e9nico<\/strong>. En general, los antioxidantes ayudan a combatir la oxidaci\u00f3n generada por los radicales libres que da\u00f1a las c\u00e9lulas, asociada a los procesos de envejecimiento.<\/p>\n<p>La quercitina, presente en alimentos como la cebolla, es adem\u00e1s un antioxidante que ayuda a <strong>reducir la presi\u00f3n sangu\u00ednea.<\/strong><\/p>\n<p>Al \u00e1cido clorog\u00e9nico, por su parte, se le atribuye la capacidad de <strong>reducir los niveles de az\u00facar en sangre<\/strong> despu\u00e9s de las comidas. Otro alimento rico en \u00e1cido clorog\u00e9nico es el caf\u00e9.<\/p>\n<p>&nbsp;<\/p>\n<h3>3. Ayuda a controlar el az\u00facar<\/h3>\n<p>&nbsp;<\/p>\n<p>Estudios con personas han probado que <strong>disminuye la velocidad con que el az\u00facar llega a la sangre<\/strong> y se cree que podr\u00eda deberse a su contenido en isotiocianatos.<\/p>\n<p>En un estudio realizado con 30 mujeres, por ejemplo, se comprob\u00f3 que tomar una cucharadita y media de hojas de moringa al d\u00eda durante tres meses reduce los niveles de glucosa en ayunas en un 13,5%. En otro m\u00e1s peque\u00f1o en el que participaron seis personas, se estableci\u00f3 que tomar 50 gramos de hojas frescas con la comida reducen un 21% la subida.<\/p>\n<p>&nbsp;<\/p>\n<h3>4. Lucha contra la inflamaci\u00f3n<\/h3>\n<p>&nbsp;<\/p>\n<p>Los <strong>isotiocianatos<\/strong> que contiene la moringa poseen propiedades antiinflamatorias y podr\u00edan actuar preventivamente frente a enfermedades cardiovasculares y c\u00e1ncer. Estas propiedades antiinflamatorias se han comprobado en estudios de laboratorio y con animales.<\/p>\n<h3>5. Puede bajar el colesterol<\/h3>\n<p>Hasta cuatro estudios cient\u00edficos indican que la moringa sirve para <strong>controlar los niveles de colesterol<\/strong>. Otros alimentos aconsejables son las almendras, la avena y el lino.<\/p>\n<p>&nbsp;<\/p>\n<h3>6. Protege frente a los t\u00f3xicos<\/h3>\n<p>&nbsp;<\/p>\n<p>Varios estudios han relacionado la <strong>exposici\u00f3n continuada a t\u00f3xicos como el ars\u00e9nico<\/strong> a un mayor riesgo de sufrir c\u00e1ncer o enfermedades cardiovasculares.<\/p>\n<p>Investigaciones con animales sugieren que el extracto de moringa podr\u00eda <strong>prevenir los efectos de la intoxicaci\u00f3n cr\u00f3nica<\/strong> con bajas dosis de ars\u00e9nico.<\/p>\n","protected":false},"excerpt":{"rendered":"<p>la MORINGA EN POLVO tiene gran poder antioxidante, sirve para la diabetes, el asma, el colesterol, cura las heridas y proteger los tejidos, puede mitigar o aliviar dolores, para \u00falceras de est\u00f3mago y acidez, para la hipertensi\u00f3n, tiene efecto antiinflamatorio, protege el h\u00edgado, el extracto inhibe la proliferaci\u00f3n de c\u00e9lulas cancerosas, ayuda a cuidar la vista y puede prevenir da\u00f1os degenerativos, ayuda al sistema inmunol\u00f3gico, ayuda al sistema nervioso.<\/p>\n","protected":false},"featured_media":891,"comment_status":"open","ping_status":"closed","template":"","meta":[],"product_cat":[47],"product_tag":[],"acf":[],"yoast_head":"<!-- This site is optimized with the Yoast SEO plugin v18.5.1 - https:\/\/yoast.com\/wordpress\/plugins\/seo\/ -->\n<title>MORINGA EN POLVO - 100% NATURAL - ARMONIA NATURAL<\/title>\n<meta name=\"description\" content=\"Los beneficios de la MORINGA EN POLVO son innumerables, actuando en todo el organismo y regulando todo aquello que funcione mal. Sirve para regenerar.\" \/>\n<meta name=\"robots\" content=\"index, follow, max-snippet:-1, max-image-preview:large, max-video-preview:-1\" \/>\n<link rel=\"canonical\" href=\"https:\/\/saludyvidastore.com\/en\/product\/moringa-pulverizada-x-100g\/\" \/>\n<meta property=\"og:locale\" content=\"en_US\" \/>\n<meta property=\"og:type\" content=\"article\" \/>\n<meta property=\"og:title\" content=\"MORINGA EN POLVO - 100% NATURAL - ARMONIA NATURAL\" \/>\n<meta property=\"og:description\" content=\"Los beneficios de la MORINGA EN POLVO son innumerables, actuando en todo el organismo y regulando todo aquello que funcione mal. Sirve para regenerar.\" \/>\n<meta property=\"og:url\" content=\"https:\/\/saludyvidastore.com\/en\/product\/moringa-pulverizada-x-100g\/\" \/>\n<meta property=\"og:site_name\" content=\"Salud y Vida Store\" \/>\n<meta property=\"article:publisher\" content=\"https:\/\/www.facebook.com\/ArmoniaNaturalDietShop\/\" \/>\n<meta property=\"article:modified_time\" content=\"2018-08-31T16:19:41+00:00\" \/>\n<meta property=\"og:image\" content=\"https:\/\/saludyvidastore.com\/wp-content\/uploads\/2018\/02\/moringa-pulverizada-x-100g_782.jpg\" \/>\n\t<meta property=\"og:image:width\" content=\"642\" \/>\n\t<meta property=\"og:image:height\" content=\"1061\" \/>\n\t<meta property=\"og:image:type\" content=\"image\/jpeg\" \/>\n<meta name=\"twitter:card\" content=\"summary_large_image\" \/>\n<meta name=\"twitter:label1\" content=\"Est. reading time\" \/>\n\t<meta name=\"twitter:data1\" content=\"3 minutes\" \/>\n<script type=\"application\/ld+json\" class=\"yoast-schema-graph\">{\"@context\":\"https:\/\/schema.org\",\"@graph\":[{\"@type\":\"WebSite\",\"@id\":\"https:\/\/saludyvidastore.com\/#website\",\"url\":\"https:\/\/saludyvidastore.com\/\",\"name\":\"Salud y Vida Store\",\"description\":\"Otro sitio realizado con WordPress\",\"potentialAction\":[{\"@type\":\"SearchAction\",\"target\":{\"@type\":\"EntryPoint\",\"urlTemplate\":\"https:\/\/saludyvidastore.com\/?s={search_term_string}\"},\"query-input\":\"required name=search_term_string\"}],\"inLanguage\":\"en-US\"},{\"@type\":\"ImageObject\",\"@id\":\"https:\/\/saludyvidastore.com\/en\/product\/moringa-pulverizada-x-100g\/#primaryimage\",\"inLanguage\":\"en-US\",\"url\":\"https:\/\/saludyvidastore.com\/wp-content\/uploads\/2018\/02\/moringa-pulverizada-x-100g_782.jpg\",\"contentUrl\":\"https:\/\/saludyvidastore.com\/wp-content\/uploads\/2018\/02\/moringa-pulverizada-x-100g_782.jpg\",\"width\":642,\"height\":1061},{\"@type\":\"WebPage\",\"@id\":\"https:\/\/saludyvidastore.com\/en\/product\/moringa-pulverizada-x-100g\/#webpage\",\"url\":\"https:\/\/saludyvidastore.com\/en\/product\/moringa-pulverizada-x-100g\/\",\"name\":\"MORINGA EN POLVO - 100% NATURAL - ARMONIA NATURAL\",\"isPartOf\":{\"@id\":\"https:\/\/saludyvidastore.com\/#website\"},\"primaryImageOfPage\":{\"@id\":\"https:\/\/saludyvidastore.com\/en\/product\/moringa-pulverizada-x-100g\/#primaryimage\"},\"datePublished\":\"2018-01-28T21:43:09+00:00\",\"dateModified\":\"2018-08-31T16:19:41+00:00\",\"description\":\"Los beneficios de la MORINGA EN POLVO son innumerables, actuando en todo el organismo y regulando todo aquello que funcione mal. Sirve para regenerar.\",\"breadcrumb\":{\"@id\":\"https:\/\/saludyvidastore.com\/en\/product\/moringa-pulverizada-x-100g\/#breadcrumb\"},\"inLanguage\":\"en-US\",\"potentialAction\":[{\"@type\":\"ReadAction\",\"target\":[\"https:\/\/saludyvidastore.com\/en\/product\/moringa-pulverizada-x-100g\/\"]}]},{\"@type\":\"BreadcrumbList\",\"@id\":\"https:\/\/saludyvidastore.com\/en\/product\/moringa-pulverizada-x-100g\/#breadcrumb\",\"itemListElement\":[{\"@type\":\"ListItem\",\"position\":1,\"name\":\"Portada\",\"item\":\"https:\/\/saludyvidastore.com\/en\/\"},{\"@type\":\"ListItem\",\"position\":2,\"name\":\"Tienda\",\"item\":\"https:\/\/saludyvidastore.com\/tienda\/\"},{\"@type\":\"ListItem\",\"position\":3,\"name\":\"MORINGA PULVERIZADA X 100G\"}]}]}<\/script>\n<!-- \/ Yoast SEO plugin. -->","yoast_head_json":{"title":"MORINGA EN POLVO - 100% NATURAL - ARMONIA NATURAL","description":"Los beneficios de la MORINGA EN POLVO son innumerables, actuando en todo el organismo y regulando todo aquello que funcione mal. Sirve para regenerar.","robots":{"index":"index","follow":"follow","max-snippet":"max-snippet:-1","max-image-preview":"max-image-preview:large","max-video-preview":"max-video-preview:-1"},"canonical":"https:\/\/saludyvidastore.com\/en\/product\/moringa-pulverizada-x-100g\/","og_locale":"en_US","og_type":"article","og_title":"MORINGA EN POLVO - 100% NATURAL - ARMONIA NATURAL","og_description":"Los beneficios de la MORINGA EN POLVO son innumerables, actuando en todo el organismo y regulando todo aquello que funcione mal. Sirve para regenerar.","og_url":"https:\/\/saludyvidastore.com\/en\/product\/moringa-pulverizada-x-100g\/","og_site_name":"Salud y Vida Store","article_publisher":"https:\/\/www.facebook.com\/ArmoniaNaturalDietShop\/","article_modified_time":"2018-08-31T16:19:41+00:00","og_image":[{"width":642,"height":1061,"url":"https:\/\/saludyvidastore.com\/wp-content\/uploads\/2018\/02\/moringa-pulverizada-x-100g_782.jpg","type":"image\/jpeg"}],"twitter_card":"summary_large_image","twitter_misc":{"Est. reading time":"3 minutes"},"schema":{"@context":"https:\/\/schema.org","@graph":[{"@type":"WebSite","@id":"https:\/\/saludyvidastore.com\/#website","url":"https:\/\/saludyvidastore.com\/","name":"Salud y Vida Store","description":"Otro sitio realizado con WordPress","potentialAction":[{"@type":"SearchAction","target":{"@type":"EntryPoint","urlTemplate":"https:\/\/saludyvidastore.com\/?s={search_term_string}"},"query-input":"required name=search_term_string"}],"inLanguage":"en-US"},{"@type":"ImageObject","@id":"https:\/\/saludyvidastore.com\/en\/product\/moringa-pulverizada-x-100g\/#primaryimage","inLanguage":"en-US","url":"https:\/\/saludyvidastore.com\/wp-content\/uploads\/2018\/02\/moringa-pulverizada-x-100g_782.jpg","contentUrl":"https:\/\/saludyvidastore.com\/wp-content\/uploads\/2018\/02\/moringa-pulverizada-x-100g_782.jpg","width":642,"height":1061},{"@type":"WebPage","@id":"https:\/\/saludyvidastore.com\/en\/product\/moringa-pulverizada-x-100g\/#webpage","url":"https:\/\/saludyvidastore.com\/en\/product\/moringa-pulverizada-x-100g\/","name":"MORINGA EN POLVO - 100% NATURAL - ARMONIA NATURAL","isPartOf":{"@id":"https:\/\/saludyvidastore.com\/#website"},"primaryImageOfPage":{"@id":"https:\/\/saludyvidastore.com\/en\/product\/moringa-pulverizada-x-100g\/#primaryimage"},"datePublished":"2018-01-28T21:43:09+00:00","dateModified":"2018-08-31T16:19:41+00:00","description":"Los beneficios de la MORINGA EN POLVO son innumerables, actuando en todo el organismo y regulando todo aquello que funcione mal. Sirve para regenerar.","breadcrumb":{"@id":"https:\/\/saludyvidastore.com\/en\/product\/moringa-pulverizada-x-100g\/#breadcrumb"},"inLanguage":"en-US","potentialAction":[{"@type":"ReadAction","target":["https:\/\/saludyvidastore.com\/en\/product\/moringa-pulverizada-x-100g\/"]}]},{"@type":"BreadcrumbList","@id":"https:\/\/saludyvidastore.com\/en\/product\/moringa-pulverizada-x-100g\/#breadcrumb","itemListElement":[{"@type":"ListItem","position":1,"name":"Portada","item":"https:\/\/saludyvidastore.com\/en\/"},{"@type":"ListItem","position":2,"name":"Tienda","item":"https:\/\/saludyvidastore.com\/tienda\/"},{"@type":"ListItem","position":3,"name":"MORINGA PULVERIZADA X 100G"}]}]}},"_links":{"self":[{"href":"https:\/\/saludyvidastore.com\/en\/wp-json\/wp\/v2\/product\/1756"}],"collection":[{"href":"https:\/\/saludyvidastore.com\/en\/wp-json\/wp\/v2\/product"}],"about":[{"href":"https:\/\/saludyvidastore.com\/en\/wp-json\/wp\/v2\/types\/product"}],"replies":[{"embeddable":true,"href":"https:\/\/saludyvidastore.com\/en\/wp-json\/wp\/v2\/comments?post=1756"}],"wp:featuredmedia":[{"embeddable":true,"href":"https:\/\/saludyvidastore.com\/en\/wp-json\/wp\/v2\/media\/891"}],"wp:attachment":[{"href":"https:\/\/saludyvidastore.com\/en\/wp-json\/wp\/v2\/media?parent=1756"}],"wp:term":[{"taxonomy":"product_cat","embeddable":true,"href":"https:\/\/saludyvidastore.com\/en\/wp-json\/wp\/v2\/product_cat?post=1756"},{"taxonomy":"product_tag","embeddable":true,"href":"https:\/\/saludyvidastore.com\/en\/wp-json\/wp\/v2\/product_tag?post=1756"}],"curies":[{"name":"wp","href":"https:\/\/api.w.org\/{rel}","templated":true}]}}