{"id":1757,"date":"2018-01-28T21:43:09","date_gmt":"2018-01-28T21:43:09","guid":{"rendered":"http:\/\/saludyvidastore.com\/product\/multivitamin-platinum-muscletech-90-caps\/"},"modified":"2023-02-14T15:58:36","modified_gmt":"2023-02-14T15:58:36","slug":"multivitamin-platinum-muscletech-90-caps","status":"publish","type":"product","link":"https:\/\/saludyvidastore.com\/en\/product\/multivitamin-platinum-muscletech-90-caps\/","title":{"rendered":"Multivitamin Platinum , Muscletech , 90 Caps"},"content":{"rendered":"<p><strong><span style=\"font-size: 10pt;\">Un multivitam\u00ednico avanzado.<\/span><\/strong><\/p>\n<p><span style=\"font-size: 10pt;\"><strong>Multivitamin Platinum , Muscletech , 90 Caps<\/strong>\u00a0te proporciona un paquete de vitaminas y minerales de alta potencia en cada dosis. Platinum Multivitamin\u2122 ha sido dise\u00f1ado para entregar 20 vitaminas y minerales, incluyendo las vitaminas antioxidantes C y E para apoyar la salud general del atleta. <\/span><\/p>\n<p><span style=\"font-size: 10pt;\"><strong>La ventaja de un multivitam\u00ednico platinum.<\/strong> <\/span><\/p>\n<p><span style=\"font-size: 10pt;\">Multivitamin Platinum , Muscletech , 90 Caps\u00a0te proporciona las tabletas necesarias para 30 d\u00edas completos. Esta f\u00f3rmula <a href=\"https:\/\/www.cruzverde.com.co\/medicamentos\/vitaminas-y-minerales\/multivitaminicos-y-vitaminas-\/\">multivitam\u00ednica<\/a> avanzada tambi\u00e9n te proporciona 865mg de apoyo de amino\u00e1cidos. <\/span><\/p>\n<p><span style=\"font-size: 10pt;\">Se trata del multivitam\u00ednico ideal para combinar con el cualquier otro producto de de la l\u00ednea Essential Series\u2122 de Muscletech.<\/span><\/p>\n<p><strong><span style=\"font-size: 10pt;\">Qu\u00e9 contiene la f\u00f3rmula de Platinum Multivitamin\u2122.<\/span><\/strong><\/p>\n<p><span style=\"font-size: 10pt;\">Multivitamin Platinum , Muscletech , 90 Caps Contiene un paquete completo de<a href=\"https:\/\/saludyvidastore.com\/en\/product\/b-complex-maxi\/\"> vitaminas<\/a> y minerales compuesto por Vitamina A (como acetato de retinol y betacaroteno), Vitamina C (como \u00e1cido asc\u00f3rbico y ascorbato de calcio), Vitamina D (como colecalciferol), Vitamina E (como acetato de DL-alfa-tocoferol, acetato de D-alfatocoferol), Tiamina (mononitrato de tiamina), Riboflavina, Niacina (como niacinamida y \u00e1cido nicot\u00ednico), Vitamina B6 (como piridoxina HCl y piridoxal-5-fosfato), \u00c1cido F\u00f3lico, Vitamina B12 (cianocobalamina), Biotina, \u00c1cido pantot\u00e9nico (como D-pantotenato de calcio), Calcio (como carbonato de calcio y citrato de calcio), Magnesio (en \u00f3xido de magnesio), Cinc (como \u00f3xido de cinc, quelato de amino\u00e1cidos de cinc), Cobre (amino\u00e1cido quelato de cobre), Manganeso (como sulfato de manganeso monohidrato), Molibdeno (como amino\u00e1cido quelato de molibdeno) y Potasio (cloruro de potasio).<\/span><\/p>\n<p><span style=\"font-size: 10pt;\">Contiene una matriz de apoyo con importantes amino\u00e1cidos como la Glicina, ALA (\u00e1cido alfa lipoico), L-metionina, L-citrulina malato, L-arginina HCl y L-ciste\u00edna.<\/span><\/p>\n<p><span style=\"font-size: 10pt;\">Una matriz con extractos herbales como el Extracto de hoja de t\u00e9 verde (como Camellia sinensis) estandarizado para 15% de epigalocatequina galato, Extracto del fruto de palma enana americana (como Serenoa repens) estandarizado para 25% de \u00e1cidos grasos, Extracto de ra\u00edz de ginseng americano (como Panax quinquefolius) estandarizado para 25% de \u00e1cidos grasos, Ra\u00edz de Echinacea augustifolia, Hojas de ginkgo (Ginkgo biloba), Extracto de piel de uva (como Vitis vinifera) estandarizado para 27% polifenoles y 4,5% antocianinas, Extracto de granos de caf\u00e9 verde (como Coffea arabica) estandarizado para 45% de \u00e1cidos clorog\u00e9nicos, Rizoma de Curcuma longa y Octacosanol.<\/span><\/p>\n<p><span style=\"font-size: 10pt;\">Un complejo enzim\u00e1tico que contiene Amilasa y Papa\u00edna para una mejor digesti\u00f3n y absorci\u00f3n de todos los compuestos. <\/span><\/p>\n<p><span style=\"font-size: 10pt;\">Un complejo de refuerzo de amino\u00e1cidos y minerales compuesto por Inositol, Boro (como citrato de boro) y Colina (como bitartrato de colina, dihidr\u00f3geno citrato de colina).<\/span><\/p>\n<p>&nbsp;<\/p>\n<p><span style=\"font-size: 12pt;\"><span style=\"text-align: justify;\">Disfruta de este excelente multivitam\u00ednico avanzado en tu tienda online de confianza: &#8220;ARMONIA NATURAL&#8221;<\/span><\/span><\/p>\n<p><span style=\"font-size: 12pt;\"><span style=\"text-align: justify;\"><strong style=\"margin: 0px; padding: 0px; color: #333333; font-family: Arial, Helvetica, sans-serif; font-size: 12px; line-height: 16.799999237060547px;\"><img loading=\"lazy\" style=\"margin: 0px auto; padding: 0px; border-style: none;\" title=\"muscletech-platinum-multivitamin-1\" src=\"https:\/\/www.doctorfood.si\/media\/wysiwyg\/muscletech-platinum-multivitamin-1.jpg\" alt=\"muscletech-platinum-multivitamin-1\" width=\"725\" height=\"479\" \/><\/strong><\/span><\/span><\/p>\n<p>&nbsp;<\/p>\n<p>&nbsp;<\/p>\n<p><span style=\"font-size: 12pt;\"><strong>Ingredientes:<\/strong><\/span><\/p>\n<p>Vitamina A (como acetato de retinol y betacaroteno), Vitamina C (como \u00e1cido asc\u00f3rbico y ascorbato de calcio), Vitamina D (como colecalciferol), Vitamina E (como acetato de DL-alfa-tocoferol, acetato de D-alfatocoferol), Tiamina (mononitrato de tiamina), Riboflavina, Niacina (como niacinamida y \u00e1cido nicot\u00ednico), Vitamina B6 (como piridoxina HCl y piridoxal-5-fosfato), \u00c1cido F\u00f3lico, Vitamina B12 (cianocobalamina), Biotina, \u00c1cido pantot\u00e9nico (como D-pantotenato de calcio), Calcio (como carbonato de calcio y citrato de calcio), Magnesio (en \u00f3xido de magnesio), Cinc (como \u00f3xido de cinc, quelato de amino\u00e1cidos de cinc), Cobre (amino\u00e1cido quelato de cobre), Manganeso (como sulfato de manganeso monohidrato), Molibdeno (como amino\u00e1cido quelato de molibdeno), Potasio (cloruro de potasio); Matriz de apoyo de amino\u00e1cidos (Glicina, ALA (\u00e1cido alfa lipoico), L-metionina, L-citrulina malato, L-arginina HCl y L-ciste\u00edna); Matriz herbal (Extracto de hoja de t\u00e9 verde (como Camellia sinensis) estandarizado para 15% de epigalocatequina galato, Extracto del fruto de palma enana americana (como Serenoa repens) estandarizado para 25% de \u00e1cidos grasos, Extracto de ra\u00edz de ginseng americano (como Panax quinquefolius) estandarizado para 25% de \u00e1cidos grasos, Ra\u00edz de Echinacea augustifolia, Hojas de ginkgo (Ginkgo biloba), Extracto de piel de uva (como Vitis vinifera) estandarizado para 27% polifenoles y 4,5% antocianinas, Extracto de granos de caf\u00e9 verde (como Coffea arabica) estandarizado para 45% de \u00e1cidos clorog\u00e9nicos, Rizoma de Curcuma longa y Octacosanol); Complejo enzim\u00e1tico (Amilasa y Papa\u00edna); Complejo de refuerzo de amino\u00e1cidos y mineral (Inositol, Boro (como citrato de boro) y Colina (como bitartrato de colina, dihidr\u00f3geno citrato de colina)).<br \/>\nOtros ingredientes: Celulosa microcristalina, Croscarmelosa s\u00f3dica, Aceite vegetal hidrogenado, Recubrimiento (Talco, Polietilenglicol, Polisorbato 80), Estearato de magnesio, Di\u00f3xido de silicio.<\/p>\n<p><span style=\"font-size: 12pt;\"><strong>Modo de empleo:<\/strong><\/span><br \/>\nC<span style=\"font-size: 10pt;\">omo suplemento diet\u00e9tico para adultos sanos, tomar 1 dosis (3 comprimidos) al d\u00eda con un vaso de agua.<\/span><\/p>\n<p><span style=\"font-size: 10pt;\"><strong>Advertencias:<\/strong><\/span><br \/>\n<span style=\"font-size: 10pt;\">Guardar en un lugar fresco y seco. No use este producto si est\u00e1 embarazada o en per\u00edodo de lactancia. Puede causar enrojecimiento y picor. Las mujeres en edad f\u00e9rtil deben limitar su consumo diario de suplementos con vitamina A (salvo betacaroteno) a 10.000 UI. No tomar en ayunas. No use este producto si ha sufrido un infarto de miocardio (ataque al coraz\u00f3n). Consulte con su m\u00e9dico antes de comenzar una dieta o un programa de ejercicios. Mantener fuera del alance de los ni\u00f1os.<\/span><\/p>\n<p><span style=\"font-size: 12pt;\"><strong>Presentaci\u00f3n:<\/strong><\/span><br \/>\n<span style=\"font-size: 10pt;\">Envase de 90 tabletas.<\/span><\/p>\n<p>&nbsp;<\/p>\n<p>&nbsp;<\/p>\n<p>&nbsp;<\/p>\n<p><span style=\"font-size: 12pt;\"><span style=\"text-align: justify;\">\u00a0<\/span><\/span><\/p>\n","protected":false},"excerpt":{"rendered":"<p>Ventajas de PLATINUM MULTI VITAMIN:<br \/>\nEsta f\u00f3rmula multivitam\u00ednica avanzada, proporciona 865mg de aminoacidos, y es perfecta para combinar con otros productos de la serie Essential\u2122 de MuscleTech\u00ae.<\/p>\n<p>Uso recomendado: Como complemento alimenticio, tomar 1 servicio (3 c\u00e1psulas) con un vaso de agua al d\u00eda.<\/p>\n","protected":false},"featured_media":8638,"comment_status":"open","ping_status":"closed","template":"","meta":[],"product_cat":[29,34],"product_tag":[],"acf":[],"yoast_head":"<!-- This site is optimized with the Yoast SEO plugin v18.5.1 - https:\/\/yoast.com\/wordpress\/plugins\/seo\/ -->\n<title>Multivitamin Platinum , Muscletech , 90 Caps - Salud y Vida Store<\/title>\n<meta name=\"description\" content=\"Multivitamin Platinum , Muscletech , 90 Caps proporciona un paquete de vitaminas y minerales de alta potencia en cada dosis.\" \/>\n<meta name=\"robots\" content=\"index, follow, max-snippet:-1, max-image-preview:large, max-video-preview:-1\" \/>\n<link rel=\"canonical\" href=\"https:\/\/saludyvidastore.com\/en\/product\/multivitamin-platinum-muscletech-90-caps\/\" \/>\n<meta property=\"og:locale\" content=\"en_US\" \/>\n<meta property=\"og:type\" content=\"article\" \/>\n<meta property=\"og:title\" content=\"Multivitamin Platinum , Muscletech , 90 Caps - Salud y Vida Store\" \/>\n<meta property=\"og:description\" content=\"Multivitamin Platinum , Muscletech , 90 Caps proporciona un paquete de vitaminas y minerales de alta potencia en cada dosis.\" \/>\n<meta property=\"og:url\" content=\"https:\/\/saludyvidastore.com\/en\/product\/multivitamin-platinum-muscletech-90-caps\/\" \/>\n<meta property=\"og:site_name\" content=\"Salud y Vida Store\" \/>\n<meta property=\"article:publisher\" content=\"https:\/\/www.facebook.com\/ArmoniaNaturalDietShop\/\" \/>\n<meta property=\"article:modified_time\" content=\"2023-02-14T15:58:36+00:00\" \/>\n<meta property=\"og:image\" content=\"https:\/\/saludyvidastore.com\/wp-content\/uploads\/2018\/01\/platinum-multi-vitamin.jpg\" \/>\n\t<meta property=\"og:image:width\" content=\"600\" \/>\n\t<meta property=\"og:image:height\" content=\"600\" \/>\n\t<meta property=\"og:image:type\" content=\"image\/jpeg\" \/>\n<meta name=\"twitter:card\" content=\"summary_large_image\" \/>\n<meta name=\"twitter:label1\" content=\"Est. reading time\" \/>\n\t<meta name=\"twitter:data1\" content=\"4 minutes\" \/>\n<script type=\"application\/ld+json\" class=\"yoast-schema-graph\">{\"@context\":\"https:\/\/schema.org\",\"@graph\":[{\"@type\":\"WebSite\",\"@id\":\"https:\/\/saludyvidastore.com\/#website\",\"url\":\"https:\/\/saludyvidastore.com\/\",\"name\":\"Salud y Vida Store\",\"description\":\"Otro sitio realizado con WordPress\",\"potentialAction\":[{\"@type\":\"SearchAction\",\"target\":{\"@type\":\"EntryPoint\",\"urlTemplate\":\"https:\/\/saludyvidastore.com\/?s={search_term_string}\"},\"query-input\":\"required name=search_term_string\"}],\"inLanguage\":\"en-US\"},{\"@type\":\"ImageObject\",\"@id\":\"https:\/\/saludyvidastore.com\/en\/product\/multivitamin-platinum-muscletech-90-caps\/#primaryimage\",\"inLanguage\":\"en-US\",\"url\":\"https:\/\/saludyvidastore.com\/wp-content\/uploads\/2018\/01\/muscletech-platinum-multi-vitamin.webp\",\"contentUrl\":\"https:\/\/saludyvidastore.com\/wp-content\/uploads\/2018\/01\/muscletech-platinum-multi-vitamin.webp\",\"width\":849,\"height\":1280,\"caption\":\"Multivitamin Platinum\"},{\"@type\":\"WebPage\",\"@id\":\"https:\/\/saludyvidastore.com\/en\/product\/multivitamin-platinum-muscletech-90-caps\/#webpage\",\"url\":\"https:\/\/saludyvidastore.com\/en\/product\/multivitamin-platinum-muscletech-90-caps\/\",\"name\":\"Multivitamin Platinum , Muscletech , 90 Caps - Salud y Vida Store\",\"isPartOf\":{\"@id\":\"https:\/\/saludyvidastore.com\/#website\"},\"primaryImageOfPage\":{\"@id\":\"https:\/\/saludyvidastore.com\/en\/product\/multivitamin-platinum-muscletech-90-caps\/#primaryimage\"},\"datePublished\":\"2018-01-28T21:43:09+00:00\",\"dateModified\":\"2023-02-14T15:58:36+00:00\",\"description\":\"Multivitamin Platinum , Muscletech , 90 Caps proporciona un paquete de vitaminas y minerales de alta potencia en cada dosis.\",\"breadcrumb\":{\"@id\":\"https:\/\/saludyvidastore.com\/en\/product\/multivitamin-platinum-muscletech-90-caps\/#breadcrumb\"},\"inLanguage\":\"en-US\",\"potentialAction\":[{\"@type\":\"ReadAction\",\"target\":[\"https:\/\/saludyvidastore.com\/en\/product\/multivitamin-platinum-muscletech-90-caps\/\"]}]},{\"@type\":\"BreadcrumbList\",\"@id\":\"https:\/\/saludyvidastore.com\/en\/product\/multivitamin-platinum-muscletech-90-caps\/#breadcrumb\",\"itemListElement\":[{\"@type\":\"ListItem\",\"position\":1,\"name\":\"Portada\",\"item\":\"https:\/\/saludyvidastore.com\/en\/\"},{\"@type\":\"ListItem\",\"position\":2,\"name\":\"Tienda\",\"item\":\"https:\/\/saludyvidastore.com\/tienda\/\"},{\"@type\":\"ListItem\",\"position\":3,\"name\":\"Multivitamin Platinum , Muscletech , 90 Caps\"}]}]}<\/script>\n<!-- \/ Yoast SEO plugin. -->","yoast_head_json":{"title":"Multivitamin Platinum , Muscletech , 90 Caps - Salud y Vida Store","description":"Multivitamin Platinum , Muscletech , 90 Caps proporciona un paquete de vitaminas y minerales de alta potencia en cada dosis.","robots":{"index":"index","follow":"follow","max-snippet":"max-snippet:-1","max-image-preview":"max-image-preview:large","max-video-preview":"max-video-preview:-1"},"canonical":"https:\/\/saludyvidastore.com\/en\/product\/multivitamin-platinum-muscletech-90-caps\/","og_locale":"en_US","og_type":"article","og_title":"Multivitamin Platinum , Muscletech , 90 Caps - Salud y Vida Store","og_description":"Multivitamin Platinum , Muscletech , 90 Caps proporciona un paquete de vitaminas y minerales de alta potencia en cada dosis.","og_url":"https:\/\/saludyvidastore.com\/en\/product\/multivitamin-platinum-muscletech-90-caps\/","og_site_name":"Salud y Vida Store","article_publisher":"https:\/\/www.facebook.com\/ArmoniaNaturalDietShop\/","article_modified_time":"2023-02-14T15:58:36+00:00","og_image":[{"width":600,"height":600,"url":"https:\/\/saludyvidastore.com\/wp-content\/uploads\/2018\/01\/platinum-multi-vitamin.jpg","type":"image\/jpeg"}],"twitter_card":"summary_large_image","twitter_misc":{"Est. reading time":"4 minutes"},"schema":{"@context":"https:\/\/schema.org","@graph":[{"@type":"WebSite","@id":"https:\/\/saludyvidastore.com\/#website","url":"https:\/\/saludyvidastore.com\/","name":"Salud y Vida Store","description":"Otro sitio realizado con WordPress","potentialAction":[{"@type":"SearchAction","target":{"@type":"EntryPoint","urlTemplate":"https:\/\/saludyvidastore.com\/?s={search_term_string}"},"query-input":"required name=search_term_string"}],"inLanguage":"en-US"},{"@type":"ImageObject","@id":"https:\/\/saludyvidastore.com\/en\/product\/multivitamin-platinum-muscletech-90-caps\/#primaryimage","inLanguage":"en-US","url":"https:\/\/saludyvidastore.com\/wp-content\/uploads\/2018\/01\/muscletech-platinum-multi-vitamin.webp","contentUrl":"https:\/\/saludyvidastore.com\/wp-content\/uploads\/2018\/01\/muscletech-platinum-multi-vitamin.webp","width":849,"height":1280,"caption":"Multivitamin Platinum"},{"@type":"WebPage","@id":"https:\/\/saludyvidastore.com\/en\/product\/multivitamin-platinum-muscletech-90-caps\/#webpage","url":"https:\/\/saludyvidastore.com\/en\/product\/multivitamin-platinum-muscletech-90-caps\/","name":"Multivitamin Platinum , Muscletech , 90 Caps - Salud y Vida Store","isPartOf":{"@id":"https:\/\/saludyvidastore.com\/#website"},"primaryImageOfPage":{"@id":"https:\/\/saludyvidastore.com\/en\/product\/multivitamin-platinum-muscletech-90-caps\/#primaryimage"},"datePublished":"2018-01-28T21:43:09+00:00","dateModified":"2023-02-14T15:58:36+00:00","description":"Multivitamin Platinum , Muscletech , 90 Caps proporciona un paquete de vitaminas y minerales de alta potencia en cada dosis.","breadcrumb":{"@id":"https:\/\/saludyvidastore.com\/en\/product\/multivitamin-platinum-muscletech-90-caps\/#breadcrumb"},"inLanguage":"en-US","potentialAction":[{"@type":"ReadAction","target":["https:\/\/saludyvidastore.com\/en\/product\/multivitamin-platinum-muscletech-90-caps\/"]}]},{"@type":"BreadcrumbList","@id":"https:\/\/saludyvidastore.com\/en\/product\/multivitamin-platinum-muscletech-90-caps\/#breadcrumb","itemListElement":[{"@type":"ListItem","position":1,"name":"Portada","item":"https:\/\/saludyvidastore.com\/en\/"},{"@type":"ListItem","position":2,"name":"Tienda","item":"https:\/\/saludyvidastore.com\/tienda\/"},{"@type":"ListItem","position":3,"name":"Multivitamin Platinum , Muscletech , 90 Caps"}]}]}},"_links":{"self":[{"href":"https:\/\/saludyvidastore.com\/en\/wp-json\/wp\/v2\/product\/1757"}],"collection":[{"href":"https:\/\/saludyvidastore.com\/en\/wp-json\/wp\/v2\/product"}],"about":[{"href":"https:\/\/saludyvidastore.com\/en\/wp-json\/wp\/v2\/types\/product"}],"replies":[{"embeddable":true,"href":"https:\/\/saludyvidastore.com\/en\/wp-json\/wp\/v2\/comments?post=1757"}],"wp:featuredmedia":[{"embeddable":true,"href":"https:\/\/saludyvidastore.com\/en\/wp-json\/wp\/v2\/media\/8638"}],"wp:attachment":[{"href":"https:\/\/saludyvidastore.com\/en\/wp-json\/wp\/v2\/media?parent=1757"}],"wp:term":[{"taxonomy":"product_cat","embeddable":true,"href":"https:\/\/saludyvidastore.com\/en\/wp-json\/wp\/v2\/product_cat?post=1757"},{"taxonomy":"product_tag","embeddable":true,"href":"https:\/\/saludyvidastore.com\/en\/wp-json\/wp\/v2\/product_tag?post=1757"}],"curies":[{"name":"wp","href":"https:\/\/api.w.org\/{rel}","templated":true}]}}