{"id":1758,"date":"2018-01-28T21:43:09","date_gmt":"2018-01-28T21:43:09","guid":{"rendered":"http:\/\/saludyvidastore.com\/product\/multivitaminico-iron-20-pack-serie-arnold-muscle-pharm\/"},"modified":"2018-01-28T21:43:09","modified_gmt":"2018-01-28T21:43:09","slug":"multivitaminico-iron-20-pack-serie-arnold-muscle-pharm","status":"publish","type":"product","link":"https:\/\/saludyvidastore.com\/en\/product\/multivitaminico-iron-20-pack-serie-arnold-muscle-pharm\/","title":{"rendered":"Multivitaminico Iron 20 Pack Serie Arnold Muscle Pharm"},"content":{"rendered":"<p style=\"vertical-align: baseline; padding: 0px; margin: 0.5em 0px 0.5em 0px; border: 3px initial initial;\">\n<h2 style=\"font-size: 17px; vertical-align: baseline; background-color: transparent; font-weight: bolder; margin: 0px; padding: 10px 0px 10px 0px; border: 0px initial initial;\"><span style=\"color: #00ff00; font-size: 18pt;\">Muscle Pharm Arnold Series Iron Pack \u2013 Ultimate alpha training pack.<\/span><\/h2>\n<p style=\"vertical-align: baseline; padding: 0px; margin: 0.5em 0px 0.5em 0px; border: 3px initial initial;\">\n<p style=\"vertical-align: baseline; padding: 0px; margin: 0.5em 0px 0.5em 0px; border: 3px initial initial;\">\n<p style=\"vertical-align: baseline; padding: 0px; margin: 0.5em 0px 0.5em 0px; border: 3px initial initial;\"><span style=\"vertical-align: baseline; font-size: medium; padding: 0px; margin: 0px; border: 0px initial initial;\"><strong style=\"vertical-align: baseline; padding: 0px; margin: 0px; border: 0px initial initial;\">El Pack Definitivo del Alfa Training.<\/strong><\/span><\/p>\n<ul style=\"vertical-align: baseline; list-style-type: disc; padding: 0px; margin: 1em 0px 1em 0px; border: 0px initial initial;\">\n<li style=\"vertical-align: baseline; padding: 0px; margin: 0px; border: 0px initial initial;\"><span style=\"vertical-align: baseline; font-size: medium; padding: 0px; margin: 0px; border: 0px initial initial;\">La mejor base para un r\u00e9gimen de entrenamiento<\/span><\/li>\n<li style=\"vertical-align: baseline; padding: 0px; margin: 0px; border: 0px initial initial;\"><span style=\"vertical-align: baseline; font-size: medium; padding: 0px; margin: 0px; border: 0px initial initial;\">Favorece la construcci\u00f3n, la recuperaci\u00f3n y el rendimiento muscular<\/span><\/li>\n<li style=\"vertical-align: baseline; padding: 0px; margin: 0px; border: 0px initial initial;\"><span style=\"vertical-align: baseline; font-size: medium; padding: 0px; margin: 0px; border: 0px initial initial;\">Protege los huesos y las articulaciones<\/span><\/li>\n<\/ul>\n<p style=\"vertical-align: baseline; padding: 0px; margin: 0.5em 0px 0.5em 0px; border: 3px initial initial;\"><span style=\"vertical-align: baseline; font-size: medium; padding: 0px; margin: 0px; border: 0px initial initial;\">M\u00e1s que una f\u00f3rmula, este ser\u00e1 tu compa\u00f1ero de entrenamiento final. Con 6 mezclas de rendimiento para llevar tu entrenamiento al siguiente nivel!<\/span><\/p>\n<p style=\"vertical-align: baseline; padding: 0px; margin: 0.5em 0px 0.5em 0px; border: 3px initial initial;\"><span style=\"vertical-align: baseline; font-size: medium; padding: 0px; margin: 0px; border: 0px initial initial;\">El poder para soportar un intenso entrenamiento f\u00edsico y sesiones cardiovasculares extremas requieren una puesta a punto de tu r\u00e9gimen de nutrici\u00f3n deportiva para llegar a los niveles m\u00e1ximos. Dejar de lado cualquier aspecto de la nutrici\u00f3n te puede detener o incluso hacer retroceder. Por eso, los cient\u00edficos de\u00a0<strong style=\"vertical-align: baseline; padding: 0px; margin: 0px; border: 0px initial initial;\"><em style=\"vertical-align: baseline; padding: 0px; margin: 0px; border: 0px initial initial;\">MusclePharm\u00a0<\/em><\/strong>han creado el revolucionario Sistema\u00a0<strong style=\"vertical-align: baseline; padding: 0px; margin: 0px; border: 0px initial initial;\">Iron Pack<\/strong>.<\/span><\/p>\n<p style=\"vertical-align: baseline; padding: 0px; margin: 0.5em 0px 0.5em 0px; border: 3px initial initial;\"><span style=\"vertical-align: baseline; font-size: medium; padding: 0px; margin: 0px; border: 0px initial initial;\">El poder sin precedentes de m\u00e1s de 70 ingredientes estimuladores deportivos premium combinados para amplificar la intensidad f\u00edsica y mental, proporcionan un aumento en el rendimiento extraordinario. Esta poderosa combinaci\u00f3n de un multivitam\u00ednico diario, nutrientes deportivos e ingredientes cl\u00ednicamente estudiados entrega a los atletas de vanguardia lo que buscan en rendimiento, recuperaci\u00f3n y reconstrucci\u00f3n muscular.<\/span><\/p>\n<h2 style=\"vertical-align: baseline; font-weight: bold; font-size: 1.5em; text-align: center; padding: 0px; margin: 0.83em 0px 0.83em 0px; border: 0px initial initial;\"><\/h2>\n<h2 style=\"vertical-align: baseline; font-weight: bold; font-size: 1.5em; text-align: center; padding: 0px; margin: 0.83em 0px 0.83em 0px; border: 0px initial initial;\"><span style=\"vertical-align: baseline; color: #0000ff; font-size: 18pt; padding: 0px; margin: 0px; border: 0px initial initial;\"><strong style=\"vertical-align: baseline; padding: 0px; margin: 0px; border: 0px initial initial;\">IRON Pack\u00a0<\/strong>y sus 6 mezclas de rendimiento<\/span><\/h2>\n<h2 style=\"vertical-align: baseline; font-weight: bold; font-size: 1.5em; text-align: center; padding: 0px; margin: 0.83em 0px 0.83em 0px; border: 0px initial initial;\"><\/h2>\n<ul style=\"vertical-align: baseline; list-style-type: disc; padding: 0px; margin: 1em 0px 1em 0px; border: 0px initial initial;\">\n<li style=\"vertical-align: baseline; padding: 0px; margin: 0px; border: 0px initial initial;\"><span style=\"vertical-align: baseline; font-size: medium; padding: 0px; margin: 0px; border: 0px initial initial;\"><span style=\"color: #00ff00;\">COMPLEJO NUTRITIVO<\/span>: M\u00e1s del 22 nutrientes como la vitamina A, C , E y complejo B completo. Tambi\u00e9n contiene una mezcla de m\u00e1s de 25 hortalizas y frutas concentradas. Los vegetales y probi\u00f3ticos ayudan a su sistema inmunol\u00f3gico y la estabilizaci\u00f3n de las bacterias del est\u00f3mago mientras promueve la digesti\u00f3n saludable y la absorci\u00f3n de nutrientes.<\/span><\/li>\n<\/ul>\n<ul style=\"vertical-align: baseline; list-style-type: disc; padding: 0px; margin: 1em 0px 1em 0px; border: 0px initial initial;\">\n<li style=\"vertical-align: baseline; padding: 0px; margin: 0px; border: 0px initial initial;\"><span style=\"vertical-align: baseline; font-size: medium; padding: 0px; margin: 0px; border: 0px initial initial;\"><span style=\"color: #00ff00;\">MEZCLA DE RENDIMIENTO<\/span>: Contiene ingredientes de rendimiento de gran alcance, como nitratos de BCAA, DAA y Beta Alanina. Esta formulaci\u00f3n est\u00e1 dise\u00f1ada para proporcionar soporte para el cumplimiento de sus objetivos de rendimiento.<\/span><\/li>\n<\/ul>\n<ul style=\"vertical-align: baseline; list-style-type: disc; padding: 0px; margin: 1em 0px 1em 0px; border: 0px initial initial;\">\n<li style=\"vertical-align: baseline; padding: 0px; margin: 0px; border: 0px initial initial;\"><span style=\"vertical-align: baseline; font-size: medium; padding: 0px; margin: 0px; border: 0px initial initial;\"><span style=\"color: #00ff00;\">ACEITE DE PESCADO<\/span>: Este aceite de pescado ultra- purificado, elevado en EFE\/DHA , promueve el bienestar general y favorece la salud del coraz\u00f3n, el cerebro, la visi\u00f3n y las articulaciones. Como un \u00e1cido graso esencial, facilita una disminuci\u00f3n global en el consumo de grasa y colesterol.<\/span><\/li>\n<\/ul>\n<ul style=\"vertical-align: baseline; list-style-type: disc; padding: 0px; margin: 1em 0px 1em 0px; border: 0px initial initial;\">\n<li style=\"vertical-align: baseline; padding: 0px; margin: 0px; border: 0px initial initial;\"><span style=\"vertical-align: baseline; font-size: medium; padding: 0px; margin: 0px; border: 0px initial initial;\"><span style=\"color: #00ff00;\">ARMADURA DE ARTICULACIONES<\/span>: Ayuda a mantener la salud \u00f3ptima de las articulaciones , mejora la recuperaci\u00f3n y promueve una respuesta inflamatoria saludable. Tambi\u00e9n contribuye a la salud de los tejidos conectivos en todo el cuerpo.<\/span><\/li>\n<\/ul>\n<ul style=\"vertical-align: baseline; list-style-type: disc; padding: 0px; margin: 1em 0px 1em 0px; border: 0px initial initial;\">\n<li style=\"vertical-align: baseline; padding: 0px; margin: 0px; border: 0px initial initial;\"><span style=\"vertical-align: baseline; font-size: medium; padding: 0px; margin: 0px; border: 0px initial initial;\"><span style=\"color: #00ff00;\">COMPLEJO DE H\u00cdGADO<\/span>: Uno de los suplementos m\u00e1s nutritivos disponibles, es alto en amino\u00e1cidos y rico en vitaminas y minerales esenciales. Los comprimidos de h\u00edgado de res disecado favorecen el metabolismo de la grasa, el aumento de la energ\u00eda y la resistencia, la reparaci\u00f3n de tejido da\u00f1ado, la reducci\u00f3n en los antojos de az\u00facar y la protecci\u00f3n del h\u00edgado entre otros muchos beneficios.<\/span><\/li>\n<\/ul>\n<ul style=\"vertical-align: baseline; list-style-type: disc; padding: 0px; margin: 1em 0px 1em 0px; border: 0px initial initial;\">\n<li style=\"vertical-align: baseline; padding: 0px; margin: 0px; border: 0px initial initial;\"><span style=\"vertical-align: baseline; font-size: medium; padding: 0px; margin: 0px; border: 0px initial initial;\"><span style=\"color: #00ff00;\">REFUERZO COGNITIVO<\/span>: Su mezcla sin\u00e9rgica de ingredientes de alta calidad, como CDP-colina, Vinpocetina, Panax ginseng y Ginkgo Biloba refuerza y mantiene las funciones cerebrales saludables y promueve la claridad mental.<\/span><\/li>\n<\/ul>\n<p>&nbsp;<\/p>\n<p style=\"vertical-align: baseline; padding: 0px; margin: 0.5em 0px 0.5em 0px; border: 3px initial initial;\">\n<p style=\"vertical-align: baseline; padding: 0px; margin: 0.5em 0px 0.5em 0px; border: 3px initial initial;\"><span style=\"vertical-align: baseline; font-size: medium; padding: 0px; margin: 0px; border: 0px initial initial;\"><span style=\"vertical-align: baseline; color: #ff0000; padding: 0px; margin: 0px; border: 0px initial initial;\"><strong style=\"vertical-align: baseline; padding: 0px; margin: 0px; border: 0px initial initial;\">*Uso recomendado<\/strong>: Como complemento alimenticio, tomar 1 servicio (1 paquete) al d\u00eda, con una comida. Consumirlo con el des<\/span><\/span><\/p>\n","protected":false},"excerpt":{"rendered":"<p>El Pack Definitivo del Alfa Training.<br \/>\nLa mejor base para un r\u00e9gimen de entrenamiento<br \/>\nFavorece la construcci\u00f3n, la recuperaci\u00f3n y el rendimiento muscular<br \/>\nProtege los huesos y las articulaciones<br \/>\nM\u00e1s que una f\u00f3rmula, este ser\u00e1 tu compa\u00f1ero de entrenamiento final. Con 6 mezclas de rendimiento para llevar tu entrenamiento al siguiente nivel!<br \/>\nEl poder para soportar un intenso entrenamiento f\u00edsico y sesiones cardiovasculares extremas requieren una puesta a punto de tu r\u00e9gimen de nutrici\u00f3n deportiva para llegar a los niveles m\u00e1ximos. Dejar de lado cualquier aspecto de la nutrici\u00f3n te puede detener o incluso hacer retroceder. Por eso, los cient\u00edficos de MusclePharm han creado el revolucionario Sistema Iron Pack.<br \/>\nEl poder sin precedentes de m\u00e1s de 70 ingredientes estimuladores deportivos premium combinados para amplificar la intensidad f\u00edsica y mental, proporcionan un aumento en el rendimiento extraordinario. Esta poderosa combinaci\u00f3n de un multivitam\u00ednico diario, nutrientes deportivos e ingredientes cl\u00ednicamente estudiados entrega a los atletas de vanguardia lo que buscan en rendimiento, recuperaci\u00f3n y reconstrucci\u00f3n muscular.<\/p>\n","protected":false},"featured_media":901,"comment_status":"open","ping_status":"closed","template":"","meta":[],"product_cat":[29,34],"product_tag":[],"acf":[],"yoast_head":"<!-- This site is optimized with the Yoast SEO plugin v18.5.1 - https:\/\/yoast.com\/wordpress\/plugins\/seo\/ -->\n<title>Multivitaminico Iron 20 Pack Serie Arnold Muscle Pharm - Salud y Vida Store<\/title>\n<meta name=\"robots\" content=\"index, follow, max-snippet:-1, max-image-preview:large, max-video-preview:-1\" \/>\n<link rel=\"canonical\" href=\"https:\/\/saludyvidastore.com\/en\/product\/multivitaminico-iron-20-pack-serie-arnold-muscle-pharm\/\" \/>\n<meta property=\"og:locale\" content=\"en_US\" \/>\n<meta property=\"og:type\" content=\"article\" \/>\n<meta property=\"og:title\" content=\"Multivitaminico Iron 20 Pack Serie Arnold Muscle Pharm - Salud y Vida Store\" \/>\n<meta property=\"og:description\" content=\"El Pack Definitivo del Alfa Training. La mejor base para un r\u00e9gimen de entrenamiento Favorece la construcci\u00f3n, la recuperaci\u00f3n y el rendimiento muscular Protege los huesos y las articulaciones M\u00e1s que una f\u00f3rmula, este ser\u00e1 tu compa\u00f1ero de entrenamiento final. Con 6 mezclas de rendimiento para llevar tu entrenamiento al siguiente nivel! El poder para soportar un intenso entrenamiento f\u00edsico y sesiones cardiovasculares extremas requieren una puesta a punto de tu r\u00e9gimen de nutrici\u00f3n deportiva para llegar a los niveles m\u00e1ximos. Dejar de lado cualquier aspecto de la nutrici\u00f3n te puede detener o incluso hacer retroceder. Por eso, los cient\u00edficos de MusclePharm han creado el revolucionario Sistema Iron Pack. El poder sin precedentes de m\u00e1s de 70 ingredientes estimuladores deportivos premium combinados para amplificar la intensidad f\u00edsica y mental, proporcionan un aumento en el rendimiento extraordinario. Esta poderosa combinaci\u00f3n de un multivitam\u00ednico diario, nutrientes deportivos e ingredientes cl\u00ednicamente estudiados entrega a los atletas de vanguardia lo que buscan en rendimiento, recuperaci\u00f3n y reconstrucci\u00f3n muscular.\" \/>\n<meta property=\"og:url\" content=\"https:\/\/saludyvidastore.com\/en\/product\/multivitaminico-iron-20-pack-serie-arnold-muscle-pharm\/\" \/>\n<meta property=\"og:site_name\" content=\"Salud y Vida Store\" \/>\n<meta property=\"article:publisher\" content=\"https:\/\/www.facebook.com\/ArmoniaNaturalDietShop\/\" \/>\n<meta property=\"og:image\" content=\"https:\/\/saludyvidastore.com\/wp-content\/uploads\/2018\/02\/multivitaminico-iron-20-pack-serie-arnold-muscle-pharm_423.jpg\" \/>\n\t<meta property=\"og:image:width\" content=\"300\" \/>\n\t<meta property=\"og:image:height\" content=\"300\" \/>\n\t<meta property=\"og:image:type\" content=\"image\/jpeg\" \/>\n<meta name=\"twitter:card\" content=\"summary_large_image\" \/>\n<meta name=\"twitter:label1\" content=\"Est. reading time\" \/>\n\t<meta name=\"twitter:data1\" content=\"3 minutes\" \/>\n<script type=\"application\/ld+json\" class=\"yoast-schema-graph\">{\"@context\":\"https:\/\/schema.org\",\"@graph\":[{\"@type\":\"WebSite\",\"@id\":\"https:\/\/saludyvidastore.com\/#website\",\"url\":\"https:\/\/saludyvidastore.com\/\",\"name\":\"Salud y Vida Store\",\"description\":\"Otro sitio realizado con WordPress\",\"potentialAction\":[{\"@type\":\"SearchAction\",\"target\":{\"@type\":\"EntryPoint\",\"urlTemplate\":\"https:\/\/saludyvidastore.com\/?s={search_term_string}\"},\"query-input\":\"required name=search_term_string\"}],\"inLanguage\":\"en-US\"},{\"@type\":\"ImageObject\",\"@id\":\"https:\/\/saludyvidastore.com\/en\/product\/multivitaminico-iron-20-pack-serie-arnold-muscle-pharm\/#primaryimage\",\"inLanguage\":\"en-US\",\"url\":\"https:\/\/saludyvidastore.com\/wp-content\/uploads\/2018\/02\/multivitaminico-iron-20-pack-serie-arnold-muscle-pharm_423.jpg\",\"contentUrl\":\"https:\/\/saludyvidastore.com\/wp-content\/uploads\/2018\/02\/multivitaminico-iron-20-pack-serie-arnold-muscle-pharm_423.jpg\",\"width\":300,\"height\":300},{\"@type\":\"WebPage\",\"@id\":\"https:\/\/saludyvidastore.com\/en\/product\/multivitaminico-iron-20-pack-serie-arnold-muscle-pharm\/#webpage\",\"url\":\"https:\/\/saludyvidastore.com\/en\/product\/multivitaminico-iron-20-pack-serie-arnold-muscle-pharm\/\",\"name\":\"Multivitaminico Iron 20 Pack Serie Arnold Muscle Pharm - Salud y Vida Store\",\"isPartOf\":{\"@id\":\"https:\/\/saludyvidastore.com\/#website\"},\"primaryImageOfPage\":{\"@id\":\"https:\/\/saludyvidastore.com\/en\/product\/multivitaminico-iron-20-pack-serie-arnold-muscle-pharm\/#primaryimage\"},\"datePublished\":\"2018-01-28T21:43:09+00:00\",\"dateModified\":\"2018-01-28T21:43:09+00:00\",\"breadcrumb\":{\"@id\":\"https:\/\/saludyvidastore.com\/en\/product\/multivitaminico-iron-20-pack-serie-arnold-muscle-pharm\/#breadcrumb\"},\"inLanguage\":\"en-US\",\"potentialAction\":[{\"@type\":\"ReadAction\",\"target\":[\"https:\/\/saludyvidastore.com\/en\/product\/multivitaminico-iron-20-pack-serie-arnold-muscle-pharm\/\"]}]},{\"@type\":\"BreadcrumbList\",\"@id\":\"https:\/\/saludyvidastore.com\/en\/product\/multivitaminico-iron-20-pack-serie-arnold-muscle-pharm\/#breadcrumb\",\"itemListElement\":[{\"@type\":\"ListItem\",\"position\":1,\"name\":\"Portada\",\"item\":\"https:\/\/saludyvidastore.com\/en\/\"},{\"@type\":\"ListItem\",\"position\":2,\"name\":\"Tienda\",\"item\":\"https:\/\/saludyvidastore.com\/tienda\/\"},{\"@type\":\"ListItem\",\"position\":3,\"name\":\"Multivitaminico Iron 20 Pack Serie Arnold Muscle Pharm\"}]}]}<\/script>\n<!-- \/ Yoast SEO plugin. -->","yoast_head_json":{"title":"Multivitaminico Iron 20 Pack Serie Arnold Muscle Pharm - Salud y Vida Store","robots":{"index":"index","follow":"follow","max-snippet":"max-snippet:-1","max-image-preview":"max-image-preview:large","max-video-preview":"max-video-preview:-1"},"canonical":"https:\/\/saludyvidastore.com\/en\/product\/multivitaminico-iron-20-pack-serie-arnold-muscle-pharm\/","og_locale":"en_US","og_type":"article","og_title":"Multivitaminico Iron 20 Pack Serie Arnold Muscle Pharm - Salud y Vida Store","og_description":"El Pack Definitivo del Alfa Training. La mejor base para un r\u00e9gimen de entrenamiento Favorece la construcci\u00f3n, la recuperaci\u00f3n y el rendimiento muscular Protege los huesos y las articulaciones M\u00e1s que una f\u00f3rmula, este ser\u00e1 tu compa\u00f1ero de entrenamiento final. Con 6 mezclas de rendimiento para llevar tu entrenamiento al siguiente nivel! El poder para soportar un intenso entrenamiento f\u00edsico y sesiones cardiovasculares extremas requieren una puesta a punto de tu r\u00e9gimen de nutrici\u00f3n deportiva para llegar a los niveles m\u00e1ximos. Dejar de lado cualquier aspecto de la nutrici\u00f3n te puede detener o incluso hacer retroceder. Por eso, los cient\u00edficos de MusclePharm han creado el revolucionario Sistema Iron Pack. El poder sin precedentes de m\u00e1s de 70 ingredientes estimuladores deportivos premium combinados para amplificar la intensidad f\u00edsica y mental, proporcionan un aumento en el rendimiento extraordinario. Esta poderosa combinaci\u00f3n de un multivitam\u00ednico diario, nutrientes deportivos e ingredientes cl\u00ednicamente estudiados entrega a los atletas de vanguardia lo que buscan en rendimiento, recuperaci\u00f3n y reconstrucci\u00f3n muscular.","og_url":"https:\/\/saludyvidastore.com\/en\/product\/multivitaminico-iron-20-pack-serie-arnold-muscle-pharm\/","og_site_name":"Salud y Vida Store","article_publisher":"https:\/\/www.facebook.com\/ArmoniaNaturalDietShop\/","og_image":[{"width":300,"height":300,"url":"https:\/\/saludyvidastore.com\/wp-content\/uploads\/2018\/02\/multivitaminico-iron-20-pack-serie-arnold-muscle-pharm_423.jpg","type":"image\/jpeg"}],"twitter_card":"summary_large_image","twitter_misc":{"Est. reading time":"3 minutes"},"schema":{"@context":"https:\/\/schema.org","@graph":[{"@type":"WebSite","@id":"https:\/\/saludyvidastore.com\/#website","url":"https:\/\/saludyvidastore.com\/","name":"Salud y Vida Store","description":"Otro sitio realizado con WordPress","potentialAction":[{"@type":"SearchAction","target":{"@type":"EntryPoint","urlTemplate":"https:\/\/saludyvidastore.com\/?s={search_term_string}"},"query-input":"required name=search_term_string"}],"inLanguage":"en-US"},{"@type":"ImageObject","@id":"https:\/\/saludyvidastore.com\/en\/product\/multivitaminico-iron-20-pack-serie-arnold-muscle-pharm\/#primaryimage","inLanguage":"en-US","url":"https:\/\/saludyvidastore.com\/wp-content\/uploads\/2018\/02\/multivitaminico-iron-20-pack-serie-arnold-muscle-pharm_423.jpg","contentUrl":"https:\/\/saludyvidastore.com\/wp-content\/uploads\/2018\/02\/multivitaminico-iron-20-pack-serie-arnold-muscle-pharm_423.jpg","width":300,"height":300},{"@type":"WebPage","@id":"https:\/\/saludyvidastore.com\/en\/product\/multivitaminico-iron-20-pack-serie-arnold-muscle-pharm\/#webpage","url":"https:\/\/saludyvidastore.com\/en\/product\/multivitaminico-iron-20-pack-serie-arnold-muscle-pharm\/","name":"Multivitaminico Iron 20 Pack Serie Arnold Muscle Pharm - Salud y Vida Store","isPartOf":{"@id":"https:\/\/saludyvidastore.com\/#website"},"primaryImageOfPage":{"@id":"https:\/\/saludyvidastore.com\/en\/product\/multivitaminico-iron-20-pack-serie-arnold-muscle-pharm\/#primaryimage"},"datePublished":"2018-01-28T21:43:09+00:00","dateModified":"2018-01-28T21:43:09+00:00","breadcrumb":{"@id":"https:\/\/saludyvidastore.com\/en\/product\/multivitaminico-iron-20-pack-serie-arnold-muscle-pharm\/#breadcrumb"},"inLanguage":"en-US","potentialAction":[{"@type":"ReadAction","target":["https:\/\/saludyvidastore.com\/en\/product\/multivitaminico-iron-20-pack-serie-arnold-muscle-pharm\/"]}]},{"@type":"BreadcrumbList","@id":"https:\/\/saludyvidastore.com\/en\/product\/multivitaminico-iron-20-pack-serie-arnold-muscle-pharm\/#breadcrumb","itemListElement":[{"@type":"ListItem","position":1,"name":"Portada","item":"https:\/\/saludyvidastore.com\/en\/"},{"@type":"ListItem","position":2,"name":"Tienda","item":"https:\/\/saludyvidastore.com\/tienda\/"},{"@type":"ListItem","position":3,"name":"Multivitaminico Iron 20 Pack Serie Arnold Muscle Pharm"}]}]}},"_links":{"self":[{"href":"https:\/\/saludyvidastore.com\/en\/wp-json\/wp\/v2\/product\/1758"}],"collection":[{"href":"https:\/\/saludyvidastore.com\/en\/wp-json\/wp\/v2\/product"}],"about":[{"href":"https:\/\/saludyvidastore.com\/en\/wp-json\/wp\/v2\/types\/product"}],"replies":[{"embeddable":true,"href":"https:\/\/saludyvidastore.com\/en\/wp-json\/wp\/v2\/comments?post=1758"}],"wp:featuredmedia":[{"embeddable":true,"href":"https:\/\/saludyvidastore.com\/en\/wp-json\/wp\/v2\/media\/901"}],"wp:attachment":[{"href":"https:\/\/saludyvidastore.com\/en\/wp-json\/wp\/v2\/media?parent=1758"}],"wp:term":[{"taxonomy":"product_cat","embeddable":true,"href":"https:\/\/saludyvidastore.com\/en\/wp-json\/wp\/v2\/product_cat?post=1758"},{"taxonomy":"product_tag","embeddable":true,"href":"https:\/\/saludyvidastore.com\/en\/wp-json\/wp\/v2\/product_tag?post=1758"}],"curies":[{"name":"wp","href":"https:\/\/api.w.org\/{rel}","templated":true}]}}