{"id":1765,"date":"2018-01-28T21:43:06","date_gmt":"2018-01-28T21:43:06","guid":{"rendered":"http:\/\/saludyvidastore.com\/product\/melatonina-10mg-best-natural-x-60-tabletas\/"},"modified":"2023-08-17T20:51:53","modified_gmt":"2023-08-17T20:51:53","slug":"melatonina-10mg-puritans-pride-120-capsulas","status":"publish","type":"product","link":"https:\/\/saludyvidastore.com\/en\/product\/melatonina-10mg-puritans-pride-120-capsulas\/","title":{"rendered":"Melatonina 10Mg X 60 Capsulas"},"content":{"rendered":"<h1 style=\"text-align: center;\"><span style=\"color: #0000ff;\">MELATONINA 10MG PURITAN&#8217;S PRIDE<\/span><\/h1>\n<p>&nbsp;<\/p>\n<p><strong>Melatonina 10 Mg<\/strong><\/p>\n<p style=\"text-align: justify;\"><strong>\u00bfLa p\u00edldora de la felicidad?<\/strong><\/p>\n<p style=\"text-align: justify;\"><strong>\u00bfQue es exactamente la melatonina?<\/strong><\/p>\n<p style=\"text-align: justify;\">La <a href=\"https:\/\/cuidateplus.marca.com\/enfermedades\/neurologicas\/trastornos-ritmo-circadiano\/2015\/09\/18\/que-melatonina-88937.html\">melatonina<\/a>\u00a0 10Mg Puritan&#8217;s Pride es la p\u00edldora de dormir m\u00e1s natural. Es una sustancia que nosotros segregamos de forma natural, es segregada por la gl\u00e1ndula pineal, una estructura ubicada en la parte central de nuestro cerebro.<br \/>\nPor la noche la melatonina se produce para ayudar a nuestros cuerpos a regular nuestros <a href=\"https:\/\/saludyvidastore.com\/en\/product\/melatonina-3mg-100-caps-medical-green\/\">ciclos del sue\u00f1o<\/a>. La cantidad de melatonina producida por nuestro cuerpo aminora a medida que nos hacemos mayores. Los cient\u00edficos creen que \u00e9ste puede ser una de las claves por los cuales la gente joven tiene menos problemas para dormir que la gente mayor.<br \/>\n\u00bfPor qu\u00e9 tomar Melatonina?<\/p>\n<p style=\"text-align: justify;\">Algunos estudios sobre la melatonina sugieren que unas peque\u00f1as dosis de est\u00e1 sustancia aceleran el proceso del sue\u00f1o y de la facilidad al mismo, sin los peligros ni los efectos secundarios de las p\u00edldoras contra el insomnio por prescripci\u00f3n.<\/p>\n<p style=\"text-align: justify;\"><strong>La melatonina puede tener muchas otras aplicaciones las m\u00e1s conocidas son:<\/strong><\/p>\n<p style=\"text-align: justify;\">Sensaci\u00f3n de bien estar.<br \/>\nConsolidar el sistema inmunol\u00f3gico.<br \/>\nReducci\u00f3n de los radicales libres en el cuerpo.<\/p>\n<p style=\"text-align: justify;\">Las investigaciones actuales en curso quieren determinar el efecto de la melatoninacomo un antioxidante, inmuno-modulador en c\u00e1ncer, como reguladora de losdes\u00f3rdenes del sue\u00f1o. Las pruebas est\u00e1n todav\u00eda sin finalizar pero los resultados parecen ser prometedores sobre las ventajas de est\u00e1 sustancia y sobre sus efectos en el cuerpo humano.<\/p>\n<table style=\"border: none; color: #2e2e2e; font-family: Arial, Helvetica, Verdana, sans-serif; font-size: 11px; width: 600px;\">\n<tbody style=\"border: none;\">\n<tr style=\"border: none;\">\n<td style=\"font-family: arial, sans-serif; margin: 0px; border: none;\" colspan=\"2\">\n<h2 style=\"font-size: 15px; border: none; list-style-type: none; padding: 0px; color: #1a1a1a;\">Informaci\u00f3n del suplemento<\/h2>\n<\/td>\n<\/tr>\n<tr style=\"border: none;\">\n<td style=\"font-family: arial, sans-serif; margin: 0px; border: none;\" colspan=\"2\">Toma: 1 c\u00e1psula<\/td>\n<\/tr>\n<tr style=\"border: none;\">\n<td style=\"font-family: arial, sans-serif; margin: 0px; border: none; background-color: #1a1a1a; min-height: 3px;\" colspan=\"2\"><\/td>\n<\/tr>\n<tr style=\"border: none; font-weight: bold;\">\n<td style=\"font-family: arial, sans-serif; margin: 0px; border: none;\">Cantidad por toma<\/td>\n<td style=\"font-family: arial, sans-serif; margin: 0px; border: none;\" align=\"right\">% Valor diario<\/td>\n<\/tr>\n<tr style=\"border: none;\">\n<td style=\"font-family: arial, sans-serif; margin: 0px; border: none; background-color: #1a1a1a; min-height: 1px;\" colspan=\"2\"><\/td>\n<\/tr>\n<tr style=\"border: none;\">\n<td style=\"font-family: arial, sans-serif; margin: 0px; border: none;\">Melatonina<\/td>\n<td style=\"font-family: arial, sans-serif; margin: 0px; border: none;\" align=\"right\">10 mg **<\/td>\n<\/tr>\n<tr style=\"border: none;\">\n<td style=\"font-family: arial, sans-serif; margin: 0px; border: none; background-color: #1a1a1a; min-height: 1px;\" colspan=\"2\"><\/td>\n<\/tr>\n<tr style=\"border: none;\">\n<td style=\"font-family: arial, sans-serif; margin: 0px; border: none;\">**Valor diario no establecido.<\/td>\n<\/tr>\n<\/tbody>\n<\/table>\n<p><strong>Otros ingredientes<\/strong>: fosfato dic\u00e1lcico, celulosa vegetal. Contiene &lt;2% de s\u00edlice, estearato de magnesio vegetal. No contiene colorantes, saborizantes ni edulcorantes artificiales. Tampoco contiene conservantes, az\u00facar, almid\u00f3n, leche, lactosa, soja, gluten, trigo, levadura, pescado ni sodio.<strong>Indicaciones:<\/strong>\u00a0Adultos, tomar una (1) tableta exclusivamente a la hora de acostarse, ya que la melatonina puede causar somnolencia. Le recordamos que consulte con su proveedor de servicios m\u00e9dicos sobre los suplementos y medicamentos que toma.<\/p>\n<p><strong>ADVERTENCIA:<\/strong>\u00a0No se recomienda su uso durante el embarazo o la lactancia. Si est\u00e1 tomando alg\u00fan medicamento, consulte a su m\u00e9dico antes de usar este producto. Suspenda su uso y consulte a su m\u00e9dico si se produce alguna reacci\u00f3n adversa. No conduzca, opere m\u00e1quinas ni consuma alcohol cuando tome este producto. Limite el uso a dos meses con una interrupci\u00f3n de una semana. No se recomienda para menores de 18 a\u00f1os.<\/p>\n","protected":false},"excerpt":{"rendered":"<p>La melatonina es la p\u00edldora de dormir m\u00e1s natural. Es una sustancia que nosotros segregamos de forma natural, es segregada por la gl\u00e1ndula pineal, una estructura ubicada en la parte central de nuestro cerebro.<\/p>\n","protected":false},"featured_media":4127,"comment_status":"open","ping_status":"closed","template":"","meta":[],"product_cat":[47,34],"product_tag":[],"acf":[],"yoast_head":"<!-- This site is optimized with the Yoast SEO plugin v18.5.1 - https:\/\/yoast.com\/wordpress\/plugins\/seo\/ -->\n<title>Melatonina 10Mg X 60 Capsulas - Salud y Vida Store<\/title>\n<meta name=\"description\" content=\"La melatonina es la p\u00edldora de dormir m\u00e1s natural. Es una sustancia que nosotros segregamos de forma natural, es segregada por la gl\u00e1ndula pineal.\" \/>\n<meta name=\"robots\" content=\"index, follow, max-snippet:-1, max-image-preview:large, max-video-preview:-1\" \/>\n<link rel=\"canonical\" href=\"https:\/\/saludyvidastore.com\/en\/product\/melatonina-10mg-puritans-pride-120-capsulas\/\" \/>\n<meta property=\"og:locale\" content=\"en_US\" \/>\n<meta property=\"og:type\" content=\"article\" \/>\n<meta property=\"og:title\" content=\"Melatonina 10Mg X 60 Capsulas - Salud y Vida Store\" \/>\n<meta property=\"og:description\" content=\"La melatonina es la p\u00edldora de dormir m\u00e1s natural. Es una sustancia que nosotros segregamos de forma natural, es segregada por la gl\u00e1ndula pineal.\" \/>\n<meta property=\"og:url\" content=\"https:\/\/saludyvidastore.com\/en\/product\/melatonina-10mg-puritans-pride-120-capsulas\/\" \/>\n<meta property=\"og:site_name\" content=\"Salud y Vida Store\" \/>\n<meta property=\"article:publisher\" content=\"https:\/\/www.facebook.com\/ArmoniaNaturalDietShop\/\" \/>\n<meta property=\"article:modified_time\" content=\"2023-08-17T20:51:53+00:00\" \/>\n<meta property=\"og:image\" content=\"https:\/\/saludyvidastore.com\/wp-content\/uploads\/2018\/01\/melatonina.10mg.1.jpeg\" \/>\n\t<meta property=\"og:image:width\" content=\"388\" \/>\n\t<meta property=\"og:image:height\" content=\"321\" \/>\n\t<meta property=\"og:image:type\" content=\"image\/jpeg\" \/>\n<meta name=\"twitter:card\" content=\"summary_large_image\" \/>\n<meta name=\"twitter:label1\" content=\"Est. reading time\" \/>\n\t<meta name=\"twitter:data1\" content=\"2 minutes\" \/>\n<script type=\"application\/ld+json\" class=\"yoast-schema-graph\">{\"@context\":\"https:\/\/schema.org\",\"@graph\":[{\"@type\":\"WebSite\",\"@id\":\"https:\/\/saludyvidastore.com\/#website\",\"url\":\"https:\/\/saludyvidastore.com\/\",\"name\":\"Salud y Vida Store\",\"description\":\"Otro sitio realizado con WordPress\",\"potentialAction\":[{\"@type\":\"SearchAction\",\"target\":{\"@type\":\"EntryPoint\",\"urlTemplate\":\"https:\/\/saludyvidastore.com\/?s={search_term_string}\"},\"query-input\":\"required name=search_term_string\"}],\"inLanguage\":\"en-US\"},{\"@type\":\"ImageObject\",\"@id\":\"https:\/\/saludyvidastore.com\/en\/product\/melatonina-10mg-puritans-pride-120-capsulas\/#primaryimage\",\"inLanguage\":\"en-US\",\"url\":\"https:\/\/saludyvidastore.com\/wp-content\/uploads\/2018\/01\/melatonina.10mg.1.jpeg\",\"contentUrl\":\"https:\/\/saludyvidastore.com\/wp-content\/uploads\/2018\/01\/melatonina.10mg.1.jpeg\",\"width\":388,\"height\":321,\"caption\":\"Melatonin 10 mg\"},{\"@type\":\"WebPage\",\"@id\":\"https:\/\/saludyvidastore.com\/en\/product\/melatonina-10mg-puritans-pride-120-capsulas\/#webpage\",\"url\":\"https:\/\/saludyvidastore.com\/en\/product\/melatonina-10mg-puritans-pride-120-capsulas\/\",\"name\":\"Melatonina 10Mg X 60 Capsulas - Salud y Vida Store\",\"isPartOf\":{\"@id\":\"https:\/\/saludyvidastore.com\/#website\"},\"primaryImageOfPage\":{\"@id\":\"https:\/\/saludyvidastore.com\/en\/product\/melatonina-10mg-puritans-pride-120-capsulas\/#primaryimage\"},\"datePublished\":\"2018-01-28T21:43:06+00:00\",\"dateModified\":\"2023-08-17T20:51:53+00:00\",\"description\":\"La melatonina es la p\u00edldora de dormir m\u00e1s natural. Es una sustancia que nosotros segregamos de forma natural, es segregada por la gl\u00e1ndula pineal.\",\"breadcrumb\":{\"@id\":\"https:\/\/saludyvidastore.com\/en\/product\/melatonina-10mg-puritans-pride-120-capsulas\/#breadcrumb\"},\"inLanguage\":\"en-US\",\"potentialAction\":[{\"@type\":\"ReadAction\",\"target\":[\"https:\/\/saludyvidastore.com\/en\/product\/melatonina-10mg-puritans-pride-120-capsulas\/\"]}]},{\"@type\":\"BreadcrumbList\",\"@id\":\"https:\/\/saludyvidastore.com\/en\/product\/melatonina-10mg-puritans-pride-120-capsulas\/#breadcrumb\",\"itemListElement\":[{\"@type\":\"ListItem\",\"position\":1,\"name\":\"Portada\",\"item\":\"https:\/\/saludyvidastore.com\/en\/\"},{\"@type\":\"ListItem\",\"position\":2,\"name\":\"Tienda\",\"item\":\"https:\/\/saludyvidastore.com\/tienda\/\"},{\"@type\":\"ListItem\",\"position\":3,\"name\":\"Melatonina 10Mg X 60 Capsulas\"}]}]}<\/script>\n<!-- \/ Yoast SEO plugin. -->","yoast_head_json":{"title":"Melatonina 10Mg X 60 Capsulas - Salud y Vida Store","description":"La melatonina es la p\u00edldora de dormir m\u00e1s natural. Es una sustancia que nosotros segregamos de forma natural, es segregada por la gl\u00e1ndula pineal.","robots":{"index":"index","follow":"follow","max-snippet":"max-snippet:-1","max-image-preview":"max-image-preview:large","max-video-preview":"max-video-preview:-1"},"canonical":"https:\/\/saludyvidastore.com\/en\/product\/melatonina-10mg-puritans-pride-120-capsulas\/","og_locale":"en_US","og_type":"article","og_title":"Melatonina 10Mg X 60 Capsulas - Salud y Vida Store","og_description":"La melatonina es la p\u00edldora de dormir m\u00e1s natural. Es una sustancia que nosotros segregamos de forma natural, es segregada por la gl\u00e1ndula pineal.","og_url":"https:\/\/saludyvidastore.com\/en\/product\/melatonina-10mg-puritans-pride-120-capsulas\/","og_site_name":"Salud y Vida Store","article_publisher":"https:\/\/www.facebook.com\/ArmoniaNaturalDietShop\/","article_modified_time":"2023-08-17T20:51:53+00:00","og_image":[{"width":388,"height":321,"url":"https:\/\/saludyvidastore.com\/wp-content\/uploads\/2018\/01\/melatonina.10mg.1.jpeg","type":"image\/jpeg"}],"twitter_card":"summary_large_image","twitter_misc":{"Est. reading time":"2 minutes"},"schema":{"@context":"https:\/\/schema.org","@graph":[{"@type":"WebSite","@id":"https:\/\/saludyvidastore.com\/#website","url":"https:\/\/saludyvidastore.com\/","name":"Salud y Vida Store","description":"Otro sitio realizado con WordPress","potentialAction":[{"@type":"SearchAction","target":{"@type":"EntryPoint","urlTemplate":"https:\/\/saludyvidastore.com\/?s={search_term_string}"},"query-input":"required name=search_term_string"}],"inLanguage":"en-US"},{"@type":"ImageObject","@id":"https:\/\/saludyvidastore.com\/en\/product\/melatonina-10mg-puritans-pride-120-capsulas\/#primaryimage","inLanguage":"en-US","url":"https:\/\/saludyvidastore.com\/wp-content\/uploads\/2018\/01\/melatonina.10mg.1.jpeg","contentUrl":"https:\/\/saludyvidastore.com\/wp-content\/uploads\/2018\/01\/melatonina.10mg.1.jpeg","width":388,"height":321,"caption":"Melatonin 10 mg"},{"@type":"WebPage","@id":"https:\/\/saludyvidastore.com\/en\/product\/melatonina-10mg-puritans-pride-120-capsulas\/#webpage","url":"https:\/\/saludyvidastore.com\/en\/product\/melatonina-10mg-puritans-pride-120-capsulas\/","name":"Melatonina 10Mg X 60 Capsulas - Salud y Vida Store","isPartOf":{"@id":"https:\/\/saludyvidastore.com\/#website"},"primaryImageOfPage":{"@id":"https:\/\/saludyvidastore.com\/en\/product\/melatonina-10mg-puritans-pride-120-capsulas\/#primaryimage"},"datePublished":"2018-01-28T21:43:06+00:00","dateModified":"2023-08-17T20:51:53+00:00","description":"La melatonina es la p\u00edldora de dormir m\u00e1s natural. Es una sustancia que nosotros segregamos de forma natural, es segregada por la gl\u00e1ndula pineal.","breadcrumb":{"@id":"https:\/\/saludyvidastore.com\/en\/product\/melatonina-10mg-puritans-pride-120-capsulas\/#breadcrumb"},"inLanguage":"en-US","potentialAction":[{"@type":"ReadAction","target":["https:\/\/saludyvidastore.com\/en\/product\/melatonina-10mg-puritans-pride-120-capsulas\/"]}]},{"@type":"BreadcrumbList","@id":"https:\/\/saludyvidastore.com\/en\/product\/melatonina-10mg-puritans-pride-120-capsulas\/#breadcrumb","itemListElement":[{"@type":"ListItem","position":1,"name":"Portada","item":"https:\/\/saludyvidastore.com\/en\/"},{"@type":"ListItem","position":2,"name":"Tienda","item":"https:\/\/saludyvidastore.com\/tienda\/"},{"@type":"ListItem","position":3,"name":"Melatonina 10Mg X 60 Capsulas"}]}]}},"_links":{"self":[{"href":"https:\/\/saludyvidastore.com\/en\/wp-json\/wp\/v2\/product\/1765"}],"collection":[{"href":"https:\/\/saludyvidastore.com\/en\/wp-json\/wp\/v2\/product"}],"about":[{"href":"https:\/\/saludyvidastore.com\/en\/wp-json\/wp\/v2\/types\/product"}],"replies":[{"embeddable":true,"href":"https:\/\/saludyvidastore.com\/en\/wp-json\/wp\/v2\/comments?post=1765"}],"wp:featuredmedia":[{"embeddable":true,"href":"https:\/\/saludyvidastore.com\/en\/wp-json\/wp\/v2\/media\/4127"}],"wp:attachment":[{"href":"https:\/\/saludyvidastore.com\/en\/wp-json\/wp\/v2\/media?parent=1765"}],"wp:term":[{"taxonomy":"product_cat","embeddable":true,"href":"https:\/\/saludyvidastore.com\/en\/wp-json\/wp\/v2\/product_cat?post=1765"},{"taxonomy":"product_tag","embeddable":true,"href":"https:\/\/saludyvidastore.com\/en\/wp-json\/wp\/v2\/product_tag?post=1765"}],"curies":[{"name":"wp","href":"https:\/\/api.w.org\/{rel}","templated":true}]}}