{"id":1779,"date":"2018-01-28T21:43:02","date_gmt":"2018-01-28T21:43:02","guid":{"rendered":"http:\/\/saludyvidastore.com\/product\/lipo6-black-ultra-60-caps\/"},"modified":"2021-11-05T15:44:57","modified_gmt":"2021-11-05T15:44:57","slug":"lipo6-black-ultra-60-caps","status":"publish","type":"product","link":"https:\/\/saludyvidastore.com\/en\/product\/lipo6-black-ultra-60-caps\/","title":{"rendered":"Lipo6 Black Ultra 60 caps"},"content":{"rendered":"<h2 style=\"font-size: 18px; font-weight: normal; line-height: 1.25; text-align: center; padding: 0px; margin: 0px 0px 10px 0px;\"><span style=\"font-size: 24pt;\">Lipo6 Black\u00a0Ultra Concentrate<\/span><\/h2>\n<p style=\"padding: 0px; margin: 0px 0px 10px 0px;\"><span style=\"font-size: 12pt;\"><em style=\"padding: 0px; margin: 0px;\"><strong style=\"font-weight: bold; padding: 0px; margin: 0px;\">Lipo-6 Black Ultra Concentrate<\/strong><\/em>\u00a0es el primer destructor de grasa del mundo que contiene ingredientes para limpiar los receptores lo cual potencia su efecto durante mucho m\u00e1s tiempo. Algo que no ocurre con el resto de <a href=\"https:\/\/bodytech.com.co\/blog\/nutricion\/diez-alimentos-quema-grasa-para-bajar-de-peso-680\/\">quema grasas<\/a>, como sabemos al tomar un termog\u00e9nico durante un tiempo prolongado, nuestros receptores se bloquean y dejan de hacernos efectos. Con Lipo-6 Black Ultra Concentrate tus receptores se limpiar\u00e1n y podr\u00e1s disfrutar de sus efectos por mucho tiempo.<\/span><\/p>\n<ul style=\"list-style-type: none; padding: 0px; margin: 0px;\">\n<li style=\"padding: 0px; margin: 0px;\"><span style=\"font-size: 12pt;\">M\u00e1xima quema de grasa<\/span><\/li>\n<li style=\"padding: 0px; margin: 0px;\"><span style=\"font-size: 12pt;\">M\u00e1s energ\u00eda<\/span><\/li>\n<li style=\"padding: 0px; margin: 0px;\"><span style=\"font-size: 12pt;\">Quemador de grasas inteligente y ultra potente<\/span><\/li>\n<\/ul>\n<p style=\"padding: 0px; margin: 0px 0px 10px 0px;\"><span style=\"font-size: 12pt;\">Esta limpieza de receptores combinada con los componentes m\u00e1s vanguardistas para la quema de grasas convierten a Lipo-6 Black Ultra Concentrate en el primer &#8220;Quema grasas inteligente&#8221;.<\/span><\/p>\n<p style=\"padding: 0px; margin: 0px 0px 10px 0px;\"><br style=\"padding: 0px; margin: 0px;\" \/><span style=\"font-size: 12pt;\"><strong style=\"font-weight: bold; padding: 0px; margin: 0px;\"><em style=\"padding: 0px; margin: 0px;\">Lipo-6 Black Ultra Concentrate<\/em><\/strong>\u00a0prepara tu cuerpo para una quema de grasas al m\u00e1ximo nivel conocido. Sus sistemas de limpieza y su respuesta estimulante te proporcionar\u00e1n r\u00e1pidos y buenos resultados.<\/span><\/p>\n<p style=\"padding: 0px; margin: 0px 0px 10px 0px;\"><span style=\"font-size: 12pt;\">Esta es una <a href=\"\/?p=1795\">f\u00f3rmula<\/a> ultra concentrada de potencia extrema. Nunca supere 1 C\u00e1psula por porci\u00f3n. Nunca tome m\u00e1s de 2 porciones en 24 horas.<\/span><\/p>\n<p style=\"padding: 0px; margin: 0px 0px 10px 0px;\"><span style=\"font-size: 12pt;\">Debido a su receptor \u00fanico de limpieza y reprogramaci\u00f3n propiedades Lipo-6 Hers Negro Concentrado Ultra es el destructor de la grasa ideal para poner en marcha los resultados y la experiencia de la quema de grasa total. Se recomienda un ciclo de dos meses dos veces por a\u00f1o.<\/span><\/p>\n<p style=\"padding: 0px; margin: 0px 0px 10px 0px;\"><span style=\"font-size: 12pt;\"><em style=\"padding: 0px; margin: 0px;\"><strong style=\"font-weight: bold; padding: 0px; margin: 0px;\">Lipo-6 Black Ultra Concentrado<\/strong><\/em>\u00a0es la primera de una p\u00edldora destructora de grasas que combina la limpieza y la reprogramaci\u00f3n de los receptores. Lo llamamos el destructor de la grasa &#8216;inteligente&#8217;. El uso regular de los quemadores de grasa obstruye y insensibiliza sitios receptores adren\u00e9rgicos en la superficie de la c\u00e9lula que conducen a una p\u00e9rdida en la efectividad del producto, la reducci\u00f3n de los resultados de la p\u00e9rdida de grasa y la respuesta estimulante disminuido.<\/span><\/p>\n<p style=\"padding: 0px; margin: 0px 0px 10px 0px;\"><span style=\"font-size: 12pt;\">Lipo 6 Black ultra Concentrado es el primer destructor &#8220;inteligente&#8221; de grasa que se ocupa de este problema y prepara el escenario para la quema de grasa total. Limpia el sistema de receptores y re programa para apoyar la comunicaci\u00f3n m\u00e1xima de c\u00e9lula a c\u00e9lula.<\/span><\/p>\n<div><span style=\"font-size: 12pt;\">\u00a0<\/span><\/div>\n","protected":false},"excerpt":{"rendered":"<p>Lipo-6 Black Ultra Concentrate es el primer destructor de grasa del mundo que contiene ingredientes para limpiar los receptores lo cual potencia su efecto durante mucho m\u00e1s tiempo.<\/p>\n","protected":false},"featured_media":991,"comment_status":"open","ping_status":"closed","template":"","meta":[],"product_cat":[49,31,29],"product_tag":[],"acf":[],"yoast_head":"<!-- This site is optimized with the Yoast SEO plugin v18.5.1 - https:\/\/yoast.com\/wordpress\/plugins\/seo\/ -->\n<title>Lipo6 Black Ultra 60 caps - Salud y Vida Store<\/title>\n<meta name=\"description\" content=\"Lipo6 Black Ultra 60 caps Quemador de grasas inteligente y ultra potente. Es una f\u00f3rmula ultra concentrada de potencia extrema.\" \/>\n<meta name=\"robots\" content=\"index, follow, max-snippet:-1, max-image-preview:large, max-video-preview:-1\" \/>\n<link rel=\"canonical\" href=\"https:\/\/saludyvidastore.com\/en\/product\/lipo6-black-ultra-60-caps\/\" \/>\n<meta property=\"og:locale\" content=\"en_US\" \/>\n<meta property=\"og:type\" content=\"article\" \/>\n<meta property=\"og:title\" content=\"Lipo6 Black Ultra 60 caps - Salud y Vida Store\" \/>\n<meta property=\"og:description\" content=\"Lipo6 Black Ultra 60 caps Quemador de grasas inteligente y ultra potente. Es una f\u00f3rmula ultra concentrada de potencia extrema.\" \/>\n<meta property=\"og:url\" content=\"https:\/\/saludyvidastore.com\/en\/product\/lipo6-black-ultra-60-caps\/\" \/>\n<meta property=\"og:site_name\" content=\"Salud y Vida Store\" \/>\n<meta property=\"article:publisher\" content=\"https:\/\/www.facebook.com\/ArmoniaNaturalDietShop\/\" \/>\n<meta property=\"article:modified_time\" content=\"2021-11-05T15:44:57+00:00\" \/>\n<meta property=\"og:image\" content=\"https:\/\/saludyvidastore.com\/wp-content\/uploads\/2018\/02\/lipo6-black-ultra-60-caps_935.jpg\" \/>\n\t<meta property=\"og:image:width\" content=\"483\" \/>\n\t<meta property=\"og:image:height\" content=\"600\" \/>\n\t<meta property=\"og:image:type\" content=\"image\/jpeg\" \/>\n<meta name=\"twitter:card\" content=\"summary_large_image\" \/>\n<meta name=\"twitter:label1\" content=\"Est. reading time\" \/>\n\t<meta name=\"twitter:data1\" content=\"2 minutes\" \/>\n<script type=\"application\/ld+json\" class=\"yoast-schema-graph\">{\"@context\":\"https:\/\/schema.org\",\"@graph\":[{\"@type\":\"WebSite\",\"@id\":\"https:\/\/saludyvidastore.com\/#website\",\"url\":\"https:\/\/saludyvidastore.com\/\",\"name\":\"Salud y Vida Store\",\"description\":\"Otro sitio realizado con WordPress\",\"potentialAction\":[{\"@type\":\"SearchAction\",\"target\":{\"@type\":\"EntryPoint\",\"urlTemplate\":\"https:\/\/saludyvidastore.com\/?s={search_term_string}\"},\"query-input\":\"required name=search_term_string\"}],\"inLanguage\":\"en-US\"},{\"@type\":\"ImageObject\",\"@id\":\"https:\/\/saludyvidastore.com\/en\/product\/lipo6-black-ultra-60-caps\/#primaryimage\",\"inLanguage\":\"en-US\",\"url\":\"https:\/\/saludyvidastore.com\/wp-content\/uploads\/2018\/02\/lipo6-black-ultra-60-caps_935.jpg\",\"contentUrl\":\"https:\/\/saludyvidastore.com\/wp-content\/uploads\/2018\/02\/lipo6-black-ultra-60-caps_935.jpg\",\"width\":483,\"height\":600,\"caption\":\"Lipo6 Black Ultra 60 caps\"},{\"@type\":\"WebPage\",\"@id\":\"https:\/\/saludyvidastore.com\/en\/product\/lipo6-black-ultra-60-caps\/#webpage\",\"url\":\"https:\/\/saludyvidastore.com\/en\/product\/lipo6-black-ultra-60-caps\/\",\"name\":\"Lipo6 Black Ultra 60 caps - Salud y Vida Store\",\"isPartOf\":{\"@id\":\"https:\/\/saludyvidastore.com\/#website\"},\"primaryImageOfPage\":{\"@id\":\"https:\/\/saludyvidastore.com\/en\/product\/lipo6-black-ultra-60-caps\/#primaryimage\"},\"datePublished\":\"2018-01-28T21:43:02+00:00\",\"dateModified\":\"2021-11-05T15:44:57+00:00\",\"description\":\"Lipo6 Black Ultra 60 caps Quemador de grasas inteligente y ultra potente. Es una f\u00f3rmula ultra concentrada de potencia extrema.\",\"breadcrumb\":{\"@id\":\"https:\/\/saludyvidastore.com\/en\/product\/lipo6-black-ultra-60-caps\/#breadcrumb\"},\"inLanguage\":\"en-US\",\"potentialAction\":[{\"@type\":\"ReadAction\",\"target\":[\"https:\/\/saludyvidastore.com\/en\/product\/lipo6-black-ultra-60-caps\/\"]}]},{\"@type\":\"BreadcrumbList\",\"@id\":\"https:\/\/saludyvidastore.com\/en\/product\/lipo6-black-ultra-60-caps\/#breadcrumb\",\"itemListElement\":[{\"@type\":\"ListItem\",\"position\":1,\"name\":\"Portada\",\"item\":\"https:\/\/saludyvidastore.com\/en\/\"},{\"@type\":\"ListItem\",\"position\":2,\"name\":\"Tienda\",\"item\":\"https:\/\/saludyvidastore.com\/tienda\/\"},{\"@type\":\"ListItem\",\"position\":3,\"name\":\"Lipo6 Black Ultra 60 caps\"}]}]}<\/script>\n<!-- \/ Yoast SEO plugin. -->","yoast_head_json":{"title":"Lipo6 Black Ultra 60 caps - Salud y Vida Store","description":"Lipo6 Black Ultra 60 caps Quemador de grasas inteligente y ultra potente. Es una f\u00f3rmula ultra concentrada de potencia extrema.","robots":{"index":"index","follow":"follow","max-snippet":"max-snippet:-1","max-image-preview":"max-image-preview:large","max-video-preview":"max-video-preview:-1"},"canonical":"https:\/\/saludyvidastore.com\/en\/product\/lipo6-black-ultra-60-caps\/","og_locale":"en_US","og_type":"article","og_title":"Lipo6 Black Ultra 60 caps - Salud y Vida Store","og_description":"Lipo6 Black Ultra 60 caps Quemador de grasas inteligente y ultra potente. Es una f\u00f3rmula ultra concentrada de potencia extrema.","og_url":"https:\/\/saludyvidastore.com\/en\/product\/lipo6-black-ultra-60-caps\/","og_site_name":"Salud y Vida Store","article_publisher":"https:\/\/www.facebook.com\/ArmoniaNaturalDietShop\/","article_modified_time":"2021-11-05T15:44:57+00:00","og_image":[{"width":483,"height":600,"url":"https:\/\/saludyvidastore.com\/wp-content\/uploads\/2018\/02\/lipo6-black-ultra-60-caps_935.jpg","type":"image\/jpeg"}],"twitter_card":"summary_large_image","twitter_misc":{"Est. reading time":"2 minutes"},"schema":{"@context":"https:\/\/schema.org","@graph":[{"@type":"WebSite","@id":"https:\/\/saludyvidastore.com\/#website","url":"https:\/\/saludyvidastore.com\/","name":"Salud y Vida Store","description":"Otro sitio realizado con WordPress","potentialAction":[{"@type":"SearchAction","target":{"@type":"EntryPoint","urlTemplate":"https:\/\/saludyvidastore.com\/?s={search_term_string}"},"query-input":"required name=search_term_string"}],"inLanguage":"en-US"},{"@type":"ImageObject","@id":"https:\/\/saludyvidastore.com\/en\/product\/lipo6-black-ultra-60-caps\/#primaryimage","inLanguage":"en-US","url":"https:\/\/saludyvidastore.com\/wp-content\/uploads\/2018\/02\/lipo6-black-ultra-60-caps_935.jpg","contentUrl":"https:\/\/saludyvidastore.com\/wp-content\/uploads\/2018\/02\/lipo6-black-ultra-60-caps_935.jpg","width":483,"height":600,"caption":"Lipo6 Black Ultra 60 caps"},{"@type":"WebPage","@id":"https:\/\/saludyvidastore.com\/en\/product\/lipo6-black-ultra-60-caps\/#webpage","url":"https:\/\/saludyvidastore.com\/en\/product\/lipo6-black-ultra-60-caps\/","name":"Lipo6 Black Ultra 60 caps - Salud y Vida Store","isPartOf":{"@id":"https:\/\/saludyvidastore.com\/#website"},"primaryImageOfPage":{"@id":"https:\/\/saludyvidastore.com\/en\/product\/lipo6-black-ultra-60-caps\/#primaryimage"},"datePublished":"2018-01-28T21:43:02+00:00","dateModified":"2021-11-05T15:44:57+00:00","description":"Lipo6 Black Ultra 60 caps Quemador de grasas inteligente y ultra potente. Es una f\u00f3rmula ultra concentrada de potencia extrema.","breadcrumb":{"@id":"https:\/\/saludyvidastore.com\/en\/product\/lipo6-black-ultra-60-caps\/#breadcrumb"},"inLanguage":"en-US","potentialAction":[{"@type":"ReadAction","target":["https:\/\/saludyvidastore.com\/en\/product\/lipo6-black-ultra-60-caps\/"]}]},{"@type":"BreadcrumbList","@id":"https:\/\/saludyvidastore.com\/en\/product\/lipo6-black-ultra-60-caps\/#breadcrumb","itemListElement":[{"@type":"ListItem","position":1,"name":"Portada","item":"https:\/\/saludyvidastore.com\/en\/"},{"@type":"ListItem","position":2,"name":"Tienda","item":"https:\/\/saludyvidastore.com\/tienda\/"},{"@type":"ListItem","position":3,"name":"Lipo6 Black Ultra 60 caps"}]}]}},"_links":{"self":[{"href":"https:\/\/saludyvidastore.com\/en\/wp-json\/wp\/v2\/product\/1779"}],"collection":[{"href":"https:\/\/saludyvidastore.com\/en\/wp-json\/wp\/v2\/product"}],"about":[{"href":"https:\/\/saludyvidastore.com\/en\/wp-json\/wp\/v2\/types\/product"}],"replies":[{"embeddable":true,"href":"https:\/\/saludyvidastore.com\/en\/wp-json\/wp\/v2\/comments?post=1779"}],"wp:featuredmedia":[{"embeddable":true,"href":"https:\/\/saludyvidastore.com\/en\/wp-json\/wp\/v2\/media\/991"}],"wp:attachment":[{"href":"https:\/\/saludyvidastore.com\/en\/wp-json\/wp\/v2\/media?parent=1779"}],"wp:term":[{"taxonomy":"product_cat","embeddable":true,"href":"https:\/\/saludyvidastore.com\/en\/wp-json\/wp\/v2\/product_cat?post=1779"},{"taxonomy":"product_tag","embeddable":true,"href":"https:\/\/saludyvidastore.com\/en\/wp-json\/wp\/v2\/product_tag?post=1779"}],"curies":[{"name":"wp","href":"https:\/\/api.w.org\/{rel}","templated":true}]}}