{"id":1789,"date":"2018-01-28T21:42:59","date_gmt":"2018-01-28T21:42:59","guid":{"rendered":"http:\/\/saludyvidastore.com\/product\/kinoki-parches-desintoxicantes\/"},"modified":"2023-02-14T17:34:31","modified_gmt":"2023-02-14T17:34:31","slug":"kinoki-parches-desintoxicantes","status":"publish","type":"product","link":"https:\/\/saludyvidastore.com\/en\/product\/kinoki-parches-desintoxicantes\/","title":{"rendered":"Kinoki Parches Descantesintoxicantes"},"content":{"rendered":"<p>&nbsp;<\/p>\n<p>&nbsp;<\/p>\n<p>&nbsp;<\/p>\n<p>&nbsp;<\/p>\n<h1 style=\"text-align: center;\">Kinoki Parches Descantesintoxicantes<\/h1>\n<p>&nbsp;<\/p>\n<p>&nbsp;<\/p>\n<p style=\"text-align: justify;\">Kinoki Parches DescantesintoxicantesPor cientos de a\u00f1os, la medicina oriental entendi\u00f3 que las toxinas viajan a trav\u00e9s del cuerpo en forma descendente, debido a la acci\u00f3n de la gravedad y al reflejo defensivo del organismo que las aleja de los \u00f3rganos vitales, concentr\u00e1ndose en los tobillos y en la punta de los dedos.<\/p>\n<p>&nbsp;<\/p>\n<p>&nbsp;<\/p>\n<p style=\"text-align: justify;\">Ellos tambi\u00e9n comprendieron que la acumulaci\u00f3n de toxinas deriva en muchos problemas que hoy denominamos enfermedades degenerativas. Por ejemplo, el dolor en el reumatismo y la artritis es ocasionado por los fluidos \u00e1cidos t\u00f3xicos que se concentran alrededor de las articulaciones.<\/p>\n<p>&nbsp;<\/p>\n<p style=\"text-align: justify;\"><strong>PARCHES DESINTOXICANTES KINOKI :<\/strong><\/p>\n<p>&nbsp;<\/p>\n<p style=\"text-align: justify;\">En la reflexolog\u00eda podal, los pies son considerados canales para muchos de nuestros \u00f3rganos vitales con m\u00e1s de 60 puntos de acupuntura en las plantas de los pies.<\/p>\n<p style=\"text-align: justify;\">Los parches desintoxicantes originales, contienen ingredientes naturales que estimulan estos puntos a trav\u00e9s de la acci\u00f3n combinada de los vinagres de bamb\u00fa y de madera, y la emisi\u00f3n de energ\u00eda infrarroja (FIR) por parte de la Turmalina, que genera iones negativos. Esta estimulaci\u00f3n tiene como resultado la disociaci\u00f3n del agua de las mol\u00e9culas residuales liberando los bloqueos de los sistemas circulatorio y linf\u00e1tico por fluidificaci\u00f3n.<\/p>\n<p>&nbsp;<\/p>\n<p>&nbsp;<\/p>\n<p style=\"text-align: justify;\">La limpieza comienza naturalmente en la planta de los pies. Los parches absorber\u00e1n las toxinas durante toda la noche, mientras usted duerme. Usted podr\u00e1 ver el cambio de color luego de quit\u00e1rselos a la ma\u00f1ana siguiente. Cuanto m\u00e1s oscuros los vea, m\u00e1s cantidad de toxinas habr\u00e1n absorbido. Con el uso consistente por al menos un par de semanas, ver\u00e1 que cada ma\u00f1ana el color de los parches ser\u00e1 m\u00e1s claro. Esto significa que la mayor parte de las toxinas de su organismo ha sido drenada.<\/p>\n<p>&nbsp;<\/p>\n<p>&nbsp;<\/p>\n<p style=\"text-align: justify;\"><strong>C\u00f3mo utilizar las parches de limpieza Kinoki:<\/strong><\/p>\n<p style=\"text-align: justify;\">Paso 1 Moje un pa\u00f1o con agua y esc\u00farralo para que quede h\u00famedo.<\/p>\n<p style=\"text-align: justify;\">Paso 2 Use el pa\u00f1o para limpiar la parte inferior de su pie izquierdo y s\u00e9quelo.<\/p>\n<p style=\"text-align: justify;\">Paso 3 Quite el parche de un coj\u00edn Kinoki y col\u00f3quelo en su pie izquierdo.<\/p>\n<p style=\"text-align: justify;\">Paso 4 Repita los pasos 2 y 3 para el pie derecho. Lo mejor es aplicar los parches antes de irse a la cama para que no se da\u00f1en si se camina sobre ellos.<\/p>\n<p style=\"text-align: justify;\">Paso 5 Quite los parches en la ma\u00f1ana y exam\u00ednelos. En su primera aplicaci\u00f3n deber\u00eda ver que el parche se ha vuelto muy descolorido.<\/p>\n<p style=\"text-align: justify;\">Paso 6 Deseche los parches y lave la parte inferior de sus pies.<\/p>\n<p style=\"text-align: justify;\">Paso 7 Repita los pasos 1 a 6 hasta que haya utilizado todos sus parches.<\/p>\n","protected":false},"excerpt":{"rendered":"<p>Por cientos de a\u00f1os, la medicina oriental entendi\u00f3 que las toxinas viajan a trav\u00e9s del cuerpo en forma descendente, debido a la acci\u00f3n de la gravedad y al reflejo defensivo del organismo que las aleja de los \u00f3rganos vitales, concentr\u00e1ndose en los tobillos y en la punta de los dedos.<\/p>\n","protected":false},"featured_media":8612,"comment_status":"open","ping_status":"closed","template":"","meta":[],"product_cat":[47],"product_tag":[],"acf":[],"yoast_head":"<!-- This site is optimized with the Yoast SEO plugin v18.5.1 - https:\/\/yoast.com\/wordpress\/plugins\/seo\/ -->\n<title>Kinoki Parches Descantesintoxicantes - Salud y Vida Store<\/title>\n<meta name=\"robots\" content=\"index, follow, max-snippet:-1, max-image-preview:large, max-video-preview:-1\" \/>\n<link rel=\"canonical\" href=\"https:\/\/saludyvidastore.com\/en\/product\/kinoki-parches-desintoxicantes\/\" \/>\n<meta property=\"og:locale\" content=\"en_US\" \/>\n<meta property=\"og:type\" content=\"article\" \/>\n<meta property=\"og:title\" content=\"Kinoki Parches Descantesintoxicantes - Salud y Vida Store\" \/>\n<meta property=\"og:description\" content=\"Por cientos de a\u00f1os, la medicina oriental entendi\u00f3 que las toxinas viajan a trav\u00e9s del cuerpo en forma descendente, debido a la acci\u00f3n de la gravedad y al reflejo defensivo del organismo que las aleja de los \u00f3rganos vitales, concentr\u00e1ndose en los tobillos y en la punta de los dedos.\" \/>\n<meta property=\"og:url\" content=\"https:\/\/saludyvidastore.com\/en\/product\/kinoki-parches-desintoxicantes\/\" \/>\n<meta property=\"og:site_name\" content=\"Salud y Vida Store\" \/>\n<meta property=\"article:publisher\" content=\"https:\/\/www.facebook.com\/ArmoniaNaturalDietShop\/\" \/>\n<meta property=\"article:modified_time\" content=\"2023-02-14T17:34:31+00:00\" \/>\n<meta property=\"og:image\" content=\"https:\/\/saludyvidastore.com\/wp-content\/uploads\/2018\/01\/WhatsApp-Image-2023-02-09-at-9.16.32-AM.jpeg\" \/>\n\t<meta property=\"og:image:width\" content=\"408\" \/>\n\t<meta property=\"og:image:height\" content=\"408\" \/>\n\t<meta property=\"og:image:type\" content=\"image\/jpeg\" \/>\n<meta name=\"twitter:card\" content=\"summary_large_image\" \/>\n<meta name=\"twitter:label1\" content=\"Est. reading time\" \/>\n\t<meta name=\"twitter:data1\" content=\"2 minutes\" \/>\n<script type=\"application\/ld+json\" class=\"yoast-schema-graph\">{\"@context\":\"https:\/\/schema.org\",\"@graph\":[{\"@type\":\"WebSite\",\"@id\":\"https:\/\/saludyvidastore.com\/#website\",\"url\":\"https:\/\/saludyvidastore.com\/\",\"name\":\"Salud y Vida Store\",\"description\":\"Otro sitio realizado con WordPress\",\"potentialAction\":[{\"@type\":\"SearchAction\",\"target\":{\"@type\":\"EntryPoint\",\"urlTemplate\":\"https:\/\/saludyvidastore.com\/?s={search_term_string}\"},\"query-input\":\"required name=search_term_string\"}],\"inLanguage\":\"en-US\"},{\"@type\":\"ImageObject\",\"@id\":\"https:\/\/saludyvidastore.com\/en\/product\/kinoki-parches-desintoxicantes\/#primaryimage\",\"inLanguage\":\"en-US\",\"url\":\"https:\/\/saludyvidastore.com\/wp-content\/uploads\/2018\/01\/WhatsApp-Image-2023-02-09-at-9.16.32-AM.jpeg\",\"contentUrl\":\"https:\/\/saludyvidastore.com\/wp-content\/uploads\/2018\/01\/WhatsApp-Image-2023-02-09-at-9.16.32-AM.jpeg\",\"width\":408,\"height\":408,\"caption\":\"Kinoki Parches Desintoxicantes\"},{\"@type\":\"WebPage\",\"@id\":\"https:\/\/saludyvidastore.com\/en\/product\/kinoki-parches-desintoxicantes\/#webpage\",\"url\":\"https:\/\/saludyvidastore.com\/en\/product\/kinoki-parches-desintoxicantes\/\",\"name\":\"Kinoki Parches Descantesintoxicantes - Salud y Vida Store\",\"isPartOf\":{\"@id\":\"https:\/\/saludyvidastore.com\/#website\"},\"primaryImageOfPage\":{\"@id\":\"https:\/\/saludyvidastore.com\/en\/product\/kinoki-parches-desintoxicantes\/#primaryimage\"},\"datePublished\":\"2018-01-28T21:42:59+00:00\",\"dateModified\":\"2023-02-14T17:34:31+00:00\",\"breadcrumb\":{\"@id\":\"https:\/\/saludyvidastore.com\/en\/product\/kinoki-parches-desintoxicantes\/#breadcrumb\"},\"inLanguage\":\"en-US\",\"potentialAction\":[{\"@type\":\"ReadAction\",\"target\":[\"https:\/\/saludyvidastore.com\/en\/product\/kinoki-parches-desintoxicantes\/\"]}]},{\"@type\":\"BreadcrumbList\",\"@id\":\"https:\/\/saludyvidastore.com\/en\/product\/kinoki-parches-desintoxicantes\/#breadcrumb\",\"itemListElement\":[{\"@type\":\"ListItem\",\"position\":1,\"name\":\"Portada\",\"item\":\"https:\/\/saludyvidastore.com\/en\/\"},{\"@type\":\"ListItem\",\"position\":2,\"name\":\"Tienda\",\"item\":\"https:\/\/saludyvidastore.com\/tienda\/\"},{\"@type\":\"ListItem\",\"position\":3,\"name\":\"Kinoki Parches Descantesintoxicantes\"}]}]}<\/script>\n<!-- \/ Yoast SEO plugin. -->","yoast_head_json":{"title":"Kinoki Parches Descantesintoxicantes - Salud y Vida Store","robots":{"index":"index","follow":"follow","max-snippet":"max-snippet:-1","max-image-preview":"max-image-preview:large","max-video-preview":"max-video-preview:-1"},"canonical":"https:\/\/saludyvidastore.com\/en\/product\/kinoki-parches-desintoxicantes\/","og_locale":"en_US","og_type":"article","og_title":"Kinoki Parches Descantesintoxicantes - Salud y Vida Store","og_description":"Por cientos de a\u00f1os, la medicina oriental entendi\u00f3 que las toxinas viajan a trav\u00e9s del cuerpo en forma descendente, debido a la acci\u00f3n de la gravedad y al reflejo defensivo del organismo que las aleja de los \u00f3rganos vitales, concentr\u00e1ndose en los tobillos y en la punta de los dedos.","og_url":"https:\/\/saludyvidastore.com\/en\/product\/kinoki-parches-desintoxicantes\/","og_site_name":"Salud y Vida Store","article_publisher":"https:\/\/www.facebook.com\/ArmoniaNaturalDietShop\/","article_modified_time":"2023-02-14T17:34:31+00:00","og_image":[{"width":408,"height":408,"url":"https:\/\/saludyvidastore.com\/wp-content\/uploads\/2018\/01\/WhatsApp-Image-2023-02-09-at-9.16.32-AM.jpeg","type":"image\/jpeg"}],"twitter_card":"summary_large_image","twitter_misc":{"Est. reading time":"2 minutes"},"schema":{"@context":"https:\/\/schema.org","@graph":[{"@type":"WebSite","@id":"https:\/\/saludyvidastore.com\/#website","url":"https:\/\/saludyvidastore.com\/","name":"Salud y Vida Store","description":"Otro sitio realizado con WordPress","potentialAction":[{"@type":"SearchAction","target":{"@type":"EntryPoint","urlTemplate":"https:\/\/saludyvidastore.com\/?s={search_term_string}"},"query-input":"required name=search_term_string"}],"inLanguage":"en-US"},{"@type":"ImageObject","@id":"https:\/\/saludyvidastore.com\/en\/product\/kinoki-parches-desintoxicantes\/#primaryimage","inLanguage":"en-US","url":"https:\/\/saludyvidastore.com\/wp-content\/uploads\/2018\/01\/WhatsApp-Image-2023-02-09-at-9.16.32-AM.jpeg","contentUrl":"https:\/\/saludyvidastore.com\/wp-content\/uploads\/2018\/01\/WhatsApp-Image-2023-02-09-at-9.16.32-AM.jpeg","width":408,"height":408,"caption":"Kinoki Parches Desintoxicantes"},{"@type":"WebPage","@id":"https:\/\/saludyvidastore.com\/en\/product\/kinoki-parches-desintoxicantes\/#webpage","url":"https:\/\/saludyvidastore.com\/en\/product\/kinoki-parches-desintoxicantes\/","name":"Kinoki Parches Descantesintoxicantes - Salud y Vida Store","isPartOf":{"@id":"https:\/\/saludyvidastore.com\/#website"},"primaryImageOfPage":{"@id":"https:\/\/saludyvidastore.com\/en\/product\/kinoki-parches-desintoxicantes\/#primaryimage"},"datePublished":"2018-01-28T21:42:59+00:00","dateModified":"2023-02-14T17:34:31+00:00","breadcrumb":{"@id":"https:\/\/saludyvidastore.com\/en\/product\/kinoki-parches-desintoxicantes\/#breadcrumb"},"inLanguage":"en-US","potentialAction":[{"@type":"ReadAction","target":["https:\/\/saludyvidastore.com\/en\/product\/kinoki-parches-desintoxicantes\/"]}]},{"@type":"BreadcrumbList","@id":"https:\/\/saludyvidastore.com\/en\/product\/kinoki-parches-desintoxicantes\/#breadcrumb","itemListElement":[{"@type":"ListItem","position":1,"name":"Portada","item":"https:\/\/saludyvidastore.com\/en\/"},{"@type":"ListItem","position":2,"name":"Tienda","item":"https:\/\/saludyvidastore.com\/tienda\/"},{"@type":"ListItem","position":3,"name":"Kinoki Parches Descantesintoxicantes"}]}]}},"_links":{"self":[{"href":"https:\/\/saludyvidastore.com\/en\/wp-json\/wp\/v2\/product\/1789"}],"collection":[{"href":"https:\/\/saludyvidastore.com\/en\/wp-json\/wp\/v2\/product"}],"about":[{"href":"https:\/\/saludyvidastore.com\/en\/wp-json\/wp\/v2\/types\/product"}],"replies":[{"embeddable":true,"href":"https:\/\/saludyvidastore.com\/en\/wp-json\/wp\/v2\/comments?post=1789"}],"wp:featuredmedia":[{"embeddable":true,"href":"https:\/\/saludyvidastore.com\/en\/wp-json\/wp\/v2\/media\/8612"}],"wp:attachment":[{"href":"https:\/\/saludyvidastore.com\/en\/wp-json\/wp\/v2\/media?parent=1789"}],"wp:term":[{"taxonomy":"product_cat","embeddable":true,"href":"https:\/\/saludyvidastore.com\/en\/wp-json\/wp\/v2\/product_cat?post=1789"},{"taxonomy":"product_tag","embeddable":true,"href":"https:\/\/saludyvidastore.com\/en\/wp-json\/wp\/v2\/product_tag?post=1789"}],"curies":[{"name":"wp","href":"https:\/\/api.w.org\/{rel}","templated":true}]}}