{"id":1792,"date":"2018-01-28T21:42:58","date_gmt":"2018-01-28T21:42:58","guid":{"rendered":"http:\/\/saludyvidastore.com\/product\/joy-full-tratamiento-para-el-sistema-nervioso\/"},"modified":"2018-01-28T21:42:58","modified_gmt":"2018-01-28T21:42:58","slug":"joy-full-tratamiento-para-el-sistema-nervioso","status":"publish","type":"product","link":"https:\/\/saludyvidastore.com\/en\/product\/joy-full-tratamiento-para-el-sistema-nervioso\/","title":{"rendered":"Joy Full Tratamiento Para El Sistema Nervioso"},"content":{"rendered":"<p style=\"font-size: 1.3rem; line-height: 1.8rem; text-align: center;\"><img style=\"width: 320px; height: 192px; float: center; margin: 15px; border: 0px initial initial;\" src=\"http:\/\/s6.postimg.org\/6d70hdza9\/logo_Medical_Green2.png\" alt=\"\" \/><\/p>\n<p style=\"font-size: 1.3rem; line-height: 1.8rem; text-align: justify;\"><strong style=\"font-weight: bold;\">Medical Green\u00a0<\/strong>es un laboratorio de suplementos dietarios y nutrici\u00f3n el cual esta interesado en el bienestar y salud de todas las personas y por eso traen para ti, este nuevo producto que traer\u00e1 enormes beneficios a tu salud y cambiara tu ritmo de vida.<\/p>\n<p style=\"font-size: 1.3rem; line-height: 1.8rem; text-align: justify;\"><strong style=\"font-weight: bold;\">Joy Full\u00a0<\/strong>es un ayudante en el tratamiento de depresi\u00f3n leve a moderada el producto contiene extracto de hierba de San Juan adicionada con Ginkgobiloba y Ginsen tambi\u00e9n act\u00faa como t\u00f3nico para el sistema nervioso y mejora la actividad neuronal, todos hemos pasado por esos momentos en donde sentimos nuestro \u00e1nimo por el piso; controla la ansiedad y el estres mejorando la calidad del sue\u00f1o, util tambien en el manejo de la disforia premenstrual. Ya todo esto ser\u00e1 reducido gracias a\u00a0<strong style=\"font-weight: bold;\">Joy Full\u00a0<\/strong>, ten una vida tranquila y mejora tu estado de \u00e1nimo.<\/p>\n<p style=\"font-size: 1.3rem; line-height: 1.8rem; text-align: justify;\"><strong style=\"font-weight: bold;\">El producto te dar\u00e1 la posibilidad de tener una vida saludable\u00a0<\/strong>y te aportar\u00e1 los nutrientes m\u00e1s importantes para tu organismo que no se pueden ingerir en tu dieta diaria como un complemento nutricional. Este producto es natural y posee una f\u00f3rmula innovadora. No dejes pasar la oportunidad de agregar a tu vida este saludable producto .<\/p>\n<p style=\"font-size: 1.3rem; line-height: 1.8rem; text-align: center;\"><img style=\"width: 320px; height: 240px; float: center; margin: 15px; border: 0px initial initial;\" src=\"http:\/\/s6.postimg.org\/gc5qrhs81\/vida_saludable_03.jpg\" alt=\"\" \/><\/p>\n","protected":false},"excerpt":{"rendered":"<p style=\"font-size: 1.3rem; line-height: 1.8rem; text-align: center;\">\n<p style=\"font-size: 1.3rem; line-height: 1.8rem; text-align: justify;\"><strong style=\"font-weight: bold;\">Medical Green\u00a0<\/strong>es un laboratorio de suplementos dietarios y nutrici\u00f3n el cual esta interesado en el bienestar y salud de todas las personas y por eso traen para ti, este nuevo producto que traer\u00e1 enormes beneficios a tu salud y cambiara tu [&#8230;]<\/p>\n","protected":false},"featured_media":1053,"comment_status":"open","ping_status":"closed","template":"","meta":[],"product_cat":[47,34],"product_tag":[],"acf":[],"yoast_head":"<!-- This site is optimized with the Yoast SEO plugin v18.5.1 - https:\/\/yoast.com\/wordpress\/plugins\/seo\/ -->\n<title>Joy Full Tratamiento Para El Sistema Nervioso - Salud y Vida Store<\/title>\n<meta name=\"robots\" content=\"index, follow, max-snippet:-1, max-image-preview:large, max-video-preview:-1\" \/>\n<link rel=\"canonical\" href=\"https:\/\/saludyvidastore.com\/en\/product\/joy-full-tratamiento-para-el-sistema-nervioso\/\" \/>\n<meta property=\"og:locale\" content=\"en_US\" \/>\n<meta property=\"og:type\" content=\"article\" \/>\n<meta property=\"og:title\" content=\"Joy Full Tratamiento Para El Sistema Nervioso - Salud y Vida Store\" \/>\n<meta property=\"og:description\" content=\"Medical Green\u00a0es un laboratorio de suplementos dietarios y nutrici\u00f3n el cual esta interesado en el bienestar y salud de todas las personas y por eso traen para ti, este nuevo producto que traer\u00e1 enormes beneficios a tu salud y cambiara tu [...]\" \/>\n<meta property=\"og:url\" content=\"https:\/\/saludyvidastore.com\/en\/product\/joy-full-tratamiento-para-el-sistema-nervioso\/\" \/>\n<meta property=\"og:site_name\" content=\"Salud y Vida Store\" \/>\n<meta property=\"article:publisher\" content=\"https:\/\/www.facebook.com\/ArmoniaNaturalDietShop\/\" \/>\n<meta property=\"og:image\" content=\"https:\/\/saludyvidastore.com\/wp-content\/uploads\/2018\/02\/joy-full-tratamiento-para-el-sistema-nervioso_231.jpg\" \/>\n\t<meta property=\"og:image:width\" content=\"340\" \/>\n\t<meta property=\"og:image:height\" content=\"340\" \/>\n\t<meta property=\"og:image:type\" content=\"image\/jpeg\" \/>\n<meta name=\"twitter:card\" content=\"summary_large_image\" \/>\n<meta name=\"twitter:label1\" content=\"Est. reading time\" \/>\n\t<meta name=\"twitter:data1\" content=\"1 minute\" \/>\n<script type=\"application\/ld+json\" class=\"yoast-schema-graph\">{\"@context\":\"https:\/\/schema.org\",\"@graph\":[{\"@type\":\"WebSite\",\"@id\":\"https:\/\/saludyvidastore.com\/#website\",\"url\":\"https:\/\/saludyvidastore.com\/\",\"name\":\"Salud y Vida Store\",\"description\":\"Otro sitio realizado con WordPress\",\"potentialAction\":[{\"@type\":\"SearchAction\",\"target\":{\"@type\":\"EntryPoint\",\"urlTemplate\":\"https:\/\/saludyvidastore.com\/?s={search_term_string}\"},\"query-input\":\"required name=search_term_string\"}],\"inLanguage\":\"en-US\"},{\"@type\":\"ImageObject\",\"@id\":\"https:\/\/saludyvidastore.com\/en\/product\/joy-full-tratamiento-para-el-sistema-nervioso\/#primaryimage\",\"inLanguage\":\"en-US\",\"url\":\"https:\/\/saludyvidastore.com\/wp-content\/uploads\/2018\/02\/joy-full-tratamiento-para-el-sistema-nervioso_231.jpg\",\"contentUrl\":\"https:\/\/saludyvidastore.com\/wp-content\/uploads\/2018\/02\/joy-full-tratamiento-para-el-sistema-nervioso_231.jpg\",\"width\":340,\"height\":340},{\"@type\":\"WebPage\",\"@id\":\"https:\/\/saludyvidastore.com\/en\/product\/joy-full-tratamiento-para-el-sistema-nervioso\/#webpage\",\"url\":\"https:\/\/saludyvidastore.com\/en\/product\/joy-full-tratamiento-para-el-sistema-nervioso\/\",\"name\":\"Joy Full Tratamiento Para El Sistema Nervioso - Salud y Vida Store\",\"isPartOf\":{\"@id\":\"https:\/\/saludyvidastore.com\/#website\"},\"primaryImageOfPage\":{\"@id\":\"https:\/\/saludyvidastore.com\/en\/product\/joy-full-tratamiento-para-el-sistema-nervioso\/#primaryimage\"},\"datePublished\":\"2018-01-28T21:42:58+00:00\",\"dateModified\":\"2018-01-28T21:42:58+00:00\",\"breadcrumb\":{\"@id\":\"https:\/\/saludyvidastore.com\/en\/product\/joy-full-tratamiento-para-el-sistema-nervioso\/#breadcrumb\"},\"inLanguage\":\"en-US\",\"potentialAction\":[{\"@type\":\"ReadAction\",\"target\":[\"https:\/\/saludyvidastore.com\/en\/product\/joy-full-tratamiento-para-el-sistema-nervioso\/\"]}]},{\"@type\":\"BreadcrumbList\",\"@id\":\"https:\/\/saludyvidastore.com\/en\/product\/joy-full-tratamiento-para-el-sistema-nervioso\/#breadcrumb\",\"itemListElement\":[{\"@type\":\"ListItem\",\"position\":1,\"name\":\"Portada\",\"item\":\"https:\/\/saludyvidastore.com\/en\/\"},{\"@type\":\"ListItem\",\"position\":2,\"name\":\"Tienda\",\"item\":\"https:\/\/saludyvidastore.com\/tienda\/\"},{\"@type\":\"ListItem\",\"position\":3,\"name\":\"Joy Full Tratamiento Para El Sistema Nervioso\"}]}]}<\/script>\n<!-- \/ Yoast SEO plugin. -->","yoast_head_json":{"title":"Joy Full Tratamiento Para El Sistema Nervioso - Salud y Vida Store","robots":{"index":"index","follow":"follow","max-snippet":"max-snippet:-1","max-image-preview":"max-image-preview:large","max-video-preview":"max-video-preview:-1"},"canonical":"https:\/\/saludyvidastore.com\/en\/product\/joy-full-tratamiento-para-el-sistema-nervioso\/","og_locale":"en_US","og_type":"article","og_title":"Joy Full Tratamiento Para El Sistema Nervioso - Salud y Vida Store","og_description":"Medical Green\u00a0es un laboratorio de suplementos dietarios y nutrici\u00f3n el cual esta interesado en el bienestar y salud de todas las personas y por eso traen para ti, este nuevo producto que traer\u00e1 enormes beneficios a tu salud y cambiara tu [...]","og_url":"https:\/\/saludyvidastore.com\/en\/product\/joy-full-tratamiento-para-el-sistema-nervioso\/","og_site_name":"Salud y Vida Store","article_publisher":"https:\/\/www.facebook.com\/ArmoniaNaturalDietShop\/","og_image":[{"width":340,"height":340,"url":"https:\/\/saludyvidastore.com\/wp-content\/uploads\/2018\/02\/joy-full-tratamiento-para-el-sistema-nervioso_231.jpg","type":"image\/jpeg"}],"twitter_card":"summary_large_image","twitter_misc":{"Est. reading time":"1 minute"},"schema":{"@context":"https:\/\/schema.org","@graph":[{"@type":"WebSite","@id":"https:\/\/saludyvidastore.com\/#website","url":"https:\/\/saludyvidastore.com\/","name":"Salud y Vida Store","description":"Otro sitio realizado con WordPress","potentialAction":[{"@type":"SearchAction","target":{"@type":"EntryPoint","urlTemplate":"https:\/\/saludyvidastore.com\/?s={search_term_string}"},"query-input":"required name=search_term_string"}],"inLanguage":"en-US"},{"@type":"ImageObject","@id":"https:\/\/saludyvidastore.com\/en\/product\/joy-full-tratamiento-para-el-sistema-nervioso\/#primaryimage","inLanguage":"en-US","url":"https:\/\/saludyvidastore.com\/wp-content\/uploads\/2018\/02\/joy-full-tratamiento-para-el-sistema-nervioso_231.jpg","contentUrl":"https:\/\/saludyvidastore.com\/wp-content\/uploads\/2018\/02\/joy-full-tratamiento-para-el-sistema-nervioso_231.jpg","width":340,"height":340},{"@type":"WebPage","@id":"https:\/\/saludyvidastore.com\/en\/product\/joy-full-tratamiento-para-el-sistema-nervioso\/#webpage","url":"https:\/\/saludyvidastore.com\/en\/product\/joy-full-tratamiento-para-el-sistema-nervioso\/","name":"Joy Full Tratamiento Para El Sistema Nervioso - Salud y Vida Store","isPartOf":{"@id":"https:\/\/saludyvidastore.com\/#website"},"primaryImageOfPage":{"@id":"https:\/\/saludyvidastore.com\/en\/product\/joy-full-tratamiento-para-el-sistema-nervioso\/#primaryimage"},"datePublished":"2018-01-28T21:42:58+00:00","dateModified":"2018-01-28T21:42:58+00:00","breadcrumb":{"@id":"https:\/\/saludyvidastore.com\/en\/product\/joy-full-tratamiento-para-el-sistema-nervioso\/#breadcrumb"},"inLanguage":"en-US","potentialAction":[{"@type":"ReadAction","target":["https:\/\/saludyvidastore.com\/en\/product\/joy-full-tratamiento-para-el-sistema-nervioso\/"]}]},{"@type":"BreadcrumbList","@id":"https:\/\/saludyvidastore.com\/en\/product\/joy-full-tratamiento-para-el-sistema-nervioso\/#breadcrumb","itemListElement":[{"@type":"ListItem","position":1,"name":"Portada","item":"https:\/\/saludyvidastore.com\/en\/"},{"@type":"ListItem","position":2,"name":"Tienda","item":"https:\/\/saludyvidastore.com\/tienda\/"},{"@type":"ListItem","position":3,"name":"Joy Full Tratamiento Para El Sistema Nervioso"}]}]}},"_links":{"self":[{"href":"https:\/\/saludyvidastore.com\/en\/wp-json\/wp\/v2\/product\/1792"}],"collection":[{"href":"https:\/\/saludyvidastore.com\/en\/wp-json\/wp\/v2\/product"}],"about":[{"href":"https:\/\/saludyvidastore.com\/en\/wp-json\/wp\/v2\/types\/product"}],"replies":[{"embeddable":true,"href":"https:\/\/saludyvidastore.com\/en\/wp-json\/wp\/v2\/comments?post=1792"}],"wp:featuredmedia":[{"embeddable":true,"href":"https:\/\/saludyvidastore.com\/en\/wp-json\/wp\/v2\/media\/1053"}],"wp:attachment":[{"href":"https:\/\/saludyvidastore.com\/en\/wp-json\/wp\/v2\/media?parent=1792"}],"wp:term":[{"taxonomy":"product_cat","embeddable":true,"href":"https:\/\/saludyvidastore.com\/en\/wp-json\/wp\/v2\/product_cat?post=1792"},{"taxonomy":"product_tag","embeddable":true,"href":"https:\/\/saludyvidastore.com\/en\/wp-json\/wp\/v2\/product_tag?post=1792"}],"curies":[{"name":"wp","href":"https:\/\/api.w.org\/{rel}","templated":true}]}}