{"id":1796,"date":"2018-01-28T21:42:57","date_gmt":"2018-01-28T21:42:57","guid":{"rendered":"http:\/\/saludyvidastore.com\/product\/iso-100-dymatize-nutrition-3lbs-proteina-hidrolizada-0-grasa\/"},"modified":"2024-06-19T22:43:50","modified_gmt":"2024-06-19T22:43:50","slug":"iso-100-proteina-aislado-dymatize-3lbs","status":"publish","type":"product","link":"https:\/\/saludyvidastore.com\/en\/product\/iso-100-proteina-aislado-dymatize-3lbs\/","title":{"rendered":"Iso 100 Dymatize Nutrition 3lbs"},"content":{"rendered":"<div id=\"descripcionproducto\" class=\"hide-small mr2\">\n<h1 style=\"text-align: center;\">Iso 100 Dymatize Nutrition 3lbs<\/h1>\n<p>&nbsp;<\/p>\n<p><strong>Iso 100 Dymatize Nutrition 3lbs <\/strong>es un suplemento de prote\u00edna a base de <a href=\"https:\/\/saludyvidastore.com\/en\/product\/iso-100-dymatize-nutrition-5lb\/\">prote\u00edna<\/a> de suero hidrolizada y aislada.\u00a0Este producto\u00a0es ideal para\u00a0tanto para los que buscan un mayor crecimiento y recuperaci\u00f3n muscular como para los que quieren utilizarla en una dieta de deficinici\u00f3n por su bajo contenido en carbohidratos y grasas.<\/p>\n<p>En el mercado existen muchos productos que afirman que contienen\u00a0<strong>aislado de prote\u00edna de suero<\/strong>, pero al consumir Iso 100 Proteina se puede ver la diferencia con un suplemento de calidad como es este. Es por ello que muchos atletas reconocidos y culturistas usan este producto por su buena composici\u00f3n y la pureza de sus ingredientes.<\/p>\n<p>&nbsp;<\/p>\n<p><strong><span id=\"Beneficios_y_resultados\">Beneficios y resultados<\/span><\/strong><\/p>\n<p>Cada dosis de este producto te estar\u00e1 aportando 25 gramos en prote\u00edna y adem\u00e1s de contener 0 carbohidratos, 0 grasas, y tampoco contiene gluten ni lactosa. Es por ello que la prote\u00edna Iso-100 Proteina es perfecta para las personas que realizan dietas bajas en carbohidratos y grasas. Es importante destacar que este producto no genera los t\u00edpicos problemas gastrointestinales que producen algunos suplementos de prote\u00ednas de mala calidad debido a que no contiene ni gluten ni lactosa, que son los principales causantes de reacciones adversas para las personas. Por otra parte, Dymatize Iso 100 est\u00e1 dise\u00f1ado con todos estos componentes para aquellos deportistas que siguen un entrenamiento muy exigente y necesitan r\u00e1pidamente alcanzar sus objetivos y con una adecuada combinaci\u00f3n de nutrici\u00f3n y entrenamientos exigentes.<\/p>\n<h2><\/h2>\n<p><strong><span id=\"Como_tomarISO_100\">\u00bfC\u00f3mo tomar\u00a0Iso-100 Proteina?<\/span><\/strong><\/p>\n<p>Mezclar 29.2 g (1 cucharada colmada) con 150 ml \u2013 180 ml de agua, jugo o leche. Mezclar durante 15 segundos o hasta que est\u00e9 completamente disuelta.\u00a0 Generalmente, se recomienda tomar este producto entre 2 a 3 veces al d\u00eda, sobre todo como post-entreno aunque puede ser tomado en cualquier otro momento del d\u00eda.<\/p>\n<p>&nbsp;<\/p>\n<p><strong><span id=\"Sabores_y_disolucion\">Sabores y disoluci\u00f3n<\/span><\/strong><\/p>\n<p>La capacidad de solubilidad es otro punto <a href=\"https:\/\/dle.rae.es\/descartable\">destacable<\/a>. A diferencia de muchas prote\u00ednas en polvo que tienen una terminaci\u00f3n porosa, la prote\u00edna Dymatize Iso100 es m\u00e1s como un polvo fino. Esto hace que se mezcle con gran facilidad.<\/p>\n<p style=\"text-align: center;\"><span id=\"Propiedades_y_efectos_principales\">\u00a0<\/span><\/p>\n<h2 style=\"text-align: center;\">Iso 100 Dymatize Nutrition 3lbs<\/h2>\n<p><strong><span id=\"Propiedades_y_efectos_principales\">Propiedades y efectos principales<\/span><\/strong><\/p>\n<p>&nbsp;<\/p>\n<ul>\n<li>Acelera el proceso de recuperaci\u00f3n<\/li>\n<li>Aumenta la fuerza y potencia muscular<\/li>\n<li>Te ayuda en la construcci\u00f3n muscular<\/li>\n<li>Te aporta prote\u00ednas para mantener la masa muscular y un buen estado de salud<\/li>\n<li>Contiene prote\u00edna hidrolizada y aislada de alta calidad<\/li>\n<li>Acelera tu s\u00edntesis proteica<\/li>\n<\/ul>\n<p>&nbsp;<\/p>\n<p><strong><span id=\"Ventajas\">Ventajas<\/span><\/strong><\/p>\n<ul>\n<li>Los que quieren\u00a0obtener los\u00a0m\u00e1ximos \u00a0resultados\u00a0consideran Iso100 como una de las mejores prote\u00ednas iso, tanto por su sabor, disoluci\u00f3n y calidad en general.<\/li>\n<li>Proporciona 25 gramos de prote\u00edna en cada porci\u00f3n. Su \u00a0bajo contenido de grasa e hidratos de carbono hacen que sea muy eficaz en la creaci\u00f3n de musculo magro,\u00a0mientras que proporciona la cantidad correcta de energ\u00eda diaria requerida.\u00a0Adem\u00e1s,\u00a0contiene 5.5 gramos de BCAA&#8217;s, y es hidrolizada lo que influye en su r\u00e1pida absorci\u00f3n de los nutrientes en el cuerpo.<\/li>\n<li>El sabor ha ido mejorando versi\u00f3n tras versi\u00f3n hasta hacerla una de las prote\u00ednas con mejor sabor del mercado.<\/li>\n<li>Su avanzada elaboraci\u00f3n asegura unos niveles altos\u00a0de inmunoglobulinas y lactoferrina.<\/li>\n<li>No contiene\u00a0gluten y ni\u00a0lactosa.<\/li>\n<\/ul>\n<p>&nbsp;<\/p>\n<p>&nbsp;<\/p>\n<p><strong><span id=\"Opiniones_sobre_Iso_100\">Opiniones sobre Iso100<\/span><\/strong><\/p>\n<p>Este suplemento es de la m\u00e1s pura y\u00a0alta calidad en lo que respecta a prote\u00edna de suero debido a su hidrolizado junto con su aminograma tan completo. Todo esto unido a su buena disoluci\u00f3n (se puede tomar en un vaso tranquilamente sin dejar grumos) hacen de este uno de los productos m\u00e1s comprado a la hora de elegir un complemento prot\u00e9ico para nuestra dieta.<\/p>\n<\/div>\n<p>&nbsp;<\/p>\n<p>&nbsp;<\/p>\n<p><strong>REGISTRO SANITARIO RSA-002728-2016<\/strong><\/p>\n","protected":false},"excerpt":{"rendered":"<p>ISO-100 es la \u00fanica prote\u00edna whey sin hidratos de carbono que es absolutamente deliciosa.<br \/>\nSu nombre se debe a que contiene 100% de prote\u00edna aislada de suero de leche.<br \/>\nA no ser que usted provenga del sector farmac\u00e9utico, probablemente nunca habr\u00e1 visto una prote\u00edna igual.<\/p>\n<p>Dymatize ISO 100 es 100% Aislado de prote\u00edna de suero.<br \/>\nMuchas marcas dicen que usan aislado de prote\u00ednas de suero, pero despu\u00e9s de utilizar Dymatize ISO 100 puedes ver, probar y sentir la diferencia al momento.<br \/>\nEl Aislado de Prote\u00edna de suero de Dymatize ha sido procesado para llegar a la perfecci\u00f3n, 100% hidrolizada e instant\u00e1nea y a trav\u00e9s de 5 controles diferentes de calidad.<br \/>\nSin lactosa ni grasa.<\/p>\n<p>ISO 100, es muy digestiva y ligera, se asimila con la mayor biodisponibilidad proteicaque puedes encontrar en el mercado.<br \/>\nDurante la pr\u00e1ctica de ejercicio intenso sabemos que el uso de la prote\u00edna es esencial para ayudar a la recuperaci\u00f3n muscular y para mantener los niveles adecuados de nitr\u00f3geno por eso no hay una prote\u00edna m\u00e1s completa en el mercado que nuestra ISO 100.<br \/>\nConf\u00ede en ISO 100, le estar\u00e1 dando a sus m\u00fasculos todo lo que necesitan para alcanzar su potencial m\u00e1ximo.<\/p>\n","protected":false},"featured_media":1075,"comment_status":"open","ping_status":"closed","template":"","meta":[],"product_cat":[40,29],"product_tag":[],"acf":[],"yoast_head":"<!-- This site is optimized with the Yoast SEO plugin v18.5.1 - https:\/\/yoast.com\/wordpress\/plugins\/seo\/ -->\n<title>Iso-100 Proteina 5 lbs - Armonia Natural Diet Shop - Dymatize<\/title>\n<meta name=\"description\" content=\"Iso100 Dymatize Nutrition 3lbs es suero hidrolizada y aislada. Es ideal para los que buscan un mayor crecimiento y recuperaci\u00f3n muscular.\" \/>\n<meta name=\"robots\" content=\"index, follow, max-snippet:-1, max-image-preview:large, max-video-preview:-1\" \/>\n<link rel=\"canonical\" href=\"https:\/\/saludyvidastore.com\/en\/product\/iso-100-proteina-aislado-dymatize-3lbs\/\" \/>\n<meta property=\"og:locale\" content=\"en_US\" \/>\n<meta property=\"og:type\" content=\"article\" \/>\n<meta property=\"og:title\" content=\"Iso-100 Proteina 5 lbs - Armonia Natural Diet Shop - Dymatize\" \/>\n<meta property=\"og:description\" content=\"Iso100 Dymatize Nutrition 3lbs es suero hidrolizada y aislada. Es ideal para los que buscan un mayor crecimiento y recuperaci\u00f3n muscular.\" \/>\n<meta property=\"og:url\" content=\"https:\/\/saludyvidastore.com\/en\/product\/iso-100-proteina-aislado-dymatize-3lbs\/\" \/>\n<meta property=\"og:site_name\" content=\"Salud y Vida Store\" \/>\n<meta property=\"article:publisher\" content=\"https:\/\/www.facebook.com\/ArmoniaNaturalDietShop\/\" \/>\n<meta property=\"article:modified_time\" content=\"2024-06-19T22:43:50+00:00\" \/>\n<meta property=\"og:image\" content=\"https:\/\/saludyvidastore.com\/wp-content\/uploads\/2018\/02\/iso-100-dymatize-nutrition-3lbs-proteina-hidrolizada-0-grasa_947.jpg\" \/>\n\t<meta property=\"og:image:width\" content=\"347\" \/>\n\t<meta property=\"og:image:height\" content=\"450\" \/>\n\t<meta property=\"og:image:type\" content=\"image\/jpeg\" \/>\n<meta name=\"twitter:card\" content=\"summary_large_image\" \/>\n<meta name=\"twitter:label1\" content=\"Est. reading time\" \/>\n\t<meta name=\"twitter:data1\" content=\"3 minutes\" \/>\n<script type=\"application\/ld+json\" class=\"yoast-schema-graph\">{\"@context\":\"https:\/\/schema.org\",\"@graph\":[{\"@type\":\"WebSite\",\"@id\":\"https:\/\/saludyvidastore.com\/#website\",\"url\":\"https:\/\/saludyvidastore.com\/\",\"name\":\"Salud y Vida Store\",\"description\":\"Otro sitio realizado con WordPress\",\"potentialAction\":[{\"@type\":\"SearchAction\",\"target\":{\"@type\":\"EntryPoint\",\"urlTemplate\":\"https:\/\/saludyvidastore.com\/?s={search_term_string}\"},\"query-input\":\"required name=search_term_string\"}],\"inLanguage\":\"en-US\"},{\"@type\":\"ImageObject\",\"@id\":\"https:\/\/saludyvidastore.com\/en\/product\/iso-100-proteina-aislado-dymatize-3lbs\/#primaryimage\",\"inLanguage\":\"en-US\",\"url\":\"https:\/\/saludyvidastore.com\/wp-content\/uploads\/2018\/02\/iso-100-dymatize-nutrition-3lbs-proteina-hidrolizada-0-grasa_947.jpg\",\"contentUrl\":\"https:\/\/saludyvidastore.com\/wp-content\/uploads\/2018\/02\/iso-100-dymatize-nutrition-3lbs-proteina-hidrolizada-0-grasa_947.jpg\",\"width\":347,\"height\":450},{\"@type\":\"WebPage\",\"@id\":\"https:\/\/saludyvidastore.com\/en\/product\/iso-100-proteina-aislado-dymatize-3lbs\/#webpage\",\"url\":\"https:\/\/saludyvidastore.com\/en\/product\/iso-100-proteina-aislado-dymatize-3lbs\/\",\"name\":\"Iso-100 Proteina 5 lbs - Armonia Natural Diet Shop - Dymatize\",\"isPartOf\":{\"@id\":\"https:\/\/saludyvidastore.com\/#website\"},\"primaryImageOfPage\":{\"@id\":\"https:\/\/saludyvidastore.com\/en\/product\/iso-100-proteina-aislado-dymatize-3lbs\/#primaryimage\"},\"datePublished\":\"2018-01-28T21:42:57+00:00\",\"dateModified\":\"2024-06-19T22:43:50+00:00\",\"description\":\"Iso100 Dymatize Nutrition 3lbs es suero hidrolizada y aislada. Es ideal para los que buscan un mayor crecimiento y recuperaci\u00f3n muscular.\",\"breadcrumb\":{\"@id\":\"https:\/\/saludyvidastore.com\/en\/product\/iso-100-proteina-aislado-dymatize-3lbs\/#breadcrumb\"},\"inLanguage\":\"en-US\",\"potentialAction\":[{\"@type\":\"ReadAction\",\"target\":[\"https:\/\/saludyvidastore.com\/en\/product\/iso-100-proteina-aislado-dymatize-3lbs\/\"]}]},{\"@type\":\"BreadcrumbList\",\"@id\":\"https:\/\/saludyvidastore.com\/en\/product\/iso-100-proteina-aislado-dymatize-3lbs\/#breadcrumb\",\"itemListElement\":[{\"@type\":\"ListItem\",\"position\":1,\"name\":\"Portada\",\"item\":\"https:\/\/saludyvidastore.com\/en\/\"},{\"@type\":\"ListItem\",\"position\":2,\"name\":\"Tienda\",\"item\":\"https:\/\/saludyvidastore.com\/tienda\/\"},{\"@type\":\"ListItem\",\"position\":3,\"name\":\"Iso 100 Dymatize Nutrition 3lbs\"}]}]}<\/script>\n<!-- \/ Yoast SEO plugin. -->","yoast_head_json":{"title":"Iso-100 Proteina 5 lbs - Armonia Natural Diet Shop - Dymatize","description":"Iso100 Dymatize Nutrition 3lbs es suero hidrolizada y aislada. Es ideal para los que buscan un mayor crecimiento y recuperaci\u00f3n muscular.","robots":{"index":"index","follow":"follow","max-snippet":"max-snippet:-1","max-image-preview":"max-image-preview:large","max-video-preview":"max-video-preview:-1"},"canonical":"https:\/\/saludyvidastore.com\/en\/product\/iso-100-proteina-aislado-dymatize-3lbs\/","og_locale":"en_US","og_type":"article","og_title":"Iso-100 Proteina 5 lbs - Armonia Natural Diet Shop - Dymatize","og_description":"Iso100 Dymatize Nutrition 3lbs es suero hidrolizada y aislada. Es ideal para los que buscan un mayor crecimiento y recuperaci\u00f3n muscular.","og_url":"https:\/\/saludyvidastore.com\/en\/product\/iso-100-proteina-aislado-dymatize-3lbs\/","og_site_name":"Salud y Vida Store","article_publisher":"https:\/\/www.facebook.com\/ArmoniaNaturalDietShop\/","article_modified_time":"2024-06-19T22:43:50+00:00","og_image":[{"width":347,"height":450,"url":"https:\/\/saludyvidastore.com\/wp-content\/uploads\/2018\/02\/iso-100-dymatize-nutrition-3lbs-proteina-hidrolizada-0-grasa_947.jpg","type":"image\/jpeg"}],"twitter_card":"summary_large_image","twitter_misc":{"Est. reading time":"3 minutes"},"schema":{"@context":"https:\/\/schema.org","@graph":[{"@type":"WebSite","@id":"https:\/\/saludyvidastore.com\/#website","url":"https:\/\/saludyvidastore.com\/","name":"Salud y Vida Store","description":"Otro sitio realizado con WordPress","potentialAction":[{"@type":"SearchAction","target":{"@type":"EntryPoint","urlTemplate":"https:\/\/saludyvidastore.com\/?s={search_term_string}"},"query-input":"required name=search_term_string"}],"inLanguage":"en-US"},{"@type":"ImageObject","@id":"https:\/\/saludyvidastore.com\/en\/product\/iso-100-proteina-aislado-dymatize-3lbs\/#primaryimage","inLanguage":"en-US","url":"https:\/\/saludyvidastore.com\/wp-content\/uploads\/2018\/02\/iso-100-dymatize-nutrition-3lbs-proteina-hidrolizada-0-grasa_947.jpg","contentUrl":"https:\/\/saludyvidastore.com\/wp-content\/uploads\/2018\/02\/iso-100-dymatize-nutrition-3lbs-proteina-hidrolizada-0-grasa_947.jpg","width":347,"height":450},{"@type":"WebPage","@id":"https:\/\/saludyvidastore.com\/en\/product\/iso-100-proteina-aislado-dymatize-3lbs\/#webpage","url":"https:\/\/saludyvidastore.com\/en\/product\/iso-100-proteina-aislado-dymatize-3lbs\/","name":"Iso-100 Proteina 5 lbs - Armonia Natural Diet Shop - Dymatize","isPartOf":{"@id":"https:\/\/saludyvidastore.com\/#website"},"primaryImageOfPage":{"@id":"https:\/\/saludyvidastore.com\/en\/product\/iso-100-proteina-aislado-dymatize-3lbs\/#primaryimage"},"datePublished":"2018-01-28T21:42:57+00:00","dateModified":"2024-06-19T22:43:50+00:00","description":"Iso100 Dymatize Nutrition 3lbs es suero hidrolizada y aislada. Es ideal para los que buscan un mayor crecimiento y recuperaci\u00f3n muscular.","breadcrumb":{"@id":"https:\/\/saludyvidastore.com\/en\/product\/iso-100-proteina-aislado-dymatize-3lbs\/#breadcrumb"},"inLanguage":"en-US","potentialAction":[{"@type":"ReadAction","target":["https:\/\/saludyvidastore.com\/en\/product\/iso-100-proteina-aislado-dymatize-3lbs\/"]}]},{"@type":"BreadcrumbList","@id":"https:\/\/saludyvidastore.com\/en\/product\/iso-100-proteina-aislado-dymatize-3lbs\/#breadcrumb","itemListElement":[{"@type":"ListItem","position":1,"name":"Portada","item":"https:\/\/saludyvidastore.com\/en\/"},{"@type":"ListItem","position":2,"name":"Tienda","item":"https:\/\/saludyvidastore.com\/tienda\/"},{"@type":"ListItem","position":3,"name":"Iso 100 Dymatize Nutrition 3lbs"}]}]}},"_links":{"self":[{"href":"https:\/\/saludyvidastore.com\/en\/wp-json\/wp\/v2\/product\/1796"}],"collection":[{"href":"https:\/\/saludyvidastore.com\/en\/wp-json\/wp\/v2\/product"}],"about":[{"href":"https:\/\/saludyvidastore.com\/en\/wp-json\/wp\/v2\/types\/product"}],"replies":[{"embeddable":true,"href":"https:\/\/saludyvidastore.com\/en\/wp-json\/wp\/v2\/comments?post=1796"}],"wp:featuredmedia":[{"embeddable":true,"href":"https:\/\/saludyvidastore.com\/en\/wp-json\/wp\/v2\/media\/1075"}],"wp:attachment":[{"href":"https:\/\/saludyvidastore.com\/en\/wp-json\/wp\/v2\/media?parent=1796"}],"wp:term":[{"taxonomy":"product_cat","embeddable":true,"href":"https:\/\/saludyvidastore.com\/en\/wp-json\/wp\/v2\/product_cat?post=1796"},{"taxonomy":"product_tag","embeddable":true,"href":"https:\/\/saludyvidastore.com\/en\/wp-json\/wp\/v2\/product_tag?post=1796"}],"curies":[{"name":"wp","href":"https:\/\/api.w.org\/{rel}","templated":true}]}}