{"id":1804,"date":"2018-01-28T21:42:54","date_gmt":"2018-01-28T21:42:54","guid":{"rendered":"http:\/\/saludyvidastore.com\/product\/hairfit-wonder-gold\/"},"modified":"2020-05-15T16:27:47","modified_gmt":"2020-05-15T16:27:47","slug":"hairfit-vitaminas","status":"publish","type":"product","link":"https:\/\/saludyvidastore.com\/en\/product\/hairfit-vitaminas\/","title":{"rendered":"Hairfit Wonder Gold"},"content":{"rendered":"<h1>\u00bfQU\u00c9 ES Hairfit?<\/h1>\n<p>Las Vitaminas para un cabello sano Hairfit son suplementos alimenticios formulados con una combinaci\u00f3n \u00fanica de vitaminas, minerales y nutrientes para obtener un cabello hermoso.<\/p>\n<p>&nbsp;<\/p>\n<h3>\u00bfQU\u00c9 PRODUCTOS DEBO USAR MIENTRAS EST\u00c9 TOMANDO HAIRFIT?<\/h3>\n<p>&nbsp;<\/p>\n<p>\u00bfSu cabello es quebradizo o se cae? Su programa de cuidado del cabello podr\u00eda ser el culpable. Obtenga una consulta gratuita sobre cuidado del cabello para saber qu\u00e9 productos usar con sus Vitaminas para el cabello HAIRFIT y obtener los mejores resultados. \u00bfNo tiene tiempo ahora? Vea una lista de nuestros productos para el cuidado del cabello preferidos.<\/p>\n<p>&nbsp;<\/p>\n<h3>\u00bfC\u00d3MO FUNCIONA?<\/h3>\n<p>&nbsp;<\/p>\n<p><strong>HAIRFIT<\/strong>\u00a0llena los vac\u00edos que pudiera dejar su dieta regular para proporcionarle a su cuerpo la nutrici\u00f3n adicional para obtener un cabello hermoso. Cada ingrediente de las Vitaminas para el cabello\u00a0<strong>HAIRFIT<\/strong>\u00a0ha sido espec\u00edficamente seleccionado por su funci\u00f3n especial para ayudar a crear el ambiente ideal en su cuerpo para que el cabello prospere.<\/p>\n<p>&nbsp;<\/p>\n<p>\u00bfEn qu\u00e9 se diferencia HAIRFIT de otros productos?<\/p>\n<p><strong>HAIRFIT<\/strong>\u00a0funciona desde el interior, otorg\u00e1ndole a su cabello los nutrientes que necesita para verse mejor. Nuestro exclusivo COMPLEJO DE CAPILSANA\u00ae proporciona al cabello muchos de sus componentes naturales a trav\u00e9s de los amino\u00e1cidos de fortalecimiento en col\u00e1geno hidrolizado, MSM que contiene azufre para vitalidad y cola de caballo y s\u00edlice.<\/p>\n<p>&nbsp;<\/p>\n<h3>\u00bfPOR QU\u00c9 HAIRFIT?<\/h3>\n<p>&nbsp;<\/p>\n<p><strong>HAIRFIT<\/strong>\u00a0es una innovaci\u00f3n en el <a href=\"https:\/\/mejorconsalud.com\/8-tips-para-tener-un-cabello-mas-hermoso-y-sano\/\">cuidado del cabello<\/a>. A diferencia de la mayor\u00eda de los productos para el cuidado del cabello que solo funcionan en la superficie, las Vitaminas para el cabello\u00a0<strong>HAIRFIT<\/strong>\u00a0trabajan para mejorar el mantenimiento de su cabello desde el interior del organismo.<\/p>\n<p>&nbsp;<\/p>\n<h3>MUJERES REALES, RESULTADOS REALES<\/h3>\n<p>&nbsp;<\/p>\n<p>En todo el mundo,\u00a0<strong>HAIRFIT<\/strong>\u00a0est\u00e1 transformando el cabello de las mujeres con su mezcla \u00fanica de <a href=\"\/?p=1808\">vitaminas<\/a>, nutrientes y nuestro exclusivo Complejo de Capilsana\u00ae.<\/p>\n<p>&nbsp;<\/p>\n<h3>\u00bfPOR QU\u00c9 ES \u00daNICO?<\/h3>\n<p>&nbsp;<\/p>\n<p><strong>*Funciona desde dentro hacia fuera a\u00a0<\/strong>diferencia de la mayor\u00eda de los productos de cuidado del cabello que solo tratan la superficie, las Vitaminas para un cabello sano Hairfinity trabajan para mejorar la condici\u00f3n de su pelo desde dentro del organismo, aportando al cabello los nutrientes que necesita para tener un aspecto m\u00e1s saludable. Nuestro exclusivo Complejo Capilsana\u00ae est\u00e1 compuesto por ingredientes especiales que contienen sulfuro y amino\u00e1cidos para estimular el crecimiento saludable del cabello.<\/p>\n<p>&nbsp;<\/p>\n<p><strong>*Nuestra Tecnolog\u00eda <\/strong>nuestro exclusivo\u00a0<strong>Complejo Capilsana\u00ae<\/strong>\u00a0proporciona al cabello los bloques de construcci\u00f3n presentes de forma natural en los amino\u00e1cidos del col\u00e1geno hidrolizado que dan fuerza al pelo, el MSM que contiene sulfuro para una mayor vitalidad y la cola de caballo con s\u00edlice que estimula el crecimiento del cabello. Esta potente combinaci\u00f3n estimula el cabello para que crezca m\u00e1s sano, fuerte y largo desde dentro hacia fuera.<\/p>\n<p>&nbsp;<\/p>\n<p><strong>*Probadas por los clientes e<\/strong>n un estudio de 2013, los clientes que tomaron las Vitaminas para un cabello sano HAIRFIT notaron un aumento de la tasa de crecimiento del cabello y una reducci\u00f3n del promedio de p\u00e9rdida de cabello durante un periodo de 30 d\u00edas.<\/p>\n<p>&nbsp;<\/p>\n","protected":false},"excerpt":{"rendered":"<p>\u00bfQU\u00c9 ES Hairfit?<\/p>\n<p>Las Vitaminas para un cabello sano Hairfit son suplementos alimenticios formulados con una combinaci\u00f3n \u00fanica de vitaminas, minerales y nutrientes para obtener un cabello hermoso.<\/p>\n<p>&nbsp;<\/p>\n<p>\u00bfQU\u00c9 PRODUCTOS DEBO USAR MIENTRAS EST\u00c9 TOMANDO HAIRFIT?<\/p>\n<p>&nbsp;<\/p>\n<p>\u00bfSu cabello es quebradizo o se cae? Su programa de cuidado del cabello podr\u00eda ser el culpable. Obtenga una consulta gratuita sobre [&#8230;]<\/p>\n","protected":false},"featured_media":3919,"comment_status":"open","ping_status":"closed","template":"","meta":[],"product_cat":[32,34],"product_tag":[],"acf":[],"yoast_head":"<!-- This site is optimized with the Yoast SEO plugin v18.5.1 - https:\/\/yoast.com\/wordpress\/plugins\/seo\/ -->\n<title>Hairfit vitaminas para un cabello sano y radiante acelera el crecimieto<\/title>\n<meta name=\"description\" content=\"Hairfit vitaminas para un cabello sano y radiante , restaura el cabello de tratamientos quimicos , acelera el crecimieto del cabello .\" \/>\n<meta name=\"robots\" content=\"index, follow, max-snippet:-1, max-image-preview:large, max-video-preview:-1\" \/>\n<link rel=\"canonical\" href=\"https:\/\/saludyvidastore.com\/en\/product\/hairfit-vitaminas\/\" \/>\n<meta property=\"og:locale\" content=\"en_US\" \/>\n<meta property=\"og:type\" content=\"article\" \/>\n<meta property=\"og:title\" content=\"Hairfit vitaminas para un cabello sano y radiante acelera el crecimieto\" \/>\n<meta property=\"og:description\" content=\"Hairfit vitaminas para un cabello sano y radiante , restaura el cabello de tratamientos quimicos , acelera el crecimieto del cabello .\" \/>\n<meta property=\"og:url\" content=\"https:\/\/saludyvidastore.com\/en\/product\/hairfit-vitaminas\/\" \/>\n<meta property=\"og:site_name\" content=\"Salud y Vida Store\" \/>\n<meta property=\"article:publisher\" content=\"https:\/\/www.facebook.com\/ArmoniaNaturalDietShop\/\" \/>\n<meta property=\"article:modified_time\" content=\"2020-05-15T16:27:47+00:00\" \/>\n<meta property=\"og:image\" content=\"https:\/\/saludyvidastore.com\/wp-content\/uploads\/2018\/01\/hairfit.jpg\" \/>\n\t<meta property=\"og:image:width\" content=\"633\" \/>\n\t<meta property=\"og:image:height\" content=\"625\" \/>\n\t<meta property=\"og:image:type\" content=\"image\/jpeg\" \/>\n<meta name=\"twitter:card\" content=\"summary_large_image\" \/>\n<meta name=\"twitter:label1\" content=\"Est. reading time\" \/>\n\t<meta name=\"twitter:data1\" content=\"3 minutes\" \/>\n<script type=\"application\/ld+json\" class=\"yoast-schema-graph\">{\"@context\":\"https:\/\/schema.org\",\"@graph\":[{\"@type\":\"WebSite\",\"@id\":\"https:\/\/saludyvidastore.com\/#website\",\"url\":\"https:\/\/saludyvidastore.com\/\",\"name\":\"Salud y Vida Store\",\"description\":\"Otro sitio realizado con WordPress\",\"potentialAction\":[{\"@type\":\"SearchAction\",\"target\":{\"@type\":\"EntryPoint\",\"urlTemplate\":\"https:\/\/saludyvidastore.com\/?s={search_term_string}\"},\"query-input\":\"required name=search_term_string\"}],\"inLanguage\":\"en-US\"},{\"@type\":\"ImageObject\",\"@id\":\"https:\/\/saludyvidastore.com\/en\/product\/hairfit-vitaminas\/#primaryimage\",\"inLanguage\":\"en-US\",\"url\":\"https:\/\/saludyvidastore.com\/wp-content\/uploads\/2018\/01\/hairfit.jpg\",\"contentUrl\":\"https:\/\/saludyvidastore.com\/wp-content\/uploads\/2018\/01\/hairfit.jpg\",\"width\":633,\"height\":625,\"caption\":\"hairfit\"},{\"@type\":\"WebPage\",\"@id\":\"https:\/\/saludyvidastore.com\/en\/product\/hairfit-vitaminas\/#webpage\",\"url\":\"https:\/\/saludyvidastore.com\/en\/product\/hairfit-vitaminas\/\",\"name\":\"Hairfit vitaminas para un cabello sano y radiante acelera el crecimieto\",\"isPartOf\":{\"@id\":\"https:\/\/saludyvidastore.com\/#website\"},\"primaryImageOfPage\":{\"@id\":\"https:\/\/saludyvidastore.com\/en\/product\/hairfit-vitaminas\/#primaryimage\"},\"datePublished\":\"2018-01-28T21:42:54+00:00\",\"dateModified\":\"2020-05-15T16:27:47+00:00\",\"description\":\"Hairfit vitaminas para un cabello sano y radiante , restaura el cabello de tratamientos quimicos , acelera el crecimieto del cabello .\",\"breadcrumb\":{\"@id\":\"https:\/\/saludyvidastore.com\/en\/product\/hairfit-vitaminas\/#breadcrumb\"},\"inLanguage\":\"en-US\",\"potentialAction\":[{\"@type\":\"ReadAction\",\"target\":[\"https:\/\/saludyvidastore.com\/en\/product\/hairfit-vitaminas\/\"]}]},{\"@type\":\"BreadcrumbList\",\"@id\":\"https:\/\/saludyvidastore.com\/en\/product\/hairfit-vitaminas\/#breadcrumb\",\"itemListElement\":[{\"@type\":\"ListItem\",\"position\":1,\"name\":\"Portada\",\"item\":\"https:\/\/saludyvidastore.com\/en\/\"},{\"@type\":\"ListItem\",\"position\":2,\"name\":\"Tienda\",\"item\":\"https:\/\/saludyvidastore.com\/tienda\/\"},{\"@type\":\"ListItem\",\"position\":3,\"name\":\"Hairfit Wonder Gold\"}]}]}<\/script>\n<!-- \/ Yoast SEO plugin. -->","yoast_head_json":{"title":"Hairfit vitaminas para un cabello sano y radiante acelera el crecimieto","description":"Hairfit vitaminas para un cabello sano y radiante , restaura el cabello de tratamientos quimicos , acelera el crecimieto del cabello .","robots":{"index":"index","follow":"follow","max-snippet":"max-snippet:-1","max-image-preview":"max-image-preview:large","max-video-preview":"max-video-preview:-1"},"canonical":"https:\/\/saludyvidastore.com\/en\/product\/hairfit-vitaminas\/","og_locale":"en_US","og_type":"article","og_title":"Hairfit vitaminas para un cabello sano y radiante acelera el crecimieto","og_description":"Hairfit vitaminas para un cabello sano y radiante , restaura el cabello de tratamientos quimicos , acelera el crecimieto del cabello .","og_url":"https:\/\/saludyvidastore.com\/en\/product\/hairfit-vitaminas\/","og_site_name":"Salud y Vida Store","article_publisher":"https:\/\/www.facebook.com\/ArmoniaNaturalDietShop\/","article_modified_time":"2020-05-15T16:27:47+00:00","og_image":[{"width":633,"height":625,"url":"https:\/\/saludyvidastore.com\/wp-content\/uploads\/2018\/01\/hairfit.jpg","type":"image\/jpeg"}],"twitter_card":"summary_large_image","twitter_misc":{"Est. reading time":"3 minutes"},"schema":{"@context":"https:\/\/schema.org","@graph":[{"@type":"WebSite","@id":"https:\/\/saludyvidastore.com\/#website","url":"https:\/\/saludyvidastore.com\/","name":"Salud y Vida Store","description":"Otro sitio realizado con WordPress","potentialAction":[{"@type":"SearchAction","target":{"@type":"EntryPoint","urlTemplate":"https:\/\/saludyvidastore.com\/?s={search_term_string}"},"query-input":"required name=search_term_string"}],"inLanguage":"en-US"},{"@type":"ImageObject","@id":"https:\/\/saludyvidastore.com\/en\/product\/hairfit-vitaminas\/#primaryimage","inLanguage":"en-US","url":"https:\/\/saludyvidastore.com\/wp-content\/uploads\/2018\/01\/hairfit.jpg","contentUrl":"https:\/\/saludyvidastore.com\/wp-content\/uploads\/2018\/01\/hairfit.jpg","width":633,"height":625,"caption":"hairfit"},{"@type":"WebPage","@id":"https:\/\/saludyvidastore.com\/en\/product\/hairfit-vitaminas\/#webpage","url":"https:\/\/saludyvidastore.com\/en\/product\/hairfit-vitaminas\/","name":"Hairfit vitaminas para un cabello sano y radiante acelera el crecimieto","isPartOf":{"@id":"https:\/\/saludyvidastore.com\/#website"},"primaryImageOfPage":{"@id":"https:\/\/saludyvidastore.com\/en\/product\/hairfit-vitaminas\/#primaryimage"},"datePublished":"2018-01-28T21:42:54+00:00","dateModified":"2020-05-15T16:27:47+00:00","description":"Hairfit vitaminas para un cabello sano y radiante , restaura el cabello de tratamientos quimicos , acelera el crecimieto del cabello .","breadcrumb":{"@id":"https:\/\/saludyvidastore.com\/en\/product\/hairfit-vitaminas\/#breadcrumb"},"inLanguage":"en-US","potentialAction":[{"@type":"ReadAction","target":["https:\/\/saludyvidastore.com\/en\/product\/hairfit-vitaminas\/"]}]},{"@type":"BreadcrumbList","@id":"https:\/\/saludyvidastore.com\/en\/product\/hairfit-vitaminas\/#breadcrumb","itemListElement":[{"@type":"ListItem","position":1,"name":"Portada","item":"https:\/\/saludyvidastore.com\/en\/"},{"@type":"ListItem","position":2,"name":"Tienda","item":"https:\/\/saludyvidastore.com\/tienda\/"},{"@type":"ListItem","position":3,"name":"Hairfit Wonder Gold"}]}]}},"_links":{"self":[{"href":"https:\/\/saludyvidastore.com\/en\/wp-json\/wp\/v2\/product\/1804"}],"collection":[{"href":"https:\/\/saludyvidastore.com\/en\/wp-json\/wp\/v2\/product"}],"about":[{"href":"https:\/\/saludyvidastore.com\/en\/wp-json\/wp\/v2\/types\/product"}],"replies":[{"embeddable":true,"href":"https:\/\/saludyvidastore.com\/en\/wp-json\/wp\/v2\/comments?post=1804"}],"wp:featuredmedia":[{"embeddable":true,"href":"https:\/\/saludyvidastore.com\/en\/wp-json\/wp\/v2\/media\/3919"}],"wp:attachment":[{"href":"https:\/\/saludyvidastore.com\/en\/wp-json\/wp\/v2\/media?parent=1804"}],"wp:term":[{"taxonomy":"product_cat","embeddable":true,"href":"https:\/\/saludyvidastore.com\/en\/wp-json\/wp\/v2\/product_cat?post=1804"},{"taxonomy":"product_tag","embeddable":true,"href":"https:\/\/saludyvidastore.com\/en\/wp-json\/wp\/v2\/product_tag?post=1804"}],"curies":[{"name":"wp","href":"https:\/\/api.w.org\/{rel}","templated":true}]}}