{"id":1805,"date":"2018-01-28T21:42:54","date_gmt":"2018-01-28T21:42:54","guid":{"rendered":"http:\/\/saludyvidastore.com\/product\/hcg-dietary-suplement-2-fl-oz-60ml\/"},"modified":"2021-11-05T16:56:01","modified_gmt":"2021-11-05T16:56:01","slug":"hcg-dietary-suplement-2-fl-oz-60ml","status":"publish","type":"product","link":"https:\/\/saludyvidastore.com\/en\/product\/hcg-dietary-suplement-2-fl-oz-60ml\/","title":{"rendered":"HCG Dietary Suplement  (60ml)"},"content":{"rendered":"<div class=\"et_pb_row et_pb_row_1 et_pb_row_1-4_1-2_1-4\" style=\"margin: auto; padding: 22.921875px 0px; border: 0px; font-size: 14px; vertical-align: baseline; width: 1031.921875px; max-width: 1200px; color: #666666; font-family: 'Open Sans', Arial, sans-serif;\">\n<div class=\"et_pb_column et_pb_column_1_2 et_pb_column_2\" style=\"margin: 0px 56.75px 0px 0px; padding: 0px; border: 0px; background-color: transparent; vertical-align: baseline; float: left; width: 487.578125px;\">\n<div class=\"et_pb_text et_pb_module et_pb_bg_layout_light et_pb_text_align_left et_pb_text_2\" style=\"margin: 0px; padding: 0px; border: 0px; background-color: transparent; vertical-align: baseline;\">\n<h2>HCG Dietary Suplement (60ml)<\/h2>\n<h2><\/h2>\n<h2 style=\"margin: 0px; padding: 0px 0px 10px; border: 0px; background-color: transparent; font-size: 26px; vertical-align: baseline; color: #333333; font-weight: 500; line-height: 1em;\">\u00bfPor Qu\u00e9 Todos Hablan de la Dieta HCG?<\/h2>\n<ul style=\"margin: 0px; padding: 0px 0px 23px 16px; border: 0px; background-color: transparent; vertical-align: baseline; line-height: 26px;\">\n<li style=\"margin: 0px; padding: 0px; border: 0px; background-color: transparent; vertical-align: baseline;\">\u00a1Porque Funciona!<\/li>\n<li style=\"margin: 0px; padding: 0px; border: 0px; background-color: transparent; vertical-align: baseline;\">Moviliza la Grasa Acumulada<\/li>\n<li style=\"margin: 0px; padding: 0px; border: 0px; background-color: transparent; vertical-align: baseline;\">Suprime el Apetito<\/li>\n<li style=\"margin: 0px; padding: 0px; border: 0px; background-color: transparent; vertical-align: baseline;\">Redistribuye la <a href=\"\/?p=1894\">Grasa Acumulada<\/a> de la Cintura, Cadera y Muslos<\/li>\n<li style=\"margin: 0px; padding: 0px; border: 0px; background-color: transparent; vertical-align: baseline;\">Reduce la Apariencia de Celulitis<\/li>\n<li style=\"margin: 0px; padding: 0px; border: 0px; background-color: transparent; vertical-align: baseline;\">Mantiene la Masa Muscular<\/li>\n<li style=\"margin: 0px; padding: 0px; border: 0px; background-color: transparent; vertical-align: baseline;\">Incrementa los Niveles de Energ\u00eda y Metabolismo<\/li>\n<li style=\"margin: 0px; padding: 0px; border: 0px; background-color: transparent; vertical-align: baseline;\">Disminuye el Antojo de Az\u00facar y Carbohidratos<\/li>\n<li style=\"margin: 0px; padding: 0px; border: 0px; background-color: transparent; vertical-align: baseline;\">Disminuye el Apetito<\/li>\n<li style=\"margin: 0px; padding: 0px; border: 0px; background-color: transparent; vertical-align: baseline;\">Incrementa el Libido<\/li>\n<li style=\"margin: 0px; padding: 0px; border: 0px; background-color: transparent; vertical-align: baseline;\">Perfecto para Mujeres en Menopausia<\/li>\n<li style=\"margin: 0px; padding: 0px; border: 0px; background-color: transparent; vertical-align: baseline;\">Es Incre\u00edblemente R\u00e1pido y Seguro en la P\u00e9rdida de Peso<\/li>\n<li style=\"margin: 0px; padding: 0px; border: 0px; background-color: transparent; vertical-align: baseline;\">No Vuelve a Aumentar de Peso<\/li>\n<li style=\"margin: 0px; padding: 0px; border: 0px; background-color: transparent; vertical-align: baseline;\">Es Igual de Eficaz en la Forma Oral que las Inyecciones<\/li>\n<li style=\"margin: 0px; padding: 0px; border: 0px; background-color: transparent; vertical-align: baseline;\">Ha Sido Incre\u00edblemente Eficaz Desde 1956<\/li>\n<li style=\"margin: 0px; padding: 0px; border: 0px; background-color: transparent; vertical-align: baseline;\">Mujeres Pierden un Promedio de 9-14 Kilos (20-30 Libras) en 30 D\u00edas<\/li>\n<li style=\"margin: 0px; padding: 0px; border: 0px; background-color: transparent; vertical-align: baseline;\">Hombres Pierden un Promedio de 11-20 Kilos (25-45 Libras) en 30 D\u00edas<\/li>\n<\/ul>\n<\/div>\n<\/div>\n<div class=\"et_pb_column et_pb_column_1_4 et_pb_column_3\" style=\"margin-top: 0px; margin-bottom: 0px; margin-left: 0px; padding: 0px; border: 0px; background-color: transparent; vertical-align: baseline; float: left; width: 215.40625px;\">\n<hr class=\"et_pb_module et_pb_space et_pb_divider_1 et-hide-mobile\" style=\"border: none; margin-bottom: 0px;\" \/>\n<\/div>\n<\/div>\n<div class=\" et_pb_row et_pb_row_2\" style=\"margin: auto; padding: 22.921875px 0px; border: 0px; font-size: 14px; vertical-align: baseline; width: 1031.921875px; max-width: 1200px; color: #666666; font-family: 'Open Sans', Arial, sans-serif;\">\n<div class=\"et_pb_column et_pb_column_4_4 et_pb_column_4\" style=\"margin-top: 0px; margin-bottom: 0px; margin-left: 0px; padding: 0px; border: 0px; background-color: transparent; vertical-align: baseline; float: left; width: 1031.921875px;\">\n<div class=\"et_pb_text et_pb_module et_pb_bg_layout_light et_pb_text_align_center et_pb_text_3\" style=\"margin: auto auto 0px; padding: 0px; border: 0px; background-color: transparent; vertical-align: baseline; text-align: center;\">\n<h1 style=\"margin: 0px; padding: 0px 0px 10px; border: 0px; background-color: transparent; font-size: 30px; vertical-align: baseline; color: #333333; font-weight: 500; line-height: 1em;\"><a style=\"margin: 0px; padding: 0px; border: 0px; background-color: transparent; vertical-align: baseline; text-decoration: none;\" href=\"http:\/\/www.originaldietahcg.com\/product\/comprar-dieta-hcg\/\" rel=\"attachment wp-att-303\"><img loading=\"lazy\" class=\"size-medium wp-image-303 aligncenter\" style=\"margin: 0px auto; padding: 0px; background-color: transparent; vertical-align: baseline; max-width: 100%; height: auto;\" src=\"https:\/\/www.originaldietahcg.com\/wp-content\/uploads\/2015\/06\/Calidad-Garantizada-300x203.png\" alt=\"Calidad Garantizada\" width=\"300\" height=\"203\" \/><\/a><\/h1>\n<h1 style=\"margin: 0px; padding: 0px 0px 10px; border: 0px; background-color: transparent; font-size: 30px; vertical-align: baseline; color: #333333; font-weight: 500; line-height: 1em;\">\u00a1TU TIEMPO ES AHORA!<\/h1>\n<h2 style=\"margin: 0px; padding: 0px 0px 10px; border: 0px; background-color: transparent; font-size: 26px; vertical-align: baseline; color: #333333; font-weight: 500; line-height: 1em;\">\u00bfQu\u00e9 es la HCG y que la hace tan efectiva?<\/h2>\n<\/div>\n<\/div>\n<\/div>\n<div class=\"et_pb_row et_pb_row_3 et_pb_row_1-4_1-2_1-4\" style=\"margin: auto; padding: 22.921875px 0px; border: 0px; font-size: 14px; vertical-align: baseline; width: 1031.921875px; max-width: 1200px; color: #666666; font-family: 'Open Sans', Arial, sans-serif;\">\n<div class=\"et_pb_column et_pb_column_1_4 et_pb_column_5\" style=\"margin: 0px 56.75px 0px 0px; padding: 0px; border: 0px; background-color: transparent; vertical-align: baseline; float: left; width: 215.40625px;\">\n<hr class=\"et_pb_module et_pb_space et_pb_divider_2 et-hide-mobile\" style=\"border: none; margin-bottom: 0px;\" \/>\n<\/div>\n<div class=\"et_pb_column et_pb_column_1_2 et_pb_column_6\" style=\"margin: 0px 56.75px 0px 0px; padding: 0px; border: 0px; background-color: transparent; vertical-align: baseline; float: left; width: 487.578125px;\">\n<div class=\"et_pb_text et_pb_module et_pb_bg_layout_light et_pb_text_align_left et_pb_text_4\" style=\"margin: 0px; padding: 0px; border: 0px; background-color: transparent; vertical-align: baseline;\">\n<p style=\"margin: 0px; padding: 0px 0px 1em; border: 0px; background-color: transparent; vertical-align: baseline;\"><img loading=\"lazy\" class=\"alignleft\" style=\"margin: 0px 15px 0px 0px; padding: 0px; background-color: transparent; vertical-align: baseline; max-width: 100%; height: auto; float: left;\" src=\"https:\/\/www.originaldietahcg.com\/wp-content\/uploads\/2015\/06\/0_0_0_0_150_205_csupload_33231617.jpg\" alt=\"\" width=\"150\" height=\"205\" \/>HCG Dietary Suplement (60ml) La HCG tiene muchas funciones y beneficios en la salud y es producido naturalmente en el cuerpo. El HCG manda se\u00f1ales al cerebro para metabolizar la grasa y quemarla utiliz\u00e1ndola como energ\u00eda. Para perder peso, la HCG toma provecho de este mecanismo.<\/p>\n<p style=\"margin: 0px; padding: 0px 0px 1em; border: 0px; background-color: transparent; vertical-align: baseline;\">Al llevar una dieta basada en el consumo de 500 calor\u00edas; la HCG ayuda al cuerpo a compensar la diferencia en las calor\u00edas que necesita para que el cuerpo funcione mediante el uso de la grasa almacenada como alimento y al mismo tiempo ayuda a mantener la masa muscular. Esta es una de las razones por la cual las gotas de la Original Dieta HCG es tan \u00fanica.<\/p>\n<p style=\"margin: 0px; padding: 0px 0px 1em; border: 0px; background-color: transparent; vertical-align: baseline;\">La HCG, aunque es mayormente producida por la mujer durante el embarazo, funciona tanto en hombres como en las mujeres.<\/p>\n<p style=\"margin: 0px; padding: 0px; border: 0px; background-color: transparent; vertical-align: baseline;\">Con la Original Dieta HCG usted perder\u00e1 de entre 9 a 14 Kilos (20 a 30 libras) en tan solo 30 d\u00edas.<\/p>\n<\/div>\n<\/div>\n<\/div>\n","protected":false},"excerpt":{"rendered":"<p>HCG Dietary Suplement (60ml)<\/p>\n<p>\u00bfPor Qu\u00e9 Todos Hablan de la Dieta HCG?<\/p>\n<p>\u00a1Porque Funciona!<br \/>\nMoviliza la Grasa Acumulada<br \/>\nSuprime el Apetito<br \/>\nRedistribuye la <a href=\"\/?p=1894\">Grasa Acumulada<\/a> de la Cintura, Cadera y Muslos<br \/>\nReduce la Apariencia de Celulitis<br \/>\nMantiene la Masa Muscular<br \/>\nIncrementa los Niveles de Energ\u00eda y Metabolismo<br \/>\nDisminuye el Antojo de Az\u00facar y Carbohidratos<br \/>\nDisminuye el Apetito<br \/>\nIncrementa el Libido<br \/>\nPerfecto para Mujeres en Menopausia<br \/>\nEs Incre\u00edblemente [&#8230;]<\/p>\n","protected":false},"featured_media":1121,"comment_status":"open","ping_status":"closed","template":"","meta":[],"product_cat":[49,47,31],"product_tag":[],"acf":[],"yoast_head":"<!-- This site is optimized with the Yoast SEO plugin v18.5.1 - https:\/\/yoast.com\/wordpress\/plugins\/seo\/ -->\n<title>HCG Dietary Suplement (60ml) - Salud y Vida Store<\/title>\n<meta name=\"description\" content=\"HCG Dietary Suplement (60ml) La HCG tiene muchas funciones y beneficios en la salud y es producido naturalmente en el cuerpo.\" \/>\n<meta name=\"robots\" content=\"index, follow, max-snippet:-1, max-image-preview:large, max-video-preview:-1\" \/>\n<link rel=\"canonical\" href=\"https:\/\/saludyvidastore.com\/en\/product\/hcg-dietary-suplement-2-fl-oz-60ml\/\" \/>\n<meta property=\"og:locale\" content=\"en_US\" \/>\n<meta property=\"og:type\" content=\"article\" \/>\n<meta property=\"og:title\" content=\"HCG Dietary Suplement (60ml) - Salud y Vida Store\" \/>\n<meta property=\"og:description\" content=\"HCG Dietary Suplement (60ml) La HCG tiene muchas funciones y beneficios en la salud y es producido naturalmente en el cuerpo.\" \/>\n<meta property=\"og:url\" content=\"https:\/\/saludyvidastore.com\/en\/product\/hcg-dietary-suplement-2-fl-oz-60ml\/\" \/>\n<meta property=\"og:site_name\" content=\"Salud y Vida Store\" \/>\n<meta property=\"article:publisher\" content=\"https:\/\/www.facebook.com\/ArmoniaNaturalDietShop\/\" \/>\n<meta property=\"article:modified_time\" content=\"2021-11-05T16:56:01+00:00\" \/>\n<meta property=\"og:image\" content=\"https:\/\/saludyvidastore.com\/wp-content\/uploads\/2018\/02\/hcg-dietary-suplement-2-fl-oz-60ml_925.jpg\" \/>\n\t<meta property=\"og:image:width\" content=\"1280\" \/>\n\t<meta property=\"og:image:height\" content=\"776\" \/>\n\t<meta property=\"og:image:type\" content=\"image\/jpeg\" \/>\n<meta name=\"twitter:card\" content=\"summary_large_image\" \/>\n<meta name=\"twitter:label1\" content=\"Est. reading time\" \/>\n\t<meta name=\"twitter:data1\" content=\"1 minute\" \/>\n<script type=\"application\/ld+json\" class=\"yoast-schema-graph\">{\"@context\":\"https:\/\/schema.org\",\"@graph\":[{\"@type\":\"WebSite\",\"@id\":\"https:\/\/saludyvidastore.com\/#website\",\"url\":\"https:\/\/saludyvidastore.com\/\",\"name\":\"Salud y Vida Store\",\"description\":\"Otro sitio realizado con WordPress\",\"potentialAction\":[{\"@type\":\"SearchAction\",\"target\":{\"@type\":\"EntryPoint\",\"urlTemplate\":\"https:\/\/saludyvidastore.com\/?s={search_term_string}\"},\"query-input\":\"required name=search_term_string\"}],\"inLanguage\":\"en-US\"},{\"@type\":\"ImageObject\",\"@id\":\"https:\/\/saludyvidastore.com\/en\/product\/hcg-dietary-suplement-2-fl-oz-60ml\/#primaryimage\",\"inLanguage\":\"en-US\",\"url\":\"https:\/\/saludyvidastore.com\/wp-content\/uploads\/2018\/02\/hcg-dietary-suplement-2-fl-oz-60ml_925.jpg\",\"contentUrl\":\"https:\/\/saludyvidastore.com\/wp-content\/uploads\/2018\/02\/hcg-dietary-suplement-2-fl-oz-60ml_925.jpg\",\"width\":1280,\"height\":776,\"caption\":\"HCG Dietary Suplement (60ml)\"},{\"@type\":\"WebPage\",\"@id\":\"https:\/\/saludyvidastore.com\/en\/product\/hcg-dietary-suplement-2-fl-oz-60ml\/#webpage\",\"url\":\"https:\/\/saludyvidastore.com\/en\/product\/hcg-dietary-suplement-2-fl-oz-60ml\/\",\"name\":\"HCG Dietary Suplement (60ml) - Salud y Vida Store\",\"isPartOf\":{\"@id\":\"https:\/\/saludyvidastore.com\/#website\"},\"primaryImageOfPage\":{\"@id\":\"https:\/\/saludyvidastore.com\/en\/product\/hcg-dietary-suplement-2-fl-oz-60ml\/#primaryimage\"},\"datePublished\":\"2018-01-28T21:42:54+00:00\",\"dateModified\":\"2021-11-05T16:56:01+00:00\",\"description\":\"HCG Dietary Suplement (60ml) La HCG tiene muchas funciones y beneficios en la salud y es producido naturalmente en el cuerpo.\",\"breadcrumb\":{\"@id\":\"https:\/\/saludyvidastore.com\/en\/product\/hcg-dietary-suplement-2-fl-oz-60ml\/#breadcrumb\"},\"inLanguage\":\"en-US\",\"potentialAction\":[{\"@type\":\"ReadAction\",\"target\":[\"https:\/\/saludyvidastore.com\/en\/product\/hcg-dietary-suplement-2-fl-oz-60ml\/\"]}]},{\"@type\":\"BreadcrumbList\",\"@id\":\"https:\/\/saludyvidastore.com\/en\/product\/hcg-dietary-suplement-2-fl-oz-60ml\/#breadcrumb\",\"itemListElement\":[{\"@type\":\"ListItem\",\"position\":1,\"name\":\"Portada\",\"item\":\"https:\/\/saludyvidastore.com\/en\/\"},{\"@type\":\"ListItem\",\"position\":2,\"name\":\"Tienda\",\"item\":\"https:\/\/saludyvidastore.com\/tienda\/\"},{\"@type\":\"ListItem\",\"position\":3,\"name\":\"HCG Dietary Suplement (60ml)\"}]}]}<\/script>\n<!-- \/ Yoast SEO plugin. -->","yoast_head_json":{"title":"HCG Dietary Suplement (60ml) - Salud y Vida Store","description":"HCG Dietary Suplement (60ml) La HCG tiene muchas funciones y beneficios en la salud y es producido naturalmente en el cuerpo.","robots":{"index":"index","follow":"follow","max-snippet":"max-snippet:-1","max-image-preview":"max-image-preview:large","max-video-preview":"max-video-preview:-1"},"canonical":"https:\/\/saludyvidastore.com\/en\/product\/hcg-dietary-suplement-2-fl-oz-60ml\/","og_locale":"en_US","og_type":"article","og_title":"HCG Dietary Suplement (60ml) - Salud y Vida Store","og_description":"HCG Dietary Suplement (60ml) La HCG tiene muchas funciones y beneficios en la salud y es producido naturalmente en el cuerpo.","og_url":"https:\/\/saludyvidastore.com\/en\/product\/hcg-dietary-suplement-2-fl-oz-60ml\/","og_site_name":"Salud y Vida Store","article_publisher":"https:\/\/www.facebook.com\/ArmoniaNaturalDietShop\/","article_modified_time":"2021-11-05T16:56:01+00:00","og_image":[{"width":1280,"height":776,"url":"https:\/\/saludyvidastore.com\/wp-content\/uploads\/2018\/02\/hcg-dietary-suplement-2-fl-oz-60ml_925.jpg","type":"image\/jpeg"}],"twitter_card":"summary_large_image","twitter_misc":{"Est. reading time":"1 minute"},"schema":{"@context":"https:\/\/schema.org","@graph":[{"@type":"WebSite","@id":"https:\/\/saludyvidastore.com\/#website","url":"https:\/\/saludyvidastore.com\/","name":"Salud y Vida Store","description":"Otro sitio realizado con WordPress","potentialAction":[{"@type":"SearchAction","target":{"@type":"EntryPoint","urlTemplate":"https:\/\/saludyvidastore.com\/?s={search_term_string}"},"query-input":"required name=search_term_string"}],"inLanguage":"en-US"},{"@type":"ImageObject","@id":"https:\/\/saludyvidastore.com\/en\/product\/hcg-dietary-suplement-2-fl-oz-60ml\/#primaryimage","inLanguage":"en-US","url":"https:\/\/saludyvidastore.com\/wp-content\/uploads\/2018\/02\/hcg-dietary-suplement-2-fl-oz-60ml_925.jpg","contentUrl":"https:\/\/saludyvidastore.com\/wp-content\/uploads\/2018\/02\/hcg-dietary-suplement-2-fl-oz-60ml_925.jpg","width":1280,"height":776,"caption":"HCG Dietary Suplement (60ml)"},{"@type":"WebPage","@id":"https:\/\/saludyvidastore.com\/en\/product\/hcg-dietary-suplement-2-fl-oz-60ml\/#webpage","url":"https:\/\/saludyvidastore.com\/en\/product\/hcg-dietary-suplement-2-fl-oz-60ml\/","name":"HCG Dietary Suplement (60ml) - Salud y Vida Store","isPartOf":{"@id":"https:\/\/saludyvidastore.com\/#website"},"primaryImageOfPage":{"@id":"https:\/\/saludyvidastore.com\/en\/product\/hcg-dietary-suplement-2-fl-oz-60ml\/#primaryimage"},"datePublished":"2018-01-28T21:42:54+00:00","dateModified":"2021-11-05T16:56:01+00:00","description":"HCG Dietary Suplement (60ml) La HCG tiene muchas funciones y beneficios en la salud y es producido naturalmente en el cuerpo.","breadcrumb":{"@id":"https:\/\/saludyvidastore.com\/en\/product\/hcg-dietary-suplement-2-fl-oz-60ml\/#breadcrumb"},"inLanguage":"en-US","potentialAction":[{"@type":"ReadAction","target":["https:\/\/saludyvidastore.com\/en\/product\/hcg-dietary-suplement-2-fl-oz-60ml\/"]}]},{"@type":"BreadcrumbList","@id":"https:\/\/saludyvidastore.com\/en\/product\/hcg-dietary-suplement-2-fl-oz-60ml\/#breadcrumb","itemListElement":[{"@type":"ListItem","position":1,"name":"Portada","item":"https:\/\/saludyvidastore.com\/en\/"},{"@type":"ListItem","position":2,"name":"Tienda","item":"https:\/\/saludyvidastore.com\/tienda\/"},{"@type":"ListItem","position":3,"name":"HCG Dietary Suplement (60ml)"}]}]}},"_links":{"self":[{"href":"https:\/\/saludyvidastore.com\/en\/wp-json\/wp\/v2\/product\/1805"}],"collection":[{"href":"https:\/\/saludyvidastore.com\/en\/wp-json\/wp\/v2\/product"}],"about":[{"href":"https:\/\/saludyvidastore.com\/en\/wp-json\/wp\/v2\/types\/product"}],"replies":[{"embeddable":true,"href":"https:\/\/saludyvidastore.com\/en\/wp-json\/wp\/v2\/comments?post=1805"}],"wp:featuredmedia":[{"embeddable":true,"href":"https:\/\/saludyvidastore.com\/en\/wp-json\/wp\/v2\/media\/1121"}],"wp:attachment":[{"href":"https:\/\/saludyvidastore.com\/en\/wp-json\/wp\/v2\/media?parent=1805"}],"wp:term":[{"taxonomy":"product_cat","embeddable":true,"href":"https:\/\/saludyvidastore.com\/en\/wp-json\/wp\/v2\/product_cat?post=1805"},{"taxonomy":"product_tag","embeddable":true,"href":"https:\/\/saludyvidastore.com\/en\/wp-json\/wp\/v2\/product_tag?post=1805"}],"curies":[{"name":"wp","href":"https:\/\/api.w.org\/{rel}","templated":true}]}}