{"id":1810,"date":"2018-01-28T21:42:52","date_gmt":"2018-01-28T21:42:52","guid":{"rendered":"http:\/\/saludyvidastore.com\/product\/ginkgo-flex-80mgx60-caps\/"},"modified":"2018-08-23T20:38:11","modified_gmt":"2018-08-23T20:38:11","slug":"ginkgo-biloba-ginkgo-flex","status":"publish","type":"product","link":"https:\/\/saludyvidastore.com\/en\/product\/ginkgo-biloba-ginkgo-flex\/","title":{"rendered":"GINKGO FLEX 80MGx60 CAPS"},"content":{"rendered":"<p><span style=\"font-family: arial, helvetica, sans-serif;\">El Ginkgo Flex te entrega el suplemento nutricional que necesitas para ayudar a la circulaci\u00f3n hacia las extremidades. Adem\u00e1s, el Ginkgo ayuda a mantener la memoria, especialmente los problemas de memoria ocasionales asociados al envejecimiento. El Ginkgo Biloba contiene propiedades antioxidantes que ayudan a combatir los radicales libres en el cuerpo. Los radicales libres pueden contribuir al envejecimiento prematuro de las c\u00e9lulas.<\/span><\/p>\n<p><span style=\"font-family: arial, helvetica, sans-serif;\"><br \/>\n<\/span><span style=\"font-family: arial, helvetica, sans-serif;\">Las hojas del <strong>Ginkgo Flex<\/strong> contiene flavonas (quercetol, kenferol, etc\u00e9tera), lactonas terp\u00e9nicas (ginkg\u00f3lidos) y fitosteroles. Poseen efectos venot\u00f3nicos m\u00e1s que notables, act\u00faan como neuroprotectoras, vasodiladoras a nivel perif\u00e9rico, antiagregante plaquetario, antihemorroidal, diur\u00e9tico y <a href=\"https:\/\/www.webconsultas.com\/dieta-y-nutricion\/nutrientes\/antioxidantes-3971\">antioxidante<\/a>.<\/span><\/p>\n<p><span style=\"font-family: arial, helvetica, sans-serif;\">En la medicina tradicional china, las semillas del ginkgo se han tomado para combatir las flemas en ataques asm\u00e1ticos y <a href=\"https:\/\/www.webconsultas.com\/bronquitis\/bronquitis-442\">bronquitis<\/a>, como antial\u00e9rgico, para tratar la <a href=\"https:\/\/www.webconsultas.com\/salud-al-dia\/incontinencia-urinaria\/incontinencia-urinaria-2112\">incontinencia urinaria<\/a>, la <a href=\"https:\/\/www.webconsultas.com\/bebes-y-ninos\/afecciones-tipicas-infantiles\/enuresis-nocturna\">enuresis infantil<\/a>, la inflamaci\u00f3n de vejiga, la <a href=\"https:\/\/www.webconsultas.com\/salud-al-dia\/candidiasis\/que-es-la-candidiasis\">candidiasis<\/a> vaginal, y como t\u00f3nico renal \u2013yang\u2013 y revulsivo sexual. Y las hojas se han destinado a aliviar trastornos de circulaci\u00f3n, inflamaciones reum\u00e1ticas y problemas de la piel.<\/span><\/p>\n<p>&nbsp;<\/p>\n<p><span style=\"font-family: arial, helvetica, sans-serif;\">El Ginkgo se revela como uno de los remedios de fitoterapia y <a href=\"https:\/\/www.webconsultas.com\/belleza-y-bienestar\/terapias-alternativas\/homeopatia-2552\">homeopat\u00eda<\/a> de mayor uso para tratar <strong>trastornos asociados a los d\u00e9ficits de circulaci\u00f3n sangu\u00ednea a nivel cerebral<\/strong>, pero no en todos los casos existe unanimidad cient\u00edfica sobre sus <strong>beneficios<\/strong>.<\/span><\/p>\n<p><span style=\"font-family: arial, helvetica, sans-serif;\">A continuaci\u00f3n te detallamos las <strong>indicaciones del Ginkgo<\/strong> sobre las que existe mayor consenso cient\u00edfico:<\/span><\/p>\n<ul class=\"wc-listado-iconos beneficio\">\n<li><span style=\"font-family: arial, helvetica, sans-serif;\">El <strong>dolor y <a href=\"https:\/\/www.webconsultas.com\/belleza-y-bienestar\/habitos-saludables\/pesadez-de-piernas-o-piernas-cansadas-7686\">pesadez de piernas<\/a><\/strong> provocado por una deficiencia en el flujo circulatorio de las extremidades inferiores conocido como <strong>claudicaci\u00f3n intermitente<\/strong>, que padecen muchas personas, sobre todo en la madurez y la vejez, pero que tambi\u00e9n se da en personas obesas, sedentarias o con trastornos de la circulaci\u00f3n sangu\u00ednea. Puede resultar muy limitante y generar mucha desaz\u00f3n y malestar a quien lo padece. El Ginkgo se ha demostrado eficaz para aliviar sus s\u00edntomas y reducir las molestias cuando se toma en tratamientos prolongados y sistem\u00e1ticos.<\/span><\/li>\n<li><span style=\"font-family: arial, helvetica, sans-serif;\">Las sensaciones de <a href=\"https:\/\/www.webconsultas.com\/vertigo\/vertigo-2245\"><strong>v\u00e9rtigo<\/strong><\/a>, mareos ocasionales y episodios de <a href=\"https:\/\/www.webconsultas.com\/migrana\/migrana-627\">migra\u00f1a<\/a>, vinculados con una disminuci\u00f3n del riego sangu\u00edneo a nivel cerebral, pueden tambi\u00e9n ser combatidos con tratamientos a base de Ginkgo biloba.<\/span><\/li>\n<li><span style=\"font-family: arial, helvetica, sans-serif;\"><strong>Trastornos venosos<\/strong> asociados a una circulaci\u00f3n sangu\u00ednea deficiente, como las <a href=\"https:\/\/www.webconsultas.com\/varices\/varices-741\">varices<\/a> y las <a href=\"https:\/\/www.webconsultas.com\/hemorroides\/hemorroides-328\"><strong>hemorroides<\/strong><\/a>, encuentran en estas hojas una soluci\u00f3n f\u00e1cil de preparar, ya sea por v\u00eda oral, o en forma de ba\u00f1os y friegas muy reconfortantes, pero los expertos aconsejan asociarlo a otras plantas que le superan en eficacia como el casta\u00f1o de Indias, el meliloto o el rusco.<\/span><\/li>\n<li><span style=\"font-family: arial, helvetica, sans-serif;\">Se ha indicado para la <strong>prevenci\u00f3n de<\/strong> <strong>tromboembolias<\/strong>, <a href=\"https:\/\/www.webconsultas.com\/salud-al-dia\/arteriosclerosis\/que-es-la-arteriosclerosis\">arteriosclerosis<\/a> y <a href=\"https:\/\/www.webconsultas.com\/ictus\/ictus-582\">derrames cerebrales<\/a>, por tener efectos vasodilatadores y <a href=\"https:\/\/www.webconsultas.com\/dieta-y-nutricion\/nutrientes\/antioxidantes-3971\">antioxidantes<\/a>, que act\u00faan sobre el mecanismo vascular. Puede constituir una gran ayuda para facilitar la recuperaci\u00f3n a personas que han padecido este tipo de accidentes vasculares.<\/span><\/li>\n<li><span style=\"font-family: arial, helvetica, sans-serif;\">Puede ayudar a <strong>potenciar la<\/strong> <strong>memoria<\/strong> y la capacidad de concentraci\u00f3n, un punto sobre el que ya no existe tanto consenso y que en algunos foros se considera falto de veracidad cient\u00edfica. Los extractos de esta planta pueden llegar a mejorar hasta en un 9% el riego sangu\u00edneo a nivel cerebral, compar\u00e1ndose en eficacia con muchos medicamentos que tienen la misma finalidad. A juicio de los expertos se precisan tratamientos a largo plazo para que puedan llegar a apreciarse resultados significativos.<\/span><\/li>\n<li><span style=\"font-family: arial, helvetica, sans-serif;\">La percepci\u00f3n de timbres o sonidos en los o\u00eddos o <a href=\"https:\/\/www.webconsultas.com\/salud-al-dia\/tinnitus\/que-es-el-tinnitus\"><strong>tinnitus<\/strong><\/a> son tambi\u00e9n tratados con extractos de Ginkgo, sobre todo cuando este trastorno est\u00e1 relacionado con problemas vasculares. El Ginkgo aporta toda la fuerza de su efecto vasodilatador.<\/span><\/li>\n<li><span style=\"font-family: arial, helvetica, sans-serif;\">Se ha prescrito tambi\u00e9n para el tratamiento de <strong>procesos depresivos<\/strong> no profundos en personas mayores. Estos procesos pueden estar asociados en muchos casos a una insuficiencia cerebral y a una reducci\u00f3n de los receptores de serotonina \u2013un neurotransmisor\u2013en las c\u00e9lulas nerviosas del <a href=\"https:\/\/www.webconsultas.com\/categoria\/tags\/cerebro\">cerebro<\/a>, por ello se considera que el Ginkgo puede ayudar a combatir la <a href=\"https:\/\/www.webconsultas.com\/depresion\/depresion-289\">depresi\u00f3n<\/a> cuando existen alteraciones vinculadas al envejecimiento.<\/span><\/li>\n<\/ul>\n<p><span style=\"font-family: arial, helvetica, sans-serif;\">\u00a0<\/span><\/p>\n","protected":false},"excerpt":{"rendered":"<p>El Ginkgo Flex\u00a0 te entrega el suplemento nutricional que necesitas para ayudar a la circulaci\u00f3n hacia las extremidades. Adem\u00e1s, el Ginkgo ayuda a mantener la memoria, especialmente los problemas de memoria ocasionales asociados al envejecimiento. El Ginkgo Biloba contiene propiedades antioxidantes que ayudan a combatir los radicales libres en el cuerpo. Los radicales libres pueden contribuir al envejecimiento prematuro de las c\u00e9lulas.<\/p>\n","protected":false},"featured_media":1147,"comment_status":"open","ping_status":"closed","template":"","meta":[],"product_cat":[47,34],"product_tag":[],"acf":[],"yoast_head":"<!-- This site is optimized with the Yoast SEO plugin v18.5.1 - https:\/\/yoast.com\/wordpress\/plugins\/seo\/ -->\n<title>GINKGO FLEX 80MGx60 CAPS - Salud y Vida Store<\/title>\n<meta name=\"description\" content=\"trata la p\u00e9rdida de memoria , dolor de cabeza, tinitos (zumbido de o\u00eddos), v\u00e9rtigo, dificultad para concentrarse, cambios de humor y deficiencia auditiva.\" \/>\n<meta name=\"robots\" content=\"index, follow, max-snippet:-1, max-image-preview:large, max-video-preview:-1\" \/>\n<link rel=\"canonical\" href=\"https:\/\/saludyvidastore.com\/en\/product\/ginkgo-biloba-ginkgo-flex\/\" \/>\n<meta property=\"og:locale\" content=\"en_US\" \/>\n<meta property=\"og:type\" content=\"article\" \/>\n<meta property=\"og:title\" content=\"GINKGO FLEX 80MGx60 CAPS - Salud y Vida Store\" \/>\n<meta property=\"og:description\" content=\"trata la p\u00e9rdida de memoria , dolor de cabeza, tinitos (zumbido de o\u00eddos), v\u00e9rtigo, dificultad para concentrarse, cambios de humor y deficiencia auditiva.\" \/>\n<meta property=\"og:url\" content=\"https:\/\/saludyvidastore.com\/en\/product\/ginkgo-biloba-ginkgo-flex\/\" \/>\n<meta property=\"og:site_name\" content=\"Salud y Vida Store\" \/>\n<meta property=\"article:publisher\" content=\"https:\/\/www.facebook.com\/ArmoniaNaturalDietShop\/\" \/>\n<meta property=\"article:modified_time\" content=\"2018-08-23T20:38:11+00:00\" \/>\n<meta property=\"og:image\" content=\"https:\/\/saludyvidastore.com\/wp-content\/uploads\/2018\/02\/ginkgo-flex-80mgx60-caps_691.jpg\" \/>\n\t<meta property=\"og:image:width\" content=\"1000\" \/>\n\t<meta property=\"og:image:height\" content=\"1000\" \/>\n\t<meta property=\"og:image:type\" content=\"image\/jpeg\" \/>\n<meta name=\"twitter:card\" content=\"summary_large_image\" \/>\n<meta name=\"twitter:label1\" content=\"Est. reading time\" \/>\n\t<meta name=\"twitter:data1\" content=\"3 minutes\" \/>\n<script type=\"application\/ld+json\" class=\"yoast-schema-graph\">{\"@context\":\"https:\/\/schema.org\",\"@graph\":[{\"@type\":\"WebSite\",\"@id\":\"https:\/\/saludyvidastore.com\/#website\",\"url\":\"https:\/\/saludyvidastore.com\/\",\"name\":\"Salud y Vida Store\",\"description\":\"Otro sitio realizado con WordPress\",\"potentialAction\":[{\"@type\":\"SearchAction\",\"target\":{\"@type\":\"EntryPoint\",\"urlTemplate\":\"https:\/\/saludyvidastore.com\/?s={search_term_string}\"},\"query-input\":\"required name=search_term_string\"}],\"inLanguage\":\"en-US\"},{\"@type\":\"ImageObject\",\"@id\":\"https:\/\/saludyvidastore.com\/en\/product\/ginkgo-biloba-ginkgo-flex\/#primaryimage\",\"inLanguage\":\"en-US\",\"url\":\"https:\/\/saludyvidastore.com\/wp-content\/uploads\/2018\/02\/ginkgo-flex-80mgx60-caps_691.jpg\",\"contentUrl\":\"https:\/\/saludyvidastore.com\/wp-content\/uploads\/2018\/02\/ginkgo-flex-80mgx60-caps_691.jpg\",\"width\":1000,\"height\":1000},{\"@type\":\"WebPage\",\"@id\":\"https:\/\/saludyvidastore.com\/en\/product\/ginkgo-biloba-ginkgo-flex\/#webpage\",\"url\":\"https:\/\/saludyvidastore.com\/en\/product\/ginkgo-biloba-ginkgo-flex\/\",\"name\":\"GINKGO FLEX 80MGx60 CAPS - Salud y Vida Store\",\"isPartOf\":{\"@id\":\"https:\/\/saludyvidastore.com\/#website\"},\"primaryImageOfPage\":{\"@id\":\"https:\/\/saludyvidastore.com\/en\/product\/ginkgo-biloba-ginkgo-flex\/#primaryimage\"},\"datePublished\":\"2018-01-28T21:42:52+00:00\",\"dateModified\":\"2018-08-23T20:38:11+00:00\",\"description\":\"trata la p\u00e9rdida de memoria , dolor de cabeza, tinitos (zumbido de o\u00eddos), v\u00e9rtigo, dificultad para concentrarse, cambios de humor y deficiencia auditiva.\",\"breadcrumb\":{\"@id\":\"https:\/\/saludyvidastore.com\/en\/product\/ginkgo-biloba-ginkgo-flex\/#breadcrumb\"},\"inLanguage\":\"en-US\",\"potentialAction\":[{\"@type\":\"ReadAction\",\"target\":[\"https:\/\/saludyvidastore.com\/en\/product\/ginkgo-biloba-ginkgo-flex\/\"]}]},{\"@type\":\"BreadcrumbList\",\"@id\":\"https:\/\/saludyvidastore.com\/en\/product\/ginkgo-biloba-ginkgo-flex\/#breadcrumb\",\"itemListElement\":[{\"@type\":\"ListItem\",\"position\":1,\"name\":\"Portada\",\"item\":\"https:\/\/saludyvidastore.com\/en\/\"},{\"@type\":\"ListItem\",\"position\":2,\"name\":\"Tienda\",\"item\":\"https:\/\/saludyvidastore.com\/tienda\/\"},{\"@type\":\"ListItem\",\"position\":3,\"name\":\"GINKGO FLEX 80MGx60 CAPS\"}]}]}<\/script>\n<!-- \/ Yoast SEO plugin. -->","yoast_head_json":{"title":"GINKGO FLEX 80MGx60 CAPS - Salud y Vida Store","description":"trata la p\u00e9rdida de memoria , dolor de cabeza, tinitos (zumbido de o\u00eddos), v\u00e9rtigo, dificultad para concentrarse, cambios de humor y deficiencia auditiva.","robots":{"index":"index","follow":"follow","max-snippet":"max-snippet:-1","max-image-preview":"max-image-preview:large","max-video-preview":"max-video-preview:-1"},"canonical":"https:\/\/saludyvidastore.com\/en\/product\/ginkgo-biloba-ginkgo-flex\/","og_locale":"en_US","og_type":"article","og_title":"GINKGO FLEX 80MGx60 CAPS - Salud y Vida Store","og_description":"trata la p\u00e9rdida de memoria , dolor de cabeza, tinitos (zumbido de o\u00eddos), v\u00e9rtigo, dificultad para concentrarse, cambios de humor y deficiencia auditiva.","og_url":"https:\/\/saludyvidastore.com\/en\/product\/ginkgo-biloba-ginkgo-flex\/","og_site_name":"Salud y Vida Store","article_publisher":"https:\/\/www.facebook.com\/ArmoniaNaturalDietShop\/","article_modified_time":"2018-08-23T20:38:11+00:00","og_image":[{"width":1000,"height":1000,"url":"https:\/\/saludyvidastore.com\/wp-content\/uploads\/2018\/02\/ginkgo-flex-80mgx60-caps_691.jpg","type":"image\/jpeg"}],"twitter_card":"summary_large_image","twitter_misc":{"Est. reading time":"3 minutes"},"schema":{"@context":"https:\/\/schema.org","@graph":[{"@type":"WebSite","@id":"https:\/\/saludyvidastore.com\/#website","url":"https:\/\/saludyvidastore.com\/","name":"Salud y Vida Store","description":"Otro sitio realizado con WordPress","potentialAction":[{"@type":"SearchAction","target":{"@type":"EntryPoint","urlTemplate":"https:\/\/saludyvidastore.com\/?s={search_term_string}"},"query-input":"required name=search_term_string"}],"inLanguage":"en-US"},{"@type":"ImageObject","@id":"https:\/\/saludyvidastore.com\/en\/product\/ginkgo-biloba-ginkgo-flex\/#primaryimage","inLanguage":"en-US","url":"https:\/\/saludyvidastore.com\/wp-content\/uploads\/2018\/02\/ginkgo-flex-80mgx60-caps_691.jpg","contentUrl":"https:\/\/saludyvidastore.com\/wp-content\/uploads\/2018\/02\/ginkgo-flex-80mgx60-caps_691.jpg","width":1000,"height":1000},{"@type":"WebPage","@id":"https:\/\/saludyvidastore.com\/en\/product\/ginkgo-biloba-ginkgo-flex\/#webpage","url":"https:\/\/saludyvidastore.com\/en\/product\/ginkgo-biloba-ginkgo-flex\/","name":"GINKGO FLEX 80MGx60 CAPS - Salud y Vida Store","isPartOf":{"@id":"https:\/\/saludyvidastore.com\/#website"},"primaryImageOfPage":{"@id":"https:\/\/saludyvidastore.com\/en\/product\/ginkgo-biloba-ginkgo-flex\/#primaryimage"},"datePublished":"2018-01-28T21:42:52+00:00","dateModified":"2018-08-23T20:38:11+00:00","description":"trata la p\u00e9rdida de memoria , dolor de cabeza, tinitos (zumbido de o\u00eddos), v\u00e9rtigo, dificultad para concentrarse, cambios de humor y deficiencia auditiva.","breadcrumb":{"@id":"https:\/\/saludyvidastore.com\/en\/product\/ginkgo-biloba-ginkgo-flex\/#breadcrumb"},"inLanguage":"en-US","potentialAction":[{"@type":"ReadAction","target":["https:\/\/saludyvidastore.com\/en\/product\/ginkgo-biloba-ginkgo-flex\/"]}]},{"@type":"BreadcrumbList","@id":"https:\/\/saludyvidastore.com\/en\/product\/ginkgo-biloba-ginkgo-flex\/#breadcrumb","itemListElement":[{"@type":"ListItem","position":1,"name":"Portada","item":"https:\/\/saludyvidastore.com\/en\/"},{"@type":"ListItem","position":2,"name":"Tienda","item":"https:\/\/saludyvidastore.com\/tienda\/"},{"@type":"ListItem","position":3,"name":"GINKGO FLEX 80MGx60 CAPS"}]}]}},"_links":{"self":[{"href":"https:\/\/saludyvidastore.com\/en\/wp-json\/wp\/v2\/product\/1810"}],"collection":[{"href":"https:\/\/saludyvidastore.com\/en\/wp-json\/wp\/v2\/product"}],"about":[{"href":"https:\/\/saludyvidastore.com\/en\/wp-json\/wp\/v2\/types\/product"}],"replies":[{"embeddable":true,"href":"https:\/\/saludyvidastore.com\/en\/wp-json\/wp\/v2\/comments?post=1810"}],"wp:featuredmedia":[{"embeddable":true,"href":"https:\/\/saludyvidastore.com\/en\/wp-json\/wp\/v2\/media\/1147"}],"wp:attachment":[{"href":"https:\/\/saludyvidastore.com\/en\/wp-json\/wp\/v2\/media?parent=1810"}],"wp:term":[{"taxonomy":"product_cat","embeddable":true,"href":"https:\/\/saludyvidastore.com\/en\/wp-json\/wp\/v2\/product_cat?post=1810"},{"taxonomy":"product_tag","embeddable":true,"href":"https:\/\/saludyvidastore.com\/en\/wp-json\/wp\/v2\/product_tag?post=1810"}],"curies":[{"name":"wp","href":"https:\/\/api.w.org\/{rel}","templated":true}]}}