{"id":1824,"date":"2018-01-28T21:42:47","date_gmt":"2018-01-28T21:42:47","guid":{"rendered":"http:\/\/saludyvidastore.com\/product\/g-180-high-performance-dietary-supplement\/"},"modified":"2023-11-28T14:38:17","modified_gmt":"2023-11-28T14:38:17","slug":"g-180-high-performance-dietary","status":"publish","type":"product","link":"https:\/\/saludyvidastore.com\/en\/product\/g-180-high-performance-dietary\/","title":{"rendered":"G-180  High Performance Dietary Supplement"},"content":{"rendered":"<h1 style=\"text-align: center;\"><span class=\"title\" style=\"letter-spacing: -1px; font-family: arial, helvetica, sans-serif; margin: 0px 0px 6px; display: block; color: #2b2b2b; font-size: 10pt;\"><strong style=\"font-size: 14px;\">G -180 + Pro \u00a0HIGH PERFORMANCE<\/strong><\/span><\/h1>\n<p><span class=\"title\" style=\"letter-spacing: -1px; font-family: 'Open Sans', Arial, Helvetica, sans-serif; font-size: 20px; margin: 0px 0px 6px; display: block; color: #2b2b2b;\"><strong style=\"font-size: 14px;\">G-180\u00a0 +pro<\/strong><span style=\"font-size: 14px;\">\u00a0es un extraordinario quemador de grasa 6 en 1 s\u00faper-<a href=\"\/?p=460\">termog\u00e9nico<\/a>, G-180 tiene una transparente f\u00f3rmula completa que entrega seis beneficios diferentes: super-termog\u00e9nesis, energ\u00eda extrema, supresor del hambre, t\u00f3nico m\u00fascular, fusor de grasa y potencia para perder peso. Es un verdadero termog\u00e9nico de \u00e9lite que ofrece una experiencia sensorial incre\u00edble.<\/span><\/span><\/p>\n<h2 style=\"font-size: 21px; margin: 10px 0px 11px; font-family: 'Open Sans', Arial, Helvetica, sans-serif; font-weight: 300; line-height: 1.2em; color: #2b2b2b; letter-spacing: -1px; padding: 0px 0px 5px; text-transform: uppercase; text-align: center;\"><strong><em><span style=\"font-size: 12.1599998474121px; line-height: 1.3em;\">Con G-180 PUEDES SER QUIEN QUIERAS SER, SOLO TIENES QUE DECIDIR SERLO.<\/span><\/em><\/strong><\/h2>\n<p style=\"margin: 0px 0px 0.9em; color: #2b2b2b; font-family: 'Open Sans', Arial, Helvetica, sans-serif; font-size: 14px;\">S\u00f3lo G-180 contiene ingredientes espec\u00edficos para la oxidaci\u00f3n de la grasa y la <a href=\"https:\/\/conceptodefinicion.de\/diuresis\/\">diuresis<\/a>. Lo mejor de todo, es que\u00a0 \u00a0 \u00a0 \u00a0G-180 mantiene su masa muscular mientras elimina las grasas y el agua sobrante. Existen otros termog\u00e9nicos dirigidos \u00fanicamente a perder peso, por lo que pueden reducir no s\u00f3lo las grasas, sino tambi\u00e9n la masa muscular.\u00a0 \u00a0 \u00a0 \u00a0G-180 ha sido creado para permitir la m\u00e1xima p\u00e9rdida de grasas sin que disminuya sus m\u00fasculos. G-180 posee una f\u00f3rmula completa para aquellos que deseen ponerse en forma, por eso es diferente de los productos termog\u00e9nicos tradicionales que s\u00f3lo ayudan a quemar calor\u00edas. Para estar definido, no es suficiente con tener un bajo nivel de grasa corporal, tambi\u00e9n es necesario eliminar el agua subcut\u00e1nea.<\/p>\n<p style=\"margin: 0px 0px 0.9em; color: #2b2b2b; font-family: 'Open Sans', Arial, Helvetica, sans-serif; font-size: 14px;\"><strong style=\"font-size: 12.1599998474121px; line-height: 1.3em;\">Presentaci\u00f3n<\/strong><\/p>\n<p style=\"margin: 0px 0px 0.9em; color: #2b2b2b; font-family: 'Open Sans', Arial, Helvetica, sans-serif; font-size: 14px;\">Frasco por 30 capsulas.<\/p>\n<p style=\"margin: 0px 0px 0.9em; color: #2b2b2b; font-family: 'Open Sans', Arial, Helvetica, sans-serif; font-size: 14px;\"><strong>\u00bfComo tomarlo?<\/strong><\/p>\n<p style=\"margin: 0px 0px 0.9em; color: #2b2b2b; font-family: 'Open Sans', Arial, Helvetica, sans-serif; font-size: 14px;\">Tomar 1 capsula diaria en las ma\u00f1anas antes o despu\u00e9s del desayuno , se recomienda hidratarse bien con agua durante el dia !<\/p>\n<p style=\"margin: 0px 0px 0.9em; color: #2b2b2b; font-family: 'Open Sans', Arial, Helvetica, sans-serif; font-size: 14px;\"><strong>\u00bfQuienes no deben usarlo?<\/strong><\/p>\n<ul style=\"padding: 0px; margin: 0px 0px 20px 25px; color: #2b2b2b; font-family: 'Open Sans', Arial, Helvetica, sans-serif; font-size: 14px;\">\n<li style=\"line-height: 20px; margin-left: 0px;\">Si usted est\u00e1 embarazada, planea quedar embarazada o si est\u00e1 en periodo de lactancia<\/li>\n<li style=\"line-height: 20px; margin-left: 0px;\">Si est\u00e1 tomando cualquier prescripci\u00f3n o medicamentos de venta libre, preparados de hierbas o suplemento diet\u00e9tico<\/li>\n<li style=\"line-height: 20px; margin-left: 0px;\">Si usted tiene alergias a medicamentos, alimentos u otras sustancias<\/li>\n<li style=\"line-height: 20px; margin-left: 0px;\">Si tiene problemas de h\u00edgado o enfermedades, problemas renales o que comprometa de forma directa o indirecta los ri\u00f1ones, diabetes, gota, enfermedades de la ves\u00edcula, dolor en el pecho, enfermedad card\u00edaca, ulceras o presi\u00f3n arterial alta-baja<\/li>\n<li style=\"line-height: 20px; margin-left: 0px;\">Si usted tiene un historial de \u00falcera del est\u00f3mago o ataque al coraz\u00f3n, bebe alcohol de forma regular<\/li>\n<li style=\"line-height: 20px; margin-left: 0px;\">Si es mayor de 60 a\u00f1os o menor de 18 a\u00f1os<\/li>\n<li style=\"line-height: 20px; margin-left: 0px;\">Si padece de problemas alimenticios como Bulimia, Anorexia. Es importante recordar que un desorden alimenticio es muy f\u00e1cil que se vaya de las manos, puesto que se asocia a h\u00e1bitos muy dif\u00edciles de erradicar.<\/li>\n<\/ul>\n","protected":false},"excerpt":{"rendered":"<p>G-180 es un extraordinario quemador de grasa 6 en 1 s\u00faper-termog\u00e9nico, G-180 tiene una transparente f\u00f3rmula completa que entrega seis beneficios diferentes: super-termog\u00e9nesis, energ\u00eda extrema, supresor del hambre, t\u00f3nico m\u00fascular, fusor de grasa y potencia para perder peso.<\/p>\n","protected":false},"featured_media":5741,"comment_status":"open","ping_status":"closed","template":"","meta":[],"product_cat":[49,31],"product_tag":[],"acf":[],"yoast_head":"<!-- This site is optimized with the Yoast SEO plugin v18.5.1 - https:\/\/yoast.com\/wordpress\/plugins\/seo\/ -->\n<title>G-180 High Performance Dietary Supplement - Salud y Vida Store<\/title>\n<meta name=\"description\" content=\"G-180 High Performance , Adelgazante supresor de la ansiedad y el apetito, quema grasa de forma natural y no tiene efectos secundarios .\" \/>\n<meta name=\"robots\" content=\"index, follow, max-snippet:-1, max-image-preview:large, max-video-preview:-1\" \/>\n<link rel=\"canonical\" href=\"https:\/\/saludyvidastore.com\/en\/product\/g-180-high-performance-dietary\/\" \/>\n<meta property=\"og:locale\" content=\"en_US\" \/>\n<meta property=\"og:type\" content=\"article\" \/>\n<meta property=\"og:title\" content=\"G-180 High Performance Dietary Supplement - Salud y Vida Store\" \/>\n<meta property=\"og:description\" content=\"G-180 High Performance , Adelgazante supresor de la ansiedad y el apetito, quema grasa de forma natural y no tiene efectos secundarios .\" \/>\n<meta property=\"og:url\" content=\"https:\/\/saludyvidastore.com\/en\/product\/g-180-high-performance-dietary\/\" \/>\n<meta property=\"og:site_name\" content=\"Salud y Vida Store\" \/>\n<meta property=\"article:publisher\" content=\"https:\/\/www.facebook.com\/ArmoniaNaturalDietShop\/\" \/>\n<meta property=\"article:modified_time\" content=\"2023-11-28T14:38:17+00:00\" \/>\n<meta property=\"og:image\" content=\"https:\/\/saludyvidastore.com\/wp-content\/uploads\/2018\/01\/g180pro.3.jpeg\" \/>\n\t<meta property=\"og:image:width\" content=\"1080\" \/>\n\t<meta property=\"og:image:height\" content=\"1080\" \/>\n\t<meta property=\"og:image:type\" content=\"image\/jpeg\" \/>\n<meta name=\"twitter:card\" content=\"summary_large_image\" \/>\n<meta name=\"twitter:label1\" content=\"Est. reading time\" \/>\n\t<meta name=\"twitter:data1\" content=\"2 minutes\" \/>\n<script type=\"application\/ld+json\" class=\"yoast-schema-graph\">{\"@context\":\"https:\/\/schema.org\",\"@graph\":[{\"@type\":\"WebSite\",\"@id\":\"https:\/\/saludyvidastore.com\/#website\",\"url\":\"https:\/\/saludyvidastore.com\/\",\"name\":\"Salud y Vida Store\",\"description\":\"Otro sitio realizado con WordPress\",\"potentialAction\":[{\"@type\":\"SearchAction\",\"target\":{\"@type\":\"EntryPoint\",\"urlTemplate\":\"https:\/\/saludyvidastore.com\/?s={search_term_string}\"},\"query-input\":\"required name=search_term_string\"}],\"inLanguage\":\"en-US\"},{\"@type\":\"ImageObject\",\"@id\":\"https:\/\/saludyvidastore.com\/en\/product\/g-180-high-performance-dietary\/#primaryimage\",\"inLanguage\":\"en-US\",\"url\":\"https:\/\/saludyvidastore.com\/wp-content\/uploads\/2018\/01\/g180pro.3.jpeg\",\"contentUrl\":\"https:\/\/saludyvidastore.com\/wp-content\/uploads\/2018\/01\/g180pro.3.jpeg\",\"width\":1080,\"height\":1080,\"caption\":\"G-180 Pro fat burner\"},{\"@type\":\"WebPage\",\"@id\":\"https:\/\/saludyvidastore.com\/en\/product\/g-180-high-performance-dietary\/#webpage\",\"url\":\"https:\/\/saludyvidastore.com\/en\/product\/g-180-high-performance-dietary\/\",\"name\":\"G-180 High Performance Dietary Supplement - Salud y Vida Store\",\"isPartOf\":{\"@id\":\"https:\/\/saludyvidastore.com\/#website\"},\"primaryImageOfPage\":{\"@id\":\"https:\/\/saludyvidastore.com\/en\/product\/g-180-high-performance-dietary\/#primaryimage\"},\"datePublished\":\"2018-01-28T21:42:47+00:00\",\"dateModified\":\"2023-11-28T14:38:17+00:00\",\"description\":\"G-180 High Performance , Adelgazante supresor de la ansiedad y el apetito, quema grasa de forma natural y no tiene efectos secundarios .\",\"breadcrumb\":{\"@id\":\"https:\/\/saludyvidastore.com\/en\/product\/g-180-high-performance-dietary\/#breadcrumb\"},\"inLanguage\":\"en-US\",\"potentialAction\":[{\"@type\":\"ReadAction\",\"target\":[\"https:\/\/saludyvidastore.com\/en\/product\/g-180-high-performance-dietary\/\"]}]},{\"@type\":\"BreadcrumbList\",\"@id\":\"https:\/\/saludyvidastore.com\/en\/product\/g-180-high-performance-dietary\/#breadcrumb\",\"itemListElement\":[{\"@type\":\"ListItem\",\"position\":1,\"name\":\"Portada\",\"item\":\"https:\/\/saludyvidastore.com\/en\/\"},{\"@type\":\"ListItem\",\"position\":2,\"name\":\"Tienda\",\"item\":\"https:\/\/saludyvidastore.com\/tienda\/\"},{\"@type\":\"ListItem\",\"position\":3,\"name\":\"G-180 High Performance Dietary Supplement\"}]}]}<\/script>\n<!-- \/ Yoast SEO plugin. -->","yoast_head_json":{"title":"G-180 High Performance Dietary Supplement - Salud y Vida Store","description":"G-180 High Performance , Adelgazante supresor de la ansiedad y el apetito, quema grasa de forma natural y no tiene efectos secundarios .","robots":{"index":"index","follow":"follow","max-snippet":"max-snippet:-1","max-image-preview":"max-image-preview:large","max-video-preview":"max-video-preview:-1"},"canonical":"https:\/\/saludyvidastore.com\/en\/product\/g-180-high-performance-dietary\/","og_locale":"en_US","og_type":"article","og_title":"G-180 High Performance Dietary Supplement - Salud y Vida Store","og_description":"G-180 High Performance , Adelgazante supresor de la ansiedad y el apetito, quema grasa de forma natural y no tiene efectos secundarios .","og_url":"https:\/\/saludyvidastore.com\/en\/product\/g-180-high-performance-dietary\/","og_site_name":"Salud y Vida Store","article_publisher":"https:\/\/www.facebook.com\/ArmoniaNaturalDietShop\/","article_modified_time":"2023-11-28T14:38:17+00:00","og_image":[{"width":1080,"height":1080,"url":"https:\/\/saludyvidastore.com\/wp-content\/uploads\/2018\/01\/g180pro.3.jpeg","type":"image\/jpeg"}],"twitter_card":"summary_large_image","twitter_misc":{"Est. reading time":"2 minutes"},"schema":{"@context":"https:\/\/schema.org","@graph":[{"@type":"WebSite","@id":"https:\/\/saludyvidastore.com\/#website","url":"https:\/\/saludyvidastore.com\/","name":"Salud y Vida Store","description":"Otro sitio realizado con WordPress","potentialAction":[{"@type":"SearchAction","target":{"@type":"EntryPoint","urlTemplate":"https:\/\/saludyvidastore.com\/?s={search_term_string}"},"query-input":"required name=search_term_string"}],"inLanguage":"en-US"},{"@type":"ImageObject","@id":"https:\/\/saludyvidastore.com\/en\/product\/g-180-high-performance-dietary\/#primaryimage","inLanguage":"en-US","url":"https:\/\/saludyvidastore.com\/wp-content\/uploads\/2018\/01\/g180pro.3.jpeg","contentUrl":"https:\/\/saludyvidastore.com\/wp-content\/uploads\/2018\/01\/g180pro.3.jpeg","width":1080,"height":1080,"caption":"G-180 Pro fat burner"},{"@type":"WebPage","@id":"https:\/\/saludyvidastore.com\/en\/product\/g-180-high-performance-dietary\/#webpage","url":"https:\/\/saludyvidastore.com\/en\/product\/g-180-high-performance-dietary\/","name":"G-180 High Performance Dietary Supplement - Salud y Vida Store","isPartOf":{"@id":"https:\/\/saludyvidastore.com\/#website"},"primaryImageOfPage":{"@id":"https:\/\/saludyvidastore.com\/en\/product\/g-180-high-performance-dietary\/#primaryimage"},"datePublished":"2018-01-28T21:42:47+00:00","dateModified":"2023-11-28T14:38:17+00:00","description":"G-180 High Performance , Adelgazante supresor de la ansiedad y el apetito, quema grasa de forma natural y no tiene efectos secundarios .","breadcrumb":{"@id":"https:\/\/saludyvidastore.com\/en\/product\/g-180-high-performance-dietary\/#breadcrumb"},"inLanguage":"en-US","potentialAction":[{"@type":"ReadAction","target":["https:\/\/saludyvidastore.com\/en\/product\/g-180-high-performance-dietary\/"]}]},{"@type":"BreadcrumbList","@id":"https:\/\/saludyvidastore.com\/en\/product\/g-180-high-performance-dietary\/#breadcrumb","itemListElement":[{"@type":"ListItem","position":1,"name":"Portada","item":"https:\/\/saludyvidastore.com\/en\/"},{"@type":"ListItem","position":2,"name":"Tienda","item":"https:\/\/saludyvidastore.com\/tienda\/"},{"@type":"ListItem","position":3,"name":"G-180 High Performance Dietary Supplement"}]}]}},"_links":{"self":[{"href":"https:\/\/saludyvidastore.com\/en\/wp-json\/wp\/v2\/product\/1824"}],"collection":[{"href":"https:\/\/saludyvidastore.com\/en\/wp-json\/wp\/v2\/product"}],"about":[{"href":"https:\/\/saludyvidastore.com\/en\/wp-json\/wp\/v2\/types\/product"}],"replies":[{"embeddable":true,"href":"https:\/\/saludyvidastore.com\/en\/wp-json\/wp\/v2\/comments?post=1824"}],"wp:featuredmedia":[{"embeddable":true,"href":"https:\/\/saludyvidastore.com\/en\/wp-json\/wp\/v2\/media\/5741"}],"wp:attachment":[{"href":"https:\/\/saludyvidastore.com\/en\/wp-json\/wp\/v2\/media?parent=1824"}],"wp:term":[{"taxonomy":"product_cat","embeddable":true,"href":"https:\/\/saludyvidastore.com\/en\/wp-json\/wp\/v2\/product_cat?post=1824"},{"taxonomy":"product_tag","embeddable":true,"href":"https:\/\/saludyvidastore.com\/en\/wp-json\/wp\/v2\/product_tag?post=1824"}],"curies":[{"name":"wp","href":"https:\/\/api.w.org\/{rel}","templated":true}]}}