{"id":1838,"date":"2018-01-28T21:42:42","date_gmt":"2018-01-28T21:42:42","guid":{"rendered":"http:\/\/saludyvidastore.com\/product\/efora-estimulantelubricante-sexual-femenino-1ml\/"},"modified":"2018-07-13T23:53:37","modified_gmt":"2018-07-13T23:53:37","slug":"efora-estimulantelubricante-sexual-femenino-1ml","status":"publish","type":"product","link":"https:\/\/saludyvidastore.com\/en\/product\/efora-estimulantelubricante-sexual-femenino-1ml\/","title":{"rendered":"EFORA ESTIMULANTE\/LUBRICANTE SEXUAL FEMENINO 1ML"},"content":{"rendered":"<p style=\"text-align: center;\"><img src=\"images\/eforagraylogo.jpg\" alt=\"eforagraylogo.jpg\" \/><\/p>\n<p style=\"text-align: center;\"><span style=\"font-family: 'book antiqua', palatino; font-size: 12pt;\">&nbsp;Armonia Natural Diet Shop &nbsp;te presenta EFORA &nbsp;lo que tanto hab\u00edan esperado las mujeres &nbsp;, un Estimulante y Lubricante &nbsp;Sexual Femenino, elaborado con flor de Cannabis Sativa y Aceite de Coco &nbsp;100% Natural. Estimula la lubricaci\u00f3n natural, reduce la fricci\u00f3n , el dolor y la tensi\u00f3n, genera la relajaci\u00f3n necesaria para una experiencia Sexual Placentera. No altera el pH Vaginal.&nbsp;<\/span><\/p>\n<p style=\"text-align: center;\"><span style=\"font-family: 'book antiqua', palatino; font-size: 12pt;\">Modo de uso: Aplicar 5-8 pulverizaciones directamente sobre el clitoris, labios internos y externos, y en el interior de la vagina. La aplicaci\u00f3n interna proporciona la m\u00e1s alta absorci\u00f3n. Puede tomar hasta 15 minutos para la activaci\u00f3n completa.<\/span><img src=\"images\/efora_legend.jpg\" alt=\"efora_legend.jpg\" \/><\/p>\n<p style=\"text-align: center;\">&nbsp;<img src=\"images\/WhatsApp-Image-20160524_-_Copy.jpg\" alt=\"WhatsApp-Image-20160524_-_Copy.jpg\" \/><\/p>\n<p style=\"text-align: center;\"><img src=\"images\/legend.jpg\" alt=\"legend\" \/><\/p>\n<p style=\"text-align: center;\"><img src=\"images\/legend2.jpg\" alt=\"legend2\" \/><\/p>\n","protected":false},"excerpt":{"rendered":"<p>Constantemente encontramos el mercado inundado de productos que buscan reforzar o complementar la virilidad masculina, pero pocas veces se le da la misma importancia al manejo del libido femenino, que puede verse afectado por el estr\u00e9s del diario vivir, situaciones emocionales adversas o con el paso de los a\u00f1os.<\/p>\n<p>EFORA busca revivir el fuego de tu vida \u00edntima, o simplemente agregarle un poco de picante si est\u00e1s buscando experimentar sensaciones nuevas, bien sea con tu pareja, una noche loca o a solas, el  extracto de flor de cannabis sativa de EFORA te llevar\u00e1 en un viaje inimaginable donde descubrir\u00e1s y vivir\u00e1s experiencias \u00fanicas.<\/p>\n<p>Rompe el tab\u00fa, atr\u00e9vete y experimenta EFORA<br \/>\nAtr\u00e9vete<\/p>\n","protected":false},"featured_media":1357,"comment_status":"open","ping_status":"closed","template":"","meta":[],"product_cat":[30],"product_tag":[],"acf":[],"yoast_head":"<!-- This site is optimized with the Yoast SEO plugin v18.5.1 - https:\/\/yoast.com\/wordpress\/plugins\/seo\/ -->\n<title>EFORA ESTIMULANTE\/LUBRICANTE SEXUAL FEMENINO 1ML - Salud y Vida Store<\/title>\n<meta name=\"robots\" content=\"index, follow, max-snippet:-1, max-image-preview:large, max-video-preview:-1\" \/>\n<link rel=\"canonical\" href=\"https:\/\/saludyvidastore.com\/en\/product\/efora-estimulantelubricante-sexual-femenino-1ml\/\" \/>\n<meta property=\"og:locale\" content=\"en_US\" \/>\n<meta property=\"og:type\" content=\"article\" \/>\n<meta property=\"og:title\" content=\"EFORA ESTIMULANTE\/LUBRICANTE SEXUAL FEMENINO 1ML - Salud y Vida Store\" \/>\n<meta property=\"og:description\" content=\"Constantemente encontramos el mercado inundado de productos que buscan reforzar o complementar la virilidad masculina, pero pocas veces se le da la misma importancia al manejo del libido femenino, que puede verse afectado por el estr\u00e9s del diario vivir, situaciones emocionales adversas o con el paso de los a\u00f1os.  EFORA busca revivir el fuego de tu vida \u00edntima, o simplemente agregarle un poco de picante si est\u00e1s buscando experimentar sensaciones nuevas, bien sea con tu pareja, una noche loca o a solas, el extracto de flor de cannabis sativa de EFORA te llevar\u00e1 en un viaje inimaginable donde descubrir\u00e1s y vivir\u00e1s experiencias \u00fanicas.  Rompe el tab\u00fa, atr\u00e9vete y experimenta EFORA Atr\u00e9vete\" \/>\n<meta property=\"og:url\" content=\"https:\/\/saludyvidastore.com\/en\/product\/efora-estimulantelubricante-sexual-femenino-1ml\/\" \/>\n<meta property=\"og:site_name\" content=\"Salud y Vida Store\" \/>\n<meta property=\"article:publisher\" content=\"https:\/\/www.facebook.com\/ArmoniaNaturalDietShop\/\" \/>\n<meta property=\"article:modified_time\" content=\"2018-07-13T23:53:37+00:00\" \/>\n<meta property=\"og:image\" content=\"https:\/\/saludyvidastore.com\/wp-content\/uploads\/2018\/02\/efora-estimulantelubricante-sexual-femenino-1ml_811.png\" \/>\n\t<meta property=\"og:image:width\" content=\"3200\" \/>\n\t<meta property=\"og:image:height\" content=\"1824\" \/>\n\t<meta property=\"og:image:type\" content=\"image\/png\" \/>\n<meta name=\"twitter:card\" content=\"summary_large_image\" \/>\n<meta name=\"twitter:label1\" content=\"Est. reading time\" \/>\n\t<meta name=\"twitter:data1\" content=\"1 minute\" \/>\n<script type=\"application\/ld+json\" class=\"yoast-schema-graph\">{\"@context\":\"https:\/\/schema.org\",\"@graph\":[{\"@type\":\"WebSite\",\"@id\":\"https:\/\/saludyvidastore.com\/#website\",\"url\":\"https:\/\/saludyvidastore.com\/\",\"name\":\"Salud y Vida Store\",\"description\":\"Otro sitio realizado con WordPress\",\"potentialAction\":[{\"@type\":\"SearchAction\",\"target\":{\"@type\":\"EntryPoint\",\"urlTemplate\":\"https:\/\/saludyvidastore.com\/?s={search_term_string}\"},\"query-input\":\"required name=search_term_string\"}],\"inLanguage\":\"en-US\"},{\"@type\":\"ImageObject\",\"@id\":\"https:\/\/saludyvidastore.com\/en\/product\/efora-estimulantelubricante-sexual-femenino-1ml\/#primaryimage\",\"inLanguage\":\"en-US\",\"url\":\"https:\/\/saludyvidastore.com\/wp-content\/uploads\/2018\/02\/efora-estimulantelubricante-sexual-femenino-1ml_811.png\",\"contentUrl\":\"https:\/\/saludyvidastore.com\/wp-content\/uploads\/2018\/02\/efora-estimulantelubricante-sexual-femenino-1ml_811.png\",\"width\":3200,\"height\":1824},{\"@type\":\"WebPage\",\"@id\":\"https:\/\/saludyvidastore.com\/en\/product\/efora-estimulantelubricante-sexual-femenino-1ml\/#webpage\",\"url\":\"https:\/\/saludyvidastore.com\/en\/product\/efora-estimulantelubricante-sexual-femenino-1ml\/\",\"name\":\"EFORA ESTIMULANTE\/LUBRICANTE SEXUAL FEMENINO 1ML - Salud y Vida Store\",\"isPartOf\":{\"@id\":\"https:\/\/saludyvidastore.com\/#website\"},\"primaryImageOfPage\":{\"@id\":\"https:\/\/saludyvidastore.com\/en\/product\/efora-estimulantelubricante-sexual-femenino-1ml\/#primaryimage\"},\"datePublished\":\"2018-01-28T21:42:42+00:00\",\"dateModified\":\"2018-07-13T23:53:37+00:00\",\"breadcrumb\":{\"@id\":\"https:\/\/saludyvidastore.com\/en\/product\/efora-estimulantelubricante-sexual-femenino-1ml\/#breadcrumb\"},\"inLanguage\":\"en-US\",\"potentialAction\":[{\"@type\":\"ReadAction\",\"target\":[\"https:\/\/saludyvidastore.com\/en\/product\/efora-estimulantelubricante-sexual-femenino-1ml\/\"]}]},{\"@type\":\"BreadcrumbList\",\"@id\":\"https:\/\/saludyvidastore.com\/en\/product\/efora-estimulantelubricante-sexual-femenino-1ml\/#breadcrumb\",\"itemListElement\":[{\"@type\":\"ListItem\",\"position\":1,\"name\":\"Portada\",\"item\":\"https:\/\/saludyvidastore.com\/en\/\"},{\"@type\":\"ListItem\",\"position\":2,\"name\":\"Tienda\",\"item\":\"https:\/\/saludyvidastore.com\/tienda\/\"},{\"@type\":\"ListItem\",\"position\":3,\"name\":\"EFORA ESTIMULANTE\/LUBRICANTE SEXUAL FEMENINO 1ML\"}]}]}<\/script>\n<!-- \/ Yoast SEO plugin. -->","yoast_head_json":{"title":"EFORA ESTIMULANTE\/LUBRICANTE SEXUAL FEMENINO 1ML - Salud y Vida Store","robots":{"index":"index","follow":"follow","max-snippet":"max-snippet:-1","max-image-preview":"max-image-preview:large","max-video-preview":"max-video-preview:-1"},"canonical":"https:\/\/saludyvidastore.com\/en\/product\/efora-estimulantelubricante-sexual-femenino-1ml\/","og_locale":"en_US","og_type":"article","og_title":"EFORA ESTIMULANTE\/LUBRICANTE SEXUAL FEMENINO 1ML - Salud y Vida Store","og_description":"Constantemente encontramos el mercado inundado de productos que buscan reforzar o complementar la virilidad masculina, pero pocas veces se le da la misma importancia al manejo del libido femenino, que puede verse afectado por el estr\u00e9s del diario vivir, situaciones emocionales adversas o con el paso de los a\u00f1os.  EFORA busca revivir el fuego de tu vida \u00edntima, o simplemente agregarle un poco de picante si est\u00e1s buscando experimentar sensaciones nuevas, bien sea con tu pareja, una noche loca o a solas, el extracto de flor de cannabis sativa de EFORA te llevar\u00e1 en un viaje inimaginable donde descubrir\u00e1s y vivir\u00e1s experiencias \u00fanicas.  Rompe el tab\u00fa, atr\u00e9vete y experimenta EFORA Atr\u00e9vete","og_url":"https:\/\/saludyvidastore.com\/en\/product\/efora-estimulantelubricante-sexual-femenino-1ml\/","og_site_name":"Salud y Vida Store","article_publisher":"https:\/\/www.facebook.com\/ArmoniaNaturalDietShop\/","article_modified_time":"2018-07-13T23:53:37+00:00","og_image":[{"width":3200,"height":1824,"url":"https:\/\/saludyvidastore.com\/wp-content\/uploads\/2018\/02\/efora-estimulantelubricante-sexual-femenino-1ml_811.png","type":"image\/png"}],"twitter_card":"summary_large_image","twitter_misc":{"Est. reading time":"1 minute"},"schema":{"@context":"https:\/\/schema.org","@graph":[{"@type":"WebSite","@id":"https:\/\/saludyvidastore.com\/#website","url":"https:\/\/saludyvidastore.com\/","name":"Salud y Vida Store","description":"Otro sitio realizado con WordPress","potentialAction":[{"@type":"SearchAction","target":{"@type":"EntryPoint","urlTemplate":"https:\/\/saludyvidastore.com\/?s={search_term_string}"},"query-input":"required name=search_term_string"}],"inLanguage":"en-US"},{"@type":"ImageObject","@id":"https:\/\/saludyvidastore.com\/en\/product\/efora-estimulantelubricante-sexual-femenino-1ml\/#primaryimage","inLanguage":"en-US","url":"https:\/\/saludyvidastore.com\/wp-content\/uploads\/2018\/02\/efora-estimulantelubricante-sexual-femenino-1ml_811.png","contentUrl":"https:\/\/saludyvidastore.com\/wp-content\/uploads\/2018\/02\/efora-estimulantelubricante-sexual-femenino-1ml_811.png","width":3200,"height":1824},{"@type":"WebPage","@id":"https:\/\/saludyvidastore.com\/en\/product\/efora-estimulantelubricante-sexual-femenino-1ml\/#webpage","url":"https:\/\/saludyvidastore.com\/en\/product\/efora-estimulantelubricante-sexual-femenino-1ml\/","name":"EFORA ESTIMULANTE\/LUBRICANTE SEXUAL FEMENINO 1ML - Salud y Vida Store","isPartOf":{"@id":"https:\/\/saludyvidastore.com\/#website"},"primaryImageOfPage":{"@id":"https:\/\/saludyvidastore.com\/en\/product\/efora-estimulantelubricante-sexual-femenino-1ml\/#primaryimage"},"datePublished":"2018-01-28T21:42:42+00:00","dateModified":"2018-07-13T23:53:37+00:00","breadcrumb":{"@id":"https:\/\/saludyvidastore.com\/en\/product\/efora-estimulantelubricante-sexual-femenino-1ml\/#breadcrumb"},"inLanguage":"en-US","potentialAction":[{"@type":"ReadAction","target":["https:\/\/saludyvidastore.com\/en\/product\/efora-estimulantelubricante-sexual-femenino-1ml\/"]}]},{"@type":"BreadcrumbList","@id":"https:\/\/saludyvidastore.com\/en\/product\/efora-estimulantelubricante-sexual-femenino-1ml\/#breadcrumb","itemListElement":[{"@type":"ListItem","position":1,"name":"Portada","item":"https:\/\/saludyvidastore.com\/en\/"},{"@type":"ListItem","position":2,"name":"Tienda","item":"https:\/\/saludyvidastore.com\/tienda\/"},{"@type":"ListItem","position":3,"name":"EFORA ESTIMULANTE\/LUBRICANTE SEXUAL FEMENINO 1ML"}]}]}},"_links":{"self":[{"href":"https:\/\/saludyvidastore.com\/en\/wp-json\/wp\/v2\/product\/1838"}],"collection":[{"href":"https:\/\/saludyvidastore.com\/en\/wp-json\/wp\/v2\/product"}],"about":[{"href":"https:\/\/saludyvidastore.com\/en\/wp-json\/wp\/v2\/types\/product"}],"replies":[{"embeddable":true,"href":"https:\/\/saludyvidastore.com\/en\/wp-json\/wp\/v2\/comments?post=1838"}],"wp:featuredmedia":[{"embeddable":true,"href":"https:\/\/saludyvidastore.com\/en\/wp-json\/wp\/v2\/media\/1357"}],"wp:attachment":[{"href":"https:\/\/saludyvidastore.com\/en\/wp-json\/wp\/v2\/media?parent=1838"}],"wp:term":[{"taxonomy":"product_cat","embeddable":true,"href":"https:\/\/saludyvidastore.com\/en\/wp-json\/wp\/v2\/product_cat?post=1838"},{"taxonomy":"product_tag","embeddable":true,"href":"https:\/\/saludyvidastore.com\/en\/wp-json\/wp\/v2\/product_tag?post=1838"}],"curies":[{"name":"wp","href":"https:\/\/api.w.org\/{rel}","templated":true}]}}