{"id":1842,"date":"2018-01-28T21:42:41","date_gmt":"2018-01-28T21:42:41","guid":{"rendered":"http:\/\/saludyvidastore.com\/product\/creatina-micronizada-dymatize-300g\/"},"modified":"2022-08-23T20:10:30","modified_gmt":"2022-08-23T20:10:30","slug":"creatina-micronizada-dymatize-300g","status":"publish","type":"product","link":"https:\/\/saludyvidastore.com\/en\/product\/creatina-micronizada-dymatize-300g\/","title":{"rendered":"Creatina Micronizada Dymatize  (300g)"},"content":{"rendered":"<h1 style=\"margin: 20px 0px; padding: 0px; font-family: 'DIN Next W01 Bold'; clear: both; color: #1d82d1; font-size: 32px; line-height: 38px; letter-spacing: -1px; text-transform: uppercase; text-align: center;\">CREATINA MICRONIZADA<\/h1>\n<h2 style=\"margin: 0px 0px 0.5407911001em; padding: 0px; clear: both; font-size: 1.2em; line-height: 1.214; text-transform: uppercase; font-family: 'DIN Next W01 Regular', Dinreg, sans-serif;\">CREATINA MONOHIDRATO MICRONIZADA DE GRADO FARMAC\u00c9UTICO.<\/h2>\n<p style=\"margin: 0px 0px 1em; padding: 0px; font-family: 'DIN Next W01 Regular', Dinreg, sans-serif; font-size: 14px;\">La creatina es uno de los ingredientes de nutrici\u00f3n deportiva m\u00e1s estudiados y eficaces, mejora el rendimiento deportivo, incrementa la fuerza, acelera la recuperaci\u00f3n entre esfuerzos y aumenta el volumen muscular.\u00a0<span style=\"margin: 0px; padding: 0px; font-weight: bold; font-family: 'DIN Next W01 Bold';\">Creatina Micronizada<\/span>de\u00a0<em style=\"margin: 0px; padding: 0px;\"><span style=\"margin: 0px; padding: 0px; font-weight: bold; font-family: 'DIN Next W01 Bold';\">Dymatize<\/span><\/em>\u00a0es un producto a base de creatina monohidrato micronizada en polvo de grado farmac\u00e9utico 100% puro, sin impurezas ni contaminantes.<\/p>\n<h3 style=\"margin: 2.2906835em 0px 20px; padding: 0px; font-weight: normal; clear: both; font-size: 1.2em; text-transform: uppercase; font-family: 'DIN Next W01 Regular', Dinreg, sans-serif;\">CREATINA MICRONIZADA. CARACTER\u00cdSTICAS PRINCIPALES:<\/h3>\n<ul class=\"product-list-unordened\" style=\"margin: 0px 0px 1em 3em; padding: 0px; list-style-position: initial; list-style-image: initial; font-family: 'DIN Next W01 Regular', Dinreg, sans-serif; font-size: 14px;\">\n<li style=\"margin: 0px; padding: 0px;\">5 g de creatina monohidrato por dosis.*<\/li>\n<li style=\"margin: 0px; padding: 0px;\">Creatina monohidrato en polvo de grado farmac\u00e9utico.<\/li>\n<li style=\"margin: 0px; padding: 0px;\">Sin gluten.<\/li>\n<li style=\"margin: 0px; padding: 0px;\">300g \u00a0de producto por envase (60 dosis).<\/li>\n<\/ul>\n<p style=\"margin: 0px 0px 1em; padding: 0px; font-family: 'DIN Next W01 Regular', Dinreg, sans-serif; font-size: 14px;\"><em style=\"margin: 0px; padding: 0px;\">* Dosis: 5 g de producto.<\/em><\/p>\n<h3 style=\"margin: 2.2906835em 0px 20px; padding: 0px; font-weight: normal; clear: both; font-size: 1.2em; text-transform: uppercase; font-family: 'DIN Next W01 Regular', Dinreg, sans-serif;\">CREATINA MICRONIZADA. EFECTOS PRINCIPALES:<\/h3>\n<ul class=\"product-list-unordened\" style=\"margin: 0px 0px 1em 3em; padding: 0px; list-style-position: initial; list-style-image: initial; font-family: 'DIN Next W01 Regular', Dinreg, sans-serif; font-size: 14px;\">\n<li style=\"margin: 0px; padding: 0px;\">Aumenta la fuerza muscular, el rendimiento f\u00edsico y la velocidad.<\/li>\n<li style=\"margin: 0px; padding: 0px;\">Favorece el desarrollo muscular y el volumen celular.<\/li>\n<li style=\"margin: 0px; padding: 0px;\">Mejora la recuperaci\u00f3n entre esfuerzos repetidos de alta intensidad y corta duraci\u00f3n.<\/li>\n<li style=\"margin: 0px; padding: 0px;\">Favorece la s\u00edntesis proteica, protege la musculatura y facilita la recuperaci\u00f3n.<\/li>\n<\/ul>\n<h3 style=\"margin: 2.2906835em 0px 20px; padding: 0px; font-weight: normal; clear: both; font-size: 1.2em; text-transform: uppercase; font-family: 'DIN Next W01 Regular', Dinreg, sans-serif;\">CREATINA MICRONIZADA. LA CIENCIA DETR\u00c1S:<\/h3>\n<p style=\"margin: 0px 0px 1em; padding: 0px; font-family: 'DIN Next W01 Regular', Dinreg, sans-serif; font-size: 14px;\"><span style=\"margin: 0px; padding: 0px; font-weight: bold; font-family: 'DIN Next W01 Bold';\">Creatina Micronizada<\/span>\u00a0es un producto a base de creatina monohidrato micronizada. Al tratarse de una creatina micronizada se absorbe mejor y m\u00e1s r\u00e1pidamente. La creatina presenta la capacidad de incrementar los niveles de fosfocreatina en el interior de las c\u00e9lulas. Mayor cantidad de fosfocreatina significa m\u00e1s energ\u00eda disponible para la actividad f\u00edsica. La creatina monohidrato incrementa la fuerza muscular, mejora el rendimiento deportivo y la composici\u00f3n corporal al aumentar la musculatura libre de grasa.<\/p>\n<p style=\"margin: 0px 0px 1em; padding: 0px; font-family: 'DIN Next W01 Regular', Dinreg, sans-serif; font-size: 14px;\">La creatina monohidrato ha sido ampliamente probada por atletas de todo el mundo y NO es considerada una sustancia prohibida por la WADA.<\/p>\n<h3 style=\"margin: 2.2906835em 0px 20px; padding: 0px; font-weight: normal; clear: both; font-size: 1.2em; text-transform: uppercase; font-family: 'DIN Next W01 Regular', Dinreg, sans-serif;\">CREATINA MICRONIZADA. OBJETIVOS PRINCIPALES:<\/h3>\n<ol class=\"product-list-ordened\" style=\"margin: 0px 0px 1em 3em; padding: 0px; list-style-position: initial; list-style-image: initial; font-family: 'DIN Next W01 Regular', Dinreg, sans-serif; font-size: 14px;\">\n<li style=\"margin: 0px; padding: 0px;\">Desarrollo muscular.<\/li>\n<li style=\"margin: 0px; padding: 0px;\">Mejora del entrenamiento.\n<ul style=\"margin: 0px 0px 0px 1em; padding: 0px; list-style: disc;\">\n<li style=\"margin: 0px; padding: 0px;\">Entrenamientos m\u00e1s intensos.<\/li>\n<li style=\"margin: 0px; padding: 0px;\">Reducci\u00f3n de la fatiga.<\/li>\n<li style=\"margin: 0px; padding: 0px;\">Aumento de la fuerza.<\/li>\n<\/ul>\n<\/li>\n<\/ol>\n<h3 style=\"margin: 2.2906835em 0px 20px; padding: 0px; font-weight: normal; clear: both; font-size: 1.2em; text-transform: uppercase; font-family: 'DIN Next W01 Regular', Dinreg, sans-serif;\">\u00bfQUI\u00c9N PUEDE BENEFICIARSE DE CREATINA MICRONIZADA?<\/h3>\n<ul class=\"product-list-unordened\" style=\"margin: 0px 0px 1em 3em; padding: 0px; list-style-position: initial; list-style-image: initial; font-family: 'DIN Next W01 Regular', Dinreg, sans-serif; font-size: 14px;\">\n<li style=\"margin: 0px; padding: 0px;\">Atletas de fuerza y potencia, aficionados a las artes marciales, deportes de contacto, deportes de alta intensidad, deportes de equipo, velocistas, media distancia, salto, lanzamientos, halterofilia\u2026<\/li>\n<li style=\"margin: 0px; padding: 0px;\">Usuarios de Fitness que deseen incrementar sus niveles de energ\u00eda durante los entrenamientos, incrementar su fuerza y aumentar su masa muscular.<\/li>\n<\/ul>\n","protected":false},"excerpt":{"rendered":"<p>La creatina es uno de los ingredientes de nutrici\u00f3n deportiva m\u00e1s estudiados y eficaces, mejora el rendimiento deportivo, incrementa la fuerza, acelera la recuperaci\u00f3n entre esfuerzos y aumenta el volumen muscular. Creatina Micronizadade Dymatize es un producto a base de creatina monohidrato micronizada en polvo de grado farmac\u00e9utico 100% puro, sin impurezas ni contaminantes.<\/p>\n<p>CREATINA MICRONIZADA. CARACTER\u00cdSTICAS PRINCIPALES:<\/p>\n<p>5 g de creatina monohidrato por dosis.*<br \/>\nCreatina monohidrato en polvo de grado farmac\u00e9utico.<br \/>\nSin gluten.<br \/>\n300 gramos de producto por envase (60 dosis).<\/p>\n","protected":false},"featured_media":1371,"comment_status":"open","ping_status":"closed","template":"","meta":[],"product_cat":[42,29],"product_tag":[],"acf":[],"yoast_head":"<!-- This site is optimized with the Yoast SEO plugin v18.5.1 - https:\/\/yoast.com\/wordpress\/plugins\/seo\/ -->\n<title>Creatina Micronizada Dymatize (300g) - Salud y Vida Store<\/title>\n<meta name=\"robots\" content=\"index, follow, max-snippet:-1, max-image-preview:large, max-video-preview:-1\" \/>\n<link rel=\"canonical\" href=\"https:\/\/saludyvidastore.com\/en\/product\/creatina-micronizada-dymatize-300g\/\" \/>\n<meta property=\"og:locale\" content=\"en_US\" \/>\n<meta property=\"og:type\" content=\"article\" \/>\n<meta property=\"og:title\" content=\"Creatina Micronizada Dymatize (300g) - Salud y Vida Store\" \/>\n<meta property=\"og:description\" content=\"La creatina es uno de los ingredientes de nutrici\u00f3n deportiva m\u00e1s estudiados y eficaces, mejora el rendimiento deportivo, incrementa la fuerza, acelera la recuperaci\u00f3n entre esfuerzos y aumenta el volumen muscular. Creatina Micronizadade Dymatize es un producto a base de creatina monohidrato micronizada en polvo de grado farmac\u00e9utico 100% puro, sin impurezas ni contaminantes.  CREATINA MICRONIZADA. CARACTER\u00cdSTICAS PRINCIPALES:  5 g de creatina monohidrato por dosis.* Creatina monohidrato en polvo de grado farmac\u00e9utico. Sin gluten. 300 gramos de producto por envase (60 dosis).\" \/>\n<meta property=\"og:url\" content=\"https:\/\/saludyvidastore.com\/en\/product\/creatina-micronizada-dymatize-300g\/\" \/>\n<meta property=\"og:site_name\" content=\"Salud y Vida Store\" \/>\n<meta property=\"article:publisher\" content=\"https:\/\/www.facebook.com\/ArmoniaNaturalDietShop\/\" \/>\n<meta property=\"article:modified_time\" content=\"2022-08-23T20:10:30+00:00\" \/>\n<meta property=\"og:image\" content=\"https:\/\/saludyvidastore.com\/wp-content\/uploads\/2018\/02\/creatina-micronizada-dymatize-300g_985.png\" \/>\n\t<meta property=\"og:image:width\" content=\"431\" \/>\n\t<meta property=\"og:image:height\" content=\"530\" \/>\n\t<meta property=\"og:image:type\" content=\"image\/png\" \/>\n<meta name=\"twitter:card\" content=\"summary_large_image\" \/>\n<meta name=\"twitter:label1\" content=\"Est. reading time\" \/>\n\t<meta name=\"twitter:data1\" content=\"2 minutes\" \/>\n<script type=\"application\/ld+json\" class=\"yoast-schema-graph\">{\"@context\":\"https:\/\/schema.org\",\"@graph\":[{\"@type\":\"WebSite\",\"@id\":\"https:\/\/saludyvidastore.com\/#website\",\"url\":\"https:\/\/saludyvidastore.com\/\",\"name\":\"Salud y Vida Store\",\"description\":\"Otro sitio realizado con WordPress\",\"potentialAction\":[{\"@type\":\"SearchAction\",\"target\":{\"@type\":\"EntryPoint\",\"urlTemplate\":\"https:\/\/saludyvidastore.com\/?s={search_term_string}\"},\"query-input\":\"required name=search_term_string\"}],\"inLanguage\":\"en-US\"},{\"@type\":\"ImageObject\",\"@id\":\"https:\/\/saludyvidastore.com\/en\/product\/creatina-micronizada-dymatize-300g\/#primaryimage\",\"inLanguage\":\"en-US\",\"url\":\"https:\/\/saludyvidastore.com\/wp-content\/uploads\/2018\/02\/creatina-micronizada-dymatize-300g_985.png\",\"contentUrl\":\"https:\/\/saludyvidastore.com\/wp-content\/uploads\/2018\/02\/creatina-micronizada-dymatize-300g_985.png\",\"width\":431,\"height\":530},{\"@type\":\"WebPage\",\"@id\":\"https:\/\/saludyvidastore.com\/en\/product\/creatina-micronizada-dymatize-300g\/#webpage\",\"url\":\"https:\/\/saludyvidastore.com\/en\/product\/creatina-micronizada-dymatize-300g\/\",\"name\":\"Creatina Micronizada Dymatize (300g) - Salud y Vida Store\",\"isPartOf\":{\"@id\":\"https:\/\/saludyvidastore.com\/#website\"},\"primaryImageOfPage\":{\"@id\":\"https:\/\/saludyvidastore.com\/en\/product\/creatina-micronizada-dymatize-300g\/#primaryimage\"},\"datePublished\":\"2018-01-28T21:42:41+00:00\",\"dateModified\":\"2022-08-23T20:10:30+00:00\",\"breadcrumb\":{\"@id\":\"https:\/\/saludyvidastore.com\/en\/product\/creatina-micronizada-dymatize-300g\/#breadcrumb\"},\"inLanguage\":\"en-US\",\"potentialAction\":[{\"@type\":\"ReadAction\",\"target\":[\"https:\/\/saludyvidastore.com\/en\/product\/creatina-micronizada-dymatize-300g\/\"]}]},{\"@type\":\"BreadcrumbList\",\"@id\":\"https:\/\/saludyvidastore.com\/en\/product\/creatina-micronizada-dymatize-300g\/#breadcrumb\",\"itemListElement\":[{\"@type\":\"ListItem\",\"position\":1,\"name\":\"Portada\",\"item\":\"https:\/\/saludyvidastore.com\/en\/\"},{\"@type\":\"ListItem\",\"position\":2,\"name\":\"Tienda\",\"item\":\"https:\/\/saludyvidastore.com\/tienda\/\"},{\"@type\":\"ListItem\",\"position\":3,\"name\":\"Creatina Micronizada Dymatize (300g)\"}]}]}<\/script>\n<!-- \/ Yoast SEO plugin. -->","yoast_head_json":{"title":"Creatina Micronizada Dymatize (300g) - Salud y Vida Store","robots":{"index":"index","follow":"follow","max-snippet":"max-snippet:-1","max-image-preview":"max-image-preview:large","max-video-preview":"max-video-preview:-1"},"canonical":"https:\/\/saludyvidastore.com\/en\/product\/creatina-micronizada-dymatize-300g\/","og_locale":"en_US","og_type":"article","og_title":"Creatina Micronizada Dymatize (300g) - Salud y Vida Store","og_description":"La creatina es uno de los ingredientes de nutrici\u00f3n deportiva m\u00e1s estudiados y eficaces, mejora el rendimiento deportivo, incrementa la fuerza, acelera la recuperaci\u00f3n entre esfuerzos y aumenta el volumen muscular. Creatina Micronizadade Dymatize es un producto a base de creatina monohidrato micronizada en polvo de grado farmac\u00e9utico 100% puro, sin impurezas ni contaminantes.  CREATINA MICRONIZADA. CARACTER\u00cdSTICAS PRINCIPALES:  5 g de creatina monohidrato por dosis.* Creatina monohidrato en polvo de grado farmac\u00e9utico. Sin gluten. 300 gramos de producto por envase (60 dosis).","og_url":"https:\/\/saludyvidastore.com\/en\/product\/creatina-micronizada-dymatize-300g\/","og_site_name":"Salud y Vida Store","article_publisher":"https:\/\/www.facebook.com\/ArmoniaNaturalDietShop\/","article_modified_time":"2022-08-23T20:10:30+00:00","og_image":[{"width":431,"height":530,"url":"https:\/\/saludyvidastore.com\/wp-content\/uploads\/2018\/02\/creatina-micronizada-dymatize-300g_985.png","type":"image\/png"}],"twitter_card":"summary_large_image","twitter_misc":{"Est. reading time":"2 minutes"},"schema":{"@context":"https:\/\/schema.org","@graph":[{"@type":"WebSite","@id":"https:\/\/saludyvidastore.com\/#website","url":"https:\/\/saludyvidastore.com\/","name":"Salud y Vida Store","description":"Otro sitio realizado con WordPress","potentialAction":[{"@type":"SearchAction","target":{"@type":"EntryPoint","urlTemplate":"https:\/\/saludyvidastore.com\/?s={search_term_string}"},"query-input":"required name=search_term_string"}],"inLanguage":"en-US"},{"@type":"ImageObject","@id":"https:\/\/saludyvidastore.com\/en\/product\/creatina-micronizada-dymatize-300g\/#primaryimage","inLanguage":"en-US","url":"https:\/\/saludyvidastore.com\/wp-content\/uploads\/2018\/02\/creatina-micronizada-dymatize-300g_985.png","contentUrl":"https:\/\/saludyvidastore.com\/wp-content\/uploads\/2018\/02\/creatina-micronizada-dymatize-300g_985.png","width":431,"height":530},{"@type":"WebPage","@id":"https:\/\/saludyvidastore.com\/en\/product\/creatina-micronizada-dymatize-300g\/#webpage","url":"https:\/\/saludyvidastore.com\/en\/product\/creatina-micronizada-dymatize-300g\/","name":"Creatina Micronizada Dymatize (300g) - Salud y Vida Store","isPartOf":{"@id":"https:\/\/saludyvidastore.com\/#website"},"primaryImageOfPage":{"@id":"https:\/\/saludyvidastore.com\/en\/product\/creatina-micronizada-dymatize-300g\/#primaryimage"},"datePublished":"2018-01-28T21:42:41+00:00","dateModified":"2022-08-23T20:10:30+00:00","breadcrumb":{"@id":"https:\/\/saludyvidastore.com\/en\/product\/creatina-micronizada-dymatize-300g\/#breadcrumb"},"inLanguage":"en-US","potentialAction":[{"@type":"ReadAction","target":["https:\/\/saludyvidastore.com\/en\/product\/creatina-micronizada-dymatize-300g\/"]}]},{"@type":"BreadcrumbList","@id":"https:\/\/saludyvidastore.com\/en\/product\/creatina-micronizada-dymatize-300g\/#breadcrumb","itemListElement":[{"@type":"ListItem","position":1,"name":"Portada","item":"https:\/\/saludyvidastore.com\/en\/"},{"@type":"ListItem","position":2,"name":"Tienda","item":"https:\/\/saludyvidastore.com\/tienda\/"},{"@type":"ListItem","position":3,"name":"Creatina Micronizada Dymatize (300g)"}]}]}},"_links":{"self":[{"href":"https:\/\/saludyvidastore.com\/en\/wp-json\/wp\/v2\/product\/1842"}],"collection":[{"href":"https:\/\/saludyvidastore.com\/en\/wp-json\/wp\/v2\/product"}],"about":[{"href":"https:\/\/saludyvidastore.com\/en\/wp-json\/wp\/v2\/types\/product"}],"replies":[{"embeddable":true,"href":"https:\/\/saludyvidastore.com\/en\/wp-json\/wp\/v2\/comments?post=1842"}],"wp:featuredmedia":[{"embeddable":true,"href":"https:\/\/saludyvidastore.com\/en\/wp-json\/wp\/v2\/media\/1371"}],"wp:attachment":[{"href":"https:\/\/saludyvidastore.com\/en\/wp-json\/wp\/v2\/media?parent=1842"}],"wp:term":[{"taxonomy":"product_cat","embeddable":true,"href":"https:\/\/saludyvidastore.com\/en\/wp-json\/wp\/v2\/product_cat?post=1842"},{"taxonomy":"product_tag","embeddable":true,"href":"https:\/\/saludyvidastore.com\/en\/wp-json\/wp\/v2\/product_tag?post=1842"}],"curies":[{"name":"wp","href":"https:\/\/api.w.org\/{rel}","templated":true}]}}