{"id":1861,"date":"2018-01-28T21:42:36","date_gmt":"2018-01-28T21:42:36","guid":{"rendered":"http:\/\/saludyvidastore.com\/product\/c4-cellucor\/"},"modified":"2025-01-22T22:18:22","modified_gmt":"2025-01-22T22:18:22","slug":"c4-pre-workout-pre-entreno","status":"publish","type":"product","link":"https:\/\/saludyvidastore.com\/en\/product\/c4-pre-workout-pre-entreno\/","title":{"rendered":"C4 Pre-Workout x 30 Serv"},"content":{"rendered":"<h2><span style=\"font-family: arial, helvetica, sans-serif; color: #ffcc00;\">Energiza tus m\u00fasculos y prende la chispa de tu mente<\/span><\/h2>\n<p><span style=\"font-family: arial, helvetica, sans-serif;\">C4 Pre-Workout\u00a0 se trata de un suplemento en polvo que te ayudar\u00e1 a avanzar en cada entrenamiento aumentando tus m\u00fasculos y revitalizando tu mente. C4 Pre-Workout la nueva tecnolog\u00eda de NO3 junto con los ingredientes exclusivos y de alta calidad que se usan en su f\u00f3rmula (v\u00e9ase el nitrato de creatina, la L-dopa y el Xanthinol Nicotinato) permite a atletas profesionales y culturistas superarse a s\u00ed mismos, pues el nitrato de creatina favorece las ganancias musculares y el aumento de energ\u00eda durante los <a href=\"https:\/\/www.lifepronutrition.com\/blog\/pre-workout\/como-escoger-el-pre-entreno-mas-adecuado-tipos-y-beneficios\/\">entrenamientos.<\/a><\/span><\/p>\n<p>&nbsp;<\/p>\n<h2><\/h2>\n<h2><span style=\"font-family: arial, helvetica, sans-serif; color: #ffcc00;\">En el NO3 est\u00e1 la clave<\/span><\/h2>\n<p>&nbsp;<\/p>\n<p><span style=\"font-family: arial, helvetica, sans-serif;\">El NO3 es un nitrato, es decir, un compuesto avanzado que promueve un gran bombeo muscular e incrementa la eficacia de todos los ingredientes contenidos en . Cellucor C4 Pre-Workout ahora este nuevo compuesto que se ha fusionado con la creatina para as\u00ed elaborar el nitrato de creatina. Un estudio de la prestigiosa UCLA, muestra que esta mezcla deriva en un aumento de la solubilidad en agua para que se absorba mejor y se reduzcan las probabilidades de que aparezcan los efectos secundarios tradicionales de los suplementos de creatina.<\/span><\/p>\n<p>&nbsp;<\/p>\n<p>&nbsp;<\/p>\n<p><span style=\"font-family: arial, helvetica, sans-serif;\">Como resultado, obtenemos una creatina que es hasta 1000 vez m\u00e1s soluble en agua que cualquier otro monohidrato de creatina y derivados de la misma. Adem\u00e1s, tendr\u00e1s una cantidad de energ\u00eda que nunca pensaste que podr\u00edas tener con un simple suplemento. Ser\u00e1s m\u00fasculo, fuerza y<a href=\"https:\/\/saludyvidastore.com\/en\/product\/amino-x-aminoacidos\/\"> resistencia<\/a> en potencia.<\/span><\/p>\n<h2><\/h2>\n<h2><span style=\"font-family: arial, helvetica, sans-serif; color: #ffcc00;\">\u00bfY c\u00f3mo funciona el NO3?<\/span><\/h2>\n<p>&nbsp;<\/p>\n<ul>\n<li><span style=\"font-family: arial, helvetica, sans-serif;\">El NO3 tiene unos efectos claros sobre tu cuerpo. Sus ingredientes son los siguientes:<\/span><\/li>\n<li><span style=\"font-family: arial, helvetica, sans-serif;\">Mucuna pruriens (L-dopa)<\/span><\/li>\n<li><span style=\"font-family: arial, helvetica, sans-serif;\">Rauwoliscine<\/span><\/li>\n<li><span style=\"font-family: arial, helvetica, sans-serif;\">Nicotinato Xanthinol<\/span><\/li>\n<li><span style=\"font-family: arial, helvetica, sans-serif;\">1,3-Dimethylamylamine (metilhexaneamina)<\/span><\/li>\n<li><span style=\"font-family: arial, helvetica, sans-serif;\">Cafe\u00edna anhidra<\/span><\/li>\n<li><span style=\"font-family: arial, helvetica, sans-serif;\">\u00c1cido f\u00f3lico<\/span><\/li>\n<li><span style=\"font-family: arial, helvetica, sans-serif;\">Vitamina B12<\/span><\/li>\n<li><span style=\"font-family: arial, helvetica, sans-serif;\">Vitamina C<\/span><\/li>\n<li><span style=\"font-family: arial, helvetica, sans-serif;\">N-acetil-L-tirosina.<\/span><\/li>\n<\/ul>\n<p>&nbsp;<\/p>\n<p><span style=\"font-family: arial, helvetica, sans-serif;\">La f\u00f3rmula C4 Pre-Workout de la mezcla de estas sustancias mejora la atenci\u00f3n y la concentraci\u00f3n mental y proporciona una gran energ\u00eda extra. Las conexiones neuronales del cerebro, que se unen con los m\u00fasculos de tu cuerpo se ven mejoradas gracias a estos ingredientes, que proporcionan a la mente los materiales necesarios para la construcci\u00f3n de mensajeros qu\u00edmicos adicionales. Dichos mensajeros son los que favorecen tu concentraci\u00f3n mental y energ\u00eda a la vez que protegen la funci\u00f3n nerviosa en los m\u00fasculos. Ahora, desmenucemos esto un poco m\u00e1s y vayamos por partes:<\/span><\/p>\n<p>&nbsp;<\/p>\n<p>&nbsp;<\/p>\n<ul>\n<li><span style=\"font-family: arial, helvetica, sans-serif;\"><strong>N-acetil-L-tirosina<\/strong>\u00a0&#8211; Forma m\u00e1s r\u00e1pida de absorci\u00f3n y bio-disponible de L-tirosina, menos propensa a la excreci\u00f3n urinaria. La L-tirosina es un amino\u00e1cido precursor de la adrenalina suprarrenal y hormonas de crecimiento, la dopamina y la norepinefrina. Estas hormonas apoyan la liberaci\u00f3n de HGH y contribuyen a mayores niveles de energ\u00eda, de conciencia y agilidad mental.<\/span><\/li>\n<\/ul>\n<p>&nbsp;<\/p>\n<ul>\n<li><span style=\"font-family: arial, helvetica, sans-serif;\"><strong>Mucuna pruriens\u00a0<\/strong>&#8211; Sustancia com\u00fanmente conocida como el frijol terciopelo. Contiene L-Dopa, un derivado natural de los amino\u00e1cidos que se transforma en dopamina en el cerebro. Dicha dopamina apoya la secreci\u00f3n de la hormona del crecimiento, uno de los compuestos m\u00e1s potentes para la recomposici\u00f3n del cuerpo, adem\u00e1s de convertirse en norepinefrina en el cerebro. Esta \u00faltima, por su parte, aumenta el metabolismo, amplifica los niveles de energ\u00eda y desencadena una respuesta de adrenalina en el cuerpo.<\/span><\/li>\n<\/ul>\n<p>&nbsp;<\/p>\n<ul>\n<li><span style=\"font-family: arial, helvetica, sans-serif;\"><strong>1,3-Dimethylamylamine &#8211;\u00a0<\/strong>Componente del geranio, una planta que contiene un potente componente que promueve el efecto simpaticomim\u00e9tico en el cuerpo, actuando como estimulante del Sistema Nervioso Central, lo cual permite mejorar la fuerza, la concentraci\u00f3n, el estado de \u00e1nimo y el de alerta. Adem\u00e1s, los efectos secundarios del Geranio incluyen p\u00e9rdida de grasa debido a la supresi\u00f3n del apetito, un incremento de la capacidad de trabajo y la posibilidad de incrementar la liberaci\u00f3n de Noradrenalina.<\/span><\/li>\n<\/ul>\n<p>&nbsp;<\/p>\n<ul>\n<li><span style=\"font-family: arial, helvetica, sans-serif;\"><strong>Metilcobalamina &#8211;\u00a0<\/strong>Potente forma de vitamina B12, una vitamina B esencial, que favorece el metabolismo celular, la producci\u00f3n de energ\u00eda y la producci\u00f3n de \u00e1cidos grasos, de manera que las grasas luego se queman f\u00e1cilmente. Promueve tambi\u00e9n la funci\u00f3n saludable del sistema nervioso central y la formaci\u00f3n de la sangre.<\/span><\/li>\n<\/ul>\n<p>&nbsp;<\/p>\n<ul>\n<li><span style=\"font-family: arial, helvetica, sans-serif;\"><strong>Cafe\u00edna &#8211;\u00a0<\/strong>Poderoso estimulante psicoactivo. Estimula el sistema nervioso central, previene la fatiga y promueve el estado de alerta aumentando los niveles de energ\u00eda.<\/span><\/li>\n<\/ul>\n<p>&nbsp;<\/p>\n<ul>\n<li><span style=\"font-family: arial, helvetica, sans-serif;\"><strong>\u00c1cido f\u00f3lico &#8211;\u00a0<\/strong>Vitamina B que promueve el estado de \u00e1nimo positivo y mayores niveles de energ\u00eda; tambi\u00e9n puede ayudar en la formaci\u00f3n de c\u00e9lulas sanas y la reparaci\u00f3n.<\/span><\/li>\n<\/ul>\n<p>&nbsp;<\/p>\n<ul>\n<li><span style=\"font-family: arial, helvetica, sans-serif;\"><strong>Xanthinol Nicotinato &#8211;\u00a0<\/strong>Forma altamente absorbible de niacina que aumenta la energ\u00eda y el estado de alerta, favorece la memoria a corto plazo, acelera el metabolismo de glucosa y act\u00faa como un vasodilatador. La niacina reduce la fatiga muscular y aumenta la capacidad muscular m\u00e1xima de trabajo.<\/span><\/li>\n<\/ul>\n<p>&nbsp;<\/p>\n<ul>\n<li><span style=\"font-family: arial, helvetica, sans-serif;\"><strong>Rauwoliscine Alfa-Yohimbina &#8211;\u00a0<\/strong>un an\u00e1logo de gran alcance de la yohimbina que aumenta los niveles de energ\u00eda y la quema de grasas. Los procesos subyacentes a esta sustancia tienen un efecto m\u00e1s espec\u00edfico que la yohimbina, careciendo de cualquiera de los efectos secundarios cl\u00e1sicos (aumento del ritmo cardiaco, la presi\u00f3n arterial o la ansiedad).<\/span><\/li>\n<\/ul>\n<p>&nbsp;<\/p>\n<ul>\n<li><span style=\"font-family: arial, helvetica, sans-serif;\"><strong>Vitamina C &#8211;\u00a0<\/strong>Apoya a la mol\u00e9cula de NO a partir de la destrucci\u00f3n, extendiendo la vida \u00fatil de sus efectos.<\/span><\/li>\n<\/ul>\n<p>&nbsp;<\/p>\n<ul>\n<li><span style=\"font-family: arial, helvetica, sans-serif;\"><strong>Beta-alanina &#8211;\u00a0<\/strong>Favorece el aumento de la fuerza y del crecimiento muscular, construyendo las concentraciones de carnosina en las fibras musculares, lo cual incrementa los niveles de producci\u00f3n y de resistencia.<\/span><\/li>\n<\/ul>\n<p>&nbsp;<\/p>\n<ul>\n<li><span style=\"font-family: arial, helvetica, sans-serif;\"><strong>Nitrato de creatina &#8211;\u00a0<\/strong>Favorece el aumento de la fuerza y del crecimiento muscular, canalizando el ATP en la masa muscular. M\u00e1s cantidad de ATP permite a los m\u00fasculos reaccionar m\u00e1s all\u00e1 de sus l\u00edmites, levantar m\u00e1s peso y construir m\u00e1s masa. Asimismo, tiene un papel vasodilatador, pues el nitrato que contiene es utilizado por el organismo para abrir las venas y aumentar el flujo sangu\u00edneo.<\/span><\/li>\n<\/ul>\n<p>&nbsp;<\/p>\n<ul>\n<li><span style=\"font-family: arial, helvetica, sans-serif;\"><strong>Arginina AKG &#8211;\u00a0<\/strong>Ingrediente degradado por el cuerpo para crear el \u00f3xido n\u00edtrico que favorece la extrema vasodilataci\u00f3n, pues es el gas responsable de la hinchaz\u00f3n de las venas. El aumento del flujo sangu\u00edneo proporciona a los m\u00fasculos m\u00e1s de los nutrientes que son necesarios para alcanzar un desempe\u00f1o \u00f3ptimo y una recuperaci\u00f3n m\u00e1s r\u00e1pida.<\/span><\/li>\n<\/ul>\n<p>&nbsp;<\/p>\n<p><span style=\"font-family: arial, helvetica, sans-serif;\">C4 Pre-Workout, por tanto, se ha elaborado minuciosamente para dotarte de una atenci\u00f3n m\u00e1s viva, aumentar la energ\u00eda, promover el crecimiento muscular y el desarrollo de la fuerza y proporcionar una incre\u00edble vasodilataci\u00f3n. Es el nuevo voluminizador celular con agentes hipertr\u00f3ficos para pre-entrenamientos personalizables de la marca Cellucor original de USA y se considera el producto m\u00e1s eficaz en la categor\u00eda de pre-entrenamiento.<\/span><\/p>\n<p>&nbsp;<\/p>\n<p>&nbsp;<\/p>\n<h2><span style=\"font-family: arial, helvetica, sans-serif; color: #ffcc00;\">\u201c\u00bfEs este mi producto C4\u00a0 Cellucor?\u201d<\/span><\/h2>\n<p>&nbsp;<\/p>\n<p>&nbsp;<\/p>\n<ul>\n<li><span style=\"font-family: arial, helvetica, sans-serif;\">Si est\u00e1s buscando obtener un estado de intensa concentraci\u00f3n y una energ\u00eda explosiva que no te genere nerviosismo, este es tu producto.<\/span><\/li>\n<\/ul>\n<p>&nbsp;<\/p>\n<ul>\n<li><span style=\"font-family: arial, helvetica, sans-serif;\">Si est\u00e1s buscando ganancias sobresalientes de masa muscular, este es tu producto.<\/span><\/li>\n<\/ul>\n<p>&nbsp;<\/p>\n<ul>\n<li><span style=\"font-family: arial, helvetica, sans-serif;\">Si est\u00e1s buscando la pr\u00f3xima generaci\u00f3n en tecnolog\u00eda de pre-entrenamiento y est\u00e1s cansado de las duras f\u00f3rmulas que torturan a tu est\u00f3mago, este es tu producto.<\/span><\/li>\n<\/ul>\n<p>&nbsp;<\/p>\n<ul>\n<li><span style=\"font-family: arial, helvetica, sans-serif;\">Si quieres un producto de pre-entrenamiento que te proporcione bombeos extremos, este es tu producto.<\/span><\/li>\n<\/ul>\n<p>&nbsp;<\/p>\n<ul>\n<li>En definitiva, Si est\u00e1s buscando el mejor producto de pre-entrenamiento que mejore tu fuerza, tu resistencia y te proporcione un tremendo aumento de la masa muscular, este es tu producto.<\/li>\n<\/ul>\n","protected":false},"excerpt":{"rendered":"<p>C4 Extreme se trata de un suplemento en polvo que te ayudar\u00e1 a avanzar en cada entrenamiento aumentando tus m\u00fasculos y revitalizando tu mente. La nueva tecnolog\u00eda de NO3 junto con los ingredientes exclusivos y de alta calidad que se usan en su f\u00f3rmula (v\u00e9ase el nitrato de creatina, la L-dopa y el Xanthinol Nicotinato) permite a atletas profesionales y culturistas superarse a s\u00ed mismos, pues el nitrato de creatina favorece las ganancias musculares y el aumento de energ\u00eda durante los entrenamientos.<\/p>\n","protected":false},"featured_media":9392,"comment_status":"open","ping_status":"closed","template":"","meta":[],"product_cat":[29],"product_tag":[],"acf":[],"yoast_head":"<!-- This site is optimized with the Yoast SEO plugin v18.5.1 - https:\/\/yoast.com\/wordpress\/plugins\/seo\/ -->\n<title>C4 Pre-Workout Vasodilator 30 Servicios Pre-Entreno Cellucor Colombia<\/title>\n<meta name=\"description\" content=\"C4 Pre-Workout\u00a0 se trata de un suplemento en polvo que te ayudar\u00e1 a avanzar en cada entrenamiento aumentando tus m\u00fasculos y revitalizando tu mente.\" \/>\n<meta name=\"robots\" content=\"index, follow, max-snippet:-1, max-image-preview:large, max-video-preview:-1\" \/>\n<link rel=\"canonical\" href=\"https:\/\/saludyvidastore.com\/en\/product\/c4-pre-workout-pre-entreno\/\" \/>\n<meta property=\"og:locale\" content=\"en_US\" \/>\n<meta property=\"og:type\" content=\"article\" \/>\n<meta property=\"og:title\" content=\"C4 Pre-Workout Vasodilator 30 Servicios Pre-Entreno Cellucor Colombia\" \/>\n<meta property=\"og:description\" content=\"C4 Pre-Workout\u00a0 se trata de un suplemento en polvo que te ayudar\u00e1 a avanzar en cada entrenamiento aumentando tus m\u00fasculos y revitalizando tu mente.\" \/>\n<meta property=\"og:url\" content=\"https:\/\/saludyvidastore.com\/en\/product\/c4-pre-workout-pre-entreno\/\" \/>\n<meta property=\"og:site_name\" content=\"Salud y Vida Store\" \/>\n<meta property=\"article:publisher\" content=\"https:\/\/www.facebook.com\/ArmoniaNaturalDietShop\/\" \/>\n<meta property=\"article:modified_time\" content=\"2025-01-22T22:18:22+00:00\" \/>\n<meta name=\"twitter:card\" content=\"summary_large_image\" \/>\n<meta name=\"twitter:image\" content=\"https:\/\/saludyvidastore.com\/wp-content\/uploads\/2018\/01\/D_NQ_NP_709735-MCO71469110881_092023-O.webp\" \/>\n<meta name=\"twitter:label1\" content=\"Est. reading time\" \/>\n\t<meta name=\"twitter:data1\" content=\"6 minutes\" \/>\n<script type=\"application\/ld+json\" class=\"yoast-schema-graph\">{\"@context\":\"https:\/\/schema.org\",\"@graph\":[{\"@type\":\"WebSite\",\"@id\":\"https:\/\/saludyvidastore.com\/#website\",\"url\":\"https:\/\/saludyvidastore.com\/\",\"name\":\"Salud y Vida Store\",\"description\":\"Otro sitio realizado con WordPress\",\"potentialAction\":[{\"@type\":\"SearchAction\",\"target\":{\"@type\":\"EntryPoint\",\"urlTemplate\":\"https:\/\/saludyvidastore.com\/?s={search_term_string}\"},\"query-input\":\"required name=search_term_string\"}],\"inLanguage\":\"en-US\"},{\"@type\":\"ImageObject\",\"@id\":\"https:\/\/saludyvidastore.com\/en\/product\/c4-pre-workout-pre-entreno\/#primaryimage\",\"inLanguage\":\"en-US\",\"url\":\"https:\/\/saludyvidastore.com\/wp-content\/uploads\/2018\/01\/D_NQ_NP_709735-MCO71469110881_092023-O.webp\",\"contentUrl\":\"https:\/\/saludyvidastore.com\/wp-content\/uploads\/2018\/01\/D_NQ_NP_709735-MCO71469110881_092023-O.webp\",\"width\":412,\"height\":500,\"caption\":\"C4 Pre-Workout 30 Servicios\"},{\"@type\":\"WebPage\",\"@id\":\"https:\/\/saludyvidastore.com\/en\/product\/c4-pre-workout-pre-entreno\/#webpage\",\"url\":\"https:\/\/saludyvidastore.com\/en\/product\/c4-pre-workout-pre-entreno\/\",\"name\":\"C4 Pre-Workout Vasodilator 30 Servicios Pre-Entreno Cellucor Colombia\",\"isPartOf\":{\"@id\":\"https:\/\/saludyvidastore.com\/#website\"},\"primaryImageOfPage\":{\"@id\":\"https:\/\/saludyvidastore.com\/en\/product\/c4-pre-workout-pre-entreno\/#primaryimage\"},\"datePublished\":\"2018-01-28T21:42:36+00:00\",\"dateModified\":\"2025-01-22T22:18:22+00:00\",\"description\":\"C4 Pre-Workout\u00a0 se trata de un suplemento en polvo que te ayudar\u00e1 a avanzar en cada entrenamiento aumentando tus m\u00fasculos y revitalizando tu mente.\",\"breadcrumb\":{\"@id\":\"https:\/\/saludyvidastore.com\/en\/product\/c4-pre-workout-pre-entreno\/#breadcrumb\"},\"inLanguage\":\"en-US\",\"potentialAction\":[{\"@type\":\"ReadAction\",\"target\":[\"https:\/\/saludyvidastore.com\/en\/product\/c4-pre-workout-pre-entreno\/\"]}]},{\"@type\":\"BreadcrumbList\",\"@id\":\"https:\/\/saludyvidastore.com\/en\/product\/c4-pre-workout-pre-entreno\/#breadcrumb\",\"itemListElement\":[{\"@type\":\"ListItem\",\"position\":1,\"name\":\"Portada\",\"item\":\"https:\/\/saludyvidastore.com\/en\/\"},{\"@type\":\"ListItem\",\"position\":2,\"name\":\"Tienda\",\"item\":\"https:\/\/saludyvidastore.com\/tienda\/\"},{\"@type\":\"ListItem\",\"position\":3,\"name\":\"C4 Pre-Workout x 30 Serv\"}]}]}<\/script>\n<!-- \/ Yoast SEO plugin. -->","yoast_head_json":{"title":"C4 Pre-Workout Vasodilator 30 Servicios Pre-Entreno Cellucor Colombia","description":"C4 Pre-Workout\u00a0 se trata de un suplemento en polvo que te ayudar\u00e1 a avanzar en cada entrenamiento aumentando tus m\u00fasculos y revitalizando tu mente.","robots":{"index":"index","follow":"follow","max-snippet":"max-snippet:-1","max-image-preview":"max-image-preview:large","max-video-preview":"max-video-preview:-1"},"canonical":"https:\/\/saludyvidastore.com\/en\/product\/c4-pre-workout-pre-entreno\/","og_locale":"en_US","og_type":"article","og_title":"C4 Pre-Workout Vasodilator 30 Servicios Pre-Entreno Cellucor Colombia","og_description":"C4 Pre-Workout\u00a0 se trata de un suplemento en polvo que te ayudar\u00e1 a avanzar en cada entrenamiento aumentando tus m\u00fasculos y revitalizando tu mente.","og_url":"https:\/\/saludyvidastore.com\/en\/product\/c4-pre-workout-pre-entreno\/","og_site_name":"Salud y Vida Store","article_publisher":"https:\/\/www.facebook.com\/ArmoniaNaturalDietShop\/","article_modified_time":"2025-01-22T22:18:22+00:00","twitter_card":"summary_large_image","twitter_image":"https:\/\/saludyvidastore.com\/wp-content\/uploads\/2018\/01\/D_NQ_NP_709735-MCO71469110881_092023-O.webp","twitter_misc":{"Est. reading time":"6 minutes"},"schema":{"@context":"https:\/\/schema.org","@graph":[{"@type":"WebSite","@id":"https:\/\/saludyvidastore.com\/#website","url":"https:\/\/saludyvidastore.com\/","name":"Salud y Vida Store","description":"Otro sitio realizado con WordPress","potentialAction":[{"@type":"SearchAction","target":{"@type":"EntryPoint","urlTemplate":"https:\/\/saludyvidastore.com\/?s={search_term_string}"},"query-input":"required name=search_term_string"}],"inLanguage":"en-US"},{"@type":"ImageObject","@id":"https:\/\/saludyvidastore.com\/en\/product\/c4-pre-workout-pre-entreno\/#primaryimage","inLanguage":"en-US","url":"https:\/\/saludyvidastore.com\/wp-content\/uploads\/2018\/01\/D_NQ_NP_709735-MCO71469110881_092023-O.webp","contentUrl":"https:\/\/saludyvidastore.com\/wp-content\/uploads\/2018\/01\/D_NQ_NP_709735-MCO71469110881_092023-O.webp","width":412,"height":500,"caption":"C4 Pre-Workout 30 Servicios"},{"@type":"WebPage","@id":"https:\/\/saludyvidastore.com\/en\/product\/c4-pre-workout-pre-entreno\/#webpage","url":"https:\/\/saludyvidastore.com\/en\/product\/c4-pre-workout-pre-entreno\/","name":"C4 Pre-Workout Vasodilator 30 Servicios Pre-Entreno Cellucor Colombia","isPartOf":{"@id":"https:\/\/saludyvidastore.com\/#website"},"primaryImageOfPage":{"@id":"https:\/\/saludyvidastore.com\/en\/product\/c4-pre-workout-pre-entreno\/#primaryimage"},"datePublished":"2018-01-28T21:42:36+00:00","dateModified":"2025-01-22T22:18:22+00:00","description":"C4 Pre-Workout\u00a0 se trata de un suplemento en polvo que te ayudar\u00e1 a avanzar en cada entrenamiento aumentando tus m\u00fasculos y revitalizando tu mente.","breadcrumb":{"@id":"https:\/\/saludyvidastore.com\/en\/product\/c4-pre-workout-pre-entreno\/#breadcrumb"},"inLanguage":"en-US","potentialAction":[{"@type":"ReadAction","target":["https:\/\/saludyvidastore.com\/en\/product\/c4-pre-workout-pre-entreno\/"]}]},{"@type":"BreadcrumbList","@id":"https:\/\/saludyvidastore.com\/en\/product\/c4-pre-workout-pre-entreno\/#breadcrumb","itemListElement":[{"@type":"ListItem","position":1,"name":"Portada","item":"https:\/\/saludyvidastore.com\/en\/"},{"@type":"ListItem","position":2,"name":"Tienda","item":"https:\/\/saludyvidastore.com\/tienda\/"},{"@type":"ListItem","position":3,"name":"C4 Pre-Workout x 30 Serv"}]}]}},"_links":{"self":[{"href":"https:\/\/saludyvidastore.com\/en\/wp-json\/wp\/v2\/product\/1861"}],"collection":[{"href":"https:\/\/saludyvidastore.com\/en\/wp-json\/wp\/v2\/product"}],"about":[{"href":"https:\/\/saludyvidastore.com\/en\/wp-json\/wp\/v2\/types\/product"}],"replies":[{"embeddable":true,"href":"https:\/\/saludyvidastore.com\/en\/wp-json\/wp\/v2\/comments?post=1861"}],"wp:featuredmedia":[{"embeddable":true,"href":"https:\/\/saludyvidastore.com\/en\/wp-json\/wp\/v2\/media\/9392"}],"wp:attachment":[{"href":"https:\/\/saludyvidastore.com\/en\/wp-json\/wp\/v2\/media?parent=1861"}],"wp:term":[{"taxonomy":"product_cat","embeddable":true,"href":"https:\/\/saludyvidastore.com\/en\/wp-json\/wp\/v2\/product_cat?post=1861"},{"taxonomy":"product_tag","embeddable":true,"href":"https:\/\/saludyvidastore.com\/en\/wp-json\/wp\/v2\/product_tag?post=1861"}],"curies":[{"name":"wp","href":"https:\/\/api.w.org\/{rel}","templated":true}]}}