{"id":1867,"date":"2018-01-28T21:42:34","date_gmt":"2018-01-28T21:42:34","guid":{"rendered":"http:\/\/saludyvidastore.com\/product\/bcaa-2200-met-rx\/"},"modified":"2019-04-08T15:23:56","modified_gmt":"2019-04-08T15:23:56","slug":"bcaa-2200-met-rx","status":"publish","type":"product","link":"https:\/\/saludyvidastore.com\/en\/product\/bcaa-2200-met-rx\/","title":{"rendered":"BCAA 2200 MET RX"},"content":{"rendered":"<p style=\"border: 0px; margin: 0px 0px 20px; padding: 0px; font-size: 13px; font-family: Helvetica, Arial, sans-serif; line-height: 19.5px;\">Potente fuente de amino\u00e1cidos ramificados o BCAA, que son los \u201cladrillos\u201d en la construcci\u00f3n del m\u00fasculo. Estos BCAA son metabolizados directamente en los m\u00fasculos, mejoran la retenci\u00f3n de nitr\u00f3geno para reparar y construir las fibras musculares que forman el m\u00fasculo.&nbsp;&nbsp;BCAA 2200 180 GELCAPS de Met Rx&nbsp;viene con Vitamina B-6 agregada que mejora la absorci\u00f3n al m\u00e1ximo y activa a su vez, la acci\u00f3n de los BCAA. Con c\u00e1psulas blandas f\u00e1ciles de tragar se convierte en uno de los complejos de amino\u00e1cidos m\u00e1s completo.<\/p>\n<p style=\"border: 0px; margin: 0px 0px 20px; padding: 0px; font-size: 13px; font-family: Helvetica, Arial, sans-serif; line-height: 19.5px;\"><strong style=\"border: 0px; margin: 0px; padding: 0px;\">Precauciones:<\/strong><br \/>No recomendable para menores de 15 a\u00f1os, en embarazo ni lactancia.<\/p>\n<p style=\"border: 0px; margin: 0px 0px 20px; padding: 0px; font-size: 13px; font-family: Helvetica, Arial, sans-serif; line-height: 19.5px;\"><strong style=\"border: 0px; margin: 0px; padding: 0px;\">Modo de uso:<\/strong><br \/>Consumir 3 a 4 c\u00e1psulas antes y despu\u00e9s de entrenar<\/p>\n","protected":false},"excerpt":{"rendered":"<p>BCAA 2200 180 c\u00e1psulas, Met Rx<\/p>\n<p>Optimiza la recuperaci\u00f3n y el aumento muscular.<br \/>\nIncrementa fuerza y resistencia.<br \/>\nEvita el catabolismo (P\u00e9rdida de masa muscular)<\/p>\n","protected":false},"featured_media":1439,"comment_status":"open","ping_status":"closed","template":"","meta":[],"product_cat":[43,29],"product_tag":[],"acf":[],"yoast_head":"<!-- This site is optimized with the Yoast SEO plugin v18.5.1 - https:\/\/yoast.com\/wordpress\/plugins\/seo\/ -->\n<title>BCAA 2200 MET RX - Salud y Vida Store<\/title>\n<meta name=\"robots\" content=\"index, follow, max-snippet:-1, max-image-preview:large, max-video-preview:-1\" \/>\n<link rel=\"canonical\" href=\"https:\/\/saludyvidastore.com\/en\/product\/bcaa-2200-met-rx\/\" \/>\n<meta property=\"og:locale\" content=\"en_US\" \/>\n<meta property=\"og:type\" content=\"article\" \/>\n<meta property=\"og:title\" content=\"BCAA 2200 MET RX - Salud y Vida Store\" \/>\n<meta property=\"og:description\" content=\"BCAA 2200 180 c\u00e1psulas, Met Rx  Optimiza la recuperaci\u00f3n y el aumento muscular. Incrementa fuerza y resistencia. Evita el catabolismo (P\u00e9rdida de masa muscular)\" \/>\n<meta property=\"og:url\" content=\"https:\/\/saludyvidastore.com\/en\/product\/bcaa-2200-met-rx\/\" \/>\n<meta property=\"og:site_name\" content=\"Salud y Vida Store\" \/>\n<meta property=\"article:publisher\" content=\"https:\/\/www.facebook.com\/ArmoniaNaturalDietShop\/\" \/>\n<meta property=\"article:modified_time\" content=\"2019-04-08T15:23:56+00:00\" \/>\n<meta property=\"og:image\" content=\"https:\/\/saludyvidastore.com\/wp-content\/uploads\/2018\/02\/bcaa-2200-met-rx_487.jpg\" \/>\n\t<meta property=\"og:image:width\" content=\"562\" \/>\n\t<meta property=\"og:image:height\" content=\"1000\" \/>\n\t<meta property=\"og:image:type\" content=\"image\/jpeg\" \/>\n<meta name=\"twitter:card\" content=\"summary_large_image\" \/>\n<meta name=\"twitter:label1\" content=\"Est. reading time\" \/>\n\t<meta name=\"twitter:data1\" content=\"1 minute\" \/>\n<script type=\"application\/ld+json\" class=\"yoast-schema-graph\">{\"@context\":\"https:\/\/schema.org\",\"@graph\":[{\"@type\":\"WebSite\",\"@id\":\"https:\/\/saludyvidastore.com\/#website\",\"url\":\"https:\/\/saludyvidastore.com\/\",\"name\":\"Salud y Vida Store\",\"description\":\"Otro sitio realizado con WordPress\",\"potentialAction\":[{\"@type\":\"SearchAction\",\"target\":{\"@type\":\"EntryPoint\",\"urlTemplate\":\"https:\/\/saludyvidastore.com\/?s={search_term_string}\"},\"query-input\":\"required name=search_term_string\"}],\"inLanguage\":\"en-US\"},{\"@type\":\"ImageObject\",\"@id\":\"https:\/\/saludyvidastore.com\/en\/product\/bcaa-2200-met-rx\/#primaryimage\",\"inLanguage\":\"en-US\",\"url\":\"https:\/\/saludyvidastore.com\/wp-content\/uploads\/2018\/02\/bcaa-2200-met-rx_487.jpg\",\"contentUrl\":\"https:\/\/saludyvidastore.com\/wp-content\/uploads\/2018\/02\/bcaa-2200-met-rx_487.jpg\",\"width\":562,\"height\":1000},{\"@type\":\"WebPage\",\"@id\":\"https:\/\/saludyvidastore.com\/en\/product\/bcaa-2200-met-rx\/#webpage\",\"url\":\"https:\/\/saludyvidastore.com\/en\/product\/bcaa-2200-met-rx\/\",\"name\":\"BCAA 2200 MET RX - Salud y Vida Store\",\"isPartOf\":{\"@id\":\"https:\/\/saludyvidastore.com\/#website\"},\"primaryImageOfPage\":{\"@id\":\"https:\/\/saludyvidastore.com\/en\/product\/bcaa-2200-met-rx\/#primaryimage\"},\"datePublished\":\"2018-01-28T21:42:34+00:00\",\"dateModified\":\"2019-04-08T15:23:56+00:00\",\"breadcrumb\":{\"@id\":\"https:\/\/saludyvidastore.com\/en\/product\/bcaa-2200-met-rx\/#breadcrumb\"},\"inLanguage\":\"en-US\",\"potentialAction\":[{\"@type\":\"ReadAction\",\"target\":[\"https:\/\/saludyvidastore.com\/en\/product\/bcaa-2200-met-rx\/\"]}]},{\"@type\":\"BreadcrumbList\",\"@id\":\"https:\/\/saludyvidastore.com\/en\/product\/bcaa-2200-met-rx\/#breadcrumb\",\"itemListElement\":[{\"@type\":\"ListItem\",\"position\":1,\"name\":\"Portada\",\"item\":\"https:\/\/saludyvidastore.com\/en\/\"},{\"@type\":\"ListItem\",\"position\":2,\"name\":\"Tienda\",\"item\":\"https:\/\/saludyvidastore.com\/tienda\/\"},{\"@type\":\"ListItem\",\"position\":3,\"name\":\"BCAA 2200 MET RX\"}]}]}<\/script>\n<!-- \/ Yoast SEO plugin. -->","yoast_head_json":{"title":"BCAA 2200 MET RX - Salud y Vida Store","robots":{"index":"index","follow":"follow","max-snippet":"max-snippet:-1","max-image-preview":"max-image-preview:large","max-video-preview":"max-video-preview:-1"},"canonical":"https:\/\/saludyvidastore.com\/en\/product\/bcaa-2200-met-rx\/","og_locale":"en_US","og_type":"article","og_title":"BCAA 2200 MET RX - Salud y Vida Store","og_description":"BCAA 2200 180 c\u00e1psulas, Met Rx  Optimiza la recuperaci\u00f3n y el aumento muscular. Incrementa fuerza y resistencia. Evita el catabolismo (P\u00e9rdida de masa muscular)","og_url":"https:\/\/saludyvidastore.com\/en\/product\/bcaa-2200-met-rx\/","og_site_name":"Salud y Vida Store","article_publisher":"https:\/\/www.facebook.com\/ArmoniaNaturalDietShop\/","article_modified_time":"2019-04-08T15:23:56+00:00","og_image":[{"width":562,"height":1000,"url":"https:\/\/saludyvidastore.com\/wp-content\/uploads\/2018\/02\/bcaa-2200-met-rx_487.jpg","type":"image\/jpeg"}],"twitter_card":"summary_large_image","twitter_misc":{"Est. reading time":"1 minute"},"schema":{"@context":"https:\/\/schema.org","@graph":[{"@type":"WebSite","@id":"https:\/\/saludyvidastore.com\/#website","url":"https:\/\/saludyvidastore.com\/","name":"Salud y Vida Store","description":"Otro sitio realizado con WordPress","potentialAction":[{"@type":"SearchAction","target":{"@type":"EntryPoint","urlTemplate":"https:\/\/saludyvidastore.com\/?s={search_term_string}"},"query-input":"required name=search_term_string"}],"inLanguage":"en-US"},{"@type":"ImageObject","@id":"https:\/\/saludyvidastore.com\/en\/product\/bcaa-2200-met-rx\/#primaryimage","inLanguage":"en-US","url":"https:\/\/saludyvidastore.com\/wp-content\/uploads\/2018\/02\/bcaa-2200-met-rx_487.jpg","contentUrl":"https:\/\/saludyvidastore.com\/wp-content\/uploads\/2018\/02\/bcaa-2200-met-rx_487.jpg","width":562,"height":1000},{"@type":"WebPage","@id":"https:\/\/saludyvidastore.com\/en\/product\/bcaa-2200-met-rx\/#webpage","url":"https:\/\/saludyvidastore.com\/en\/product\/bcaa-2200-met-rx\/","name":"BCAA 2200 MET RX - Salud y Vida Store","isPartOf":{"@id":"https:\/\/saludyvidastore.com\/#website"},"primaryImageOfPage":{"@id":"https:\/\/saludyvidastore.com\/en\/product\/bcaa-2200-met-rx\/#primaryimage"},"datePublished":"2018-01-28T21:42:34+00:00","dateModified":"2019-04-08T15:23:56+00:00","breadcrumb":{"@id":"https:\/\/saludyvidastore.com\/en\/product\/bcaa-2200-met-rx\/#breadcrumb"},"inLanguage":"en-US","potentialAction":[{"@type":"ReadAction","target":["https:\/\/saludyvidastore.com\/en\/product\/bcaa-2200-met-rx\/"]}]},{"@type":"BreadcrumbList","@id":"https:\/\/saludyvidastore.com\/en\/product\/bcaa-2200-met-rx\/#breadcrumb","itemListElement":[{"@type":"ListItem","position":1,"name":"Portada","item":"https:\/\/saludyvidastore.com\/en\/"},{"@type":"ListItem","position":2,"name":"Tienda","item":"https:\/\/saludyvidastore.com\/tienda\/"},{"@type":"ListItem","position":3,"name":"BCAA 2200 MET RX"}]}]}},"_links":{"self":[{"href":"https:\/\/saludyvidastore.com\/en\/wp-json\/wp\/v2\/product\/1867"}],"collection":[{"href":"https:\/\/saludyvidastore.com\/en\/wp-json\/wp\/v2\/product"}],"about":[{"href":"https:\/\/saludyvidastore.com\/en\/wp-json\/wp\/v2\/types\/product"}],"replies":[{"embeddable":true,"href":"https:\/\/saludyvidastore.com\/en\/wp-json\/wp\/v2\/comments?post=1867"}],"wp:featuredmedia":[{"embeddable":true,"href":"https:\/\/saludyvidastore.com\/en\/wp-json\/wp\/v2\/media\/1439"}],"wp:attachment":[{"href":"https:\/\/saludyvidastore.com\/en\/wp-json\/wp\/v2\/media?parent=1867"}],"wp:term":[{"taxonomy":"product_cat","embeddable":true,"href":"https:\/\/saludyvidastore.com\/en\/wp-json\/wp\/v2\/product_cat?post=1867"},{"taxonomy":"product_tag","embeddable":true,"href":"https:\/\/saludyvidastore.com\/en\/wp-json\/wp\/v2\/product_tag?post=1867"}],"curies":[{"name":"wp","href":"https:\/\/api.w.org\/{rel}","templated":true}]}}