{"id":1876,"date":"2018-01-28T21:42:33","date_gmt":"2018-01-28T21:42:33","guid":{"rendered":"http:\/\/saludyvidastore.com\/product\/artrifit-harpagofito-30-caps\/"},"modified":"2018-07-13T23:49:21","modified_gmt":"2018-07-13T23:49:21","slug":"artrifit-harpagofito-30-caps","status":"publish","type":"product","link":"https:\/\/saludyvidastore.com\/en\/product\/artrifit-harpagofito-30-caps\/","title":{"rendered":"Artrifit Harpagofito 30 caps"},"content":{"rendered":"<p>Acci\u00f3n anti inflamatoria, analg\u00e9sica y antirreum\u00e1tica: el Harpagofito suele funcionar muy bien en caso de dolores reum\u00e1ticos, artr\u00f3sicos y artr\u00edticos. Su \u00e9xito es que, en general, siempre sienta bien y es de gran eficacia. Se le usa para el tratamiento sintom\u00e1tico de la osteoartritis cr\u00f3nica, tendinitis, lumbalgias y ci\u00e1ticas.<br \/>Hay reportados numerosos estudios cl\u00ednicos que demuestran la efectividad del Harpagofito frente al dolor!<\/p>\n<p style=\"text-align: justify;\"><strong>CONTIENE 30 CAPSULAS<\/strong><br \/>Se recomienda una capsula al d\u00eda, en la ma\u00f1ana antes del desayuno, por sus caracter\u00edsticas de selectividad se puede consumir por largos periodos de tiempo.<\/p>\n","protected":false},"excerpt":{"rendered":"<p>Acci\u00f3n anti inflamatoria, analg\u00e9sica y antirreum\u00e1tica: el Harpagofito suele funcionar muy bien en caso de dolores reum\u00e1ticos, artr\u00f3sicos y artr\u00edticos. Su \u00e9xito es que, en general, siempre sienta bien y es de gran eficacia. Se le usa para el tratamiento sintom\u00e1tico de la osteoartritis cr\u00f3nica, tendinitis, lumbalgias y ci\u00e1ticas.<br \/>\nHay reportados numerosos estudios cl\u00ednicos que demuestran la efectividad del Harpagofito frente al dolor!<\/p>\n","protected":false},"featured_media":1457,"comment_status":"open","ping_status":"closed","template":"","meta":[],"product_cat":[34],"product_tag":[],"acf":[],"yoast_head":"<!-- This site is optimized with the Yoast SEO plugin v18.5.1 - https:\/\/yoast.com\/wordpress\/plugins\/seo\/ -->\n<title>Artrifit Harpagofito 30 caps - Salud y Vida Store<\/title>\n<meta name=\"robots\" content=\"index, follow, max-snippet:-1, max-image-preview:large, max-video-preview:-1\" \/>\n<link rel=\"canonical\" href=\"https:\/\/saludyvidastore.com\/en\/product\/artrifit-harpagofito-30-caps\/\" \/>\n<meta property=\"og:locale\" content=\"en_US\" \/>\n<meta property=\"og:type\" content=\"article\" \/>\n<meta property=\"og:title\" content=\"Artrifit Harpagofito 30 caps - Salud y Vida Store\" \/>\n<meta property=\"og:description\" content=\"Acci\u00f3n anti inflamatoria, analg\u00e9sica y antirreum\u00e1tica: el Harpagofito suele funcionar muy bien en caso de dolores reum\u00e1ticos, artr\u00f3sicos y artr\u00edticos. Su \u00e9xito es que, en general, siempre sienta bien y es de gran eficacia. Se le usa para el tratamiento sintom\u00e1tico de la osteoartritis cr\u00f3nica, tendinitis, lumbalgias y ci\u00e1ticas. Hay reportados numerosos estudios cl\u00ednicos que demuestran la efectividad del Harpagofito frente al dolor!\" \/>\n<meta property=\"og:url\" content=\"https:\/\/saludyvidastore.com\/en\/product\/artrifit-harpagofito-30-caps\/\" \/>\n<meta property=\"og:site_name\" content=\"Salud y Vida Store\" \/>\n<meta property=\"article:publisher\" content=\"https:\/\/www.facebook.com\/ArmoniaNaturalDietShop\/\" \/>\n<meta property=\"article:modified_time\" content=\"2018-07-13T23:49:21+00:00\" \/>\n<meta property=\"og:image\" content=\"https:\/\/saludyvidastore.com\/wp-content\/uploads\/2018\/02\/artrifit-harpagofito-30-caps_128.jpg\" \/>\n\t<meta property=\"og:image:width\" content=\"300\" \/>\n\t<meta property=\"og:image:height\" content=\"300\" \/>\n\t<meta property=\"og:image:type\" content=\"image\/jpeg\" \/>\n<meta name=\"twitter:card\" content=\"summary_large_image\" \/>\n<meta name=\"twitter:label1\" content=\"Est. reading time\" \/>\n\t<meta name=\"twitter:data1\" content=\"1 minute\" \/>\n<script type=\"application\/ld+json\" class=\"yoast-schema-graph\">{\"@context\":\"https:\/\/schema.org\",\"@graph\":[{\"@type\":\"WebSite\",\"@id\":\"https:\/\/saludyvidastore.com\/#website\",\"url\":\"https:\/\/saludyvidastore.com\/\",\"name\":\"Salud y Vida Store\",\"description\":\"Otro sitio realizado con WordPress\",\"potentialAction\":[{\"@type\":\"SearchAction\",\"target\":{\"@type\":\"EntryPoint\",\"urlTemplate\":\"https:\/\/saludyvidastore.com\/?s={search_term_string}\"},\"query-input\":\"required name=search_term_string\"}],\"inLanguage\":\"en-US\"},{\"@type\":\"ImageObject\",\"@id\":\"https:\/\/saludyvidastore.com\/en\/product\/artrifit-harpagofito-30-caps\/#primaryimage\",\"inLanguage\":\"en-US\",\"url\":\"https:\/\/saludyvidastore.com\/wp-content\/uploads\/2018\/02\/artrifit-harpagofito-30-caps_128.jpg\",\"contentUrl\":\"https:\/\/saludyvidastore.com\/wp-content\/uploads\/2018\/02\/artrifit-harpagofito-30-caps_128.jpg\",\"width\":300,\"height\":300},{\"@type\":\"WebPage\",\"@id\":\"https:\/\/saludyvidastore.com\/en\/product\/artrifit-harpagofito-30-caps\/#webpage\",\"url\":\"https:\/\/saludyvidastore.com\/en\/product\/artrifit-harpagofito-30-caps\/\",\"name\":\"Artrifit Harpagofito 30 caps - Salud y Vida Store\",\"isPartOf\":{\"@id\":\"https:\/\/saludyvidastore.com\/#website\"},\"primaryImageOfPage\":{\"@id\":\"https:\/\/saludyvidastore.com\/en\/product\/artrifit-harpagofito-30-caps\/#primaryimage\"},\"datePublished\":\"2018-01-28T21:42:33+00:00\",\"dateModified\":\"2018-07-13T23:49:21+00:00\",\"breadcrumb\":{\"@id\":\"https:\/\/saludyvidastore.com\/en\/product\/artrifit-harpagofito-30-caps\/#breadcrumb\"},\"inLanguage\":\"en-US\",\"potentialAction\":[{\"@type\":\"ReadAction\",\"target\":[\"https:\/\/saludyvidastore.com\/en\/product\/artrifit-harpagofito-30-caps\/\"]}]},{\"@type\":\"BreadcrumbList\",\"@id\":\"https:\/\/saludyvidastore.com\/en\/product\/artrifit-harpagofito-30-caps\/#breadcrumb\",\"itemListElement\":[{\"@type\":\"ListItem\",\"position\":1,\"name\":\"Portada\",\"item\":\"https:\/\/saludyvidastore.com\/en\/\"},{\"@type\":\"ListItem\",\"position\":2,\"name\":\"Tienda\",\"item\":\"https:\/\/saludyvidastore.com\/tienda\/\"},{\"@type\":\"ListItem\",\"position\":3,\"name\":\"Artrifit Harpagofito 30 caps\"}]}]}<\/script>\n<!-- \/ Yoast SEO plugin. -->","yoast_head_json":{"title":"Artrifit Harpagofito 30 caps - Salud y Vida Store","robots":{"index":"index","follow":"follow","max-snippet":"max-snippet:-1","max-image-preview":"max-image-preview:large","max-video-preview":"max-video-preview:-1"},"canonical":"https:\/\/saludyvidastore.com\/en\/product\/artrifit-harpagofito-30-caps\/","og_locale":"en_US","og_type":"article","og_title":"Artrifit Harpagofito 30 caps - Salud y Vida Store","og_description":"Acci\u00f3n anti inflamatoria, analg\u00e9sica y antirreum\u00e1tica: el Harpagofito suele funcionar muy bien en caso de dolores reum\u00e1ticos, artr\u00f3sicos y artr\u00edticos. Su \u00e9xito es que, en general, siempre sienta bien y es de gran eficacia. Se le usa para el tratamiento sintom\u00e1tico de la osteoartritis cr\u00f3nica, tendinitis, lumbalgias y ci\u00e1ticas. Hay reportados numerosos estudios cl\u00ednicos que demuestran la efectividad del Harpagofito frente al dolor!","og_url":"https:\/\/saludyvidastore.com\/en\/product\/artrifit-harpagofito-30-caps\/","og_site_name":"Salud y Vida Store","article_publisher":"https:\/\/www.facebook.com\/ArmoniaNaturalDietShop\/","article_modified_time":"2018-07-13T23:49:21+00:00","og_image":[{"width":300,"height":300,"url":"https:\/\/saludyvidastore.com\/wp-content\/uploads\/2018\/02\/artrifit-harpagofito-30-caps_128.jpg","type":"image\/jpeg"}],"twitter_card":"summary_large_image","twitter_misc":{"Est. reading time":"1 minute"},"schema":{"@context":"https:\/\/schema.org","@graph":[{"@type":"WebSite","@id":"https:\/\/saludyvidastore.com\/#website","url":"https:\/\/saludyvidastore.com\/","name":"Salud y Vida Store","description":"Otro sitio realizado con WordPress","potentialAction":[{"@type":"SearchAction","target":{"@type":"EntryPoint","urlTemplate":"https:\/\/saludyvidastore.com\/?s={search_term_string}"},"query-input":"required name=search_term_string"}],"inLanguage":"en-US"},{"@type":"ImageObject","@id":"https:\/\/saludyvidastore.com\/en\/product\/artrifit-harpagofito-30-caps\/#primaryimage","inLanguage":"en-US","url":"https:\/\/saludyvidastore.com\/wp-content\/uploads\/2018\/02\/artrifit-harpagofito-30-caps_128.jpg","contentUrl":"https:\/\/saludyvidastore.com\/wp-content\/uploads\/2018\/02\/artrifit-harpagofito-30-caps_128.jpg","width":300,"height":300},{"@type":"WebPage","@id":"https:\/\/saludyvidastore.com\/en\/product\/artrifit-harpagofito-30-caps\/#webpage","url":"https:\/\/saludyvidastore.com\/en\/product\/artrifit-harpagofito-30-caps\/","name":"Artrifit Harpagofito 30 caps - Salud y Vida Store","isPartOf":{"@id":"https:\/\/saludyvidastore.com\/#website"},"primaryImageOfPage":{"@id":"https:\/\/saludyvidastore.com\/en\/product\/artrifit-harpagofito-30-caps\/#primaryimage"},"datePublished":"2018-01-28T21:42:33+00:00","dateModified":"2018-07-13T23:49:21+00:00","breadcrumb":{"@id":"https:\/\/saludyvidastore.com\/en\/product\/artrifit-harpagofito-30-caps\/#breadcrumb"},"inLanguage":"en-US","potentialAction":[{"@type":"ReadAction","target":["https:\/\/saludyvidastore.com\/en\/product\/artrifit-harpagofito-30-caps\/"]}]},{"@type":"BreadcrumbList","@id":"https:\/\/saludyvidastore.com\/en\/product\/artrifit-harpagofito-30-caps\/#breadcrumb","itemListElement":[{"@type":"ListItem","position":1,"name":"Portada","item":"https:\/\/saludyvidastore.com\/en\/"},{"@type":"ListItem","position":2,"name":"Tienda","item":"https:\/\/saludyvidastore.com\/tienda\/"},{"@type":"ListItem","position":3,"name":"Artrifit Harpagofito 30 caps"}]}]}},"_links":{"self":[{"href":"https:\/\/saludyvidastore.com\/en\/wp-json\/wp\/v2\/product\/1876"}],"collection":[{"href":"https:\/\/saludyvidastore.com\/en\/wp-json\/wp\/v2\/product"}],"about":[{"href":"https:\/\/saludyvidastore.com\/en\/wp-json\/wp\/v2\/types\/product"}],"replies":[{"embeddable":true,"href":"https:\/\/saludyvidastore.com\/en\/wp-json\/wp\/v2\/comments?post=1876"}],"wp:featuredmedia":[{"embeddable":true,"href":"https:\/\/saludyvidastore.com\/en\/wp-json\/wp\/v2\/media\/1457"}],"wp:attachment":[{"href":"https:\/\/saludyvidastore.com\/en\/wp-json\/wp\/v2\/media?parent=1876"}],"wp:term":[{"taxonomy":"product_cat","embeddable":true,"href":"https:\/\/saludyvidastore.com\/en\/wp-json\/wp\/v2\/product_cat?post=1876"},{"taxonomy":"product_tag","embeddable":true,"href":"https:\/\/saludyvidastore.com\/en\/wp-json\/wp\/v2\/product_tag?post=1876"}],"curies":[{"name":"wp","href":"https:\/\/api.w.org\/{rel}","templated":true}]}}