{"id":1880,"date":"2018-01-28T21:42:31","date_gmt":"2018-01-28T21:42:31","guid":{"rendered":"http:\/\/saludyvidastore.com\/product\/anabolic-rx24-60-caps\/"},"modified":"2019-01-21T14:03:15","modified_gmt":"2019-01-21T14:03:15","slug":"anabolix-rx-24-testosterona-booster-build-lean-muscle-mass-blast-away-subborn-fat","status":"publish","type":"product","link":"https:\/\/saludyvidastore.com\/en\/product\/anabolix-rx-24-testosterona-booster-build-lean-muscle-mass-blast-away-subborn-fat\/","title":{"rendered":"Anabolic  RX24  Testosterone 60 CAPS"},"content":{"rendered":"<h3 style=\"text-align: center;\"><strong><span id=\"Que-es-RX24-Potencia-La-Testosterona\">\u00bfQu\u00e9 es\u00a0 Anabolic RX 24?\u00a0 \u00a0\u00bfPotencia La Testosterona?<\/span><\/strong><\/h3>\n<p>&nbsp;<\/p>\n<p>&nbsp;<\/p>\n<p>Anabolic RX 24 es un potenciador de testosterona natural que aumenta tus niveles hormonales eleva la producci\u00f3n de testosterona de forma natural te ayuda a desarrollar el tama\u00f1o de tus m\u00fasculos y reduce la grasa, pero adem\u00e1s es una forma segura de aumentar la libido y la potencia sexual sin necesidad de tomar medicamentos.<\/p>\n<p>&nbsp;<\/p>\n<p>Anabolic RX 24 est\u00e1 basado en una f\u00f3rmula patentada y ha sido desarrollado como un producto puro de alta calidad:<\/p>\n<p>&nbsp;<\/p>\n<ul>\n<li>100% Natural<\/li>\n<li>Sin Qu\u00edmicos<\/li>\n<li>Sin Efectos Secundarios<\/li>\n<\/ul>\n<p>&nbsp;<\/p>\n<p><strong>Testosterona Adicional, R\u00e1pida y Controlada<\/strong>:\u00a0Esta es una f\u00f3rmula que ofrece adem\u00e1s una r\u00e1pida disponibilidad. Es decir, los ingredientes potencian la producci\u00f3n de testosterona natural de forma inmediata, proporcionando efectos r\u00e1pidos pero controlados.<\/p>\n<p>&nbsp;<\/p>\n<p>&nbsp;<\/p>\n<p><span id=\"Como-funciona-RX24\">\u00bfC\u00f3mo funciona\u00a0 el Anabolic RX 24?<\/span><\/p>\n<p>&nbsp;<\/p>\n<p>Este suplemento es una combinaci\u00f3n de ingredientes herbarios de eficacia comprobada que act\u00faan sin\u00e9rgicamente para proporcionar \u00f3ptimos resultados.<\/p>\n<p>&nbsp;<\/p>\n<p>En primer lugar, la f\u00f3rmula produce un fortalecimiento de las gl\u00e1ndulas suprarrenales y un aumento de la circulaci\u00f3n sangu\u00ednea, logrando un incremento mantenido en la producci\u00f3n de <a href=\"\/?p=1704\">testosterona natural.<\/a><\/p>\n<p>&nbsp;<\/p>\n<p>Anabolic RX 24 activa el metabolismo y aumenta la circulaci\u00f3n sangu\u00ednea, lo cual genera un aumento de la energ\u00eda, la fuerza y la resistencia.<\/p>\n<p>&nbsp;<\/p>\n<p>Estos efectos se acompasan con un desarrollo de m\u00fasculo y una reducci\u00f3n de la grasa, pero a su vez proporcionan un fortalecimiento del sistema inmune y de la resistencia del cuerpo en general. La carga de la nueva densidad muscular no afectar\u00e1 los huesos, pues tambi\u00e9n proporciona m\u00e1s densidad \u00f3sea, es decir, huesos m\u00e1s fuertes.<\/p>\n<p>&nbsp;<\/p>\n<p>El aumento en los niveles de testosterona afecta el comportamiento sexual. El deseo sexual se incrementa, as\u00ed como tambi\u00e9n la calidad de las erecciones y la producci\u00f3n de esperma.<\/p>\n<p>&nbsp;<\/p>\n<p>Con los niveles de testosterona restablecidos, tu cuerpo alcanza su m\u00e1xima potencia.<\/p>\n<p>&nbsp;<\/p>\n<p><span id=\"Beneficios-del-Suplemento-RX24\">Beneficios del Suplemento\u00a0 Anabolic RX 24<\/span><\/p>\n<p>&nbsp;<\/p>\n<p>Anabolic Rx 24 es un suplemento que ayuda a mantener niveles saludables de testosterona y por ello tiene varios beneficios que ofrecer a los hombres que han pasado la adolescencia.<\/p>\n<p>&nbsp;<\/p>\n<p>Un aumento de la testosterona permite reducir los efectos del envejecimiento del cuerpo y las consecuencias de las fluctuaciones hormonales que impiden mantener la potencia sexual:<\/p>\n<p>&nbsp;<\/p>\n<ul>\n<li>Bajo deseo sexual<\/li>\n<li>Baja potencia sexual<\/li>\n<li>Falta de energ\u00eda<\/li>\n<li>D\u00e9biles erecciones<\/li>\n<li>Disfunci\u00f3n er\u00e9ctil<\/li>\n<li>Impotencia<\/li>\n<\/ul>\n<p>&nbsp;<\/p>\n<p>&nbsp;<\/p>\n<p>La mejora de la funci\u00f3n sexual es sin duda uno de sus grandes beneficios, pero tambi\u00e9n lo es su potente efecto anab\u00f3lico, otro de los efectos del aumento de la testosterona.<\/p>\n<p>Anabolic Rx 24 promueve la producci\u00f3n de prote\u00edna en el cuerpo, lo cual ayuda a pasar a una nueva etapa de desarrollo muscular. Esto, sumado a sus efectos en el metabolismo de las grasas ayuda a lograr un cuerpo m\u00e1s musculoso y definido.<\/p>\n<p>&nbsp;<\/p>\n<p>Adem\u00e1s, proporciona la energ\u00eda, la fuerza y la resistencia necesarias para desarrollar entrenamientos m\u00e1s intensos y prolongados, lo que permite alcanzar el m\u00e1ximo crecimiento en base al esfuerzo.<\/p>\n<p>&nbsp;<\/p>\n<p>Es cuando un cuerpo trabajando a m\u00e1xima intensidad lograr\u00e1 desarrollar su m\u00e1xima potencia, tanto f\u00edsica como sexual.<\/p>\n<p>&nbsp;<\/p>\n<p>&nbsp;<\/p>\n<p><span id=\"Para-que-sirve-RX24\">\u00bfPara qu\u00e9 sirve el Anabolic RX 24?<\/span><\/p>\n<p>&nbsp;<\/p>\n<ul>\n<li>Incrementa las cantidades de prote\u00edna en el cuerpo<\/li>\n<li>Aumenta la energ\u00eda y la fuerza<\/li>\n<li>Mejora el rendimiento en los entrenamientos<\/li>\n<li>Potencia el desarrollo de la masa muscular<\/li>\n<li>Aumenta la libido y el deseo sexual<\/li>\n<li>Desarrolla la potencia sexual, mejora las erecciones<\/li>\n<li>Previene la disfunci\u00f3n er\u00e9ctil e impotencia<\/li>\n<li>Activa el metabolismo y reduce la grasa corporal<\/li>\n<li>Mejora el humor, aumenta la motivaci\u00f3n<\/li>\n<li>Mejora la circulaci\u00f3n sangu\u00ednea<\/li>\n<li>Promueve la salud digestiva<\/li>\n<li>Fortalece los huesos<\/li>\n<li>Estimula el sistema inmune<\/li>\n<\/ul>\n<p>&nbsp;<\/p>\n<p><span id=\"Cuales-son-sus-ingredientes\">\u00bfCu\u00e1les son sus ingredientes?<\/span><\/p>\n<p>&nbsp;<\/p>\n<p>Anabolic Rx 24 contiene una mezcla patentada de ingredientes naturales y substancias org\u00e1nicas combinados en una f\u00f3rmula que penetra en el flujo sangu\u00edneo de forma m\u00e1s efectiva.<\/p>\n<p>&nbsp;<\/p>\n<p>Sus componentes son ingredientes de reconocida eficacia como estimulantes del sistema nervioso y la circulaci\u00f3n sangu\u00ednea.<\/p>\n<p>&nbsp;<\/p>\n<p>Tribulus terrestris:\u00a0Un estimulante hormonal natural que aumenta los niveles de testosterona libre.<\/p>\n<p>&nbsp;<\/p>\n<p>\u00c1cido alfa lipoico:\u00a0Un antioxidante que reduce los efectos del envejecimiento y apoya el metabolismo energ\u00e9tico.<\/p>\n<p>&nbsp;<\/p>\n<p>Extracto de Fenogreco:\u00a0Un potenciador de testosterona org\u00e1nico y estimulante sexual.<\/p>\n<p>&nbsp;<\/p>\n<p>Epidemium:\u00a0Una hierba que aumenta la fuerza, la energ\u00eda, fortalece los huesos y mejora la funci\u00f3n sexual.<\/p>\n<p>&nbsp;<\/p>\n<p>Trillium Rectum:\u00a0Un ingrediente clave que fortalece las gl\u00e1ndulas suprarrenales y aumenta la testosterona en m\u00e1s de un 50% en un plazo muy breve.<\/p>\n<p>&nbsp;<\/p>\n<p><span id=\"Efectos-secundarios-de-RX24\">Efectos secundarios de Anabolic RX 24<\/span><\/p>\n<p>&nbsp;<\/p>\n<p>Las revisiones y opiniones de Anabolic Rx 24 son positivas y no se han encontrado usuarios que hayan reportado efectos secundarios negativos. Sin embargo, s\u00ed produce algunos efectos secundarios positivos.<\/p>\n<p>&nbsp;<\/p>\n<p>La mejora en la circulaci\u00f3n sangu\u00ednea proporciona diversos efectos en la salud y tambi\u00e9n en la apariencia, pues reduce la p\u00e9rdida de cabello, un problema com\u00fan en los hombres.<\/p>\n<p>&nbsp;<\/p>\n<p>Sus efectos en la salud digestiva ofrecen algunos beneficios secundarios no menos importantes, como eliminar los gases y la hinchaz\u00f3n. Un cuerpo menos hinchado y libre de grasa es un cuerpo bien definido.<\/p>\n<p>&nbsp;<\/p>\n<p>Por \u00faltimo, el est\u00edmulo que supone para el sistema inmunol\u00f3gico permite prevenir infecciones y diversas enfermedades. Las consecuencias de este efecto son verdaderamente positivas desde el punto de vista de la salud y tambi\u00e9n del rendimiento.<\/p>\n<p>&nbsp;<\/p>\n<p>&nbsp;<\/p>\n","protected":false},"excerpt":{"rendered":"<p>Anabolic RX 24 es un potenciador de testosterona natural que aumenta tus niveles hormonales eleva la producci\u00f3n de testosterona de forma natural te ayuda a desarrollar el tama\u00f1o de tus m\u00fasculos y reduce la grasa, pero adem\u00e1s es una forma segura de aumentar la libido y la potencia sexual sin necesidad de tomar medicamentos.<\/p>\n","protected":false},"featured_media":2734,"comment_status":"open","ping_status":"closed","template":"","meta":[],"product_cat":[30,29],"product_tag":[],"acf":[],"yoast_head":"<!-- This site is optimized with the Yoast SEO plugin v18.5.1 - https:\/\/yoast.com\/wordpress\/plugins\/seo\/ -->\n<title>Anabolic Rx 24 Testosterone Booster Potenciador de testosterona natural<\/title>\n<meta name=\"description\" content=\"Anabolic Rx 24 contiene una mezcla patentada de ingredientes naturales y substancias org\u00e1nicas combinados en una f\u00f3rmula que penetra en el flujo sangu\u00edneo.\" \/>\n<meta name=\"robots\" content=\"index, follow, max-snippet:-1, max-image-preview:large, max-video-preview:-1\" \/>\n<link rel=\"canonical\" href=\"https:\/\/saludyvidastore.com\/en\/product\/anabolix-rx-24-testosterona-booster-build-lean-muscle-mass-blast-away-subborn-fat\/\" \/>\n<meta property=\"og:locale\" content=\"en_US\" \/>\n<meta property=\"og:type\" content=\"article\" \/>\n<meta property=\"og:title\" content=\"Anabolic Rx 24 Testosterone Booster Potenciador de testosterona natural\" \/>\n<meta property=\"og:description\" content=\"Anabolic Rx 24 contiene una mezcla patentada de ingredientes naturales y substancias org\u00e1nicas combinados en una f\u00f3rmula que penetra en el flujo sangu\u00edneo.\" \/>\n<meta property=\"og:url\" content=\"https:\/\/saludyvidastore.com\/en\/product\/anabolix-rx-24-testosterona-booster-build-lean-muscle-mass-blast-away-subborn-fat\/\" \/>\n<meta property=\"og:site_name\" content=\"Salud y Vida Store\" \/>\n<meta property=\"article:publisher\" content=\"https:\/\/www.facebook.com\/ArmoniaNaturalDietShop\/\" \/>\n<meta property=\"article:modified_time\" content=\"2019-01-21T14:03:15+00:00\" \/>\n<meta property=\"og:image\" content=\"https:\/\/saludyvidastore.com\/wp-content\/uploads\/2018\/01\/anabolic-rx24.jpg\" \/>\n\t<meta property=\"og:image:width\" content=\"940\" \/>\n\t<meta property=\"og:image:height\" content=\"940\" \/>\n\t<meta property=\"og:image:type\" content=\"image\/jpeg\" \/>\n<meta name=\"twitter:card\" content=\"summary_large_image\" \/>\n<meta name=\"twitter:label1\" content=\"Est. reading time\" \/>\n\t<meta name=\"twitter:data1\" content=\"5 minutes\" \/>\n<script type=\"application\/ld+json\" class=\"yoast-schema-graph\">{\"@context\":\"https:\/\/schema.org\",\"@graph\":[{\"@type\":\"WebSite\",\"@id\":\"https:\/\/saludyvidastore.com\/#website\",\"url\":\"https:\/\/saludyvidastore.com\/\",\"name\":\"Salud y Vida Store\",\"description\":\"Otro sitio realizado con WordPress\",\"potentialAction\":[{\"@type\":\"SearchAction\",\"target\":{\"@type\":\"EntryPoint\",\"urlTemplate\":\"https:\/\/saludyvidastore.com\/?s={search_term_string}\"},\"query-input\":\"required name=search_term_string\"}],\"inLanguage\":\"en-US\"},{\"@type\":\"ImageObject\",\"@id\":\"https:\/\/saludyvidastore.com\/en\/product\/anabolix-rx-24-testosterona-booster-build-lean-muscle-mass-blast-away-subborn-fat\/#primaryimage\",\"inLanguage\":\"en-US\",\"url\":\"https:\/\/saludyvidastore.com\/wp-content\/uploads\/2018\/01\/anabolic-rx24.jpg\",\"contentUrl\":\"https:\/\/saludyvidastore.com\/wp-content\/uploads\/2018\/01\/anabolic-rx24.jpg\",\"width\":940,\"height\":940},{\"@type\":\"WebPage\",\"@id\":\"https:\/\/saludyvidastore.com\/en\/product\/anabolix-rx-24-testosterona-booster-build-lean-muscle-mass-blast-away-subborn-fat\/#webpage\",\"url\":\"https:\/\/saludyvidastore.com\/en\/product\/anabolix-rx-24-testosterona-booster-build-lean-muscle-mass-blast-away-subborn-fat\/\",\"name\":\"Anabolic Rx 24 Testosterone Booster Potenciador de testosterona natural\",\"isPartOf\":{\"@id\":\"https:\/\/saludyvidastore.com\/#website\"},\"primaryImageOfPage\":{\"@id\":\"https:\/\/saludyvidastore.com\/en\/product\/anabolix-rx-24-testosterona-booster-build-lean-muscle-mass-blast-away-subborn-fat\/#primaryimage\"},\"datePublished\":\"2018-01-28T21:42:31+00:00\",\"dateModified\":\"2019-01-21T14:03:15+00:00\",\"description\":\"Anabolic Rx 24 contiene una mezcla patentada de ingredientes naturales y substancias org\u00e1nicas combinados en una f\u00f3rmula que penetra en el flujo sangu\u00edneo.\",\"breadcrumb\":{\"@id\":\"https:\/\/saludyvidastore.com\/en\/product\/anabolix-rx-24-testosterona-booster-build-lean-muscle-mass-blast-away-subborn-fat\/#breadcrumb\"},\"inLanguage\":\"en-US\",\"potentialAction\":[{\"@type\":\"ReadAction\",\"target\":[\"https:\/\/saludyvidastore.com\/en\/product\/anabolix-rx-24-testosterona-booster-build-lean-muscle-mass-blast-away-subborn-fat\/\"]}]},{\"@type\":\"BreadcrumbList\",\"@id\":\"https:\/\/saludyvidastore.com\/en\/product\/anabolix-rx-24-testosterona-booster-build-lean-muscle-mass-blast-away-subborn-fat\/#breadcrumb\",\"itemListElement\":[{\"@type\":\"ListItem\",\"position\":1,\"name\":\"Portada\",\"item\":\"https:\/\/saludyvidastore.com\/en\/\"},{\"@type\":\"ListItem\",\"position\":2,\"name\":\"Tienda\",\"item\":\"https:\/\/saludyvidastore.com\/tienda\/\"},{\"@type\":\"ListItem\",\"position\":3,\"name\":\"Anabolic RX24 Testosterone 60 CAPS\"}]}]}<\/script>\n<!-- \/ Yoast SEO plugin. -->","yoast_head_json":{"title":"Anabolic Rx 24 Testosterone Booster Potenciador de testosterona natural","description":"Anabolic Rx 24 contiene una mezcla patentada de ingredientes naturales y substancias org\u00e1nicas combinados en una f\u00f3rmula que penetra en el flujo sangu\u00edneo.","robots":{"index":"index","follow":"follow","max-snippet":"max-snippet:-1","max-image-preview":"max-image-preview:large","max-video-preview":"max-video-preview:-1"},"canonical":"https:\/\/saludyvidastore.com\/en\/product\/anabolix-rx-24-testosterona-booster-build-lean-muscle-mass-blast-away-subborn-fat\/","og_locale":"en_US","og_type":"article","og_title":"Anabolic Rx 24 Testosterone Booster Potenciador de testosterona natural","og_description":"Anabolic Rx 24 contiene una mezcla patentada de ingredientes naturales y substancias org\u00e1nicas combinados en una f\u00f3rmula que penetra en el flujo sangu\u00edneo.","og_url":"https:\/\/saludyvidastore.com\/en\/product\/anabolix-rx-24-testosterona-booster-build-lean-muscle-mass-blast-away-subborn-fat\/","og_site_name":"Salud y Vida Store","article_publisher":"https:\/\/www.facebook.com\/ArmoniaNaturalDietShop\/","article_modified_time":"2019-01-21T14:03:15+00:00","og_image":[{"width":940,"height":940,"url":"https:\/\/saludyvidastore.com\/wp-content\/uploads\/2018\/01\/anabolic-rx24.jpg","type":"image\/jpeg"}],"twitter_card":"summary_large_image","twitter_misc":{"Est. reading time":"5 minutes"},"schema":{"@context":"https:\/\/schema.org","@graph":[{"@type":"WebSite","@id":"https:\/\/saludyvidastore.com\/#website","url":"https:\/\/saludyvidastore.com\/","name":"Salud y Vida Store","description":"Otro sitio realizado con WordPress","potentialAction":[{"@type":"SearchAction","target":{"@type":"EntryPoint","urlTemplate":"https:\/\/saludyvidastore.com\/?s={search_term_string}"},"query-input":"required name=search_term_string"}],"inLanguage":"en-US"},{"@type":"ImageObject","@id":"https:\/\/saludyvidastore.com\/en\/product\/anabolix-rx-24-testosterona-booster-build-lean-muscle-mass-blast-away-subborn-fat\/#primaryimage","inLanguage":"en-US","url":"https:\/\/saludyvidastore.com\/wp-content\/uploads\/2018\/01\/anabolic-rx24.jpg","contentUrl":"https:\/\/saludyvidastore.com\/wp-content\/uploads\/2018\/01\/anabolic-rx24.jpg","width":940,"height":940},{"@type":"WebPage","@id":"https:\/\/saludyvidastore.com\/en\/product\/anabolix-rx-24-testosterona-booster-build-lean-muscle-mass-blast-away-subborn-fat\/#webpage","url":"https:\/\/saludyvidastore.com\/en\/product\/anabolix-rx-24-testosterona-booster-build-lean-muscle-mass-blast-away-subborn-fat\/","name":"Anabolic Rx 24 Testosterone Booster Potenciador de testosterona natural","isPartOf":{"@id":"https:\/\/saludyvidastore.com\/#website"},"primaryImageOfPage":{"@id":"https:\/\/saludyvidastore.com\/en\/product\/anabolix-rx-24-testosterona-booster-build-lean-muscle-mass-blast-away-subborn-fat\/#primaryimage"},"datePublished":"2018-01-28T21:42:31+00:00","dateModified":"2019-01-21T14:03:15+00:00","description":"Anabolic Rx 24 contiene una mezcla patentada de ingredientes naturales y substancias org\u00e1nicas combinados en una f\u00f3rmula que penetra en el flujo sangu\u00edneo.","breadcrumb":{"@id":"https:\/\/saludyvidastore.com\/en\/product\/anabolix-rx-24-testosterona-booster-build-lean-muscle-mass-blast-away-subborn-fat\/#breadcrumb"},"inLanguage":"en-US","potentialAction":[{"@type":"ReadAction","target":["https:\/\/saludyvidastore.com\/en\/product\/anabolix-rx-24-testosterona-booster-build-lean-muscle-mass-blast-away-subborn-fat\/"]}]},{"@type":"BreadcrumbList","@id":"https:\/\/saludyvidastore.com\/en\/product\/anabolix-rx-24-testosterona-booster-build-lean-muscle-mass-blast-away-subborn-fat\/#breadcrumb","itemListElement":[{"@type":"ListItem","position":1,"name":"Portada","item":"https:\/\/saludyvidastore.com\/en\/"},{"@type":"ListItem","position":2,"name":"Tienda","item":"https:\/\/saludyvidastore.com\/tienda\/"},{"@type":"ListItem","position":3,"name":"Anabolic RX24 Testosterone 60 CAPS"}]}]}},"_links":{"self":[{"href":"https:\/\/saludyvidastore.com\/en\/wp-json\/wp\/v2\/product\/1880"}],"collection":[{"href":"https:\/\/saludyvidastore.com\/en\/wp-json\/wp\/v2\/product"}],"about":[{"href":"https:\/\/saludyvidastore.com\/en\/wp-json\/wp\/v2\/types\/product"}],"replies":[{"embeddable":true,"href":"https:\/\/saludyvidastore.com\/en\/wp-json\/wp\/v2\/comments?post=1880"}],"wp:featuredmedia":[{"embeddable":true,"href":"https:\/\/saludyvidastore.com\/en\/wp-json\/wp\/v2\/media\/2734"}],"wp:attachment":[{"href":"https:\/\/saludyvidastore.com\/en\/wp-json\/wp\/v2\/media?parent=1880"}],"wp:term":[{"taxonomy":"product_cat","embeddable":true,"href":"https:\/\/saludyvidastore.com\/en\/wp-json\/wp\/v2\/product_cat?post=1880"},{"taxonomy":"product_tag","embeddable":true,"href":"https:\/\/saludyvidastore.com\/en\/wp-json\/wp\/v2\/product_tag?post=1880"}],"curies":[{"name":"wp","href":"https:\/\/api.w.org\/{rel}","templated":true}]}}