{"id":2452,"date":"2018-07-13T22:56:35","date_gmt":"2018-07-13T22:56:35","guid":{"rendered":"http:\/\/saludyvidastore.com\/product\/megaplex-creatine-power-x-2-lb\/"},"modified":"2025-04-12T16:36:50","modified_gmt":"2025-04-12T16:36:50","slug":"megaplex-creatine-power-x-2-lb","status":"publish","type":"product","link":"https:\/\/saludyvidastore.com\/en\/product\/megaplex-creatine-power-x-2-lb\/","title":{"rendered":"MEGAPLEX CREATINE POWER X 2 lb"},"content":{"rendered":"<h1 style=\"margin: 0px 0px 6px; font-family: 'Open Sans', Arial, Helvetica, sans-serif; font-weight: 300; line-height: 1.2em; color: #353535; font-size: 22px; padding: 0px; text-align: center;\"><strong><span style=\"font-family: helvetica; font-size: 18pt;\"><span style=\"background: red;\">MEGAPLEX CREATINE POWER<\/span><\/span><\/strong><\/h1>\n<h1><\/h1>\n<h2 style=\"margin: 10px 0px 20px; font-family: 'Open Sans', Arial, Helvetica, sans-serif; font-weight: 300; line-height: 1.2em; color: #353535; font-size: 19.2px;\"><strong><span style=\"font-family: helvetica; font-size: 18pt;\">MEGAPLEX CREATINE POWER <\/span><\/strong><strong><span style=\"font-family: helvetica; font-size: 18pt;\">es una f\u00f3rmula avanzada que proporciona al deportista un aumento extremo de masa muscular, masivas calor\u00edas para m\u00e1xima ganancia de peso. Este producto est\u00e1 elaborado con Prote\u00edna de Suero, brindando al consumidor todos los Amino\u00e1cidos esenciales y no esenciales requeridos para la construcci\u00f3n y mantenimiento de la masa muscular.<\/span><\/strong><\/h2>\n<h1 style=\"margin: 0px 0px 6px; font-family: 'Open Sans', Arial, Helvetica, sans-serif; font-weight: 300; line-height: 1.2em; color: #353535; font-size: 22px; padding: 0px;\"><strong>\u00a0<\/strong><\/h1>\n<h2 style=\"margin: 10px 0px 20px; font-family: 'Open Sans', Arial, Helvetica, sans-serif; font-weight: 300; line-height: 1.2em; color: #353535; font-size: 19.2px;\"><\/h2>\n<h2 style=\"margin: 10px 0px 20px; font-family: 'Open Sans', Arial, Helvetica, sans-serif; font-weight: 300; line-height: 1.2em; color: #353535; font-size: 19.2px;\"><strong><span style=\"font-family: helvetica; font-size: 18pt;\">contiene 5g de creatina monohidratada por toma, producto que incrementa notoriamente la fuerza y resistencia, que combinado con el excelente perfil nutricional da como resultado un aumento extremo de masa muscular.\u00a0<\/span><\/strong><\/h2>\n<p>&nbsp;<\/p>\n<p style=\"margin: 0px 0px 0.9em; color: #353535; font-family: 'Open Sans', Arial, Helvetica, sans-serif; font-size: 12px;\"><strong><span style=\"font-family: helvetica; font-size: 18pt;\">RECOMENDADO PARA: Personas delgadas y deportistas, que buscan incrementar su peso y fuerza, ganando masa muscular y volumen. Es altamente recomendado para deportistas con periodos largos de entrenamiento y alto gasto cal\u00f3rico tales como: ciclistas, nadadores, etc.\u00a0<\/span><\/strong><\/p>\n<p style=\"margin: 0px 0px 0.9em; color: #353535; font-family: 'Open Sans', Arial, Helvetica, sans-serif; font-size: 12px;\"><strong>\u00a0<\/strong><\/p>\n<p>&nbsp;<\/p>\n<p style=\"margin: 0px 0px 0.9em; color: #353535; font-family: 'Open Sans', Arial, Helvetica, sans-serif; font-size: 12px;\"><strong><span style=\"font-family: helvetica; font-size: 18pt;\">MEGAPLEX CREATINE POWER proporciona los nutrientes necesarios para que dichas personas no entren en catabolismo proteico.\u00a0<\/span><\/strong><\/p>\n<p style=\"margin: 0px 0px 0.9em; color: #353535; font-family: 'Open Sans', Arial, Helvetica, sans-serif; font-size: 12px;\"><strong>\u00a0<\/strong><\/p>\n<p>&nbsp;<\/p>\n<p style=\"margin: 0px 0px 0.9em; color: #353535; font-family: 'Open Sans', Arial, Helvetica, sans-serif; font-size: 12px;\"><strong><span style=\"font-family: helvetica; font-size: 18pt;\">FORMA DE CONSUMO: Consuma 2 servicios por d\u00eda inmediatamente despu\u00e9s del entrenamiento y\/o entre comidas. Mezcle 5 medidas de MEGAPLEX CREATINE POWER en 500 ml de leche descremada y disfrute de un delicioso batido (puede adicionar de acuerdo a su gusto; yogurt, helado, banano o fresas para aumentar el contenido cal\u00f3rico).\u00a0<\/span><\/strong><br \/>\n<strong><span style=\"font-family: helvetica; font-size: 18pt;\">Incluye dosificador.<\/span><\/strong><\/p>\n<p style=\"margin: 0px 0px 0.9em; color: #353535; font-family: 'Open Sans', Arial, Helvetica, sans-serif; font-size: 12px;\"><strong>\u00a0<\/strong><\/p>\n<p style=\"margin: 0px 0px 0.9em; color: #353535; font-family: 'Open Sans', Arial, Helvetica, sans-serif; font-size: 12px;\"><strong><span style=\"font-family: helvetica; font-size: 18pt;\">CARACTER\u00cdSTICAS:<\/span><\/strong><\/p>\n<ul style=\"padding: 0px; margin: 0px 0px 20px 25px; color: #353535; font-family: 'Open Sans', Arial, Helvetica, sans-serif; font-size: 12px;\">\n<li style=\"line-height: 20px; margin-left: 30px;\"><strong><span style=\"font-family: helvetica; font-size: 18pt;\"><span style=\"line-height: normal;\">\u00a0 \u00a0 \u00a0\u00a0<\/span>Aumenta masa muscular y peso.\u00a0<\/span><\/strong><\/li>\n<li style=\"line-height: 20px; margin-left: 30px; text-indent: -18pt;\"><strong><span style=\"font-family: helvetica; font-size: 18pt;\"><span style=\"line-height: normal;\">\u00a0 \u00a0 \u00a0 \u00a0 \u00a0<\/span>Adicionado con BCAAs, Glutamina y Creatina.\u00a0<\/span><\/strong><\/li>\n<li style=\"line-height: 20px; margin-left: 30px; text-indent: -18pt;\"><strong><span style=\"font-family: helvetica; font-size: 18pt;\"><span style=\"line-height: normal;\">\u00a0 \u00a0 \u00a0 \u00a0 \u00a044<\/span>grs de prote\u00edna por servicio.<\/span><\/strong><\/li>\n<li style=\"line-height: 20px; margin-left: 30px; text-indent: -18pt;\"><strong><span style=\"font-family: helvetica; font-size: 18pt;\"><span style=\"line-height: normal;\">\u00a0 \u00a0 \u00a0 \u00a0 \u00a0<\/span>Presentaci\u00f3n por 2 Llbs (908g).<\/span><\/strong><\/li>\n<\/ul>\n","protected":false},"excerpt":{"rendered":"<p>MEGAPLEX CREATINE POWER es una f\u00f3rmula avanzada que proporciona al deportista un aumento extremo de masa muscular, masivas calor\u00edas para m\u00e1xima ganancia de peso. Este producto est\u00e1 elaborado con Prote\u00edna de Suero, brindando al consumidor todos los Amino\u00e1cidos esenciales y no esenciales requeridos para la construcci\u00f3n y mantenimiento de la masa muscular.<\/p>\n","protected":false},"featured_media":10070,"comment_status":"open","ping_status":"closed","template":"","meta":[],"product_cat":[42,29],"product_tag":[],"acf":[],"yoast_head":"<!-- This site is optimized with the Yoast SEO plugin v18.5.1 - https:\/\/yoast.com\/wordpress\/plugins\/seo\/ -->\n<title>MEGAPLEX CREATINE POWER X 2 lb - Salud y Vida Store<\/title>\n<meta name=\"description\" content=\"MEGAPLEX CREATINE POWER es una f\u00f3rmula avanzada que proporciona al deportista un aumento extremo de masa muscular, masivas calor\u00edas para m\u00e1xima ganancia de peso.\" \/>\n<meta name=\"robots\" content=\"index, follow, max-snippet:-1, max-image-preview:large, max-video-preview:-1\" \/>\n<link rel=\"canonical\" href=\"https:\/\/saludyvidastore.com\/en\/product\/megaplex-creatine-power-x-2-lb\/\" \/>\n<meta property=\"og:locale\" content=\"en_US\" \/>\n<meta property=\"og:type\" content=\"article\" \/>\n<meta property=\"og:title\" content=\"MEGAPLEX CREATINE POWER X 2 lb - Salud y Vida Store\" \/>\n<meta property=\"og:description\" content=\"MEGAPLEX CREATINE POWER es una f\u00f3rmula avanzada que proporciona al deportista un aumento extremo de masa muscular, masivas calor\u00edas para m\u00e1xima ganancia de peso.\" \/>\n<meta property=\"og:url\" content=\"https:\/\/saludyvidastore.com\/en\/product\/megaplex-creatine-power-x-2-lb\/\" \/>\n<meta property=\"og:site_name\" content=\"Salud y Vida Store\" \/>\n<meta property=\"article:publisher\" content=\"https:\/\/www.facebook.com\/ArmoniaNaturalDietShop\/\" \/>\n<meta property=\"article:modified_time\" content=\"2025-04-12T16:36:50+00:00\" \/>\n<meta name=\"twitter:card\" content=\"summary_large_image\" \/>\n<meta name=\"twitter:label1\" content=\"Est. reading time\" \/>\n\t<meta name=\"twitter:data1\" content=\"1 minute\" \/>\n<script type=\"application\/ld+json\" class=\"yoast-schema-graph\">{\"@context\":\"https:\/\/schema.org\",\"@graph\":[{\"@type\":\"WebSite\",\"@id\":\"https:\/\/saludyvidastore.com\/#website\",\"url\":\"https:\/\/saludyvidastore.com\/\",\"name\":\"Salud y Vida Store\",\"description\":\"Otro sitio realizado con WordPress\",\"potentialAction\":[{\"@type\":\"SearchAction\",\"target\":{\"@type\":\"EntryPoint\",\"urlTemplate\":\"https:\/\/saludyvidastore.com\/?s={search_term_string}\"},\"query-input\":\"required name=search_term_string\"}],\"inLanguage\":\"en-US\"},{\"@type\":\"ImageObject\",\"@id\":\"https:\/\/saludyvidastore.com\/en\/product\/megaplex-creatine-power-x-2-lb\/#primaryimage\",\"inLanguage\":\"en-US\",\"url\":\"https:\/\/saludyvidastore.com\/wp-content\/uploads\/2018\/07\/megaplex-creatine-power-2-libras.webp-web.png\",\"contentUrl\":\"https:\/\/saludyvidastore.com\/wp-content\/uploads\/2018\/07\/megaplex-creatine-power-2-libras.webp-web.png\",\"width\":1200,\"height\":1200,\"caption\":\"MEGAPLEX CREATINE POWER\"},{\"@type\":\"WebPage\",\"@id\":\"https:\/\/saludyvidastore.com\/en\/product\/megaplex-creatine-power-x-2-lb\/#webpage\",\"url\":\"https:\/\/saludyvidastore.com\/en\/product\/megaplex-creatine-power-x-2-lb\/\",\"name\":\"MEGAPLEX CREATINE POWER X 2 lb - Salud y Vida Store\",\"isPartOf\":{\"@id\":\"https:\/\/saludyvidastore.com\/#website\"},\"primaryImageOfPage\":{\"@id\":\"https:\/\/saludyvidastore.com\/en\/product\/megaplex-creatine-power-x-2-lb\/#primaryimage\"},\"datePublished\":\"2018-07-13T22:56:35+00:00\",\"dateModified\":\"2025-04-12T16:36:50+00:00\",\"description\":\"MEGAPLEX CREATINE POWER es una f\u00f3rmula avanzada que proporciona al deportista un aumento extremo de masa muscular, masivas calor\u00edas para m\u00e1xima ganancia de peso.\",\"breadcrumb\":{\"@id\":\"https:\/\/saludyvidastore.com\/en\/product\/megaplex-creatine-power-x-2-lb\/#breadcrumb\"},\"inLanguage\":\"en-US\",\"potentialAction\":[{\"@type\":\"ReadAction\",\"target\":[\"https:\/\/saludyvidastore.com\/en\/product\/megaplex-creatine-power-x-2-lb\/\"]}]},{\"@type\":\"BreadcrumbList\",\"@id\":\"https:\/\/saludyvidastore.com\/en\/product\/megaplex-creatine-power-x-2-lb\/#breadcrumb\",\"itemListElement\":[{\"@type\":\"ListItem\",\"position\":1,\"name\":\"Portada\",\"item\":\"https:\/\/saludyvidastore.com\/en\/\"},{\"@type\":\"ListItem\",\"position\":2,\"name\":\"Tienda\",\"item\":\"https:\/\/saludyvidastore.com\/tienda\/\"},{\"@type\":\"ListItem\",\"position\":3,\"name\":\"MEGAPLEX CREATINE POWER X 2 lb\"}]}]}<\/script>\n<!-- \/ Yoast SEO plugin. -->","yoast_head_json":{"title":"MEGAPLEX CREATINE POWER X 2 lb - Salud y Vida Store","description":"MEGAPLEX CREATINE POWER es una f\u00f3rmula avanzada que proporciona al deportista un aumento extremo de masa muscular, masivas calor\u00edas para m\u00e1xima ganancia de peso.","robots":{"index":"index","follow":"follow","max-snippet":"max-snippet:-1","max-image-preview":"max-image-preview:large","max-video-preview":"max-video-preview:-1"},"canonical":"https:\/\/saludyvidastore.com\/en\/product\/megaplex-creatine-power-x-2-lb\/","og_locale":"en_US","og_type":"article","og_title":"MEGAPLEX CREATINE POWER X 2 lb - Salud y Vida Store","og_description":"MEGAPLEX CREATINE POWER es una f\u00f3rmula avanzada que proporciona al deportista un aumento extremo de masa muscular, masivas calor\u00edas para m\u00e1xima ganancia de peso.","og_url":"https:\/\/saludyvidastore.com\/en\/product\/megaplex-creatine-power-x-2-lb\/","og_site_name":"Salud y Vida Store","article_publisher":"https:\/\/www.facebook.com\/ArmoniaNaturalDietShop\/","article_modified_time":"2025-04-12T16:36:50+00:00","twitter_card":"summary_large_image","twitter_misc":{"Est. reading time":"1 minute"},"schema":{"@context":"https:\/\/schema.org","@graph":[{"@type":"WebSite","@id":"https:\/\/saludyvidastore.com\/#website","url":"https:\/\/saludyvidastore.com\/","name":"Salud y Vida Store","description":"Otro sitio realizado con WordPress","potentialAction":[{"@type":"SearchAction","target":{"@type":"EntryPoint","urlTemplate":"https:\/\/saludyvidastore.com\/?s={search_term_string}"},"query-input":"required name=search_term_string"}],"inLanguage":"en-US"},{"@type":"ImageObject","@id":"https:\/\/saludyvidastore.com\/en\/product\/megaplex-creatine-power-x-2-lb\/#primaryimage","inLanguage":"en-US","url":"https:\/\/saludyvidastore.com\/wp-content\/uploads\/2018\/07\/megaplex-creatine-power-2-libras.webp-web.png","contentUrl":"https:\/\/saludyvidastore.com\/wp-content\/uploads\/2018\/07\/megaplex-creatine-power-2-libras.webp-web.png","width":1200,"height":1200,"caption":"MEGAPLEX CREATINE POWER"},{"@type":"WebPage","@id":"https:\/\/saludyvidastore.com\/en\/product\/megaplex-creatine-power-x-2-lb\/#webpage","url":"https:\/\/saludyvidastore.com\/en\/product\/megaplex-creatine-power-x-2-lb\/","name":"MEGAPLEX CREATINE POWER X 2 lb - Salud y Vida Store","isPartOf":{"@id":"https:\/\/saludyvidastore.com\/#website"},"primaryImageOfPage":{"@id":"https:\/\/saludyvidastore.com\/en\/product\/megaplex-creatine-power-x-2-lb\/#primaryimage"},"datePublished":"2018-07-13T22:56:35+00:00","dateModified":"2025-04-12T16:36:50+00:00","description":"MEGAPLEX CREATINE POWER es una f\u00f3rmula avanzada que proporciona al deportista un aumento extremo de masa muscular, masivas calor\u00edas para m\u00e1xima ganancia de peso.","breadcrumb":{"@id":"https:\/\/saludyvidastore.com\/en\/product\/megaplex-creatine-power-x-2-lb\/#breadcrumb"},"inLanguage":"en-US","potentialAction":[{"@type":"ReadAction","target":["https:\/\/saludyvidastore.com\/en\/product\/megaplex-creatine-power-x-2-lb\/"]}]},{"@type":"BreadcrumbList","@id":"https:\/\/saludyvidastore.com\/en\/product\/megaplex-creatine-power-x-2-lb\/#breadcrumb","itemListElement":[{"@type":"ListItem","position":1,"name":"Portada","item":"https:\/\/saludyvidastore.com\/en\/"},{"@type":"ListItem","position":2,"name":"Tienda","item":"https:\/\/saludyvidastore.com\/tienda\/"},{"@type":"ListItem","position":3,"name":"MEGAPLEX CREATINE POWER X 2 lb"}]}]}},"_links":{"self":[{"href":"https:\/\/saludyvidastore.com\/en\/wp-json\/wp\/v2\/product\/2452"}],"collection":[{"href":"https:\/\/saludyvidastore.com\/en\/wp-json\/wp\/v2\/product"}],"about":[{"href":"https:\/\/saludyvidastore.com\/en\/wp-json\/wp\/v2\/types\/product"}],"replies":[{"embeddable":true,"href":"https:\/\/saludyvidastore.com\/en\/wp-json\/wp\/v2\/comments?post=2452"}],"wp:featuredmedia":[{"embeddable":true,"href":"https:\/\/saludyvidastore.com\/en\/wp-json\/wp\/v2\/media\/10070"}],"wp:attachment":[{"href":"https:\/\/saludyvidastore.com\/en\/wp-json\/wp\/v2\/media?parent=2452"}],"wp:term":[{"taxonomy":"product_cat","embeddable":true,"href":"https:\/\/saludyvidastore.com\/en\/wp-json\/wp\/v2\/product_cat?post=2452"},{"taxonomy":"product_tag","embeddable":true,"href":"https:\/\/saludyvidastore.com\/en\/wp-json\/wp\/v2\/product_tag?post=2452"}],"curies":[{"name":"wp","href":"https:\/\/api.w.org\/{rel}","templated":true}]}}