{"id":2455,"date":"2018-07-13T22:56:29","date_gmt":"2018-07-13T22:56:29","guid":{"rendered":"http:\/\/saludyvidastore.com\/product\/megaplex-mass-x-2-lb\/"},"modified":"2018-08-16T16:55:59","modified_gmt":"2018-08-16T16:55:59","slug":"megaplex-mass-x-2-lb","status":"publish","type":"product","link":"https:\/\/saludyvidastore.com\/en\/product\/megaplex-mass-x-2-lb\/","title":{"rendered":"MEGAPLEX MASS X 2 lb"},"content":{"rendered":"<h1 style=\"margin: 0px 0px 6px; font-family: 'Open Sans', Arial, Helvetica, sans-serif; font-weight: 300; line-height: 1.2em; color: #353535; font-size: 22px; padding: 0px;\"><strong><span style=\"font-family: helvetica; font-size: 18pt;\">MEGAPLEX MASS es un ganador de peso, elaborado exclusivamente a base de prote\u00edna de suero, brindando al consumidor todos los amino\u00e1cidos y nutrientes esenciales requeridos para la construcci\u00f3n y mantenimiento de la masa muscular.<\/span><\/strong><\/h1>\n<h2 style=\"margin: 10px 0px 20px; font-family: 'Open Sans', Arial, Helvetica, sans-serif; font-weight: 300; line-height: 1.2em; color: #353535; font-size: 19.2px;\"><strong><span style=\"font-family: helvetica; font-size: 18pt;\">MEGAPLEX MASS\u00a0contiene un nivel superior de prote\u00edna comparado con todos sus competidores, lo que determina un mayor crecimiento de tejidos musculares y por su proporci\u00f3n de nutrientes una m\u00ednima ganancia de grasa.<\/span><\/strong><\/h2>\n<h3 style=\"margin: 10px 0px 20px; font-family: 'Open Sans', Arial, Helvetica, sans-serif; font-weight: 300; line-height: 1.2em; color: #353535; font-size: 17.4px;\">\u00a0<\/h3>\n<h3 style=\"margin: 10px 0px 20px; font-family: 'Open Sans', Arial, Helvetica, sans-serif; font-weight: 300; line-height: 1.2em; color: #353535; font-size: 17.4px;\"><strong><span style=\"font-family: helvetica; font-size: 18pt;\">MEGAPLEX MASS es recomendado para:\u00a0deportistas y personas de contextura f\u00edsica delgada, que buscan un complemento hipercal\u00f3rico, combinado con una rutina de ejercicios y \u00a0que con una dieta balanceada buscan incrementar su fuerza, peso y volumen.<\/span><\/strong><\/h3>\n<h3 style=\"margin: 10px 0px 20px; font-family: 'Open Sans', Arial, Helvetica, sans-serif; font-weight: 300; line-height: 1.2em; color: #353535; font-size: 17.4px;\">\u00a0<\/h3>\n<p style=\"margin: 0px 0px 0.9em; color: #353535; font-family: 'Open Sans', Arial, Helvetica, sans-serif; font-size: 12px;\"><strong><span style=\"font-family: helvetica; font-size: 18pt;\">Forma de consumo:\u00a0Consumir 2 a 3 veces al d\u00eda: Al levantarse e inmediatamente despu\u00e9s del entrenamiento y\/o entre comidas.<\/span><\/strong><\/p>\n<p style=\"margin: 0px 0px 0.9em; color: #353535; font-family: 'Open Sans', Arial, Helvetica, sans-serif; font-size: 12px;\"><strong><span style=\"font-family: helvetica; font-size: 18pt;\">Preparaci\u00f3n:\u00a0Mezcle o lic\u00fae 3 medidas de MEGAPLEX MASS en 300ml de agua o leche descremada y luego disfrute un delicioso batido (puede adicionar de acuerdo a su gusto: yogurt, helado, banano o fresas para aumentar el contenido cal\u00f3rico), agregar calor\u00edas nunca fue tan sencillo y menos con un sabor tan delicioso.<\/span><\/strong><\/p>\n<p style=\"margin: 0px 0px 0.9em; color: #353535; font-family: 'Open Sans', Arial, Helvetica, sans-serif; font-size: 12px;\"><strong><span style=\"font-family: helvetica; font-size: 18pt;\">Principales beneficios de MEGAPLEX MASS:<\/span><\/strong><\/p>\n<p>\u00a0<\/p>\n<ul style=\"padding: 0px; margin: 0px 0px 20px 25px; color: #353535; font-family: 'Open Sans', Arial, Helvetica, sans-serif; font-size: 12px;\">\n<li style=\"line-height: 20px; margin-left: 30px;\"><strong><span style=\"font-family: helvetica; font-size: 18pt;\">\u00a0530 calor\u00edas por porci\u00f3n<\/span><\/strong><\/li>\n<li style=\"line-height: 20px; margin-left: 30px;\"><strong><span style=\"font-family: helvetica; font-size: 18pt;\">28 gramos de prote\u00edna<\/span><\/strong><\/li>\n<li style=\"line-height: 20px; margin-left: 30px;\"><strong><span style=\"font-family: helvetica; font-size: 18pt;\">\u00a0100 gramos de carbohidratos<\/span><\/strong><\/li>\n<li style=\"line-height: 20px; margin-left: 30px;\"><strong><span style=\"font-family: helvetica; font-size: 18pt;\">\u00a0F\u00f3rmula potenciada con vitaminas y minerales esenciales<\/span><\/strong><\/li>\n<\/ul>\n","protected":false},"excerpt":{"rendered":"<p>MEGAPLEX MASS es un ganador de peso, elaborado exclusivamente a base de prote\u00edna de suero, brindando al consumidor todos los amino\u00e1cidos y nutrientes esenciales requeridos para la construcci\u00f3n y mantenimiento de la masa muscular.<\/p>\n","protected":false},"featured_media":2311,"comment_status":"open","ping_status":"closed","template":"","meta":[],"product_cat":[40,29],"product_tag":[],"acf":[],"yoast_head":"<!-- This site is optimized with the Yoast SEO plugin v18.5.1 - https:\/\/yoast.com\/wordpress\/plugins\/seo\/ -->\n<title>MEGAPLEX MASS X 2 lb - Salud y Vida Store<\/title>\n<meta name=\"robots\" content=\"index, follow, max-snippet:-1, max-image-preview:large, max-video-preview:-1\" \/>\n<link rel=\"canonical\" href=\"https:\/\/saludyvidastore.com\/en\/product\/megaplex-mass-x-2-lb\/\" \/>\n<meta property=\"og:locale\" content=\"en_US\" \/>\n<meta property=\"og:type\" content=\"article\" \/>\n<meta property=\"og:title\" content=\"MEGAPLEX MASS X 2 lb - Salud y Vida Store\" \/>\n<meta property=\"og:description\" content=\"MEGAPLEX MASS es un ganador de peso, elaborado exclusivamente a base de prote\u00edna de suero, brindando al consumidor todos los amino\u00e1cidos y nutrientes esenciales requeridos para la construcci\u00f3n y mantenimiento de la masa muscular.\" \/>\n<meta property=\"og:url\" content=\"https:\/\/saludyvidastore.com\/en\/product\/megaplex-mass-x-2-lb\/\" \/>\n<meta property=\"og:site_name\" content=\"Salud y Vida Store\" \/>\n<meta property=\"article:publisher\" content=\"https:\/\/www.facebook.com\/ArmoniaNaturalDietShop\/\" \/>\n<meta property=\"article:modified_time\" content=\"2018-08-16T16:55:59+00:00\" \/>\n<meta property=\"og:image\" content=\"https:\/\/saludyvidastore.com\/wp-content\/uploads\/2018\/07\/1114.png\" \/>\n\t<meta property=\"og:image:width\" content=\"600\" \/>\n\t<meta property=\"og:image:height\" content=\"650\" \/>\n\t<meta property=\"og:image:type\" content=\"image\/png\" \/>\n<meta name=\"twitter:card\" content=\"summary_large_image\" \/>\n<meta name=\"twitter:label1\" content=\"Est. reading time\" \/>\n\t<meta name=\"twitter:data1\" content=\"1 minute\" \/>\n<script type=\"application\/ld+json\" class=\"yoast-schema-graph\">{\"@context\":\"https:\/\/schema.org\",\"@graph\":[{\"@type\":\"WebSite\",\"@id\":\"https:\/\/saludyvidastore.com\/#website\",\"url\":\"https:\/\/saludyvidastore.com\/\",\"name\":\"Salud y Vida Store\",\"description\":\"Otro sitio realizado con WordPress\",\"potentialAction\":[{\"@type\":\"SearchAction\",\"target\":{\"@type\":\"EntryPoint\",\"urlTemplate\":\"https:\/\/saludyvidastore.com\/?s={search_term_string}\"},\"query-input\":\"required name=search_term_string\"}],\"inLanguage\":\"en-US\"},{\"@type\":\"ImageObject\",\"@id\":\"https:\/\/saludyvidastore.com\/en\/product\/megaplex-mass-x-2-lb\/#primaryimage\",\"inLanguage\":\"en-US\",\"url\":\"https:\/\/saludyvidastore.com\/wp-content\/uploads\/2018\/07\/1114.png\",\"contentUrl\":\"https:\/\/saludyvidastore.com\/wp-content\/uploads\/2018\/07\/1114.png\",\"width\":600,\"height\":650},{\"@type\":\"WebPage\",\"@id\":\"https:\/\/saludyvidastore.com\/en\/product\/megaplex-mass-x-2-lb\/#webpage\",\"url\":\"https:\/\/saludyvidastore.com\/en\/product\/megaplex-mass-x-2-lb\/\",\"name\":\"MEGAPLEX MASS X 2 lb - Salud y Vida Store\",\"isPartOf\":{\"@id\":\"https:\/\/saludyvidastore.com\/#website\"},\"primaryImageOfPage\":{\"@id\":\"https:\/\/saludyvidastore.com\/en\/product\/megaplex-mass-x-2-lb\/#primaryimage\"},\"datePublished\":\"2018-07-13T22:56:29+00:00\",\"dateModified\":\"2018-08-16T16:55:59+00:00\",\"breadcrumb\":{\"@id\":\"https:\/\/saludyvidastore.com\/en\/product\/megaplex-mass-x-2-lb\/#breadcrumb\"},\"inLanguage\":\"en-US\",\"potentialAction\":[{\"@type\":\"ReadAction\",\"target\":[\"https:\/\/saludyvidastore.com\/en\/product\/megaplex-mass-x-2-lb\/\"]}]},{\"@type\":\"BreadcrumbList\",\"@id\":\"https:\/\/saludyvidastore.com\/en\/product\/megaplex-mass-x-2-lb\/#breadcrumb\",\"itemListElement\":[{\"@type\":\"ListItem\",\"position\":1,\"name\":\"Portada\",\"item\":\"https:\/\/saludyvidastore.com\/en\/\"},{\"@type\":\"ListItem\",\"position\":2,\"name\":\"Tienda\",\"item\":\"https:\/\/saludyvidastore.com\/tienda\/\"},{\"@type\":\"ListItem\",\"position\":3,\"name\":\"MEGAPLEX MASS X 2 lb\"}]}]}<\/script>\n<!-- \/ Yoast SEO plugin. -->","yoast_head_json":{"title":"MEGAPLEX MASS X 2 lb - Salud y Vida Store","robots":{"index":"index","follow":"follow","max-snippet":"max-snippet:-1","max-image-preview":"max-image-preview:large","max-video-preview":"max-video-preview:-1"},"canonical":"https:\/\/saludyvidastore.com\/en\/product\/megaplex-mass-x-2-lb\/","og_locale":"en_US","og_type":"article","og_title":"MEGAPLEX MASS X 2 lb - Salud y Vida Store","og_description":"MEGAPLEX MASS es un ganador de peso, elaborado exclusivamente a base de prote\u00edna de suero, brindando al consumidor todos los amino\u00e1cidos y nutrientes esenciales requeridos para la construcci\u00f3n y mantenimiento de la masa muscular.","og_url":"https:\/\/saludyvidastore.com\/en\/product\/megaplex-mass-x-2-lb\/","og_site_name":"Salud y Vida Store","article_publisher":"https:\/\/www.facebook.com\/ArmoniaNaturalDietShop\/","article_modified_time":"2018-08-16T16:55:59+00:00","og_image":[{"width":600,"height":650,"url":"https:\/\/saludyvidastore.com\/wp-content\/uploads\/2018\/07\/1114.png","type":"image\/png"}],"twitter_card":"summary_large_image","twitter_misc":{"Est. reading time":"1 minute"},"schema":{"@context":"https:\/\/schema.org","@graph":[{"@type":"WebSite","@id":"https:\/\/saludyvidastore.com\/#website","url":"https:\/\/saludyvidastore.com\/","name":"Salud y Vida Store","description":"Otro sitio realizado con WordPress","potentialAction":[{"@type":"SearchAction","target":{"@type":"EntryPoint","urlTemplate":"https:\/\/saludyvidastore.com\/?s={search_term_string}"},"query-input":"required name=search_term_string"}],"inLanguage":"en-US"},{"@type":"ImageObject","@id":"https:\/\/saludyvidastore.com\/en\/product\/megaplex-mass-x-2-lb\/#primaryimage","inLanguage":"en-US","url":"https:\/\/saludyvidastore.com\/wp-content\/uploads\/2018\/07\/1114.png","contentUrl":"https:\/\/saludyvidastore.com\/wp-content\/uploads\/2018\/07\/1114.png","width":600,"height":650},{"@type":"WebPage","@id":"https:\/\/saludyvidastore.com\/en\/product\/megaplex-mass-x-2-lb\/#webpage","url":"https:\/\/saludyvidastore.com\/en\/product\/megaplex-mass-x-2-lb\/","name":"MEGAPLEX MASS X 2 lb - Salud y Vida Store","isPartOf":{"@id":"https:\/\/saludyvidastore.com\/#website"},"primaryImageOfPage":{"@id":"https:\/\/saludyvidastore.com\/en\/product\/megaplex-mass-x-2-lb\/#primaryimage"},"datePublished":"2018-07-13T22:56:29+00:00","dateModified":"2018-08-16T16:55:59+00:00","breadcrumb":{"@id":"https:\/\/saludyvidastore.com\/en\/product\/megaplex-mass-x-2-lb\/#breadcrumb"},"inLanguage":"en-US","potentialAction":[{"@type":"ReadAction","target":["https:\/\/saludyvidastore.com\/en\/product\/megaplex-mass-x-2-lb\/"]}]},{"@type":"BreadcrumbList","@id":"https:\/\/saludyvidastore.com\/en\/product\/megaplex-mass-x-2-lb\/#breadcrumb","itemListElement":[{"@type":"ListItem","position":1,"name":"Portada","item":"https:\/\/saludyvidastore.com\/en\/"},{"@type":"ListItem","position":2,"name":"Tienda","item":"https:\/\/saludyvidastore.com\/tienda\/"},{"@type":"ListItem","position":3,"name":"MEGAPLEX MASS X 2 lb"}]}]}},"_links":{"self":[{"href":"https:\/\/saludyvidastore.com\/en\/wp-json\/wp\/v2\/product\/2455"}],"collection":[{"href":"https:\/\/saludyvidastore.com\/en\/wp-json\/wp\/v2\/product"}],"about":[{"href":"https:\/\/saludyvidastore.com\/en\/wp-json\/wp\/v2\/types\/product"}],"replies":[{"embeddable":true,"href":"https:\/\/saludyvidastore.com\/en\/wp-json\/wp\/v2\/comments?post=2455"}],"wp:featuredmedia":[{"embeddable":true,"href":"https:\/\/saludyvidastore.com\/en\/wp-json\/wp\/v2\/media\/2311"}],"wp:attachment":[{"href":"https:\/\/saludyvidastore.com\/en\/wp-json\/wp\/v2\/media?parent=2455"}],"wp:term":[{"taxonomy":"product_cat","embeddable":true,"href":"https:\/\/saludyvidastore.com\/en\/wp-json\/wp\/v2\/product_cat?post=2455"},{"taxonomy":"product_tag","embeddable":true,"href":"https:\/\/saludyvidastore.com\/en\/wp-json\/wp\/v2\/product_tag?post=2455"}],"curies":[{"name":"wp","href":"https:\/\/api.w.org\/{rel}","templated":true}]}}