{"id":2460,"date":"2018-07-13T22:53:39","date_gmt":"2018-07-13T22:53:39","guid":{"rendered":"http:\/\/saludyvidastore.com\/product\/nitro-mass-x-5-lb-tarro\/"},"modified":"2025-03-18T15:04:01","modified_gmt":"2025-03-18T15:04:01","slug":"nitro-mass-x-5-lb-tarro","status":"publish","type":"product","link":"https:\/\/saludyvidastore.com\/en\/product\/nitro-mass-x-5-lb-tarro\/","title":{"rendered":"NITRO MASS X 5 lb tarro"},"content":{"rendered":"<h1 style=\"margin: 0px 0px 6px; font-family: 'Open Sans', Arial, Helvetica, sans-serif; font-weight: 300; line-height: 1.2em; color: #353535; font-size: 22px; padding: 0px;\"><strong><span style=\"font-size: 18pt; font-family: helvetica;\">NITRO MASS X 5 lb tarro , Posee componentes de\u00a0 un valor biol\u00f3gico alto, debido a su perfil, solubilidad y <a href=\"http:\/\/www.fao.org\/3\/ab482s\/AB482S08.htm\">digestibilidad<\/a>. Alto valor biol\u00f3gico significa que puede asimilar una mayor cantidad de amino\u00e1cidos que contribuyen a una mayor ganancia muscular, aumento de fuerza y disminuci\u00f3n de fatiga.<\/span><\/strong><\/h1>\n<p style=\"margin: 0px 0px 0.9em; color: #353535; font-family: 'Open Sans', Arial, Helvetica, sans-serif; font-size: 12px;\"><strong><span style=\"font-size: 18pt; font-family: helvetica;\"><span style=\"background: red;\">NITRO MASS<\/span>\u00a0proporciona 31 g de prote\u00edna de suero de alta calidad por cada porci\u00f3n y tiene solamente 1 g de grasa total por porci\u00f3n. A\u00f1ada Nitro Mass a su dieta para complementar sus necesidades de prote\u00edna, si su objetivo es perder grasa de su cuerpo y ganar masa muscular limpia.<\/span><\/strong><\/p>\n<p style=\"margin: 0px 0px 0.9em; color: #353535; font-family: 'Open Sans', Arial, Helvetica, sans-serif; font-size: 12px;\"><strong><span style=\"font-size: 18pt; font-family: helvetica;\">NITRO MASS X 5 lb tarro , tiene uno de los valores biol\u00f3gicos m\u00e1s altos de cualquier <a href=\"https:\/\/saludyvidastore.com\/en\/product\/b-complex-maxi\/\">suplemento<\/a> de prote\u00edna del mercado, debido a su perfil, solubilidad y digestibilidad. Un alto valor biol\u00f3gico significa que puede asimilar una mayor cantidad de amino\u00e1cidos. Contiene tambi\u00e9n una alta concentraci\u00f3n de amino\u00e1cidos de cadena ramificada (BCAA\u00b4s que son una parte integral del metabolismo del musculo). Por todo esto, te recomendamos tomar NITRO MASS, ya que se trata de una prote\u00edna saludable y de una excelente asimilaci\u00f3n, fundamental para todos los deportistas tanto de fondo como de fuerza y para todas aquellas personas que mantienen una nutrici\u00f3n sana y equilibrada. Si solo te interesa lo mejor, NITRO MASS es tu clara elecci\u00f3n.<\/span><\/strong><\/p>\n<p style=\"margin: 0px 0px 0.9em; color: #353535; font-family: 'Open Sans', Arial, Helvetica, sans-serif; font-size: 12px;\"><strong><span style=\"font-size: 18pt; font-family: helvetica;\"><span style=\"background: red;\">NITRO MASS<\/span>\u00a0contiene por servicio:<\/span><\/strong><br \/>\n<strong><span style=\"font-size: 18pt; font-family: helvetica;\">&#8211; 216 calor\u00edas<\/span><\/strong><br \/>\n<strong><span style=\"font-size: 18pt; font-family: helvetica;\">&#8211; 31 gramos de prote\u00edna.<\/span><\/strong><br \/>\n<strong><span style=\"font-size: 18pt; font-family: helvetica;\">&#8211; 23 gramos de carbohidratos.<\/span><\/strong><br \/>\n<strong><span style=\"font-size: 18pt; font-family: helvetica;\">&#8211; Vitaminas y Taurina<\/span><\/strong><\/p>\n<p style=\"margin: 0px 0px 0.9em; color: #353535; font-family: 'Open Sans', Arial, Helvetica, sans-serif; font-size: 12px;\"><span style=\"font-family: helvetica;\"><strong><span style=\"font-size: 18pt;\"><span style=\"background: red;\">NITRO MASS,<\/span>\u00a0ideal para deportistas que desean mantenerse en forma y complementar una alimentaci\u00f3n balanceada.\u00a0<\/span><\/strong><\/span><\/p>\n<p style=\"margin: 0px 0px 0.9em; color: #353535; font-family: 'Open Sans', Arial, Helvetica, sans-serif; font-size: 12px;\"><span style=\"font-family: helvetica;\"><strong><span style=\"font-size: 18pt;\"><span style=\"background: red;\">NITRO MASS<\/span>\u00a0para mejorar la composici\u00f3n corporal, el consumo de prote\u00ednas de suero antes del ejercicio promover\u00e1 el mantenimiento del tejido magro, en tanto que aumenta la utilizaci\u00f3n de la grasa corporal como combustible para promover la conservaci\u00f3n de la masa magra y una reducci\u00f3n en masa grasa, se deber\u00e1 consumir una dosis de Nitro Mass despu\u00e9s del entrenamiento.<\/span><\/strong><\/span><\/p>\n<p style=\"margin: 0px 0px 0.9em; color: #353535; font-family: 'Open Sans', Arial, Helvetica, sans-serif; font-size: 12px;\"><span style=\"font-family: helvetica;\"><strong><span style=\"font-size: 18pt;\"><span style=\"background-color: #ff0000;\">NITRO MASS<\/span>\u00a0tiene los siguientes beneficios:<\/span><\/strong><\/span><\/p>\n<ul style=\"padding: 0px; margin: 0px 0px 20px 25px; color: #353535; font-family: 'Open Sans', Arial, Helvetica, sans-serif; font-size: 12px;\">\n<li style=\"line-height: 20px; margin-left: 30px;\"><span style=\"font-family: helvetica;\"><strong><span style=\"font-size: 18pt;\">Extremadamente bajo en carbohidratos.<\/span><\/strong><\/span><\/li>\n<li style=\"line-height: 20px; margin-left: 30px;\"><\/li>\n<li style=\"line-height: 20px; margin-left: 30px;\"><span style=\"font-family: helvetica;\"><strong><span style=\"font-size: 18pt;\">Mejora el tono muscular.<\/span><\/strong><\/span><\/li>\n<li style=\"line-height: 20px; margin-left: 30px;\"><\/li>\n<li style=\"line-height: 20px; margin-left: 30px;\"><span style=\"font-family: helvetica;\"><strong><span style=\"font-size: 18pt;\">Control de peso, mejora la perdida de grasa.<\/span><\/strong><\/span><\/li>\n<li style=\"line-height: 20px; margin-left: 30px;\"><\/li>\n<li style=\"line-height: 20px; margin-left: 30px;\"><span style=\"font-family: helvetica;\"><strong><span style=\"font-size: 18pt;\">Reduce la retenci\u00f3n de l\u00edquidos durante la regla.<\/span><\/strong><\/span><\/li>\n<li style=\"line-height: 20px; margin-left: 30px;\"><\/li>\n<li style=\"line-height: 20px; margin-left: 30px;\"><span style=\"font-family: helvetica;\"><strong><span style=\"font-size: 18pt;\">Mejora el cabello, piel y u\u00f1as.<\/span><\/strong><\/span><\/li>\n<li style=\"line-height: 20px; margin-left: 30px;\"><\/li>\n<li style=\"line-height: 20px; margin-left: 30px;\"><span style=\"font-family: helvetica;\"><strong><span style=\"font-size: 18pt;\">Nutrici\u00f3n cerebral.<\/span><\/strong><\/span><\/li>\n<li style=\"line-height: 20px; margin-left: 30px;\"><span style=\"font-family: helvetica;\"><strong><span style=\"font-size: 18pt;\">Aumenta la densidad \u00f3sea<\/span><\/strong><\/span><\/li>\n<li style=\"line-height: 20px; margin-left: 30px;\"><span style=\"font-family: helvetica;\"><strong><span style=\"font-size: 18pt;\">Aumenta la resistencia aer\u00f3bica.\u00a0<\/span><\/strong><\/span><\/li>\n<\/ul>\n<p style=\"margin: 0px 0px 0.9em; color: #353535; font-family: 'Open Sans', Arial, Helvetica, sans-serif; font-size: 12px;\"><span style=\"font-family: helvetica;\"><strong><span style=\"font-size: 18pt;\">FORMA DE CONSUMO: Tomas un servicio de NITRO MASS de una cucharada dosificadora mezclado en agua o en leche, de 2 a 4 veces al d\u00eda. Tome un servicio de Nitro Mass despu\u00e9s del entrenamiento.<\/span><\/strong><\/span><\/p>\n","protected":false},"excerpt":{"rendered":"<p>NITRO MASS, Posee componentes de un valor biol\u00f3gico alto, debido a su perfil, solubilidad y digestibilidad. Alto valor biol\u00f3gico significa que puede asimilar una mayor cantidad de amino\u00e1cidos que contribuyen a una mayor ganancia muscular, aumento de fuerza y disminuci\u00f3n de fatiga.<\/p>\n","protected":false},"featured_media":10053,"comment_status":"open","ping_status":"closed","template":"","meta":[],"product_cat":[40,29],"product_tag":[],"acf":[],"yoast_head":"<!-- This site is optimized with the Yoast SEO plugin v18.5.1 - https:\/\/yoast.com\/wordpress\/plugins\/seo\/ -->\n<title>NITRO MASS X 5 lb tarro - Salud y Vida Store<\/title>\n<meta name=\"description\" content=\"NITRO MASS X 5 lb tarro, Posee componentes de\u00a0 un valor biol\u00f3gico alto, debido a su perfil, solubilidad y digestibilidad, solo 1 gramo de grasa por porcion.\" \/>\n<meta name=\"robots\" content=\"index, follow, max-snippet:-1, max-image-preview:large, max-video-preview:-1\" \/>\n<link rel=\"canonical\" href=\"https:\/\/saludyvidastore.com\/en\/product\/nitro-mass-x-5-lb-tarro\/\" \/>\n<meta property=\"og:locale\" content=\"en_US\" \/>\n<meta property=\"og:type\" content=\"article\" \/>\n<meta property=\"og:title\" content=\"NITRO MASS X 5 lb tarro - Salud y Vida Store\" \/>\n<meta property=\"og:description\" content=\"NITRO MASS X 5 lb tarro, Posee componentes de\u00a0 un valor biol\u00f3gico alto, debido a su perfil, solubilidad y digestibilidad, solo 1 gramo de grasa por porcion.\" \/>\n<meta property=\"og:url\" content=\"https:\/\/saludyvidastore.com\/en\/product\/nitro-mass-x-5-lb-tarro\/\" \/>\n<meta property=\"og:site_name\" content=\"Salud y Vida Store\" \/>\n<meta property=\"article:publisher\" content=\"https:\/\/www.facebook.com\/ArmoniaNaturalDietShop\/\" \/>\n<meta property=\"article:modified_time\" content=\"2025-03-18T15:04:01+00:00\" \/>\n<meta property=\"og:image\" content=\"https:\/\/saludyvidastore.com\/wp-content\/uploads\/2018\/07\/nitromass-5l-scaled.jpeg\" \/>\n\t<meta property=\"og:image:width\" content=\"2560\" \/>\n\t<meta property=\"og:image:height\" content=\"2560\" \/>\n\t<meta property=\"og:image:type\" content=\"image\/jpeg\" \/>\n<meta name=\"twitter:card\" content=\"summary_large_image\" \/>\n<meta name=\"twitter:label1\" content=\"Est. reading time\" \/>\n\t<meta name=\"twitter:data1\" content=\"2 minutes\" \/>\n<script type=\"application\/ld+json\" class=\"yoast-schema-graph\">{\"@context\":\"https:\/\/schema.org\",\"@graph\":[{\"@type\":\"WebSite\",\"@id\":\"https:\/\/saludyvidastore.com\/#website\",\"url\":\"https:\/\/saludyvidastore.com\/\",\"name\":\"Salud y Vida Store\",\"description\":\"Otro sitio realizado con WordPress\",\"potentialAction\":[{\"@type\":\"SearchAction\",\"target\":{\"@type\":\"EntryPoint\",\"urlTemplate\":\"https:\/\/saludyvidastore.com\/?s={search_term_string}\"},\"query-input\":\"required name=search_term_string\"}],\"inLanguage\":\"en-US\"},{\"@type\":\"ImageObject\",\"@id\":\"https:\/\/saludyvidastore.com\/en\/product\/nitro-mass-x-5-lb-tarro\/#primaryimage\",\"inLanguage\":\"en-US\",\"url\":\"https:\/\/saludyvidastore.com\/wp-content\/uploads\/2018\/07\/nitromass-5l-scaled.jpeg\",\"contentUrl\":\"https:\/\/saludyvidastore.com\/wp-content\/uploads\/2018\/07\/nitromass-5l-scaled.jpeg\",\"width\":2560,\"height\":2560,\"caption\":\"NITRO MASS X 5 lb tarro\"},{\"@type\":\"WebPage\",\"@id\":\"https:\/\/saludyvidastore.com\/en\/product\/nitro-mass-x-5-lb-tarro\/#webpage\",\"url\":\"https:\/\/saludyvidastore.com\/en\/product\/nitro-mass-x-5-lb-tarro\/\",\"name\":\"NITRO MASS X 5 lb tarro - Salud y Vida Store\",\"isPartOf\":{\"@id\":\"https:\/\/saludyvidastore.com\/#website\"},\"primaryImageOfPage\":{\"@id\":\"https:\/\/saludyvidastore.com\/en\/product\/nitro-mass-x-5-lb-tarro\/#primaryimage\"},\"datePublished\":\"2018-07-13T22:53:39+00:00\",\"dateModified\":\"2025-03-18T15:04:01+00:00\",\"description\":\"NITRO MASS X 5 lb tarro, Posee componentes de\u00a0 un valor biol\u00f3gico alto, debido a su perfil, solubilidad y digestibilidad, solo 1 gramo de grasa por porcion.\",\"breadcrumb\":{\"@id\":\"https:\/\/saludyvidastore.com\/en\/product\/nitro-mass-x-5-lb-tarro\/#breadcrumb\"},\"inLanguage\":\"en-US\",\"potentialAction\":[{\"@type\":\"ReadAction\",\"target\":[\"https:\/\/saludyvidastore.com\/en\/product\/nitro-mass-x-5-lb-tarro\/\"]}]},{\"@type\":\"BreadcrumbList\",\"@id\":\"https:\/\/saludyvidastore.com\/en\/product\/nitro-mass-x-5-lb-tarro\/#breadcrumb\",\"itemListElement\":[{\"@type\":\"ListItem\",\"position\":1,\"name\":\"Portada\",\"item\":\"https:\/\/saludyvidastore.com\/en\/\"},{\"@type\":\"ListItem\",\"position\":2,\"name\":\"Tienda\",\"item\":\"https:\/\/saludyvidastore.com\/tienda\/\"},{\"@type\":\"ListItem\",\"position\":3,\"name\":\"NITRO MASS X 5 lb tarro\"}]}]}<\/script>\n<!-- \/ Yoast SEO plugin. -->","yoast_head_json":{"title":"NITRO MASS X 5 lb tarro - Salud y Vida Store","description":"NITRO MASS X 5 lb tarro, Posee componentes de\u00a0 un valor biol\u00f3gico alto, debido a su perfil, solubilidad y digestibilidad, solo 1 gramo de grasa por porcion.","robots":{"index":"index","follow":"follow","max-snippet":"max-snippet:-1","max-image-preview":"max-image-preview:large","max-video-preview":"max-video-preview:-1"},"canonical":"https:\/\/saludyvidastore.com\/en\/product\/nitro-mass-x-5-lb-tarro\/","og_locale":"en_US","og_type":"article","og_title":"NITRO MASS X 5 lb tarro - Salud y Vida Store","og_description":"NITRO MASS X 5 lb tarro, Posee componentes de\u00a0 un valor biol\u00f3gico alto, debido a su perfil, solubilidad y digestibilidad, solo 1 gramo de grasa por porcion.","og_url":"https:\/\/saludyvidastore.com\/en\/product\/nitro-mass-x-5-lb-tarro\/","og_site_name":"Salud y Vida Store","article_publisher":"https:\/\/www.facebook.com\/ArmoniaNaturalDietShop\/","article_modified_time":"2025-03-18T15:04:01+00:00","og_image":[{"width":2560,"height":2560,"url":"https:\/\/saludyvidastore.com\/wp-content\/uploads\/2018\/07\/nitromass-5l-scaled.jpeg","type":"image\/jpeg"}],"twitter_card":"summary_large_image","twitter_misc":{"Est. reading time":"2 minutes"},"schema":{"@context":"https:\/\/schema.org","@graph":[{"@type":"WebSite","@id":"https:\/\/saludyvidastore.com\/#website","url":"https:\/\/saludyvidastore.com\/","name":"Salud y Vida Store","description":"Otro sitio realizado con WordPress","potentialAction":[{"@type":"SearchAction","target":{"@type":"EntryPoint","urlTemplate":"https:\/\/saludyvidastore.com\/?s={search_term_string}"},"query-input":"required name=search_term_string"}],"inLanguage":"en-US"},{"@type":"ImageObject","@id":"https:\/\/saludyvidastore.com\/en\/product\/nitro-mass-x-5-lb-tarro\/#primaryimage","inLanguage":"en-US","url":"https:\/\/saludyvidastore.com\/wp-content\/uploads\/2018\/07\/nitromass-5l-scaled.jpeg","contentUrl":"https:\/\/saludyvidastore.com\/wp-content\/uploads\/2018\/07\/nitromass-5l-scaled.jpeg","width":2560,"height":2560,"caption":"NITRO MASS X 5 lb tarro"},{"@type":"WebPage","@id":"https:\/\/saludyvidastore.com\/en\/product\/nitro-mass-x-5-lb-tarro\/#webpage","url":"https:\/\/saludyvidastore.com\/en\/product\/nitro-mass-x-5-lb-tarro\/","name":"NITRO MASS X 5 lb tarro - Salud y Vida Store","isPartOf":{"@id":"https:\/\/saludyvidastore.com\/#website"},"primaryImageOfPage":{"@id":"https:\/\/saludyvidastore.com\/en\/product\/nitro-mass-x-5-lb-tarro\/#primaryimage"},"datePublished":"2018-07-13T22:53:39+00:00","dateModified":"2025-03-18T15:04:01+00:00","description":"NITRO MASS X 5 lb tarro, Posee componentes de\u00a0 un valor biol\u00f3gico alto, debido a su perfil, solubilidad y digestibilidad, solo 1 gramo de grasa por porcion.","breadcrumb":{"@id":"https:\/\/saludyvidastore.com\/en\/product\/nitro-mass-x-5-lb-tarro\/#breadcrumb"},"inLanguage":"en-US","potentialAction":[{"@type":"ReadAction","target":["https:\/\/saludyvidastore.com\/en\/product\/nitro-mass-x-5-lb-tarro\/"]}]},{"@type":"BreadcrumbList","@id":"https:\/\/saludyvidastore.com\/en\/product\/nitro-mass-x-5-lb-tarro\/#breadcrumb","itemListElement":[{"@type":"ListItem","position":1,"name":"Portada","item":"https:\/\/saludyvidastore.com\/en\/"},{"@type":"ListItem","position":2,"name":"Tienda","item":"https:\/\/saludyvidastore.com\/tienda\/"},{"@type":"ListItem","position":3,"name":"NITRO MASS X 5 lb tarro"}]}]}},"_links":{"self":[{"href":"https:\/\/saludyvidastore.com\/en\/wp-json\/wp\/v2\/product\/2460"}],"collection":[{"href":"https:\/\/saludyvidastore.com\/en\/wp-json\/wp\/v2\/product"}],"about":[{"href":"https:\/\/saludyvidastore.com\/en\/wp-json\/wp\/v2\/types\/product"}],"replies":[{"embeddable":true,"href":"https:\/\/saludyvidastore.com\/en\/wp-json\/wp\/v2\/comments?post=2460"}],"wp:featuredmedia":[{"embeddable":true,"href":"https:\/\/saludyvidastore.com\/en\/wp-json\/wp\/v2\/media\/10053"}],"wp:attachment":[{"href":"https:\/\/saludyvidastore.com\/en\/wp-json\/wp\/v2\/media?parent=2460"}],"wp:term":[{"taxonomy":"product_cat","embeddable":true,"href":"https:\/\/saludyvidastore.com\/en\/wp-json\/wp\/v2\/product_cat?post=2460"},{"taxonomy":"product_tag","embeddable":true,"href":"https:\/\/saludyvidastore.com\/en\/wp-json\/wp\/v2\/product_tag?post=2460"}],"curies":[{"name":"wp","href":"https:\/\/api.w.org\/{rel}","templated":true}]}}