{"id":2463,"date":"2018-07-13T22:53:34","date_gmt":"2018-07-13T22:53:34","guid":{"rendered":"http:\/\/saludyvidastore.com\/product\/nut-rx-x-1-76-lb\/"},"modified":"2018-08-17T15:50:35","modified_gmt":"2018-08-17T15:50:35","slug":"nut-rx-x-1-76-lb","status":"publish","type":"product","link":"https:\/\/saludyvidastore.com\/en\/product\/nut-rx-x-1-76-lb\/","title":{"rendered":"NUT-RX x 1.76 lb"},"content":{"rendered":"<h1 style=\"margin-top: 0cm; margin-right: 0cm; margin-bottom: 18.75pt; margin-left: 0cm; line-height: 19.2pt;\"><strong><span style=\"font-size: 14pt; font-family: helvetica;\">NUT-RX es una f\u00f3rmula nutricionalmente avanzada de alta absorci\u00f3n a base de prote\u00ednas de lacto suero que proporcionan una nutrici\u00f3n balanceada y completa. NUT-RX es un producto libre de Gluten y Lactosa. Recomendada para problemas nutricionales relacionados con: Desnutrici\u00f3n proteico-c\u00e1lorica, adulto mayor con disminuci\u00f3n de ingesta por via oral, ni\u00f1os faltos de apetito etc.<\/span><\/strong><\/h1>\n<h1 style=\"margin-top: 0cm; margin-right: 0cm; margin-bottom: 18.75pt; margin-left: 0cm; line-height: 19.2pt;\"><strong><span style=\"font-size: 14pt; font-family: helvetica;\">Recomendada para problemas nutricionales relacionados con: Desnutrici\u00f3n proteico-c\u00e1lorica, adulto mayor con disminuci\u00f3n de ingesta por via oral, ni\u00f1os faltos de apetito etc.<\/span><\/strong><\/h1>\n<h2 style=\"margin: 0cm 0cm 18.75pt; line-height: 19.2pt; background-image: initial; background-position: initial; background-size: initial; background-repeat: initial; background-attachment: initial; background-origin: initial; background-clip: initial;\"><strong><span style=\"font-size: 14pt; font-family: helvetica;\">Prote\u00ednas de alta calidad, carbohidratos, omega 3, Vitaminas y minerales, todo lo contiene el completo NUT-RX, el alimento especial para toda persona que desea estar bien alimentado y que busca que no le falta ning\u00fan nutriente a su organismo. Adem\u00e1s balanceado para quienes buscan perder peso y estar saludables.<\/span><\/strong><\/h2>\n<h2><strong><span style=\"color: windowtext; font-family: helvetica; font-size: 14pt;\">\u00a0\u00a0\u00a0\u00a0\u00a0\u00a0\u00a0\u00a0\u00a0\u00a0\u00a0\u00a0\u00a0\u00a0\u00a0\u00a0\u00a0\u00a0\u00a0\u00a0\u00a0\u00a0\u00a0\u00a0\u00a0\u00a0\u00a0\u00a0\u00a0\u00a0\u00a0\u00a0\u00a0\u00a0\u00a0\u00a0\u00a0\u00a0\u00a0\u00a0\u00a0\u00a0\u00a0\u00a0\u00a0\u00a0\u00a0\u00a0\u00a0\u00a0\u00a0\u00a0\u00a0\u00a0\u00a0\u00a0\u00a0\u00a0\u00a0\u00a0\u00a0\u00a0\u00a0\u00a0 <\/span><\/strong><\/h2>\n<h2><strong><span style=\"font-family: helvetica; font-size: 14pt;\"><span style=\"mso-fareast-font-family: 'Times New Roman'; color: windowtext;\">Ingredientes de NUT-RX <\/span><span style=\"color: windowtext;\"><\/span><\/span><\/strong><\/h2>\n<p style=\"margin-top: 0cm; margin-right: 0cm; margin-bottom: 18.75pt; margin-left: 0cm; line-height: 19.2pt;\"><strong><span style=\"font-size: 14pt; font-family: helvetica;\">Dextrosa monohidratada, Matodextrina, concentrado de aceite de soya en polvo (60%), concentrado de prote\u00edna de suero de leche (81%), Saborizante artificial a Vainilla, fresa o chocolate, ScFOS (Fibra prebi\u00f3tica), Mezcla de vitaminas y minerales (fosfato dib\u00e1sico de calcio, hidr\u00f3xido de magnesio hexahidratado, ascorbato de sodio cristalino, vitanina E 50% CWS, niacinamida, vitamina D3 100DWS, Pantotenato de calcio, riboflavina, vitamina A acetato, monohidrato de tiamina, \u00e1cido f\u00f3lico, D-biotina, clorhidrato de piroxidina, taurina, sulfato de hierro anhidrido, gluconato de cobre, sulfato monohidratado de zinc, inositol, vitamina K 5% SD, vitamina B12 0.1% WS).<\/span><\/strong><\/p>\n<p style=\"line-height: 19.2pt;\"><strong><span style=\"font-family: helvetica; font-size: 14pt;\">Como Consumir NUT-RX Advanced<\/span><\/strong><\/p>\n<p style=\"margin-top: 0cm; margin-right: 0cm; margin-bottom: 18.75pt; margin-left: 0cm; line-height: 19.2pt;\"><strong><span style=\"font-size: 14pt; font-family: helvetica;\">Para preparar una porci\u00f3n de 260 Kcal:<\/span><\/strong><\/p>\n<p style=\"margin-top: 0cm; margin-right: 0cm; margin-bottom: 18.75pt; margin-left: 0cm; line-height: 19.2pt;\"><strong><span style=\"font-size: 14pt; font-family: helvetica;\">En un vaso con 200 ml de agua, a\u00f1ada 56g de Nut &#8211; RX (una y media medidas), mezcle hasta que disuelva completamente. Puede ser mezclado con otros l\u00edquidos como leche o jugos (considerando el aumento de su densidad cal\u00f3rica y osmolaridad).<\/span><\/strong><\/p>\n<p style=\"margin-top: 0cm; margin-right: 0cm; margin-bottom: 18.75pt; margin-left: 0cm; line-height: 19.2pt;\">\u00a0<\/p>\n<p style=\"line-height: 19.2pt;\"><strong><span style=\"font-family: helvetica; font-size: 14pt;\">Beneficios de NUT-RX <\/span><\/strong><\/p>\n<p style=\"margin-top: 0cm; margin-right: 0cm; margin-bottom: 18.75pt; margin-left: 36.0pt; text-indent: -18.0pt; line-height: 19.2pt; mso-list: l0 level1 lfo1; tab-stops: list 36.0pt;\"><strong><span style=\"font-family: helvetica; font-size: 14pt;\"><!--[if !supportLists]-->\u00b7<span style=\"font-variant-numeric: normal; font-variant-east-asian: normal; font-stretch: normal; line-height: normal;\">\u00a0\u00a0\u00a0\u00a0\u00a0\u00a0\u00a0\u00a0 <\/span><!--[endif]-->Nutrici\u00f3n avanzada<\/span><\/strong><\/p>\n<p style=\"margin-top: 0cm; margin-right: 0cm; margin-bottom: 18.75pt; margin-left: 36.0pt; text-indent: -18.0pt; line-height: 19.2pt; mso-list: l0 level1 lfo1; tab-stops: list 36.0pt;\"><strong><span style=\"font-family: helvetica; font-size: 14pt;\"><!--[if !supportLists]-->\u00b7<span style=\"font-variant-numeric: normal; font-variant-east-asian: normal; font-stretch: normal; line-height: normal;\">\u00a0\u00a0\u00a0\u00a0\u00a0\u00a0\u00a0\u00a0 <\/span><!--[endif]-->Alimento prote\u00ednico en polvo a base de prote\u00edna de suero adicionado con vitaminas y minerales.<\/span><\/strong><\/p>\n<p style=\"margin-top: 0cm; margin-right: 0cm; margin-bottom: 18.75pt; margin-left: 36.0pt; text-indent: -18.0pt; line-height: 19.2pt; mso-list: l0 level1 lfo1; tab-stops: list 36.0pt;\"><strong><span style=\"font-family: helvetica; font-size: 14pt;\"><!--[if !supportLists]-->\u00b7<span style=\"font-variant-numeric: normal; font-variant-east-asian: normal; font-stretch: normal; line-height: normal;\">\u00a0\u00a0\u00a0\u00a0\u00a0\u00a0\u00a0\u00a0 <\/span><!--[endif]-->16% Grasa, 16% Prote\u00edna y 61 % Carbohidratos<\/span><\/strong><\/p>\n<p style=\"margin-top: 0cm; margin-right: 0cm; margin-bottom: 18.75pt; margin-left: 36.0pt; text-indent: -18.0pt; line-height: 19.2pt; mso-list: l0 level1 lfo1; tab-stops: list 36.0pt;\"><strong><span style=\"font-family: helvetica; font-size: 14pt;\"><!--[if !supportLists]-->\u00b7<span style=\"font-variant-numeric: normal; font-variant-east-asian: normal; font-stretch: normal; line-height: normal;\">\u00a0\u00a0\u00a0\u00a0\u00a0\u00a0\u00a0\u00a0 <\/span><!--[endif]-->Contiene ScFOS (Fibra Prebi\u00f3tica)<\/span><\/strong><\/p>\n<p style=\"margin-top: 0cm; margin-right: 0cm; margin-bottom: 18.75pt; margin-left: 36.0pt; text-indent: -18.0pt; line-height: 19.2pt; mso-list: l0 level1 lfo1; tab-stops: list 36.0pt;\"><strong><span style=\"font-family: helvetica; font-size: 14pt;\"><!--[if !supportLists]-->\u00b7<span style=\"font-variant-numeric: normal; font-variant-east-asian: normal; font-stretch: normal; line-height: normal;\">\u00a0\u00a0\u00a0\u00a0\u00a0\u00a0\u00a0\u00a0 <\/span><!--[endif]-->Un Sabor delicioso<\/span><\/strong><\/p>\n<p style=\"margin-top: 0cm; margin-right: 0cm; margin-bottom: 18.75pt; margin-left: 36.0pt; text-indent: -18.0pt; line-height: 19.2pt; mso-list: l0 level1 lfo1; tab-stops: list 36.0pt;\"><strong><span style=\"font-family: helvetica; font-size: 14pt;\"><!--[if !supportLists]-->\u00b7<span style=\"font-variant-numeric: normal; font-variant-east-asian: normal; font-stretch: normal; line-height: normal;\">\u00a0\u00a0\u00a0\u00a0\u00a0\u00a0\u00a0\u00a0 <\/span><!--[endif]-->NUT-RX contiene una f\u00f3rmula avanzada de alta absorci\u00f3n a base de prote\u00ednas de Lactosuero, que proporciona una nutrici\u00f3n completa y balanceada.<\/span><\/strong><\/p>\n<p>\u00a0<\/p>\n<p style=\"margin-top: 0cm; margin-right: 0cm; margin-bottom: 18.75pt; margin-left: 36.0pt; text-indent: -18.0pt; line-height: 19.2pt; mso-list: l0 level1 lfo1; tab-stops: list 36.0pt;\"><strong><span style=\"font-family: helvetica; font-size: 14pt;\"><!--[if !supportLists]-->\u00b7<span style=\"font-variant-numeric: normal; font-variant-east-asian: normal; font-stretch: normal; line-height: normal;\">\u00a0\u00a0\u00a0\u00a0\u00a0\u00a0\u00a0\u00a0 <\/span><!--[endif]--><\/span><\/strong><span style=\"font-size: 10.0pt; font-family: 'Arial','sans-serif';\"><strong><span style=\"font-family: helvetica; font-size: 14pt;\">NUT-RX es un producto deslactosado, libre de gluten<\/span><\/strong><\/span><\/p>\n<p style=\"margin-top: 0cm; margin-right: 0cm; margin-bottom: 18.75pt; margin-left: 0cm; line-height: 19.2pt;\"><span style=\"font-size: 10.0pt; font-family: 'Arial','sans-serif';\">NUT-RX es una f\u00f3rmula nutricionalmente avanzada de alta absorci\u00f3n a base de prote\u00ednas de lacto suero que proporcionan una nutrici\u00f3n balanceada y completa. Nut-Rx es un producto libre de Gluten y Lactosa. Recomendada para problemas nutricionales relacionados con: Desnutrici\u00f3n proteico-c\u00e1lorica, adulto mayor con disminuci\u00f3n de ingesta por via oral, ni\u00f1os faltos de apetito etc.<\/span><\/p>\n","protected":false},"excerpt":{"rendered":"<p>NUT-RX es una f\u00f3rmula nutricionalmente avanzada de alta absorci\u00f3n a base de prote\u00ednas de lacto suero que proporcionan una nutrici\u00f3n balanceada y completa. Nut-Rx es un producto libre de Gluten y Lactosa. Recomendada para problemas nutricionales relacionados con: Desnutrici\u00f3n proteico-c\u00e1lorica, adulto mayor con disminuci\u00f3n de ingesta por via oral, ni\u00f1os faltos de apetito etc.<\/p>\n","protected":false},"featured_media":2285,"comment_status":"open","ping_status":"closed","template":"","meta":[],"product_cat":[40,29],"product_tag":[],"acf":[],"yoast_head":"<!-- This site is optimized with the Yoast SEO plugin v18.5.1 - https:\/\/yoast.com\/wordpress\/plugins\/seo\/ -->\n<title>NUT-RX x 1.76 lb - Salud y Vida Store<\/title>\n<meta name=\"robots\" content=\"index, follow, max-snippet:-1, max-image-preview:large, max-video-preview:-1\" \/>\n<link rel=\"canonical\" href=\"https:\/\/saludyvidastore.com\/en\/product\/nut-rx-x-1-76-lb\/\" \/>\n<meta property=\"og:locale\" content=\"en_US\" \/>\n<meta property=\"og:type\" content=\"article\" \/>\n<meta property=\"og:title\" content=\"NUT-RX x 1.76 lb - Salud y Vida Store\" \/>\n<meta property=\"og:description\" content=\"NUT-RX es una f\u00f3rmula nutricionalmente avanzada de alta absorci\u00f3n a base de prote\u00ednas de lacto suero que proporcionan una nutrici\u00f3n balanceada y completa. Nut-Rx es un producto libre de Gluten y Lactosa. Recomendada para problemas nutricionales relacionados con: Desnutrici\u00f3n proteico-c\u00e1lorica, adulto mayor con disminuci\u00f3n de ingesta por via oral, ni\u00f1os faltos de apetito etc.\" \/>\n<meta property=\"og:url\" content=\"https:\/\/saludyvidastore.com\/en\/product\/nut-rx-x-1-76-lb\/\" \/>\n<meta property=\"og:site_name\" content=\"Salud y Vida Store\" \/>\n<meta property=\"article:publisher\" content=\"https:\/\/www.facebook.com\/ArmoniaNaturalDietShop\/\" \/>\n<meta property=\"article:modified_time\" content=\"2018-08-17T15:50:35+00:00\" \/>\n<meta property=\"og:image\" content=\"https:\/\/saludyvidastore.com\/wp-content\/uploads\/2018\/07\/1140.png\" \/>\n\t<meta property=\"og:image:width\" content=\"600\" \/>\n\t<meta property=\"og:image:height\" content=\"650\" \/>\n\t<meta property=\"og:image:type\" content=\"image\/png\" \/>\n<meta name=\"twitter:card\" content=\"summary_large_image\" \/>\n<meta name=\"twitter:label1\" content=\"Est. reading time\" \/>\n\t<meta name=\"twitter:data1\" content=\"2 minutes\" \/>\n<script type=\"application\/ld+json\" class=\"yoast-schema-graph\">{\"@context\":\"https:\/\/schema.org\",\"@graph\":[{\"@type\":\"WebSite\",\"@id\":\"https:\/\/saludyvidastore.com\/#website\",\"url\":\"https:\/\/saludyvidastore.com\/\",\"name\":\"Salud y Vida Store\",\"description\":\"Otro sitio realizado con WordPress\",\"potentialAction\":[{\"@type\":\"SearchAction\",\"target\":{\"@type\":\"EntryPoint\",\"urlTemplate\":\"https:\/\/saludyvidastore.com\/?s={search_term_string}\"},\"query-input\":\"required name=search_term_string\"}],\"inLanguage\":\"en-US\"},{\"@type\":\"ImageObject\",\"@id\":\"https:\/\/saludyvidastore.com\/en\/product\/nut-rx-x-1-76-lb\/#primaryimage\",\"inLanguage\":\"en-US\",\"url\":\"https:\/\/saludyvidastore.com\/wp-content\/uploads\/2018\/07\/1140.png\",\"contentUrl\":\"https:\/\/saludyvidastore.com\/wp-content\/uploads\/2018\/07\/1140.png\",\"width\":600,\"height\":650},{\"@type\":\"WebPage\",\"@id\":\"https:\/\/saludyvidastore.com\/en\/product\/nut-rx-x-1-76-lb\/#webpage\",\"url\":\"https:\/\/saludyvidastore.com\/en\/product\/nut-rx-x-1-76-lb\/\",\"name\":\"NUT-RX x 1.76 lb - Salud y Vida Store\",\"isPartOf\":{\"@id\":\"https:\/\/saludyvidastore.com\/#website\"},\"primaryImageOfPage\":{\"@id\":\"https:\/\/saludyvidastore.com\/en\/product\/nut-rx-x-1-76-lb\/#primaryimage\"},\"datePublished\":\"2018-07-13T22:53:34+00:00\",\"dateModified\":\"2018-08-17T15:50:35+00:00\",\"breadcrumb\":{\"@id\":\"https:\/\/saludyvidastore.com\/en\/product\/nut-rx-x-1-76-lb\/#breadcrumb\"},\"inLanguage\":\"en-US\",\"potentialAction\":[{\"@type\":\"ReadAction\",\"target\":[\"https:\/\/saludyvidastore.com\/en\/product\/nut-rx-x-1-76-lb\/\"]}]},{\"@type\":\"BreadcrumbList\",\"@id\":\"https:\/\/saludyvidastore.com\/en\/product\/nut-rx-x-1-76-lb\/#breadcrumb\",\"itemListElement\":[{\"@type\":\"ListItem\",\"position\":1,\"name\":\"Portada\",\"item\":\"https:\/\/saludyvidastore.com\/en\/\"},{\"@type\":\"ListItem\",\"position\":2,\"name\":\"Tienda\",\"item\":\"https:\/\/saludyvidastore.com\/tienda\/\"},{\"@type\":\"ListItem\",\"position\":3,\"name\":\"NUT-RX x 1.76 lb\"}]}]}<\/script>\n<!-- \/ Yoast SEO plugin. -->","yoast_head_json":{"title":"NUT-RX x 1.76 lb - Salud y Vida Store","robots":{"index":"index","follow":"follow","max-snippet":"max-snippet:-1","max-image-preview":"max-image-preview:large","max-video-preview":"max-video-preview:-1"},"canonical":"https:\/\/saludyvidastore.com\/en\/product\/nut-rx-x-1-76-lb\/","og_locale":"en_US","og_type":"article","og_title":"NUT-RX x 1.76 lb - Salud y Vida Store","og_description":"NUT-RX es una f\u00f3rmula nutricionalmente avanzada de alta absorci\u00f3n a base de prote\u00ednas de lacto suero que proporcionan una nutrici\u00f3n balanceada y completa. Nut-Rx es un producto libre de Gluten y Lactosa. Recomendada para problemas nutricionales relacionados con: Desnutrici\u00f3n proteico-c\u00e1lorica, adulto mayor con disminuci\u00f3n de ingesta por via oral, ni\u00f1os faltos de apetito etc.","og_url":"https:\/\/saludyvidastore.com\/en\/product\/nut-rx-x-1-76-lb\/","og_site_name":"Salud y Vida Store","article_publisher":"https:\/\/www.facebook.com\/ArmoniaNaturalDietShop\/","article_modified_time":"2018-08-17T15:50:35+00:00","og_image":[{"width":600,"height":650,"url":"https:\/\/saludyvidastore.com\/wp-content\/uploads\/2018\/07\/1140.png","type":"image\/png"}],"twitter_card":"summary_large_image","twitter_misc":{"Est. reading time":"2 minutes"},"schema":{"@context":"https:\/\/schema.org","@graph":[{"@type":"WebSite","@id":"https:\/\/saludyvidastore.com\/#website","url":"https:\/\/saludyvidastore.com\/","name":"Salud y Vida Store","description":"Otro sitio realizado con WordPress","potentialAction":[{"@type":"SearchAction","target":{"@type":"EntryPoint","urlTemplate":"https:\/\/saludyvidastore.com\/?s={search_term_string}"},"query-input":"required name=search_term_string"}],"inLanguage":"en-US"},{"@type":"ImageObject","@id":"https:\/\/saludyvidastore.com\/en\/product\/nut-rx-x-1-76-lb\/#primaryimage","inLanguage":"en-US","url":"https:\/\/saludyvidastore.com\/wp-content\/uploads\/2018\/07\/1140.png","contentUrl":"https:\/\/saludyvidastore.com\/wp-content\/uploads\/2018\/07\/1140.png","width":600,"height":650},{"@type":"WebPage","@id":"https:\/\/saludyvidastore.com\/en\/product\/nut-rx-x-1-76-lb\/#webpage","url":"https:\/\/saludyvidastore.com\/en\/product\/nut-rx-x-1-76-lb\/","name":"NUT-RX x 1.76 lb - Salud y Vida Store","isPartOf":{"@id":"https:\/\/saludyvidastore.com\/#website"},"primaryImageOfPage":{"@id":"https:\/\/saludyvidastore.com\/en\/product\/nut-rx-x-1-76-lb\/#primaryimage"},"datePublished":"2018-07-13T22:53:34+00:00","dateModified":"2018-08-17T15:50:35+00:00","breadcrumb":{"@id":"https:\/\/saludyvidastore.com\/en\/product\/nut-rx-x-1-76-lb\/#breadcrumb"},"inLanguage":"en-US","potentialAction":[{"@type":"ReadAction","target":["https:\/\/saludyvidastore.com\/en\/product\/nut-rx-x-1-76-lb\/"]}]},{"@type":"BreadcrumbList","@id":"https:\/\/saludyvidastore.com\/en\/product\/nut-rx-x-1-76-lb\/#breadcrumb","itemListElement":[{"@type":"ListItem","position":1,"name":"Portada","item":"https:\/\/saludyvidastore.com\/en\/"},{"@type":"ListItem","position":2,"name":"Tienda","item":"https:\/\/saludyvidastore.com\/tienda\/"},{"@type":"ListItem","position":3,"name":"NUT-RX x 1.76 lb"}]}]}},"_links":{"self":[{"href":"https:\/\/saludyvidastore.com\/en\/wp-json\/wp\/v2\/product\/2463"}],"collection":[{"href":"https:\/\/saludyvidastore.com\/en\/wp-json\/wp\/v2\/product"}],"about":[{"href":"https:\/\/saludyvidastore.com\/en\/wp-json\/wp\/v2\/types\/product"}],"replies":[{"embeddable":true,"href":"https:\/\/saludyvidastore.com\/en\/wp-json\/wp\/v2\/comments?post=2463"}],"wp:featuredmedia":[{"embeddable":true,"href":"https:\/\/saludyvidastore.com\/en\/wp-json\/wp\/v2\/media\/2285"}],"wp:attachment":[{"href":"https:\/\/saludyvidastore.com\/en\/wp-json\/wp\/v2\/media?parent=2463"}],"wp:term":[{"taxonomy":"product_cat","embeddable":true,"href":"https:\/\/saludyvidastore.com\/en\/wp-json\/wp\/v2\/product_cat?post=2463"},{"taxonomy":"product_tag","embeddable":true,"href":"https:\/\/saludyvidastore.com\/en\/wp-json\/wp\/v2\/product_tag?post=2463"}],"curies":[{"name":"wp","href":"https:\/\/api.w.org\/{rel}","templated":true}]}}