{"id":2464,"date":"2018-07-13T22:53:31","date_gmt":"2018-07-13T22:53:31","guid":{"rendered":"http:\/\/saludyvidastore.com\/product\/nut-rx-gc\/"},"modified":"2018-08-17T15:54:41","modified_gmt":"2018-08-17T15:54:41","slug":"nut-rx-gc","status":"publish","type":"product","link":"https:\/\/saludyvidastore.com\/en\/product\/nut-rx-gc\/","title":{"rendered":"NUT-RX GC"},"content":{"rendered":"<h1><strong><span style=\"font-family: helvetica; font-size: 14pt;\">NUT &#8211; RX GC es un alimento especializado para diab\u00e9ticos, bajo en az\u00facares, adicionado con \u00e1cido alfa lipoico, picolinato de cromo y vanadio; ingredientes que han demostrado ayudar en el tratamiento de personas con trastornos metab\u00f3licos del az\u00facar.<\/span><\/strong><\/h1>\n<h2><strong><span style=\"font-family: helvetica; font-size: 14pt;\">NUT &#8211; RX GC contiene en su f\u00f3rmula prote\u00edna concentrada de suero, con alto valor nutricional, que garantiza una mejor utilizaci\u00f3n de la prote\u00edna en la construcci\u00f3n y mantenimiento de los diferentes tejidos corporales, adicionado con amino\u00e1cidos de cadena ramificada (L-valina, L-leucina y L- isoleucina) nutrientes involucrados en el mantenimiento de la masa muscular.<\/span><\/strong><\/h2>\n<p><strong><span style=\"font-family: helvetica; font-size: 14pt;\">NUT &#8211; RX GC aporta hidratos de carbono complejos que a diferencia de los simples tardan m\u00e1s en ser absorbidos y que combinado con Fibregum \u00a0(Fuente de fibra), favorecen la digesti\u00f3n y ayudan a mantener bajo control los niveles de az\u00facar.<\/span><\/strong><\/p>\n<p><strong><span style=\"font-family: helvetica; font-size: 14pt;\">Las grasas contenidas en NUT &#8211; RX GC son de origen vegetal (soya y\/o ma\u00edz), sin hidrolizar para mantener bajos los niveles de grasa saturada, adem\u00e1s son ricas en grasas insaturadas, que f\u00e1cilmente se convierten en energ\u00eda como una fuente alterna a los az\u00facares.<\/span><\/strong><\/p>\n<p><strong><span style=\"font-family: helvetica; font-size: 14pt;\">INDICACIONES<\/span><\/strong><\/p>\n<p><strong><span style=\"font-family: helvetica; font-size: 14pt;\">NUT &#8211; RX GC es una f\u00f3rmula entera completa y balanceada para diab\u00e9ticos que puede ser utilizada en diferentes situaciones nutricionales, relacionadas con la baja ingesta de alimentos, dificultad para alimentarse, p\u00e9rdida de peso o malnutrici\u00f3n.<\/span><\/strong><\/p>\n<p><strong><span style=\"font-family: helvetica; font-size: 14pt;\">ALMACENAMIENTO<\/span><\/strong><\/p>\n<p><strong><span style=\"font-family: helvetica; font-size: 14pt;\">Guardar en un lugar fresco y seco (no refrigerado). Despu\u00e9s de preparado debe de consumirse con prontitud, debe refrigerarse y usar antes de 24 horas.<\/span><\/strong><\/p>\n<p><strong><span style=\"font-family: helvetica; font-size: 14pt;\">V\u00cdAS DE ADMINISTRACI\u00d3N<\/span><\/strong><\/p>\n<p><strong><span style=\"font-family: helvetica; font-size: 14pt;\">NUT &#8211; RX GC es una f\u00f3rmula nutricional para uso entero puede ser administrada v\u00eda oral o sonda.<\/span><\/strong><\/p>\n<p><strong><span style=\"font-family: helvetica; font-size: 14pt;\">PREPARACI\u00d3N DE NUT-RX GC<\/span><\/strong><\/p>\n<p><strong><span style=\"font-family: helvetica; font-size: 14pt;\">Para preparar una porci\u00f3n de 260 Kcal, en un vaso con 210 ml de agua, a\u00f1ada 56g de NUT &#8211; RX GC (Dos medidas), mezcle hasta que disuelva completamente.\u00a0<\/span><\/strong><\/p>\n","protected":false},"excerpt":{"rendered":"<p>NUT &#8211; RX GC es un alimento especializado para diab\u00e9ticos, bajo en az\u00facares, adicionado con \u00e1cido alfa lipoico, picolinato de cromo y vanadio; ingredientes que han demostrado ayudar en el tratamiento de personas con trastornos metab\u00f3licos del az\u00facar.<\/p>\n","protected":false},"featured_media":2287,"comment_status":"open","ping_status":"closed","template":"","meta":[],"product_cat":[40,29],"product_tag":[],"acf":[],"yoast_head":"<!-- This site is optimized with the Yoast SEO plugin v18.5.1 - https:\/\/yoast.com\/wordpress\/plugins\/seo\/ -->\n<title>NUT-RX GC - Salud y Vida Store<\/title>\n<meta name=\"robots\" content=\"index, follow, max-snippet:-1, max-image-preview:large, max-video-preview:-1\" \/>\n<link rel=\"canonical\" href=\"https:\/\/saludyvidastore.com\/en\/product\/nut-rx-gc\/\" \/>\n<meta property=\"og:locale\" content=\"en_US\" \/>\n<meta property=\"og:type\" content=\"article\" \/>\n<meta property=\"og:title\" content=\"NUT-RX GC - Salud y Vida Store\" \/>\n<meta property=\"og:description\" content=\"NUT - RX GC es un alimento especializado para diab\u00e9ticos, bajo en az\u00facares, adicionado con \u00e1cido alfa lipoico, picolinato de cromo y vanadio; ingredientes que han demostrado ayudar en el tratamiento de personas con trastornos metab\u00f3licos del az\u00facar.\" \/>\n<meta property=\"og:url\" content=\"https:\/\/saludyvidastore.com\/en\/product\/nut-rx-gc\/\" \/>\n<meta property=\"og:site_name\" content=\"Salud y Vida Store\" \/>\n<meta property=\"article:publisher\" content=\"https:\/\/www.facebook.com\/ArmoniaNaturalDietShop\/\" \/>\n<meta property=\"article:modified_time\" content=\"2018-08-17T15:54:41+00:00\" \/>\n<meta property=\"og:image\" content=\"https:\/\/saludyvidastore.com\/wp-content\/uploads\/2018\/07\/1144.png\" \/>\n\t<meta property=\"og:image:width\" content=\"600\" \/>\n\t<meta property=\"og:image:height\" content=\"650\" \/>\n\t<meta property=\"og:image:type\" content=\"image\/png\" \/>\n<meta name=\"twitter:card\" content=\"summary_large_image\" \/>\n<meta name=\"twitter:label1\" content=\"Est. reading time\" \/>\n\t<meta name=\"twitter:data1\" content=\"2 minutes\" \/>\n<script type=\"application\/ld+json\" class=\"yoast-schema-graph\">{\"@context\":\"https:\/\/schema.org\",\"@graph\":[{\"@type\":\"WebSite\",\"@id\":\"https:\/\/saludyvidastore.com\/#website\",\"url\":\"https:\/\/saludyvidastore.com\/\",\"name\":\"Salud y Vida Store\",\"description\":\"Otro sitio realizado con WordPress\",\"potentialAction\":[{\"@type\":\"SearchAction\",\"target\":{\"@type\":\"EntryPoint\",\"urlTemplate\":\"https:\/\/saludyvidastore.com\/?s={search_term_string}\"},\"query-input\":\"required name=search_term_string\"}],\"inLanguage\":\"en-US\"},{\"@type\":\"ImageObject\",\"@id\":\"https:\/\/saludyvidastore.com\/en\/product\/nut-rx-gc\/#primaryimage\",\"inLanguage\":\"en-US\",\"url\":\"https:\/\/saludyvidastore.com\/wp-content\/uploads\/2018\/07\/1144.png\",\"contentUrl\":\"https:\/\/saludyvidastore.com\/wp-content\/uploads\/2018\/07\/1144.png\",\"width\":600,\"height\":650},{\"@type\":\"WebPage\",\"@id\":\"https:\/\/saludyvidastore.com\/en\/product\/nut-rx-gc\/#webpage\",\"url\":\"https:\/\/saludyvidastore.com\/en\/product\/nut-rx-gc\/\",\"name\":\"NUT-RX GC - Salud y Vida Store\",\"isPartOf\":{\"@id\":\"https:\/\/saludyvidastore.com\/#website\"},\"primaryImageOfPage\":{\"@id\":\"https:\/\/saludyvidastore.com\/en\/product\/nut-rx-gc\/#primaryimage\"},\"datePublished\":\"2018-07-13T22:53:31+00:00\",\"dateModified\":\"2018-08-17T15:54:41+00:00\",\"breadcrumb\":{\"@id\":\"https:\/\/saludyvidastore.com\/en\/product\/nut-rx-gc\/#breadcrumb\"},\"inLanguage\":\"en-US\",\"potentialAction\":[{\"@type\":\"ReadAction\",\"target\":[\"https:\/\/saludyvidastore.com\/en\/product\/nut-rx-gc\/\"]}]},{\"@type\":\"BreadcrumbList\",\"@id\":\"https:\/\/saludyvidastore.com\/en\/product\/nut-rx-gc\/#breadcrumb\",\"itemListElement\":[{\"@type\":\"ListItem\",\"position\":1,\"name\":\"Portada\",\"item\":\"https:\/\/saludyvidastore.com\/en\/\"},{\"@type\":\"ListItem\",\"position\":2,\"name\":\"Tienda\",\"item\":\"https:\/\/saludyvidastore.com\/tienda\/\"},{\"@type\":\"ListItem\",\"position\":3,\"name\":\"NUT-RX GC\"}]}]}<\/script>\n<!-- \/ Yoast SEO plugin. -->","yoast_head_json":{"title":"NUT-RX GC - Salud y Vida Store","robots":{"index":"index","follow":"follow","max-snippet":"max-snippet:-1","max-image-preview":"max-image-preview:large","max-video-preview":"max-video-preview:-1"},"canonical":"https:\/\/saludyvidastore.com\/en\/product\/nut-rx-gc\/","og_locale":"en_US","og_type":"article","og_title":"NUT-RX GC - Salud y Vida Store","og_description":"NUT - RX GC es un alimento especializado para diab\u00e9ticos, bajo en az\u00facares, adicionado con \u00e1cido alfa lipoico, picolinato de cromo y vanadio; ingredientes que han demostrado ayudar en el tratamiento de personas con trastornos metab\u00f3licos del az\u00facar.","og_url":"https:\/\/saludyvidastore.com\/en\/product\/nut-rx-gc\/","og_site_name":"Salud y Vida Store","article_publisher":"https:\/\/www.facebook.com\/ArmoniaNaturalDietShop\/","article_modified_time":"2018-08-17T15:54:41+00:00","og_image":[{"width":600,"height":650,"url":"https:\/\/saludyvidastore.com\/wp-content\/uploads\/2018\/07\/1144.png","type":"image\/png"}],"twitter_card":"summary_large_image","twitter_misc":{"Est. reading time":"2 minutes"},"schema":{"@context":"https:\/\/schema.org","@graph":[{"@type":"WebSite","@id":"https:\/\/saludyvidastore.com\/#website","url":"https:\/\/saludyvidastore.com\/","name":"Salud y Vida Store","description":"Otro sitio realizado con WordPress","potentialAction":[{"@type":"SearchAction","target":{"@type":"EntryPoint","urlTemplate":"https:\/\/saludyvidastore.com\/?s={search_term_string}"},"query-input":"required name=search_term_string"}],"inLanguage":"en-US"},{"@type":"ImageObject","@id":"https:\/\/saludyvidastore.com\/en\/product\/nut-rx-gc\/#primaryimage","inLanguage":"en-US","url":"https:\/\/saludyvidastore.com\/wp-content\/uploads\/2018\/07\/1144.png","contentUrl":"https:\/\/saludyvidastore.com\/wp-content\/uploads\/2018\/07\/1144.png","width":600,"height":650},{"@type":"WebPage","@id":"https:\/\/saludyvidastore.com\/en\/product\/nut-rx-gc\/#webpage","url":"https:\/\/saludyvidastore.com\/en\/product\/nut-rx-gc\/","name":"NUT-RX GC - Salud y Vida Store","isPartOf":{"@id":"https:\/\/saludyvidastore.com\/#website"},"primaryImageOfPage":{"@id":"https:\/\/saludyvidastore.com\/en\/product\/nut-rx-gc\/#primaryimage"},"datePublished":"2018-07-13T22:53:31+00:00","dateModified":"2018-08-17T15:54:41+00:00","breadcrumb":{"@id":"https:\/\/saludyvidastore.com\/en\/product\/nut-rx-gc\/#breadcrumb"},"inLanguage":"en-US","potentialAction":[{"@type":"ReadAction","target":["https:\/\/saludyvidastore.com\/en\/product\/nut-rx-gc\/"]}]},{"@type":"BreadcrumbList","@id":"https:\/\/saludyvidastore.com\/en\/product\/nut-rx-gc\/#breadcrumb","itemListElement":[{"@type":"ListItem","position":1,"name":"Portada","item":"https:\/\/saludyvidastore.com\/en\/"},{"@type":"ListItem","position":2,"name":"Tienda","item":"https:\/\/saludyvidastore.com\/tienda\/"},{"@type":"ListItem","position":3,"name":"NUT-RX GC"}]}]}},"_links":{"self":[{"href":"https:\/\/saludyvidastore.com\/en\/wp-json\/wp\/v2\/product\/2464"}],"collection":[{"href":"https:\/\/saludyvidastore.com\/en\/wp-json\/wp\/v2\/product"}],"about":[{"href":"https:\/\/saludyvidastore.com\/en\/wp-json\/wp\/v2\/types\/product"}],"replies":[{"embeddable":true,"href":"https:\/\/saludyvidastore.com\/en\/wp-json\/wp\/v2\/comments?post=2464"}],"wp:featuredmedia":[{"embeddable":true,"href":"https:\/\/saludyvidastore.com\/en\/wp-json\/wp\/v2\/media\/2287"}],"wp:attachment":[{"href":"https:\/\/saludyvidastore.com\/en\/wp-json\/wp\/v2\/media?parent=2464"}],"wp:term":[{"taxonomy":"product_cat","embeddable":true,"href":"https:\/\/saludyvidastore.com\/en\/wp-json\/wp\/v2\/product_cat?post=2464"},{"taxonomy":"product_tag","embeddable":true,"href":"https:\/\/saludyvidastore.com\/en\/wp-json\/wp\/v2\/product_tag?post=2464"}],"curies":[{"name":"wp","href":"https:\/\/api.w.org\/{rel}","templated":true}]}}