{"id":2465,"date":"2018-07-13T22:53:30","date_gmt":"2018-07-13T22:53:30","guid":{"rendered":"http:\/\/saludyvidastore.com\/product\/nut-rx-kids\/"},"modified":"2018-07-16T23:11:10","modified_gmt":"2018-07-16T23:11:10","slug":"nut-rx-kids","status":"publish","type":"product","link":"https:\/\/saludyvidastore.com\/en\/product\/nut-rx-kids\/","title":{"rendered":"NUT- RX KIDS"},"content":{"rendered":"<p><strong><span style=\"font-family: arial, helvetica, sans-serif; font-size: 14pt;\">NUT-RX KID\u00b4S, es el m\u00e1s delicioso y nutritivo alimento para ni\u00f1os mayores de un a\u00f1o. NUT-RX KID\u00b4S contiene prote\u00edna de lactosuero, la prote\u00edna con el m\u00e1s alto valor biol\u00f3gico del mercado, alimento que garantiza los amino\u00e1cidos necesarios para una mayor construcci\u00f3n de tejidos corporales.<\/span><\/strong><\/p>\n<p><strong><span style=\"font-size: 11pt; line-height: 115%; font-family: Calibri, sans-serif;\"><span style=\"font-family: arial, helvetica, sans-serif; font-size: 14pt;\">NUT-RX KID\u00b4S contiene Apeti-Tech, novedosa f\u00f3rmula elaborada a partir de vitaminas del complejo B e inositol, ideal para ni\u00f1os con poco apetito y baja\u00a0<\/span><\/span><\/strong><strong><span style=\"font-size: 11pt; line-height: 115%; font-family: Calibri, sans-serif;\"><span style=\"font-family: arial, helvetica, sans-serif; font-size: 14pt;\">ingesta de alimentos. Adicionalmente, est\u00e1 forticado con Defen-C, el \u00faltimo avance en tecnolog\u00eda de nutrici\u00f3n desarrollado por nuestros laboratorios, que\u00a0<\/span><\/span><\/strong><strong><span style=\"font-size: 11pt; line-height: 115%; font-family: Calibri, sans-serif;\"><span style=\"font-family: arial, helvetica, sans-serif; font-size: 14pt;\">aporta el 100% de los requerimientos diarios de zinc y vitamina C, as\u00ed como L-Glutamina y fibra prebi\u00f3tica, todo en una sola porci\u00f3n.<\/span><\/span><\/strong><\/p>\n<p><strong><span style=\"font-size: 11pt; line-height: 115%; font-family: Calibri, sans-serif;\"> <br \/><span style=\"font-family: arial, helvetica, sans-serif; font-size: 14pt;\"> Indicaciones: NUT-RX KID\u00b4S, es una f\u00f3rmula completa y balanceada, de ingesta oral, para ni\u00f1os mayores de un a\u00f1o. Se recomienda como ayuda en\u00a0<\/span><\/span><\/strong><strong><span style=\"font-size: 11pt; line-height: 115%; font-family: Calibri, sans-serif;\"><span style=\"font-family: arial, helvetica, sans-serif; font-size: 14pt;\">diferentes situaciones nutricionales, relacionadas con baja ingesta de alimentos, falta de apetito, p\u00e9rdida de peso o malnutrici\u00f3n.<\/span><\/span><\/strong><\/p>\n<p><strong><span style=\"font-size: 11pt; line-height: 115%; font-family: Calibri, sans-serif;\"> <br \/><span style=\"font-family: arial, helvetica, sans-serif; font-size: 14pt;\"> Preparaci\u00f3n: Para preparar una porci\u00f3n de 200 Kcal, agregue 40g de NUT-RX KID\u00b4S (1 \u00bd medidas) a 180ml de agua. Puede ser preparado en leche,\u00a0<\/span><\/span><\/strong><span style=\"font-size: 11pt; line-height: 115%; font-family: Calibri, sans-serif;\"><strong><span style=\"font-family: arial, helvetica, sans-serif; font-size: 14pt;\">incrementando as\u00ed el contenido cal\u00f3rico.<\/span><\/strong><\/span><\/p>\n<p><span style=\"font-size: 11pt; line-height: 115%; font-family: Calibri, sans-serif;\"> <br \/><strong><span style=\"font-family: arial, helvetica, sans-serif; font-size: 14pt;\"> Almacenamiento: Guardar cerrado en lugar fresco y seco (no refrigerado). Despu\u00e9s de preparado consuma inmediatamente o gu\u00e1rdese refrigerado por un m\u00e1ximo de 24 horas.<\/span><\/strong><\/p>\n<p><strong><span style=\"font-family: arial, helvetica, sans-serif; font-size: 14pt;\"> V\u00edas de Administraci\u00f3n: NUT-RX KID\u00b4S puede ser administrado por v\u00eda oral o sonda.<\/span><\/strong><\/p>\n<p> <\/span><\/p>\n","protected":false},"excerpt":{"rendered":"<p>NUT-RX KID\u00b4S, es el m\u00e1s delicioso y nutritivo alimento para ni\u00f1os mayores de un a\u00f1o. NUT-RX KID\u00b4S contiene prote\u00edna de lactosuero, la prote\u00edna con el m\u00e1s alto valor biol\u00f3gico del mercado, alimento que garantiza los amino\u00e1cidos necesarios para una mayor construcci\u00f3n de tejidos corporales.<\/p>\n","protected":false},"featured_media":2289,"comment_status":"open","ping_status":"closed","template":"","meta":[],"product_cat":[40,29,34],"product_tag":[],"acf":[],"yoast_head":"<!-- This site is optimized with the Yoast SEO plugin v18.5.1 - https:\/\/yoast.com\/wordpress\/plugins\/seo\/ -->\n<title>NUT- RX KIDS - Salud y Vida Store<\/title>\n<meta name=\"robots\" content=\"index, follow, max-snippet:-1, max-image-preview:large, max-video-preview:-1\" \/>\n<link rel=\"canonical\" href=\"https:\/\/saludyvidastore.com\/en\/product\/nut-rx-kids\/\" \/>\n<meta property=\"og:locale\" content=\"en_US\" \/>\n<meta property=\"og:type\" content=\"article\" \/>\n<meta property=\"og:title\" content=\"NUT- RX KIDS - Salud y Vida Store\" \/>\n<meta property=\"og:description\" content=\"NUT-RX KID\u00b4S, es el m\u00e1s delicioso y nutritivo alimento para ni\u00f1os mayores de un a\u00f1o. NUT-RX KID\u00b4S contiene prote\u00edna de lactosuero, la prote\u00edna con el m\u00e1s alto valor biol\u00f3gico del mercado, alimento que garantiza los amino\u00e1cidos necesarios para una mayor construcci\u00f3n de tejidos corporales.\" \/>\n<meta property=\"og:url\" content=\"https:\/\/saludyvidastore.com\/en\/product\/nut-rx-kids\/\" \/>\n<meta property=\"og:site_name\" content=\"Salud y Vida Store\" \/>\n<meta property=\"article:publisher\" content=\"https:\/\/www.facebook.com\/ArmoniaNaturalDietShop\/\" \/>\n<meta property=\"article:modified_time\" content=\"2018-07-16T23:11:10+00:00\" \/>\n<meta property=\"og:image\" content=\"https:\/\/saludyvidastore.com\/wp-content\/uploads\/2018\/07\/1142.png\" \/>\n\t<meta property=\"og:image:width\" content=\"600\" \/>\n\t<meta property=\"og:image:height\" content=\"650\" \/>\n\t<meta property=\"og:image:type\" content=\"image\/png\" \/>\n<meta name=\"twitter:card\" content=\"summary_large_image\" \/>\n<meta name=\"twitter:label1\" content=\"Est. reading time\" \/>\n\t<meta name=\"twitter:data1\" content=\"1 minute\" \/>\n<script type=\"application\/ld+json\" class=\"yoast-schema-graph\">{\"@context\":\"https:\/\/schema.org\",\"@graph\":[{\"@type\":\"WebSite\",\"@id\":\"https:\/\/saludyvidastore.com\/#website\",\"url\":\"https:\/\/saludyvidastore.com\/\",\"name\":\"Salud y Vida Store\",\"description\":\"Otro sitio realizado con WordPress\",\"potentialAction\":[{\"@type\":\"SearchAction\",\"target\":{\"@type\":\"EntryPoint\",\"urlTemplate\":\"https:\/\/saludyvidastore.com\/?s={search_term_string}\"},\"query-input\":\"required name=search_term_string\"}],\"inLanguage\":\"en-US\"},{\"@type\":\"ImageObject\",\"@id\":\"https:\/\/saludyvidastore.com\/en\/product\/nut-rx-kids\/#primaryimage\",\"inLanguage\":\"en-US\",\"url\":\"https:\/\/saludyvidastore.com\/wp-content\/uploads\/2018\/07\/1142.png\",\"contentUrl\":\"https:\/\/saludyvidastore.com\/wp-content\/uploads\/2018\/07\/1142.png\",\"width\":600,\"height\":650},{\"@type\":\"WebPage\",\"@id\":\"https:\/\/saludyvidastore.com\/en\/product\/nut-rx-kids\/#webpage\",\"url\":\"https:\/\/saludyvidastore.com\/en\/product\/nut-rx-kids\/\",\"name\":\"NUT- RX KIDS - Salud y Vida Store\",\"isPartOf\":{\"@id\":\"https:\/\/saludyvidastore.com\/#website\"},\"primaryImageOfPage\":{\"@id\":\"https:\/\/saludyvidastore.com\/en\/product\/nut-rx-kids\/#primaryimage\"},\"datePublished\":\"2018-07-13T22:53:30+00:00\",\"dateModified\":\"2018-07-16T23:11:10+00:00\",\"breadcrumb\":{\"@id\":\"https:\/\/saludyvidastore.com\/en\/product\/nut-rx-kids\/#breadcrumb\"},\"inLanguage\":\"en-US\",\"potentialAction\":[{\"@type\":\"ReadAction\",\"target\":[\"https:\/\/saludyvidastore.com\/en\/product\/nut-rx-kids\/\"]}]},{\"@type\":\"BreadcrumbList\",\"@id\":\"https:\/\/saludyvidastore.com\/en\/product\/nut-rx-kids\/#breadcrumb\",\"itemListElement\":[{\"@type\":\"ListItem\",\"position\":1,\"name\":\"Portada\",\"item\":\"https:\/\/saludyvidastore.com\/en\/\"},{\"@type\":\"ListItem\",\"position\":2,\"name\":\"Tienda\",\"item\":\"https:\/\/saludyvidastore.com\/tienda\/\"},{\"@type\":\"ListItem\",\"position\":3,\"name\":\"NUT- RX KIDS\"}]}]}<\/script>\n<!-- \/ Yoast SEO plugin. -->","yoast_head_json":{"title":"NUT- RX KIDS - Salud y Vida Store","robots":{"index":"index","follow":"follow","max-snippet":"max-snippet:-1","max-image-preview":"max-image-preview:large","max-video-preview":"max-video-preview:-1"},"canonical":"https:\/\/saludyvidastore.com\/en\/product\/nut-rx-kids\/","og_locale":"en_US","og_type":"article","og_title":"NUT- RX KIDS - Salud y Vida Store","og_description":"NUT-RX KID\u00b4S, es el m\u00e1s delicioso y nutritivo alimento para ni\u00f1os mayores de un a\u00f1o. NUT-RX KID\u00b4S contiene prote\u00edna de lactosuero, la prote\u00edna con el m\u00e1s alto valor biol\u00f3gico del mercado, alimento que garantiza los amino\u00e1cidos necesarios para una mayor construcci\u00f3n de tejidos corporales.","og_url":"https:\/\/saludyvidastore.com\/en\/product\/nut-rx-kids\/","og_site_name":"Salud y Vida Store","article_publisher":"https:\/\/www.facebook.com\/ArmoniaNaturalDietShop\/","article_modified_time":"2018-07-16T23:11:10+00:00","og_image":[{"width":600,"height":650,"url":"https:\/\/saludyvidastore.com\/wp-content\/uploads\/2018\/07\/1142.png","type":"image\/png"}],"twitter_card":"summary_large_image","twitter_misc":{"Est. reading time":"1 minute"},"schema":{"@context":"https:\/\/schema.org","@graph":[{"@type":"WebSite","@id":"https:\/\/saludyvidastore.com\/#website","url":"https:\/\/saludyvidastore.com\/","name":"Salud y Vida Store","description":"Otro sitio realizado con WordPress","potentialAction":[{"@type":"SearchAction","target":{"@type":"EntryPoint","urlTemplate":"https:\/\/saludyvidastore.com\/?s={search_term_string}"},"query-input":"required name=search_term_string"}],"inLanguage":"en-US"},{"@type":"ImageObject","@id":"https:\/\/saludyvidastore.com\/en\/product\/nut-rx-kids\/#primaryimage","inLanguage":"en-US","url":"https:\/\/saludyvidastore.com\/wp-content\/uploads\/2018\/07\/1142.png","contentUrl":"https:\/\/saludyvidastore.com\/wp-content\/uploads\/2018\/07\/1142.png","width":600,"height":650},{"@type":"WebPage","@id":"https:\/\/saludyvidastore.com\/en\/product\/nut-rx-kids\/#webpage","url":"https:\/\/saludyvidastore.com\/en\/product\/nut-rx-kids\/","name":"NUT- RX KIDS - Salud y Vida Store","isPartOf":{"@id":"https:\/\/saludyvidastore.com\/#website"},"primaryImageOfPage":{"@id":"https:\/\/saludyvidastore.com\/en\/product\/nut-rx-kids\/#primaryimage"},"datePublished":"2018-07-13T22:53:30+00:00","dateModified":"2018-07-16T23:11:10+00:00","breadcrumb":{"@id":"https:\/\/saludyvidastore.com\/en\/product\/nut-rx-kids\/#breadcrumb"},"inLanguage":"en-US","potentialAction":[{"@type":"ReadAction","target":["https:\/\/saludyvidastore.com\/en\/product\/nut-rx-kids\/"]}]},{"@type":"BreadcrumbList","@id":"https:\/\/saludyvidastore.com\/en\/product\/nut-rx-kids\/#breadcrumb","itemListElement":[{"@type":"ListItem","position":1,"name":"Portada","item":"https:\/\/saludyvidastore.com\/en\/"},{"@type":"ListItem","position":2,"name":"Tienda","item":"https:\/\/saludyvidastore.com\/tienda\/"},{"@type":"ListItem","position":3,"name":"NUT- RX KIDS"}]}]}},"_links":{"self":[{"href":"https:\/\/saludyvidastore.com\/en\/wp-json\/wp\/v2\/product\/2465"}],"collection":[{"href":"https:\/\/saludyvidastore.com\/en\/wp-json\/wp\/v2\/product"}],"about":[{"href":"https:\/\/saludyvidastore.com\/en\/wp-json\/wp\/v2\/types\/product"}],"replies":[{"embeddable":true,"href":"https:\/\/saludyvidastore.com\/en\/wp-json\/wp\/v2\/comments?post=2465"}],"wp:featuredmedia":[{"embeddable":true,"href":"https:\/\/saludyvidastore.com\/en\/wp-json\/wp\/v2\/media\/2289"}],"wp:attachment":[{"href":"https:\/\/saludyvidastore.com\/en\/wp-json\/wp\/v2\/media?parent=2465"}],"wp:term":[{"taxonomy":"product_cat","embeddable":true,"href":"https:\/\/saludyvidastore.com\/en\/wp-json\/wp\/v2\/product_cat?post=2465"},{"taxonomy":"product_tag","embeddable":true,"href":"https:\/\/saludyvidastore.com\/en\/wp-json\/wp\/v2\/product_tag?post=2465"}],"curies":[{"name":"wp","href":"https:\/\/api.w.org\/{rel}","templated":true}]}}