{"id":2488,"date":"2018-07-13T22:53:25","date_gmt":"2018-07-13T22:53:25","guid":{"rendered":"http:\/\/saludyvidastore.com\/product\/phyto-estrogeno-con-isoflavones\/"},"modified":"2021-03-25T20:39:07","modified_gmt":"2021-03-25T20:39:07","slug":"phyto-estrogen-plus","status":"publish","type":"product","link":"https:\/\/saludyvidastore.com\/en\/product\/phyto-estrogen-plus\/","title":{"rendered":"Phyto Estrogen Plus"},"content":{"rendered":"<h1 style=\"text-align: center;\"><span style=\"color: #339966;\">PHYTO ESTROGEN PLUS<\/span><\/h1>\n<p><span style=\"font-family: helvetica; font-size: 14pt;\">Phyto Estrogen Plus , los\u00a0<strong><a href=\"https:\/\/www.webconsultas.com\/tercera-edad\/cuidado-personal\/beneficios-de-los-fitoestrogenos-para-las-mujeres-mayores\">fitoestr\u00f3genos<\/a>\u00a0<\/strong>son un grupo de alimentos naturales, cuya estructura es similar a la de los estr\u00f3genos de la mujer. Consumir estos alimentos estimulan naturalmente la producci\u00f3n de\u00a0estr\u00f3genos\u00a0en el cuerpo naturalmente y, a su vez, se une con los receptores de estr\u00f3geno en el organismo, colaborando a\u00a0regular los niveles hormonales.<\/span><\/p>\n<p>&nbsp;<\/p>\n<p>&nbsp;<\/p>\n<p>&nbsp;<\/p>\n<p>&nbsp;<\/p>\n<p><span style=\"font-family: helvetica; font-size: 14pt;\"><strong>Phyto Estrogen Plus de Medical Green<\/strong> tiene la composici\u00f3n m\u00e1s completa del mercado con:<\/span><\/p>\n<p>&nbsp;<\/p>\n<p>&nbsp;<\/p>\n<ul>\n<li><span style=\"font-family: helvetica; font-size: 14pt;\"><strong>Dong Quai:<\/strong>\u00a0Ayuda a regular los periodos menstruales y a reducir los c\u00f3licos.<\/span><\/li>\n<li><span style=\"font-family: helvetica; font-size: 14pt;\"><strong>Borrage Oil:<\/strong>\u00a0Aceite nutritivo, fuente de acido gama-inol\u00e9ico, productor de sustancias que regulan funciones hormonales en el cuerpo.<\/span><\/li>\n<li><span style=\"font-family: helvetica; font-size: 14pt;\"><strong>Red Clover:<\/strong>\u00a0(Tr\u00e9bol rojo) contiene grandes compuestos de isoflavones (genisteina), con propiedades estrog\u00e9nicas leves. Adicionado con B-6, Calcio, Magnesio: para un mejor desempe\u00f1o en la salud del coraz\u00f3n y el sistema nervioso.<\/span><\/li>\n<li><span style=\"font-family: helvetica; font-size: 14pt;\"><strong>Isoflavonas de Soya:<\/strong>\u00a0Sustancias vegetales que act\u00faan como estr\u00f3genos en el cuerpo y tienen funciones protectoras, regulando el balance hormonal de la mujer. Las isoflavonas son un compuesto dentro de un determinado grupo de alimentos, con una acci\u00f3n positiva sobre nuestro cuerpo. \u00c9ste necesita como sustancias b\u00e1sicas diferentes ingredientes o nutrientes (hidratos de carbono, prote\u00ednas, l\u00edpidos, agua, vitaminas, minerales, \u00e1cidos grasos esenciales, y sustancias fitonutritivas o fitonutricionales por ejemplo las isoflavonas de soja) que son elementos b\u00e1sicos para el funcionamiento adecuado del cuerpo y que toda dieta (sea mediterr\u00e1nea, macrobi\u00f3tica, ayurveda o china) debe proporcionar para no enfermar.<\/span><\/li>\n<\/ul>\n<p>&nbsp;<\/p>\n<p>&nbsp;<\/p>\n<p>&nbsp;<\/p>\n<p><strong><span style=\"font-family: helvetica; font-size: 14pt;\">Phyto Estrogen Plus Principales beneficios:<\/span><\/strong><\/p>\n<p>&nbsp;<\/p>\n<ul style=\"margin-top: 0cm;\">\n<li><span style=\"font-family: helvetica; font-size: 14pt;\">Por otro lado, no se puede decir categ\u00f3ricamente por el momento que los fitoestr\u00f3genos ayuden a prevenir la osteoporosis, dado que en el caso de las mujeres orientales su incidencia en este trastorno se debe sobre todo al seguimiento de una alimentaci\u00f3n mucho m\u00e1s saludable, en comparaci\u00f3n con la poblaci\u00f3n occidental.<\/span><\/li>\n<li><span style=\"font-family: helvetica; font-size: 14pt;\">Tambi\u00e9n tienen un demostrado efectoanticancer\u00edgeno,\u00a0y muchos de sus mecanismos antineopl\u00e1sicos est\u00e1n en estudio. Se ha observado.<\/span><\/li>\n<li><span style=\"font-family: helvetica; font-size: 14pt;\">Los fitoestr\u00f3genos son muy \u00fatiles al\u00a0compensar esa disminuci\u00f3n de\u00a0estr\u00f3genos\u00a0en el cuerpo de la mujer, cuando la<strong>\u00a0<\/strong>piel pierde espesor y tersura<strong>.\u00a0<\/strong>Ayudan a compensar este desequilibrio sobretodo en tres aspectos cut\u00e1neos: Combaten la disminuci\u00f3n de hidrataci\u00f3n en la piel, regulan la secreci\u00f3n seb\u00e1cea, y ayuda a aumentar el grosor de la piel. La delgadez de la piel es lo que provoca esos surcos que conocemos como \u2018arrugas\u2019.<\/span><\/li>\n<li><span style=\"font-family: helvetica; font-size: 14pt;\">Ayudan a reducir los s\u00edntomas de la <a href=\"https:\/\/saludyvidastore.com\/producto\/firefox-estimulante-sexual-femenino-5-sobres\/\">menopausia<\/a>, disminuyendo especialmente la intensidad de los sofocos.<\/span><\/li>\n<li><span style=\"font-family: helvetica; font-size: 14pt;\">Disminuye los niveles altos de colesterol LDL (colesterol malo) con la consecuente mejora del riesgo cardiovascular, tienen efecto vasodilatador directo, beneficio sobre la tensi\u00f3n arterial y acci\u00f3n antiagregante plaquetaria (impiden la formaci\u00f3n de trombos en los vasos sangu\u00edneos).<\/span><\/li>\n<li><span style=\"font-family: helvetica; font-size: 14pt;\">Previene enfermedades cardiovasculares.<\/span><\/li>\n<li><span style=\"font-family: helvetica; font-size: 14pt;\">Al poseer acci\u00f3n antioxidante ayuda a reducir o retrasar el envejecimiento celular.<\/span><\/li>\n<\/ul>\n<p><span style=\"font-family: helvetica; font-size: 14pt;\"><strong>\u00a0<\/strong><\/span><\/p>\n","protected":false},"excerpt":{"rendered":"<p>Phyto &#8211; estrogeno son un grupo de alimentos naturales, cuya estructura es similar a la de los estr\u00f3genos de la mujer. Consumir estos alimentos estimulan naturalmente la producci\u00f3n de estr\u00f3genos en el cuerpo naturalmente y, a su vez, se une con los receptores de estr\u00f3geno en el organismo, colaborando a regular los niveles hormonales.<\/p>\n","protected":false},"featured_media":4597,"comment_status":"open","ping_status":"closed","template":"","meta":[],"product_cat":[34],"product_tag":[],"acf":[],"yoast_head":"<!-- This site is optimized with the Yoast SEO plugin v18.5.1 - https:\/\/yoast.com\/wordpress\/plugins\/seo\/ -->\n<title>Phyto Estrogen Plus - Salud y Vida Store envios a todo colombia<\/title>\n<meta name=\"description\" content=\"Phyto estrogen plus estimulan naturalmente la producci\u00f3n de estr\u00f3genos en el cuerpo naturalmente, regula niveles hormonales.\" \/>\n<meta name=\"robots\" content=\"index, follow, max-snippet:-1, max-image-preview:large, max-video-preview:-1\" \/>\n<link rel=\"canonical\" href=\"https:\/\/saludyvidastore.com\/en\/product\/phyto-estrogen-plus\/\" \/>\n<meta property=\"og:locale\" content=\"en_US\" \/>\n<meta property=\"og:type\" content=\"article\" \/>\n<meta property=\"og:title\" content=\"Phyto Estrogen Plus - Salud y Vida Store envios a todo colombia\" \/>\n<meta property=\"og:description\" content=\"Phyto estrogen plus estimulan naturalmente la producci\u00f3n de estr\u00f3genos en el cuerpo naturalmente, regula niveles hormonales.\" \/>\n<meta property=\"og:url\" content=\"https:\/\/saludyvidastore.com\/en\/product\/phyto-estrogen-plus\/\" \/>\n<meta property=\"og:site_name\" content=\"Salud y Vida Store\" \/>\n<meta property=\"article:publisher\" content=\"https:\/\/www.facebook.com\/ArmoniaNaturalDietShop\/\" \/>\n<meta property=\"article:modified_time\" content=\"2021-03-25T20:39:07+00:00\" \/>\n<meta property=\"og:image\" content=\"https:\/\/saludyvidastore.com\/wp-content\/uploads\/2018\/07\/phyto-estrogen1.png\" \/>\n\t<meta property=\"og:image:width\" content=\"635\" \/>\n\t<meta property=\"og:image:height\" content=\"635\" \/>\n\t<meta property=\"og:image:type\" content=\"image\/png\" \/>\n<meta name=\"twitter:card\" content=\"summary_large_image\" \/>\n<meta name=\"twitter:label1\" content=\"Est. reading time\" \/>\n\t<meta name=\"twitter:data1\" content=\"3 minutes\" \/>\n<script type=\"application\/ld+json\" class=\"yoast-schema-graph\">{\"@context\":\"https:\/\/schema.org\",\"@graph\":[{\"@type\":\"WebSite\",\"@id\":\"https:\/\/saludyvidastore.com\/#website\",\"url\":\"https:\/\/saludyvidastore.com\/\",\"name\":\"Salud y Vida Store\",\"description\":\"Otro sitio realizado con WordPress\",\"potentialAction\":[{\"@type\":\"SearchAction\",\"target\":{\"@type\":\"EntryPoint\",\"urlTemplate\":\"https:\/\/saludyvidastore.com\/?s={search_term_string}\"},\"query-input\":\"required name=search_term_string\"}],\"inLanguage\":\"en-US\"},{\"@type\":\"ImageObject\",\"@id\":\"https:\/\/saludyvidastore.com\/en\/product\/phyto-estrogen-plus\/#primaryimage\",\"inLanguage\":\"en-US\",\"url\":\"https:\/\/saludyvidastore.com\/wp-content\/uploads\/2018\/07\/phyto-estrogen1.png\",\"contentUrl\":\"https:\/\/saludyvidastore.com\/wp-content\/uploads\/2018\/07\/phyto-estrogen1.png\",\"width\":635,\"height\":635,\"caption\":\"phyto estrogen\"},{\"@type\":\"WebPage\",\"@id\":\"https:\/\/saludyvidastore.com\/en\/product\/phyto-estrogen-plus\/#webpage\",\"url\":\"https:\/\/saludyvidastore.com\/en\/product\/phyto-estrogen-plus\/\",\"name\":\"Phyto Estrogen Plus - Salud y Vida Store envios a todo colombia\",\"isPartOf\":{\"@id\":\"https:\/\/saludyvidastore.com\/#website\"},\"primaryImageOfPage\":{\"@id\":\"https:\/\/saludyvidastore.com\/en\/product\/phyto-estrogen-plus\/#primaryimage\"},\"datePublished\":\"2018-07-13T22:53:25+00:00\",\"dateModified\":\"2021-03-25T20:39:07+00:00\",\"description\":\"Phyto estrogen plus estimulan naturalmente la producci\u00f3n de estr\u00f3genos en el cuerpo naturalmente, regula niveles hormonales.\",\"breadcrumb\":{\"@id\":\"https:\/\/saludyvidastore.com\/en\/product\/phyto-estrogen-plus\/#breadcrumb\"},\"inLanguage\":\"en-US\",\"potentialAction\":[{\"@type\":\"ReadAction\",\"target\":[\"https:\/\/saludyvidastore.com\/en\/product\/phyto-estrogen-plus\/\"]}]},{\"@type\":\"BreadcrumbList\",\"@id\":\"https:\/\/saludyvidastore.com\/en\/product\/phyto-estrogen-plus\/#breadcrumb\",\"itemListElement\":[{\"@type\":\"ListItem\",\"position\":1,\"name\":\"Portada\",\"item\":\"https:\/\/saludyvidastore.com\/en\/\"},{\"@type\":\"ListItem\",\"position\":2,\"name\":\"Tienda\",\"item\":\"https:\/\/saludyvidastore.com\/tienda\/\"},{\"@type\":\"ListItem\",\"position\":3,\"name\":\"Phyto Estrogen Plus\"}]}]}<\/script>\n<!-- \/ Yoast SEO plugin. -->","yoast_head_json":{"title":"Phyto Estrogen Plus - Salud y Vida Store envios a todo colombia","description":"Phyto estrogen plus estimulan naturalmente la producci\u00f3n de estr\u00f3genos en el cuerpo naturalmente, regula niveles hormonales.","robots":{"index":"index","follow":"follow","max-snippet":"max-snippet:-1","max-image-preview":"max-image-preview:large","max-video-preview":"max-video-preview:-1"},"canonical":"https:\/\/saludyvidastore.com\/en\/product\/phyto-estrogen-plus\/","og_locale":"en_US","og_type":"article","og_title":"Phyto Estrogen Plus - Salud y Vida Store envios a todo colombia","og_description":"Phyto estrogen plus estimulan naturalmente la producci\u00f3n de estr\u00f3genos en el cuerpo naturalmente, regula niveles hormonales.","og_url":"https:\/\/saludyvidastore.com\/en\/product\/phyto-estrogen-plus\/","og_site_name":"Salud y Vida Store","article_publisher":"https:\/\/www.facebook.com\/ArmoniaNaturalDietShop\/","article_modified_time":"2021-03-25T20:39:07+00:00","og_image":[{"width":635,"height":635,"url":"https:\/\/saludyvidastore.com\/wp-content\/uploads\/2018\/07\/phyto-estrogen1.png","type":"image\/png"}],"twitter_card":"summary_large_image","twitter_misc":{"Est. reading time":"3 minutes"},"schema":{"@context":"https:\/\/schema.org","@graph":[{"@type":"WebSite","@id":"https:\/\/saludyvidastore.com\/#website","url":"https:\/\/saludyvidastore.com\/","name":"Salud y Vida Store","description":"Otro sitio realizado con WordPress","potentialAction":[{"@type":"SearchAction","target":{"@type":"EntryPoint","urlTemplate":"https:\/\/saludyvidastore.com\/?s={search_term_string}"},"query-input":"required name=search_term_string"}],"inLanguage":"en-US"},{"@type":"ImageObject","@id":"https:\/\/saludyvidastore.com\/en\/product\/phyto-estrogen-plus\/#primaryimage","inLanguage":"en-US","url":"https:\/\/saludyvidastore.com\/wp-content\/uploads\/2018\/07\/phyto-estrogen1.png","contentUrl":"https:\/\/saludyvidastore.com\/wp-content\/uploads\/2018\/07\/phyto-estrogen1.png","width":635,"height":635,"caption":"phyto estrogen"},{"@type":"WebPage","@id":"https:\/\/saludyvidastore.com\/en\/product\/phyto-estrogen-plus\/#webpage","url":"https:\/\/saludyvidastore.com\/en\/product\/phyto-estrogen-plus\/","name":"Phyto Estrogen Plus - Salud y Vida Store envios a todo colombia","isPartOf":{"@id":"https:\/\/saludyvidastore.com\/#website"},"primaryImageOfPage":{"@id":"https:\/\/saludyvidastore.com\/en\/product\/phyto-estrogen-plus\/#primaryimage"},"datePublished":"2018-07-13T22:53:25+00:00","dateModified":"2021-03-25T20:39:07+00:00","description":"Phyto estrogen plus estimulan naturalmente la producci\u00f3n de estr\u00f3genos en el cuerpo naturalmente, regula niveles hormonales.","breadcrumb":{"@id":"https:\/\/saludyvidastore.com\/en\/product\/phyto-estrogen-plus\/#breadcrumb"},"inLanguage":"en-US","potentialAction":[{"@type":"ReadAction","target":["https:\/\/saludyvidastore.com\/en\/product\/phyto-estrogen-plus\/"]}]},{"@type":"BreadcrumbList","@id":"https:\/\/saludyvidastore.com\/en\/product\/phyto-estrogen-plus\/#breadcrumb","itemListElement":[{"@type":"ListItem","position":1,"name":"Portada","item":"https:\/\/saludyvidastore.com\/en\/"},{"@type":"ListItem","position":2,"name":"Tienda","item":"https:\/\/saludyvidastore.com\/tienda\/"},{"@type":"ListItem","position":3,"name":"Phyto Estrogen Plus"}]}]}},"_links":{"self":[{"href":"https:\/\/saludyvidastore.com\/en\/wp-json\/wp\/v2\/product\/2488"}],"collection":[{"href":"https:\/\/saludyvidastore.com\/en\/wp-json\/wp\/v2\/product"}],"about":[{"href":"https:\/\/saludyvidastore.com\/en\/wp-json\/wp\/v2\/types\/product"}],"replies":[{"embeddable":true,"href":"https:\/\/saludyvidastore.com\/en\/wp-json\/wp\/v2\/comments?post=2488"}],"wp:featuredmedia":[{"embeddable":true,"href":"https:\/\/saludyvidastore.com\/en\/wp-json\/wp\/v2\/media\/4597"}],"wp:attachment":[{"href":"https:\/\/saludyvidastore.com\/en\/wp-json\/wp\/v2\/media?parent=2488"}],"wp:term":[{"taxonomy":"product_cat","embeddable":true,"href":"https:\/\/saludyvidastore.com\/en\/wp-json\/wp\/v2\/product_cat?post=2488"},{"taxonomy":"product_tag","embeddable":true,"href":"https:\/\/saludyvidastore.com\/en\/wp-json\/wp\/v2\/product_tag?post=2488"}],"curies":[{"name":"wp","href":"https:\/\/api.w.org\/{rel}","templated":true}]}}