{"id":2492,"date":"2018-07-13T22:53:18","date_gmt":"2018-07-13T22:53:18","guid":{"rendered":"http:\/\/saludyvidastore.com\/product\/probiophilus-plus\/"},"modified":"2024-09-25T15:44:32","modified_gmt":"2024-09-25T15:44:32","slug":"probiophilus-plus","status":"publish","type":"product","link":"https:\/\/saludyvidastore.com\/en\/product\/probiophilus-plus\/","title":{"rendered":"Probiophilus Plus"},"content":{"rendered":"<h1 style=\"text-align: center;\">PROTEJE Y RESTABLECE TU SISTEMA INTESTINAL<\/h1>\n<p><span style=\"font-family: helvetica; font-size: 14pt;\">Probiophilus Plus, son c\u00e1psulas que nos ayudan a mantener un sano equilibrio de la flora intestinal. El Lactobacillus acidophilus es\u00a0una bacteria del g\u00e9nero lactobacillus que se considera un alimento probi\u00f3tico; es decir, una bacteria beneficiosa para el ser humano. Esta clase de bacteria est\u00e1 presente en nuestros intestinos y la vagina, protegi\u00e9ndonos del efecto nocivo de otros microorganismos. El lactobacillus Acodophilus produce vitamina K, lactasa y sustancias antimicrobianas.<\/span><\/p>\n<p><span style=\"font-family: helvetica; font-size: 14pt;\">Una vez que se ingieren los probi\u00f3ticos permanecen en el intestino, a no ser que sean destruidos por el uso de antibi\u00f3ticos u otros factores, por lo que no es necesario tomarlos de forma regular.<\/span><\/p>\n<p><span style=\"font-family: helvetica; font-size: 14pt;\">Tambi\u00e9n se ha usado en casos de infecciones vaginales por hongos, diarrea por antibi\u00f3ticos o diarrea del viajero, enfermedad de Crohn, alergias, asma, intolerancia a la lactosa, estre\u00f1imiento o colitis ulcerosa.<\/span><\/p>\n<h2><span style=\"font-family: helvetica; font-size: 14pt;\"><strong>Beneficios de Probiophilus Plus:<\/strong><\/span><\/h2>\n<ul style=\"padding: 0px; margin: 0px 0px 10px 25px; color: #6e6e6e; font-family: Arial; font-size: 15px;\">\n<li style=\"line-height: 20px; padding: 0px; margin: 0px;\"><span style=\"line-height: 22.5px; color: #000000; font-family: helvetica; font-size: 14pt;\">La flora normal contribuye, junto con el\u00a0sistema inmunol\u00f3gico, a proteger al organismo de microorganismos que pueden causar alguna enfermedad gastrointestinal.<\/span><\/li>\n<li style=\"line-height: 20px; padding: 0px; margin: 0px;\"><span style=\"line-height: 22.5px; color: #000000; font-family: helvetica; font-size: 14pt;\">Los\u00a0lactobacilos\u00a0tambi\u00e9n ayudan a disminuir la inflamaci\u00f3n, el dolor y el estre\u00f1imiento.<\/span><\/li>\n<li style=\"line-height: 20px; padding: 0px; margin: 0px;\"><span style=\"line-height: 22.5px; color: #000000; font-family: helvetica; font-size: 14pt;\">Ayudan a las defensas del organismo; a evitar que las bacterias pat\u00f3genas se desarrollen.\u00a0 Los\u00a0lactobacilos\u00a0tienen la particularidad de adherirse sobre la pared intestinal impidiendo as\u00ed el asentamiento de bacterias da\u00f1inas.<\/span><\/li>\n<li style=\"line-height: 20px; padding: 0px; margin: 0px;\"><span style=\"line-height: 22.5px; color: #000000; font-family: helvetica; font-size: 14pt;\">La diarrea aparece como consecuencia del aumento excesivo de bacterias perjudiciales y contra las que act\u00faan los\u00a0lactobacilos\u00a0como protecci\u00f3n, de ah\u00ed la importancia de incluirlos en tu dieta<\/span><\/li>\n<li style=\"line-height: 20px; padding: 0px; margin: 0px;\"><span style=\"line-height: 22.5px; color: #000000; font-family: helvetica; font-size: 14pt;\">Inhibe el desarrollo de la salmonella y la e-coli (bacterias infecciosas).<\/span><\/li>\n<li style=\"line-height: 20px; padding: 0px; margin: 0px;\"><span style=\"line-height: 22.5px; color: #000000; font-family: helvetica; font-size: 14pt;\">\u00datil en trastornos intestinales y digestivos (flatulencia, colitis, gastritis.<\/span><\/li>\n<li style=\"line-height: 20px; padding: 0px; margin: 0px;\"><span style=\"line-height: 22.5px; color: #000000; font-family: helvetica; font-size: 14pt;\">Ayuda a tratar el exceso de levaduras intestinales.<\/span><\/li>\n<li style=\"line-height: 20px; padding: 0px; margin: 0px;\"><span style=\"line-height: 22.5px; color: #000000; font-family: helvetica; font-size: 14pt;\">Los\u00a0lactobacilos\u00a0ayudan a mejorar la digesti\u00f3n. Son microorganismos que ejercen un efecto ben\u00e9fico cuando se encuentran en el intestino.<\/span><\/li>\n<li style=\"line-height: 20px; padding: 0px; margin: 0px;\"><span style=\"line-height: 22.5px; color: #000000; font-family: helvetica; font-size: 14pt;\">El consumo de alimentos con lactobacilos, como cereales adicionados, puede tener un efecto muy positivo para la salud, como promover el equilibrio de la flora normal del intestino.<\/span><\/li>\n<\/ul>\n","protected":false},"excerpt":{"rendered":"<p>Probiophilus Plus, son c\u00e1psulas que nos ayudan a mantener un sano equilibrio de la flora intestinal. El Lactobacillus acidophilus es una bacteria del g\u00e9nero lactobacillus que se considera un alimento probi\u00f3tico; es decir, una bacteria beneficiosa para el ser humano. Esta clase de bacteria est\u00e1 presente en nuestros intestinos y la vagina, protegi\u00e9ndonos del efecto nocivo de otros microorganismos. El lactobacillus Acodophilus produce vitamina K, lactasa y sustancias antimicrobianas.<\/p>\n","protected":false},"featured_media":9588,"comment_status":"open","ping_status":"closed","template":"","meta":[],"product_cat":[34],"product_tag":[],"acf":[],"yoast_head":"<!-- This site is optimized with the Yoast SEO plugin v18.5.1 - https:\/\/yoast.com\/wordpress\/plugins\/seo\/ -->\n<title>Probiophilus Plus - Salud y Vida Store<\/title>\n<meta name=\"robots\" content=\"index, follow, max-snippet:-1, max-image-preview:large, max-video-preview:-1\" \/>\n<link rel=\"canonical\" href=\"https:\/\/saludyvidastore.com\/en\/product\/probiophilus-plus\/\" \/>\n<meta property=\"og:locale\" content=\"en_US\" \/>\n<meta property=\"og:type\" content=\"article\" \/>\n<meta property=\"og:title\" content=\"Probiophilus Plus - Salud y Vida Store\" \/>\n<meta property=\"og:description\" content=\"Probiophilus Plus, son c\u00e1psulas que nos ayudan a mantener un sano equilibrio de la flora intestinal. El Lactobacillus acidophilus es una bacteria del g\u00e9nero lactobacillus que se considera un alimento probi\u00f3tico; es decir, una bacteria beneficiosa para el ser humano. Esta clase de bacteria est\u00e1 presente en nuestros intestinos y la vagina, protegi\u00e9ndonos del efecto nocivo de otros microorganismos. El lactobacillus Acodophilus produce vitamina K, lactasa y sustancias antimicrobianas.\" \/>\n<meta property=\"og:url\" content=\"https:\/\/saludyvidastore.com\/en\/product\/probiophilus-plus\/\" \/>\n<meta property=\"og:site_name\" content=\"Salud y Vida Store\" \/>\n<meta property=\"article:publisher\" content=\"https:\/\/www.facebook.com\/ArmoniaNaturalDietShop\/\" \/>\n<meta property=\"article:modified_time\" content=\"2024-09-25T15:44:32+00:00\" \/>\n<meta name=\"twitter:card\" content=\"summary_large_image\" \/>\n<meta name=\"twitter:image\" content=\"https:\/\/saludyvidastore.com\/wp-content\/uploads\/2018\/07\/Probiophilus-Plus-MEDICAL-GREEN.webp\" \/>\n<meta name=\"twitter:label1\" content=\"Est. reading time\" \/>\n\t<meta name=\"twitter:data1\" content=\"2 minutes\" \/>\n<script type=\"application\/ld+json\" class=\"yoast-schema-graph\">{\"@context\":\"https:\/\/schema.org\",\"@graph\":[{\"@type\":\"WebSite\",\"@id\":\"https:\/\/saludyvidastore.com\/#website\",\"url\":\"https:\/\/saludyvidastore.com\/\",\"name\":\"Salud y Vida Store\",\"description\":\"Otro sitio realizado con WordPress\",\"potentialAction\":[{\"@type\":\"SearchAction\",\"target\":{\"@type\":\"EntryPoint\",\"urlTemplate\":\"https:\/\/saludyvidastore.com\/?s={search_term_string}\"},\"query-input\":\"required name=search_term_string\"}],\"inLanguage\":\"en-US\"},{\"@type\":\"ImageObject\",\"@id\":\"https:\/\/saludyvidastore.com\/en\/product\/probiophilus-plus\/#primaryimage\",\"inLanguage\":\"en-US\",\"url\":\"https:\/\/saludyvidastore.com\/wp-content\/uploads\/2018\/07\/Probiophilus-Plus-MEDICAL-GREEN.webp\",\"contentUrl\":\"https:\/\/saludyvidastore.com\/wp-content\/uploads\/2018\/07\/Probiophilus-Plus-MEDICAL-GREEN.webp\",\"width\":252,\"height\":500,\"caption\":\"Probiophilus Plus\"},{\"@type\":\"WebPage\",\"@id\":\"https:\/\/saludyvidastore.com\/en\/product\/probiophilus-plus\/#webpage\",\"url\":\"https:\/\/saludyvidastore.com\/en\/product\/probiophilus-plus\/\",\"name\":\"Probiophilus Plus - Salud y Vida Store\",\"isPartOf\":{\"@id\":\"https:\/\/saludyvidastore.com\/#website\"},\"primaryImageOfPage\":{\"@id\":\"https:\/\/saludyvidastore.com\/en\/product\/probiophilus-plus\/#primaryimage\"},\"datePublished\":\"2018-07-13T22:53:18+00:00\",\"dateModified\":\"2024-09-25T15:44:32+00:00\",\"breadcrumb\":{\"@id\":\"https:\/\/saludyvidastore.com\/en\/product\/probiophilus-plus\/#breadcrumb\"},\"inLanguage\":\"en-US\",\"potentialAction\":[{\"@type\":\"ReadAction\",\"target\":[\"https:\/\/saludyvidastore.com\/en\/product\/probiophilus-plus\/\"]}]},{\"@type\":\"BreadcrumbList\",\"@id\":\"https:\/\/saludyvidastore.com\/en\/product\/probiophilus-plus\/#breadcrumb\",\"itemListElement\":[{\"@type\":\"ListItem\",\"position\":1,\"name\":\"Portada\",\"item\":\"https:\/\/saludyvidastore.com\/en\/\"},{\"@type\":\"ListItem\",\"position\":2,\"name\":\"Tienda\",\"item\":\"https:\/\/saludyvidastore.com\/tienda\/\"},{\"@type\":\"ListItem\",\"position\":3,\"name\":\"Probiophilus Plus\"}]}]}<\/script>\n<!-- \/ Yoast SEO plugin. -->","yoast_head_json":{"title":"Probiophilus Plus - Salud y Vida Store","robots":{"index":"index","follow":"follow","max-snippet":"max-snippet:-1","max-image-preview":"max-image-preview:large","max-video-preview":"max-video-preview:-1"},"canonical":"https:\/\/saludyvidastore.com\/en\/product\/probiophilus-plus\/","og_locale":"en_US","og_type":"article","og_title":"Probiophilus Plus - Salud y Vida Store","og_description":"Probiophilus Plus, son c\u00e1psulas que nos ayudan a mantener un sano equilibrio de la flora intestinal. El Lactobacillus acidophilus es una bacteria del g\u00e9nero lactobacillus que se considera un alimento probi\u00f3tico; es decir, una bacteria beneficiosa para el ser humano. Esta clase de bacteria est\u00e1 presente en nuestros intestinos y la vagina, protegi\u00e9ndonos del efecto nocivo de otros microorganismos. El lactobacillus Acodophilus produce vitamina K, lactasa y sustancias antimicrobianas.","og_url":"https:\/\/saludyvidastore.com\/en\/product\/probiophilus-plus\/","og_site_name":"Salud y Vida Store","article_publisher":"https:\/\/www.facebook.com\/ArmoniaNaturalDietShop\/","article_modified_time":"2024-09-25T15:44:32+00:00","twitter_card":"summary_large_image","twitter_image":"https:\/\/saludyvidastore.com\/wp-content\/uploads\/2018\/07\/Probiophilus-Plus-MEDICAL-GREEN.webp","twitter_misc":{"Est. reading time":"2 minutes"},"schema":{"@context":"https:\/\/schema.org","@graph":[{"@type":"WebSite","@id":"https:\/\/saludyvidastore.com\/#website","url":"https:\/\/saludyvidastore.com\/","name":"Salud y Vida Store","description":"Otro sitio realizado con WordPress","potentialAction":[{"@type":"SearchAction","target":{"@type":"EntryPoint","urlTemplate":"https:\/\/saludyvidastore.com\/?s={search_term_string}"},"query-input":"required name=search_term_string"}],"inLanguage":"en-US"},{"@type":"ImageObject","@id":"https:\/\/saludyvidastore.com\/en\/product\/probiophilus-plus\/#primaryimage","inLanguage":"en-US","url":"https:\/\/saludyvidastore.com\/wp-content\/uploads\/2018\/07\/Probiophilus-Plus-MEDICAL-GREEN.webp","contentUrl":"https:\/\/saludyvidastore.com\/wp-content\/uploads\/2018\/07\/Probiophilus-Plus-MEDICAL-GREEN.webp","width":252,"height":500,"caption":"Probiophilus Plus"},{"@type":"WebPage","@id":"https:\/\/saludyvidastore.com\/en\/product\/probiophilus-plus\/#webpage","url":"https:\/\/saludyvidastore.com\/en\/product\/probiophilus-plus\/","name":"Probiophilus Plus - Salud y Vida Store","isPartOf":{"@id":"https:\/\/saludyvidastore.com\/#website"},"primaryImageOfPage":{"@id":"https:\/\/saludyvidastore.com\/en\/product\/probiophilus-plus\/#primaryimage"},"datePublished":"2018-07-13T22:53:18+00:00","dateModified":"2024-09-25T15:44:32+00:00","breadcrumb":{"@id":"https:\/\/saludyvidastore.com\/en\/product\/probiophilus-plus\/#breadcrumb"},"inLanguage":"en-US","potentialAction":[{"@type":"ReadAction","target":["https:\/\/saludyvidastore.com\/en\/product\/probiophilus-plus\/"]}]},{"@type":"BreadcrumbList","@id":"https:\/\/saludyvidastore.com\/en\/product\/probiophilus-plus\/#breadcrumb","itemListElement":[{"@type":"ListItem","position":1,"name":"Portada","item":"https:\/\/saludyvidastore.com\/en\/"},{"@type":"ListItem","position":2,"name":"Tienda","item":"https:\/\/saludyvidastore.com\/tienda\/"},{"@type":"ListItem","position":3,"name":"Probiophilus Plus"}]}]}},"_links":{"self":[{"href":"https:\/\/saludyvidastore.com\/en\/wp-json\/wp\/v2\/product\/2492"}],"collection":[{"href":"https:\/\/saludyvidastore.com\/en\/wp-json\/wp\/v2\/product"}],"about":[{"href":"https:\/\/saludyvidastore.com\/en\/wp-json\/wp\/v2\/types\/product"}],"replies":[{"embeddable":true,"href":"https:\/\/saludyvidastore.com\/en\/wp-json\/wp\/v2\/comments?post=2492"}],"wp:featuredmedia":[{"embeddable":true,"href":"https:\/\/saludyvidastore.com\/en\/wp-json\/wp\/v2\/media\/9588"}],"wp:attachment":[{"href":"https:\/\/saludyvidastore.com\/en\/wp-json\/wp\/v2\/media?parent=2492"}],"wp:term":[{"taxonomy":"product_cat","embeddable":true,"href":"https:\/\/saludyvidastore.com\/en\/wp-json\/wp\/v2\/product_cat?post=2492"},{"taxonomy":"product_tag","embeddable":true,"href":"https:\/\/saludyvidastore.com\/en\/wp-json\/wp\/v2\/product_tag?post=2492"}],"curies":[{"name":"wp","href":"https:\/\/api.w.org\/{rel}","templated":true}]}}