{"id":2501,"date":"2018-07-13T22:51:23","date_gmt":"2018-07-13T22:51:23","guid":{"rendered":"http:\/\/saludyvidastore.com\/product\/slim-complex-x-60-caps\/"},"modified":"2018-07-13T22:51:23","modified_gmt":"2018-07-13T22:51:23","slug":"slim-complex-x-60-caps","status":"publish","type":"product","link":"https:\/\/saludyvidastore.com\/en\/product\/slim-complex-x-60-caps\/","title":{"rendered":"Slim Complex x 60 caps"},"content":{"rendered":"<h1 style=\"margin-bottom: 11.25pt; line-height: normal; background-image: initial; background-position: initial; background-repeat: initial; background-attachment: initial;\"><span style=\"font-size: 12pt; font-family: Arial, sans-serif;\">Muchas son las dietas y productos que consumimos en nuestra sociedad, a fin de alcanzar los mejores objetivos cuando nos proponemos reducir nuestro peso corporal. Nuestra preocupaci\u00f3n se centra en nuestro cuerpo, y tratamos de encontrar las mejores soluciones para conseguir\u00a0 un peso ideal, que marque la diferencia en nuestra parte est\u00e9tica. Para cumplir estos objetivos, se hace necesario controlar muchos aspectos, entre ellos, la ingesta de muchos productos que realmente son nocivos para nuestra salud, y que contribuyen poderosamente a que aumentemos nuestra grasa corporal, y por otro lado tratamos tambi\u00e9n de controlar y de mantener un balance energ\u00e9tico, de tal forma que nuestro cuerpo\u00a0 pueda controlar tanto la entrada como la salida de energ\u00eda.<\/span><\/h1>\n<h1 style=\"margin-bottom: 11.25pt; line-height: 22.5pt; background-image: initial; background-position: initial; background-repeat: initial; background-attachment: initial;\"><strong><span style=\"font-size: 12pt; font-family: Arial, sans-serif;\"><strong><span style=\"font-size: 12pt; font-family: Arial, sans-serif;\">Slim Complex\u00a0<\/span><\/strong>Beneficios:<\/span><\/strong><\/h1>\n<p style=\"margin: 0cm 0cm 0.0001pt 18.75pt; text-indent: -18pt; line-height: 15pt; background-image: initial; background-position: initial; background-repeat: initial; background-attachment: initial;\"><span style=\"font-size: 10pt; font-family: Symbol;\">\u00b7<span style=\"font-size: 7pt; line-height: normal; font-family: 'Times New Roman';\">\u00a0\u00a0\u00a0\u00a0\u00a0\u00a0\u00a0\u00a0 <\/span><\/span><span style=\"font-size: 12pt; font-family: Arial, sans-serif;\">Los compuesto con chitos\u00e1n son muy ricos en fibra, lo cual ayuda a mejorar el tr\u00e1nsito intestinal, es una alternativa para prevenir y combatir el estre\u00f1imiento<\/span><\/p>\n<p style=\"margin: 0cm 0cm 0.0001pt 18.75pt; text-indent: -18pt; line-height: 15pt; background-image: initial; background-position: initial; background-repeat: initial; background-attachment: initial;\"><span style=\"font-size: 10pt; font-family: Symbol;\">\u00b7<span style=\"font-size: 7pt; line-height: normal; font-family: 'Times New Roman';\">\u00a0\u00a0\u00a0\u00a0\u00a0\u00a0\u00a0\u00a0 <\/span><\/span><span style=\"font-size: 12pt; font-family: Arial, sans-serif;\">Parece que\u00a0regula los niveles de grasa en el h\u00edgado, algo muy interesante para quienes presentan problemas hep\u00e1ticos.<\/span><\/p>\n<p style=\"margin: 0cm 0cm 0.0001pt 18.75pt; text-indent: -18pt; line-height: 15pt; background-image: initial; background-position: initial; background-repeat: initial; background-attachment: initial;\"><span style=\"font-size: 10pt; font-family: Symbol;\">\u00b7<span style=\"font-size: 7pt; line-height: normal; font-family: 'Times New Roman';\">\u00a0\u00a0\u00a0\u00a0\u00a0\u00a0\u00a0\u00a0 <\/span><\/span><span style=\"font-size: 12pt; font-family: Arial, sans-serif;\">Los compuestos con t\u00e9 verde para adelgazar son\u00a0 realmente efectivos. De hecho, parece haberse confirmado su actividad termo g\u00e9nica en la quema de grasas. Las personas que participaron en\u00a0algunas investigaciones en Taiw\u00e1n, afirmaron que fue el causante de la reducci\u00f3n de grasa corporal. Por otro lado, existe la conocida dieta del t\u00e9 verde, porque es diur\u00e9tico, una propiedad para reducir la retenci\u00f3n de l\u00edquidos.<\/span><\/p>\n<p style=\"margin: 0cm 0cm 0.0001pt 18.75pt; text-indent: -18pt; line-height: 15pt; background-image: initial; background-position: initial; background-repeat: initial; background-attachment: initial;\"><span style=\"font-size: 10pt; font-family: Symbol;\">\u00b7<span style=\"font-size: 7pt; line-height: normal; font-family: 'Times New Roman';\">\u00a0\u00a0\u00a0\u00a0\u00a0\u00a0\u00a0\u00a0 <\/span><\/span><span style=\"font-size: 12pt; font-family: Arial, sans-serif;\">Ayuda a reducir los niveles de colesterol en sangre, previniendo el desarrollo de enfermedades cardiacas<\/span><\/p>\n<p style=\"margin: 0cm 0cm 0.0001pt 18.75pt; text-indent: -18pt; line-height: 15pt; background-image: initial; background-position: initial; background-repeat: initial; background-attachment: initial;\"><span style=\"font-size: 10pt; font-family: Symbol;\">\u00b7<span style=\"font-size: 7pt; line-height: normal; font-family: 'Times New Roman';\">\u00a0\u00a0\u00a0\u00a0\u00a0\u00a0\u00a0\u00a0 <\/span><\/span><span style=\"font-size: 12pt; font-family: Arial, sans-serif;\">Los compuestos con chitos\u00e1n mejoran la digesti\u00f3n<\/span><\/p>\n<p style=\"margin: 0cm 0cm 0.0001pt 18.75pt; text-indent: -18pt; line-height: 15pt; background-image: initial; background-position: initial; background-repeat: initial; background-attachment: initial;\"><span style=\"font-size: 10pt; font-family: Symbol;\">\u00b7<span style=\"font-size: 7pt; line-height: normal; font-family: 'Times New Roman';\">\u00a0\u00a0\u00a0\u00a0\u00a0\u00a0\u00a0\u00a0 <\/span><\/span><span style=\"font-size: 12pt; font-family: Arial, sans-serif;\">Mejora el flujo de la circulaci\u00f3n sangu\u00ednea.<\/span><\/p>\n<p style=\"margin: 0cm 0cm 0.0001pt 18.75pt; text-indent: -18pt; line-height: 15pt; background-image: initial; background-position: initial; background-repeat: initial; background-attachment: initial;\"><span style=\"font-size: 10pt; font-family: Symbol;\">\u00b7<span style=\"font-size: 7pt; line-height: normal; font-family: 'Times New Roman';\">\u00a0\u00a0\u00a0\u00a0\u00a0\u00a0\u00a0\u00a0 <\/span><\/span><span style=\"font-size: 12pt; font-family: Arial, sans-serif;\">Reducci\u00f3n de colesterol y triglic\u00e9ridos.<\/span><\/p>\n<p style=\"margin: 0cm 0cm 0.0001pt 18.75pt; text-indent: -18pt; line-height: 15pt; background-image: initial; background-position: initial; background-repeat: initial; background-attachment: initial;\"><span style=\"font-size: 10pt; font-family: Symbol;\">\u00b7<span style=\"font-size: 7pt; line-height: normal; font-family: 'Times New Roman';\">\u00a0\u00a0\u00a0\u00a0\u00a0\u00a0\u00a0\u00a0 <\/span><\/span><span style=\"font-size: 12pt; font-family: Arial, sans-serif;\">Control de los niveles de\u00a0glucosa\u00a0en sangre.<\/span><\/p>\n<p style=\"margin: 0cm 0cm 0.0001pt 18.75pt; text-indent: -18pt; line-height: 15pt; background-image: initial; background-position: initial; background-repeat: initial; background-attachment: initial;\"><span style=\"font-size: 10pt; font-family: Symbol;\">\u00b7<span style=\"font-size: 7pt; line-height: normal; font-family: 'Times New Roman';\">\u00a0\u00a0\u00a0\u00a0\u00a0\u00a0\u00a0\u00a0 <\/span><\/span><span style=\"font-size: 12pt; font-family: Arial, sans-serif;\">Aumento del\u00a0peristaltismo intestinal.<\/span><\/p>\n<p style=\"margin: 0cm 0cm 0.0001pt 18.75pt; text-indent: -18pt; line-height: 15pt; background-image: initial; background-position: initial; background-repeat: initial; background-attachment: initial;\"><span style=\"font-size: 10pt; font-family: Symbol;\">\u00b7<span style=\"font-size: 7pt; line-height: normal; font-family: 'Times New Roman';\">\u00a0\u00a0\u00a0\u00a0\u00a0\u00a0\u00a0\u00a0 <\/span><\/span><span style=\"font-size: 12pt; font-family: Arial, sans-serif;\">Para el sistema digestivo. Es diur\u00e9tico, lo que ayuda a eliminar las toxinas y depurar todo el aparato gastrointestinal y urinario. Adem\u00e1s,\u00a0posee acci\u00f3n laxante, ideal para prevenir el estre\u00f1imiento, ayuda a combatir la retenci\u00f3n de gases y los dolores estomacales asociados.<\/span><\/p>\n<p style=\"margin-bottom: 11.25pt; line-height: 22.5pt; background-image: initial; background-position: initial; background-repeat: initial; background-attachment: initial;\"><strong><span style=\"font-size: 12pt; font-family: Arial, sans-serif;\">Slim Complex contiene:<\/span><\/strong><\/p>\n<p style=\"margin-bottom: 11.25pt; line-height: normal; background-image: initial; background-position: initial; background-repeat: initial; background-attachment: initial;\"><strong><span style=\"font-size: 12pt; font-family: Arial, sans-serif;\">CHITOSAN:<\/span><\/strong><span style=\"font-size: 12pt; font-family: Arial, sans-serif;\">\u00a0fibra marina, que atrapa el metabolismo y a\u00edsla la grasa, presente en el tracto digestivo.<\/span><\/p>\n<p style=\"margin-bottom: 11.25pt; line-height: normal; background-image: initial; background-position: initial; background-repeat: initial; background-attachment: initial;\"><strong><span style=\"font-size: 12pt; font-family: Arial, sans-serif;\">GREEN TEA:<\/span><\/strong><span style=\"font-size: 12pt; font-family: Arial, sans-serif;\">\u00a0(t\u00e9 verde) incrementa el metabolismo de las grasas<\/span><\/p>\n<p style=\"margin-bottom: 11.25pt; line-height: normal; background-image: initial; background-position: initial; background-repeat: initial; background-attachment: initial;\"><strong><span style=\"font-size: 12pt; font-family: Arial, sans-serif;\">VITAMINA B-6:<\/span><\/strong><span style=\"font-size: 12pt; font-family: Arial, sans-serif;\">\u00a0Equilibra los niveles de agua, diur\u00e9tico suave.<\/span><\/p>\n<p style=\"margin-bottom: 11.25pt; line-height: normal; background-image: initial; background-position: initial; background-repeat: initial; background-attachment: initial;\"><strong><span style=\"font-size: 12pt; font-family: Arial, sans-serif;\">GLUCOMANAN:<\/span><\/strong><span style=\"font-size: 12pt; font-family: Arial, sans-serif;\">\u00a0Fibra diet\u00e9tica que forma un gel en el organismo, controlando el apetito.<\/span><\/p>\n<p style=\"margin-bottom: 11.25pt; line-height: normal; background-image: initial; background-position: initial; background-repeat: initial; background-attachment: initial;\"><strong><span style=\"font-size: 12pt; font-family: Arial, sans-serif;\">L-PHENYLANINA:<\/span><\/strong><span style=\"font-size: 12pt; font-family: Arial, sans-serif;\">\u00a0este amino\u00e1cido, act\u00faa como supresor natural del apetito (calma la ansiedad)<\/span><\/p>\n<p style=\"margin-bottom: 11.25pt; line-height: normal; background-image: initial; background-position: initial; background-repeat: initial; background-attachment: initial;\"><strong><span style=\"font-size: 12pt; font-family: Arial, sans-serif;\">L-CARNITINA:<\/span><\/strong><span style=\"font-size: 12pt; font-family: Arial, sans-serif;\">\u00a0Amino\u00e1cido que convierte los dep\u00f3sitos de grasa en energ\u00eda.<\/span><\/p>\n","protected":false},"excerpt":{"rendered":"<p>Slim Complex,muchas son las dietas y productos que consumimos en nuestra sociedad, a fin de alcanzar los mejores objetivos cuando nos proponemos reducir nuestro peso corporal. Nuestra preocupaci\u00f3n se centra en nuestro cuerpo, y tratamos de encontrar las mejores soluciones para conseguir  un peso ideal, que marque la diferencia en nuestra parte est\u00e9tica. Para cumplir estos objetivos, se hace necesario controlar muchos aspectos, entre ellos, la ingesta de muchos productos que realmente son nocivos para nuestra salud, y que contribuyen poderosamente a que aumentemos nuestra grasa corporal, y por otro lado tratamos tambi\u00e9n de controlar y de mantener un balance energ\u00e9tico, de tal forma que nuestro cuerpo  pueda controlar tanto la entrada como la salida de energ\u00eda.<\/p>\n","protected":false},"featured_media":2249,"comment_status":"open","ping_status":"closed","template":"","meta":[],"product_cat":[47,34],"product_tag":[],"acf":[],"yoast_head":"<!-- This site is optimized with the Yoast SEO plugin v18.5.1 - https:\/\/yoast.com\/wordpress\/plugins\/seo\/ -->\n<title>Slim Complex x 60 caps - Salud y Vida Store<\/title>\n<meta name=\"robots\" content=\"index, follow, max-snippet:-1, max-image-preview:large, max-video-preview:-1\" \/>\n<link rel=\"canonical\" href=\"https:\/\/saludyvidastore.com\/en\/product\/slim-complex-x-60-caps\/\" \/>\n<meta property=\"og:locale\" content=\"en_US\" \/>\n<meta property=\"og:type\" content=\"article\" \/>\n<meta property=\"og:title\" content=\"Slim Complex x 60 caps - Salud y Vida Store\" \/>\n<meta property=\"og:description\" content=\"Slim Complex,muchas son las dietas y productos que consumimos en nuestra sociedad, a fin de alcanzar los mejores objetivos cuando nos proponemos reducir nuestro peso corporal. Nuestra preocupaci\u00f3n se centra en nuestro cuerpo, y tratamos de encontrar las mejores soluciones para conseguir un peso ideal, que marque la diferencia en nuestra parte est\u00e9tica. Para cumplir estos objetivos, se hace necesario controlar muchos aspectos, entre ellos, la ingesta de muchos productos que realmente son nocivos para nuestra salud, y que contribuyen poderosamente a que aumentemos nuestra grasa corporal, y por otro lado tratamos tambi\u00e9n de controlar y de mantener un balance energ\u00e9tico, de tal forma que nuestro cuerpo pueda controlar tanto la entrada como la salida de energ\u00eda.\" \/>\n<meta property=\"og:url\" content=\"https:\/\/saludyvidastore.com\/en\/product\/slim-complex-x-60-caps\/\" \/>\n<meta property=\"og:site_name\" content=\"Salud y Vida Store\" \/>\n<meta property=\"article:publisher\" content=\"https:\/\/www.facebook.com\/ArmoniaNaturalDietShop\/\" \/>\n<meta property=\"og:image\" content=\"https:\/\/saludyvidastore.com\/wp-content\/uploads\/2018\/07\/1226.png\" \/>\n\t<meta property=\"og:image:width\" content=\"1350\" \/>\n\t<meta property=\"og:image:height\" content=\"1348\" \/>\n\t<meta property=\"og:image:type\" content=\"image\/png\" \/>\n<meta name=\"twitter:card\" content=\"summary_large_image\" \/>\n<meta name=\"twitter:label1\" content=\"Est. reading time\" \/>\n\t<meta name=\"twitter:data1\" content=\"2 minutes\" \/>\n<script type=\"application\/ld+json\" class=\"yoast-schema-graph\">{\"@context\":\"https:\/\/schema.org\",\"@graph\":[{\"@type\":\"WebSite\",\"@id\":\"https:\/\/saludyvidastore.com\/#website\",\"url\":\"https:\/\/saludyvidastore.com\/\",\"name\":\"Salud y Vida Store\",\"description\":\"Otro sitio realizado con WordPress\",\"potentialAction\":[{\"@type\":\"SearchAction\",\"target\":{\"@type\":\"EntryPoint\",\"urlTemplate\":\"https:\/\/saludyvidastore.com\/?s={search_term_string}\"},\"query-input\":\"required name=search_term_string\"}],\"inLanguage\":\"en-US\"},{\"@type\":\"ImageObject\",\"@id\":\"https:\/\/saludyvidastore.com\/en\/product\/slim-complex-x-60-caps\/#primaryimage\",\"inLanguage\":\"en-US\",\"url\":\"https:\/\/saludyvidastore.com\/wp-content\/uploads\/2018\/07\/1226.png\",\"contentUrl\":\"https:\/\/saludyvidastore.com\/wp-content\/uploads\/2018\/07\/1226.png\",\"width\":1350,\"height\":1348},{\"@type\":\"WebPage\",\"@id\":\"https:\/\/saludyvidastore.com\/en\/product\/slim-complex-x-60-caps\/#webpage\",\"url\":\"https:\/\/saludyvidastore.com\/en\/product\/slim-complex-x-60-caps\/\",\"name\":\"Slim Complex x 60 caps - Salud y Vida Store\",\"isPartOf\":{\"@id\":\"https:\/\/saludyvidastore.com\/#website\"},\"primaryImageOfPage\":{\"@id\":\"https:\/\/saludyvidastore.com\/en\/product\/slim-complex-x-60-caps\/#primaryimage\"},\"datePublished\":\"2018-07-13T22:51:23+00:00\",\"dateModified\":\"2018-07-13T22:51:23+00:00\",\"breadcrumb\":{\"@id\":\"https:\/\/saludyvidastore.com\/en\/product\/slim-complex-x-60-caps\/#breadcrumb\"},\"inLanguage\":\"en-US\",\"potentialAction\":[{\"@type\":\"ReadAction\",\"target\":[\"https:\/\/saludyvidastore.com\/en\/product\/slim-complex-x-60-caps\/\"]}]},{\"@type\":\"BreadcrumbList\",\"@id\":\"https:\/\/saludyvidastore.com\/en\/product\/slim-complex-x-60-caps\/#breadcrumb\",\"itemListElement\":[{\"@type\":\"ListItem\",\"position\":1,\"name\":\"Portada\",\"item\":\"https:\/\/saludyvidastore.com\/en\/\"},{\"@type\":\"ListItem\",\"position\":2,\"name\":\"Tienda\",\"item\":\"https:\/\/saludyvidastore.com\/tienda\/\"},{\"@type\":\"ListItem\",\"position\":3,\"name\":\"Slim Complex x 60 caps\"}]}]}<\/script>\n<!-- \/ Yoast SEO plugin. -->","yoast_head_json":{"title":"Slim Complex x 60 caps - Salud y Vida Store","robots":{"index":"index","follow":"follow","max-snippet":"max-snippet:-1","max-image-preview":"max-image-preview:large","max-video-preview":"max-video-preview:-1"},"canonical":"https:\/\/saludyvidastore.com\/en\/product\/slim-complex-x-60-caps\/","og_locale":"en_US","og_type":"article","og_title":"Slim Complex x 60 caps - Salud y Vida Store","og_description":"Slim Complex,muchas son las dietas y productos que consumimos en nuestra sociedad, a fin de alcanzar los mejores objetivos cuando nos proponemos reducir nuestro peso corporal. Nuestra preocupaci\u00f3n se centra en nuestro cuerpo, y tratamos de encontrar las mejores soluciones para conseguir un peso ideal, que marque la diferencia en nuestra parte est\u00e9tica. Para cumplir estos objetivos, se hace necesario controlar muchos aspectos, entre ellos, la ingesta de muchos productos que realmente son nocivos para nuestra salud, y que contribuyen poderosamente a que aumentemos nuestra grasa corporal, y por otro lado tratamos tambi\u00e9n de controlar y de mantener un balance energ\u00e9tico, de tal forma que nuestro cuerpo pueda controlar tanto la entrada como la salida de energ\u00eda.","og_url":"https:\/\/saludyvidastore.com\/en\/product\/slim-complex-x-60-caps\/","og_site_name":"Salud y Vida Store","article_publisher":"https:\/\/www.facebook.com\/ArmoniaNaturalDietShop\/","og_image":[{"width":1350,"height":1348,"url":"https:\/\/saludyvidastore.com\/wp-content\/uploads\/2018\/07\/1226.png","type":"image\/png"}],"twitter_card":"summary_large_image","twitter_misc":{"Est. reading time":"2 minutes"},"schema":{"@context":"https:\/\/schema.org","@graph":[{"@type":"WebSite","@id":"https:\/\/saludyvidastore.com\/#website","url":"https:\/\/saludyvidastore.com\/","name":"Salud y Vida Store","description":"Otro sitio realizado con WordPress","potentialAction":[{"@type":"SearchAction","target":{"@type":"EntryPoint","urlTemplate":"https:\/\/saludyvidastore.com\/?s={search_term_string}"},"query-input":"required name=search_term_string"}],"inLanguage":"en-US"},{"@type":"ImageObject","@id":"https:\/\/saludyvidastore.com\/en\/product\/slim-complex-x-60-caps\/#primaryimage","inLanguage":"en-US","url":"https:\/\/saludyvidastore.com\/wp-content\/uploads\/2018\/07\/1226.png","contentUrl":"https:\/\/saludyvidastore.com\/wp-content\/uploads\/2018\/07\/1226.png","width":1350,"height":1348},{"@type":"WebPage","@id":"https:\/\/saludyvidastore.com\/en\/product\/slim-complex-x-60-caps\/#webpage","url":"https:\/\/saludyvidastore.com\/en\/product\/slim-complex-x-60-caps\/","name":"Slim Complex x 60 caps - Salud y Vida Store","isPartOf":{"@id":"https:\/\/saludyvidastore.com\/#website"},"primaryImageOfPage":{"@id":"https:\/\/saludyvidastore.com\/en\/product\/slim-complex-x-60-caps\/#primaryimage"},"datePublished":"2018-07-13T22:51:23+00:00","dateModified":"2018-07-13T22:51:23+00:00","breadcrumb":{"@id":"https:\/\/saludyvidastore.com\/en\/product\/slim-complex-x-60-caps\/#breadcrumb"},"inLanguage":"en-US","potentialAction":[{"@type":"ReadAction","target":["https:\/\/saludyvidastore.com\/en\/product\/slim-complex-x-60-caps\/"]}]},{"@type":"BreadcrumbList","@id":"https:\/\/saludyvidastore.com\/en\/product\/slim-complex-x-60-caps\/#breadcrumb","itemListElement":[{"@type":"ListItem","position":1,"name":"Portada","item":"https:\/\/saludyvidastore.com\/en\/"},{"@type":"ListItem","position":2,"name":"Tienda","item":"https:\/\/saludyvidastore.com\/tienda\/"},{"@type":"ListItem","position":3,"name":"Slim Complex x 60 caps"}]}]}},"_links":{"self":[{"href":"https:\/\/saludyvidastore.com\/en\/wp-json\/wp\/v2\/product\/2501"}],"collection":[{"href":"https:\/\/saludyvidastore.com\/en\/wp-json\/wp\/v2\/product"}],"about":[{"href":"https:\/\/saludyvidastore.com\/en\/wp-json\/wp\/v2\/types\/product"}],"replies":[{"embeddable":true,"href":"https:\/\/saludyvidastore.com\/en\/wp-json\/wp\/v2\/comments?post=2501"}],"wp:featuredmedia":[{"embeddable":true,"href":"https:\/\/saludyvidastore.com\/en\/wp-json\/wp\/v2\/media\/2249"}],"wp:attachment":[{"href":"https:\/\/saludyvidastore.com\/en\/wp-json\/wp\/v2\/media?parent=2501"}],"wp:term":[{"taxonomy":"product_cat","embeddable":true,"href":"https:\/\/saludyvidastore.com\/en\/wp-json\/wp\/v2\/product_cat?post=2501"},{"taxonomy":"product_tag","embeddable":true,"href":"https:\/\/saludyvidastore.com\/en\/wp-json\/wp\/v2\/product_tag?post=2501"}],"curies":[{"name":"wp","href":"https:\/\/api.w.org\/{rel}","templated":true}]}}