{"id":2505,"date":"2018-07-13T22:51:16","date_gmt":"2018-07-13T22:51:16","guid":{"rendered":"http:\/\/saludyvidastore.com\/product\/super-mega-gainer-x-5-lb-bolsa\/"},"modified":"2018-07-13T22:51:16","modified_gmt":"2018-07-13T22:51:16","slug":"super-mega-gainer-x-5-lb-bolsa","status":"publish","type":"product","link":"https:\/\/saludyvidastore.com\/en\/product\/super-mega-gainer-x-5-lb-bolsa\/","title":{"rendered":"SUPER MEGA GAINER x 5 lb bolsa"},"content":{"rendered":"<h1 style=\"margin: 0px 0px 6px; font-family: 'Open Sans', Arial, Helvetica, sans-serif; font-weight: 300; line-height: 1.2em; color: #353535; font-size: 22px; padding: 0px;\"><span style=\"font-family: helvetica;\"><strong><span style=\"font-size: 20px;\">SUPER MEGA GAINER es un excelente complemento alimenticio que posee componentes capaces de mejorar de forma notable tu disponibilidad energ\u00e9tica en el entrenamiento y de aumentar tu masa muscular, peso y fuerza r\u00e1pidamente.<\/span><\/strong><\/span><\/h1>\n<p style=\"margin: 0px 0px 0.9em; color: #353535; font-family: 'Open Sans', Arial, Helvetica, sans-serif; font-size: 12px;\"><span style=\"font-family: helvetica;\"><strong><span style=\"font-size: 20px; color: #000000;\">Alta ingenier\u00eda para \u00f3ptimos resultados.<\/span><\/strong><strong><span style=\"font-size: 20px; color: #000000;\">Super Mega Gainer es ideal para cuando se trata de ganar masa muscular, peso y fuerza r\u00e1pidamente, esto se logra cuando es consumido y alternado con una dieta balanceada y una rutina de ejercicios.<\/span><\/strong><strong><span style=\"font-size: 20px; color: #000000;\">Por tener Super Mega Gainer en su formulaci\u00f3n incrementa la capacidad de construcci\u00f3n de masa muscular incrementando a su vez la firmeza de los tejidos musculares, aumentando la fuerza y resistencia f\u00edsica.<\/span><\/strong><strong><span style=\"font-size: 20px; color: #000000;\">Al aportar Super Mega Gainer amino\u00e1cidos tan importante para la creaci\u00f3n de masa muscular como es la L-glutamina se convierte en un suplemento altamente efectivo debido a que esta participa en todas las faces de proceso de construcci\u00f3n del musculo disparando el vital nitr\u00f3geno y formando bloques de construcci\u00f3n en la c\u00e9lulas musculares para estimular la construcci\u00f3n de musculo.<\/span><\/strong><strong><span style=\"font-size: 20px; color: #000000;\">Este producto es un complemento alimenticio y no debe ser usado como sustituto de una dieta equilibrada.\u00a0<\/span><\/strong><strong><span style=\"font-size: 20px; color: #000000;\">Formula alta en calor\u00edas con Bcaa&#8217;s.\u00a0<\/span><\/strong><\/span><br style=\"color: #666666; font-family: 'Proxima Nova', -apple-system, 'Helvetica Neue', Helvetica, Roboto, Arial, sans-serif; font-size: 20px;\" \/><br style=\"color: #666666; font-family: 'Proxima Nova', -apple-system, 'Helvetica Neue', Helvetica, Roboto, Arial, sans-serif; font-size: 20px;\" \/><span style=\"font-family: helvetica;\"><strong><span style=\"font-size: 20px; color: #000000;\">SUPER MEGA GAINER contiene:<\/span><\/strong><\/span><br style=\"color: #666666; font-family: 'Proxima Nova', -apple-system, 'Helvetica Neue', Helvetica, Roboto, Arial, sans-serif; font-size: 20px;\" \/><br style=\"color: #666666; font-family: 'Proxima Nova', -apple-system, 'Helvetica Neue', Helvetica, Roboto, Arial, sans-serif; font-size: 20px;\" \/><span style=\"font-family: helvetica;\"><strong><span style=\"font-size: 20px; color: #000000;\">&#8211; 1020 calor\u00edas por servicio.<\/span><\/strong><\/span><br style=\"color: #666666; font-family: 'Proxima Nova', -apple-system, 'Helvetica Neue', Helvetica, Roboto, Arial, sans-serif; font-size: 20px;\" \/><span style=\"font-family: helvetica;\"><strong><span style=\"font-size: 20px; color: #000000;\">&#8211; Carbohidratos totales 198 gramos<\/span><\/strong><\/span><br style=\"color: #666666; font-family: 'Proxima Nova', -apple-system, 'Helvetica Neue', Helvetica, Roboto, Arial, sans-serif; font-size: 20px;\" \/><span style=\"font-family: helvetica;\"><strong><span style=\"font-size: 20px; color: #000000;\">&#8211; 35 gramos de prote\u00edna.<\/span><\/strong><\/span><br style=\"color: #666666; font-family: 'Proxima Nova', -apple-system, 'Helvetica Neue', Helvetica, Roboto, Arial, sans-serif; font-size: 20px;\" \/><span style=\"font-family: helvetica;\"><strong><span style=\"font-size: 20px; color: #000000;\">&#8211; 3gr de creatina monohidratada.<\/span><\/strong><\/span><br style=\"color: #666666; font-family: 'Proxima Nova', -apple-system, 'Helvetica Neue', Helvetica, Roboto, Arial, sans-serif; font-size: 20px;\" \/><br style=\"color: #666666; font-family: 'Proxima Nova', -apple-system, 'Helvetica Neue', Helvetica, Roboto, Arial, sans-serif; font-size: 20px;\" \/><span style=\"font-family: helvetica;\"><strong><span style=\"font-size: 20px; color: #000000;\">SUPER MEGA GAINER es una formula dise\u00f1ada con el balance perfecto de prote\u00edna de r\u00e1pida y lenta asimilaci\u00f3n adicionada con monohidrato de creatina micronizada y glutamina que proporciona un completo perfil de amino\u00e1cidos, contiene carbohidratos de f\u00e1cil absorci\u00f3n, vitaminas y minerales en un buen porcentaje para los requerimientos diarios.\u00a0<\/span><\/strong><\/span><br style=\"color: #666666; font-family: 'Proxima Nova', -apple-system, 'Helvetica Neue', Helvetica, Roboto, Arial, sans-serif; font-size: 20px;\" \/><br style=\"color: #666666; font-family: 'Proxima Nova', -apple-system, 'Helvetica Neue', Helvetica, Roboto, Arial, sans-serif; font-size: 20px;\" \/><span style=\"font-family: helvetica;\"><strong><span style=\"font-size: 20px; color: #000000;\">GMN Nutrition ha seleccionado cuidadosamente sus materias primas para hacer que sus productos tengan unos altos est\u00e1ndares de calidad y cumplan con lo que prometen, ademas todos nuestros productos han sido probados en deportistas de alto rendimiento.\u00a0<\/span><\/strong><\/span><br style=\"color: #666666; font-family: 'Proxima Nova', -apple-system, 'Helvetica Neue', Helvetica, Roboto, Arial, sans-serif; font-size: 20px;\" \/><br style=\"color: #666666; font-family: 'Proxima Nova', -apple-system, 'Helvetica Neue', Helvetica, Roboto, Arial, sans-serif; font-size: 20px;\" \/><span style=\"font-family: helvetica;\"><strong><span style=\"font-size: 20px; color: #000000;\">RECOMENDADO PARA: Super Mega Gainer es ideal para deportistas y personas delgadas que deseen ganar peso, fuerza y mejorar su masa muscular.<\/span><\/strong><\/span><br style=\"color: #666666; font-family: 'Proxima Nova', -apple-system, 'Helvetica Neue', Helvetica, Roboto, Arial, sans-serif; font-size: 20px;\" \/><br style=\"color: #666666; font-family: 'Proxima Nova', -apple-system, 'Helvetica Neue', Helvetica, Roboto, Arial, sans-serif; font-size: 20px;\" \/><span style=\"font-family: helvetica;\"><strong><span style=\"font-size: 20px; color: #000000;\">FORMA DE CONSUMO: Mezcle 260grs de Super Mega Gainer (13 medidas) en 350cc de agua , agua leche o leche de su preferencia y consuma inmediatamente despu\u00e9s del entrenamiento y entre comidas, adicione la fruta de su preferencia.<\/span><\/strong><\/span><br style=\"color: #666666; font-family: 'Proxima Nova', -apple-system, 'Helvetica Neue', Helvetica, Roboto, Arial, sans-serif; font-size: 20px;\" \/><br style=\"color: #666666; font-family: 'Proxima Nova', -apple-system, 'Helvetica Neue', Helvetica, Roboto, Arial, sans-serif; font-size: 20px;\" \/><span style=\"font-family: helvetica;\"><strong><span style=\"font-size: 20px; color: #000000;\">ADVERTENCIA: Este producto Super Mega Gainer no pretende diagnosticar, tratar, curar o prevenir enfermedades.<\/span><\/strong><\/span><\/p>\n<p style=\"margin: 0px 0px 0.9em; color: #353535; font-family: 'Open Sans', Arial, Helvetica, sans-serif; font-size: 12px;\"><span style=\"color: #000000; font-family: helvetica;\"><strong><span style=\"font-size: 20px;\">CARACTER\u00cdSTICAS PRINCIPALES<br style=\"color: #666666; font-family: 'Proxima Nova', -apple-system, 'Helvetica Neue', Helvetica, Roboto, Arial, sans-serif;\" \/>&#8211; Aumenta el peso corporal.<br style=\"color: #666666; font-family: 'Proxima Nova', -apple-system, 'Helvetica Neue', Helvetica, Roboto, Arial, sans-serif;\" \/>&#8211; Aporta 35 gs. de prote\u00edna por porci\u00f3n.<br style=\"color: #666666; font-family: 'Proxima Nova', -apple-system, 'Helvetica Neue', Helvetica, Roboto, Arial, sans-serif;\" \/>&#8211; Aporta 5 gs de creatina\u00a0 incrementando con esta la fuerza y resistencia f\u00edsica.<br style=\"color: #666666; font-family: 'Proxima Nova', -apple-system, 'Helvetica Neue', Helvetica, Roboto, Arial, sans-serif;\" \/>&#8211; Fortalece la masa muscular y tonifica.<br style=\"color: #666666; font-family: 'Proxima Nova', -apple-system, 'Helvetica Neue', Helvetica, Roboto, Arial, sans-serif;\" \/>&#8211; 1020 calorias por servicio, ideales para m\u00e1xima ganancia de peso y energ\u00eda para antes, durante\u00a0 y despu\u00e9s del ejercicio.<br style=\"color: #666666; font-family: 'Proxima Nova', -apple-system, 'Helvetica Neue', Helvetica, Roboto, Arial, sans-serif;\" \/>&#8211; Proteina probada en deportistas de alto rendimiento.<br style=\"color: #666666; font-family: 'Proxima Nova', -apple-system, 'Helvetica Neue', Helvetica, Roboto, Arial, sans-serif;\" \/>&#8211; De f\u00e1cil digesti\u00f3n\u00a0 y r\u00e1pida asimilaci\u00f3n.<\/span><\/strong><\/span><\/p>\n","protected":false},"excerpt":{"rendered":"<p>SUPER MEGA GAINER es un excelente complemento alimenticio que posee componentes capaces de mejorar de forma notable tu disponibilidad energ\u00e9tica en el entrenamiento y de aumentar tu masa muscular, peso y fuerza r\u00e1pidamente.<\/p>\n","protected":false},"featured_media":2241,"comment_status":"open","ping_status":"closed","template":"","meta":[],"product_cat":[40,29],"product_tag":[],"acf":[],"yoast_head":"<!-- This site is optimized with the Yoast SEO plugin v18.5.1 - https:\/\/yoast.com\/wordpress\/plugins\/seo\/ -->\n<title>SUPER MEGA GAINER x 5 lb bolsa - Salud y Vida Store<\/title>\n<meta name=\"robots\" content=\"index, follow, max-snippet:-1, max-image-preview:large, max-video-preview:-1\" \/>\n<link rel=\"canonical\" href=\"https:\/\/saludyvidastore.com\/en\/product\/super-mega-gainer-x-5-lb-bolsa\/\" \/>\n<meta property=\"og:locale\" content=\"en_US\" \/>\n<meta property=\"og:type\" content=\"article\" \/>\n<meta property=\"og:title\" content=\"SUPER MEGA GAINER x 5 lb bolsa - Salud y Vida Store\" \/>\n<meta property=\"og:description\" content=\"SUPER MEGA GAINER es un excelente complemento alimenticio que posee componentes capaces de mejorar de forma notable tu disponibilidad energ\u00e9tica en el entrenamiento y de aumentar tu masa muscular, peso y fuerza r\u00e1pidamente.\" \/>\n<meta property=\"og:url\" content=\"https:\/\/saludyvidastore.com\/en\/product\/super-mega-gainer-x-5-lb-bolsa\/\" \/>\n<meta property=\"og:site_name\" content=\"Salud y Vida Store\" \/>\n<meta property=\"article:publisher\" content=\"https:\/\/www.facebook.com\/ArmoniaNaturalDietShop\/\" \/>\n<meta property=\"og:image\" content=\"https:\/\/saludyvidastore.com\/wp-content\/uploads\/2018\/07\/1071.jpg\" \/>\n\t<meta property=\"og:image:width\" content=\"225\" \/>\n\t<meta property=\"og:image:height\" content=\"225\" \/>\n\t<meta property=\"og:image:type\" content=\"image\/jpeg\" \/>\n<meta name=\"twitter:card\" content=\"summary_large_image\" \/>\n<meta name=\"twitter:label1\" content=\"Est. reading time\" \/>\n\t<meta name=\"twitter:data1\" content=\"2 minutes\" \/>\n<script type=\"application\/ld+json\" class=\"yoast-schema-graph\">{\"@context\":\"https:\/\/schema.org\",\"@graph\":[{\"@type\":\"WebSite\",\"@id\":\"https:\/\/saludyvidastore.com\/#website\",\"url\":\"https:\/\/saludyvidastore.com\/\",\"name\":\"Salud y Vida Store\",\"description\":\"Otro sitio realizado con WordPress\",\"potentialAction\":[{\"@type\":\"SearchAction\",\"target\":{\"@type\":\"EntryPoint\",\"urlTemplate\":\"https:\/\/saludyvidastore.com\/?s={search_term_string}\"},\"query-input\":\"required name=search_term_string\"}],\"inLanguage\":\"en-US\"},{\"@type\":\"ImageObject\",\"@id\":\"https:\/\/saludyvidastore.com\/en\/product\/super-mega-gainer-x-5-lb-bolsa\/#primaryimage\",\"inLanguage\":\"en-US\",\"url\":\"https:\/\/saludyvidastore.com\/wp-content\/uploads\/2018\/07\/1071.jpg\",\"contentUrl\":\"https:\/\/saludyvidastore.com\/wp-content\/uploads\/2018\/07\/1071.jpg\",\"width\":225,\"height\":225},{\"@type\":\"WebPage\",\"@id\":\"https:\/\/saludyvidastore.com\/en\/product\/super-mega-gainer-x-5-lb-bolsa\/#webpage\",\"url\":\"https:\/\/saludyvidastore.com\/en\/product\/super-mega-gainer-x-5-lb-bolsa\/\",\"name\":\"SUPER MEGA GAINER x 5 lb bolsa - Salud y Vida Store\",\"isPartOf\":{\"@id\":\"https:\/\/saludyvidastore.com\/#website\"},\"primaryImageOfPage\":{\"@id\":\"https:\/\/saludyvidastore.com\/en\/product\/super-mega-gainer-x-5-lb-bolsa\/#primaryimage\"},\"datePublished\":\"2018-07-13T22:51:16+00:00\",\"dateModified\":\"2018-07-13T22:51:16+00:00\",\"breadcrumb\":{\"@id\":\"https:\/\/saludyvidastore.com\/en\/product\/super-mega-gainer-x-5-lb-bolsa\/#breadcrumb\"},\"inLanguage\":\"en-US\",\"potentialAction\":[{\"@type\":\"ReadAction\",\"target\":[\"https:\/\/saludyvidastore.com\/en\/product\/super-mega-gainer-x-5-lb-bolsa\/\"]}]},{\"@type\":\"BreadcrumbList\",\"@id\":\"https:\/\/saludyvidastore.com\/en\/product\/super-mega-gainer-x-5-lb-bolsa\/#breadcrumb\",\"itemListElement\":[{\"@type\":\"ListItem\",\"position\":1,\"name\":\"Portada\",\"item\":\"https:\/\/saludyvidastore.com\/en\/\"},{\"@type\":\"ListItem\",\"position\":2,\"name\":\"Tienda\",\"item\":\"https:\/\/saludyvidastore.com\/tienda\/\"},{\"@type\":\"ListItem\",\"position\":3,\"name\":\"SUPER MEGA GAINER x 5 lb bolsa\"}]}]}<\/script>\n<!-- \/ Yoast SEO plugin. -->","yoast_head_json":{"title":"SUPER MEGA GAINER x 5 lb bolsa - Salud y Vida Store","robots":{"index":"index","follow":"follow","max-snippet":"max-snippet:-1","max-image-preview":"max-image-preview:large","max-video-preview":"max-video-preview:-1"},"canonical":"https:\/\/saludyvidastore.com\/en\/product\/super-mega-gainer-x-5-lb-bolsa\/","og_locale":"en_US","og_type":"article","og_title":"SUPER MEGA GAINER x 5 lb bolsa - Salud y Vida Store","og_description":"SUPER MEGA GAINER es un excelente complemento alimenticio que posee componentes capaces de mejorar de forma notable tu disponibilidad energ\u00e9tica en el entrenamiento y de aumentar tu masa muscular, peso y fuerza r\u00e1pidamente.","og_url":"https:\/\/saludyvidastore.com\/en\/product\/super-mega-gainer-x-5-lb-bolsa\/","og_site_name":"Salud y Vida Store","article_publisher":"https:\/\/www.facebook.com\/ArmoniaNaturalDietShop\/","og_image":[{"width":225,"height":225,"url":"https:\/\/saludyvidastore.com\/wp-content\/uploads\/2018\/07\/1071.jpg","type":"image\/jpeg"}],"twitter_card":"summary_large_image","twitter_misc":{"Est. reading time":"2 minutes"},"schema":{"@context":"https:\/\/schema.org","@graph":[{"@type":"WebSite","@id":"https:\/\/saludyvidastore.com\/#website","url":"https:\/\/saludyvidastore.com\/","name":"Salud y Vida Store","description":"Otro sitio realizado con WordPress","potentialAction":[{"@type":"SearchAction","target":{"@type":"EntryPoint","urlTemplate":"https:\/\/saludyvidastore.com\/?s={search_term_string}"},"query-input":"required name=search_term_string"}],"inLanguage":"en-US"},{"@type":"ImageObject","@id":"https:\/\/saludyvidastore.com\/en\/product\/super-mega-gainer-x-5-lb-bolsa\/#primaryimage","inLanguage":"en-US","url":"https:\/\/saludyvidastore.com\/wp-content\/uploads\/2018\/07\/1071.jpg","contentUrl":"https:\/\/saludyvidastore.com\/wp-content\/uploads\/2018\/07\/1071.jpg","width":225,"height":225},{"@type":"WebPage","@id":"https:\/\/saludyvidastore.com\/en\/product\/super-mega-gainer-x-5-lb-bolsa\/#webpage","url":"https:\/\/saludyvidastore.com\/en\/product\/super-mega-gainer-x-5-lb-bolsa\/","name":"SUPER MEGA GAINER x 5 lb bolsa - Salud y Vida Store","isPartOf":{"@id":"https:\/\/saludyvidastore.com\/#website"},"primaryImageOfPage":{"@id":"https:\/\/saludyvidastore.com\/en\/product\/super-mega-gainer-x-5-lb-bolsa\/#primaryimage"},"datePublished":"2018-07-13T22:51:16+00:00","dateModified":"2018-07-13T22:51:16+00:00","breadcrumb":{"@id":"https:\/\/saludyvidastore.com\/en\/product\/super-mega-gainer-x-5-lb-bolsa\/#breadcrumb"},"inLanguage":"en-US","potentialAction":[{"@type":"ReadAction","target":["https:\/\/saludyvidastore.com\/en\/product\/super-mega-gainer-x-5-lb-bolsa\/"]}]},{"@type":"BreadcrumbList","@id":"https:\/\/saludyvidastore.com\/en\/product\/super-mega-gainer-x-5-lb-bolsa\/#breadcrumb","itemListElement":[{"@type":"ListItem","position":1,"name":"Portada","item":"https:\/\/saludyvidastore.com\/en\/"},{"@type":"ListItem","position":2,"name":"Tienda","item":"https:\/\/saludyvidastore.com\/tienda\/"},{"@type":"ListItem","position":3,"name":"SUPER MEGA GAINER x 5 lb bolsa"}]}]}},"_links":{"self":[{"href":"https:\/\/saludyvidastore.com\/en\/wp-json\/wp\/v2\/product\/2505"}],"collection":[{"href":"https:\/\/saludyvidastore.com\/en\/wp-json\/wp\/v2\/product"}],"about":[{"href":"https:\/\/saludyvidastore.com\/en\/wp-json\/wp\/v2\/types\/product"}],"replies":[{"embeddable":true,"href":"https:\/\/saludyvidastore.com\/en\/wp-json\/wp\/v2\/comments?post=2505"}],"wp:featuredmedia":[{"embeddable":true,"href":"https:\/\/saludyvidastore.com\/en\/wp-json\/wp\/v2\/media\/2241"}],"wp:attachment":[{"href":"https:\/\/saludyvidastore.com\/en\/wp-json\/wp\/v2\/media?parent=2505"}],"wp:term":[{"taxonomy":"product_cat","embeddable":true,"href":"https:\/\/saludyvidastore.com\/en\/wp-json\/wp\/v2\/product_cat?post=2505"},{"taxonomy":"product_tag","embeddable":true,"href":"https:\/\/saludyvidastore.com\/en\/wp-json\/wp\/v2\/product_tag?post=2505"}],"curies":[{"name":"wp","href":"https:\/\/api.w.org\/{rel}","templated":true}]}}