{"id":2529,"date":"2018-07-13T22:51:09","date_gmt":"2018-07-13T22:51:09","guid":{"rendered":"http:\/\/saludyvidastore.com\/product\/syntha-6-edge-proteina-vainilla-3-62-lbs\/"},"modified":"2022-03-24T21:22:54","modified_gmt":"2022-03-24T21:22:54","slug":"syntha-6-edge-proteina-vainilla-3-62-lbs","status":"publish","type":"product","link":"https:\/\/saludyvidastore.com\/en\/product\/syntha-6-edge-proteina-vainilla-3-62-lbs\/","title":{"rendered":"Syntha-6 EDGE Proteina Vainilla 3.62 lbs"},"content":{"rendered":"<p style=\"text-align: center;\"><span style=\"font-size: 36pt; color: #ff0000;\">SYNTHA-6 EDGE<\/span><\/p>\n<p><span style=\"font-size: 10pt;\">Matriz de prote\u00ednas multifuncional de calidad Ultra-Premiun.<\/span><\/p>\n<p><span style=\"font-size: 10pt;\">Syntha-6 Edge de BSN combina diferentes prote\u00ednas para darle tus m\u00fasculos la cantidad que necesita en un \u00fanico y delicioso batido.<\/span><\/p>\n<p><span style=\"font-size: 10pt;\">La f\u00f3rmula de Syntha-6 Edge combina hasta 6 fuentes diferentes de prote\u00edna que ofrece un producto con una velocidad de absorci\u00f3n progresiva, r\u00e1pida pero a la vez prolongada, perfecta para tomar despu\u00e9s del entrenamiento, pero tambi\u00e9n entre horas o antes de dormir para mantener tus m\u00fasculos nutridos durante la noche.<\/span><\/p>\n<p><span style=\"font-size: 10pt;\">Syntha-6 Edge. Caracter\u00edsticas principales:<\/span><\/p>\n<p><span style=\"font-size: 10pt;\">*155 kcal por dosis.<\/span><br \/>\n<span style=\"font-size: 10pt;\">*24 gramos de prote\u00edna por dosis.<\/span><br \/>\n<span style=\"font-size: 10pt;\">*64% de prote\u00edna.<\/span><br \/>\n<span style=\"font-size: 10pt;\">*14 % de carbohidratos .<\/span><br \/>\n<span style=\"font-size: 10pt;\">*Solo 1, 3 gramos de az\u00facar por dosis.<\/span><br \/>\n<span style=\"font-size: 10pt;\">*Sin colorantes artificiales.<\/span><br \/>\n<span style=\"font-size: 10pt;\">*Formatos de 740 g y 1,82 kg.<\/span><\/p>\n<p>&nbsp;<\/p>\n<p>&nbsp;<\/p>\n<p><span style=\"font-size: 12pt;\"><span style=\"color: #ff0000;\">Syntha-6 Edge Edge<\/span>. Efectos principales:<\/span><\/p>\n<p>&nbsp;<\/p>\n<p><span style=\"font-size: 10pt;\">Acelera la recuperaci\u00f3n despu\u00e9s del entrenamiento.<\/span><br \/>\n<span style=\"font-size: 10pt;\">Estimula la s\u00edntesis proteica, el desarrollo muscular y el anabolismo.<\/span><br \/>\n<span style=\"font-size: 10pt;\">Protege del catabolismo y mantiene la masa muscular.<\/span><br \/>\n<span style=\"font-size: 10pt;\">Syntha-6 Edge. La ciencia detr\u00e1s:<\/span><\/p>\n<p>&nbsp;<\/p>\n<p><span style=\"font-size: 10pt;\">Syntha-6 Edge de BSN est\u00e1 compuesto por una combinaci\u00f3n de m\u00faltiples prote\u00ednas, todas procedentes de la leche, que presentan velocidad de absorci\u00f3n diferente: prote\u00ednas de suero (aislado y concentrado), prote\u00edna de suero aislada hidrolizada, prote\u00edna de leche, case\u00edna micelar y caseinato c\u00e1lcico.<\/span><\/p>\n<p><span style=\"font-size: 10pt;\">Las prote\u00ednas del suero de la leche incrementan r\u00e1pidamente la concentraci\u00f3n de amino\u00e1cidos de la sangre, de modo que el m\u00fasculo tiene disponibles amino\u00e1cidos para comenzar r\u00e1pidamente con la recuperaci\u00f3n, mientras que las case\u00ednas y caseinatos liberan amino\u00e1cidos m\u00e1s lentamente al torrente sangu\u00edneo, nutriendo a los m\u00fasculos durante horas de forma progresiva.<\/span><\/p>\n<p><span style=\"font-size: 10pt;\">Syntha-6 Edge tambi\u00e9n proporciona en cada dosis 14 gramos de carbohidratos, que provienen principalmente de la harina de trigo y de los cuales solamente 1,4 g son az\u00facares.<\/span><\/p>\n<p><span style=\"font-size: 10pt;\">Esta prote\u00edna puede ser utilizada como post-entrenamiento o bien entre horas para proteger y nutrir los m\u00fasculos. Tambi\u00e9n puede ser utilizada por todo tipo de personas que necesiten un aporte extra de prote\u00ednas en su dieta y deseen tomarlas en un batido con un delicioso sabor.<\/span><\/p>\n<p><span style=\"font-size: 12pt;\"><span style=\"color: #ff0000;\">Syntha-6 Edge.<\/span>\u00a0Objetivos principales:<\/span><\/p>\n<p>&nbsp;<\/p>\n<p><span style=\"font-size: 12pt;\">Desarrollo muscular.<\/span><\/p>\n<p>&nbsp;<\/p>\n<p><span style=\"font-size: 12pt;\">Recuperaci\u00f3n y mantenimiento muscular.<\/span><\/p>\n<p>&nbsp;<\/p>\n<p><span style=\"font-size: 14pt; color: #ff0000;\">\u00bfQui\u00e9n puede beneficiarse de Syntha-6 Edge?<\/span><\/p>\n<p>&nbsp;<\/p>\n<p><span style=\"font-size: 10pt;\">Syntha-6 Edge es apta para todos aquellos deportistas y personas activas que desean acelerar su recuperaci\u00f3n.<\/span><br \/>\n<span style=\"font-size: 10pt;\">Es apta tanto para aquellos deportistas que desean promover el anabolismo tanto para aquellos que desean prevenir el catabolismo de su musculatura.<\/span><\/p>\n<p><span style=\"font-size: 10pt;\">Poblaci\u00f3n general que desee beneficiarse de los efectos de la suplementaci\u00f3n con prote\u00edna como por ejemplo para proteger su musculatura y mejora de la composici\u00f3n corporal.<\/span><br \/>\n<span style=\"font-size: 10pt;\">Syntha-6 Edge. C\u00f3mo combinar:<\/span><\/p>\n<p><span style=\"font-size: 10pt;\">Syntha-6 Edge puede compaginarse con gran variedad de productos o ingredientes, como por ejemplo un pre-entrenamiento con o sin estimulantes, BCAAs antes y durante el entrenamiento, creatina, glutamina, multivitam\u00ednicos o incluso \u00e1cidos grasos omega esenciales.<\/span><\/p>\n<p><span style=\"font-size: 10pt;\">\u00a0<\/span><\/p>\n","protected":false},"excerpt":{"rendered":"<p>Syntha-6 Edge Edge. Efectos principales:<\/p>\n<p>Acelera la recuperaci\u00f3n despu\u00e9s del entrenamiento.<br \/>\nEstimula la s\u00edntesis proteica, el desarrollo muscular y el anabolismo.<br \/>\nProtege del catabolismo y mantiene la masa muscular.<\/p>\n","protected":false},"featured_media":2235,"comment_status":"open","ping_status":"closed","template":"","meta":[],"product_cat":[40,29],"product_tag":[],"acf":[],"yoast_head":"<!-- This site is optimized with the Yoast SEO plugin v18.5.1 - https:\/\/yoast.com\/wordpress\/plugins\/seo\/ -->\n<title>Syntha-6 EDGE Proteina Vainilla 3.62 lbs - Salud y Vida Store<\/title>\n<meta name=\"robots\" content=\"index, follow, max-snippet:-1, max-image-preview:large, max-video-preview:-1\" \/>\n<link rel=\"canonical\" href=\"https:\/\/saludyvidastore.com\/en\/product\/syntha-6-edge-proteina-vainilla-3-62-lbs\/\" \/>\n<meta property=\"og:locale\" content=\"en_US\" \/>\n<meta property=\"og:type\" content=\"article\" \/>\n<meta property=\"og:title\" content=\"Syntha-6 EDGE Proteina Vainilla 3.62 lbs - Salud y Vida Store\" \/>\n<meta property=\"og:description\" content=\"Syntha-6 Edge Edge. Efectos principales:  Acelera la recuperaci\u00f3n despu\u00e9s del entrenamiento. Estimula la s\u00edntesis proteica, el desarrollo muscular y el anabolismo. Protege del catabolismo y mantiene la masa muscular.\" \/>\n<meta property=\"og:url\" content=\"https:\/\/saludyvidastore.com\/en\/product\/syntha-6-edge-proteina-vainilla-3-62-lbs\/\" \/>\n<meta property=\"og:site_name\" content=\"Salud y Vida Store\" \/>\n<meta property=\"article:publisher\" content=\"https:\/\/www.facebook.com\/ArmoniaNaturalDietShop\/\" \/>\n<meta property=\"article:modified_time\" content=\"2022-03-24T21:22:54+00:00\" \/>\n<meta property=\"og:image\" content=\"https:\/\/saludyvidastore.com\/wp-content\/uploads\/2018\/07\/1031.jpg\" \/>\n\t<meta property=\"og:image:width\" content=\"700\" \/>\n\t<meta property=\"og:image:height\" content=\"700\" \/>\n\t<meta property=\"og:image:type\" content=\"image\/jpeg\" \/>\n<meta name=\"twitter:card\" content=\"summary_large_image\" \/>\n<meta name=\"twitter:label1\" content=\"Est. reading time\" \/>\n\t<meta name=\"twitter:data1\" content=\"2 minutes\" \/>\n<script type=\"application\/ld+json\" class=\"yoast-schema-graph\">{\"@context\":\"https:\/\/schema.org\",\"@graph\":[{\"@type\":\"WebSite\",\"@id\":\"https:\/\/saludyvidastore.com\/#website\",\"url\":\"https:\/\/saludyvidastore.com\/\",\"name\":\"Salud y Vida Store\",\"description\":\"Otro sitio realizado con WordPress\",\"potentialAction\":[{\"@type\":\"SearchAction\",\"target\":{\"@type\":\"EntryPoint\",\"urlTemplate\":\"https:\/\/saludyvidastore.com\/?s={search_term_string}\"},\"query-input\":\"required name=search_term_string\"}],\"inLanguage\":\"en-US\"},{\"@type\":\"ImageObject\",\"@id\":\"https:\/\/saludyvidastore.com\/en\/product\/syntha-6-edge-proteina-vainilla-3-62-lbs\/#primaryimage\",\"inLanguage\":\"en-US\",\"url\":\"https:\/\/saludyvidastore.com\/wp-content\/uploads\/2018\/07\/1031.jpg\",\"contentUrl\":\"https:\/\/saludyvidastore.com\/wp-content\/uploads\/2018\/07\/1031.jpg\",\"width\":700,\"height\":700},{\"@type\":\"WebPage\",\"@id\":\"https:\/\/saludyvidastore.com\/en\/product\/syntha-6-edge-proteina-vainilla-3-62-lbs\/#webpage\",\"url\":\"https:\/\/saludyvidastore.com\/en\/product\/syntha-6-edge-proteina-vainilla-3-62-lbs\/\",\"name\":\"Syntha-6 EDGE Proteina Vainilla 3.62 lbs - Salud y Vida Store\",\"isPartOf\":{\"@id\":\"https:\/\/saludyvidastore.com\/#website\"},\"primaryImageOfPage\":{\"@id\":\"https:\/\/saludyvidastore.com\/en\/product\/syntha-6-edge-proteina-vainilla-3-62-lbs\/#primaryimage\"},\"datePublished\":\"2018-07-13T22:51:09+00:00\",\"dateModified\":\"2022-03-24T21:22:54+00:00\",\"breadcrumb\":{\"@id\":\"https:\/\/saludyvidastore.com\/en\/product\/syntha-6-edge-proteina-vainilla-3-62-lbs\/#breadcrumb\"},\"inLanguage\":\"en-US\",\"potentialAction\":[{\"@type\":\"ReadAction\",\"target\":[\"https:\/\/saludyvidastore.com\/en\/product\/syntha-6-edge-proteina-vainilla-3-62-lbs\/\"]}]},{\"@type\":\"BreadcrumbList\",\"@id\":\"https:\/\/saludyvidastore.com\/en\/product\/syntha-6-edge-proteina-vainilla-3-62-lbs\/#breadcrumb\",\"itemListElement\":[{\"@type\":\"ListItem\",\"position\":1,\"name\":\"Portada\",\"item\":\"https:\/\/saludyvidastore.com\/en\/\"},{\"@type\":\"ListItem\",\"position\":2,\"name\":\"Tienda\",\"item\":\"https:\/\/saludyvidastore.com\/tienda\/\"},{\"@type\":\"ListItem\",\"position\":3,\"name\":\"Syntha-6 EDGE Proteina Vainilla 3.62 lbs\"}]}]}<\/script>\n<!-- \/ Yoast SEO plugin. -->","yoast_head_json":{"title":"Syntha-6 EDGE Proteina Vainilla 3.62 lbs - Salud y Vida Store","robots":{"index":"index","follow":"follow","max-snippet":"max-snippet:-1","max-image-preview":"max-image-preview:large","max-video-preview":"max-video-preview:-1"},"canonical":"https:\/\/saludyvidastore.com\/en\/product\/syntha-6-edge-proteina-vainilla-3-62-lbs\/","og_locale":"en_US","og_type":"article","og_title":"Syntha-6 EDGE Proteina Vainilla 3.62 lbs - Salud y Vida Store","og_description":"Syntha-6 Edge Edge. Efectos principales:  Acelera la recuperaci\u00f3n despu\u00e9s del entrenamiento. Estimula la s\u00edntesis proteica, el desarrollo muscular y el anabolismo. Protege del catabolismo y mantiene la masa muscular.","og_url":"https:\/\/saludyvidastore.com\/en\/product\/syntha-6-edge-proteina-vainilla-3-62-lbs\/","og_site_name":"Salud y Vida Store","article_publisher":"https:\/\/www.facebook.com\/ArmoniaNaturalDietShop\/","article_modified_time":"2022-03-24T21:22:54+00:00","og_image":[{"width":700,"height":700,"url":"https:\/\/saludyvidastore.com\/wp-content\/uploads\/2018\/07\/1031.jpg","type":"image\/jpeg"}],"twitter_card":"summary_large_image","twitter_misc":{"Est. reading time":"2 minutes"},"schema":{"@context":"https:\/\/schema.org","@graph":[{"@type":"WebSite","@id":"https:\/\/saludyvidastore.com\/#website","url":"https:\/\/saludyvidastore.com\/","name":"Salud y Vida Store","description":"Otro sitio realizado con WordPress","potentialAction":[{"@type":"SearchAction","target":{"@type":"EntryPoint","urlTemplate":"https:\/\/saludyvidastore.com\/?s={search_term_string}"},"query-input":"required name=search_term_string"}],"inLanguage":"en-US"},{"@type":"ImageObject","@id":"https:\/\/saludyvidastore.com\/en\/product\/syntha-6-edge-proteina-vainilla-3-62-lbs\/#primaryimage","inLanguage":"en-US","url":"https:\/\/saludyvidastore.com\/wp-content\/uploads\/2018\/07\/1031.jpg","contentUrl":"https:\/\/saludyvidastore.com\/wp-content\/uploads\/2018\/07\/1031.jpg","width":700,"height":700},{"@type":"WebPage","@id":"https:\/\/saludyvidastore.com\/en\/product\/syntha-6-edge-proteina-vainilla-3-62-lbs\/#webpage","url":"https:\/\/saludyvidastore.com\/en\/product\/syntha-6-edge-proteina-vainilla-3-62-lbs\/","name":"Syntha-6 EDGE Proteina Vainilla 3.62 lbs - Salud y Vida Store","isPartOf":{"@id":"https:\/\/saludyvidastore.com\/#website"},"primaryImageOfPage":{"@id":"https:\/\/saludyvidastore.com\/en\/product\/syntha-6-edge-proteina-vainilla-3-62-lbs\/#primaryimage"},"datePublished":"2018-07-13T22:51:09+00:00","dateModified":"2022-03-24T21:22:54+00:00","breadcrumb":{"@id":"https:\/\/saludyvidastore.com\/en\/product\/syntha-6-edge-proteina-vainilla-3-62-lbs\/#breadcrumb"},"inLanguage":"en-US","potentialAction":[{"@type":"ReadAction","target":["https:\/\/saludyvidastore.com\/en\/product\/syntha-6-edge-proteina-vainilla-3-62-lbs\/"]}]},{"@type":"BreadcrumbList","@id":"https:\/\/saludyvidastore.com\/en\/product\/syntha-6-edge-proteina-vainilla-3-62-lbs\/#breadcrumb","itemListElement":[{"@type":"ListItem","position":1,"name":"Portada","item":"https:\/\/saludyvidastore.com\/en\/"},{"@type":"ListItem","position":2,"name":"Tienda","item":"https:\/\/saludyvidastore.com\/tienda\/"},{"@type":"ListItem","position":3,"name":"Syntha-6 EDGE Proteina Vainilla 3.62 lbs"}]}]}},"_links":{"self":[{"href":"https:\/\/saludyvidastore.com\/en\/wp-json\/wp\/v2\/product\/2529"}],"collection":[{"href":"https:\/\/saludyvidastore.com\/en\/wp-json\/wp\/v2\/product"}],"about":[{"href":"https:\/\/saludyvidastore.com\/en\/wp-json\/wp\/v2\/types\/product"}],"replies":[{"embeddable":true,"href":"https:\/\/saludyvidastore.com\/en\/wp-json\/wp\/v2\/comments?post=2529"}],"wp:featuredmedia":[{"embeddable":true,"href":"https:\/\/saludyvidastore.com\/en\/wp-json\/wp\/v2\/media\/2235"}],"wp:attachment":[{"href":"https:\/\/saludyvidastore.com\/en\/wp-json\/wp\/v2\/media?parent=2529"}],"wp:term":[{"taxonomy":"product_cat","embeddable":true,"href":"https:\/\/saludyvidastore.com\/en\/wp-json\/wp\/v2\/product_cat?post=2529"},{"taxonomy":"product_tag","embeddable":true,"href":"https:\/\/saludyvidastore.com\/en\/wp-json\/wp\/v2\/product_tag?post=2529"}],"curies":[{"name":"wp","href":"https:\/\/api.w.org\/{rel}","templated":true}]}}